{"id":9483,"date":"2017-01-13T11:23:10","date_gmt":"2017-01-13T10:23:10","guid":{"rendered":"https:\/\/www.electroluxprofessional.com\/?page_id=8264"},"modified":"2025-11-06T11:27:00","modified_gmt":"2025-11-06T11:27:00","slug":"accessories-consumables-cook-and-chill","status":"publish","type":"page","link":"https:\/\/www.electroluxprofessional.com\/cz\/accessories-consumables\/accessories-consumables-cook-and-chill\/","title":{"rendered":"P\u0159\u00edslu\u0161enstv\u00ed a spot\u0159ebn\u00ed materi\u00e1l &#8211; Cook and chill"},"content":{"rendered":"<p>[vc_row full_width=&#8221;electroluxpro-full-width-no-padding&#8221;][vc_column css=&#8221;.vc_custom_1618358802266{margin-top: -40px !important;border-top-width: -40px !important;padding-top: -40px !important;}&#8221;][elx_full_banner title=&#8221;P\u0159\u00edslu\u0161enstv\u00ed a spot\u0159ebn\u00ed materi\u00e1l Cook and Chill&#8221; set_as_h1=&#8221;true&#8221; background_image_media_library=&#8221;9482&#8243; background_image_media_library_mobile=&#8221;35065&#8243; link=&#8221;url:%23contact|title:Objevte%20v%C3%ADce&#8221;][vc_row_inner full_width=&#8221;electroluxpro-full-width&#8221; gap=&#8221;15&#8243;][vc_column_inner width=&#8221;1\/5&#8243;][elx_download_block text=&#8221;Katalog p\u0159\u00edslu\u0161enstv\u00ed pro ochranu, dezinfekci a \u010di\u0161t\u011bn\u00ed&#8221; document_type=&#8221;cat&#8221; file_picker=&#8221;24892&#8243; background_color=&#8221;electrolux-blue&#8221; background_hover_color=&#8221;lighter-hover&#8221; ca_document_number=&#8221;CAT10&#8243;][\/vc_column_inner][vc_column_inner width=&#8221;1\/5&#8243;][elx_download_block text=&#8221;Katalog n\u00e1hradn\u00edch d\u00edl\u016f&#8221; document_type=&#8221;cat&#8221; file_picker=&#8221;24892&#8243; background_color=&#8221;electrolux-blue&#8221; background_hover_color=&#8221;lighter-hover&#8221; ca_document_number=&#8221;CAT7&#8243;][\/vc_column_inner][vc_column_inner width=&#8221;1\/5&#8243;][elx_download_block text=&#8221;Katalog p\u0159\u00edslu\u0161enstv\u00ed a spot\u0159ebn\u00edho materi\u00e1lu&#8221; document_type=&#8221;cat&#8221; file_picker=&#8221;24892&#8243; background_color=&#8221;electrolux-blue&#8221; background_hover_color=&#8221;lighter-hover&#8221; ca_document_number=&#8221;CAT8&#8243;][\/vc_column_inner][vc_column_inner width=&#8221;1\/5&#8243;][elx_download_block text=&#8221;Katalog sad n\u00e1hradn\u00edch d\u00edl\u016f&#8221; document_type=&#8221;cat&#8221; file_picker=&#8221;24892&#8243; background_color=&#8221;electrolux-blue&#8221; background_hover_color=&#8221;lighter-hover&#8221; ca_document_number=&#8221;CAT9&#8243;][\/vc_column_inner][vc_column_inner width=&#8221;1\/5&#8243;][elx_download_block text=&#8221;Professional cleaning detergents Selection Guide&#8221; file_picker=&#8221;35121&#8243; background_color=&#8221;electrolux-blue&#8221;][\/vc_column_inner][\/vc_row_inner][\/vc_column][\/vc_row][vc_row][vc_column][elx_menu menu_name=&#8221;PAGE &#8211; Acessories menu&#8221;][\/vc_column][\/vc_row][vc_row][vc_column][vc_empty_space][vc_column_text]<\/p>\n<h3>Z\u00edskejte ty nejlep\u0161\u00ed v\u00fdsledky ze sv\u00e9ho air-o-syst\u00e9mu d\u00edky pou\u017eit\u00ed na\u0161eho origin\u00e1ln\u00edho p\u0159\u00edslu\u0161enstv\u00ed a spot\u0159ebn\u00edho materi\u00e1lu.<\/h3>\n<p>[\/vc_column_text][vc_empty_space][\/vc_column][\/vc_row][vc_row][vc_column width=&#8221;1\/3&#8243;][vc_single_image image=&#8221;806&#8243; img_size=&#8221;full&#8221; css_animation=&#8221;none&#8221;][vc_empty_space height=&#8221;40px&#8221;][elx_heading font_size=&#8221;h5&#8243; text_color=&#8221;inherit&#8221;]The volcano smoker[\/elx_heading][vc_column_text]The volcano smoker je dokonal\u00fdm dopl\u0148kem pro p\u0159\u00edpravu va\u0161ich recept\u016f s uzen\u00edm p\u0159\u00edmo v konvektomatu tradi\u010dn\u00edmi metodami s d\u0159ev\u011bn\u00fdmi \u0161t\u011bpky nebo su\u0161en\u00fdm ko\u0159en\u00edm.[\/vc_column_text][vc_empty_space][vc_empty_space][elx_download_block text=&#8221;Volcano smoker&#8221; file_picker=&#8221;9855&#8243; background_color=&#8221;cat-cook-and-chill&#8221;][\/vc_column][vc_column width=&#8221;1\/3&#8243;][vc_single_image image=&#8221;800&#8243; img_size=&#8221;full&#8221; css_animation=&#8221;none&#8221;][elx_heading font_size=&#8221;h5&#8243; text_color=&#8221;inherit&#8221;]Vakuov\u00e1 bali\u010dka[\/elx_heading][vc_column_text]P\u0159\u00edslu\u0161enstv\u00ed pro vakuov\u00e9 balen\u00ed je nepostradateln\u00e9 pro va\u0159en\u00ed sous-vide a je u\u017eite\u010dn\u00e9 pro skladov\u00e1n\u00ed potravin chr\u00e1n\u011bn\u00fdch p\u0159ed \u0161kodliv\u00fdmi \u00fa\u010dinky vlhkosti a vzduchu.[\/vc_column_text][vc_empty_space][vc_empty_space][elx_download_block text=&#8221;Vakuov\u00e1 bali\u010dka&#8221; file_picker=&#8221;9854&#8243; background_color=&#8221;cat-cook-and-chill&#8221;][\/vc_column][vc_column width=&#8221;1\/3&#8243;][vc_single_image image=&#8221;9478&#8243; img_size=&#8221;full&#8221; css_animation=&#8221;none&#8221;][elx_heading font_size=&#8221;h5&#8243; text_color=&#8221;inherit&#8221;]Sous vide sonda[\/elx_heading][vc_column_text]Sonda sous zaji\u0161\u0165uje p\u0159esn\u00e9 dosa\u017een\u00ed spr\u00e1vn\u00e9 teploty b\u011bhem va\u0159en\u00ed sous vide. Se speci\u00e1ln\u00ed diagon\u00e1ln\u00ed \u0159ezanou jehlou se m\u016f\u017eete vyhnout poru\u0161en\u00ed vakuov\u00e9ho t\u011bsn\u011bn\u00ed.[\/vc_column_text][vc_empty_space][vc_empty_space][elx_download_block text=&#8221;Sous vide<br \/>\nsonda&#8221; file_picker=&#8221;9856&#8243; background_color=&#8221;cat-cook-and-chill&#8221;][\/vc_column][\/vc_row][vc_row equal_height=&#8221;yes&#8221;][vc_column][vc_empty_space height=&#8221;60px&#8221;][\/vc_column][\/vc_row][vc_row][vc_column width=&#8221;1\/3&#8243;][vc_single_image image=&#8221;1777&#8243; img_size=&#8221;full&#8221; css_animation=&#8221;none&#8221;][elx_heading font_size=&#8221;h5&#8243; text_color=&#8221;inherit&#8221;]M\u0159\u00ed\u017eky a podnosy[\/elx_heading][vc_column_text]\u0160irok\u00e1 \u0161k\u00e1la varn\u00fdch \u0159e\u0161en\u00ed pro snadn\u00e9 roz\u0161\u00ed\u0159en\u00ed va\u0161eho menu pomoc\u00ed air-o-steam Touchline: od univerz\u00e1ln\u00edch p\u00e1nv\u00ed, p\u00e1nv\u00ed na sma\u017een\u00ed a mnoha dal\u0161\u00edch.[\/vc_column_text][vc_empty_space][vc_empty_space][elx_download_block text=&#8221;M\u0159\u00ed\u017eky a podnosy&#8221; file_picker=&#8221;9859&#8243; background_color=&#8221;cat-cook-and-chill&#8221;][\/vc_column][vc_column width=&#8221;1\/3&#8243;][vc_single_image image=&#8221;9479&#8243; img_size=&#8221;full&#8221; css_animation=&#8221;none&#8221;][elx_heading font_size=&#8221;h5&#8243; text_color=&#8221;inherit&#8221;]Ku\u0159ec\u00ed syst\u00e9m[\/elx_heading][vc_column_text]Zkombinujte vyhrazen\u00fd cyklus va\u0159en\u00ed pro k\u0159upav\u00e1 a \u0161\u0165avnat\u00e1 pe\u010den\u00e1 ku\u0159ata s vyhrazen\u00fdm p\u0159\u00edslu\u0161enstv\u00edm, kter\u00e9 zlep\u0161uje manipulaci a ergonomii.[\/vc_column_text][vc_empty_space][vc_empty_space][elx_download_block text=&#8221;Ku\u0159ec\u00ed syst\u00e9m&#8221; file_picker=&#8221;9860&#8243; background_color=&#8221;cat-cook-and-chill&#8221;][\/vc_column][vc_column width=&#8221;1\/3&#8243;][vc_single_image image=&#8221;9480&#8243; img_size=&#8221;full&#8221; css_animation=&#8221;none&#8221;][elx_heading font_size=&#8221;h5&#8243; text_color=&#8221;inherit&#8221;]Vy\u010dist\u011bte a opl\u00e1chn\u011bte[\/elx_heading][vc_column_text]Na\u0161e detergenty jsou v souladu s hygienick\u00fdmi a bezpe\u010dnostn\u00edmi normami a jsou vysoce \u00fa\u010dinn\u00e9 pro za\u0159\u00edzen\u00ed a v\u00fdkon produktu.[\/vc_column_text][vc_empty_space][vc_empty_space][elx_download_block text=&#8221;Myc\u00ed prost\u0159edek na trouby&#8221; file_picker=&#8221;9861&#8243; background_color=&#8221;cat-cook-and-chill&#8221;][\/vc_column][\/vc_row][vc_row full_width=&#8221;electroluxpro-full-width-no-padding&#8221;][vc_column][elx_image_block background_image=&#8221;9477&#8243; minimum_height=&#8221;400px&#8221;][\/vc_column][\/vc_row][vc_row][vc_column width=&#8221;1\/2&#8243;][vc_empty_space][elx_simple_link_block link=&#8221;url:https%3A%2F%2Fwww.electroluxprofessional.com%2Fcz%2Fcommercial-kitchen-equipment%2Fcook-and-chill%2F|title:cook%20and%20chill||&#8221; text_align=&#8221;text-left&#8221; text_color=&#8221;inherit&#8221; background_color=&#8221;inherit&#8221; background_hover_color=&#8221;darker-hover&#8221; extra_class=&#8221;&#8221; reveal_effect=&#8221;&#8221; reveal_duration=&#8221;&#8221; reveal_delay=&#8221;&#8221;][elx_heading text_color=&#8221;inherit&#8221; text_align=&#8221;text-left&#8221;]Integrovan\u00e9 \u0159e\u0161en\u00ed Cook and Chill[\/elx_heading][vc_column_text]Del\u0161\u00ed \u017eivotnost a \u0161pi\u010dkov\u00fd v\u00fdkon trouby Skyline pouze s bezfosf\u00e1tov\u00fdmi chemik\u00e1liemi Electrolux Professional. Z\u00edskejte jedine\u010dnou flexibilitu p\u0159i \u010di\u0161t\u011bn\u00ed se 2 r\u016fzn\u00fdmi chemick\u00fdmi mo\u017enostmi:<\/p>\n<ul>\n<li><strong>pevn\u00fd <\/strong>pro intenzivn\u00ed \u010di\u0161t\u011bn\u00ed<\/li>\n<li><strong>tekut\u00fd<\/strong>\u00a0nejflexibiln\u011bj\u0161\u00ed \u0159e\u0161en\u00ed<\/li>\n<\/ul>\n<p>Napl\u00e1nujte si proces \u010di\u0161t\u011bn\u00ed va\u0161\u00ed konvektomaty SkyLine p\u0159edem podle sv\u00fdch pot\u0159eb a ovl\u00e1dejte ji na d\u00e1lku. Programovateln\u00e9 \u010di\u0161t\u011bn\u00ed umo\u017e\u0148uje vybrat nejlep\u0161\u00ed \u010das pro zah\u00e1jen\u00ed \u010di\u0161t\u011bn\u00ed. Nucen\u00e9 \u010di\u0161t\u011bn\u00ed je \u010di\u0161t\u011bn\u00ed \u0159\u00edzen\u00e9 heslem, kter\u00e9 zaji\u0161\u0165uje, \u017ee pl\u00e1novan\u00e1 \u00fadr\u017eba bude v\u017edy provedena.<\/p>\n<p>*<em>A\u017e -15 % provozn\u00edch n\u00e1klad\u016f: \u00faspora energie, vody, myc\u00edho prost\u0159edku a oplachov\u00e9ho prost\u0159edku vypo\u010dten\u00e1 pomoc\u00ed funkce SkyClean oproti ekvivalentn\u00edmu \u010distic\u00edmu cyklu u p\u0159edchoz\u00ed \u0159ady profesion\u00e1ln\u00edch trub Electrolux.<\/em>[\/vc_column_text][\/elx_simple_link_block][elx_button button_text=&#8221;Objevte myc\u00ed prost\u0159edky SkyLine pro trouby&#8221; button_link=&#8221;url:https%3A%2F%2Fwww.electroluxprofessional.com%2Fcz%2Faccessories-consumables%2Fskyline-oven-detergents%2F|title:SkyLine%20Oven%20detergents&#8221;][\/vc_column][vc_column width=&#8221;1\/2&#8243;][vc_empty_space][vc_single_image image=&#8221;9481&#8243; img_size=&#8221;full&#8221;][\/vc_column][\/vc_row][vc_row el_id=&#8221;contact&#8221;][vc_column][vc_empty_space][elx_heading font_container=&#8221;h3&#8243; text_color=&#8221;inherit&#8221;]Zjist\u011bte, jak p\u0159izp\u016fsobit sv\u016fj syst\u00e9m cook and chill[\/elx_heading][elx_o2000_contact_us s=&#8221;Request of information about accessories and consumables for cook and chill&#8221; container=&#8221;elxcontactus1484302025&#8243; r=&#8221;Cht\u011bl bych se dozv\u011bd\u011bt v\u00edce o p\u0159\u00edslu\u0161enstv\u00ed a spot\u0159ebn\u00edm materi\u00e1lu pro cook and chill. Pros\u00edm, kontaktujte m\u011b.&#8221;][\/vc_column][\/vc_row]<\/p>\n","protected":false},"excerpt":{"rendered":"<p>[vc_row full_width=&#8221;electroluxpro-full-width-no-padding&#8221;][vc_column css=&#8221;.vc_custom_1618358802266{margin-top: -40px !important;border-top-width: -40px !important;padding-top: -40px !important;}&#8221;][elx_full_banner title=&#8221;P\u0159\u00edslu\u0161enstv\u00ed a spot\u0159ebn\u00ed materi\u00e1l Cook and Chill&#8221; set_as_h1=&#8221;true&#8221; background_image_media_library=&#8221;9482&#8243; background_image_media_library_mobile=&#8221;35065&#8243; link=&#8221;url:%23contact|title:Objevte%20v%C3%ADce&#8221;][vc_row_inner full_width=&#8221;electroluxpro-full-width&#8221; gap=&#8221;15&#8243;][vc_column_inner width=&#8221;1\/5&#8243;][elx_download_block text=&#8221;Katalog p\u0159\u00edslu\u0161enstv\u00ed pro ochranu, dezinfekci a \u010di\u0161t\u011bn\u00ed&#8221; document_type=&#8221;cat&#8221; file_picker=&#8221;24892&#8243; background_color=&#8221;electrolux-blue&#8221; background_hover_color=&#8221;lighter-hover&#8221; ca_document_number=&#8221;CAT10&#8243;][\/vc_column_inner][vc_column_inner width=&#8221;1\/5&#8243;][elx_download_block text=&#8221;Katalog n\u00e1hradn\u00edch d\u00edl\u016f&#8221; document_type=&#8221;cat&#8221; file_picker=&#8221;24892&#8243; background_color=&#8221;electrolux-blue&#8221; background_hover_color=&#8221;lighter-hover&#8221; ca_document_number=&#8221;CAT7&#8243;][\/vc_column_inner][vc_column_inner width=&#8221;1\/5&#8243;][elx_download_block text=&#8221;Katalog p\u0159\u00edslu\u0161enstv\u00ed a spot\u0159ebn\u00edho materi\u00e1lu&#8221; document_type=&#8221;cat&#8221; file_picker=&#8221;24892&#8243; background_color=&#8221;electrolux-blue&#8221; background_hover_color=&#8221;lighter-hover&#8221; ca_document_number=&#8221;CAT8&#8243;][\/vc_column_inner][vc_column_inner [&hellip;]<\/p>\n","protected":false},"author":39,"featured_media":0,"parent":1572,"menu_order":0,"comment_status":"closed","ping_status":"closed","template":"","meta":{"footnotes":""},"class_list":["post-9483","page","type-page","status-publish","hentry"],"acf":[],"yoast_head":"<!-- This site is optimized with the Yoast SEO plugin v23.3 - https:\/\/yoast.com\/wordpress\/plugins\/seo\/ -->\n<title>P\u0159\u00edslu\u0161enstv\u00ed a spot\u0159ebn\u00ed materi\u00e1l - Cook and chill - Electrolux Professional \u010cesk\u00e1 republika<\/title>\n<meta name=\"description\" content=\"Get the best results out of your air-o-system. Discover our accessories and consumables: grids, trays, vacuum packers, volcano smokers and more.\" \/>\n<meta name=\"robots\" content=\"index, follow, max-snippet:-1, max-image-preview:large, max-video-preview:-1\" \/>\n<link rel=\"canonical\" href=\"https:\/\/www.electroluxprofessional.com\/cz\/accessories-consumables\/accessories-consumables-cook-and-chill\/\" \/>\n<meta property=\"og:locale\" content=\"cs_CZ\" \/>\n<meta property=\"og:type\" content=\"article\" \/>\n<meta property=\"og:title\" content=\"P\u0159\u00edslu\u0161enstv\u00ed a spot\u0159ebn\u00ed materi\u00e1l - Cook and chill - Electrolux Professional \u010cesk\u00e1 republika\" \/>\n<meta property=\"og:description\" content=\"Get the best results out of your air-o-system. Discover our accessories and consumables: grids, trays, vacuum packers, volcano smokers and more.\" \/>\n<meta property=\"og:url\" content=\"https:\/\/www.electroluxprofessional.com\/cz\/accessories-consumables\/accessories-consumables-cook-and-chill\/\" \/>\n<meta property=\"og:site_name\" content=\"Electrolux Professional \u010cesk\u00e1 republika\" \/>\n<meta property=\"article:publisher\" content=\"https:\/\/www.facebook.com\/electroluxprofessional\" \/>\n<meta property=\"article:modified_time\" content=\"2025-11-06T11:27:00+00:00\" \/>\n<meta name=\"twitter:card\" content=\"summary_large_image\" \/>\n<meta name=\"twitter:site\" content=\"@ElectroluxPro\" \/>\n<meta name=\"twitter:label1\" content=\"Odhadovan\u00e1 doba \u010dten\u00ed\" \/>\n\t<meta name=\"twitter:data1\" content=\"3 minuty\" \/>\n<script type=\"application\/ld+json\" class=\"yoast-schema-graph\">{\"@context\":\"https:\/\/schema.org\",\"@graph\":[{\"@type\":\"WebPage\",\"@id\":\"https:\/\/www.electroluxprofessional.com\/cz\/accessories-consumables\/accessories-consumables-cook-and-chill\/\",\"url\":\"https:\/\/www.electroluxprofessional.com\/cz\/accessories-consumables\/accessories-consumables-cook-and-chill\/\",\"name\":\"P\u0159\u00edslu\u0161enstv\u00ed a spot\u0159ebn\u00ed materi\u00e1l - Cook and chill - Electrolux Professional \u010cesk\u00e1 republika\",\"isPartOf\":{\"@id\":\"https:\/\/www.electroluxprofessional.com\/cz\/#website\"},\"datePublished\":\"2017-01-13T10:23:10+00:00\",\"dateModified\":\"2025-11-06T11:27:00+00:00\",\"description\":\"Get the best results out of your air-o-system. Discover our accessories and consumables: grids, trays, vacuum packers, volcano smokers and more.\",\"breadcrumb\":{\"@id\":\"https:\/\/www.electroluxprofessional.com\/cz\/accessories-consumables\/accessories-consumables-cook-and-chill\/#breadcrumb\"},\"inLanguage\":\"cs\",\"potentialAction\":[{\"@type\":\"ReadAction\",\"target\":[\"https:\/\/www.electroluxprofessional.com\/cz\/accessories-consumables\/accessories-consumables-cook-and-chill\/\"]}]},{\"@type\":\"BreadcrumbList\",\"@id\":\"https:\/\/www.electroluxprofessional.com\/cz\/accessories-consumables\/accessories-consumables-cook-and-chill\/#breadcrumb\",\"itemListElement\":[{\"@type\":\"ListItem\",\"position\":1,\"name\":\"Home\",\"item\":\"https:\/\/www.electroluxprofessional.com\/cz\/\"},{\"@type\":\"ListItem\",\"position\":2,\"name\":\"P\u0159\u00edslu\u0161enstv\u00ed a spot\u0159ebn\u00ed materi\u00e1l\",\"item\":\"https:\/\/www.electroluxprofessional.com\/cz\/accessories-consumables\/\"},{\"@type\":\"ListItem\",\"position\":3,\"name\":\"P\u0159\u00edslu\u0161enstv\u00ed a spot\u0159ebn\u00ed materi\u00e1l &#8211; Cook and chill\"}]},{\"@type\":\"WebSite\",\"@id\":\"https:\/\/www.electroluxprofessional.com\/cz\/#website\",\"url\":\"https:\/\/www.electroluxprofessional.com\/cz\/\",\"name\":\"Electrolux Professional \u010cesk\u00e1 republika\",\"description\":\"\",\"potentialAction\":[{\"@type\":\"SearchAction\",\"target\":{\"@type\":\"EntryPoint\",\"urlTemplate\":\"https:\/\/www.electroluxprofessional.com\/cz\/?src={search_term_string}\"},\"query-input\":\"required name=search_term_string\"}],\"inLanguage\":\"cs\"}]}<\/script>\n<!-- \/ Yoast SEO plugin. -->","yoast_head_json":{"title":"P\u0159\u00edslu\u0161enstv\u00ed a spot\u0159ebn\u00ed materi\u00e1l - Cook and chill - Electrolux Professional \u010cesk\u00e1 republika","description":"Get the best results out of your air-o-system. Discover our accessories and consumables: grids, trays, vacuum packers, volcano smokers and more.","robots":{"index":"index","follow":"follow","max-snippet":"max-snippet:-1","max-image-preview":"max-image-preview:large","max-video-preview":"max-video-preview:-1"},"canonical":"https:\/\/www.electroluxprofessional.com\/cz\/accessories-consumables\/accessories-consumables-cook-and-chill\/","og_locale":"cs_CZ","og_type":"article","og_title":"P\u0159\u00edslu\u0161enstv\u00ed a spot\u0159ebn\u00ed materi\u00e1l - Cook and chill - Electrolux Professional \u010cesk\u00e1 republika","og_description":"Get the best results out of your air-o-system. Discover our accessories and consumables: grids, trays, vacuum packers, volcano smokers and more.","og_url":"https:\/\/www.electroluxprofessional.com\/cz\/accessories-consumables\/accessories-consumables-cook-and-chill\/","og_site_name":"Electrolux Professional \u010cesk\u00e1 republika","article_publisher":"https:\/\/www.facebook.com\/electroluxprofessional","article_modified_time":"2025-11-06T11:27:00+00:00","twitter_card":"summary_large_image","twitter_site":"@ElectroluxPro","twitter_misc":{"Odhadovan\u00e1 doba \u010dten\u00ed":"3 minuty"},"schema":{"@context":"https:\/\/schema.org","@graph":[{"@type":"WebPage","@id":"https:\/\/www.electroluxprofessional.com\/cz\/accessories-consumables\/accessories-consumables-cook-and-chill\/","url":"https:\/\/www.electroluxprofessional.com\/cz\/accessories-consumables\/accessories-consumables-cook-and-chill\/","name":"P\u0159\u00edslu\u0161enstv\u00ed a spot\u0159ebn\u00ed materi\u00e1l - Cook and chill - Electrolux Professional \u010cesk\u00e1 republika","isPartOf":{"@id":"https:\/\/www.electroluxprofessional.com\/cz\/#website"},"datePublished":"2017-01-13T10:23:10+00:00","dateModified":"2025-11-06T11:27:00+00:00","description":"Get the best results out of your air-o-system. Discover our accessories and consumables: grids, trays, vacuum packers, volcano smokers and more.","breadcrumb":{"@id":"https:\/\/www.electroluxprofessional.com\/cz\/accessories-consumables\/accessories-consumables-cook-and-chill\/#breadcrumb"},"inLanguage":"cs","potentialAction":[{"@type":"ReadAction","target":["https:\/\/www.electroluxprofessional.com\/cz\/accessories-consumables\/accessories-consumables-cook-and-chill\/"]}]},{"@type":"BreadcrumbList","@id":"https:\/\/www.electroluxprofessional.com\/cz\/accessories-consumables\/accessories-consumables-cook-and-chill\/#breadcrumb","itemListElement":[{"@type":"ListItem","position":1,"name":"Home","item":"https:\/\/www.electroluxprofessional.com\/cz\/"},{"@type":"ListItem","position":2,"name":"P\u0159\u00edslu\u0161enstv\u00ed a spot\u0159ebn\u00ed materi\u00e1l","item":"https:\/\/www.electroluxprofessional.com\/cz\/accessories-consumables\/"},{"@type":"ListItem","position":3,"name":"P\u0159\u00edslu\u0161enstv\u00ed a spot\u0159ebn\u00ed materi\u00e1l &#8211; Cook and chill"}]},{"@type":"WebSite","@id":"https:\/\/www.electroluxprofessional.com\/cz\/#website","url":"https:\/\/www.electroluxprofessional.com\/cz\/","name":"Electrolux Professional \u010cesk\u00e1 republika","description":"","potentialAction":[{"@type":"SearchAction","target":{"@type":"EntryPoint","urlTemplate":"https:\/\/www.electroluxprofessional.com\/cz\/?src={search_term_string}"},"query-input":"required name=search_term_string"}],"inLanguage":"cs"}]}},"_links":{"self":[{"href":"https:\/\/www.electroluxprofessional.com\/cz\/wp-json\/wp\/v2\/pages\/9483"}],"collection":[{"href":"https:\/\/www.electroluxprofessional.com\/cz\/wp-json\/wp\/v2\/pages"}],"about":[{"href":"https:\/\/www.electroluxprofessional.com\/cz\/wp-json\/wp\/v2\/types\/page"}],"author":[{"embeddable":true,"href":"https:\/\/www.electroluxprofessional.com\/cz\/wp-json\/wp\/v2\/users\/39"}],"replies":[{"embeddable":true,"href":"https:\/\/www.electroluxprofessional.com\/cz\/wp-json\/wp\/v2\/comments?post=9483"}],"version-history":[{"count":22,"href":"https:\/\/www.electroluxprofessional.com\/cz\/wp-json\/wp\/v2\/pages\/9483\/revisions"}],"predecessor-version":[{"id":14030,"href":"https:\/\/www.electroluxprofessional.com\/cz\/wp-json\/wp\/v2\/pages\/9483\/revisions\/14030"}],"up":[{"embeddable":true,"href":"https:\/\/www.electroluxprofessional.com\/cz\/wp-json\/wp\/v2\/pages\/1572"}],"wp:attachment":[{"href":"https:\/\/www.electroluxprofessional.com\/cz\/wp-json\/wp\/v2\/media?parent=9483"}],"curies":[{"name":"wp","href":"https:\/\/api.w.org\/{rel}","templated":true}]}}