{"id":9475,"date":"2017-01-13T12:32:53","date_gmt":"2017-01-13T11:32:53","guid":{"rendered":"https:\/\/www.electroluxprofessional.com\/?page_id=8312"},"modified":"2025-11-06T11:27:31","modified_gmt":"2025-11-06T11:27:31","slug":"refrigeration","status":"publish","type":"page","link":"https:\/\/www.electroluxprofessional.com\/cz\/accessories-consumables\/refrigeration\/","title":{"rendered":"P\u0159\u00edslu\u0161enstv\u00ed a spot\u0159ebn\u00ed materi\u00e1l &#8211; Chlazen\u00ed"},"content":{"rendered":"<p>[vc_row full_width=&#8221;electroluxpro-full-width-no-padding&#8221;][vc_column css=&#8221;.vc_custom_1618358802266{margin-top: -40px !important;border-top-width: -40px !important;padding-top: -40px !important;}&#8221;][elx_full_banner title=&#8221;P\u0159\u00edslu\u0161enstv\u00ed a spot\u0159ebn\u00ed materi\u00e1l pro chlazen\u00ed&#8221; set_as_h1=&#8221;true&#8221; background_image_media_library=&#8221;9472&#8243; background_image_media_library_mobile=&#8221;35109&#8243; link=&#8221;url:%23contact|title:Objevte%20v%C3%ADce&#8221;][vc_row_inner full_width=&#8221;electroluxpro-full-width&#8221; gap=&#8221;15&#8243;][vc_column_inner width=&#8221;1\/5&#8243;][elx_download_block text=&#8221;Katalog p\u0159\u00edslu\u0161enstv\u00ed pro ochranu, dezinfekci a \u00faklid&#8221; document_type=&#8221;cat&#8221; file_picker=&#8221;24892&#8243; background_color=&#8221;electrolux-blue&#8221; background_hover_color=&#8221;lighter-hover&#8221; ca_document_number=&#8221;CAT10&#8243;][\/vc_column_inner][vc_column_inner width=&#8221;1\/5&#8243;][elx_download_block text=&#8221;Katalog n\u00e1hradn\u00edch d\u00edl\u016f&#8221; document_type=&#8221;cat&#8221; file_picker=&#8221;24892&#8243; background_color=&#8221;electrolux-blue&#8221; background_hover_color=&#8221;lighter-hover&#8221; ca_document_number=&#8221;CAT7&#8243;][\/vc_column_inner][vc_column_inner width=&#8221;1\/5&#8243;][elx_download_block text=&#8221;Katalog p\u0159\u00edslu\u0161enstv\u00ed a spot\u0159ebn\u00edho materi\u00e1lu&#8221; document_type=&#8221;cat&#8221; file_picker=&#8221;24892&#8243; background_color=&#8221;electrolux-blue&#8221; background_hover_color=&#8221;lighter-hover&#8221; ca_document_number=&#8221;CAT8&#8243;][\/vc_column_inner][vc_column_inner width=&#8221;1\/5&#8243;][elx_download_block text=&#8221;Katalog sad n\u00e1hradn\u00edch d\u00edl\u016f&#8221; document_type=&#8221;cat&#8221; file_picker=&#8221;24892&#8243; background_color=&#8221;electrolux-blue&#8221; background_hover_color=&#8221;lighter-hover&#8221; ca_document_number=&#8221;CAT9&#8243;][\/vc_column_inner][vc_column_inner width=&#8221;1\/5&#8243;][elx_download_block text=&#8221;Professional cleaning detergents Selection Guide&#8221; file_picker=&#8221;35121&#8243; background_color=&#8221;electrolux-blue&#8221;][\/vc_column_inner][\/vc_row_inner][\/vc_column][\/vc_row][vc_row][vc_column][elx_menu menu_name=&#8221;PAGE &#8211; Acessories menu&#8221;][\/vc_column][\/vc_row][vc_row full_width=&#8221;electroluxpro-container-no-padding&#8221; css=&#8221;.vc_custom_1618362424015{background-position: center !important;background-repeat: no-repeat !important;background-size: cover !important;}&#8221;][vc_column width=&#8221;1\/2&#8243;][elx_heading font_size=&#8221;h5&#8243; text_color=&#8221;inherit&#8221;]T\u011bsn\u011bn\u00ed, m\u0159\u00ed\u017eky a dr\u00e1t\u011bn\u00e9 ko\u0161e[\/elx_heading][vc_column_text]Pro uchov\u00e1n\u00ed potravin je chladic\u00ed p\u0159\u00edslu\u0161enstv\u00ed nejcenn\u011bj\u0161\u00edm aktivem va\u0161\u00ed kuchyn\u011b. V\u00fdb\u011br spr\u00e1vn\u00e9ho p\u0159\u00edslu\u0161enstv\u00ed je z\u00e1rukou spr\u00e1vn\u00e9ho a efektivn\u00edho provozu.[\/vc_column_text][vc_empty_space][\/vc_column][vc_column width=&#8221;1\/2&#8243;][vc_row_inner][vc_column_inner][vc_single_image image=&#8221;805&#8243; img_size=&#8221;full&#8221; alignment=&#8221;center&#8221; css_animation=&#8221;none&#8221;][\/vc_column_inner][\/vc_row_inner][\/vc_column][\/vc_row][vc_row][vc_column][elx_double_banner text_colors_1=&#8221;text-blue&#8221; text_colors_2=&#8221;text-blue&#8221; title_1=&#8221;Chladic\u00ed pulty&#8221; title_2=&#8221;Chlad\u00edc\u00ed sk\u0159\u00edn\u011b&#8221; link_1=&#8221;url:https%3A%2F%2Fwww.electroluxprofessional.com%2Fcz%2Fcommercial-kitchen-equipment%2Frefrigerated-counters%2F|title:Objevit%20v%C3%ADce&#8221; background_image_media_library_1=&#8221;9473&#8243; background_image_media_library_mobile_1=&#8221;34923&#8243; link_2=&#8221;url:https%3A%2F%2Fwww.electroluxprofessional.com%2Fcz%2Fcommercial-kitchen-equipment%2Frefrigerated-cabinets%2F|title:Objevit%20v%C3%ADce&#8221; background_image_media_library_2=&#8221;9474&#8243; background_image_media_library_mobile_2=&#8221;34926&#8243;][vc_empty_space][vc_empty_space][\/vc_column][\/vc_row][vc_row el_id=&#8221;contact&#8221;][vc_column][elx_heading font_container=&#8221;h3&#8243; text_color=&#8221;inherit&#8221;]Zjist\u011bte, jak personalizovat sv\u00e9 chladic\u00ed za\u0159\u00edzen\u00ed[\/elx_heading][elx_o2000_contact_us s=&#8221;Request of information about accessories and consumables.&#8221; container=&#8221;elxcontactus1484306106&#8243; r=&#8221;I would like to find out more about accessories and consumables for refrigeration. Please get in touch with me.&#8221;][\/vc_column][\/vc_row]<\/p>\n","protected":false},"excerpt":{"rendered":"<p>[vc_row full_width=&#8221;electroluxpro-full-width-no-padding&#8221;][vc_column css=&#8221;.vc_custom_1618358802266{margin-top: -40px !important;border-top-width: -40px !important;padding-top: -40px !important;}&#8221;][elx_full_banner title=&#8221;P\u0159\u00edslu\u0161enstv\u00ed a spot\u0159ebn\u00ed materi\u00e1l pro chlazen\u00ed&#8221; set_as_h1=&#8221;true&#8221; background_image_media_library=&#8221;9472&#8243; background_image_media_library_mobile=&#8221;35109&#8243; link=&#8221;url:%23contact|title:Objevte%20v%C3%ADce&#8221;][vc_row_inner full_width=&#8221;electroluxpro-full-width&#8221; gap=&#8221;15&#8243;][vc_column_inner width=&#8221;1\/5&#8243;][elx_download_block text=&#8221;Katalog p\u0159\u00edslu\u0161enstv\u00ed pro ochranu, dezinfekci a \u00faklid&#8221; document_type=&#8221;cat&#8221; file_picker=&#8221;24892&#8243; background_color=&#8221;electrolux-blue&#8221; background_hover_color=&#8221;lighter-hover&#8221; ca_document_number=&#8221;CAT10&#8243;][\/vc_column_inner][vc_column_inner width=&#8221;1\/5&#8243;][elx_download_block text=&#8221;Katalog n\u00e1hradn\u00edch d\u00edl\u016f&#8221; document_type=&#8221;cat&#8221; file_picker=&#8221;24892&#8243; background_color=&#8221;electrolux-blue&#8221; background_hover_color=&#8221;lighter-hover&#8221; ca_document_number=&#8221;CAT7&#8243;][\/vc_column_inner][vc_column_inner width=&#8221;1\/5&#8243;][elx_download_block text=&#8221;Katalog p\u0159\u00edslu\u0161enstv\u00ed a spot\u0159ebn\u00edho materi\u00e1lu&#8221; document_type=&#8221;cat&#8221; file_picker=&#8221;24892&#8243; background_color=&#8221;electrolux-blue&#8221; background_hover_color=&#8221;lighter-hover&#8221; ca_document_number=&#8221;CAT8&#8243;][\/vc_column_inner][vc_column_inner width=&#8221;1\/5&#8243;][elx_download_block [&hellip;]<\/p>\n","protected":false},"author":39,"featured_media":1654,"parent":1572,"menu_order":0,"comment_status":"closed","ping_status":"closed","template":"","meta":{"footnotes":""},"class_list":["post-9475","page","type-page","status-publish","has-post-thumbnail","hentry"],"acf":[],"yoast_head":"<!-- This site is optimized with the Yoast SEO plugin v23.3 - https:\/\/yoast.com\/wordpress\/plugins\/seo\/ -->\n<title>P\u0159\u00edslu\u0161enstv\u00ed a spot\u0159ebn\u00ed materi\u00e1l - Chlazen\u00ed - Electrolux Professional \u010cesk\u00e1 republika<\/title>\n<meta name=\"description\" content=\"Pro uchov\u00e1n\u00ed potravin jsou dopl\u0148ky a spot\u0159ebn\u00ed materi\u00e1l t\u00edm nejcenn\u011bj\u0161\u00edm aktivem va\u0161\u00ed kuchyn\u011b. Vyberte si spr\u00e1vn\u00e9 p\u0159\u00edslu\u0161enstv\u00ed pro va\u0161e chladic\u00ed za\u0159\u00edzen\u00ed.\" \/>\n<meta name=\"robots\" content=\"index, follow, max-snippet:-1, max-image-preview:large, max-video-preview:-1\" \/>\n<link rel=\"canonical\" href=\"https:\/\/www.electroluxprofessional.com\/cz\/accessories-consumables\/refrigeration\/\" \/>\n<meta property=\"og:locale\" content=\"cs_CZ\" \/>\n<meta property=\"og:type\" content=\"article\" \/>\n<meta property=\"og:title\" content=\"P\u0159\u00edslu\u0161enstv\u00ed a spot\u0159ebn\u00ed materi\u00e1l - Chlazen\u00ed - Electrolux Professional \u010cesk\u00e1 republika\" \/>\n<meta property=\"og:description\" content=\"Pro uchov\u00e1n\u00ed potravin jsou dopl\u0148ky a spot\u0159ebn\u00ed materi\u00e1l t\u00edm nejcenn\u011bj\u0161\u00edm aktivem va\u0161\u00ed kuchyn\u011b. Vyberte si spr\u00e1vn\u00e9 p\u0159\u00edslu\u0161enstv\u00ed pro va\u0161e chladic\u00ed za\u0159\u00edzen\u00ed.\" \/>\n<meta property=\"og:url\" content=\"https:\/\/www.electroluxprofessional.com\/cz\/accessories-consumables\/refrigeration\/\" \/>\n<meta property=\"og:site_name\" content=\"Electrolux Professional \u010cesk\u00e1 republika\" \/>\n<meta property=\"article:publisher\" content=\"https:\/\/www.facebook.com\/electroluxprofessional\" \/>\n<meta property=\"article:modified_time\" content=\"2025-11-06T11:27:31+00:00\" \/>\n<meta property=\"og:image\" content=\"https:\/\/www.electroluxprofessional.com\/cz\/wp-content\/uploads\/2016\/05\/refrigeration-kitchen-preparation.jpg\" \/>\n\t<meta property=\"og:image:width\" content=\"995\" \/>\n\t<meta property=\"og:image:height\" content=\"666\" \/>\n\t<meta property=\"og:image:type\" content=\"image\/jpeg\" \/>\n<meta name=\"twitter:card\" content=\"summary_large_image\" \/>\n<meta name=\"twitter:site\" content=\"@ElectroluxPro\" \/>\n<meta name=\"twitter:label1\" content=\"Odhadovan\u00e1 doba \u010dten\u00ed\" \/>\n\t<meta name=\"twitter:data1\" content=\"2 minuty\" \/>\n<script type=\"application\/ld+json\" class=\"yoast-schema-graph\">{\"@context\":\"https:\/\/schema.org\",\"@graph\":[{\"@type\":\"WebPage\",\"@id\":\"https:\/\/www.electroluxprofessional.com\/cz\/accessories-consumables\/refrigeration\/\",\"url\":\"https:\/\/www.electroluxprofessional.com\/cz\/accessories-consumables\/refrigeration\/\",\"name\":\"P\u0159\u00edslu\u0161enstv\u00ed a spot\u0159ebn\u00ed materi\u00e1l - Chlazen\u00ed - Electrolux Professional \u010cesk\u00e1 republika\",\"isPartOf\":{\"@id\":\"https:\/\/www.electroluxprofessional.com\/cz\/#website\"},\"primaryImageOfPage\":{\"@id\":\"https:\/\/www.electroluxprofessional.com\/cz\/accessories-consumables\/refrigeration\/#primaryimage\"},\"image\":{\"@id\":\"https:\/\/www.electroluxprofessional.com\/cz\/accessories-consumables\/refrigeration\/#primaryimage\"},\"thumbnailUrl\":\"https:\/\/www.electroluxprofessional.com\/cz\/wp-content\/uploads\/2016\/05\/refrigeration-kitchen-preparation.jpg\",\"datePublished\":\"2017-01-13T11:32:53+00:00\",\"dateModified\":\"2025-11-06T11:27:31+00:00\",\"description\":\"Pro uchov\u00e1n\u00ed potravin jsou dopl\u0148ky a spot\u0159ebn\u00ed materi\u00e1l t\u00edm nejcenn\u011bj\u0161\u00edm aktivem va\u0161\u00ed kuchyn\u011b. Vyberte si spr\u00e1vn\u00e9 p\u0159\u00edslu\u0161enstv\u00ed pro va\u0161e chladic\u00ed za\u0159\u00edzen\u00ed.\",\"breadcrumb\":{\"@id\":\"https:\/\/www.electroluxprofessional.com\/cz\/accessories-consumables\/refrigeration\/#breadcrumb\"},\"inLanguage\":\"cs\",\"potentialAction\":[{\"@type\":\"ReadAction\",\"target\":[\"https:\/\/www.electroluxprofessional.com\/cz\/accessories-consumables\/refrigeration\/\"]}]},{\"@type\":\"ImageObject\",\"inLanguage\":\"cs\",\"@id\":\"https:\/\/www.electroluxprofessional.com\/cz\/accessories-consumables\/refrigeration\/#primaryimage\",\"url\":\"https:\/\/www.electroluxprofessional.com\/cz\/wp-content\/uploads\/2016\/05\/refrigeration-kitchen-preparation.jpg\",\"contentUrl\":\"https:\/\/www.electroluxprofessional.com\/cz\/wp-content\/uploads\/2016\/05\/refrigeration-kitchen-preparation.jpg\",\"width\":995,\"height\":666,\"caption\":\"refrigeration equipment in the kitchen\"},{\"@type\":\"BreadcrumbList\",\"@id\":\"https:\/\/www.electroluxprofessional.com\/cz\/accessories-consumables\/refrigeration\/#breadcrumb\",\"itemListElement\":[{\"@type\":\"ListItem\",\"position\":1,\"name\":\"Home\",\"item\":\"https:\/\/www.electroluxprofessional.com\/cz\/\"},{\"@type\":\"ListItem\",\"position\":2,\"name\":\"P\u0159\u00edslu\u0161enstv\u00ed a spot\u0159ebn\u00ed materi\u00e1l\",\"item\":\"https:\/\/www.electroluxprofessional.com\/cz\/accessories-consumables\/\"},{\"@type\":\"ListItem\",\"position\":3,\"name\":\"P\u0159\u00edslu\u0161enstv\u00ed a spot\u0159ebn\u00ed materi\u00e1l &#8211; Chlazen\u00ed\"}]},{\"@type\":\"WebSite\",\"@id\":\"https:\/\/www.electroluxprofessional.com\/cz\/#website\",\"url\":\"https:\/\/www.electroluxprofessional.com\/cz\/\",\"name\":\"Electrolux Professional \u010cesk\u00e1 republika\",\"description\":\"\",\"potentialAction\":[{\"@type\":\"SearchAction\",\"target\":{\"@type\":\"EntryPoint\",\"urlTemplate\":\"https:\/\/www.electroluxprofessional.com\/cz\/?src={search_term_string}\"},\"query-input\":\"required name=search_term_string\"}],\"inLanguage\":\"cs\"}]}<\/script>\n<!-- \/ Yoast SEO plugin. -->","yoast_head_json":{"title":"P\u0159\u00edslu\u0161enstv\u00ed a spot\u0159ebn\u00ed materi\u00e1l - Chlazen\u00ed - Electrolux Professional \u010cesk\u00e1 republika","description":"Pro uchov\u00e1n\u00ed potravin jsou dopl\u0148ky a spot\u0159ebn\u00ed materi\u00e1l t\u00edm nejcenn\u011bj\u0161\u00edm aktivem va\u0161\u00ed kuchyn\u011b. Vyberte si spr\u00e1vn\u00e9 p\u0159\u00edslu\u0161enstv\u00ed pro va\u0161e chladic\u00ed za\u0159\u00edzen\u00ed.","robots":{"index":"index","follow":"follow","max-snippet":"max-snippet:-1","max-image-preview":"max-image-preview:large","max-video-preview":"max-video-preview:-1"},"canonical":"https:\/\/www.electroluxprofessional.com\/cz\/accessories-consumables\/refrigeration\/","og_locale":"cs_CZ","og_type":"article","og_title":"P\u0159\u00edslu\u0161enstv\u00ed a spot\u0159ebn\u00ed materi\u00e1l - Chlazen\u00ed - Electrolux Professional \u010cesk\u00e1 republika","og_description":"Pro uchov\u00e1n\u00ed potravin jsou dopl\u0148ky a spot\u0159ebn\u00ed materi\u00e1l t\u00edm nejcenn\u011bj\u0161\u00edm aktivem va\u0161\u00ed kuchyn\u011b. Vyberte si spr\u00e1vn\u00e9 p\u0159\u00edslu\u0161enstv\u00ed pro va\u0161e chladic\u00ed za\u0159\u00edzen\u00ed.","og_url":"https:\/\/www.electroluxprofessional.com\/cz\/accessories-consumables\/refrigeration\/","og_site_name":"Electrolux Professional \u010cesk\u00e1 republika","article_publisher":"https:\/\/www.facebook.com\/electroluxprofessional","article_modified_time":"2025-11-06T11:27:31+00:00","og_image":[{"width":995,"height":666,"url":"https:\/\/www.electroluxprofessional.com\/cz\/wp-content\/uploads\/2016\/05\/refrigeration-kitchen-preparation.jpg","type":"image\/jpeg"}],"twitter_card":"summary_large_image","twitter_site":"@ElectroluxPro","twitter_misc":{"Odhadovan\u00e1 doba \u010dten\u00ed":"2 minuty"},"schema":{"@context":"https:\/\/schema.org","@graph":[{"@type":"WebPage","@id":"https:\/\/www.electroluxprofessional.com\/cz\/accessories-consumables\/refrigeration\/","url":"https:\/\/www.electroluxprofessional.com\/cz\/accessories-consumables\/refrigeration\/","name":"P\u0159\u00edslu\u0161enstv\u00ed a spot\u0159ebn\u00ed materi\u00e1l - Chlazen\u00ed - Electrolux Professional \u010cesk\u00e1 republika","isPartOf":{"@id":"https:\/\/www.electroluxprofessional.com\/cz\/#website"},"primaryImageOfPage":{"@id":"https:\/\/www.electroluxprofessional.com\/cz\/accessories-consumables\/refrigeration\/#primaryimage"},"image":{"@id":"https:\/\/www.electroluxprofessional.com\/cz\/accessories-consumables\/refrigeration\/#primaryimage"},"thumbnailUrl":"https:\/\/www.electroluxprofessional.com\/cz\/wp-content\/uploads\/2016\/05\/refrigeration-kitchen-preparation.jpg","datePublished":"2017-01-13T11:32:53+00:00","dateModified":"2025-11-06T11:27:31+00:00","description":"Pro uchov\u00e1n\u00ed potravin jsou dopl\u0148ky a spot\u0159ebn\u00ed materi\u00e1l t\u00edm nejcenn\u011bj\u0161\u00edm aktivem va\u0161\u00ed kuchyn\u011b. Vyberte si spr\u00e1vn\u00e9 p\u0159\u00edslu\u0161enstv\u00ed pro va\u0161e chladic\u00ed za\u0159\u00edzen\u00ed.","breadcrumb":{"@id":"https:\/\/www.electroluxprofessional.com\/cz\/accessories-consumables\/refrigeration\/#breadcrumb"},"inLanguage":"cs","potentialAction":[{"@type":"ReadAction","target":["https:\/\/www.electroluxprofessional.com\/cz\/accessories-consumables\/refrigeration\/"]}]},{"@type":"ImageObject","inLanguage":"cs","@id":"https:\/\/www.electroluxprofessional.com\/cz\/accessories-consumables\/refrigeration\/#primaryimage","url":"https:\/\/www.electroluxprofessional.com\/cz\/wp-content\/uploads\/2016\/05\/refrigeration-kitchen-preparation.jpg","contentUrl":"https:\/\/www.electroluxprofessional.com\/cz\/wp-content\/uploads\/2016\/05\/refrigeration-kitchen-preparation.jpg","width":995,"height":666,"caption":"refrigeration equipment in the kitchen"},{"@type":"BreadcrumbList","@id":"https:\/\/www.electroluxprofessional.com\/cz\/accessories-consumables\/refrigeration\/#breadcrumb","itemListElement":[{"@type":"ListItem","position":1,"name":"Home","item":"https:\/\/www.electroluxprofessional.com\/cz\/"},{"@type":"ListItem","position":2,"name":"P\u0159\u00edslu\u0161enstv\u00ed a spot\u0159ebn\u00ed materi\u00e1l","item":"https:\/\/www.electroluxprofessional.com\/cz\/accessories-consumables\/"},{"@type":"ListItem","position":3,"name":"P\u0159\u00edslu\u0161enstv\u00ed a spot\u0159ebn\u00ed materi\u00e1l &#8211; Chlazen\u00ed"}]},{"@type":"WebSite","@id":"https:\/\/www.electroluxprofessional.com\/cz\/#website","url":"https:\/\/www.electroluxprofessional.com\/cz\/","name":"Electrolux Professional \u010cesk\u00e1 republika","description":"","potentialAction":[{"@type":"SearchAction","target":{"@type":"EntryPoint","urlTemplate":"https:\/\/www.electroluxprofessional.com\/cz\/?src={search_term_string}"},"query-input":"required name=search_term_string"}],"inLanguage":"cs"}]}},"_links":{"self":[{"href":"https:\/\/www.electroluxprofessional.com\/cz\/wp-json\/wp\/v2\/pages\/9475"}],"collection":[{"href":"https:\/\/www.electroluxprofessional.com\/cz\/wp-json\/wp\/v2\/pages"}],"about":[{"href":"https:\/\/www.electroluxprofessional.com\/cz\/wp-json\/wp\/v2\/types\/page"}],"author":[{"embeddable":true,"href":"https:\/\/www.electroluxprofessional.com\/cz\/wp-json\/wp\/v2\/users\/39"}],"replies":[{"embeddable":true,"href":"https:\/\/www.electroluxprofessional.com\/cz\/wp-json\/wp\/v2\/comments?post=9475"}],"version-history":[{"count":12,"href":"https:\/\/www.electroluxprofessional.com\/cz\/wp-json\/wp\/v2\/pages\/9475\/revisions"}],"predecessor-version":[{"id":14033,"href":"https:\/\/www.electroluxprofessional.com\/cz\/wp-json\/wp\/v2\/pages\/9475\/revisions\/14033"}],"up":[{"embeddable":true,"href":"https:\/\/www.electroluxprofessional.com\/cz\/wp-json\/wp\/v2\/pages\/1572"}],"wp:featuredmedia":[{"embeddable":true,"href":"https:\/\/www.electroluxprofessional.com\/cz\/wp-json\/wp\/v2\/media\/1654"}],"wp:attachment":[{"href":"https:\/\/www.electroluxprofessional.com\/cz\/wp-json\/wp\/v2\/media?parent=9475"}],"curies":[{"name":"wp","href":"https:\/\/api.w.org\/{rel}","templated":true}]}}