{"id":9159,"date":"2021-01-28T04:18:16","date_gmt":"2021-01-28T02:18:16","guid":{"rendered":"https:\/\/www.electroluxprofessional.com\/?page_id=33927"},"modified":"2026-04-08T12:20:08","modified_gmt":"2026-04-08T12:20:08","slug":"rise-safe-laundry","status":"publish","type":"page","link":"https:\/\/www.electroluxprofessional.com\/cz\/commercial-laundry-equipment\/rise-safe-laundry\/","title":{"rendered":"rise-safe-laundry"},"content":{"rendered":"<p>[vc_row full_width=&#8221;electroluxpro-full-width-no-padding&#8221; equal_height=&#8221;yes&#8221; css=&#8221;.vc_custom_1604054607517{margin-top: -30px !important;border-top-width: -30px !important;padding-top: -30px !important;}&#8221;][vc_column][elx_full_banner title=&#8221;Shaping the safe* laundry&#8221; background_image_media_library=&#8221;9158&#8243; background_image_media_library_mobile=&#8221;33969&#8243; link=&#8221;url:%23contact|title:Contact%20us||&#8221;][\/vc_column][\/vc_row][vc_row][vc_column][vc_empty_space][elx_heading font_container=&#8221;h1&#8243; text_color=&#8221;electrolux-blue&#8221; text_align=&#8221;text-center&#8221;]Fighting against the invisible enemies[\/elx_heading][vc_empty_space][vc_column_text]<\/p>\n<p style=\"text-align: center;\">Recently we are facing unprecedented challenges as a result of the <strong>global health <\/strong><strong>situation<\/strong>. Today our priority is to provide you, your customers and your staff with the confidence that your well-being is safeguarded allowing you to operate your business in the best possible way at all times.<\/p>\n<p>[\/vc_column_text][vc_empty_space][\/vc_column][\/vc_row][vc_row full_width=&#8221;electroluxpro-full-width&#8221; css=&#8221;.vc_custom_1611845778413{background-color: #d8d8d8 !important;}&#8221;][vc_column width=&#8221;1\/5&#8243;][vc_empty_space][vc_single_image image=&#8221;7152&#8243; img_size=&#8221;medium&#8221;][vc_empty_space][\/vc_column][vc_column width=&#8221;2\/5&#8243;][vc_empty_space][vc_column_text]<\/p>\n<h2>Electrolux Professional partnered with Rise AB<\/h2>\n<p>[\/vc_column_text][vc_empty_space][vc_column_text]to identify and validate the most suitable protocol finalized at providing the<br \/>\ninactivation of pathogeninc microorganisms in textlies through the laundry process.[\/vc_column_text][vc_empty_space][elx_download_block text=&#8221;Download the RiSe leaflet&#8221; file_picker=&#8221;35281&#8243; background_color=&#8221;electrolux-blue&#8221;][\/vc_column][vc_column width=&#8221;2\/5&#8243;][vc_empty_space][vc_empty_space][vc_column_text]<\/p>\n<h2 style=\"text-align: center;\"><strong><img loading=\"lazy\" decoding=\"async\" class=\"alignnone wp-image-33962 \" src=\"https:\/\/www.electroluxprofessional.com\/cz\/wp-content\/uploads\/2021\/01\/cross.png\" alt=\"\" width=\"83\" height=\"78\" \/><\/strong><\/h2>\n<h2 style=\"text-align: center;\">Trustable hygiene<strong><br \/>\n<\/strong><\/h2>\n<p style=\"text-align: center;\">Assure that your linen is effectively disinfected<br \/>\nat every cycle for a safe result.<\/p>\n<p>[\/vc_column_text][vc_empty_space][\/vc_column][\/vc_row][vc_row][vc_column width=&#8221;1\/2&#8243;][vc_empty_space][vc_column_text]<\/p>\n<p style=\"text-align: left;\"><strong>RISE<\/strong> is Sweden\u2019s research institute and innovation partner. Through international collaboration programmes with industry, academia and the public sector.<\/p>\n<p style=\"text-align: left;\">It ensures the competitiveness of the Swedish business community on an international level and contribute to a sustainable society. 2,800 employees engage in and support all types of innovation processes.<\/p>\n<p>[\/vc_column_text][vc_empty_space][\/vc_column][vc_column width=&#8221;1\/2&#8243;][vc_empty_space][vc_column_text]<\/p>\n<p style=\"text-align: left;\"><strong>RISE<\/strong> is an independent, State-owned research institute, which offers unique expertise and over 100 testbeds and demonstration environments for future-proof technologies, products and services.<\/p>\n<p style=\"text-align: left;\">It is a long term partner of Electrolux Professional in the development and validation of ad hoc solutions for the laundry market.<\/p>\n<p>[\/vc_column_text][vc_empty_space][\/vc_column][\/vc_row][vc_row full_width=&#8221;electroluxpro-full-width-no-padding&#8221;][vc_column][elx_hero_slider label_text_color=&#8221;inherit&#8221; images=&#8221;9075&#8243;][elx_heading text_color=&#8221;inherit&#8221;]Line 6000 range is powered by the Electrolux Professional Global Hygiene Advanced program package[\/elx_heading][vc_column_text]to assure log 6* inactivation of SARS-CoV-2 virus through the combination of washing and drying, or washing and ironing cycles.<br \/>\nThanks to the Electrolux Professional Global Hygiene Advanced programs you can deliver clean and disinfected linen in every laundry installation.[\/vc_column_text][\/elx_hero_slider][\/vc_column][\/vc_row][vc_row css=&#8221;.vc_custom_1611801765238{background-color: #e2e2e2 !important;}&#8221;][vc_column][vc_empty_space][elx_heading text_color=&#8221;electrolux-blue&#8221; text_align=&#8221;text-center&#8221;]Ultimate peace of mind in your laundry installation[\/elx_heading][vc_empty_space][vc_column_text]<\/p>\n<p style=\"text-align: center;\">Today the demand for disinfected linen is paramount in every laundry environment, being it a commercial laundry, a multihousing, a hotel, or a hospital. By choosing Electrolux Professional you can rely on a complete process which includes machines, programs, detergents and traceability systems to assure the highest possible disinfection results on all linen and textiles<\/p>\n<p>[\/vc_column_text][vc_empty_space][\/vc_column][\/vc_row][vc_row full_width=&#8221;electroluxpro-container-no-padding&#8221; css=&#8221;.vc_custom_1611802906384{padding-right: 50px !important;}&#8221;][vc_column width=&#8221;1\/4&#8243;][vc_empty_space][elx_heading text_color=&#8221;inherit&#8221;]A full range of solutions at your service[\/elx_heading][vc_empty_space][vc_column_text]<strong>Imagine to be able to <\/strong><strong>provide the comfort of <\/strong><strong>pristine linen and the <\/strong><strong>serenity of a proven <\/strong><strong>substantial pathogens\u2019 <\/strong><strong>inactivation.<\/strong>[\/vc_column_text][vc_empty_space][\/vc_column][vc_column width=&#8221;3\/4&#8243;][vc_empty_space][vc_column_text]<strong>Line 6000 washers, dryers and ironers through the Electrolux Professional Global Hygiene Advanced programs<\/strong> and hygiene process protocols provide you with all you need to manage your laundry without concerns.<\/p>\n<p>Extensive tests performed in our R&amp;D labs and thorough scientific<br \/>\nevidence from RISE analyses, led us to a precise fine-tuning of every parameter, not only temperature and time, but also water level and load.<\/p>\n<p>This is how we can offer you <strong>proven hygiene in results tested, tailored and validated solutions delivered from factory as Plug&amp;Play<\/strong> from day 1. Specific textiles not withstanding the specifics of current programs will be evaluated separately.[\/vc_column_text][vc_empty_space][\/vc_column][\/vc_row][vc_row full_width=&#8221;electroluxpro-full-width-no-padding&#8221;][vc_column][elx_hero_slider text_position=&#8221;hero_slider_text_align_right&#8221; label_text_color=&#8221;inherit&#8221; images=&#8221;9157&#8243;][elx_heading text_color=&#8221;inherit&#8221;]* log 6 reduction equals to 99,9999% viral infectivity reduction.[\/elx_heading][vc_column_text]The efficacy of reduction of <strong>SARS-CoV-2<\/strong> virus on textiles processed with Line 6000 equipment is endorsed by RISE (The Research Institute of Sweden) on the basis of Electrolux Professional laboratory data.[\/vc_column_text][\/elx_hero_slider][\/vc_column][\/vc_row][vc_row el_id=&#8221;contact&#8221;][vc_column][vc_empty_space][elx_heading font_container=&#8221;h3&#8243; text_color=&#8221;electrolux-blue&#8221; text_align=&#8221;text-center&#8221;]Discover more. Get in touch with our experts[\/elx_heading][elx_o2000_contact_us s=&#8221;Request of information about multi-housing laundry&#8221; b=&#8221;laundry&#8221; container=&#8221;elxcontactus1482242857&#8243; r=&#8221;I would like to find out more about multi-housing laundry&#8221; l=&#8221;en&#8221;][\/vc_column][\/vc_row]<\/p>\n","protected":false},"excerpt":{"rendered":"<p>[vc_row full_width=&#8221;electroluxpro-full-width-no-padding&#8221; equal_height=&#8221;yes&#8221; css=&#8221;.vc_custom_1604054607517{margin-top: -30px !important;border-top-width: -30px !important;padding-top: -30px !important;}&#8221;][vc_column][elx_full_banner title=&#8221;Shaping the safe* laundry&#8221; background_image_media_library=&#8221;9158&#8243; background_image_media_library_mobile=&#8221;33969&#8243; link=&#8221;url:%23contact|title:Contact%20us||&#8221;][\/vc_column][\/vc_row][vc_row][vc_column][vc_empty_space][elx_heading font_container=&#8221;h1&#8243; text_color=&#8221;electrolux-blue&#8221; text_align=&#8221;text-center&#8221;]Fighting against the invisible enemies[\/elx_heading][vc_empty_space][vc_column_text] Recently we are facing unprecedented challenges as a result of the global health situation. Today our priority is to provide you, your customers and your staff with the confidence that your [&hellip;]<\/p>\n","protected":false},"author":39,"featured_media":9156,"parent":2467,"menu_order":0,"comment_status":"closed","ping_status":"closed","template":"","meta":{"footnotes":""},"class_list":["post-9159","page","type-page","status-publish","has-post-thumbnail","hentry"],"acf":[],"yoast_head":"<!-- This site is optimized with the Yoast SEO plugin v23.3 - https:\/\/yoast.com\/wordpress\/plugins\/seo\/ -->\n<title>rise-safe-laundry - Electrolux Professional \u010cesk\u00e1 republika<\/title>\n<meta name=\"description\" content=\"Today our priority is to provide you, your customers and your staff with theconfidence that your well-being is safeguarded allowing you to operate your businessin the best possible way at all times.\" \/>\n<meta name=\"robots\" content=\"index, follow, max-snippet:-1, max-image-preview:large, max-video-preview:-1\" \/>\n<link rel=\"canonical\" href=\"https:\/\/www.electroluxprofessional.com\/cz\/commercial-laundry-equipment\/rise-safe-laundry\/\" \/>\n<meta property=\"og:locale\" content=\"cs_CZ\" \/>\n<meta property=\"og:type\" content=\"article\" \/>\n<meta property=\"og:title\" content=\"rise-safe-laundry - Electrolux Professional \u010cesk\u00e1 republika\" \/>\n<meta property=\"og:description\" content=\"Today our priority is to provide you, your customers and your staff with theconfidence that your well-being is safeguarded allowing you to operate your businessin the best possible way at all times.\" \/>\n<meta property=\"og:url\" content=\"https:\/\/www.electroluxprofessional.com\/cz\/commercial-laundry-equipment\/rise-safe-laundry\/\" \/>\n<meta property=\"og:site_name\" content=\"Electrolux Professional \u010cesk\u00e1 republika\" \/>\n<meta property=\"article:publisher\" content=\"https:\/\/www.facebook.com\/electroluxprofessional\" \/>\n<meta property=\"article:modified_time\" content=\"2026-04-08T12:20:08+00:00\" \/>\n<meta name=\"twitter:card\" content=\"summary_large_image\" \/>\n<meta name=\"twitter:image\" content=\"https:\/\/www.electroluxprofessional.com\/cz\/wp-content\/uploads\/2021\/02\/rise.jpg\" \/>\n<meta name=\"twitter:site\" content=\"@ElectroluxPro\" \/>\n<meta name=\"twitter:label1\" content=\"Odhadovan\u00e1 doba \u010dten\u00ed\" \/>\n\t<meta name=\"twitter:data1\" content=\"5 minut\" \/>\n<script type=\"application\/ld+json\" class=\"yoast-schema-graph\">{\"@context\":\"https:\/\/schema.org\",\"@graph\":[{\"@type\":\"WebPage\",\"@id\":\"https:\/\/www.electroluxprofessional.com\/cz\/commercial-laundry-equipment\/rise-safe-laundry\/\",\"url\":\"https:\/\/www.electroluxprofessional.com\/cz\/commercial-laundry-equipment\/rise-safe-laundry\/\",\"name\":\"rise-safe-laundry - Electrolux Professional \u010cesk\u00e1 republika\",\"isPartOf\":{\"@id\":\"https:\/\/www.electroluxprofessional.com\/cz\/#website\"},\"primaryImageOfPage\":{\"@id\":\"https:\/\/www.electroluxprofessional.com\/cz\/commercial-laundry-equipment\/rise-safe-laundry\/#primaryimage\"},\"image\":{\"@id\":\"https:\/\/www.electroluxprofessional.com\/cz\/commercial-laundry-equipment\/rise-safe-laundry\/#primaryimage\"},\"thumbnailUrl\":\"https:\/\/www.electroluxprofessional.com\/cz\/wp-content\/uploads\/2021\/02\/rise.jpg\",\"datePublished\":\"2021-01-28T02:18:16+00:00\",\"dateModified\":\"2026-04-08T12:20:08+00:00\",\"description\":\"Today our priority is to provide you, your customers and your staff with theconfidence that your well-being is safeguarded allowing you to operate your businessin the best possible way at all times.\",\"breadcrumb\":{\"@id\":\"https:\/\/www.electroluxprofessional.com\/cz\/commercial-laundry-equipment\/rise-safe-laundry\/#breadcrumb\"},\"inLanguage\":\"cs\",\"potentialAction\":[{\"@type\":\"ReadAction\",\"target\":[\"https:\/\/www.electroluxprofessional.com\/cz\/commercial-laundry-equipment\/rise-safe-laundry\/\"]}]},{\"@type\":\"ImageObject\",\"inLanguage\":\"cs\",\"@id\":\"https:\/\/www.electroluxprofessional.com\/cz\/commercial-laundry-equipment\/rise-safe-laundry\/#primaryimage\",\"url\":\"https:\/\/www.electroluxprofessional.com\/cz\/wp-content\/uploads\/2021\/02\/rise.jpg\",\"contentUrl\":\"https:\/\/www.electroluxprofessional.com\/cz\/wp-content\/uploads\/2021\/02\/rise.jpg\",\"width\":200,\"height\":200,\"caption\":\"rise\"},{\"@type\":\"BreadcrumbList\",\"@id\":\"https:\/\/www.electroluxprofessional.com\/cz\/commercial-laundry-equipment\/rise-safe-laundry\/#breadcrumb\",\"itemListElement\":[{\"@type\":\"ListItem\",\"position\":1,\"name\":\"Home\",\"item\":\"https:\/\/www.electroluxprofessional.com\/cz\/\"},{\"@type\":\"ListItem\",\"position\":2,\"name\":\"Profesion\u00e1ln\u00ed pr\u00e1delny\",\"item\":\"https:\/\/www.electroluxprofessional.com\/cz\/commercial-laundry-equipment\/\"},{\"@type\":\"ListItem\",\"position\":3,\"name\":\"rise-safe-laundry\"}]},{\"@type\":\"WebSite\",\"@id\":\"https:\/\/www.electroluxprofessional.com\/cz\/#website\",\"url\":\"https:\/\/www.electroluxprofessional.com\/cz\/\",\"name\":\"Electrolux Professional \u010cesk\u00e1 republika\",\"description\":\"\",\"potentialAction\":[{\"@type\":\"SearchAction\",\"target\":{\"@type\":\"EntryPoint\",\"urlTemplate\":\"https:\/\/www.electroluxprofessional.com\/cz\/?src={search_term_string}\"},\"query-input\":\"required name=search_term_string\"}],\"inLanguage\":\"cs\"}]}<\/script>\n<!-- \/ Yoast SEO plugin. -->","yoast_head_json":{"title":"rise-safe-laundry - Electrolux Professional \u010cesk\u00e1 republika","description":"Today our priority is to provide you, your customers and your staff with theconfidence that your well-being is safeguarded allowing you to operate your businessin the best possible way at all times.","robots":{"index":"index","follow":"follow","max-snippet":"max-snippet:-1","max-image-preview":"max-image-preview:large","max-video-preview":"max-video-preview:-1"},"canonical":"https:\/\/www.electroluxprofessional.com\/cz\/commercial-laundry-equipment\/rise-safe-laundry\/","og_locale":"cs_CZ","og_type":"article","og_title":"rise-safe-laundry - Electrolux Professional \u010cesk\u00e1 republika","og_description":"Today our priority is to provide you, your customers and your staff with theconfidence that your well-being is safeguarded allowing you to operate your businessin the best possible way at all times.","og_url":"https:\/\/www.electroluxprofessional.com\/cz\/commercial-laundry-equipment\/rise-safe-laundry\/","og_site_name":"Electrolux Professional \u010cesk\u00e1 republika","article_publisher":"https:\/\/www.facebook.com\/electroluxprofessional","article_modified_time":"2026-04-08T12:20:08+00:00","twitter_card":"summary_large_image","twitter_image":"https:\/\/www.electroluxprofessional.com\/cz\/wp-content\/uploads\/2021\/02\/rise.jpg","twitter_site":"@ElectroluxPro","twitter_misc":{"Odhadovan\u00e1 doba \u010dten\u00ed":"5 minut"},"schema":{"@context":"https:\/\/schema.org","@graph":[{"@type":"WebPage","@id":"https:\/\/www.electroluxprofessional.com\/cz\/commercial-laundry-equipment\/rise-safe-laundry\/","url":"https:\/\/www.electroluxprofessional.com\/cz\/commercial-laundry-equipment\/rise-safe-laundry\/","name":"rise-safe-laundry - Electrolux Professional \u010cesk\u00e1 republika","isPartOf":{"@id":"https:\/\/www.electroluxprofessional.com\/cz\/#website"},"primaryImageOfPage":{"@id":"https:\/\/www.electroluxprofessional.com\/cz\/commercial-laundry-equipment\/rise-safe-laundry\/#primaryimage"},"image":{"@id":"https:\/\/www.electroluxprofessional.com\/cz\/commercial-laundry-equipment\/rise-safe-laundry\/#primaryimage"},"thumbnailUrl":"https:\/\/www.electroluxprofessional.com\/cz\/wp-content\/uploads\/2021\/02\/rise.jpg","datePublished":"2021-01-28T02:18:16+00:00","dateModified":"2026-04-08T12:20:08+00:00","description":"Today our priority is to provide you, your customers and your staff with theconfidence that your well-being is safeguarded allowing you to operate your businessin the best possible way at all times.","breadcrumb":{"@id":"https:\/\/www.electroluxprofessional.com\/cz\/commercial-laundry-equipment\/rise-safe-laundry\/#breadcrumb"},"inLanguage":"cs","potentialAction":[{"@type":"ReadAction","target":["https:\/\/www.electroluxprofessional.com\/cz\/commercial-laundry-equipment\/rise-safe-laundry\/"]}]},{"@type":"ImageObject","inLanguage":"cs","@id":"https:\/\/www.electroluxprofessional.com\/cz\/commercial-laundry-equipment\/rise-safe-laundry\/#primaryimage","url":"https:\/\/www.electroluxprofessional.com\/cz\/wp-content\/uploads\/2021\/02\/rise.jpg","contentUrl":"https:\/\/www.electroluxprofessional.com\/cz\/wp-content\/uploads\/2021\/02\/rise.jpg","width":200,"height":200,"caption":"rise"},{"@type":"BreadcrumbList","@id":"https:\/\/www.electroluxprofessional.com\/cz\/commercial-laundry-equipment\/rise-safe-laundry\/#breadcrumb","itemListElement":[{"@type":"ListItem","position":1,"name":"Home","item":"https:\/\/www.electroluxprofessional.com\/cz\/"},{"@type":"ListItem","position":2,"name":"Profesion\u00e1ln\u00ed pr\u00e1delny","item":"https:\/\/www.electroluxprofessional.com\/cz\/commercial-laundry-equipment\/"},{"@type":"ListItem","position":3,"name":"rise-safe-laundry"}]},{"@type":"WebSite","@id":"https:\/\/www.electroluxprofessional.com\/cz\/#website","url":"https:\/\/www.electroluxprofessional.com\/cz\/","name":"Electrolux Professional \u010cesk\u00e1 republika","description":"","potentialAction":[{"@type":"SearchAction","target":{"@type":"EntryPoint","urlTemplate":"https:\/\/www.electroluxprofessional.com\/cz\/?src={search_term_string}"},"query-input":"required name=search_term_string"}],"inLanguage":"cs"}]}},"_links":{"self":[{"href":"https:\/\/www.electroluxprofessional.com\/cz\/wp-json\/wp\/v2\/pages\/9159"}],"collection":[{"href":"https:\/\/www.electroluxprofessional.com\/cz\/wp-json\/wp\/v2\/pages"}],"about":[{"href":"https:\/\/www.electroluxprofessional.com\/cz\/wp-json\/wp\/v2\/types\/page"}],"author":[{"embeddable":true,"href":"https:\/\/www.electroluxprofessional.com\/cz\/wp-json\/wp\/v2\/users\/39"}],"replies":[{"embeddable":true,"href":"https:\/\/www.electroluxprofessional.com\/cz\/wp-json\/wp\/v2\/comments?post=9159"}],"version-history":[{"count":3,"href":"https:\/\/www.electroluxprofessional.com\/cz\/wp-json\/wp\/v2\/pages\/9159\/revisions"}],"predecessor-version":[{"id":15222,"href":"https:\/\/www.electroluxprofessional.com\/cz\/wp-json\/wp\/v2\/pages\/9159\/revisions\/15222"}],"up":[{"embeddable":true,"href":"https:\/\/www.electroluxprofessional.com\/cz\/wp-json\/wp\/v2\/pages\/2467"}],"wp:featuredmedia":[{"embeddable":true,"href":"https:\/\/www.electroluxprofessional.com\/cz\/wp-json\/wp\/v2\/media\/9156"}],"wp:attachment":[{"href":"https:\/\/www.electroluxprofessional.com\/cz\/wp-json\/wp\/v2\/media?parent=9159"}],"curies":[{"name":"wp","href":"https:\/\/api.w.org\/{rel}","templated":true}]}}