{"id":9058,"date":"2017-01-13T14:47:56","date_gmt":"2017-01-13T13:47:56","guid":{"rendered":"https:\/\/www.electroluxprofessional.com\/?page_id=8339"},"modified":"2025-11-06T11:27:19","modified_gmt":"2025-11-06T11:27:19","slug":"speedelight","status":"publish","type":"page","link":"https:\/\/www.electroluxprofessional.com\/cz\/accessories-consumables\/speedelight\/","title":{"rendered":"P\u0159\u00edslu\u0161enstv\u00ed a spot\u0159ebn\u00ed materi\u00e1l &#8211; SpeeDelight"},"content":{"rendered":"<p>[vc_row full_width=&#8221;electroluxpro-full-width-no-padding&#8221;][vc_column css=&#8221;.vc_custom_1618358802266{margin-top: -40px !important;border-top-width: -40px !important;padding-top: -40px !important;}&#8221;][elx_full_banner title=&#8221;P\u0159\u00edslu\u0161enstv\u00ed a spot\u0159ebn\u00ed materi\u00e1l &#8211; SpeeDelight&#8221; set_as_h1=&#8221;true&#8221; background_image_media_library=&#8221;9057&#8243; background_image_media_library_mobile=&#8221;35069&#8243; link=&#8221;url:%23contact|title:Zjist%C4%9Bte%20v%C3%ADce||&#8221;][vc_row_inner full_width=&#8221;electroluxpro-full-width&#8221; gap=&#8221;15&#8243;][vc_column_inner width=&#8221;1\/5&#8243;][elx_download_block text=&#8221;Katalog p\u0159\u00edslu\u0161enstv\u00ed pro ochranu, dezinfekci a \u010di\u0161t\u011bn\u00ed&#8221; document_type=&#8221;cat&#8221; file_picker=&#8221;24892&#8243; background_color=&#8221;electrolux-blue&#8221; background_hover_color=&#8221;lighter-hover&#8221; ca_document_number=&#8221;CAT10&#8243;][\/vc_column_inner][vc_column_inner width=&#8221;1\/5&#8243;][elx_download_block text=&#8221;Katalog n\u00e1hradn\u00edch d\u00edl\u016f&#8221; document_type=&#8221;cat&#8221; file_picker=&#8221;24892&#8243; background_color=&#8221;electrolux-blue&#8221; background_hover_color=&#8221;lighter-hover&#8221; ca_document_number=&#8221;CAT7&#8243;][\/vc_column_inner][vc_column_inner width=&#8221;1\/5&#8243;][elx_download_block text=&#8221;Katalog p\u0159\u00edslu\u0161enstv\u00ed a spot\u0159ebn\u00edho materi\u00e1lu&#8221; document_type=&#8221;cat&#8221; file_picker=&#8221;24892&#8243; background_color=&#8221;electrolux-blue&#8221; background_hover_color=&#8221;lighter-hover&#8221; ca_document_number=&#8221;CAT8&#8243;][\/vc_column_inner][vc_column_inner width=&#8221;1\/5&#8243;][elx_download_block text=&#8221;Katalog sad n\u00e1hradn\u00edch d\u00edl\u016f&#8221; document_type=&#8221;cat&#8221; file_picker=&#8221;24892&#8243; background_color=&#8221;electrolux-blue&#8221; background_hover_color=&#8221;lighter-hover&#8221; ca_document_number=&#8221;CAT9&#8243;][\/vc_column_inner][vc_column_inner width=&#8221;1\/5&#8243;][elx_download_block text=&#8221;Pr\u016fvodce v\u00fdb\u011brem profesion\u00e1ln\u00edch \u010distic\u00edch prost\u0159edk\u016f&#8221; file_picker=&#8221;35121&#8243; background_color=&#8221;electrolux-blue&#8221;][\/vc_column_inner][\/vc_row_inner][\/vc_column][\/vc_row][vc_row][vc_column][elx_menu menu_name=&#8221;PAGE &#8211; Acessories menu&#8221;][vc_column_text]<\/p>\n<p style=\"text-align: center;\">SpeeDelight v\u00e1m d\u00e1v\u00e1 svobodu kombinovat rychlost, kvalitu a kreativitu. Pouze se spr\u00e1vn\u00fdm p\u0159\u00edslu\u0161enstv\u00edm a spot\u0159ebn\u00edm materi\u00e1lem m\u016f\u017eete udr\u017eet v\u00e1\u0161 SpeeDelight ve \u0161pi\u010dkov\u00e9 form\u011b.<\/p>\n<p>[\/vc_column_text][vc_empty_space][\/vc_column][\/vc_row][vc_row css=&#8221;.vc_custom_1618562888550{background-position: center !important;background-repeat: no-repeat !important;background-size: cover !important;}&#8221;][vc_column width=&#8221;1\/2&#8243;][elx_heading font_size=&#8221;h5&#8243; text_color=&#8221;inherit&#8221;]P\u0159\u00edslu\u0161enstv\u00ed a spot\u0159ebn\u00ed materi\u00e1l pro pr\u00e9miovou \u00fadr\u017ebu[\/elx_heading][vc_column_text]Tato sada udr\u017e\u00ed v\u00e1\u0161 SpeeDelight ve \u0161pi\u010dkov\u00e9 form\u011b, aby mohl d\u011blat to, co um\u00ed nejl\u00e9pe: kart\u00e1\u010d, \u0161pachtle, \u0161krabka, vyj\u00edmateln\u00e1 teflonov\u00e1 deska, pe\u010d\u00edc\u00ed pap\u00edr, silikonov\u00fd chr\u00e1ni\u010d, \u010distic\u00ed roztoky, rychl\u00e9 mazadlo.[\/vc_column_text][vc_empty_space][elx_button button_text=&#8221;\u0158e\u0161en\u00ed pro vysokorychlostn\u00ed va\u0159en\u00ed SpeedDelight&#8221; button_style=&#8221;icon-blue&#8221; button_link=&#8221;url:https%3A%2F%2Fwww.electroluxprofessional.com%2Fcz%2Fcommercial-kitchen-equipment%2Fspeedelight-high-speed-cooking-solution%2F|title:SpeeDelight%20high%20speed%20cooking||&#8221;][vc_empty_space][elx_button button_text=&#8221;U\u017eijte si neomezen\u00e9 menu&#8221; button_style=&#8221;icon-blue&#8221; button_link=&#8221;url:https%3A%2F%2Fwww.electroluxprofessional.com%2Fcz%2Fspeedelight-high-speed-snack-grill%2Fspeedelight-unlimited-menus%2F|title:Unlimited%20menus&#8221;][vc_empty_space][\/vc_column][vc_column width=&#8221;1\/2&#8243;][vc_single_image image=&#8221;9056&#8243; img_size=&#8221;full&#8221; css_animation=&#8221;none&#8221;][\/vc_column][\/vc_row][vc_row disable_element=&#8221;yes&#8221;][vc_column][elx_shop_now button_text=&#8221;SHOP NOW&#8221; button_display_block=&#8221;display_block_on&#8221; button_alignment=&#8221;align_center&#8221; button_link=&#8221;url:https%3A%2F%2Fbuy.electroluxprofessional.com%2Felectrolux-professional%2Fspeedelight%2Fparts|||&#8221;][vc_empty_space][elx_download_block text=&#8221;SpeeDelight card&#8221; link=&#8221;http:\/\/files.professional.electrolux.com\/docs\/?n=CLF-9JE00172&amp;b=5&amp;l=1&#8243; background_color=&#8221;orange&#8221;][\/vc_column][\/vc_row][vc_row][vc_column][elx_video_block background_image=&#8221;9055&#8243; is_full_height=&#8221;full-height&#8221; video_link=&#8221;https:\/\/www.youtube.com\/watch?v=lKtZd5NSDIk&#8221;][\/vc_column][\/vc_row][vc_row][vc_column][vc_empty_space][elx_heading font_container=&#8221;h3&#8243; text_color=&#8221;inherit&#8221;]Zjist\u011bte, jak si p\u0159izp\u016fsobit sv\u016fj SpeeDelight[\/elx_heading][elx_o2000_contact_us s=&#8221;Request of information about accessories and consumables for SpeeDelight&#8221; container=&#8221;elxcontactus1484315184&#8243; r=&#8221;I would like to find out more about accessories and consumables for SpeeDelight. Please get in touch with me.&#8221;][\/vc_column][\/vc_row]<\/p>\n","protected":false},"excerpt":{"rendered":"<p>[vc_row full_width=&#8221;electroluxpro-full-width-no-padding&#8221;][vc_column css=&#8221;.vc_custom_1618358802266{margin-top: -40px !important;border-top-width: -40px !important;padding-top: -40px !important;}&#8221;][elx_full_banner title=&#8221;P\u0159\u00edslu\u0161enstv\u00ed a spot\u0159ebn\u00ed materi\u00e1l &#8211; SpeeDelight&#8221; set_as_h1=&#8221;true&#8221; background_image_media_library=&#8221;9057&#8243; background_image_media_library_mobile=&#8221;35069&#8243; link=&#8221;url:%23contact|title:Zjist%C4%9Bte%20v%C3%ADce||&#8221;][vc_row_inner full_width=&#8221;electroluxpro-full-width&#8221; gap=&#8221;15&#8243;][vc_column_inner width=&#8221;1\/5&#8243;][elx_download_block text=&#8221;Katalog p\u0159\u00edslu\u0161enstv\u00ed pro ochranu, dezinfekci a \u010di\u0161t\u011bn\u00ed&#8221; document_type=&#8221;cat&#8221; file_picker=&#8221;24892&#8243; background_color=&#8221;electrolux-blue&#8221; background_hover_color=&#8221;lighter-hover&#8221; ca_document_number=&#8221;CAT10&#8243;][\/vc_column_inner][vc_column_inner width=&#8221;1\/5&#8243;][elx_download_block text=&#8221;Katalog n\u00e1hradn\u00edch d\u00edl\u016f&#8221; document_type=&#8221;cat&#8221; file_picker=&#8221;24892&#8243; background_color=&#8221;electrolux-blue&#8221; background_hover_color=&#8221;lighter-hover&#8221; ca_document_number=&#8221;CAT7&#8243;][\/vc_column_inner][vc_column_inner width=&#8221;1\/5&#8243;][elx_download_block text=&#8221;Katalog p\u0159\u00edslu\u0161enstv\u00ed a spot\u0159ebn\u00edho materi\u00e1lu&#8221; document_type=&#8221;cat&#8221; file_picker=&#8221;24892&#8243; background_color=&#8221;electrolux-blue&#8221; background_hover_color=&#8221;lighter-hover&#8221; ca_document_number=&#8221;CAT8&#8243;][\/vc_column_inner][vc_column_inner width=&#8221;1\/5&#8243;][elx_download_block [&hellip;]<\/p>\n","protected":false},"author":39,"featured_media":1956,"parent":1572,"menu_order":0,"comment_status":"closed","ping_status":"closed","template":"","meta":{"footnotes":""},"class_list":["post-9058","page","type-page","status-publish","has-post-thumbnail","hentry"],"acf":[],"yoast_head":"<!-- This site is optimized with the Yoast SEO plugin v23.3 - https:\/\/yoast.com\/wordpress\/plugins\/seo\/ -->\n<title>P\u0159\u00edslu\u0161enstv\u00ed a spot\u0159ebn\u00ed materi\u00e1l - SpeeDelight - Electrolux Professional \u010cesk\u00e1 republika<\/title>\n<meta name=\"description\" content=\"Objevte na\u0161e p\u0159\u00edslu\u0161enstv\u00ed a spot\u0159ebn\u00ed materi\u00e1l pro pr\u00e9miovou \u00fadr\u017ebu. Kart\u00e1\u010d, \u0161pachtle, \u0161krabka, rychl\u00e1 mastnota udr\u017e\u00ed v\u00e1\u0161 gril na ob\u010derstven\u00ed SpeeDelight ve \u0161pi\u010dkov\u00e9 form\u011b.\" \/>\n<meta name=\"robots\" content=\"index, follow, max-snippet:-1, max-image-preview:large, max-video-preview:-1\" \/>\n<link rel=\"canonical\" href=\"https:\/\/www.electroluxprofessional.com\/cz\/accessories-consumables\/speedelight\/\" \/>\n<meta property=\"og:locale\" content=\"cs_CZ\" \/>\n<meta property=\"og:type\" content=\"article\" \/>\n<meta property=\"og:title\" content=\"P\u0159\u00edslu\u0161enstv\u00ed a spot\u0159ebn\u00ed materi\u00e1l - SpeeDelight - Electrolux Professional \u010cesk\u00e1 republika\" \/>\n<meta property=\"og:description\" content=\"Objevte na\u0161e p\u0159\u00edslu\u0161enstv\u00ed a spot\u0159ebn\u00ed materi\u00e1l pro pr\u00e9miovou \u00fadr\u017ebu. Kart\u00e1\u010d, \u0161pachtle, \u0161krabka, rychl\u00e1 mastnota udr\u017e\u00ed v\u00e1\u0161 gril na ob\u010derstven\u00ed SpeeDelight ve \u0161pi\u010dkov\u00e9 form\u011b.\" \/>\n<meta property=\"og:url\" content=\"https:\/\/www.electroluxprofessional.com\/cz\/accessories-consumables\/speedelight\/\" \/>\n<meta property=\"og:site_name\" content=\"Electrolux Professional \u010cesk\u00e1 republika\" \/>\n<meta property=\"article:publisher\" content=\"https:\/\/www.facebook.com\/electroluxprofessional\" \/>\n<meta property=\"article:modified_time\" content=\"2025-11-06T11:27:19+00:00\" \/>\n<meta property=\"og:image\" content=\"https:\/\/www.electroluxprofessional.com\/cz\/wp-content\/uploads\/2016\/12\/speedelight.jpg\" \/>\n\t<meta property=\"og:image:width\" content=\"700\" \/>\n\t<meta property=\"og:image:height\" content=\"700\" \/>\n\t<meta property=\"og:image:type\" content=\"image\/jpeg\" \/>\n<meta name=\"twitter:card\" content=\"summary_large_image\" \/>\n<meta name=\"twitter:site\" content=\"@ElectroluxPro\" \/>\n<meta name=\"twitter:label1\" content=\"Odhadovan\u00e1 doba \u010dten\u00ed\" \/>\n\t<meta name=\"twitter:data1\" content=\"2 minuty\" \/>\n<script type=\"application\/ld+json\" class=\"yoast-schema-graph\">{\"@context\":\"https:\/\/schema.org\",\"@graph\":[{\"@type\":\"WebPage\",\"@id\":\"https:\/\/www.electroluxprofessional.com\/cz\/accessories-consumables\/speedelight\/\",\"url\":\"https:\/\/www.electroluxprofessional.com\/cz\/accessories-consumables\/speedelight\/\",\"name\":\"P\u0159\u00edslu\u0161enstv\u00ed a spot\u0159ebn\u00ed materi\u00e1l - SpeeDelight - Electrolux Professional \u010cesk\u00e1 republika\",\"isPartOf\":{\"@id\":\"https:\/\/www.electroluxprofessional.com\/cz\/#website\"},\"primaryImageOfPage\":{\"@id\":\"https:\/\/www.electroluxprofessional.com\/cz\/accessories-consumables\/speedelight\/#primaryimage\"},\"image\":{\"@id\":\"https:\/\/www.electroluxprofessional.com\/cz\/accessories-consumables\/speedelight\/#primaryimage\"},\"thumbnailUrl\":\"https:\/\/www.electroluxprofessional.com\/cz\/wp-content\/uploads\/2016\/12\/speedelight.jpg\",\"datePublished\":\"2017-01-13T13:47:56+00:00\",\"dateModified\":\"2025-11-06T11:27:19+00:00\",\"description\":\"Objevte na\u0161e p\u0159\u00edslu\u0161enstv\u00ed a spot\u0159ebn\u00ed materi\u00e1l pro pr\u00e9miovou \u00fadr\u017ebu. Kart\u00e1\u010d, \u0161pachtle, \u0161krabka, rychl\u00e1 mastnota udr\u017e\u00ed v\u00e1\u0161 gril na ob\u010derstven\u00ed SpeeDelight ve \u0161pi\u010dkov\u00e9 form\u011b.\",\"breadcrumb\":{\"@id\":\"https:\/\/www.electroluxprofessional.com\/cz\/accessories-consumables\/speedelight\/#breadcrumb\"},\"inLanguage\":\"cs\",\"potentialAction\":[{\"@type\":\"ReadAction\",\"target\":[\"https:\/\/www.electroluxprofessional.com\/cz\/accessories-consumables\/speedelight\/\"]}]},{\"@type\":\"ImageObject\",\"inLanguage\":\"cs\",\"@id\":\"https:\/\/www.electroluxprofessional.com\/cz\/accessories-consumables\/speedelight\/#primaryimage\",\"url\":\"https:\/\/www.electroluxprofessional.com\/cz\/wp-content\/uploads\/2016\/12\/speedelight.jpg\",\"contentUrl\":\"https:\/\/www.electroluxprofessional.com\/cz\/wp-content\/uploads\/2016\/12\/speedelight.jpg\",\"width\":700,\"height\":700,\"caption\":\"SpeeDelight\"},{\"@type\":\"BreadcrumbList\",\"@id\":\"https:\/\/www.electroluxprofessional.com\/cz\/accessories-consumables\/speedelight\/#breadcrumb\",\"itemListElement\":[{\"@type\":\"ListItem\",\"position\":1,\"name\":\"Home\",\"item\":\"https:\/\/www.electroluxprofessional.com\/cz\/\"},{\"@type\":\"ListItem\",\"position\":2,\"name\":\"P\u0159\u00edslu\u0161enstv\u00ed a spot\u0159ebn\u00ed materi\u00e1l\",\"item\":\"https:\/\/www.electroluxprofessional.com\/cz\/accessories-consumables\/\"},{\"@type\":\"ListItem\",\"position\":3,\"name\":\"P\u0159\u00edslu\u0161enstv\u00ed a spot\u0159ebn\u00ed materi\u00e1l &#8211; SpeeDelight\"}]},{\"@type\":\"WebSite\",\"@id\":\"https:\/\/www.electroluxprofessional.com\/cz\/#website\",\"url\":\"https:\/\/www.electroluxprofessional.com\/cz\/\",\"name\":\"Electrolux Professional \u010cesk\u00e1 republika\",\"description\":\"\",\"potentialAction\":[{\"@type\":\"SearchAction\",\"target\":{\"@type\":\"EntryPoint\",\"urlTemplate\":\"https:\/\/www.electroluxprofessional.com\/cz\/?src={search_term_string}\"},\"query-input\":\"required name=search_term_string\"}],\"inLanguage\":\"cs\"}]}<\/script>\n<!-- \/ Yoast SEO plugin. -->","yoast_head_json":{"title":"P\u0159\u00edslu\u0161enstv\u00ed a spot\u0159ebn\u00ed materi\u00e1l - SpeeDelight - Electrolux Professional \u010cesk\u00e1 republika","description":"Objevte na\u0161e p\u0159\u00edslu\u0161enstv\u00ed a spot\u0159ebn\u00ed materi\u00e1l pro pr\u00e9miovou \u00fadr\u017ebu. Kart\u00e1\u010d, \u0161pachtle, \u0161krabka, rychl\u00e1 mastnota udr\u017e\u00ed v\u00e1\u0161 gril na ob\u010derstven\u00ed SpeeDelight ve \u0161pi\u010dkov\u00e9 form\u011b.","robots":{"index":"index","follow":"follow","max-snippet":"max-snippet:-1","max-image-preview":"max-image-preview:large","max-video-preview":"max-video-preview:-1"},"canonical":"https:\/\/www.electroluxprofessional.com\/cz\/accessories-consumables\/speedelight\/","og_locale":"cs_CZ","og_type":"article","og_title":"P\u0159\u00edslu\u0161enstv\u00ed a spot\u0159ebn\u00ed materi\u00e1l - SpeeDelight - Electrolux Professional \u010cesk\u00e1 republika","og_description":"Objevte na\u0161e p\u0159\u00edslu\u0161enstv\u00ed a spot\u0159ebn\u00ed materi\u00e1l pro pr\u00e9miovou \u00fadr\u017ebu. Kart\u00e1\u010d, \u0161pachtle, \u0161krabka, rychl\u00e1 mastnota udr\u017e\u00ed v\u00e1\u0161 gril na ob\u010derstven\u00ed SpeeDelight ve \u0161pi\u010dkov\u00e9 form\u011b.","og_url":"https:\/\/www.electroluxprofessional.com\/cz\/accessories-consumables\/speedelight\/","og_site_name":"Electrolux Professional \u010cesk\u00e1 republika","article_publisher":"https:\/\/www.facebook.com\/electroluxprofessional","article_modified_time":"2025-11-06T11:27:19+00:00","og_image":[{"width":700,"height":700,"url":"https:\/\/www.electroluxprofessional.com\/cz\/wp-content\/uploads\/2016\/12\/speedelight.jpg","type":"image\/jpeg"}],"twitter_card":"summary_large_image","twitter_site":"@ElectroluxPro","twitter_misc":{"Odhadovan\u00e1 doba \u010dten\u00ed":"2 minuty"},"schema":{"@context":"https:\/\/schema.org","@graph":[{"@type":"WebPage","@id":"https:\/\/www.electroluxprofessional.com\/cz\/accessories-consumables\/speedelight\/","url":"https:\/\/www.electroluxprofessional.com\/cz\/accessories-consumables\/speedelight\/","name":"P\u0159\u00edslu\u0161enstv\u00ed a spot\u0159ebn\u00ed materi\u00e1l - SpeeDelight - Electrolux Professional \u010cesk\u00e1 republika","isPartOf":{"@id":"https:\/\/www.electroluxprofessional.com\/cz\/#website"},"primaryImageOfPage":{"@id":"https:\/\/www.electroluxprofessional.com\/cz\/accessories-consumables\/speedelight\/#primaryimage"},"image":{"@id":"https:\/\/www.electroluxprofessional.com\/cz\/accessories-consumables\/speedelight\/#primaryimage"},"thumbnailUrl":"https:\/\/www.electroluxprofessional.com\/cz\/wp-content\/uploads\/2016\/12\/speedelight.jpg","datePublished":"2017-01-13T13:47:56+00:00","dateModified":"2025-11-06T11:27:19+00:00","description":"Objevte na\u0161e p\u0159\u00edslu\u0161enstv\u00ed a spot\u0159ebn\u00ed materi\u00e1l pro pr\u00e9miovou \u00fadr\u017ebu. Kart\u00e1\u010d, \u0161pachtle, \u0161krabka, rychl\u00e1 mastnota udr\u017e\u00ed v\u00e1\u0161 gril na ob\u010derstven\u00ed SpeeDelight ve \u0161pi\u010dkov\u00e9 form\u011b.","breadcrumb":{"@id":"https:\/\/www.electroluxprofessional.com\/cz\/accessories-consumables\/speedelight\/#breadcrumb"},"inLanguage":"cs","potentialAction":[{"@type":"ReadAction","target":["https:\/\/www.electroluxprofessional.com\/cz\/accessories-consumables\/speedelight\/"]}]},{"@type":"ImageObject","inLanguage":"cs","@id":"https:\/\/www.electroluxprofessional.com\/cz\/accessories-consumables\/speedelight\/#primaryimage","url":"https:\/\/www.electroluxprofessional.com\/cz\/wp-content\/uploads\/2016\/12\/speedelight.jpg","contentUrl":"https:\/\/www.electroluxprofessional.com\/cz\/wp-content\/uploads\/2016\/12\/speedelight.jpg","width":700,"height":700,"caption":"SpeeDelight"},{"@type":"BreadcrumbList","@id":"https:\/\/www.electroluxprofessional.com\/cz\/accessories-consumables\/speedelight\/#breadcrumb","itemListElement":[{"@type":"ListItem","position":1,"name":"Home","item":"https:\/\/www.electroluxprofessional.com\/cz\/"},{"@type":"ListItem","position":2,"name":"P\u0159\u00edslu\u0161enstv\u00ed a spot\u0159ebn\u00ed materi\u00e1l","item":"https:\/\/www.electroluxprofessional.com\/cz\/accessories-consumables\/"},{"@type":"ListItem","position":3,"name":"P\u0159\u00edslu\u0161enstv\u00ed a spot\u0159ebn\u00ed materi\u00e1l &#8211; SpeeDelight"}]},{"@type":"WebSite","@id":"https:\/\/www.electroluxprofessional.com\/cz\/#website","url":"https:\/\/www.electroluxprofessional.com\/cz\/","name":"Electrolux Professional \u010cesk\u00e1 republika","description":"","potentialAction":[{"@type":"SearchAction","target":{"@type":"EntryPoint","urlTemplate":"https:\/\/www.electroluxprofessional.com\/cz\/?src={search_term_string}"},"query-input":"required name=search_term_string"}],"inLanguage":"cs"}]}},"_links":{"self":[{"href":"https:\/\/www.electroluxprofessional.com\/cz\/wp-json\/wp\/v2\/pages\/9058"}],"collection":[{"href":"https:\/\/www.electroluxprofessional.com\/cz\/wp-json\/wp\/v2\/pages"}],"about":[{"href":"https:\/\/www.electroluxprofessional.com\/cz\/wp-json\/wp\/v2\/types\/page"}],"author":[{"embeddable":true,"href":"https:\/\/www.electroluxprofessional.com\/cz\/wp-json\/wp\/v2\/users\/39"}],"replies":[{"embeddable":true,"href":"https:\/\/www.electroluxprofessional.com\/cz\/wp-json\/wp\/v2\/comments?post=9058"}],"version-history":[{"count":11,"href":"https:\/\/www.electroluxprofessional.com\/cz\/wp-json\/wp\/v2\/pages\/9058\/revisions"}],"predecessor-version":[{"id":14032,"href":"https:\/\/www.electroluxprofessional.com\/cz\/wp-json\/wp\/v2\/pages\/9058\/revisions\/14032"}],"up":[{"embeddable":true,"href":"https:\/\/www.electroluxprofessional.com\/cz\/wp-json\/wp\/v2\/pages\/1572"}],"wp:featuredmedia":[{"embeddable":true,"href":"https:\/\/www.electroluxprofessional.com\/cz\/wp-json\/wp\/v2\/media\/1956"}],"wp:attachment":[{"href":"https:\/\/www.electroluxprofessional.com\/cz\/wp-json\/wp\/v2\/media?parent=9058"}],"curies":[{"name":"wp","href":"https:\/\/api.w.org\/{rel}","templated":true}]}}