{"id":9021,"date":"2017-01-20T15:17:31","date_gmt":"2017-01-20T14:17:31","guid":{"rendered":"https:\/\/www.electroluxprofessional.com\/?page_id=8546"},"modified":"2025-11-06T11:00:31","modified_gmt":"2025-11-06T11:00:31","slug":"modularni-staticka-priprava","status":"publish","type":"page","link":"https:\/\/www.electroluxprofessional.com\/cz\/commercial-kitchen-equipment\/modularni-staticka-priprava\/","title":{"rendered":"Modul\u00e1rn\u00ed statick\u00e1 p\u0159\u00edprava \u2013 stoly pro gastroprovozy"},"content":{"rendered":"<p>[vc_row full_width=&#8221;electroluxpro-full-width-no-padding&#8221;][vc_column][vc_single_image image=&#8221;9020&#8243; img_size=&#8221;2000*350&#8243;][\/vc_column][\/vc_row][vc_row][vc_column][elx_heading font_container=&#8221;h1&#8243; font_size=&#8221;h3&#8243; text_color=&#8221;inherit&#8221;]Modul\u00e1rn\u00ed statick\u00e1 p\u0159\u00edprava \u2013 stoly[\/elx_heading][elx_heading font_size=&#8221;h5&#8243; text_color=&#8221;inherit&#8221;]Pro v\u0161echny va\u0161e pot\u0159eby[\/elx_heading][vc_column_text]Tato robustn\u00ed konstrukce z nerezov\u00e9 oceli je \u0159e\u0161en\u00edm \u0161it\u00fdm na m\u00edru, kter\u00e9 nab\u00edz\u00ed \u0161irokou \u0161k\u00e1lu kombinac\u00ed, jako jsou neutr\u00e1ln\u00ed, hork\u00e9, chlazen\u00e9 a mrazic\u00ed z\u00e1kladny, k sestaven\u00ed podle va\u0161ich pot\u0159eb.[\/vc_column_text][\/vc_column][\/vc_row][vc_row][vc_column width=&#8221;1\/3&#8243;][vc_empty_space height=&#8221;58px&#8221;][vc_column_text]Modern\u00ed uspo\u0159\u00e1d\u00e1n\u00ed t\u00e9to \u0159ady dokonale lad\u00ed s inovativn\u00edm vzhledem, kter\u00fd charakterizuje za\u0159\u00edzen\u00ed Electrolux Professional.[\/vc_column_text][\/vc_column][vc_column width=&#8221;2\/3&#8243;][vc_single_image image=&#8221;1934&#8243; img_size=&#8221;full&#8221;][\/vc_column][\/vc_row][vc_row][vc_column][vc_empty_space][elx_heading font_size=&#8221;h3&#8243; text_color=&#8221;inherit&#8221; text_align=&#8221;text-left&#8221;]Zjist\u011bte, co m\u016f\u017ee na\u0161e v\u00fdroba z nerezov\u00e9 oceli ud\u011blat pro va\u0161e podnik\u00e1n\u00ed[\/elx_heading][elx_o2000_contact_us r=&#8221;Pros\u00edm, za\u0161lete mi v\u00edce informac\u00ed o &#8230;&#8221; s=&#8221;Po\u017eadavek z webov\u00fdch str\u00e1nek Electrolux Professional&#8221; country=&#8221;Czech Republic&#8221; b=&#8221;food&#8221; e=&#8221;&#8221; l=&#8221;cz&#8221;][vc_empty_space height=&#8221;50px&#8221;][\/vc_column][\/vc_row][vc_row css=&#8221;.vc_custom_1517839959989{background-color: #eeeeee !important;}&#8221;][vc_column][elx_heading font_size=&#8221;h3&#8243; text_color=&#8221;inherit&#8221; text_align=&#8221;text-left&#8221;]Najd\u011bte sv\u00e9 kompletn\u00ed \u0159e\u0161en\u00ed[\/elx_heading][\/vc_column][\/vc_row][vc_row css=&#8221;.vc_custom_1517839983881{background-color: #eeeeee !important;}&#8221;][vc_column width=&#8221;1\/3&#8243;][elx_maylike_box id_box=&#8221;2464&#8243;][\/vc_column][vc_column width=&#8221;1\/3&#8243;][elx_maylike_box id_box=&#8221;2533&#8243;][\/vc_column][vc_column width=&#8221;1\/3&#8243;][elx_maylike_box id_box=&#8221;2557&#8243;][\/vc_column][\/vc_row][vc_row][vc_column][vc_empty_space height=&#8221;50px&#8221;][\/vc_column][\/vc_row][vc_row disable_element=&#8221;yes&#8221;][vc_column][elx_heading font_size=&#8221;h3&#8243; text_color=&#8221;inherit&#8221; text_align=&#8221;text-left&#8221;]Custom made fabrication[\/elx_heading][\/vc_column][\/vc_row]<\/p>\n","protected":false},"excerpt":{"rendered":"<p>[vc_row full_width=&#8221;electroluxpro-full-width-no-padding&#8221;][vc_column][vc_single_image image=&#8221;9020&#8243; img_size=&#8221;2000*350&#8243;][\/vc_column][\/vc_row][vc_row][vc_column][elx_heading font_container=&#8221;h1&#8243; font_size=&#8221;h3&#8243; text_color=&#8221;inherit&#8221;]Modul\u00e1rn\u00ed statick\u00e1 p\u0159\u00edprava \u2013 stoly[\/elx_heading][elx_heading font_size=&#8221;h5&#8243; text_color=&#8221;inherit&#8221;]Pro v\u0161echny va\u0161e pot\u0159eby[\/elx_heading][vc_column_text]Tato robustn\u00ed konstrukce z nerezov\u00e9 oceli je \u0159e\u0161en\u00edm \u0161it\u00fdm na m\u00edru, kter\u00e9 nab\u00edz\u00ed \u0161irokou \u0161k\u00e1lu kombinac\u00ed, jako jsou neutr\u00e1ln\u00ed, hork\u00e9, chlazen\u00e9 a mrazic\u00ed z\u00e1kladny, k sestaven\u00ed podle va\u0161ich pot\u0159eb.[\/vc_column_text][\/vc_column][\/vc_row][vc_row][vc_column width=&#8221;1\/3&#8243;][vc_empty_space height=&#8221;58px&#8221;][vc_column_text]Modern\u00ed uspo\u0159\u00e1d\u00e1n\u00ed t\u00e9to \u0159ady dokonale lad\u00ed s inovativn\u00edm vzhledem, kter\u00fd [&hellip;]<\/p>\n","protected":false},"author":39,"featured_media":9020,"parent":1155,"menu_order":0,"comment_status":"closed","ping_status":"closed","template":"","meta":{"footnotes":""},"class_list":["post-9021","page","type-page","status-publish","has-post-thumbnail","hentry"],"acf":[],"yoast_head":"<!-- This site is optimized with the Yoast SEO plugin v23.3 - https:\/\/yoast.com\/wordpress\/plugins\/seo\/ -->\n<title>Modul\u00e1rn\u00ed statick\u00e1 p\u0159\u00edprava \u2013 stoly pro gastroprovozy - Electrolux Professional \u010cesk\u00e1 republika<\/title>\n<meta name=\"description\" content=\"Modul\u00e1rn\u00ed statick\u00e1 p\u0159\u00edprava \u2013 stoly - nerezov\u00e1 v\u00fdroba modul\u00e1rn\u00edch gastronomick\u00fdch stol\u016f podle individu\u00e1ln\u00edch pot\u0159eb\" \/>\n<meta name=\"robots\" content=\"index, follow, max-snippet:-1, max-image-preview:large, max-video-preview:-1\" \/>\n<link rel=\"canonical\" href=\"https:\/\/www.electroluxprofessional.com\/cz\/commercial-kitchen-equipment\/modularni-staticka-priprava\/\" \/>\n<meta property=\"og:locale\" content=\"cs_CZ\" \/>\n<meta property=\"og:type\" content=\"article\" \/>\n<meta property=\"og:title\" content=\"Modul\u00e1rn\u00ed statick\u00e1 p\u0159\u00edprava \u2013 stoly pro gastroprovozy - Electrolux Professional \u010cesk\u00e1 republika\" \/>\n<meta property=\"og:description\" content=\"Modul\u00e1rn\u00ed statick\u00e1 p\u0159\u00edprava \u2013 stoly - nerezov\u00e1 v\u00fdroba modul\u00e1rn\u00edch gastronomick\u00fdch stol\u016f podle individu\u00e1ln\u00edch pot\u0159eb\" \/>\n<meta property=\"og:url\" content=\"https:\/\/www.electroluxprofessional.com\/cz\/commercial-kitchen-equipment\/modularni-staticka-priprava\/\" \/>\n<meta property=\"og:site_name\" content=\"Electrolux Professional \u010cesk\u00e1 republika\" \/>\n<meta property=\"article:publisher\" content=\"https:\/\/www.facebook.com\/electroluxprofessional\" \/>\n<meta property=\"article:modified_time\" content=\"2025-11-06T11:00:31+00:00\" \/>\n<meta property=\"og:image\" content=\"https:\/\/www.electroluxprofessional.com\/cz\/wp-content\/uploads\/2017\/01\/banner.jpg\" \/>\n\t<meta property=\"og:image:width\" content=\"2000\" \/>\n\t<meta property=\"og:image:height\" content=\"1331\" \/>\n\t<meta property=\"og:image:type\" content=\"image\/jpeg\" \/>\n<meta name=\"twitter:card\" content=\"summary_large_image\" \/>\n<meta name=\"twitter:site\" content=\"@ElectroluxPro\" \/>\n<meta name=\"twitter:label1\" content=\"Odhadovan\u00e1 doba \u010dten\u00ed\" \/>\n\t<meta name=\"twitter:data1\" content=\"1 minuta\" \/>\n<script type=\"application\/ld+json\" class=\"yoast-schema-graph\">{\"@context\":\"https:\/\/schema.org\",\"@graph\":[{\"@type\":\"WebPage\",\"@id\":\"https:\/\/www.electroluxprofessional.com\/cz\/commercial-kitchen-equipment\/modularni-staticka-priprava\/\",\"url\":\"https:\/\/www.electroluxprofessional.com\/cz\/commercial-kitchen-equipment\/modularni-staticka-priprava\/\",\"name\":\"Modul\u00e1rn\u00ed statick\u00e1 p\u0159\u00edprava \u2013 stoly pro gastroprovozy - Electrolux Professional \u010cesk\u00e1 republika\",\"isPartOf\":{\"@id\":\"https:\/\/www.electroluxprofessional.com\/cz\/#website\"},\"primaryImageOfPage\":{\"@id\":\"https:\/\/www.electroluxprofessional.com\/cz\/commercial-kitchen-equipment\/modularni-staticka-priprava\/#primaryimage\"},\"image\":{\"@id\":\"https:\/\/www.electroluxprofessional.com\/cz\/commercial-kitchen-equipment\/modularni-staticka-priprava\/#primaryimage\"},\"thumbnailUrl\":\"https:\/\/www.electroluxprofessional.com\/cz\/wp-content\/uploads\/2017\/01\/banner.jpg\",\"datePublished\":\"2017-01-20T14:17:31+00:00\",\"dateModified\":\"2025-11-06T11:00:31+00:00\",\"description\":\"Modul\u00e1rn\u00ed statick\u00e1 p\u0159\u00edprava \u2013 stoly - nerezov\u00e1 v\u00fdroba modul\u00e1rn\u00edch gastronomick\u00fdch stol\u016f podle individu\u00e1ln\u00edch pot\u0159eb\",\"breadcrumb\":{\"@id\":\"https:\/\/www.electroluxprofessional.com\/cz\/commercial-kitchen-equipment\/modularni-staticka-priprava\/#breadcrumb\"},\"inLanguage\":\"cs\",\"potentialAction\":[{\"@type\":\"ReadAction\",\"target\":[\"https:\/\/www.electroluxprofessional.com\/cz\/commercial-kitchen-equipment\/modularni-staticka-priprava\/\"]}]},{\"@type\":\"ImageObject\",\"inLanguage\":\"cs\",\"@id\":\"https:\/\/www.electroluxprofessional.com\/cz\/commercial-kitchen-equipment\/modularni-staticka-priprava\/#primaryimage\",\"url\":\"https:\/\/www.electroluxprofessional.com\/cz\/wp-content\/uploads\/2017\/01\/banner.jpg\",\"contentUrl\":\"https:\/\/www.electroluxprofessional.com\/cz\/wp-content\/uploads\/2017\/01\/banner.jpg\",\"width\":2000,\"height\":1331,\"caption\":\"food - custom made fabrication\"},{\"@type\":\"BreadcrumbList\",\"@id\":\"https:\/\/www.electroluxprofessional.com\/cz\/commercial-kitchen-equipment\/modularni-staticka-priprava\/#breadcrumb\",\"itemListElement\":[{\"@type\":\"ListItem\",\"position\":1,\"name\":\"Home\",\"item\":\"https:\/\/www.electroluxprofessional.com\/cz\/\"},{\"@type\":\"ListItem\",\"position\":2,\"name\":\"FoodService &#8211; Gastro\",\"item\":\"https:\/\/www.electroluxprofessional.com\/cz\/commercial-kitchen-equipment\/\"},{\"@type\":\"ListItem\",\"position\":3,\"name\":\"Modul\u00e1rn\u00ed statick\u00e1 p\u0159\u00edprava \u2013 stoly pro gastroprovozy\"}]},{\"@type\":\"WebSite\",\"@id\":\"https:\/\/www.electroluxprofessional.com\/cz\/#website\",\"url\":\"https:\/\/www.electroluxprofessional.com\/cz\/\",\"name\":\"Electrolux Professional \u010cesk\u00e1 republika\",\"description\":\"\",\"potentialAction\":[{\"@type\":\"SearchAction\",\"target\":{\"@type\":\"EntryPoint\",\"urlTemplate\":\"https:\/\/www.electroluxprofessional.com\/cz\/?src={search_term_string}\"},\"query-input\":\"required name=search_term_string\"}],\"inLanguage\":\"cs\"}]}<\/script>\n<!-- \/ Yoast SEO plugin. -->","yoast_head_json":{"title":"Modul\u00e1rn\u00ed statick\u00e1 p\u0159\u00edprava \u2013 stoly pro gastroprovozy - Electrolux Professional \u010cesk\u00e1 republika","description":"Modul\u00e1rn\u00ed statick\u00e1 p\u0159\u00edprava \u2013 stoly - nerezov\u00e1 v\u00fdroba modul\u00e1rn\u00edch gastronomick\u00fdch stol\u016f podle individu\u00e1ln\u00edch pot\u0159eb","robots":{"index":"index","follow":"follow","max-snippet":"max-snippet:-1","max-image-preview":"max-image-preview:large","max-video-preview":"max-video-preview:-1"},"canonical":"https:\/\/www.electroluxprofessional.com\/cz\/commercial-kitchen-equipment\/modularni-staticka-priprava\/","og_locale":"cs_CZ","og_type":"article","og_title":"Modul\u00e1rn\u00ed statick\u00e1 p\u0159\u00edprava \u2013 stoly pro gastroprovozy - Electrolux Professional \u010cesk\u00e1 republika","og_description":"Modul\u00e1rn\u00ed statick\u00e1 p\u0159\u00edprava \u2013 stoly - nerezov\u00e1 v\u00fdroba modul\u00e1rn\u00edch gastronomick\u00fdch stol\u016f podle individu\u00e1ln\u00edch pot\u0159eb","og_url":"https:\/\/www.electroluxprofessional.com\/cz\/commercial-kitchen-equipment\/modularni-staticka-priprava\/","og_site_name":"Electrolux Professional \u010cesk\u00e1 republika","article_publisher":"https:\/\/www.facebook.com\/electroluxprofessional","article_modified_time":"2025-11-06T11:00:31+00:00","og_image":[{"width":2000,"height":1331,"url":"https:\/\/www.electroluxprofessional.com\/cz\/wp-content\/uploads\/2017\/01\/banner.jpg","type":"image\/jpeg"}],"twitter_card":"summary_large_image","twitter_site":"@ElectroluxPro","twitter_misc":{"Odhadovan\u00e1 doba \u010dten\u00ed":"1 minuta"},"schema":{"@context":"https:\/\/schema.org","@graph":[{"@type":"WebPage","@id":"https:\/\/www.electroluxprofessional.com\/cz\/commercial-kitchen-equipment\/modularni-staticka-priprava\/","url":"https:\/\/www.electroluxprofessional.com\/cz\/commercial-kitchen-equipment\/modularni-staticka-priprava\/","name":"Modul\u00e1rn\u00ed statick\u00e1 p\u0159\u00edprava \u2013 stoly pro gastroprovozy - Electrolux Professional \u010cesk\u00e1 republika","isPartOf":{"@id":"https:\/\/www.electroluxprofessional.com\/cz\/#website"},"primaryImageOfPage":{"@id":"https:\/\/www.electroluxprofessional.com\/cz\/commercial-kitchen-equipment\/modularni-staticka-priprava\/#primaryimage"},"image":{"@id":"https:\/\/www.electroluxprofessional.com\/cz\/commercial-kitchen-equipment\/modularni-staticka-priprava\/#primaryimage"},"thumbnailUrl":"https:\/\/www.electroluxprofessional.com\/cz\/wp-content\/uploads\/2017\/01\/banner.jpg","datePublished":"2017-01-20T14:17:31+00:00","dateModified":"2025-11-06T11:00:31+00:00","description":"Modul\u00e1rn\u00ed statick\u00e1 p\u0159\u00edprava \u2013 stoly - nerezov\u00e1 v\u00fdroba modul\u00e1rn\u00edch gastronomick\u00fdch stol\u016f podle individu\u00e1ln\u00edch pot\u0159eb","breadcrumb":{"@id":"https:\/\/www.electroluxprofessional.com\/cz\/commercial-kitchen-equipment\/modularni-staticka-priprava\/#breadcrumb"},"inLanguage":"cs","potentialAction":[{"@type":"ReadAction","target":["https:\/\/www.electroluxprofessional.com\/cz\/commercial-kitchen-equipment\/modularni-staticka-priprava\/"]}]},{"@type":"ImageObject","inLanguage":"cs","@id":"https:\/\/www.electroluxprofessional.com\/cz\/commercial-kitchen-equipment\/modularni-staticka-priprava\/#primaryimage","url":"https:\/\/www.electroluxprofessional.com\/cz\/wp-content\/uploads\/2017\/01\/banner.jpg","contentUrl":"https:\/\/www.electroluxprofessional.com\/cz\/wp-content\/uploads\/2017\/01\/banner.jpg","width":2000,"height":1331,"caption":"food - custom made fabrication"},{"@type":"BreadcrumbList","@id":"https:\/\/www.electroluxprofessional.com\/cz\/commercial-kitchen-equipment\/modularni-staticka-priprava\/#breadcrumb","itemListElement":[{"@type":"ListItem","position":1,"name":"Home","item":"https:\/\/www.electroluxprofessional.com\/cz\/"},{"@type":"ListItem","position":2,"name":"FoodService &#8211; Gastro","item":"https:\/\/www.electroluxprofessional.com\/cz\/commercial-kitchen-equipment\/"},{"@type":"ListItem","position":3,"name":"Modul\u00e1rn\u00ed statick\u00e1 p\u0159\u00edprava \u2013 stoly pro gastroprovozy"}]},{"@type":"WebSite","@id":"https:\/\/www.electroluxprofessional.com\/cz\/#website","url":"https:\/\/www.electroluxprofessional.com\/cz\/","name":"Electrolux Professional \u010cesk\u00e1 republika","description":"","potentialAction":[{"@type":"SearchAction","target":{"@type":"EntryPoint","urlTemplate":"https:\/\/www.electroluxprofessional.com\/cz\/?src={search_term_string}"},"query-input":"required name=search_term_string"}],"inLanguage":"cs"}]}},"_links":{"self":[{"href":"https:\/\/www.electroluxprofessional.com\/cz\/wp-json\/wp\/v2\/pages\/9021"}],"collection":[{"href":"https:\/\/www.electroluxprofessional.com\/cz\/wp-json\/wp\/v2\/pages"}],"about":[{"href":"https:\/\/www.electroluxprofessional.com\/cz\/wp-json\/wp\/v2\/types\/page"}],"author":[{"embeddable":true,"href":"https:\/\/www.electroluxprofessional.com\/cz\/wp-json\/wp\/v2\/users\/39"}],"replies":[{"embeddable":true,"href":"https:\/\/www.electroluxprofessional.com\/cz\/wp-json\/wp\/v2\/comments?post=9021"}],"version-history":[{"count":7,"href":"https:\/\/www.electroluxprofessional.com\/cz\/wp-json\/wp\/v2\/pages\/9021\/revisions"}],"predecessor-version":[{"id":13993,"href":"https:\/\/www.electroluxprofessional.com\/cz\/wp-json\/wp\/v2\/pages\/9021\/revisions\/13993"}],"up":[{"embeddable":true,"href":"https:\/\/www.electroluxprofessional.com\/cz\/wp-json\/wp\/v2\/pages\/1155"}],"wp:featuredmedia":[{"embeddable":true,"href":"https:\/\/www.electroluxprofessional.com\/cz\/wp-json\/wp\/v2\/media\/9020"}],"wp:attachment":[{"href":"https:\/\/www.electroluxprofessional.com\/cz\/wp-json\/wp\/v2\/media?parent=9021"}],"curies":[{"name":"wp","href":"https:\/\/api.w.org\/{rel}","templated":true}]}}