{"id":8480,"date":"2017-02-14T11:32:19","date_gmt":"2017-02-14T10:32:19","guid":{"rendered":"https:\/\/www.electroluxprofessional.com\/?page_id=9364"},"modified":"2021-08-30T08:50:50","modified_gmt":"2021-08-30T08:50:50","slug":"texture-modified-meals-solutions","status":"publish","type":"page","link":"https:\/\/www.electroluxprofessional.com\/cz\/commercial-kitchen-equipment\/dynamicka-priprava\/texture-modified-meals-solutions\/","title":{"rendered":"\u0158e\u0161en\u00ed textury j\u00eddla"},"content":{"rendered":"<p>[vc_row full_width=&#8221;electroluxpro-full-width-no-padding&#8221;][vc_column][vc_single_image image=&#8221;8478&#8243; img_size=&#8221;2000&#215;350&#8243; alignment=&#8221;center&#8221;][\/vc_column][\/vc_row][vc_row][vc_column][vc_empty_space][elx_heading font_container=&#8221;h1&#8243; font_size=&#8221;h3&#8243; text_color=&#8221;inherit&#8221;]\u0158e\u0161en\u00ed textury j\u00eddla[\/elx_heading][elx_heading font_size=&#8221;h5&#8243; text_color=&#8221;inherit&#8221;]Vypracujte si osobitou texturu j\u00eddla<br \/>\nzachovejte chut\u011b, v\u016fn\u011b a nutri\u010dn\u00ed obsah[\/elx_heading][vc_empty_space][\/vc_column][\/vc_row][vc_row][vc_column width=&#8221;1\/2&#8243;][vc_column_text]P\u0159i testov\u00e1n\u00ed na\u0161ich za\u0159\u00edzen\u00ed neust\u00e1le objevujeme dal\u0161\u00ed a dal\u0161\u00ed mo\u017enosti, kter\u00e9 maj\u00ed.<\/p>\n<p>D\u00edky \u0161krabce a vysok\u00e9 maxim\u00e1ln\u00ed rychlosti 3700 ot .\/min. jsme byli schopni dos\u00e1hnout<strong> vynikaj\u00edc\u00edch v\u00fdsledk\u016f homogenizace<\/strong> pro p\u0159\u00edpravu porc\u00ed vhodn\u00fdch pro <strong>pod\u00e1v\u00e1n\u00ed l\u017ei\u010dkou nebo polotekut\u00e9 stravy<\/strong> pro pacienty, kte\u0159\u00ed v sou\u010dasn\u00e9 dob\u011b nejsou schopni \u017ev\u00fdkat tuhou potravu.[\/vc_column_text][\/vc_column][vc_column width=&#8221;1\/2&#8243;][elx_heading font_container=&#8221;h3&#8243; font_size=&#8221;h5&#8243; text_color=&#8221;inherit&#8221; text_align=&#8221;text-left&#8221;]Video recepty[\/elx_heading][elx_video_block background_image=&#8221;1901&#8243; video_link=&#8221;https:\/\/www.youtube.com\/watch?v=RJHFjlZd2p8&amp;list=PLn-GI5LWCZdR1riCStpsI2l8-khQ9aBq9&#8243; minimum_height=&#8221;260px&#8221;][\/vc_column][\/vc_row][vc_row][vc_column width=&#8221;1\/2&#8243;][vc_single_image image=&#8221;8479&#8243; img_size=&#8221;full&#8221;][\/vc_column][vc_column width=&#8221;1\/2&#8243;][vc_empty_space height=&#8221;50px&#8221;][vc_column_text]Krom\u011b toho nemus\u00edme j\u00eddlo nijak zvl\u00e1\u0161\u0165 p\u0159ipravovat. M\u016f\u017eeme j\u00eddlo va\u0159it jako obvykle a pot\u00e9 ho homogenizovat pomoc\u00ed na\u0161ich kuchy\u0148sk\u00fdch robot\u016f K45\/K55\/K70. To n\u00e1m umo\u017e\u0148uje <strong>zachovat v\u0161echny nutri\u010dn\u00ed hodnoty, chu\u0165 a barvu.<\/strong> Kone\u010dn\u00fd v\u00fdsledek je p\u0159\u00edjemn\u00fd pro o\u010di a chu\u0165. To m\u016f\u017ee b\u00fdt velmi d\u016fle\u017eit\u00e9 pro obnoven\u00ed pocitu chuti uzdravuj\u00edc\u00edch se pacient\u016f.<\/p>\n<p>Krom\u011b toho je proces homogenizace nezbytn\u00fd pro p\u0159\u00edpravu j\u00eddla pro kojence nebo star\u0161\u00ed lidi.[\/vc_column_text][elx_button button_text=&#8221;P\u0159\u00edprava j\u00eddla: kr\u00e1je\u010de, mix\u00e9ry, kutry&#8221; button_style=&#8221;icon&#8221; button_link=&#8221;url:https%3A%2F%2Fwww.electroluxprofessional.com%2Fcz%2Fcommercial-kitchen-equipment%2Fcut-mix-slice%2F|title:Food%20preparation%3A%20cut%2C%20mix%2C%20slice||&#8221;][\/vc_column][\/vc_row][vc_row][vc_column][vc_empty_space][\/vc_column][\/vc_row][vc_row][vc_column][elx_heading font_size=&#8221;h3&#8243; text_color=&#8221;inherit&#8221;]Zjist\u011bte, jak\u00e9 \u0159e\u0161en\u00ed pro \u00fapravu textury j\u00eddla v\u00e1m je\u0161t\u011b m\u016f\u017eeme nab\u00eddnout[\/elx_heading][elx_o2000_contact_us r=&#8221;Pros\u00edm, za\u0161lete mi v\u00edce informac\u00ed o &#8230;&#8221; s=&#8221;Po\u017eadavek z webov\u00fdch str\u00e1nek Electrolux Professional&#8221; country=&#8221;Czech Republic&#8221; b=&#8221;food&#8221; e=&#8221;&#8221; l=&#8221;cz&#8221;][\/vc_column][\/vc_row]<\/p>\n","protected":false},"excerpt":{"rendered":"<p>[vc_row full_width=&#8221;electroluxpro-full-width-no-padding&#8221;][vc_column][vc_single_image image=&#8221;8478&#8243; img_size=&#8221;2000&#215;350&#8243; alignment=&#8221;center&#8221;][\/vc_column][\/vc_row][vc_row][vc_column][vc_empty_space][elx_heading font_container=&#8221;h1&#8243; font_size=&#8221;h3&#8243; text_color=&#8221;inherit&#8221;]\u0158e\u0161en\u00ed textury j\u00eddla[\/elx_heading][elx_heading font_size=&#8221;h5&#8243; text_color=&#8221;inherit&#8221;]Vypracujte si osobitou texturu j\u00eddla zachovejte chut\u011b, v\u016fn\u011b a nutri\u010dn\u00ed obsah[\/elx_heading][vc_empty_space][\/vc_column][\/vc_row][vc_row][vc_column width=&#8221;1\/2&#8243;][vc_column_text]P\u0159i testov\u00e1n\u00ed na\u0161ich za\u0159\u00edzen\u00ed neust\u00e1le objevujeme dal\u0161\u00ed a dal\u0161\u00ed mo\u017enosti, kter\u00e9 maj\u00ed. D\u00edky \u0161krabce a vysok\u00e9 maxim\u00e1ln\u00ed rychlosti 3700 ot .\/min. jsme byli schopni dos\u00e1hnout vynikaj\u00edc\u00edch v\u00fdsledk\u016f homogenizace pro p\u0159\u00edpravu porc\u00ed vhodn\u00fdch pro [&hellip;]<\/p>\n","protected":false},"author":39,"featured_media":8478,"parent":2155,"menu_order":0,"comment_status":"closed","ping_status":"closed","template":"","meta":{"footnotes":""},"class_list":["post-8480","page","type-page","status-publish","has-post-thumbnail","hentry"],"acf":[],"yoast_head":"<!-- This site is optimized with the Yoast SEO plugin v23.3 - https:\/\/yoast.com\/wordpress\/plugins\/seo\/ -->\n<title>\u0158e\u0161en\u00ed textury j\u00eddla - Electrolux Professional \u010cesk\u00e1 republika<\/title>\n<meta name=\"description\" content=\"Excellent homogenisation to prepare plates for spoon-feeding or semi-liquid feeding for recovering patients. Discover our texture modified meals solutions.\" \/>\n<meta name=\"robots\" content=\"index, follow, max-snippet:-1, max-image-preview:large, max-video-preview:-1\" \/>\n<link rel=\"canonical\" href=\"https:\/\/www.electroluxprofessional.com\/cz\/commercial-kitchen-equipment\/dynamicka-priprava\/texture-modified-meals-solutions\/\" \/>\n<meta property=\"og:locale\" content=\"cs_CZ\" \/>\n<meta property=\"og:type\" content=\"article\" \/>\n<meta property=\"og:title\" content=\"\u0158e\u0161en\u00ed textury j\u00eddla - Electrolux Professional \u010cesk\u00e1 republika\" \/>\n<meta property=\"og:description\" content=\"Excellent homogenisation to prepare plates for spoon-feeding or semi-liquid feeding for recovering patients. Discover our texture modified meals solutions.\" \/>\n<meta property=\"og:url\" content=\"https:\/\/www.electroluxprofessional.com\/cz\/commercial-kitchen-equipment\/dynamicka-priprava\/texture-modified-meals-solutions\/\" \/>\n<meta property=\"og:site_name\" content=\"Electrolux Professional \u010cesk\u00e1 republika\" \/>\n<meta property=\"article:publisher\" content=\"https:\/\/www.facebook.com\/electroluxprofessional\" \/>\n<meta property=\"article:modified_time\" content=\"2021-08-30T08:50:50+00:00\" \/>\n<meta property=\"og:image\" content=\"https:\/\/www.electroluxprofessional.com\/cz\/wp-content\/uploads\/2017\/02\/food1.jpg\" \/>\n\t<meta property=\"og:image:width\" content=\"2000\" \/>\n\t<meta property=\"og:image:height\" content=\"1483\" \/>\n\t<meta property=\"og:image:type\" content=\"image\/jpeg\" \/>\n<meta name=\"twitter:card\" content=\"summary_large_image\" \/>\n<meta name=\"twitter:site\" content=\"@ElectroluxPro\" \/>\n<meta name=\"twitter:label1\" content=\"Odhadovan\u00e1 doba \u010dten\u00ed\" \/>\n\t<meta name=\"twitter:data1\" content=\"2 minuty\" \/>\n<script type=\"application\/ld+json\" class=\"yoast-schema-graph\">{\"@context\":\"https:\/\/schema.org\",\"@graph\":[{\"@type\":\"WebPage\",\"@id\":\"https:\/\/www.electroluxprofessional.com\/cz\/commercial-kitchen-equipment\/dynamicka-priprava\/texture-modified-meals-solutions\/\",\"url\":\"https:\/\/www.electroluxprofessional.com\/cz\/commercial-kitchen-equipment\/dynamicka-priprava\/texture-modified-meals-solutions\/\",\"name\":\"\u0158e\u0161en\u00ed textury j\u00eddla - Electrolux Professional \u010cesk\u00e1 republika\",\"isPartOf\":{\"@id\":\"https:\/\/www.electroluxprofessional.com\/cz\/#website\"},\"primaryImageOfPage\":{\"@id\":\"https:\/\/www.electroluxprofessional.com\/cz\/commercial-kitchen-equipment\/dynamicka-priprava\/texture-modified-meals-solutions\/#primaryimage\"},\"image\":{\"@id\":\"https:\/\/www.electroluxprofessional.com\/cz\/commercial-kitchen-equipment\/dynamicka-priprava\/texture-modified-meals-solutions\/#primaryimage\"},\"thumbnailUrl\":\"https:\/\/www.electroluxprofessional.com\/cz\/wp-content\/uploads\/2017\/02\/food1.jpg\",\"datePublished\":\"2017-02-14T10:32:19+00:00\",\"dateModified\":\"2021-08-30T08:50:50+00:00\",\"description\":\"Excellent homogenisation to prepare plates for spoon-feeding or semi-liquid feeding for recovering patients. Discover our texture modified meals solutions.\",\"breadcrumb\":{\"@id\":\"https:\/\/www.electroluxprofessional.com\/cz\/commercial-kitchen-equipment\/dynamicka-priprava\/texture-modified-meals-solutions\/#breadcrumb\"},\"inLanguage\":\"cs\",\"potentialAction\":[{\"@type\":\"ReadAction\",\"target\":[\"https:\/\/www.electroluxprofessional.com\/cz\/commercial-kitchen-equipment\/dynamicka-priprava\/texture-modified-meals-solutions\/\"]}]},{\"@type\":\"ImageObject\",\"inLanguage\":\"cs\",\"@id\":\"https:\/\/www.electroluxprofessional.com\/cz\/commercial-kitchen-equipment\/dynamicka-priprava\/texture-modified-meals-solutions\/#primaryimage\",\"url\":\"https:\/\/www.electroluxprofessional.com\/cz\/wp-content\/uploads\/2017\/02\/food1.jpg\",\"contentUrl\":\"https:\/\/www.electroluxprofessional.com\/cz\/wp-content\/uploads\/2017\/02\/food1.jpg\",\"width\":2000,\"height\":1483,\"caption\":\"food1\"},{\"@type\":\"BreadcrumbList\",\"@id\":\"https:\/\/www.electroluxprofessional.com\/cz\/commercial-kitchen-equipment\/dynamicka-priprava\/texture-modified-meals-solutions\/#breadcrumb\",\"itemListElement\":[{\"@type\":\"ListItem\",\"position\":1,\"name\":\"Home\",\"item\":\"https:\/\/www.electroluxprofessional.com\/cz\/\"},{\"@type\":\"ListItem\",\"position\":2,\"name\":\"FoodService &#8211; Gastro\",\"item\":\"https:\/\/www.electroluxprofessional.com\/cz\/commercial-kitchen-equipment\/\"},{\"@type\":\"ListItem\",\"position\":3,\"name\":\"Dynamick\u00e1 p\u0159\u00edprava: kr\u00e1je\u010de, mix\u00e9ry, kutry, n\u00e1\u0159ezov\u00e9 stroje\",\"item\":\"https:\/\/www.electroluxprofessional.com\/cz\/commercial-kitchen-equipment\/dynamicka-priprava\/\"},{\"@type\":\"ListItem\",\"position\":4,\"name\":\"\u0158e\u0161en\u00ed textury j\u00eddla\"}]},{\"@type\":\"WebSite\",\"@id\":\"https:\/\/www.electroluxprofessional.com\/cz\/#website\",\"url\":\"https:\/\/www.electroluxprofessional.com\/cz\/\",\"name\":\"Electrolux Professional \u010cesk\u00e1 republika\",\"description\":\"\",\"potentialAction\":[{\"@type\":\"SearchAction\",\"target\":{\"@type\":\"EntryPoint\",\"urlTemplate\":\"https:\/\/www.electroluxprofessional.com\/cz\/?src={search_term_string}\"},\"query-input\":\"required name=search_term_string\"}],\"inLanguage\":\"cs\"}]}<\/script>\n<!-- \/ Yoast SEO plugin. -->","yoast_head_json":{"title":"\u0158e\u0161en\u00ed textury j\u00eddla - Electrolux Professional \u010cesk\u00e1 republika","description":"Excellent homogenisation to prepare plates for spoon-feeding or semi-liquid feeding for recovering patients. Discover our texture modified meals solutions.","robots":{"index":"index","follow":"follow","max-snippet":"max-snippet:-1","max-image-preview":"max-image-preview:large","max-video-preview":"max-video-preview:-1"},"canonical":"https:\/\/www.electroluxprofessional.com\/cz\/commercial-kitchen-equipment\/dynamicka-priprava\/texture-modified-meals-solutions\/","og_locale":"cs_CZ","og_type":"article","og_title":"\u0158e\u0161en\u00ed textury j\u00eddla - Electrolux Professional \u010cesk\u00e1 republika","og_description":"Excellent homogenisation to prepare plates for spoon-feeding or semi-liquid feeding for recovering patients. Discover our texture modified meals solutions.","og_url":"https:\/\/www.electroluxprofessional.com\/cz\/commercial-kitchen-equipment\/dynamicka-priprava\/texture-modified-meals-solutions\/","og_site_name":"Electrolux Professional \u010cesk\u00e1 republika","article_publisher":"https:\/\/www.facebook.com\/electroluxprofessional","article_modified_time":"2021-08-30T08:50:50+00:00","og_image":[{"width":2000,"height":1483,"url":"https:\/\/www.electroluxprofessional.com\/cz\/wp-content\/uploads\/2017\/02\/food1.jpg","type":"image\/jpeg"}],"twitter_card":"summary_large_image","twitter_site":"@ElectroluxPro","twitter_misc":{"Odhadovan\u00e1 doba \u010dten\u00ed":"2 minuty"},"schema":{"@context":"https:\/\/schema.org","@graph":[{"@type":"WebPage","@id":"https:\/\/www.electroluxprofessional.com\/cz\/commercial-kitchen-equipment\/dynamicka-priprava\/texture-modified-meals-solutions\/","url":"https:\/\/www.electroluxprofessional.com\/cz\/commercial-kitchen-equipment\/dynamicka-priprava\/texture-modified-meals-solutions\/","name":"\u0158e\u0161en\u00ed textury j\u00eddla - Electrolux Professional \u010cesk\u00e1 republika","isPartOf":{"@id":"https:\/\/www.electroluxprofessional.com\/cz\/#website"},"primaryImageOfPage":{"@id":"https:\/\/www.electroluxprofessional.com\/cz\/commercial-kitchen-equipment\/dynamicka-priprava\/texture-modified-meals-solutions\/#primaryimage"},"image":{"@id":"https:\/\/www.electroluxprofessional.com\/cz\/commercial-kitchen-equipment\/dynamicka-priprava\/texture-modified-meals-solutions\/#primaryimage"},"thumbnailUrl":"https:\/\/www.electroluxprofessional.com\/cz\/wp-content\/uploads\/2017\/02\/food1.jpg","datePublished":"2017-02-14T10:32:19+00:00","dateModified":"2021-08-30T08:50:50+00:00","description":"Excellent homogenisation to prepare plates for spoon-feeding or semi-liquid feeding for recovering patients. Discover our texture modified meals solutions.","breadcrumb":{"@id":"https:\/\/www.electroluxprofessional.com\/cz\/commercial-kitchen-equipment\/dynamicka-priprava\/texture-modified-meals-solutions\/#breadcrumb"},"inLanguage":"cs","potentialAction":[{"@type":"ReadAction","target":["https:\/\/www.electroluxprofessional.com\/cz\/commercial-kitchen-equipment\/dynamicka-priprava\/texture-modified-meals-solutions\/"]}]},{"@type":"ImageObject","inLanguage":"cs","@id":"https:\/\/www.electroluxprofessional.com\/cz\/commercial-kitchen-equipment\/dynamicka-priprava\/texture-modified-meals-solutions\/#primaryimage","url":"https:\/\/www.electroluxprofessional.com\/cz\/wp-content\/uploads\/2017\/02\/food1.jpg","contentUrl":"https:\/\/www.electroluxprofessional.com\/cz\/wp-content\/uploads\/2017\/02\/food1.jpg","width":2000,"height":1483,"caption":"food1"},{"@type":"BreadcrumbList","@id":"https:\/\/www.electroluxprofessional.com\/cz\/commercial-kitchen-equipment\/dynamicka-priprava\/texture-modified-meals-solutions\/#breadcrumb","itemListElement":[{"@type":"ListItem","position":1,"name":"Home","item":"https:\/\/www.electroluxprofessional.com\/cz\/"},{"@type":"ListItem","position":2,"name":"FoodService &#8211; Gastro","item":"https:\/\/www.electroluxprofessional.com\/cz\/commercial-kitchen-equipment\/"},{"@type":"ListItem","position":3,"name":"Dynamick\u00e1 p\u0159\u00edprava: kr\u00e1je\u010de, mix\u00e9ry, kutry, n\u00e1\u0159ezov\u00e9 stroje","item":"https:\/\/www.electroluxprofessional.com\/cz\/commercial-kitchen-equipment\/dynamicka-priprava\/"},{"@type":"ListItem","position":4,"name":"\u0158e\u0161en\u00ed textury j\u00eddla"}]},{"@type":"WebSite","@id":"https:\/\/www.electroluxprofessional.com\/cz\/#website","url":"https:\/\/www.electroluxprofessional.com\/cz\/","name":"Electrolux Professional \u010cesk\u00e1 republika","description":"","potentialAction":[{"@type":"SearchAction","target":{"@type":"EntryPoint","urlTemplate":"https:\/\/www.electroluxprofessional.com\/cz\/?src={search_term_string}"},"query-input":"required name=search_term_string"}],"inLanguage":"cs"}]}},"_links":{"self":[{"href":"https:\/\/www.electroluxprofessional.com\/cz\/wp-json\/wp\/v2\/pages\/8480"}],"collection":[{"href":"https:\/\/www.electroluxprofessional.com\/cz\/wp-json\/wp\/v2\/pages"}],"about":[{"href":"https:\/\/www.electroluxprofessional.com\/cz\/wp-json\/wp\/v2\/types\/page"}],"author":[{"embeddable":true,"href":"https:\/\/www.electroluxprofessional.com\/cz\/wp-json\/wp\/v2\/users\/39"}],"replies":[{"embeddable":true,"href":"https:\/\/www.electroluxprofessional.com\/cz\/wp-json\/wp\/v2\/comments?post=8480"}],"version-history":[{"count":3,"href":"https:\/\/www.electroluxprofessional.com\/cz\/wp-json\/wp\/v2\/pages\/8480\/revisions"}],"predecessor-version":[{"id":8484,"href":"https:\/\/www.electroluxprofessional.com\/cz\/wp-json\/wp\/v2\/pages\/8480\/revisions\/8484"}],"up":[{"embeddable":true,"href":"https:\/\/www.electroluxprofessional.com\/cz\/wp-json\/wp\/v2\/pages\/2155"}],"wp:featuredmedia":[{"embeddable":true,"href":"https:\/\/www.electroluxprofessional.com\/cz\/wp-json\/wp\/v2\/media\/8478"}],"wp:attachment":[{"href":"https:\/\/www.electroluxprofessional.com\/cz\/wp-json\/wp\/v2\/media?parent=8480"}],"curies":[{"name":"wp","href":"https:\/\/api.w.org\/{rel}","templated":true}]}}