{"id":8436,"date":"2021-07-21T22:42:42","date_gmt":"2021-07-21T20:42:42","guid":{"rendered":"https:\/\/www.electroluxprofessional.com\/?page_id=35872"},"modified":"2022-06-08T18:31:19","modified_gmt":"2022-06-08T18:31:19","slug":"zero-waste-all-taste","status":"publish","type":"page","link":"https:\/\/www.electroluxprofessional.com\/cz\/commercial-kitchen-equipment\/zero-waste-all-taste\/","title":{"rendered":"Mnoho chut\u00ed, \u017e\u00e1dn\u00fd odpad"},"content":{"rendered":"<p>[vc_row full_width=&#8221;electroluxpro-full-width-no-padding&#8221;][vc_column][elx_hero_title label=&#8221;&#8221; label_background_color=&#8221;inherit&#8221; background_image=&#8221;8426&#8243;][\/elx_hero_title][\/vc_column][\/vc_row][vc_row][vc_column width=&#8221;1\/6&#8243;][vc_empty_space][\/vc_column][vc_column width=&#8221;2\/3&#8243;][vc_empty_space][elx_heading font_container=&#8221;h1&#8243; text_color=&#8221;inherit&#8221; text_align=&#8221;text-center&#8221;]Mnoho chut\u00ed, \u017e\u00e1dn\u00fd odpad[\/elx_heading][vc_column_text]<\/p>\n<p style=\"text-align: center;\">P\u0159edstavujeme n\u00e1\u0161 revolu\u010dn\u00ed koncept kompletn\u00edch slu\u017eeb v\u010detn\u011b vybaven\u00ed, p\u0159edprodejn\u00edch a servisn\u00edch slu\u017eeb, \u0161kolen\u00ed zam\u011bstnanc\u016f, v\u00fdvoje receptur, v\u00fdpo\u010dtu n\u00e1vratnosti a anal\u00fdzy n\u00e1klad\u016f na potraviny.<\/p>\n<p>[\/vc_column_text][vc_empty_space][\/vc_column][vc_column width=&#8221;1\/6&#8243;][vc_empty_space][\/vc_column][\/vc_row][vc_row][vc_column width=&#8221;1\/5&#8243;][vc_column_text]<\/p>\n<p style=\"text-align: center;\"><strong>P\u0159edprodejn\u00ed a servisn\u00ed slu\u017eby<\/strong><\/p>\n<p>[\/vc_column_text][vc_empty_space][vc_single_image image=&#8221;8427&#8243; img_size=&#8221;150&#215;150&#8243; alignment=&#8221;center&#8221;][vc_empty_space][\/vc_column][vc_column width=&#8221;1\/5&#8243;][vc_column_text el_class=&#8221;text-box&#8221;]<\/p>\n<p style=\"text-align: center;\"><strong>V\u00fdvoj recept\u016f<\/strong><\/p>\n<p>[\/vc_column_text][vc_empty_space][vc_single_image image=&#8221;8428&#8243; img_size=&#8221;150&#215;150&#8243; alignment=&#8221;center&#8221;][vc_empty_space][\/vc_column][vc_column width=&#8221;1\/5&#8243;][vc_column_text el_class=&#8221;text-box&#8221;]<\/p>\n<p style=\"text-align: center;\"><strong>Vybaven\u00ed<\/strong><\/p>\n<p>[\/vc_column_text][vc_empty_space][vc_single_image image=&#8221;8429&#8243; img_size=&#8221;150&#215;150&#8243; alignment=&#8221;center&#8221;][vc_empty_space][\/vc_column][vc_column width=&#8221;1\/5&#8243;][vc_column_text el_class=&#8221;text-box&#8221;]<\/p>\n<p style=\"text-align: center;\"><strong>\u0160kolen\u00ed<br \/>\nzam\u011bstnanc\u016f<\/strong><\/p>\n<p>[\/vc_column_text][vc_empty_space][vc_single_image image=&#8221;8430&#8243; img_size=&#8221;150&#215;150&#8243; alignment=&#8221;center&#8221;][vc_empty_space][\/vc_column][vc_column width=&#8221;1\/5&#8243;][vc_column_text el_class=&#8221;text-box&#8221;]<\/p>\n<p style=\"text-align: center;\"><strong>N\u00e1vratnost a<br \/>\nanal\u00fdza n\u00e1klad\u016f na potraviny<\/strong><\/p>\n<p>[\/vc_column_text][vc_empty_space][vc_single_image image=&#8221;8431&#8243; img_size=&#8221;150&#215;150&#8243; alignment=&#8221;center&#8221;][vc_empty_space][\/vc_column][\/vc_row][vc_row full_width=&#8221;electroluxpro-full-width-no-padding&#8221;][vc_column][vc_empty_space][\/vc_column][\/vc_row][vc_row full_width=&#8221;electroluxpro-full-width-no-padding&#8221;][vc_column][elx_full_banner title=&#8221;Koncept&#8221; background_image_media_library=&#8221;8434&#8243; background_image_media_library_mobile=&#8221;35888&#8243; link=&#8221;url:%23contact-us|title:Chci%20v%C3%ADce%20informac%C3%AD&#8221;][\/vc_column][\/vc_row][vc_row full_width=&#8221;electroluxpro-full-width-no-padding&#8221;][vc_column][vc_empty_space][\/vc_column][\/vc_row][vc_row equal_height=&#8221;yes&#8221; content_placement=&#8221;middle&#8221;][vc_column width=&#8221;1\/2&#8243; css=&#8221;.vc_custom_1625765769545{background-color: #f6f6f6 !important;}&#8221;][vc_column_text css=&#8221;.vc_custom_1630267744612{padding-top: 30px !important;padding-right: 30px !important;padding-bottom: 30px !important;padding-left: 30px !important;}&#8221;]<\/p>\n<h3>Za\u010dn\u011bme p\u011bkn\u011b od za\u010d\u00e1tku.<br \/>\nJak za\u010dal koncept \u201cZero waste, all taste\u201d ?<\/h3>\n<p>Odpad z potravin je celosv\u011btov\u00fdm probl\u00e9mem, kter\u00fd se stal od roku 2016 hlavn\u00edm bodem k \u0159e\u0161en\u00ed ve spole\u010dnosti Electrolux Professional.<\/p>\n<p>Spu\u0161t\u011bn\u00fd koncept \u201c<strong>Zero waste, all taste<\/strong>\u201d ukazuje, jak lze i ty nejz\u00e1kladn\u011bj\u0161\u00ed a nejlevn\u011bj\u0161\u00ed p\u0159\u00edsady, kter\u00fdmi se tak \u010dasto pl\u00fdtv\u00e1, pou\u017e\u00edt k vytvo\u0159en\u00ed gurm\u00e1nsk\u00e9ho z\u00e1\u017eitku.[\/vc_column_text][\/vc_column][vc_column width=&#8221;1\/2&#8243; css=&#8221;.vc_custom_1625766114767{margin-right: 0px !important;margin-left: 0px !important;border-right-width: 0px !important;border-left-width: 0px !important;padding-right: 0px !important;padding-left: 0px !important;}&#8221;][vc_single_image image=&#8221;8432&#8243; img_size=&#8221;large&#8221;][\/vc_column][\/vc_row][vc_row equal_height=&#8221;yes&#8221; content_placement=&#8221;middle&#8221;][vc_column width=&#8221;1\/2&#8243; offset=&#8221;vc_hidden-sm vc_hidden-xs&#8221; css=&#8221;.vc_custom_1625766125841{margin-right: 0px !important;margin-left: 0px !important;border-right-width: 0px !important;border-left-width: 0px !important;padding-right: 0px !important;padding-left: 0px !important;}&#8221;][vc_single_image image=&#8221;8433&#8243; img_size=&#8221;large&#8221;][\/vc_column][vc_column width=&#8221;1\/2&#8243; css=&#8221;.vc_custom_1625766073771{background-color: #f6f6f6 !important;}&#8221; offset=&#8221;vc_hidden-sm vc_hidden-xs&#8221;][vc_column_text css=&#8221;.vc_custom_1630267693687{padding-top: 30px !important;padding-right: 30px !important;padding-bottom: 30px !important;padding-left: 30px !important;}&#8221;]<\/p>\n<h3>Jak m\u016f\u017eeme zm\u011bnit v\u011bci k lep\u0161\u00edmu?<\/h3>\n<p>Supermarkety prod\u00e1vaj\u00ed velk\u00e9 mno\u017estv\u00ed \u010derstv\u00fdch potravin, kter\u00e9 jsou \u010dasto vyhozeny, jakmile uplyne jejich datum spot\u0159eby.<\/p>\n<p>Na\u0161i kucha\u0159i se chopili t\u00e9to p\u0159\u00edle\u017eitosti a na\u0161li<strong> inovativn\u00ed zp\u016fsoby, jak zkombinovat tyto suroviny do gurm\u00e1nsk\u00fdch pokrm\u016f.<\/strong><\/p>\n<p>S potravinami, jako jsou t\u0159eba mrkev nebo ban\u00e1n,<strong> m\u016f\u017eete z\u00edskat zna\u010dn\u00fd profit s velmi mal\u00fdm dopadem na \u017eivotn\u00ed prost\u0159ed\u00ed.<\/strong> To, co se \u010dasto vyhazuje, m\u016f\u017eete vyu\u017e\u00edt v jedine\u010dn\u00fdch gurm\u00e1nsk\u00fd pokrmech podle recept\u016f mnoha sv\u011btov\u00fdch kuchyn\u00ed.[\/vc_column_text][\/vc_column][\/vc_row][vc_row equal_height=&#8221;yes&#8221; content_placement=&#8221;middle&#8221;][vc_column width=&#8221;1\/2&#8243; css=&#8221;.vc_custom_1625766001912{background-color: #f6f6f6 !important;}&#8221; offset=&#8221;vc_hidden-lg vc_hidden-md&#8221;][vc_column_text css=&#8221;.vc_custom_1627368856381{padding-top: 30px !important;padding-right: 30px !important;padding-bottom: 30px !important;padding-left: 30px !important;}&#8221;]<\/p>\n<h3>How can we change things for the better?<\/h3>\n<p>Supermarkets carry large quantities of fresh ingredients that are often thrown out as soon as they pass their expiration date.<br \/>\nOur chefs turned this into an opportunity, searching for <strong>innovative ways to combine these ingredients into gourmet meals<\/strong>.<br \/>\nWith foods as simple as carrots or bananas, <strong>you can earn a substantial profit with a very low impact on the environment<\/strong>. You can use what often goes to waste in unique, gourmet dishes that borrow from a range of cuisines.<br \/>\n[\/vc_column_text][\/vc_column][vc_column width=&#8221;1\/2&#8243; offset=&#8221;vc_hidden-lg vc_hidden-md&#8221;][vc_single_image image=&#8221;8433&#8243; img_size=&#8221;large&#8221;][\/vc_column][\/vc_row][vc_row][vc_column][vc_empty_space][elx_full_banner title=&#8221;Krok vp\u0159ed&#8221; background_image_media_library=&#8221;8435&#8243; background_image_media_library_mobile=&#8221;35896&#8243; link=&#8221;|||&#8221;][vc_empty_space][\/vc_column][\/vc_row][vc_row][vc_column width=&#8221;1\/2&#8243;][vc_column_text css=&#8221;.vc_custom_1630267879518{padding-top: 30px !important;padding-right: 30px !important;padding-bottom: 30px !important;padding-left: 30px !important;}&#8221;]B\u011bhem pandemie v roce 2021 n\u00e1s zas\u00e1hly zm\u011bny ve stravovac\u00edch n\u00e1vyc\u00edch: <strong>spot\u0159ebitel\u00e9 za\u010dali v\u00edce db\u00e1t na sv\u00e9 zdrav\u00ed a uv\u011bdomovat si, co jed\u00ed<\/strong> a zaj\u00edmat se o ot\u00e1zky pl\u00fdtv\u00e1n\u00ed potravinami a jeho dopadu na \u017eivotn\u00ed prost\u0159ed\u00ed.<\/p>\n<p><strong>Lid\u00e9 se v\u00edce ne\u017e kdy jindy zaj\u00edmaj\u00ed o p\u0159\u00edrodn\u00ed a zdravou v\u00fd\u017eivu nejen ve sv\u00fdch kuchyn\u00edch<\/strong>, ale tak\u00e9 v restaurac\u00edch, z\u00e1vodn\u00edch kant\u00fdn\u00e1ch a \u0161koln\u00edch j\u00eddeln\u00e1ch sv\u00fdch d\u011bt\u00ed.[\/vc_column_text][\/vc_column][vc_column width=&#8221;1\/2&#8243;][vc_column_text css=&#8221;.vc_custom_1630267916107{padding-top: 30px !important;padding-right: 30px !important;padding-bottom: 30px !important;padding-left: 30px !important;}&#8221;]<strong>Do sv\u00fdch projekt\u016f zahrnujeme nov\u00e9 oblasti podnik\u00e1n\u00ed<\/strong> a t\u011b\u0161\u00edme se na zji\u0161t\u011bn\u00ed, co nov\u00e9ho n\u00e1m v\u0161em p\u0159inese.[\/vc_column_text][\/vc_column][\/vc_row][vc_row][vc_column css=&#8221;.vc_custom_1625767325842{background-color: #3b4536 !important;}&#8221;][vc_empty_space][vc_column_text]<\/p>\n<h2 style=\"text-align: center;\"><span style=\"color: #ffffff;\">Spole\u010dn\u011b pro lep\u0161\u00ed \u017eivotn\u00ed prost\u0159ed\u00ed<\/span><\/h2>\n<p>[\/vc_column_text][vc_empty_space][vc_column_text css=&#8221;.vc_custom_1630268168450{padding-right: 50px !important;padding-left: 50px !important;}&#8221;]<\/p>\n<p style=\"text-align: center;\"><span style=\"color: #ffffff;\">Spolupracujeme s Nadac\u00ed Electrolux Food, abychom s touto iniciativou za\u010dali nejprve u na\u0161ich zam\u011bstnanc\u016f a pot\u00e9 inspirovali udr\u017eiteln\u011bj\u0161\u00edm v\u00fdb\u011brem potravin spot\u0159ebitele a profesion\u00e1ly z oboru. Tento projet tak\u00e9 podporuj\u00ed AIESEC a glob\u00e1ln\u00ed partnersv\u00ed Feed the Planet.<\/span><\/p>\n<p style=\"text-align: center;\"><span style=\"color: #ffffff;\">P\u0159e\u010dt\u011bte si v\u00edce na<br \/>\n<a style=\"color: #ffffff;\" href=\"https:\/\/www.replate.com\/\">https:\/\/www.replate.com\/<\/a><\/span><\/p>\n<p>[\/vc_column_text][vc_empty_space][\/vc_column][\/vc_row][vc_row][vc_column][vc_empty_space][\/vc_column][\/vc_row][vc_row el_id=&#8221;contact-us&#8221;][vc_column][vc_empty_space][elx_heading text_color=&#8221;inherit&#8221; text_align=&#8221;text-center&#8221;]Napi\u0161te n\u00e1m pro v\u00edce inforamc\u00ed<br \/>\no Zero Waste, All Taste[\/elx_heading][elx_o2000_contact_us r=&#8221;Pros\u00edm, za\u0161lete mi v\u00edce informac\u00ed o &#8230;&#8221; s=&#8221;Po\u017eadavek z webov\u00fdch str\u00e1nek Electrolux Professional&#8221; country=&#8221;Czech Republic&#8221; b=&#8221;food&#8221; e=&#8221;&#8221; l=&#8221;cz&#8221;][\/vc_column][\/vc_row]<\/p>\n","protected":false},"excerpt":{"rendered":"<p>[vc_row full_width=&#8221;electroluxpro-full-width-no-padding&#8221;][vc_column][elx_hero_title label=&#8221;&#8221; label_background_color=&#8221;inherit&#8221; background_image=&#8221;8426&#8243;][\/elx_hero_title][\/vc_column][\/vc_row][vc_row][vc_column width=&#8221;1\/6&#8243;][vc_empty_space][\/vc_column][vc_column width=&#8221;2\/3&#8243;][vc_empty_space][elx_heading font_container=&#8221;h1&#8243; text_color=&#8221;inherit&#8221; text_align=&#8221;text-center&#8221;]Mnoho chut\u00ed, \u017e\u00e1dn\u00fd odpad[\/elx_heading][vc_column_text] P\u0159edstavujeme n\u00e1\u0161 revolu\u010dn\u00ed koncept kompletn\u00edch slu\u017eeb v\u010detn\u011b vybaven\u00ed, p\u0159edprodejn\u00edch a servisn\u00edch slu\u017eeb, \u0161kolen\u00ed zam\u011bstnanc\u016f, v\u00fdvoje receptur, v\u00fdpo\u010dtu n\u00e1vratnosti a anal\u00fdzy n\u00e1klad\u016f na potraviny. [\/vc_column_text][vc_empty_space][\/vc_column][vc_column width=&#8221;1\/6&#8243;][vc_empty_space][\/vc_column][\/vc_row][vc_row][vc_column width=&#8221;1\/5&#8243;][vc_column_text] P\u0159edprodejn\u00ed a servisn\u00ed slu\u017eby [\/vc_column_text][vc_empty_space][vc_single_image image=&#8221;8427&#8243; img_size=&#8221;150&#215;150&#8243; alignment=&#8221;center&#8221;][vc_empty_space][\/vc_column][vc_column width=&#8221;1\/5&#8243;][vc_column_text el_class=&#8221;text-box&#8221;] V\u00fdvoj recept\u016f [\/vc_column_text][vc_empty_space][vc_single_image image=&#8221;8428&#8243; img_size=&#8221;150&#215;150&#8243; alignment=&#8221;center&#8221;][vc_empty_space][\/vc_column][vc_column [&hellip;]<\/p>\n","protected":false},"author":39,"featured_media":8426,"parent":1155,"menu_order":0,"comment_status":"closed","ping_status":"closed","template":"","meta":{"footnotes":""},"class_list":["post-8436","page","type-page","status-publish","has-post-thumbnail","hentry"],"acf":[],"yoast_head":"<!-- This site is optimized with the Yoast SEO plugin v23.3 - https:\/\/yoast.com\/wordpress\/plugins\/seo\/ -->\n<title>Mnoho chut\u00ed, \u017e\u00e1dn\u00fd odpad - Electrolux Professional \u010cesk\u00e1 republika<\/title>\n<meta name=\"description\" content=\"P\u0159edstavujeme n\u00e1\u0161 revolu\u010dn\u00ed koncept kompletn\u00edch slu\u017eeb zahrnuj\u00edc\u00ed vybaven\u00ed, p\u0159edprodejn\u00ed a servisn\u00ed slu\u017eby, \u0161kolen\u00ed zam\u011bstnanc\u016f a je\u0161t\u011b mnoho dal\u0161\u00edho!\" \/>\n<meta name=\"robots\" content=\"index, follow, max-snippet:-1, max-image-preview:large, max-video-preview:-1\" \/>\n<link rel=\"canonical\" href=\"https:\/\/www.electroluxprofessional.com\/cz\/commercial-kitchen-equipment\/zero-waste-all-taste\/\" \/>\n<meta property=\"og:locale\" content=\"cs_CZ\" \/>\n<meta property=\"og:type\" content=\"article\" \/>\n<meta property=\"og:title\" content=\"Mnoho chut\u00ed, \u017e\u00e1dn\u00fd odpad - Electrolux Professional \u010cesk\u00e1 republika\" \/>\n<meta property=\"og:description\" content=\"P\u0159edstavujeme n\u00e1\u0161 revolu\u010dn\u00ed koncept kompletn\u00edch slu\u017eeb zahrnuj\u00edc\u00ed vybaven\u00ed, p\u0159edprodejn\u00ed a servisn\u00ed slu\u017eby, \u0161kolen\u00ed zam\u011bstnanc\u016f a je\u0161t\u011b mnoho dal\u0161\u00edho!\" \/>\n<meta property=\"og:url\" content=\"https:\/\/www.electroluxprofessional.com\/cz\/commercial-kitchen-equipment\/zero-waste-all-taste\/\" \/>\n<meta property=\"og:site_name\" content=\"Electrolux Professional \u010cesk\u00e1 republika\" \/>\n<meta property=\"article:publisher\" content=\"https:\/\/www.facebook.com\/electroluxprofessional\" \/>\n<meta property=\"article:modified_time\" content=\"2022-06-08T18:31:19+00:00\" \/>\n<meta property=\"og:image\" content=\"https:\/\/www.electroluxprofessional.com\/cz\/wp-content\/uploads\/2021\/07\/2021188EI-00-Banner-Zero-Waste-All-Taste-1920x680-1.jpeg\" \/>\n\t<meta property=\"og:image:width\" content=\"1920\" \/>\n\t<meta property=\"og:image:height\" content=\"680\" \/>\n\t<meta property=\"og:image:type\" content=\"image\/jpeg\" \/>\n<meta name=\"twitter:card\" content=\"summary_large_image\" \/>\n<meta name=\"twitter:site\" content=\"@ElectroluxPro\" \/>\n<meta name=\"twitter:label1\" content=\"Odhadovan\u00e1 doba \u010dten\u00ed\" \/>\n\t<meta name=\"twitter:data1\" content=\"6 minut\" \/>\n<script type=\"application\/ld+json\" class=\"yoast-schema-graph\">{\"@context\":\"https:\/\/schema.org\",\"@graph\":[{\"@type\":\"WebPage\",\"@id\":\"https:\/\/www.electroluxprofessional.com\/cz\/commercial-kitchen-equipment\/zero-waste-all-taste\/\",\"url\":\"https:\/\/www.electroluxprofessional.com\/cz\/commercial-kitchen-equipment\/zero-waste-all-taste\/\",\"name\":\"Mnoho chut\u00ed, \u017e\u00e1dn\u00fd odpad - Electrolux Professional \u010cesk\u00e1 republika\",\"isPartOf\":{\"@id\":\"https:\/\/www.electroluxprofessional.com\/cz\/#website\"},\"primaryImageOfPage\":{\"@id\":\"https:\/\/www.electroluxprofessional.com\/cz\/commercial-kitchen-equipment\/zero-waste-all-taste\/#primaryimage\"},\"image\":{\"@id\":\"https:\/\/www.electroluxprofessional.com\/cz\/commercial-kitchen-equipment\/zero-waste-all-taste\/#primaryimage\"},\"thumbnailUrl\":\"https:\/\/www.electroluxprofessional.com\/cz\/wp-content\/uploads\/2021\/07\/2021188EI-00-Banner-Zero-Waste-All-Taste-1920x680-1.jpeg\",\"datePublished\":\"2021-07-21T20:42:42+00:00\",\"dateModified\":\"2022-06-08T18:31:19+00:00\",\"description\":\"P\u0159edstavujeme n\u00e1\u0161 revolu\u010dn\u00ed koncept kompletn\u00edch slu\u017eeb zahrnuj\u00edc\u00ed vybaven\u00ed, p\u0159edprodejn\u00ed a servisn\u00ed slu\u017eby, \u0161kolen\u00ed zam\u011bstnanc\u016f a je\u0161t\u011b mnoho dal\u0161\u00edho!\",\"breadcrumb\":{\"@id\":\"https:\/\/www.electroluxprofessional.com\/cz\/commercial-kitchen-equipment\/zero-waste-all-taste\/#breadcrumb\"},\"inLanguage\":\"cs\",\"potentialAction\":[{\"@type\":\"ReadAction\",\"target\":[\"https:\/\/www.electroluxprofessional.com\/cz\/commercial-kitchen-equipment\/zero-waste-all-taste\/\"]}]},{\"@type\":\"ImageObject\",\"inLanguage\":\"cs\",\"@id\":\"https:\/\/www.electroluxprofessional.com\/cz\/commercial-kitchen-equipment\/zero-waste-all-taste\/#primaryimage\",\"url\":\"https:\/\/www.electroluxprofessional.com\/cz\/wp-content\/uploads\/2021\/07\/2021188EI-00-Banner-Zero-Waste-All-Taste-1920x680-1.jpeg\",\"contentUrl\":\"https:\/\/www.electroluxprofessional.com\/cz\/wp-content\/uploads\/2021\/07\/2021188EI-00-Banner-Zero-Waste-All-Taste-1920x680-1.jpeg\",\"width\":1920,\"height\":680,\"caption\":\"2021188EI-00-Banner-Zero-Waste-All-Taste-1920x680\"},{\"@type\":\"BreadcrumbList\",\"@id\":\"https:\/\/www.electroluxprofessional.com\/cz\/commercial-kitchen-equipment\/zero-waste-all-taste\/#breadcrumb\",\"itemListElement\":[{\"@type\":\"ListItem\",\"position\":1,\"name\":\"Home\",\"item\":\"https:\/\/www.electroluxprofessional.com\/cz\/\"},{\"@type\":\"ListItem\",\"position\":2,\"name\":\"FoodService &#8211; Gastro\",\"item\":\"https:\/\/www.electroluxprofessional.com\/cz\/commercial-kitchen-equipment\/\"},{\"@type\":\"ListItem\",\"position\":3,\"name\":\"Mnoho chut\u00ed, \u017e\u00e1dn\u00fd odpad\"}]},{\"@type\":\"WebSite\",\"@id\":\"https:\/\/www.electroluxprofessional.com\/cz\/#website\",\"url\":\"https:\/\/www.electroluxprofessional.com\/cz\/\",\"name\":\"Electrolux Professional \u010cesk\u00e1 republika\",\"description\":\"\",\"potentialAction\":[{\"@type\":\"SearchAction\",\"target\":{\"@type\":\"EntryPoint\",\"urlTemplate\":\"https:\/\/www.electroluxprofessional.com\/cz\/?src={search_term_string}\"},\"query-input\":\"required name=search_term_string\"}],\"inLanguage\":\"cs\"}]}<\/script>\n<!-- \/ Yoast SEO plugin. -->","yoast_head_json":{"title":"Mnoho chut\u00ed, \u017e\u00e1dn\u00fd odpad - Electrolux Professional \u010cesk\u00e1 republika","description":"P\u0159edstavujeme n\u00e1\u0161 revolu\u010dn\u00ed koncept kompletn\u00edch slu\u017eeb zahrnuj\u00edc\u00ed vybaven\u00ed, p\u0159edprodejn\u00ed a servisn\u00ed slu\u017eby, \u0161kolen\u00ed zam\u011bstnanc\u016f a je\u0161t\u011b mnoho dal\u0161\u00edho!","robots":{"index":"index","follow":"follow","max-snippet":"max-snippet:-1","max-image-preview":"max-image-preview:large","max-video-preview":"max-video-preview:-1"},"canonical":"https:\/\/www.electroluxprofessional.com\/cz\/commercial-kitchen-equipment\/zero-waste-all-taste\/","og_locale":"cs_CZ","og_type":"article","og_title":"Mnoho chut\u00ed, \u017e\u00e1dn\u00fd odpad - Electrolux Professional \u010cesk\u00e1 republika","og_description":"P\u0159edstavujeme n\u00e1\u0161 revolu\u010dn\u00ed koncept kompletn\u00edch slu\u017eeb zahrnuj\u00edc\u00ed vybaven\u00ed, p\u0159edprodejn\u00ed a servisn\u00ed slu\u017eby, \u0161kolen\u00ed zam\u011bstnanc\u016f a je\u0161t\u011b mnoho dal\u0161\u00edho!","og_url":"https:\/\/www.electroluxprofessional.com\/cz\/commercial-kitchen-equipment\/zero-waste-all-taste\/","og_site_name":"Electrolux Professional \u010cesk\u00e1 republika","article_publisher":"https:\/\/www.facebook.com\/electroluxprofessional","article_modified_time":"2022-06-08T18:31:19+00:00","og_image":[{"width":1920,"height":680,"url":"https:\/\/www.electroluxprofessional.com\/cz\/wp-content\/uploads\/2021\/07\/2021188EI-00-Banner-Zero-Waste-All-Taste-1920x680-1.jpeg","type":"image\/jpeg"}],"twitter_card":"summary_large_image","twitter_site":"@ElectroluxPro","twitter_misc":{"Odhadovan\u00e1 doba \u010dten\u00ed":"6 minut"},"schema":{"@context":"https:\/\/schema.org","@graph":[{"@type":"WebPage","@id":"https:\/\/www.electroluxprofessional.com\/cz\/commercial-kitchen-equipment\/zero-waste-all-taste\/","url":"https:\/\/www.electroluxprofessional.com\/cz\/commercial-kitchen-equipment\/zero-waste-all-taste\/","name":"Mnoho chut\u00ed, \u017e\u00e1dn\u00fd odpad - Electrolux Professional \u010cesk\u00e1 republika","isPartOf":{"@id":"https:\/\/www.electroluxprofessional.com\/cz\/#website"},"primaryImageOfPage":{"@id":"https:\/\/www.electroluxprofessional.com\/cz\/commercial-kitchen-equipment\/zero-waste-all-taste\/#primaryimage"},"image":{"@id":"https:\/\/www.electroluxprofessional.com\/cz\/commercial-kitchen-equipment\/zero-waste-all-taste\/#primaryimage"},"thumbnailUrl":"https:\/\/www.electroluxprofessional.com\/cz\/wp-content\/uploads\/2021\/07\/2021188EI-00-Banner-Zero-Waste-All-Taste-1920x680-1.jpeg","datePublished":"2021-07-21T20:42:42+00:00","dateModified":"2022-06-08T18:31:19+00:00","description":"P\u0159edstavujeme n\u00e1\u0161 revolu\u010dn\u00ed koncept kompletn\u00edch slu\u017eeb zahrnuj\u00edc\u00ed vybaven\u00ed, p\u0159edprodejn\u00ed a servisn\u00ed slu\u017eby, \u0161kolen\u00ed zam\u011bstnanc\u016f a je\u0161t\u011b mnoho dal\u0161\u00edho!","breadcrumb":{"@id":"https:\/\/www.electroluxprofessional.com\/cz\/commercial-kitchen-equipment\/zero-waste-all-taste\/#breadcrumb"},"inLanguage":"cs","potentialAction":[{"@type":"ReadAction","target":["https:\/\/www.electroluxprofessional.com\/cz\/commercial-kitchen-equipment\/zero-waste-all-taste\/"]}]},{"@type":"ImageObject","inLanguage":"cs","@id":"https:\/\/www.electroluxprofessional.com\/cz\/commercial-kitchen-equipment\/zero-waste-all-taste\/#primaryimage","url":"https:\/\/www.electroluxprofessional.com\/cz\/wp-content\/uploads\/2021\/07\/2021188EI-00-Banner-Zero-Waste-All-Taste-1920x680-1.jpeg","contentUrl":"https:\/\/www.electroluxprofessional.com\/cz\/wp-content\/uploads\/2021\/07\/2021188EI-00-Banner-Zero-Waste-All-Taste-1920x680-1.jpeg","width":1920,"height":680,"caption":"2021188EI-00-Banner-Zero-Waste-All-Taste-1920x680"},{"@type":"BreadcrumbList","@id":"https:\/\/www.electroluxprofessional.com\/cz\/commercial-kitchen-equipment\/zero-waste-all-taste\/#breadcrumb","itemListElement":[{"@type":"ListItem","position":1,"name":"Home","item":"https:\/\/www.electroluxprofessional.com\/cz\/"},{"@type":"ListItem","position":2,"name":"FoodService &#8211; Gastro","item":"https:\/\/www.electroluxprofessional.com\/cz\/commercial-kitchen-equipment\/"},{"@type":"ListItem","position":3,"name":"Mnoho chut\u00ed, \u017e\u00e1dn\u00fd odpad"}]},{"@type":"WebSite","@id":"https:\/\/www.electroluxprofessional.com\/cz\/#website","url":"https:\/\/www.electroluxprofessional.com\/cz\/","name":"Electrolux Professional \u010cesk\u00e1 republika","description":"","potentialAction":[{"@type":"SearchAction","target":{"@type":"EntryPoint","urlTemplate":"https:\/\/www.electroluxprofessional.com\/cz\/?src={search_term_string}"},"query-input":"required name=search_term_string"}],"inLanguage":"cs"}]}},"_links":{"self":[{"href":"https:\/\/www.electroluxprofessional.com\/cz\/wp-json\/wp\/v2\/pages\/8436"}],"collection":[{"href":"https:\/\/www.electroluxprofessional.com\/cz\/wp-json\/wp\/v2\/pages"}],"about":[{"href":"https:\/\/www.electroluxprofessional.com\/cz\/wp-json\/wp\/v2\/types\/page"}],"author":[{"embeddable":true,"href":"https:\/\/www.electroluxprofessional.com\/cz\/wp-json\/wp\/v2\/users\/39"}],"replies":[{"embeddable":true,"href":"https:\/\/www.electroluxprofessional.com\/cz\/wp-json\/wp\/v2\/comments?post=8436"}],"version-history":[{"count":10,"href":"https:\/\/www.electroluxprofessional.com\/cz\/wp-json\/wp\/v2\/pages\/8436\/revisions"}],"predecessor-version":[{"id":9660,"href":"https:\/\/www.electroluxprofessional.com\/cz\/wp-json\/wp\/v2\/pages\/8436\/revisions\/9660"}],"up":[{"embeddable":true,"href":"https:\/\/www.electroluxprofessional.com\/cz\/wp-json\/wp\/v2\/pages\/1155"}],"wp:featuredmedia":[{"embeddable":true,"href":"https:\/\/www.electroluxprofessional.com\/cz\/wp-json\/wp\/v2\/media\/8426"}],"wp:attachment":[{"href":"https:\/\/www.electroluxprofessional.com\/cz\/wp-json\/wp\/v2\/media?parent=8436"}],"curies":[{"name":"wp","href":"https:\/\/api.w.org\/{rel}","templated":true}]}}