{"id":7552,"date":"2016-04-28T15:37:22","date_gmt":"2016-04-28T15:37:22","guid":{"rendered":"https:\/\/www.electroluxprofessional.com\/?page_id=402"},"modified":"2026-04-08T12:19:17","modified_gmt":"2026-04-08T12:19:17","slug":"hospitals","status":"publish","type":"page","link":"https:\/\/www.electroluxprofessional.com\/cz\/hospitals\/","title":{"rendered":"Hospitals"},"content":{"rendered":"<p>[vc_row css=&#8221;.vc_custom_1517925565079{background-color: #041e41 !important;}&#8221;][vc_column reveal_effect=&#8221;&#8221; width=&#8221;2\/3&#8243;][vc_empty_space][vc_row_inner full_width=&#8221;electroluxpro-full-width-no-padding&#8221;][vc_column_inner width=&#8221;1\/4&#8243;][vc_single_image image=&#8221;7551&#8243; img_size=&#8221;full&#8221;][\/vc_column_inner][vc_column_inner width=&#8221;3\/4&#8243;][vc_empty_space height=&#8221;25px&#8221;][elx_heading font_container=&#8221;h1&#8243; font_size=&#8221;h1&#8243; text_color=&#8221;care&#8221;]Hospitals[\/elx_heading][\/vc_column_inner][\/vc_row_inner][vc_empty_space height=&#8221;50px&#8221;][elx_heading font_container=&#8221;h3&#8243; text_color=&#8221;white&#8221;]&#8221;We see the difference. Our patients feel it. \u00a0No other provider understands the specific health processes of our industry better and offer such excellent solutions.&#8221;[\/elx_heading][vc_empty_space height=&#8221;25px&#8221;][vc_column_text]<\/p>\n<p style=\"color: #fff;\"><strong>Daniel Bertrand<\/strong><br \/>\nLaundry Operator<br \/>\n<strong>Bourges, France<\/strong><\/p>\n<p>[\/vc_column_text][\/vc_column][vc_column reveal_effect=&#8221;&#8221; width=&#8221;1\/3&#8243;][elx_image_block background_image=&#8221;573&#8243; minimum_height=&#8221;580px&#8221;][\/vc_column][\/vc_row][vc_row][vc_column][elx_heading font_size=&#8221;h3&#8243; text_color=&#8221;inherit&#8221; text_align=&#8221;text-left&#8221;]For complete germ-free hygiene<br \/>\nwithout compromise[\/elx_heading][vc_empty_space][vc_column_text]<\/p>\n<p style=\"text-align: left;\">Hospitals and clinics have<span style=\"color: #019bbf;\"> very strict hygiene regulations<br \/>\n<\/span>covering the handling and <span style=\"color: #019bbf;\">cleaning of linen, laundry,\u00a0towels and staff clothing<\/span>.<\/p>\n<p>[\/vc_column_text][\/vc_column][\/vc_row][vc_row equal_height=&#8221;yes&#8221; content_placement=&#8221;middle&#8221; video_bg=&#8221;yes&#8221; video_bg_parallax=&#8221;content-moving&#8221;][vc_column reveal_effect=&#8221;&#8221; width=&#8221;2\/3&#8243;][elx_heading font_size=&#8221;h3&#8243; text_color=&#8221;inherit&#8221;]Hygiene necessity[\/elx_heading][vc_column_text]<\/p>\n<ul>\n<li>Professional laundry solutions that meet even the most stringent respect all the strict requirements of <strong>sanitary insulation<br \/>\n<\/strong><\/li>\n<li>Global leader in <strong>barrier laundry solutions<\/strong> with more than 500 installations every year<br \/>\n<strong>\u00a0\u00a0<\/strong><\/li>\n<li>Intelligent features, such as the unique Certus Management\u2122 Information System for maximum <strong>control and traceability<\/strong> in all laundry processes<br \/>\n<strong>\u00a0\u00a0<\/strong><\/li>\n<li>Improved efficiency and productivity thanks to more wash loads per day<br \/>\n<strong>\u00a0\u00a0<\/strong><\/li>\n<li><strong>Service Excellence<\/strong>: the world\u2019s most extensive network for installation, spare parts and maintenance<\/li>\n<\/ul>\n<p>[\/vc_column_text][\/vc_column][vc_column width=&#8221;1\/3&#8243;][elx_image_block background_image=&#8221;1745&#8243; minimum_height=&#8221;200px&#8221;][\/vc_column][\/vc_row][vc_row][vc_column][vc_empty_space][\/vc_column][\/vc_row][vc_row equal_height=&#8221;yes&#8221;][vc_column width=&#8221;2\/3&#8243;][elx_video_block background_image=&#8221;575&#8243; video_link=&#8221;https:\/\/www.youtube.com\/watch?v=dsOhbvScsz8&#8243; minimum_height=&#8221;300px&#8221;][\/vc_column][vc_column width=&#8221;1\/3&#8243;][elx_heading font_container=&#8221;h3&#8243; font_size=&#8221;h3&#8243; text_color=&#8221;inherit&#8221;]The Peking Union Medical College Hospital[\/elx_heading][vc_column_text]With the rapid pace of social and urban development in the entire country PUMCH has been looking to remain at the cutting edge of technology in catering to its laundry needs.[\/vc_column_text][\/vc_column][\/vc_row][vc_row][vc_column][vc_empty_space][elx_heading font_size=&#8221;h3&#8243; text_color=&#8221;care&#8221; text_align=&#8221;text-left&#8221;]Laundry Linen Flow[\/elx_heading][vc_empty_space height=&#8221;20px&#8221;][elx_heading font_container=&#8221;h3&#8243; font_size=&#8221;h5&#8243; text_color=&#8221;inherit&#8221;]An efficient care solution for you. A comfortable lifestyle for patients and guests.[\/elx_heading][vc_column_text]Provide your residents with best-in-class <strong>comfort<\/strong>, <strong>safety<\/strong> and the highest <strong>hygiene<\/strong> levels while maintaining full cost control. Bedlinen, towels, serviettes and clothing require special cleaning solutions that eradicate the risk of infection and cross-contamination.[\/vc_column_text][vc_empty_space][vc_column_text][laundry-cycle-management][\/vc_column_text][elx_heading font_container=&#8221;h4&#8243; font_size=&#8221;h5&#8243; text_color=&#8221;inherit&#8221;]Get in touch with our experts[\/elx_heading][elx_o2000_contact_us s=&#8221;Request of information about laundry solutions for Hospitals&#8221; b=&#8221;laundry&#8221; container=&#8221;elxcontactus1480952722&#8243; r=&#8221;I would like to find out more about your laundry solutions for Hospitals.&#8221;][\/vc_column][\/vc_row][vc_row css=&#8221;.vc_custom_1522939207643{background-color: #ededc9 !important;}&#8221;][vc_column][elx_heading font_size=&#8221;h3&#8243; text_color=&#8221;inherit&#8221; text_align=&#8221;text-left&#8221;]Beverage solutions<br \/>\n[\/elx_heading][vc_empty_space][\/vc_column][\/vc_row][vc_row equal_height=&#8221;yes&#8221; css=&#8221;.vc_custom_1522941413247{background-color: #ededc9 !important;}&#8221;][vc_column width=&#8221;1\/2&#8243;][elx_simple_link_block link=&#8221;url:https%3A%2F%2Fwww.electroluxprofessional.com%2Fcz%2Fbeverage-solutions%2F|title:Beverage%20solutions||&#8221; text_align=&#8221;text-left&#8221; text_color=&#8221;inherit&#8221; background_color=&#8221;inherit&#8221; background_hover_color=&#8221;darker-hover&#8221; extra_class=&#8221;&#8221; reveal_effect=&#8221;&#8221; reveal_duration=&#8221;&#8221; reveal_delay=&#8221;&#8221;][vc_single_image image=&#8221;4871&#8243; img_size=&#8221;full&#8221;][\/elx_simple_link_block][\/vc_column][vc_column width=&#8221;1\/2&#8243;][elx_simple_link_block link=&#8221;url:https%3A%2F%2Fwww.electroluxprofessional.com%2Fcz%2Fbeverage-solutions%2F|title:Beverage%20solutions||&#8221; text_align=&#8221;text-left&#8221; text_color=&#8221;inherit&#8221; background_color=&#8221;inherit&#8221; background_hover_color=&#8221;darker-hover&#8221; extra_class=&#8221;&#8221; reveal_effect=&#8221;&#8221; reveal_duration=&#8221;&#8221; reveal_delay=&#8221;&#8221;][elx_heading font_container=&#8221;h3&#8243; font_size=&#8221;h5&#8243; text_color=&#8221;inherit&#8221;]A complete hospitality[\/elx_heading][vc_column_text]An extensive offering of <strong>coffee &amp;\u00a0beverage solutions<\/strong>\u00a0to exceed your customers\u2019 expectations, along with a team of experts who joined us to serve you.<\/p>\n<ul>\n<li>Coffee &amp; tea brewers<\/li>\n<li>Coffee grinders<\/li>\n<li>Cold bubblers<\/li>\n<li>Hot and frozen beverage dispensers<\/li>\n<li>and much more&#8230;<\/li>\n<\/ul>\n<p>[\/vc_column_text][\/elx_simple_link_block][elx_button button_text=&#8221;Discover the coffee &amp; beverage offer&#8221; button_style=&#8221;icon-blue&#8221; button_link=&#8221;url:https%3A%2F%2Fwww.electroluxprofessional.com%2Fcz%2Fbeverage-solutions%2F|title:coffee%20and%20beverage%20solutions||&#8221;][\/vc_column][\/vc_row][vc_row][vc_column][vc_empty_space][elx_heading font_size=&#8221;h3&#8243; text_color=&#8221;orange&#8221; text_align=&#8221;text-left&#8221;]Food production and distribution[\/elx_heading][vc_empty_space height=&#8221;20px&#8221;][elx_heading font_container=&#8221;h3&#8243; font_size=&#8221;h5&#8243; text_color=&#8221;inherit&#8221;]Electrolux Professional is also a top solution provider for food production and distribution in risky environment.[\/elx_heading][vc_column_text]<\/p>\n<p style=\"text-align: left;\">Hospital wards are often a long way from the kitchen, which adds to the logistical burden and increases the risk of delays between production, service, delivery and consumption.<\/p>\n<p style=\"text-align: left;\">Partnering with our workflow experts helps you in the planning processes to avoid such risks in major functional areas such as storage, refrigeration and food service.<\/p>\n<h4><\/h4>\n<p>[\/vc_column_text][vc_empty_space height=&#8221;20px&#8221;][vc_single_image image=&#8221;1746&#8243; img_size=&#8221;full&#8221; alignment=&#8221;center&#8221;][elx_heading font_container=&#8221;h3&#8243; font_size=&#8221;h5&#8243; text_color=&#8221;inherit&#8221;]Get in touch with our experts[\/elx_heading][elx_o2000_contact_us s=&#8221;Request of information about food service solutions for Hospitals&#8221; container=&#8221;elxcontactus14809527222&#8243; r=&#8221;I would like to find out more about your food service solutions for Hospitals.&#8221;][\/vc_column][\/vc_row][vc_row][vc_column][vc_empty_space height=&#8221;50px&#8221;][\/vc_column][\/vc_row][vc_row][vc_column][vc_tta_tabs active_section=&#8221;1&#8243; title=&#8221;Solutions for Hospitals&#8221;][vc_tta_section title=&#8221;Laundry&#8221; tab_id=&#8221;1465542896542-38a9f91e-2d02&#8243;][vc_row_inner][vc_column_inner width=&#8221;1\/2&#8243;][vc_single_image image=&#8221;1747&#8243; img_size=&#8221;large&#8221;][\/vc_column_inner][vc_column_inner width=&#8221;1\/2&#8243;][elx_heading font_container=&#8221;h3&#8243; font_size=&#8221;h3&#8243; text_color=&#8221;orange&#8221;]Beijing Union Hospital, China[\/elx_heading][vc_column_text]From 7 to 10 tons per shift<\/p>\n<p>The installation includes:<\/p>\n<ul>\n<li>13 x Pullman Barrier Washers (110kg)<\/li>\n<li>15 x Tumble Dryers (60kg)<\/li>\n<li>2 x C-Flex 930-2 Flatwork Ironers<\/li>\n<\/ul>\n<p>[\/vc_column_text][\/vc_column_inner][\/vc_row_inner][\/vc_tta_section][vc_tta_section title=&#8221;Kitchen&#8221; tab_id=&#8221;hospital-kitchen-package&#8221;][vc_row_inner][vc_column_inner width=&#8221;1\/2&#8243;][vc_single_image image=&#8221;578&#8243; img_size=&#8221;large&#8221;][\/vc_column_inner][vc_column_inner width=&#8221;1\/2&#8243;][elx_heading font_container=&#8221;h3&#8243; font_size=&#8221;h3&#8243; text_color=&#8221;orange&#8221;]Burgos, Spain[\/elx_heading][vc_column_text]1000 beds<\/p>\n<p>The installation includes:<\/p>\n<ul>\n<li>Horizontal Cooking XP line.<\/li>\n<li>Electrolux air-o-steam Touchline ovens, each with 40 trays to give a totale of 800 menus per shift<\/li>\n<\/ul>\n<p>[\/vc_column_text][\/vc_column_inner][\/vc_row_inner][\/vc_tta_section][\/vc_tta_tabs][\/vc_column][\/vc_row][vc_row][vc_column][elx_heading font_size=&#8221;h3&#8243; text_color=&#8221;inherit&#8221;]Get in touch with our team of experts[\/elx_heading][elx_o2000_contact_us s=&#8221;Your request: solutions for hospitals&#8221; container=&#8221;elxcontactus1466429981&#8243; r=&#8221;I would like to find the best solution for my Hospital. Please get in touch with me.&#8221;][\/vc_column][\/vc_row][vc_row][vc_column][vc_empty_space height=&#8221;50px&#8221;][\/vc_column][\/vc_row][vc_row][vc_column][elx_heading font_container=&#8221;h3&#8243; font_size=&#8221;h3&#8243; text_color=&#8221;inherit&#8221;]Read more about our solutions for Hospitals[\/elx_heading][vc_empty_space][\/vc_column][\/vc_row][vc_row][vc_column width=&#8221;1\/3&#8243;][elx_download_block text=&#8221;Healthcare Laundry<br \/>\nBrochure&#8221; link=&#8221;http:\/\/files.professional.electrolux.com\/docs\/?n=A0004&amp;t=BR&amp;l=1&#8243; background_color=&#8221;electrolux-blue&#8221; reveal_effect=&#8221;fadeIn&#8221; reveal_duration=&#8221;&#8221; reveal_delay=&#8221;&#8221;][\/vc_column][vc_column width=&#8221;1\/3&#8243;][elx_download_block text=&#8221;Hyvolution Barrier Washer Brochure&#8221; link=&#8221;files.professional.electrolux.com\/docs\/?n=A0016&amp;t=BR&amp;l=1&#8243; background_color=&#8221;electrolux-blue&#8221; reveal_effect=&#8221;fadeIn&#8221; reveal_duration=&#8221;&#8221; reveal_delay=&#8221;&#8221;][\/vc_column][vc_column width=&#8221;1\/3&#8243;][elx_download_block text=&#8221;Range Overview<br \/>\nHygiene Laundry&#8221; link=&#8221;http:\/\/tools.professional.electrolux.com\/Mirror\/Doc\/ELS\/RO\/RO_Hygiene%20Laundry_ENG_lo.pdf&#8221; background_color=&#8221;electrolux-blue&#8221; reveal_effect=&#8221;fadeIn&#8221; reveal_duration=&#8221;&#8221; reveal_delay=&#8221;&#8221;][\/vc_column][\/vc_row][vc_row][vc_column][vc_empty_space][\/vc_column][\/vc_row]<\/p>\n","protected":false},"excerpt":{"rendered":"<p>[vc_row css=&#8221;.vc_custom_1517925565079{background-color: #041e41 !important;}&#8221;][vc_column reveal_effect=&#8221;&#8221; width=&#8221;2\/3&#8243;][vc_empty_space][vc_row_inner full_width=&#8221;electroluxpro-full-width-no-padding&#8221;][vc_column_inner width=&#8221;1\/4&#8243;][vc_single_image image=&#8221;7551&#8243; img_size=&#8221;full&#8221;][\/vc_column_inner][vc_column_inner width=&#8221;3\/4&#8243;][vc_empty_space height=&#8221;25px&#8221;][elx_heading font_container=&#8221;h1&#8243; font_size=&#8221;h1&#8243; text_color=&#8221;care&#8221;]Hospitals[\/elx_heading][\/vc_column_inner][\/vc_row_inner][vc_empty_space height=&#8221;50px&#8221;][elx_heading font_container=&#8221;h3&#8243; text_color=&#8221;white&#8221;]&#8221;We see the difference. Our patients feel it. \u00a0No other provider understands the specific health processes of our industry better and offer such excellent solutions.&#8221;[\/elx_heading][vc_empty_space height=&#8221;25px&#8221;][vc_column_text] Daniel Bertrand Laundry Operator Bourges, France [\/vc_column_text][\/vc_column][vc_column reveal_effect=&#8221;&#8221; width=&#8221;1\/3&#8243;][elx_image_block background_image=&#8221;573&#8243; minimum_height=&#8221;580px&#8221;][\/vc_column][\/vc_row][vc_row][vc_column][elx_heading font_size=&#8221;h3&#8243; [&hellip;]<\/p>\n","protected":false},"author":39,"featured_media":574,"parent":0,"menu_order":0,"comment_status":"closed","ping_status":"closed","template":"","meta":{"footnotes":""},"class_list":["post-7552","page","type-page","status-publish","has-post-thumbnail","hentry"],"acf":[],"yoast_head":"<!-- This site is optimized with the Yoast SEO plugin v23.3 - https:\/\/yoast.com\/wordpress\/plugins\/seo\/ -->\n<title>Hospitals - Electrolux Professional<\/title>\n<meta name=\"description\" content=\"Hospitals and clinics need to respect very strict hygiene regulations, for this reason Electrolux Professional solutions meet the strictest requirements.\" \/>\n<meta name=\"robots\" content=\"index, follow, max-snippet:-1, max-image-preview:large, max-video-preview:-1\" \/>\n<link rel=\"canonical\" href=\"https:\/\/www.electroluxprofessional.com\/cz\/hospitals\/\" \/>\n<meta property=\"og:locale\" content=\"cs_CZ\" \/>\n<meta property=\"og:type\" content=\"article\" \/>\n<meta property=\"og:title\" content=\"Hospitals - Electrolux Professional\" \/>\n<meta property=\"og:description\" content=\"Hospitals and clinics need to respect very strict hygiene regulations, for this reason Electrolux Professional solutions meet the strictest requirements.\" \/>\n<meta property=\"og:url\" content=\"https:\/\/www.electroluxprofessional.com\/cz\/hospitals\/\" \/>\n<meta property=\"og:site_name\" content=\"Electrolux Professional \u010cesk\u00e1 republika\" \/>\n<meta property=\"article:publisher\" content=\"https:\/\/www.facebook.com\/electroluxprofessional\" \/>\n<meta property=\"article:modified_time\" content=\"2026-04-08T12:19:17+00:00\" \/>\n<meta property=\"og:image\" content=\"https:\/\/www.electroluxprofessional.com\/cz\/wp-content\/uploads\/2016\/05\/doctor-hospital-hands.jpg\" \/>\n\t<meta property=\"og:image:width\" content=\"667\" \/>\n\t<meta property=\"og:image:height\" content=\"500\" \/>\n\t<meta property=\"og:image:type\" content=\"image\/jpeg\" \/>\n<meta name=\"twitter:card\" content=\"summary_large_image\" \/>\n<meta name=\"twitter:site\" content=\"@ElectroluxPro\" \/>\n<meta name=\"twitter:label1\" content=\"Odhadovan\u00e1 doba \u010dten\u00ed\" \/>\n\t<meta name=\"twitter:data1\" content=\"6 minut\" \/>\n<script type=\"application\/ld+json\" class=\"yoast-schema-graph\">{\"@context\":\"https:\/\/schema.org\",\"@graph\":[{\"@type\":\"WebPage\",\"@id\":\"https:\/\/www.electroluxprofessional.com\/cz\/hospitals\/\",\"url\":\"https:\/\/www.electroluxprofessional.com\/cz\/hospitals\/\",\"name\":\"Hospitals - Electrolux Professional\",\"isPartOf\":{\"@id\":\"https:\/\/www.electroluxprofessional.com\/cz\/#website\"},\"primaryImageOfPage\":{\"@id\":\"https:\/\/www.electroluxprofessional.com\/cz\/hospitals\/#primaryimage\"},\"image\":{\"@id\":\"https:\/\/www.electroluxprofessional.com\/cz\/hospitals\/#primaryimage\"},\"thumbnailUrl\":\"https:\/\/www.electroluxprofessional.com\/cz\/wp-content\/uploads\/2016\/05\/doctor-hospital-hands.jpg\",\"datePublished\":\"2016-04-28T15:37:22+00:00\",\"dateModified\":\"2026-04-08T12:19:17+00:00\",\"description\":\"Hospitals and clinics need to respect very strict hygiene regulations, for this reason Electrolux Professional solutions meet the strictest requirements.\",\"breadcrumb\":{\"@id\":\"https:\/\/www.electroluxprofessional.com\/cz\/hospitals\/#breadcrumb\"},\"inLanguage\":\"cs\",\"potentialAction\":[{\"@type\":\"ReadAction\",\"target\":[\"https:\/\/www.electroluxprofessional.com\/cz\/hospitals\/\"]}]},{\"@type\":\"ImageObject\",\"inLanguage\":\"cs\",\"@id\":\"https:\/\/www.electroluxprofessional.com\/cz\/hospitals\/#primaryimage\",\"url\":\"https:\/\/www.electroluxprofessional.com\/cz\/wp-content\/uploads\/2016\/05\/doctor-hospital-hands.jpg\",\"contentUrl\":\"https:\/\/www.electroluxprofessional.com\/cz\/wp-content\/uploads\/2016\/05\/doctor-hospital-hands.jpg\",\"width\":667,\"height\":500,\"caption\":\"hospital and care homes\"},{\"@type\":\"BreadcrumbList\",\"@id\":\"https:\/\/www.electroluxprofessional.com\/cz\/hospitals\/#breadcrumb\",\"itemListElement\":[{\"@type\":\"ListItem\",\"position\":1,\"name\":\"Home\",\"item\":\"https:\/\/www.electroluxprofessional.com\/cz\/\"},{\"@type\":\"ListItem\",\"position\":2,\"name\":\"Hospitals\"}]},{\"@type\":\"WebSite\",\"@id\":\"https:\/\/www.electroluxprofessional.com\/cz\/#website\",\"url\":\"https:\/\/www.electroluxprofessional.com\/cz\/\",\"name\":\"Electrolux Professional \u010cesk\u00e1 republika\",\"description\":\"\",\"potentialAction\":[{\"@type\":\"SearchAction\",\"target\":{\"@type\":\"EntryPoint\",\"urlTemplate\":\"https:\/\/www.electroluxprofessional.com\/cz\/?src={search_term_string}\"},\"query-input\":\"required name=search_term_string\"}],\"inLanguage\":\"cs\"}]}<\/script>\n<!-- \/ Yoast SEO plugin. -->","yoast_head_json":{"title":"Hospitals - Electrolux Professional","description":"Hospitals and clinics need to respect very strict hygiene regulations, for this reason Electrolux Professional solutions meet the strictest requirements.","robots":{"index":"index","follow":"follow","max-snippet":"max-snippet:-1","max-image-preview":"max-image-preview:large","max-video-preview":"max-video-preview:-1"},"canonical":"https:\/\/www.electroluxprofessional.com\/cz\/hospitals\/","og_locale":"cs_CZ","og_type":"article","og_title":"Hospitals - Electrolux Professional","og_description":"Hospitals and clinics need to respect very strict hygiene regulations, for this reason Electrolux Professional solutions meet the strictest requirements.","og_url":"https:\/\/www.electroluxprofessional.com\/cz\/hospitals\/","og_site_name":"Electrolux Professional \u010cesk\u00e1 republika","article_publisher":"https:\/\/www.facebook.com\/electroluxprofessional","article_modified_time":"2026-04-08T12:19:17+00:00","og_image":[{"width":667,"height":500,"url":"https:\/\/www.electroluxprofessional.com\/cz\/wp-content\/uploads\/2016\/05\/doctor-hospital-hands.jpg","type":"image\/jpeg"}],"twitter_card":"summary_large_image","twitter_site":"@ElectroluxPro","twitter_misc":{"Odhadovan\u00e1 doba \u010dten\u00ed":"6 minut"},"schema":{"@context":"https:\/\/schema.org","@graph":[{"@type":"WebPage","@id":"https:\/\/www.electroluxprofessional.com\/cz\/hospitals\/","url":"https:\/\/www.electroluxprofessional.com\/cz\/hospitals\/","name":"Hospitals - Electrolux Professional","isPartOf":{"@id":"https:\/\/www.electroluxprofessional.com\/cz\/#website"},"primaryImageOfPage":{"@id":"https:\/\/www.electroluxprofessional.com\/cz\/hospitals\/#primaryimage"},"image":{"@id":"https:\/\/www.electroluxprofessional.com\/cz\/hospitals\/#primaryimage"},"thumbnailUrl":"https:\/\/www.electroluxprofessional.com\/cz\/wp-content\/uploads\/2016\/05\/doctor-hospital-hands.jpg","datePublished":"2016-04-28T15:37:22+00:00","dateModified":"2026-04-08T12:19:17+00:00","description":"Hospitals and clinics need to respect very strict hygiene regulations, for this reason Electrolux Professional solutions meet the strictest requirements.","breadcrumb":{"@id":"https:\/\/www.electroluxprofessional.com\/cz\/hospitals\/#breadcrumb"},"inLanguage":"cs","potentialAction":[{"@type":"ReadAction","target":["https:\/\/www.electroluxprofessional.com\/cz\/hospitals\/"]}]},{"@type":"ImageObject","inLanguage":"cs","@id":"https:\/\/www.electroluxprofessional.com\/cz\/hospitals\/#primaryimage","url":"https:\/\/www.electroluxprofessional.com\/cz\/wp-content\/uploads\/2016\/05\/doctor-hospital-hands.jpg","contentUrl":"https:\/\/www.electroluxprofessional.com\/cz\/wp-content\/uploads\/2016\/05\/doctor-hospital-hands.jpg","width":667,"height":500,"caption":"hospital and care homes"},{"@type":"BreadcrumbList","@id":"https:\/\/www.electroluxprofessional.com\/cz\/hospitals\/#breadcrumb","itemListElement":[{"@type":"ListItem","position":1,"name":"Home","item":"https:\/\/www.electroluxprofessional.com\/cz\/"},{"@type":"ListItem","position":2,"name":"Hospitals"}]},{"@type":"WebSite","@id":"https:\/\/www.electroluxprofessional.com\/cz\/#website","url":"https:\/\/www.electroluxprofessional.com\/cz\/","name":"Electrolux Professional \u010cesk\u00e1 republika","description":"","potentialAction":[{"@type":"SearchAction","target":{"@type":"EntryPoint","urlTemplate":"https:\/\/www.electroluxprofessional.com\/cz\/?src={search_term_string}"},"query-input":"required name=search_term_string"}],"inLanguage":"cs"}]}},"_links":{"self":[{"href":"https:\/\/www.electroluxprofessional.com\/cz\/wp-json\/wp\/v2\/pages\/7552"}],"collection":[{"href":"https:\/\/www.electroluxprofessional.com\/cz\/wp-json\/wp\/v2\/pages"}],"about":[{"href":"https:\/\/www.electroluxprofessional.com\/cz\/wp-json\/wp\/v2\/types\/page"}],"author":[{"embeddable":true,"href":"https:\/\/www.electroluxprofessional.com\/cz\/wp-json\/wp\/v2\/users\/39"}],"replies":[{"embeddable":true,"href":"https:\/\/www.electroluxprofessional.com\/cz\/wp-json\/wp\/v2\/comments?post=7552"}],"version-history":[{"count":3,"href":"https:\/\/www.electroluxprofessional.com\/cz\/wp-json\/wp\/v2\/pages\/7552\/revisions"}],"predecessor-version":[{"id":15220,"href":"https:\/\/www.electroluxprofessional.com\/cz\/wp-json\/wp\/v2\/pages\/7552\/revisions\/15220"}],"wp:featuredmedia":[{"embeddable":true,"href":"https:\/\/www.electroluxprofessional.com\/cz\/wp-json\/wp\/v2\/media\/574"}],"wp:attachment":[{"href":"https:\/\/www.electroluxprofessional.com\/cz\/wp-json\/wp\/v2\/media?parent=7552"}],"curies":[{"name":"wp","href":"https:\/\/api.w.org\/{rel}","templated":true}]}}