{"id":6795,"date":"2016-11-25T11:47:53","date_gmt":"2016-11-25T11:47:53","guid":{"rendered":"https:\/\/www.electroluxprofessional.com\/?page_id=5890"},"modified":"2021-01-19T10:47:56","modified_gmt":"2021-01-19T10:47:56","slug":"knead-whip-sheet-2","status":"publish","type":"page","link":"https:\/\/www.electroluxprofessional.com\/cz\/commercial-kitchen-equipment\/knead-whip-sheet-2\/","title":{"rendered":"P\u0159\u00edprava j\u00eddla: hn\u011bten\u00ed, mixov\u00e1n\u00ed a vyvalov\u00e1n\u00ed"},"content":{"rendered":"<p>[vc_row full_width=&#8221;electroluxpro-full-width-no-padding&#8221;][vc_column][elx_image_block background_image=&#8221;1917&#8243; minimum_height=&#8221;350px&#8221;][\/vc_column][\/vc_row][vc_row][vc_column][vc_empty_space][elx_heading font_container=&#8221;h1&#8243; font_size=&#8221;h3&#8243; text_color=&#8221;inherit&#8221; text_align=&#8221;text-left&#8221;]Electrolux Professional nab\u00edz\u00ed \u0161irokou \u0161k\u00e1lu planetov\u00fdch mix\u00e9r\u016f, hn\u011bta\u010d\u016f a vyvalova\u010dek t\u011bsta, kter\u00e9 vyhovuj\u00ed pot\u0159eb\u00e1m v\u0161ech pek\u00e1rensk\u00fdm a cukr\u00e1\u0159sk\u00fdm provoz\u016fm a pizzeri\u00edm.[\/elx_heading][vc_empty_space][\/vc_column][\/vc_row][vc_row][vc_column width=&#8221;1\/3&#8243;][vc_single_image image=&#8221;1918&#8243; img_size=&#8221;full&#8221;][elx_heading font_size=&#8221;h3&#8243; text_color=&#8221;inherit&#8221; text_align=&#8221;text-left&#8221;]Planet\u00e1rn\u00ed mix\u00e9ry[\/elx_heading][vc_column_text]Maximum performance. Compact yet powerful. Sturdiness above all.<\/p>\n<p>A wide range of planetary mixers: <strong>from 5 to 80 litres<\/strong>.<br \/>\nEasy to add ingredients during operation.<br \/>\nA \u201cclip\u201d system, without screws, for\u00a0easy removal and cleaning of the splashguard.[\/vc_column_text][vc_column_text]Superior performance in kneading, blending and whipping thanks to:<\/p>\n<ul>\n<li>exclusive design<\/li>\n<li>variable speed rotation<\/li>\n<li>tools that perfectly adapt to the bowl, for uniform mixing of even smallest quantities<\/li>\n<li>100% dishwasher safe\u00a0tools, bowl and splash guard<\/li>\n<\/ul>\n<p>[\/vc_column_text][\/vc_column][vc_column width=&#8221;1\/3&#8243;][vc_single_image image=&#8221;1920&#8243; img_size=&#8221;360*360&#8243;][elx_heading font_size=&#8221;h3&#8243; text_color=&#8221;inherit&#8221; text_align=&#8221;text-left&#8221;]Hn\u011bta\u010de t\u011bsta[\/elx_heading][vc_column_text]Always a perfect mixture.<\/p>\n<p><strong>Dough kneaders<\/strong>, are the best choice for professional bakeries and pizzerias. We offer <strong>fork and spiral kneaders<\/strong> for preparing specialty bread, pizza dough and pastry.<\/p>\n<p><strong>Optimum kneading quality<\/strong> is reached every time by using either the slow speed for traditional kneading or an alternative speed for fast kneading.<\/p>\n<p>Kneading units have a user-friendly touch control panel, with a timer for<strong> precise control<\/strong>.<\/p>\n<p>Additionally, a <strong>safety device<\/strong> stops the machine when the protection\u00a0screen is open.[\/vc_column_text][\/vc_column][vc_column width=&#8221;1\/3&#8243;][vc_single_image image=&#8221;1921&#8243; img_size=&#8221;360*360&#8243;][vc_empty_space height=&#8221;50px&#8221;][elx_heading font_size=&#8221;h3&#8243; text_color=&#8221;inherit&#8221; text_align=&#8221;text-left&#8221;]Vyvalova\u010dky t\u011bsta[\/elx_heading][elx_heading font_container=&#8221;h3&#8243; font_size=&#8221;h5&#8243; text_color=&#8221;inherit&#8221; text_align=&#8221;text-left&#8221;]Manual[\/elx_heading][vc_column_text]<\/p>\n<ul>\n<li>Compact and easy to move<\/li>\n<li>Teflon coated cylinders (\u00d8 60 mm)<\/li>\n<li>Working width: 400 mm<\/li>\n<li>Removable stainless steel slides<\/li>\n<\/ul>\n<p>[\/vc_column_text][elx_heading font_container=&#8221;h3&#8243; font_size=&#8221;h5&#8243; text_color=&#8221;inherit&#8221; text_align=&#8221;text-left&#8221;]Motorized[\/elx_heading][vc_column_text]<\/p>\n<ul>\n<li>Wire safety screen<\/li>\n<li>Teflon coated removable slides facilitate the sliding of the dough<\/li>\n<li>Chrome plated steel cylinders (\u00d8 60 mm) may be adjusted depending on the thickness requested<\/li>\n<li>Manual lever to invert cylinder rotation<\/li>\n<li>Flour container fixed on the top of the machine<\/li>\n<li>Remote foot pedal to change rolling direction (optional<br \/>\naccessory)<\/li>\n<\/ul>\n<p>[\/vc_column_text][elx_heading font_container=&#8221;h3&#8243; font_size=&#8221;h5&#8243; text_color=&#8221;inherit&#8221; text_align=&#8221;text-left&#8221;]Motorized belt[\/elx_heading][vc_column_text]<\/p>\n<ul>\n<li>Models with 1 speed or variable speed<\/li>\n<li>Tables can be raised to save space<\/li>\n<li>Wire gratings with safety microswitch to stop motor if<br \/>\nraised over a particular level<\/li>\n<li>Manual lever to invert cylinder rotation<\/li>\n<li>Working widths: 500 mm or 600 mm<br \/>\n(depending on model)<\/li>\n<li>Flour container fixed on the top of the machine<\/li>\n<li>Remote foot pedal to change rolling direction<br \/>\n(optional accessory)<\/li>\n<\/ul>\n<p>[\/vc_column_text][\/vc_column][\/vc_row][vc_row][vc_column width=&#8221;1\/3&#8243;][elx_download_block text=&#8221;Product catalogue<br \/>\ndynamic preparation&#8221; link=&#8221;http:\/\/files.professional.electrolux.com\/docs\/?n=BR-9JE00129&amp;b=5&amp;l=1&#8243; background_color=&#8221;cat-create&#8221; reveal_effect=&#8221;&#8221; reveal_duration=&#8221;&#8221; reveal_delay=&#8221;&#8221;][\/vc_column][vc_column width=&#8221;1\/3&#8243;][elx_download_block text=&#8221;EMIX<br \/>\n5,5 litres planetary mixer&#8221; link=&#8221;files.professional.electrolux.com\/docs\/?n=CLF-9JE00086&amp;b=5&amp;l=1&#8243; background_color=&#8221;cat-create&#8221; reveal_effect=&#8221;&#8221; reveal_duration=&#8221;&#8221; reveal_delay=&#8221;&#8221;][\/vc_column][vc_column width=&#8221;1\/3&#8243;][elx_download_block text=&#8221;BE5 &amp; BE8<br \/>\nplanetary mixer&#8221; link=&#8221;files.professional.electrolux.com\/docs\/?n=CLF-9JEHF&amp;b=5&amp;l=1&#8243; background_color=&#8221;cat-create&#8221; reveal_effect=&#8221;&#8221; reveal_duration=&#8221;&#8221; reveal_delay=&#8221;&#8221;][\/vc_column][\/vc_row][vc_row css=&#8221;.vc_custom_1517829302842{background-color: #eeeeee !important;}&#8221;][vc_column][vc_empty_space height=&#8221;50px&#8221;][elx_heading font_size=&#8221;h3&#8243; text_color=&#8221;inherit&#8221; text_align=&#8221;text-left&#8221;]Find the ideal package for your business[\/elx_heading][\/vc_column][\/vc_row][vc_row css=&#8221;.vc_custom_1517829312963{background-color: #eeeeee !important;}&#8221;][vc_column width=&#8221;1\/3&#8243;][elx_maylike_box id_box=&#8221;2533&#8243;][\/vc_column][vc_column width=&#8221;1\/3&#8243;][elx_maylike_box id_box=&#8221;2726&#8243;][\/vc_column][vc_column width=&#8221;1\/3&#8243;][elx_maylike_box id_box=&#8221;2464&#8243;][\/vc_column][\/vc_row][vc_row][vc_column][vc_empty_space height=&#8221;50px&#8221;][elx_heading font_size=&#8221;h3&#8243; text_color=&#8221;inherit&#8221; text_align=&#8221;text-left&#8221;]Discover what our products can do for your business[\/elx_heading][elx_o2000_contact_us r=&#8221;I would like to find out more about knead, whip and sheet. Please get in touch with me.&#8221; s=&#8221;Request of information about knead, whip and sheet&#8221; container=&#8221;elxcontactus1480081277&#8243;][vc_empty_space height=&#8221;50px&#8221;][elx_heading font_container=&#8221;h3&#8243; font_size=&#8221;h3&#8243; text_color=&#8221;inherit&#8221; text_align=&#8221;text-left&#8221;]Knead, whip and sheet[\/elx_heading][\/vc_column][\/vc_row]<\/p>\n","protected":false},"excerpt":{"rendered":"<p>[vc_row full_width=&#8221;electroluxpro-full-width-no-padding&#8221;][vc_column][elx_image_block background_image=&#8221;1917&#8243; minimum_height=&#8221;350px&#8221;][\/vc_column][\/vc_row][vc_row][vc_column][vc_empty_space][elx_heading font_container=&#8221;h1&#8243; font_size=&#8221;h3&#8243; text_color=&#8221;inherit&#8221; text_align=&#8221;text-left&#8221;]Electrolux Professional nab\u00edz\u00ed \u0161irokou \u0161k\u00e1lu planetov\u00fdch mix\u00e9r\u016f, hn\u011bta\u010d\u016f a vyvalova\u010dek t\u011bsta, kter\u00e9 vyhovuj\u00ed pot\u0159eb\u00e1m v\u0161ech pek\u00e1rensk\u00fdm a cukr\u00e1\u0159sk\u00fdm provoz\u016fm a pizzeri\u00edm.[\/elx_heading][vc_empty_space][\/vc_column][\/vc_row][vc_row][vc_column width=&#8221;1\/3&#8243;][vc_single_image image=&#8221;1918&#8243; img_size=&#8221;full&#8221;][elx_heading font_size=&#8221;h3&#8243; text_color=&#8221;inherit&#8221; text_align=&#8221;text-left&#8221;]Planet\u00e1rn\u00ed mix\u00e9ry[\/elx_heading][vc_column_text]Maximum performance. Compact yet powerful. Sturdiness above all. A wide range of planetary mixers: from 5 to 80 litres. Easy to [&hellip;]<\/p>\n","protected":false},"author":39,"featured_media":1917,"parent":1155,"menu_order":0,"comment_status":"closed","ping_status":"closed","template":"","meta":{"footnotes":""},"class_list":["post-6795","page","type-page","status-publish","has-post-thumbnail","hentry"],"acf":[],"yoast_head":"<!-- This site is optimized with the Yoast SEO plugin v23.3 - https:\/\/yoast.com\/wordpress\/plugins\/seo\/ -->\n<title>P\u0159\u00edprava j\u00eddla: hn\u011bten\u00ed, mixov\u00e1n\u00ed a vyvalov\u00e1n\u00ed - Electrolux Professional \u010cesk\u00e1 republika<\/title>\n<meta name=\"description\" content=\"Knead, whip and sheet with our range of planetary mixers, dough kneaders and sheeters to suit the needs of all bakery, pastry and pizza preparations.\" \/>\n<meta name=\"robots\" content=\"index, follow, max-snippet:-1, max-image-preview:large, max-video-preview:-1\" \/>\n<link rel=\"canonical\" href=\"https:\/\/www.electroluxprofessional.com\/cz\/commercial-kitchen-equipment\/knead-whip-sheet-2\/\" \/>\n<meta property=\"og:locale\" content=\"cs_CZ\" \/>\n<meta property=\"og:type\" content=\"article\" \/>\n<meta property=\"og:title\" content=\"P\u0159\u00edprava j\u00eddla: hn\u011bten\u00ed, mixov\u00e1n\u00ed a vyvalov\u00e1n\u00ed - Electrolux Professional \u010cesk\u00e1 republika\" \/>\n<meta property=\"og:description\" content=\"Knead, whip and sheet with our range of planetary mixers, dough kneaders and sheeters to suit the needs of all bakery, pastry and pizza preparations.\" \/>\n<meta property=\"og:url\" content=\"https:\/\/www.electroluxprofessional.com\/cz\/commercial-kitchen-equipment\/knead-whip-sheet-2\/\" \/>\n<meta property=\"og:site_name\" content=\"Electrolux Professional \u010cesk\u00e1 republika\" \/>\n<meta property=\"article:publisher\" content=\"https:\/\/www.facebook.com\/electroluxprofessional\" \/>\n<meta property=\"article:modified_time\" content=\"2021-01-19T10:47:56+00:00\" \/>\n<meta property=\"og:image\" content=\"https:\/\/www.electroluxprofessional.com\/cz\/wp-content\/uploads\/2017\/02\/food-prep1.jpg\" \/>\n\t<meta property=\"og:image:width\" content=\"2000\" \/>\n\t<meta property=\"og:image:height\" content=\"1333\" \/>\n\t<meta property=\"og:image:type\" content=\"image\/jpeg\" \/>\n<meta name=\"twitter:card\" content=\"summary_large_image\" \/>\n<meta name=\"twitter:site\" content=\"@ElectroluxPro\" \/>\n<meta name=\"twitter:label1\" content=\"Odhadovan\u00e1 doba \u010dten\u00ed\" \/>\n\t<meta name=\"twitter:data1\" content=\"4 minuty\" \/>\n<script type=\"application\/ld+json\" class=\"yoast-schema-graph\">{\"@context\":\"https:\/\/schema.org\",\"@graph\":[{\"@type\":\"WebPage\",\"@id\":\"https:\/\/www.electroluxprofessional.com\/cz\/commercial-kitchen-equipment\/knead-whip-sheet-2\/\",\"url\":\"https:\/\/www.electroluxprofessional.com\/cz\/commercial-kitchen-equipment\/knead-whip-sheet-2\/\",\"name\":\"P\u0159\u00edprava j\u00eddla: hn\u011bten\u00ed, mixov\u00e1n\u00ed a vyvalov\u00e1n\u00ed - Electrolux Professional \u010cesk\u00e1 republika\",\"isPartOf\":{\"@id\":\"https:\/\/www.electroluxprofessional.com\/cz\/#website\"},\"primaryImageOfPage\":{\"@id\":\"https:\/\/www.electroluxprofessional.com\/cz\/commercial-kitchen-equipment\/knead-whip-sheet-2\/#primaryimage\"},\"image\":{\"@id\":\"https:\/\/www.electroluxprofessional.com\/cz\/commercial-kitchen-equipment\/knead-whip-sheet-2\/#primaryimage\"},\"thumbnailUrl\":\"https:\/\/www.electroluxprofessional.com\/cz\/wp-content\/uploads\/2017\/02\/food-prep1.jpg\",\"datePublished\":\"2016-11-25T11:47:53+00:00\",\"dateModified\":\"2021-01-19T10:47:56+00:00\",\"description\":\"Knead, whip and sheet with our range of planetary mixers, dough kneaders and sheeters to suit the needs of all bakery, pastry and pizza preparations.\",\"breadcrumb\":{\"@id\":\"https:\/\/www.electroluxprofessional.com\/cz\/commercial-kitchen-equipment\/knead-whip-sheet-2\/#breadcrumb\"},\"inLanguage\":\"cs\",\"potentialAction\":[{\"@type\":\"ReadAction\",\"target\":[\"https:\/\/www.electroluxprofessional.com\/cz\/commercial-kitchen-equipment\/knead-whip-sheet-2\/\"]}]},{\"@type\":\"ImageObject\",\"inLanguage\":\"cs\",\"@id\":\"https:\/\/www.electroluxprofessional.com\/cz\/commercial-kitchen-equipment\/knead-whip-sheet-2\/#primaryimage\",\"url\":\"https:\/\/www.electroluxprofessional.com\/cz\/wp-content\/uploads\/2017\/02\/food-prep1.jpg\",\"contentUrl\":\"https:\/\/www.electroluxprofessional.com\/cz\/wp-content\/uploads\/2017\/02\/food-prep1.jpg\",\"width\":2000,\"height\":1333,\"caption\":\"food-prep1\"},{\"@type\":\"BreadcrumbList\",\"@id\":\"https:\/\/www.electroluxprofessional.com\/cz\/commercial-kitchen-equipment\/knead-whip-sheet-2\/#breadcrumb\",\"itemListElement\":[{\"@type\":\"ListItem\",\"position\":1,\"name\":\"Home\",\"item\":\"https:\/\/www.electroluxprofessional.com\/cz\/\"},{\"@type\":\"ListItem\",\"position\":2,\"name\":\"FoodService &#8211; Gastro\",\"item\":\"https:\/\/www.electroluxprofessional.com\/cz\/commercial-kitchen-equipment\/\"},{\"@type\":\"ListItem\",\"position\":3,\"name\":\"P\u0159\u00edprava j\u00eddla: hn\u011bten\u00ed, mixov\u00e1n\u00ed a vyvalov\u00e1n\u00ed\"}]},{\"@type\":\"WebSite\",\"@id\":\"https:\/\/www.electroluxprofessional.com\/cz\/#website\",\"url\":\"https:\/\/www.electroluxprofessional.com\/cz\/\",\"name\":\"Electrolux Professional \u010cesk\u00e1 republika\",\"description\":\"\",\"potentialAction\":[{\"@type\":\"SearchAction\",\"target\":{\"@type\":\"EntryPoint\",\"urlTemplate\":\"https:\/\/www.electroluxprofessional.com\/cz\/?src={search_term_string}\"},\"query-input\":\"required name=search_term_string\"}],\"inLanguage\":\"cs\"}]}<\/script>\n<!-- \/ Yoast SEO plugin. -->","yoast_head_json":{"title":"P\u0159\u00edprava j\u00eddla: hn\u011bten\u00ed, mixov\u00e1n\u00ed a vyvalov\u00e1n\u00ed - Electrolux Professional \u010cesk\u00e1 republika","description":"Knead, whip and sheet with our range of planetary mixers, dough kneaders and sheeters to suit the needs of all bakery, pastry and pizza preparations.","robots":{"index":"index","follow":"follow","max-snippet":"max-snippet:-1","max-image-preview":"max-image-preview:large","max-video-preview":"max-video-preview:-1"},"canonical":"https:\/\/www.electroluxprofessional.com\/cz\/commercial-kitchen-equipment\/knead-whip-sheet-2\/","og_locale":"cs_CZ","og_type":"article","og_title":"P\u0159\u00edprava j\u00eddla: hn\u011bten\u00ed, mixov\u00e1n\u00ed a vyvalov\u00e1n\u00ed - Electrolux Professional \u010cesk\u00e1 republika","og_description":"Knead, whip and sheet with our range of planetary mixers, dough kneaders and sheeters to suit the needs of all bakery, pastry and pizza preparations.","og_url":"https:\/\/www.electroluxprofessional.com\/cz\/commercial-kitchen-equipment\/knead-whip-sheet-2\/","og_site_name":"Electrolux Professional \u010cesk\u00e1 republika","article_publisher":"https:\/\/www.facebook.com\/electroluxprofessional","article_modified_time":"2021-01-19T10:47:56+00:00","og_image":[{"width":2000,"height":1333,"url":"https:\/\/www.electroluxprofessional.com\/cz\/wp-content\/uploads\/2017\/02\/food-prep1.jpg","type":"image\/jpeg"}],"twitter_card":"summary_large_image","twitter_site":"@ElectroluxPro","twitter_misc":{"Odhadovan\u00e1 doba \u010dten\u00ed":"4 minuty"},"schema":{"@context":"https:\/\/schema.org","@graph":[{"@type":"WebPage","@id":"https:\/\/www.electroluxprofessional.com\/cz\/commercial-kitchen-equipment\/knead-whip-sheet-2\/","url":"https:\/\/www.electroluxprofessional.com\/cz\/commercial-kitchen-equipment\/knead-whip-sheet-2\/","name":"P\u0159\u00edprava j\u00eddla: hn\u011bten\u00ed, mixov\u00e1n\u00ed a vyvalov\u00e1n\u00ed - Electrolux Professional \u010cesk\u00e1 republika","isPartOf":{"@id":"https:\/\/www.electroluxprofessional.com\/cz\/#website"},"primaryImageOfPage":{"@id":"https:\/\/www.electroluxprofessional.com\/cz\/commercial-kitchen-equipment\/knead-whip-sheet-2\/#primaryimage"},"image":{"@id":"https:\/\/www.electroluxprofessional.com\/cz\/commercial-kitchen-equipment\/knead-whip-sheet-2\/#primaryimage"},"thumbnailUrl":"https:\/\/www.electroluxprofessional.com\/cz\/wp-content\/uploads\/2017\/02\/food-prep1.jpg","datePublished":"2016-11-25T11:47:53+00:00","dateModified":"2021-01-19T10:47:56+00:00","description":"Knead, whip and sheet with our range of planetary mixers, dough kneaders and sheeters to suit the needs of all bakery, pastry and pizza preparations.","breadcrumb":{"@id":"https:\/\/www.electroluxprofessional.com\/cz\/commercial-kitchen-equipment\/knead-whip-sheet-2\/#breadcrumb"},"inLanguage":"cs","potentialAction":[{"@type":"ReadAction","target":["https:\/\/www.electroluxprofessional.com\/cz\/commercial-kitchen-equipment\/knead-whip-sheet-2\/"]}]},{"@type":"ImageObject","inLanguage":"cs","@id":"https:\/\/www.electroluxprofessional.com\/cz\/commercial-kitchen-equipment\/knead-whip-sheet-2\/#primaryimage","url":"https:\/\/www.electroluxprofessional.com\/cz\/wp-content\/uploads\/2017\/02\/food-prep1.jpg","contentUrl":"https:\/\/www.electroluxprofessional.com\/cz\/wp-content\/uploads\/2017\/02\/food-prep1.jpg","width":2000,"height":1333,"caption":"food-prep1"},{"@type":"BreadcrumbList","@id":"https:\/\/www.electroluxprofessional.com\/cz\/commercial-kitchen-equipment\/knead-whip-sheet-2\/#breadcrumb","itemListElement":[{"@type":"ListItem","position":1,"name":"Home","item":"https:\/\/www.electroluxprofessional.com\/cz\/"},{"@type":"ListItem","position":2,"name":"FoodService &#8211; Gastro","item":"https:\/\/www.electroluxprofessional.com\/cz\/commercial-kitchen-equipment\/"},{"@type":"ListItem","position":3,"name":"P\u0159\u00edprava j\u00eddla: hn\u011bten\u00ed, mixov\u00e1n\u00ed a vyvalov\u00e1n\u00ed"}]},{"@type":"WebSite","@id":"https:\/\/www.electroluxprofessional.com\/cz\/#website","url":"https:\/\/www.electroluxprofessional.com\/cz\/","name":"Electrolux Professional \u010cesk\u00e1 republika","description":"","potentialAction":[{"@type":"SearchAction","target":{"@type":"EntryPoint","urlTemplate":"https:\/\/www.electroluxprofessional.com\/cz\/?src={search_term_string}"},"query-input":"required name=search_term_string"}],"inLanguage":"cs"}]}},"_links":{"self":[{"href":"https:\/\/www.electroluxprofessional.com\/cz\/wp-json\/wp\/v2\/pages\/6795"}],"collection":[{"href":"https:\/\/www.electroluxprofessional.com\/cz\/wp-json\/wp\/v2\/pages"}],"about":[{"href":"https:\/\/www.electroluxprofessional.com\/cz\/wp-json\/wp\/v2\/types\/page"}],"author":[{"embeddable":true,"href":"https:\/\/www.electroluxprofessional.com\/cz\/wp-json\/wp\/v2\/users\/39"}],"replies":[{"embeddable":true,"href":"https:\/\/www.electroluxprofessional.com\/cz\/wp-json\/wp\/v2\/comments?post=6795"}],"version-history":[{"count":4,"href":"https:\/\/www.electroluxprofessional.com\/cz\/wp-json\/wp\/v2\/pages\/6795\/revisions"}],"predecessor-version":[{"id":6796,"href":"https:\/\/www.electroluxprofessional.com\/cz\/wp-json\/wp\/v2\/pages\/6795\/revisions\/6796"}],"up":[{"embeddable":true,"href":"https:\/\/www.electroluxprofessional.com\/cz\/wp-json\/wp\/v2\/pages\/1155"}],"wp:featuredmedia":[{"embeddable":true,"href":"https:\/\/www.electroluxprofessional.com\/cz\/wp-json\/wp\/v2\/media\/1917"}],"wp:attachment":[{"href":"https:\/\/www.electroluxprofessional.com\/cz\/wp-json\/wp\/v2\/media?parent=6795"}],"curies":[{"name":"wp","href":"https:\/\/api.w.org\/{rel}","templated":true}]}}