{"id":6279,"date":"2019-10-10T11:24:59","date_gmt":"2019-10-10T09:24:59","guid":{"rendered":"https:\/\/www.electroluxprofessional.com\/?page_id=23338"},"modified":"2025-11-06T12:41:00","modified_gmt":"2025-11-06T12:41:00","slug":"facility-management","status":"publish","type":"page","link":"https:\/\/www.electroluxprofessional.com\/cz\/facility-management\/","title":{"rendered":"\u00daklidov\u00e9 slu\u017eby"},"content":{"rendered":"<p>[vc_row full_width=&#8221;electroluxpro-full-width-no-padding&#8221;][vc_column][elx_full_banner title=&#8221;\u00daklidov\u00e9 slu\u017eby&#8221; set_as_h1=&#8221;true&#8221; background_image_media_library=&#8221;9830&#8243; background_image_media_library_mobile=&#8221;9831&#8243;][\/vc_column][\/vc_row][vc_row disable_element=&#8221;yes&#8221; css=&#8221;.vc_custom_1666116387860{background-color: #041e41 !important;}&#8221;][vc_column reveal_effect=&#8221;&#8221; width=&#8221;2\/3&#8243;][vc_empty_space][vc_row_inner full_width=&#8221;electroluxpro-full-width&#8221;][vc_column_inner width=&#8221;1\/4&#8243;][vc_single_image image=&#8221;5468&#8243; img_size=&#8221;full&#8221;][\/vc_column_inner][vc_column_inner width=&#8221;3\/4&#8243;][vc_empty_space height=&#8221;25px&#8221;][elx_heading font_container=&#8221;h1&#8243; text_color=&#8221;business&#8221;]\u00daklidov\u00e9 slu\u017eby[\/elx_heading][\/vc_column_inner][\/vc_row_inner][vc_empty_space height=&#8221;50px&#8221;][elx_heading text_color=&#8221;white&#8221; text_align=&#8221;text-left&#8221;]\u201eS l\u00eddrem v \u010di\u0161t\u011bn\u00ed mikrovl\u00e1ken m\u016f\u017eeme v\u017edy po\u010d\u00edtat s nejlep\u0161\u00edmi v\u00fdsledky.\u201c[\/elx_heading][\/vc_column][vc_column reveal_effect=&#8221;&#8221; width=&#8221;1\/3&#8243;][elx_image_block background_image=&#8221;6277&#8243; minimum_height=&#8221;550px&#8221;][\/vc_column][\/vc_row][vc_row][vc_column width=&#8221;2\/3&#8243;][vc_empty_space][elx_heading text_color=&#8221;inherit&#8221; text_align=&#8221;text-left&#8221;]Celkov\u00e1 flexibilita s v\u00fdsledky nejvy\u0161\u0161\u00ed kvality[\/elx_heading][vc_empty_space][vc_column_text]Electrolux Professional nab\u00edz\u00ed \u0159e\u0161en\u00ed pro v\u0161echny druhy slu\u017eeb \u00faklidov\u00fdch slu\u017eeb. Na\u0161e odborn\u00e9 znalosti v pran\u00ed materi\u00e1l\u016f z mikrovl\u00e1ken v\u00e1m pomohou dos\u00e1hnout nejvy\u0161\u0161\u00edch mo\u017en\u00fdch hygienick\u00fdch standard\u016f p\u0159i sou\u010dasn\u00e9m zachov\u00e1n\u00ed minim\u00e1ln\u00edch n\u00e1klad\u016f a prostoj\u016f.<br \/>\nZjist\u011bte, jak mop pou\u017e\u00edvat a um\u00fdt, aby byla zachov\u00e1na jeho \u017eivotnost a v\u00fdkon. Vysok\u00e1 \u00fa\u010dinnost a dlouh\u00e1 \u017eivotnost v\u00e1m u\u0161et\u0159\u00ed \u010das a pen\u00edze.[\/vc_column_text][\/vc_column][vc_column width=&#8221;1\/3&#8243;][vc_empty_space][vc_empty_space][\/vc_column][\/vc_row][vc_row disable_element=&#8221;yes&#8221;][vc_column width=&#8221;2\/3&#8243;][elx_heading text_color=&#8221;inherit&#8221;]We care for your assets[\/elx_heading][vc_row_inner gap=&#8221;30&#8243;][vc_column_inner][vc_empty_space height=&#8221;20px&#8221;][vc_single_image image=&#8221;6278&#8243; img_size=&#8221;423&#215;500&#8243; add_caption=&#8221;yes&#8221; alignment=&#8221;center&#8221;][\/vc_column_inner][\/vc_row_inner][\/vc_column][vc_column width=&#8221;1\/3&#8243;][vc_empty_space][elx_heading font_container=&#8221;h3&#8243; text_color=&#8221;inherit&#8221;]Download the leaflet[\/elx_heading][vc_empty_space][vc_column_text]Zjist\u011bte v\u00edce o \u0159e\u0161en\u00edch Electrolux Professional.[\/vc_column_text][\/vc_column][\/vc_row][vc_row][vc_column width=&#8221;2\/3&#8243;][elx_heading text_color=&#8221;inherit&#8221;]Z\u00e1le\u017e\u00ed n\u00e1m na va\u0161em majetku[\/elx_heading][vc_row_inner gap=&#8221;30&#8243;][vc_column_inner][vc_empty_space height=&#8221;20px&#8221;][vc_single_image image=&#8221;6278&#8243; img_size=&#8221;423&#215;500&#8243; add_caption=&#8221;yes&#8221; alignment=&#8221;center&#8221;][\/vc_column_inner][\/vc_row_inner][\/vc_column][\/vc_row][vc_row][vc_column width=&#8221;1\/3&#8243;][vc_empty_space][elx_image_block background_image=&#8221;2204&#8243; minimum_height=&#8221;340px&#8221;][\/vc_column][vc_column width=&#8221;2\/3&#8243;][vc_empty_space][elx_heading font_container=&#8221;h3&#8243; text_color=&#8221;inherit&#8221;]Efektivn\u00ed \u010di\u0161t\u011bn\u00ed podlah[\/elx_heading][vc_empty_space][vc_column_text]<\/p>\n<ul>\n<li>N\u00edzk\u00e9 provozn\u00ed n\u00e1klady<\/li>\n<li>Stroje navr\u017een\u00e9 tak, aby vydr\u017eely p\u0159esn\u00e9 pou\u017e\u00edv\u00e1n\u00ed<\/li>\n<li>Vlastn\u00ed programy a vestav\u011bn\u00fd \u010dasova\u010d<\/li>\n<li>Nastaviteln\u00e1 doba odst\u0159e\u010fov\u00e1n\u00ed<\/li>\n<li>Mopy jsou \u010dist\u0161\u00ed a p\u0159ipraven\u00e9<\/li>\n<li>Pracovn\u00ed doba je uvoln\u011bna<\/li>\n<\/ul>\n<p>V\u0161e, co pot\u0159ebujete, je dod\u00e1vka mop\u016f, profesion\u00e1ln\u00ed my\u010dka mop\u016f Electrolux a efektivn\u00edm d\u00e1vkovac\u00edm syst\u00e9mem.[\/vc_column_text][\/vc_column][\/vc_row][vc_row][vc_column width=&#8221;2\/3&#8243;][vc_empty_space][elx_heading font_container=&#8221;h3&#8243; text_color=&#8221;inherit&#8221;]\u017d\u00e1dn\u00e9 p\u0159ed\u00e1vkov\u00e1n\u00ed nezvy\u0161uje \u017eivotnost pr\u00e1dla[\/elx_heading][vc_empty_space][vc_column_text]<strong>Efektivn\u00ed d\u00e1vkovac\u00ed syst\u00e9m<\/strong> vypo\u010d\u00edt\u00e1v\u00e1 automaticky spr\u00e1vn\u00e9 mno\u017estv\u00ed prac\u00edho prost\u0159edku podle indikace hmotnosti z automatick\u00e9ho ukl\u00e1dac\u00edho syst\u00e9mu, kter\u00fd \u0159\u00edd\u00ed p\u0159id\u00e1n\u00ed <strong>p\u0159esn\u00e9ho mno\u017estv\u00ed pot\u0159ebn\u00e9 vody a energie<\/strong>.<br \/>\nSpr\u00e1va pr\u00e1dla je jednodu\u0161\u0161\u00ed a efektivn\u011bj\u0161\u00ed d\u00edky<strong> sledov\u00e1n\u00ed mno\u017estv\u00ed pr\u00e1dla a ov\u011b\u0159ov\u00e1n\u00ed teploty<\/strong>.<\/p>\n<p>Pokud d\u00e1v\u00e1te p\u0159ednost \u010di\u0161t\u011bn\u00ed such\u00fdmi mopy, \u010derstv\u011b umyt\u00e9 mopy jednodu\u0161e osu\u0161te v su\u0161i\u010dce Electrolux Professional.[\/vc_column_text][\/vc_column][vc_column width=&#8221;1\/3&#8243;][vc_empty_space][elx_image_block background_image=&#8221;622&#8243; minimum_height=&#8221;340px&#8221;][\/vc_column][\/vc_row][vc_row][vc_column][vc_empty_space][elx_heading font_container=&#8221;h3&#8243; text_color=&#8221;inherit&#8221;]Efektivn\u00ed \u0159e\u0161en\u00ed \u010di\u0161t\u011bn\u00ed podlahy[\/elx_heading][vc_column_text]Speci\u00e1ln\u00ed pra\u010dka na mopy obsahuje speci\u00e1ln\u00ed bal\u00ed\u010dek prac\u00edch program\u016f (3 programy pro mopy a 4 obecn\u00e9 programy), speci\u00e1ln\u00ed topn\u00e9 \u010dl\u00e1nky, speci\u00e1ln\u00ed vnit\u0159n\u00ed buben a elektrick\u00fd vypou\u0161t\u011bc\u00ed ventil pro rychl\u00e9 vypou\u0161t\u011bn\u00ed.[\/vc_column_text][\/vc_column][\/vc_row][vc_row css=&#8221;.vc_custom_1473071764748{padding-top: 50px !important;padding-bottom: 50px !important;}&#8221;][vc_column][elx_heading text_color=&#8221;inherit&#8221; text_align=&#8221;text-left&#8221;]\u0158e\u0161en\u00ed \u0161it\u00e1 na m\u00edru[\/elx_heading][\/vc_column][\/vc_row][vc_row][vc_column][vc_tta_tabs][vc_tta_section title=&#8221;M\u00edstn\u00ed \u00faklid&#8221; tab_id=&#8221;1473088626791-81487cab-288c&#8221;][vc_row_inner][vc_column_inner width=&#8221;1\/2&#8243;][vc_single_image image=&#8221;624&#8243; img_size=&#8221;full&#8221;][\/vc_column_inner][vc_column_inner width=&#8221;1\/2&#8243;][elx_heading font_container=&#8221;h3&#8243; text_color=&#8221;inherit&#8221;]ISS Facility Services<br \/>\nKarlstadt, \u0160v\u00e9dsko[\/elx_heading][vc_column_text]Denn\u00ed \u010di\u0161t\u011bn\u00ed 1 500 mop\u016f a ut\u011brek z mikrovl\u00e1ken. Ru\u010dn\u00edky a koberce se tak\u00e9 \u010dist\u00ed ka\u017ed\u00fd t\u00fdden.[\/vc_column_text][vc_column_text]Pou\u017eit\u00e9 \u0159e\u0161en\u00ed:<\/p>\n<p>2 x pr\u016fmyslov\u00e1 pra\u010dka mop\u016f (14 kg)<br \/>\n1 x su\u0161i\u010dka pr\u00e1dla (19,4 kg)[\/vc_column_text][\/vc_column_inner][\/vc_row_inner][\/vc_tta_section][vc_tta_section title=&#8221;Nemocnice&#8221; tab_id=&#8221;1473088626874-85a65eef-528a&#8221;][vc_row_inner][vc_column_inner width=&#8221;1\/2&#8243;][vc_single_image image=&#8221;625&#8243; img_size=&#8221;full&#8221;][elx_button button_text=&#8221;Objevte v\u00edce o na\u0161ich \u0159e\u0161en\u00edch pro nemocnice&#8221; button_style=&#8221;icon&#8221; button_link=&#8221;url:https%3A%2F%2Fwww.electroluxprofessional.com%2Fcz%2Fyour-business%2Fcare%2Fhospitals%2F|title:Hospitals||&#8221;][\/vc_column_inner][vc_column_inner width=&#8221;1\/2&#8243;][elx_heading font_container=&#8221;h3&#8243; text_color=&#8221;inherit&#8221;]St. Thomas Hospital<br \/>\nLond\u00fdn, Uk[\/elx_heading][vc_column_text]Denn\u00ed \u010di\u0161t\u011bn\u00ed v\u00edce ne\u017e 850 kg mop\u016f a had\u0159\u00edk\u016f z mikrovl\u00e1ken. Monitorov\u00e1n\u00ed proces\u016f a spot\u0159eby pr\u00e1dla.[\/vc_column_text][vc_column_text]Pou\u017eit\u00e9 \u0159e\u0161en\u00ed:<\/p>\n<p>3 x bari\u00e9rov\u00e9 pra\u010dkyy (70 kg)<br \/>\n3 x su\u0161i\u010dky pr\u00e1dla (67 kg)<br \/>\nCM &#8211; Informa\u010dn\u00ed syst\u00e9m Certus ManagementTM[\/vc_column_text][\/vc_column_inner][\/vc_row_inner][\/vc_tta_section][vc_tta_section title=&#8221;Centr\u00e1ln\u00ed pr\u00e1delny&#8221; tab_id=&#8221;1473088629051-162eecc0-9ef7&#8243;][vc_row_inner][vc_column_inner width=&#8221;1\/2&#8243;][vc_single_image image=&#8221;626&#8243; img_size=&#8221;full&#8221;][\/vc_column_inner][vc_column_inner width=&#8221;1\/2&#8243;][elx_heading font_container=&#8221;h3&#8243; text_color=&#8221;inherit&#8221;]U.D.O. Central Laundry<br \/>\nTubingen, N\u011bmecko[\/elx_heading][vc_column_text]\u00daklid t\u00fddn\u011b v\u00edce ne\u017e 9 tun mop\u016f, had\u0159\u00edk\u016f a podlo\u017eek pro inkontinenci pro nemocnici.[\/vc_column_text][vc_column_text]Pou\u017eit\u00e9 \u0159e\u0161en\u00ed:<\/p>\n<p>2 x bari\u00e9rov\u00e9 pra\u010dky (70 kg + 90 kg)<br \/>\n1 x pr\u016fmyslov\u00e1 pra\u010dka na mopy (8 kg) pro mopy a hadry z mikrovl\u00e1ken<br \/>\n2 x bubnov\u00e9 su\u0161i\u010dky (45 kg + 60 kg)[\/vc_column_text][\/vc_column_inner][\/vc_row_inner][\/vc_tta_section][\/vc_tta_tabs][\/vc_column][\/vc_row][vc_row][vc_column][vc_empty_space][elx_heading text_color=&#8221;inherit&#8221; text_align=&#8221;text-left&#8221;]Objevte, co m\u016f\u017ee Electrolux ud\u011blat pro va\u0161e podnik\u00e1n\u00ed[\/elx_heading][elx_o2000_contact_us s=&#8221;Po\u017eadavek z webov\u00fdch str\u00e1nek Electrolux Professional&#8221; country=&#8221;Czech Republic&#8221; b=&#8221;food&#8221; r=&#8221;Pros\u00edm, za\u0161lete mi v\u00edce informac\u00ed o &#8230;&#8221; l=&#8221;cz&#8221; e=&#8221;&#8221;][vc_empty_space][\/vc_column][\/vc_row][vc_row disable_element=&#8221;yes&#8221; css=&#8221;.vc_custom_1601493363001{background-color: #ededc9 !important;}&#8221;][vc_column][elx_heading text_color=&#8221;inherit&#8221; text_align=&#8221;text-left&#8221;]Beverage solutions<br \/>\n[\/elx_heading][vc_empty_space][\/vc_column][\/vc_row][vc_row equal_height=&#8221;yes&#8221; disable_element=&#8221;yes&#8221; css=&#8221;.vc_custom_1601493380248{background-color: #ededc9 !important;}&#8221;][vc_column width=&#8221;1\/2&#8243;][elx_simple_link_block link=&#8221;url:https%3A%2F%2Fwww.electroluxprofessional.com%2Fcz%2Fbeverage-solutions%2F|title:Beverage%20solutions||&#8221; text_align=&#8221;text-left&#8221; text_color=&#8221;inherit&#8221; background_color=&#8221;inherit&#8221; background_hover_color=&#8221;darker-hover&#8221; extra_class=&#8221;&#8221; reveal_effect=&#8221;&#8221; reveal_duration=&#8221;&#8221; reveal_delay=&#8221;&#8221;][vc_single_image image=&#8221;4871&#8243; img_size=&#8221;full&#8221;][\/elx_simple_link_block][\/vc_column][vc_column width=&#8221;1\/2&#8243;][elx_simple_link_block link=&#8221;url:https%3A%2F%2Fwww.electroluxprofessional.com%2Fcz%2Fbeverage-solutions%2F|title:Beverage%20solutions||&#8221; text_align=&#8221;text-left&#8221; text_color=&#8221;inherit&#8221; background_color=&#8221;inherit&#8221; background_hover_color=&#8221;darker-hover&#8221; extra_class=&#8221;&#8221; reveal_effect=&#8221;&#8221; reveal_duration=&#8221;&#8221; reveal_delay=&#8221;&#8221;][elx_heading font_container=&#8221;h3&#8243; text_color=&#8221;inherit&#8221;]A complete hospitality[\/elx_heading][vc_column_text]An extensive offering of <strong>coffee &amp;\u00a0beverage solutions<\/strong>\u00a0to exceed your customers\u2019 expectations, along with a team of experts who joined us to serve you.<\/p>\n<ul>\n<li>Coffee &amp; tea brewers<\/li>\n<li>Coffee grinders<\/li>\n<li>Cold bubblers<\/li>\n<li>Hot and frozen beverage dispensers<\/li>\n<li>and much more&#8230;<\/li>\n<\/ul>\n<p>[\/vc_column_text][\/elx_simple_link_block][elx_button button_text=&#8221;Discover the coffee &amp; beverage offer&#8221; button_style=&#8221;icon-blue&#8221; button_link=&#8221;url:https%3A%2F%2Fwww.electroluxprofessional.com%2Fcz%2Fbeverage-solutions%2F|title:coffee%20and%20beverage%20solutions||&#8221;][\/vc_column][\/vc_row][vc_row][vc_column][vc_empty_space height=&#8221;50px&#8221;][\/vc_column][\/vc_row]<\/p>\n","protected":false},"excerpt":{"rendered":"<p>[vc_row full_width=&#8221;electroluxpro-full-width-no-padding&#8221;][vc_column][elx_full_banner title=&#8221;\u00daklidov\u00e9 slu\u017eby&#8221; set_as_h1=&#8221;true&#8221; background_image_media_library=&#8221;9830&#8243; background_image_media_library_mobile=&#8221;9831&#8243;][\/vc_column][\/vc_row][vc_row disable_element=&#8221;yes&#8221; css=&#8221;.vc_custom_1666116387860{background-color: #041e41 !important;}&#8221;][vc_column reveal_effect=&#8221;&#8221; width=&#8221;2\/3&#8243;][vc_empty_space][vc_row_inner full_width=&#8221;electroluxpro-full-width&#8221;][vc_column_inner width=&#8221;1\/4&#8243;][vc_single_image image=&#8221;5468&#8243; img_size=&#8221;full&#8221;][\/vc_column_inner][vc_column_inner width=&#8221;3\/4&#8243;][vc_empty_space height=&#8221;25px&#8221;][elx_heading font_container=&#8221;h1&#8243; text_color=&#8221;business&#8221;]\u00daklidov\u00e9 slu\u017eby[\/elx_heading][\/vc_column_inner][\/vc_row_inner][vc_empty_space height=&#8221;50px&#8221;][elx_heading text_color=&#8221;white&#8221; text_align=&#8221;text-left&#8221;]\u201eS l\u00eddrem v \u010di\u0161t\u011bn\u00ed mikrovl\u00e1ken m\u016f\u017eeme v\u017edy po\u010d\u00edtat s nejlep\u0161\u00edmi v\u00fdsledky.\u201c[\/elx_heading][\/vc_column][vc_column reveal_effect=&#8221;&#8221; width=&#8221;1\/3&#8243;][elx_image_block background_image=&#8221;6277&#8243; minimum_height=&#8221;550px&#8221;][\/vc_column][\/vc_row][vc_row][vc_column width=&#8221;2\/3&#8243;][vc_empty_space][elx_heading text_color=&#8221;inherit&#8221; text_align=&#8221;text-left&#8221;]Celkov\u00e1 flexibilita s v\u00fdsledky nejvy\u0161\u0161\u00ed kvality[\/elx_heading][vc_empty_space][vc_column_text]Electrolux Professional nab\u00edz\u00ed \u0159e\u0161en\u00ed pro v\u0161echny druhy slu\u017eeb \u00faklidov\u00fdch [&hellip;]<\/p>\n","protected":false},"author":39,"featured_media":566,"parent":0,"menu_order":0,"comment_status":"closed","ping_status":"closed","template":"","meta":{"footnotes":""},"class_list":["post-6279","page","type-page","status-publish","has-post-thumbnail","hentry"],"acf":[],"yoast_head":"<!-- This site is optimized with the Yoast SEO plugin v23.3 - https:\/\/yoast.com\/wordpress\/plugins\/seo\/ -->\n<title>\u00daklidov\u00e9 slu\u017eby - Electrolux Professional \u010cesk\u00e1 republika<\/title>\n<meta name=\"description\" content=\"Total flexibility with the highest quality results. Electrolux Professional offers the right solution for all kinds of Facility Management services.\" \/>\n<meta name=\"robots\" content=\"index, follow, max-snippet:-1, max-image-preview:large, max-video-preview:-1\" \/>\n<link rel=\"canonical\" href=\"https:\/\/www.electroluxprofessional.com\/cz\/facility-management\/\" \/>\n<meta property=\"og:locale\" content=\"cs_CZ\" \/>\n<meta property=\"og:type\" content=\"article\" \/>\n<meta property=\"og:title\" content=\"\u00daklidov\u00e9 slu\u017eby - Electrolux Professional \u010cesk\u00e1 republika\" \/>\n<meta property=\"og:description\" content=\"Total flexibility with the highest quality results. Electrolux Professional offers the right solution for all kinds of Facility Management services.\" \/>\n<meta property=\"og:url\" content=\"https:\/\/www.electroluxprofessional.com\/cz\/facility-management\/\" \/>\n<meta property=\"og:site_name\" content=\"Electrolux Professional \u010cesk\u00e1 republika\" \/>\n<meta property=\"article:publisher\" content=\"https:\/\/www.facebook.com\/electroluxprofessional\" \/>\n<meta property=\"article:modified_time\" content=\"2025-11-06T12:41:00+00:00\" \/>\n<meta property=\"og:image\" content=\"https:\/\/www.electroluxprofessional.com\/cz\/wp-content\/uploads\/2016\/09\/facility-management-testimonial1.jpg\" \/>\n\t<meta property=\"og:image:width\" content=\"873\" \/>\n\t<meta property=\"og:image:height\" content=\"778\" \/>\n\t<meta property=\"og:image:type\" content=\"image\/jpeg\" \/>\n<meta name=\"twitter:card\" content=\"summary_large_image\" \/>\n<meta name=\"twitter:site\" content=\"@ElectroluxPro\" \/>\n<meta name=\"twitter:label1\" content=\"Odhadovan\u00e1 doba \u010dten\u00ed\" \/>\n\t<meta name=\"twitter:data1\" content=\"4 minuty\" \/>\n<script type=\"application\/ld+json\" class=\"yoast-schema-graph\">{\"@context\":\"https:\/\/schema.org\",\"@graph\":[{\"@type\":\"WebPage\",\"@id\":\"https:\/\/www.electroluxprofessional.com\/cz\/facility-management\/\",\"url\":\"https:\/\/www.electroluxprofessional.com\/cz\/facility-management\/\",\"name\":\"\u00daklidov\u00e9 slu\u017eby - Electrolux Professional \u010cesk\u00e1 republika\",\"isPartOf\":{\"@id\":\"https:\/\/www.electroluxprofessional.com\/cz\/#website\"},\"primaryImageOfPage\":{\"@id\":\"https:\/\/www.electroluxprofessional.com\/cz\/facility-management\/#primaryimage\"},\"image\":{\"@id\":\"https:\/\/www.electroluxprofessional.com\/cz\/facility-management\/#primaryimage\"},\"thumbnailUrl\":\"https:\/\/www.electroluxprofessional.com\/cz\/wp-content\/uploads\/2016\/09\/facility-management-testimonial1.jpg\",\"datePublished\":\"2019-10-10T09:24:59+00:00\",\"dateModified\":\"2025-11-06T12:41:00+00:00\",\"description\":\"Total flexibility with the highest quality results. Electrolux Professional offers the right solution for all kinds of Facility Management services.\",\"breadcrumb\":{\"@id\":\"https:\/\/www.electroluxprofessional.com\/cz\/facility-management\/#breadcrumb\"},\"inLanguage\":\"cs\",\"potentialAction\":[{\"@type\":\"ReadAction\",\"target\":[\"https:\/\/www.electroluxprofessional.com\/cz\/facility-management\/\"]}]},{\"@type\":\"ImageObject\",\"inLanguage\":\"cs\",\"@id\":\"https:\/\/www.electroluxprofessional.com\/cz\/facility-management\/#primaryimage\",\"url\":\"https:\/\/www.electroluxprofessional.com\/cz\/wp-content\/uploads\/2016\/09\/facility-management-testimonial1.jpg\",\"contentUrl\":\"https:\/\/www.electroluxprofessional.com\/cz\/wp-content\/uploads\/2016\/09\/facility-management-testimonial1.jpg\",\"width\":873,\"height\":778,\"caption\":\"testimonial for facility management\"},{\"@type\":\"BreadcrumbList\",\"@id\":\"https:\/\/www.electroluxprofessional.com\/cz\/facility-management\/#breadcrumb\",\"itemListElement\":[{\"@type\":\"ListItem\",\"position\":1,\"name\":\"Home\",\"item\":\"https:\/\/www.electroluxprofessional.com\/cz\/\"},{\"@type\":\"ListItem\",\"position\":2,\"name\":\"\u00daklidov\u00e9 slu\u017eby\"}]},{\"@type\":\"WebSite\",\"@id\":\"https:\/\/www.electroluxprofessional.com\/cz\/#website\",\"url\":\"https:\/\/www.electroluxprofessional.com\/cz\/\",\"name\":\"Electrolux Professional \u010cesk\u00e1 republika\",\"description\":\"\",\"potentialAction\":[{\"@type\":\"SearchAction\",\"target\":{\"@type\":\"EntryPoint\",\"urlTemplate\":\"https:\/\/www.electroluxprofessional.com\/cz\/?src={search_term_string}\"},\"query-input\":\"required name=search_term_string\"}],\"inLanguage\":\"cs\"}]}<\/script>\n<!-- \/ Yoast SEO plugin. -->","yoast_head_json":{"title":"\u00daklidov\u00e9 slu\u017eby - Electrolux Professional \u010cesk\u00e1 republika","description":"Total flexibility with the highest quality results. Electrolux Professional offers the right solution for all kinds of Facility Management services.","robots":{"index":"index","follow":"follow","max-snippet":"max-snippet:-1","max-image-preview":"max-image-preview:large","max-video-preview":"max-video-preview:-1"},"canonical":"https:\/\/www.electroluxprofessional.com\/cz\/facility-management\/","og_locale":"cs_CZ","og_type":"article","og_title":"\u00daklidov\u00e9 slu\u017eby - Electrolux Professional \u010cesk\u00e1 republika","og_description":"Total flexibility with the highest quality results. Electrolux Professional offers the right solution for all kinds of Facility Management services.","og_url":"https:\/\/www.electroluxprofessional.com\/cz\/facility-management\/","og_site_name":"Electrolux Professional \u010cesk\u00e1 republika","article_publisher":"https:\/\/www.facebook.com\/electroluxprofessional","article_modified_time":"2025-11-06T12:41:00+00:00","og_image":[{"width":873,"height":778,"url":"https:\/\/www.electroluxprofessional.com\/cz\/wp-content\/uploads\/2016\/09\/facility-management-testimonial1.jpg","type":"image\/jpeg"}],"twitter_card":"summary_large_image","twitter_site":"@ElectroluxPro","twitter_misc":{"Odhadovan\u00e1 doba \u010dten\u00ed":"4 minuty"},"schema":{"@context":"https:\/\/schema.org","@graph":[{"@type":"WebPage","@id":"https:\/\/www.electroluxprofessional.com\/cz\/facility-management\/","url":"https:\/\/www.electroluxprofessional.com\/cz\/facility-management\/","name":"\u00daklidov\u00e9 slu\u017eby - Electrolux Professional \u010cesk\u00e1 republika","isPartOf":{"@id":"https:\/\/www.electroluxprofessional.com\/cz\/#website"},"primaryImageOfPage":{"@id":"https:\/\/www.electroluxprofessional.com\/cz\/facility-management\/#primaryimage"},"image":{"@id":"https:\/\/www.electroluxprofessional.com\/cz\/facility-management\/#primaryimage"},"thumbnailUrl":"https:\/\/www.electroluxprofessional.com\/cz\/wp-content\/uploads\/2016\/09\/facility-management-testimonial1.jpg","datePublished":"2019-10-10T09:24:59+00:00","dateModified":"2025-11-06T12:41:00+00:00","description":"Total flexibility with the highest quality results. Electrolux Professional offers the right solution for all kinds of Facility Management services.","breadcrumb":{"@id":"https:\/\/www.electroluxprofessional.com\/cz\/facility-management\/#breadcrumb"},"inLanguage":"cs","potentialAction":[{"@type":"ReadAction","target":["https:\/\/www.electroluxprofessional.com\/cz\/facility-management\/"]}]},{"@type":"ImageObject","inLanguage":"cs","@id":"https:\/\/www.electroluxprofessional.com\/cz\/facility-management\/#primaryimage","url":"https:\/\/www.electroluxprofessional.com\/cz\/wp-content\/uploads\/2016\/09\/facility-management-testimonial1.jpg","contentUrl":"https:\/\/www.electroluxprofessional.com\/cz\/wp-content\/uploads\/2016\/09\/facility-management-testimonial1.jpg","width":873,"height":778,"caption":"testimonial for facility management"},{"@type":"BreadcrumbList","@id":"https:\/\/www.electroluxprofessional.com\/cz\/facility-management\/#breadcrumb","itemListElement":[{"@type":"ListItem","position":1,"name":"Home","item":"https:\/\/www.electroluxprofessional.com\/cz\/"},{"@type":"ListItem","position":2,"name":"\u00daklidov\u00e9 slu\u017eby"}]},{"@type":"WebSite","@id":"https:\/\/www.electroluxprofessional.com\/cz\/#website","url":"https:\/\/www.electroluxprofessional.com\/cz\/","name":"Electrolux Professional \u010cesk\u00e1 republika","description":"","potentialAction":[{"@type":"SearchAction","target":{"@type":"EntryPoint","urlTemplate":"https:\/\/www.electroluxprofessional.com\/cz\/?src={search_term_string}"},"query-input":"required name=search_term_string"}],"inLanguage":"cs"}]}},"_links":{"self":[{"href":"https:\/\/www.electroluxprofessional.com\/cz\/wp-json\/wp\/v2\/pages\/6279"}],"collection":[{"href":"https:\/\/www.electroluxprofessional.com\/cz\/wp-json\/wp\/v2\/pages"}],"about":[{"href":"https:\/\/www.electroluxprofessional.com\/cz\/wp-json\/wp\/v2\/types\/page"}],"author":[{"embeddable":true,"href":"https:\/\/www.electroluxprofessional.com\/cz\/wp-json\/wp\/v2\/users\/39"}],"replies":[{"embeddable":true,"href":"https:\/\/www.electroluxprofessional.com\/cz\/wp-json\/wp\/v2\/comments?post=6279"}],"version-history":[{"count":9,"href":"https:\/\/www.electroluxprofessional.com\/cz\/wp-json\/wp\/v2\/pages\/6279\/revisions"}],"predecessor-version":[{"id":14042,"href":"https:\/\/www.electroluxprofessional.com\/cz\/wp-json\/wp\/v2\/pages\/6279\/revisions\/14042"}],"wp:featuredmedia":[{"embeddable":true,"href":"https:\/\/www.electroluxprofessional.com\/cz\/wp-json\/wp\/v2\/media\/566"}],"wp:attachment":[{"href":"https:\/\/www.electroluxprofessional.com\/cz\/wp-json\/wp\/v2\/media?parent=6279"}],"curies":[{"name":"wp","href":"https:\/\/api.w.org\/{rel}","templated":true}]}}