{"id":6258,"date":"2016-10-28T15:34:01","date_gmt":"2016-10-28T15:34:01","guid":{"rendered":"https:\/\/www.electroluxprofessional.com\/?page_id=3351"},"modified":"2024-07-01T12:56:20","modified_gmt":"2024-07-01T12:56:20","slug":"grocery-retail-supermarkets","status":"publish","type":"page","link":"https:\/\/www.electroluxprofessional.com\/cz\/grocery-retail-supermarkets\/","title":{"rendered":"Maloobchod s potravinami"},"content":{"rendered":"<p>[vc_row full_width=&#8221;electroluxpro-full-width-no-padding&#8221;][vc_column][elx_full_banner title=&#8221;Maloobchod s potravinami&#8221; set_as_h1=&#8221;true&#8221; background_image_media_library=&#8221;9839&#8243; background_image_media_library_mobile=&#8221;9840&#8243;][\/vc_column][\/vc_row][vc_row disable_element=&#8221;yes&#8221; css=&#8221;.vc_custom_1666117039755{background-color: #041e41 !important;}&#8221;][vc_column reveal_effect=&#8221;&#8221; width=&#8221;2\/3&#8243;][vc_empty_space][vc_row_inner full_width=&#8221;electroluxpro-full-width&#8221;][vc_column_inner width=&#8221;1\/4&#8243;][vc_single_image image=&#8221;6256&#8243; img_size=&#8221;168*168&#8243;][\/vc_column_inner][vc_column_inner width=&#8221;3\/4&#8243;][elx_heading font_container=&#8221;h1&#8243; font_size=&#8221;h3&#8243; text_color=&#8221;white&#8221; text_align=&#8221;text-left&#8221;]Maloobchod s potravinami[\/elx_heading][\/vc_column_inner][\/vc_row_inner][vc_empty_space][elx_heading font_size=&#8221;h5&#8243; text_color=&#8221;white&#8221; text_align=&#8221;text-left&#8221;]&#8221;Jako velk\u00fd hr\u00e1\u010d na maloobchodn\u00edm trhu neust\u00e1le pracujeme na tom, abychom sv\u00e9 z\u00e1kazn\u00edky p\u0159ekvapili a nab\u00eddli jim n\u011bco v\u00edc. Integrac\u00ed bodu Libero v ka\u017ed\u00e9m z na\u0161ich 15 prodejen jsme vylep\u0161ili na\u0161e mo\u017enosti. Nyn\u00ed m\u016f\u017eeme nab\u00eddnout nejen vysoce kvalitn\u00ed ingredience, ale tak\u00e9 vysokou \u00farove\u0148 inspirace. \u201c[\/elx_heading][vc_column_text]<\/p>\n<p style=\"color: #fff;\"><strong>Kenneth Vansina<\/strong><br \/>\nHead of Customer Experience<br \/>\n<strong>Makro Cash &amp; Carry Belgium<\/strong><\/p>\n<p>[\/vc_column_text][\/vc_column][vc_column reveal_effect=&#8221;&#8221; width=&#8221;1\/3&#8243;][elx_image_block background_image=&#8221;6255&#8243; vert_back_position=&#8221;top&#8221; minimum_height=&#8221;580px&#8221;][\/vc_column][\/vc_row][vc_row][vc_column][elx_heading font_size=&#8221;h3&#8243; text_color=&#8221;inherit&#8221; text_align=&#8221;text-left&#8221;]Nov\u00e9 koncepty pro v\u00e1\u0161 maloobchod.<br \/>\nNov\u00e9 p\u0159\u00edle\u017eitosti pro va\u0161e z\u00e1kazn\u00edky.<\/p>\n<p>[\/elx_heading][\/vc_column][\/vc_row][vc_row equal_height=&#8221;yes&#8221; css=&#8221;.vc_custom_1517567067406{padding-bottom: 30px !important;}&#8221;][vc_column width=&#8221;2\/3&#8243;][elx_image_block background_image=&#8221;548&#8243; vert_back_position=&#8221;top&#8221; minimum_height=&#8221;500px&#8221;][\/vc_column][vc_column width=&#8221;1\/3&#8243;][elx_heading font_size=&#8221;h3&#8243; text_color=&#8221;inherit&#8221; text_align=&#8221;text-left&#8221;]NaturaS\u00ec[\/elx_heading][elx_heading font_container=&#8221;h3&#8243; font_size=&#8221;h5&#8243; text_color=&#8221;inherit&#8221;]otev\u00edr\u00e1 sv\u00e9 prvn\u00ed bio-bistro s Electrolux Professional[\/elx_heading][vc_column_text]V centru italsk\u00e9ho Trevisa, p\u00e1r krok\u016f od n\u00e1m\u011bst\u00ed Vittoria, najdete NaturaS\u00ec: \u0159et\u011bzec supermarket\u016f, kter\u00fd se jedine\u010dn\u00fdm zp\u016fsobem zam\u011b\u0159uje na biologick\u00e9 produkty.<\/p>\n<p><em>\u201cNa\u0161\u00edm c\u00edlem je p\u0159in\u00e9st tento koncept do dal\u0161\u00edch m\u011bst, italsk\u00fdch i evropsk\u00fdch, a to i za pomoci technick\u00e9ho partnera Electrolux Professional, kter\u00e9mu se poda\u0159ilo p\u0159elo\u017eit na\u0161e po\u017eadavky na mal\u00e9m prostoru, ale z\u00e1rove\u0148 \u00fapln\u00e9m.\u201c<\/em><\/p>\n<p><strong>Andrea Frizzarin<\/strong>, Business Development Manager[\/vc_column_text][\/vc_column][\/vc_row][vc_row css=&#8221;.vc_custom_1465562028814{padding-bottom: 30px !important;}&#8221;][vc_column width=&#8221;2\/3&#8243;][vc_empty_space][elx_heading font_size=&#8221;h3&#8243; text_color=&#8221;inherit&#8221;]Eataly[\/elx_heading][elx_heading font_container=&#8221;h3&#8243; font_size=&#8221;h5&#8243; text_color=&#8221;inherit&#8221;]\u201cNikdy nem\u011b\u0148te v\u00edt\u011bzn\u00fd t\u00fdm!\u201d[\/elx_heading][vc_column_text]Toto je motto, kter\u00e9 nejl\u00e9pe vyjad\u0159uje partnerstv\u00ed spole\u010dnost\u00ed Electrolux Professional a Eataly, dvou spole\u010dnost\u00ed, kter\u00e9 v\u0161echny sv\u00e9 aktivity stav\u00ed na principu excelence.<\/p>\n<p>Spolupr\u00e1ce za\u010dala v roce 2007, kdy Eataly pochopil, \u017ee Electrolux Professional m\u016f\u017ee p\u0159edstavovat nejen jedine\u010dn\u00e9ho dodavatele a partnera, ale p\u0159edev\u0161\u00edm technick\u00e9ho partnera schopn\u00e9ho uspokojit v\u0161echny jeho pot\u0159eby.[\/vc_column_text][\/vc_column][vc_column width=&#8221;1\/3&#8243;][elx_image_block background_image=&#8221;332&#8243; minimum_height=&#8221;400px&#8221;][\/vc_column][\/vc_row][vc_row css=&#8221;.vc_custom_1522939207643{background-color: #ededc9 !important;}&#8221;][vc_column][elx_heading font_size=&#8221;h3&#8243; text_color=&#8221;inherit&#8221; text_align=&#8221;text-left&#8221;]N\u00e1pojov\u00e9 automaty<br \/>\n[\/elx_heading][vc_empty_space][\/vc_column][\/vc_row][vc_row equal_height=&#8221;yes&#8221; css=&#8221;.vc_custom_1522941413247{background-color: #ededc9 !important;}&#8221;][vc_column width=&#8221;1\/2&#8243;][elx_simple_link_block link=&#8221;url:https%3A%2F%2Fwww.electroluxprofessional.com%2Fcz%2Fbeverage-solutions%2F|title:Beverage%20solutions||&#8221; text_align=&#8221;text-left&#8221; text_color=&#8221;inherit&#8221; background_color=&#8221;inherit&#8221; background_hover_color=&#8221;darker-hover&#8221; extra_class=&#8221;&#8221; reveal_effect=&#8221;&#8221; reveal_duration=&#8221;&#8221; reveal_delay=&#8221;&#8221;][vc_single_image image=&#8221;4871&#8243; img_size=&#8221;full&#8221;][\/elx_simple_link_block][\/vc_column][vc_column width=&#8221;1\/2&#8243;][elx_simple_link_block link=&#8221;url:https%3A%2F%2Fwww.electroluxprofessional.com%2Fcz%2Fbeverage-solutions%2F|title:Beverage%20solutions||&#8221; text_align=&#8221;text-left&#8221; text_color=&#8221;inherit&#8221; background_color=&#8221;inherit&#8221; background_hover_color=&#8221;darker-hover&#8221; extra_class=&#8221;&#8221; reveal_effect=&#8221;&#8221; reveal_duration=&#8221;&#8221; reveal_delay=&#8221;&#8221;][elx_heading font_container=&#8221;h3&#8243; font_size=&#8221;h5&#8243; text_color=&#8221;inherit&#8221;]Kompletn\u00ed servis[\/elx_heading][vc_column_text]Rozs\u00e1hl\u00e1 nab\u00eddka \u0159e\u0161en\u00ed pro p\u0159\u00edpravu k\u00e1vy a n\u00e1poj\u016f, kter\u00e1 p\u0159ekonaj\u00ed o\u010dek\u00e1v\u00e1n\u00ed va\u0161ich z\u00e1kazn\u00edk\u016f, spolu s t\u00fdmem odborn\u00edk\u016f, kte\u0159\u00ed se k n\u00e1m p\u0159ipojili, aby v\u00e1m pom\u00e1hali.<\/p>\n<ul>\n<li>K\u00e1vovary a \u010dajovary<\/li>\n<li>Ml\u00fdnky na k\u00e1vu<\/li>\n<li>Z\u00e1sobn\u00edky na hork\u00e9 a studen\u00e9 n\u00e1poje<\/li>\n<li>Zmrzlinov\u00e9 stroje<\/li>\n<li>a dal\u0161\u00ed&#8230;<\/li>\n<\/ul>\n<p>[\/vc_column_text][\/elx_simple_link_block][elx_button button_text=&#8221;Objevte na\u0161e \u0159e\u0161en\u00ed n\u00e1pojov\u00fdch automat\u016f&#8221; button_style=&#8221;icon-blue&#8221; button_link=&#8221;url:https%3A%2F%2Fwww.electroluxprofessional.com%2Fcz%2Fbeverage-solutions%2F|title:coffee%20and%20beverage%20solutions||&#8221;][\/vc_column][\/vc_row][vc_row][vc_column][vc_empty_space][vc_column_text]<\/p>\n<p>[\/vc_column_text][\/vc_column][\/vc_row][vc_row equal_height=&#8221;yes&#8221;][vc_column width=&#8221;1\/3&#8243;][elx_simple_block background_color=&#8221;retail&#8221;][elx_heading font_size=&#8221;h2&#8243; text_color=&#8221;inherit&#8221;]\u0158et\u011bzce[\/elx_heading][vc_column_text]<span style=\"color: #041e41;\">V \u010dem jsme jin\u00ed a lep\u0161\u00ed?<\/span>[\/vc_column_text][elx_button button_text=&#8221;Zjist\u011bte v\u00edce&#8221; button_style=&#8221;default&#8221; button_link=&#8221;url:https%3A%2F%2Fwww.electroluxprofessional.com%2Fcz%2Fyour-business%2Frestaurant-chains%2F|||&#8221;][\/elx_simple_block][\/vc_column][vc_column width=&#8221;1\/3&#8243;][vc_single_image image=&#8221;547&#8243; img_size=&#8221;700&#215;700&#8243;][\/vc_column][\/vc_row][vc_row equal_height=&#8221;yes&#8221; disable_element=&#8221;yes&#8221;][vc_column width=&#8221;1\/3&#8243;][elx_simple_block background_color=&#8221;retail&#8221;][elx_heading font_size=&#8221;h2&#8243; text_color=&#8221;inherit&#8221;]\u0158et\u011bzce[\/elx_heading][vc_column_text]<span style=\"color: #041e41;\">V \u010dem jsme jin\u00ed a lep\u0161\u00ed?<\/span>[\/vc_column_text][elx_button button_text=&#8221;Zjist\u011bte v\u00edce&#8221; button_style=&#8221;default&#8221; button_link=&#8221;url:https%3A%2F%2Fwww.electroluxprofessional.com%2Fcz%2Fyour-business%2Frestaurant-chains%2F|||&#8221;][\/elx_simple_block][\/vc_column][vc_column width=&#8221;1\/3&#8243;][vc_single_image image=&#8221;547&#8243; img_size=&#8221;700&#215;700&#8243;][\/vc_column][vc_column width=&#8221;1\/3&#8243;][vc_single_image img_size=&#8221;full&#8221;][\/vc_column][\/vc_row][vc_row][vc_column][vc_empty_space height=&#8221;50px&#8221;][\/vc_column][\/vc_row][vc_row][vc_column][elx_heading font_size=&#8221;h3&#8243; text_color=&#8221;inherit&#8221; text_align=&#8221;text-left&#8221;]\u0158e\u0161en\u00ed a n\u00e1vrhy pro va\u0161e podnik\u00e1n\u00ed.<\/p>\n<p>[\/elx_heading][\/vc_column][\/vc_row][vc_row][vc_column width=&#8221;1\/2&#8243;][vc_single_image image=&#8221;6257&#8243; img_size=&#8221;500*550&#8243; alignment=&#8221;center&#8221;][elx_simple_block][vc_single_image image=&#8221;2245&#8243; img_size=&#8221;full&#8221;][elx_heading font_container=&#8221;h3&#8243; font_size=&#8221;h3&#8243; text_color=&#8221;inherit&#8221;]Konvektomaty a zchlazova\u010de[\/elx_heading][elx_heading font_container=&#8221;h4&#8243; font_size=&#8221;h5&#8243; text_color=&#8221;inherit&#8221;]Od tradice k nov\u00fdm trend\u016fm v j\u00eddle[\/elx_heading][vc_column_text]Jedine\u010dn\u00e9 \u0159e\u0161en\u00ed, kter\u00e9 maximalizuje chu\u0165 tradi\u010dn\u00edho menu, v\u010detn\u011b mo\u017enosti snadno prozkoumat a roz\u0161\u00ed\u0159it rozmanitost va\u0161eho menu, ani\u017e byste museli p\u0159id\u00e1vat nov\u00e9 kuchy\u0148sk\u00e9 vybaven\u00ed.[\/vc_column_text][elx_heading font_container=&#8221;h4&#8243; font_size=&#8221;h5&#8243; text_color=&#8221;inherit&#8221;]Z\u00e1ruka konzistentn\u00edch v\u00fdsledk\u016f[\/elx_heading][vc_column_text]Maxim\u00e1ln\u00ed opakovatelnost a v\u00fdkon d\u00edky automatick\u00e9 vyv\u00e1\u017een\u00e9 atmosf\u00e9\u0159e va\u0159en\u00ed a chlazen\u00ed se zjednodu\u0161en\u00fdm rozhran\u00edm pro snadn\u00fd v\u00fdb\u011br. Se <a href=\"https:\/\/www.electroluxprofessional.com\/cz\/commercial-kitchen-equipment\/cook-and-chill\/\">SkyLine Cook and Chill<\/a>l nebyla konzistence va\u0161ich v\u00fdsledk\u016f nikdy tak snadn\u00e1.[\/vc_column_text][elx_heading font_container=&#8221;h4&#8243; font_size=&#8221;h5&#8243; text_color=&#8221;inherit&#8221;]Maxim\u00e1ln\u00ed v\u00fdkon na prostoru men\u0161\u00edm ne\u017e 1m2[\/elx_heading][vc_column_text]cook&amp;chill kombinace s digesto\u0159\u00ed bez z\u00e1pachu je dokonal\u00fdm \u0159e\u0161en\u00edm, kter\u00e9 v\u00e1m pom\u016f\u017ee p\u0159i ka\u017edodenn\u00ed pr\u00e1ci: syst\u00e9m v\u00e1m d\u00e1v\u00e1 mo\u017enost zv\u00fd\u0161it va\u0161i ziskovost zkr\u00e1cen\u00edm doby va\u0159en\u00ed a chlazen\u00ed, prodlou\u017een\u00edm trvanlivosti potravin a omezen\u00edm pl\u00fdtv\u00e1n\u00ed potravinami. Na\u0161e Electrolux Chef Academy v\u00e1m poskytne ve\u0161kerou podporu k optimalizaci va\u0161eho pracovn\u00edho postupu i v mal\u00fdch vesm\u00edrn\u00fdch kuchyn\u00edch.[\/vc_column_text][\/elx_simple_block][\/vc_column][vc_column width=&#8221;1\/2&#8243;][vc_single_image image=&#8221;2246&#8243; img_size=&#8221;500*550&#8243; alignment=&#8221;center&#8221;][elx_simple_block][vc_single_image image=&#8221;2247&#8243; img_size=&#8221;full&#8221;][elx_heading font_container=&#8221;h3&#8243; font_size=&#8221;h3&#8243; text_color=&#8221;inherit&#8221;]Stanice pro p\u0159\u00edpravu sendvi\u010d\u016f[\/elx_heading][elx_heading font_container=&#8221;h4&#8243; font_size=&#8221;h5&#8243; text_color=&#8221;inherit&#8221;]Rychl\u00e9 ob\u010derstven\u00ed je\u0161t\u011b nikdy nechutnalo tak dob\u0159e[\/elx_heading][vc_column_text]Tepl\u00e9 ob\u010derstven\u00ed a sendvi\u010de d\u00edky SpeeDelight za 30 sekund: a\u017e 6kr\u00e1t rychlej\u0161\u00ed ne\u017e standardn\u00ed spot\u0159ebi\u010de d\u00edky kombinaci t\u0159ech r\u016fzn\u00fdch technologi\u00ed va\u0159en\u00ed.[\/vc_column_text][elx_heading font_container=&#8221;h4&#8243; font_size=&#8221;h5&#8243; text_color=&#8221;inherit&#8221;]Kompaktn\u00ed stanice[\/elx_heading][vc_column_text]Na mal\u00e9m prostoru v\u0161e, co pot\u0159ebujete k p\u0159\u00edprav\u011b sendvi\u010d\u016f a jejich grilov\u00e1n\u00ed: kr\u00e1jejte, mixujte, skladujte a grilujte.[\/vc_column_text][elx_heading font_container=&#8221;h4&#8243; font_size=&#8221;h5&#8243; text_color=&#8221;inherit&#8221;]Realizujte sv\u00e9 n\u00e1pady[\/elx_heading][vc_column_text]Se SpeeDelight m\u016f\u017eete popustit uzdu sv\u00e9 fantazii d\u00edky \u0159ad\u011b p\u0159izp\u016fsobiteln\u00fdch program\u016f va\u0159en\u00ed, kter\u00e9 za\u010d\u00ednaj\u00ed stisknut\u00edm tla\u010d\u00edtka.[\/vc_column_text][\/elx_simple_block][\/vc_column][\/vc_row][vc_row css=&#8221;.vc_custom_1517566706458{background-color: #eeeeee !important;}&#8221;][vc_column][elx_heading font_size=&#8221;h3&#8243; text_color=&#8221;inherit&#8221; text_align=&#8221;text-left&#8221;]Na\u0161e \u0159e\u0161en\u00ed pro va\u0161e maloobchodn\u00ed podnik\u00e1n\u00ed[\/elx_heading][\/vc_column][\/vc_row][vc_row css=&#8221;.vc_custom_1517566721296{background-color: #eeeeee !important;}&#8221;][vc_column width=&#8221;1\/3&#8243;][elx_maylike_box id_box=&#8221;1394&#8243;][\/vc_column][vc_column width=&#8221;1\/3&#8243;][elx_maylike_box id_box=&#8221;1294&#8243;][\/vc_column][vc_column width=&#8221;1\/3&#8243;][elx_maylike_box id_box=&#8221;5325&#8243;][\/vc_column][\/vc_row][vc_row][vc_column][vc_empty_space height=&#8221;50px&#8221;][\/vc_column][\/vc_row][vc_row][vc_column][elx_heading font_container=&#8221;h3&#8243; font_size=&#8221;h3&#8243; text_color=&#8221;inherit&#8221; text_align=&#8221;text-left&#8221;]Kontaktujte na\u0161e odborn\u00edky[\/elx_heading][elx_o2000_contact_us s=&#8221;Po\u017eadavek z webov\u00fdch str\u00e1nek Electrolux Professional&#8221; country=&#8221;Czech Republic&#8221; b=&#8221;food&#8221; r=&#8221;Pros\u00edm, za\u0161lete mi v\u00edce informac\u00ed o &#8230;&#8221; e=&#8221;&#8221; l=&#8221;cz&#8221;][vc_empty_space height=&#8221;50px&#8221;][\/vc_column][\/vc_row]<\/p>\n","protected":false},"excerpt":{"rendered":"<p>[vc_row full_width=&#8221;electroluxpro-full-width-no-padding&#8221;][vc_column][elx_full_banner title=&#8221;Maloobchod s potravinami&#8221; set_as_h1=&#8221;true&#8221; background_image_media_library=&#8221;9839&#8243; background_image_media_library_mobile=&#8221;9840&#8243;][\/vc_column][\/vc_row][vc_row disable_element=&#8221;yes&#8221; css=&#8221;.vc_custom_1666117039755{background-color: #041e41 !important;}&#8221;][vc_column reveal_effect=&#8221;&#8221; width=&#8221;2\/3&#8243;][vc_empty_space][vc_row_inner full_width=&#8221;electroluxpro-full-width&#8221;][vc_column_inner width=&#8221;1\/4&#8243;][vc_single_image image=&#8221;6256&#8243; img_size=&#8221;168*168&#8243;][\/vc_column_inner][vc_column_inner width=&#8221;3\/4&#8243;][elx_heading font_container=&#8221;h1&#8243; font_size=&#8221;h3&#8243; text_color=&#8221;white&#8221; text_align=&#8221;text-left&#8221;]Maloobchod s potravinami[\/elx_heading][\/vc_column_inner][\/vc_row_inner][vc_empty_space][elx_heading font_size=&#8221;h5&#8243; text_color=&#8221;white&#8221; text_align=&#8221;text-left&#8221;]&#8221;Jako velk\u00fd hr\u00e1\u010d na maloobchodn\u00edm trhu neust\u00e1le pracujeme na tom, abychom sv\u00e9 z\u00e1kazn\u00edky p\u0159ekvapili a nab\u00eddli jim n\u011bco v\u00edc. Integrac\u00ed bodu Libero v ka\u017ed\u00e9m z na\u0161ich 15 prodejen [&hellip;]<\/p>\n","protected":false},"author":39,"featured_media":2242,"parent":0,"menu_order":0,"comment_status":"closed","ping_status":"closed","template":"","meta":{"footnotes":""},"class_list":["post-6258","page","type-page","status-publish","has-post-thumbnail","hentry"],"acf":[],"yoast_head":"<!-- This site is optimized with the Yoast SEO plugin v23.3 - https:\/\/yoast.com\/wordpress\/plugins\/seo\/ -->\n<title>Maloobchod - \u0159e\u0161en\u00ed od Electrolux Professional<\/title>\n<meta name=\"description\" content=\"Retail\" \/>\n<meta name=\"robots\" content=\"index, follow, max-snippet:-1, max-image-preview:large, max-video-preview:-1\" \/>\n<link rel=\"canonical\" href=\"https:\/\/www.electroluxprofessional.com\/cz\/grocery-retail-supermarkets\/\" \/>\n<meta property=\"og:locale\" content=\"cs_CZ\" \/>\n<meta property=\"og:type\" content=\"article\" \/>\n<meta property=\"og:title\" content=\"Maloobchod - \u0159e\u0161en\u00ed od Electrolux Professional\" \/>\n<meta property=\"og:description\" content=\"Retail\" \/>\n<meta property=\"og:url\" content=\"https:\/\/www.electroluxprofessional.com\/cz\/grocery-retail-supermarkets\/\" \/>\n<meta property=\"og:site_name\" content=\"Electrolux Professional \u010cesk\u00e1 republika\" \/>\n<meta property=\"article:publisher\" content=\"https:\/\/www.facebook.com\/electroluxprofessional\" \/>\n<meta property=\"article:modified_time\" content=\"2024-07-01T12:56:20+00:00\" \/>\n<meta property=\"og:image\" content=\"https:\/\/www.electroluxprofessional.com\/cz\/wp-content\/uploads\/2016\/11\/prev-e1480494567162.jpg\" \/>\n\t<meta property=\"og:image:width\" content=\"1500\" \/>\n\t<meta property=\"og:image:height\" content=\"1000\" \/>\n\t<meta property=\"og:image:type\" content=\"image\/jpeg\" \/>\n<meta name=\"twitter:card\" content=\"summary_large_image\" \/>\n<meta name=\"twitter:site\" content=\"@ElectroluxPro\" \/>\n<meta name=\"twitter:label1\" content=\"Odhadovan\u00e1 doba \u010dten\u00ed\" \/>\n\t<meta name=\"twitter:data1\" content=\"4 minuty\" \/>\n<script type=\"application\/ld+json\" class=\"yoast-schema-graph\">{\"@context\":\"https:\/\/schema.org\",\"@graph\":[{\"@type\":\"WebPage\",\"@id\":\"https:\/\/www.electroluxprofessional.com\/cz\/grocery-retail-supermarkets\/\",\"url\":\"https:\/\/www.electroluxprofessional.com\/cz\/grocery-retail-supermarkets\/\",\"name\":\"Maloobchod - \u0159e\u0161en\u00ed od Electrolux Professional\",\"isPartOf\":{\"@id\":\"https:\/\/www.electroluxprofessional.com\/cz\/#website\"},\"primaryImageOfPage\":{\"@id\":\"https:\/\/www.electroluxprofessional.com\/cz\/grocery-retail-supermarkets\/#primaryimage\"},\"image\":{\"@id\":\"https:\/\/www.electroluxprofessional.com\/cz\/grocery-retail-supermarkets\/#primaryimage\"},\"thumbnailUrl\":\"https:\/\/www.electroluxprofessional.com\/cz\/wp-content\/uploads\/2016\/11\/prev-e1480494567162.jpg\",\"datePublished\":\"2016-10-28T15:34:01+00:00\",\"dateModified\":\"2024-07-01T12:56:20+00:00\",\"description\":\"Retail\",\"breadcrumb\":{\"@id\":\"https:\/\/www.electroluxprofessional.com\/cz\/grocery-retail-supermarkets\/#breadcrumb\"},\"inLanguage\":\"cs\",\"potentialAction\":[{\"@type\":\"ReadAction\",\"target\":[\"https:\/\/www.electroluxprofessional.com\/cz\/grocery-retail-supermarkets\/\"]}]},{\"@type\":\"ImageObject\",\"inLanguage\":\"cs\",\"@id\":\"https:\/\/www.electroluxprofessional.com\/cz\/grocery-retail-supermarkets\/#primaryimage\",\"url\":\"https:\/\/www.electroluxprofessional.com\/cz\/wp-content\/uploads\/2016\/11\/prev-e1480494567162.jpg\",\"contentUrl\":\"https:\/\/www.electroluxprofessional.com\/cz\/wp-content\/uploads\/2016\/11\/prev-e1480494567162.jpg\",\"width\":1500,\"height\":1000,\"caption\":\"grocery retail and supermarkets\"},{\"@type\":\"BreadcrumbList\",\"@id\":\"https:\/\/www.electroluxprofessional.com\/cz\/grocery-retail-supermarkets\/#breadcrumb\",\"itemListElement\":[{\"@type\":\"ListItem\",\"position\":1,\"name\":\"Home\",\"item\":\"https:\/\/www.electroluxprofessional.com\/cz\/\"},{\"@type\":\"ListItem\",\"position\":2,\"name\":\"Maloobchod s potravinami\"}]},{\"@type\":\"WebSite\",\"@id\":\"https:\/\/www.electroluxprofessional.com\/cz\/#website\",\"url\":\"https:\/\/www.electroluxprofessional.com\/cz\/\",\"name\":\"Electrolux Professional \u010cesk\u00e1 republika\",\"description\":\"\",\"potentialAction\":[{\"@type\":\"SearchAction\",\"target\":{\"@type\":\"EntryPoint\",\"urlTemplate\":\"https:\/\/www.electroluxprofessional.com\/cz\/?src={search_term_string}\"},\"query-input\":\"required name=search_term_string\"}],\"inLanguage\":\"cs\"}]}<\/script>\n<!-- \/ Yoast SEO plugin. -->","yoast_head_json":{"title":"Maloobchod - \u0159e\u0161en\u00ed od Electrolux Professional","description":"Retail","robots":{"index":"index","follow":"follow","max-snippet":"max-snippet:-1","max-image-preview":"max-image-preview:large","max-video-preview":"max-video-preview:-1"},"canonical":"https:\/\/www.electroluxprofessional.com\/cz\/grocery-retail-supermarkets\/","og_locale":"cs_CZ","og_type":"article","og_title":"Maloobchod - \u0159e\u0161en\u00ed od Electrolux Professional","og_description":"Retail","og_url":"https:\/\/www.electroluxprofessional.com\/cz\/grocery-retail-supermarkets\/","og_site_name":"Electrolux Professional \u010cesk\u00e1 republika","article_publisher":"https:\/\/www.facebook.com\/electroluxprofessional","article_modified_time":"2024-07-01T12:56:20+00:00","og_image":[{"width":1500,"height":1000,"url":"https:\/\/www.electroluxprofessional.com\/cz\/wp-content\/uploads\/2016\/11\/prev-e1480494567162.jpg","type":"image\/jpeg"}],"twitter_card":"summary_large_image","twitter_site":"@ElectroluxPro","twitter_misc":{"Odhadovan\u00e1 doba \u010dten\u00ed":"4 minuty"},"schema":{"@context":"https:\/\/schema.org","@graph":[{"@type":"WebPage","@id":"https:\/\/www.electroluxprofessional.com\/cz\/grocery-retail-supermarkets\/","url":"https:\/\/www.electroluxprofessional.com\/cz\/grocery-retail-supermarkets\/","name":"Maloobchod - \u0159e\u0161en\u00ed od Electrolux Professional","isPartOf":{"@id":"https:\/\/www.electroluxprofessional.com\/cz\/#website"},"primaryImageOfPage":{"@id":"https:\/\/www.electroluxprofessional.com\/cz\/grocery-retail-supermarkets\/#primaryimage"},"image":{"@id":"https:\/\/www.electroluxprofessional.com\/cz\/grocery-retail-supermarkets\/#primaryimage"},"thumbnailUrl":"https:\/\/www.electroluxprofessional.com\/cz\/wp-content\/uploads\/2016\/11\/prev-e1480494567162.jpg","datePublished":"2016-10-28T15:34:01+00:00","dateModified":"2024-07-01T12:56:20+00:00","description":"Retail","breadcrumb":{"@id":"https:\/\/www.electroluxprofessional.com\/cz\/grocery-retail-supermarkets\/#breadcrumb"},"inLanguage":"cs","potentialAction":[{"@type":"ReadAction","target":["https:\/\/www.electroluxprofessional.com\/cz\/grocery-retail-supermarkets\/"]}]},{"@type":"ImageObject","inLanguage":"cs","@id":"https:\/\/www.electroluxprofessional.com\/cz\/grocery-retail-supermarkets\/#primaryimage","url":"https:\/\/www.electroluxprofessional.com\/cz\/wp-content\/uploads\/2016\/11\/prev-e1480494567162.jpg","contentUrl":"https:\/\/www.electroluxprofessional.com\/cz\/wp-content\/uploads\/2016\/11\/prev-e1480494567162.jpg","width":1500,"height":1000,"caption":"grocery retail and supermarkets"},{"@type":"BreadcrumbList","@id":"https:\/\/www.electroluxprofessional.com\/cz\/grocery-retail-supermarkets\/#breadcrumb","itemListElement":[{"@type":"ListItem","position":1,"name":"Home","item":"https:\/\/www.electroluxprofessional.com\/cz\/"},{"@type":"ListItem","position":2,"name":"Maloobchod s potravinami"}]},{"@type":"WebSite","@id":"https:\/\/www.electroluxprofessional.com\/cz\/#website","url":"https:\/\/www.electroluxprofessional.com\/cz\/","name":"Electrolux Professional \u010cesk\u00e1 republika","description":"","potentialAction":[{"@type":"SearchAction","target":{"@type":"EntryPoint","urlTemplate":"https:\/\/www.electroluxprofessional.com\/cz\/?src={search_term_string}"},"query-input":"required name=search_term_string"}],"inLanguage":"cs"}]}},"_links":{"self":[{"href":"https:\/\/www.electroluxprofessional.com\/cz\/wp-json\/wp\/v2\/pages\/6258"}],"collection":[{"href":"https:\/\/www.electroluxprofessional.com\/cz\/wp-json\/wp\/v2\/pages"}],"about":[{"href":"https:\/\/www.electroluxprofessional.com\/cz\/wp-json\/wp\/v2\/types\/page"}],"author":[{"embeddable":true,"href":"https:\/\/www.electroluxprofessional.com\/cz\/wp-json\/wp\/v2\/users\/39"}],"replies":[{"embeddable":true,"href":"https:\/\/www.electroluxprofessional.com\/cz\/wp-json\/wp\/v2\/comments?post=6258"}],"version-history":[{"count":17,"href":"https:\/\/www.electroluxprofessional.com\/cz\/wp-json\/wp\/v2\/pages\/6258\/revisions"}],"predecessor-version":[{"id":12325,"href":"https:\/\/www.electroluxprofessional.com\/cz\/wp-json\/wp\/v2\/pages\/6258\/revisions\/12325"}],"wp:featuredmedia":[{"embeddable":true,"href":"https:\/\/www.electroluxprofessional.com\/cz\/wp-json\/wp\/v2\/media\/2242"}],"wp:attachment":[{"href":"https:\/\/www.electroluxprofessional.com\/cz\/wp-json\/wp\/v2\/media?parent=6258"}],"curies":[{"name":"wp","href":"https:\/\/api.w.org\/{rel}","templated":true}]}}