{"id":6207,"date":"2016-11-14T09:01:16","date_gmt":"2016-11-14T09:01:16","guid":{"rendered":"https:\/\/www.electroluxprofessional.com\/?page_id=5133"},"modified":"2025-11-06T12:40:21","modified_gmt":"2025-11-06T12:40:21","slug":"education-leisure-sports","status":"publish","type":"page","link":"https:\/\/www.electroluxprofessional.com\/cz\/education-leisure-sports\/","title":{"rendered":"Vzd\u011bl\u00e1n\u00ed, voln\u00fd \u010das, sport"},"content":{"rendered":"<p>[vc_row full_width=&#8221;electroluxpro-full-width-no-padding&#8221; matched_labels=&#8221;&#8221;][vc_column][elx_full_banner title=&#8221;Vzd\u011bl\u00e1n\u00ed, voln\u00fd \u010das, sport&#8221; background_image_media_library=&#8221;9823&#8243; background_image_media_library_mobile=&#8221;9824&#8243;][\/vc_column][\/vc_row][vc_row full_width=&#8221;electroluxpro-full-width-no-padding&#8221; disable_element=&#8221;yes&#8221;][vc_column][elx_image_block background_image=&#8221;6201&#8243; minimum_height=&#8221;300px&#8221;][\/vc_column][\/vc_row][vc_row][vc_column width=&#8221;1\/4&#8243;][\/vc_column][vc_column width=&#8221;3\/4&#8243;][elx_heading font_container=&#8221;h1&#8243; font_size=&#8221;h3&#8243; text_color=&#8221;inherit&#8221;]Vzd\u011bl\u00e1n\u00ed, voln\u00fd \u010das a sport[\/elx_heading][\/vc_column][\/vc_row][vc_row][vc_column][vc_column_text]Electrolux Professional je sv\u011btov\u00fd odborn\u00edk na stroje pro potraviny a pr\u00e1dlo a nab\u00edz\u00ed nej\u0161ir\u0161\u00ed \u0161k\u00e1lu \u0159e\u0161en\u00ed a nejlep\u0161\u00ed programovou flexibilitu na trhu. Kompletn\u00ed \u0159e\u0161en\u00ed pro pran\u00ed a stravov\u00e1n\u00ed pro va\u0161e vzd\u011bl\u00e1vac\u00ed, volno\u010dasov\u00e9 a sportovn\u00ed za\u0159\u00edzen\u00ed.[\/vc_column_text][vc_empty_space][\/vc_column][\/vc_row][vc_row][vc_column width=&#8221;1\/3&#8243;][elx_image_block background_image=&#8221;6202&#8243; vert_back_position=&#8221;top&#8221; minimum_height=&#8221;450px&#8221;][vc_column_text drop_caps=&#8221;big-first-letter&#8221;]<\/p>\n<h3>Prue Leith<br \/>\nChefs Academy<\/h3>\n<p>Pretorie, Ji\u017en\u00ed Afrika<br \/>\n<strong>Akademie kucha\u0159\u016f<\/strong><\/p>\n<p><em>&#8220;Electrolux je velmi profesion\u00e1ln\u00ed produkt postaven\u00fd na velmi vysok\u00e9 \u00farovni. Jsme nejl\u00e9pe hodnocenou akademi\u00ed kucha\u0159\u016f v Africe. Chceme, aby na\u0161i studenti byli nejlep\u0161\u00ed, a proto mus\u00ed pracovat a tr\u00e9novat s nejlep\u0161\u00edmi za\u0159\u00edzen\u00edmi a vybaven\u00edm v oboru.<\/em>\u201c<br \/>\n<strong>Anthony Roberts<\/strong>, \u0159editel[\/vc_column_text][\/vc_column][vc_column width=&#8221;1\/3&#8243;][elx_image_block background_image=&#8221;6203&#8243; vert_back_position=&#8221;top&#8221; minimum_height=&#8221;450px&#8221;][vc_column_text drop_caps=&#8221;big-first-letter&#8221;]<\/p>\n<h3>FICO<br \/>\nEataly World<\/h3>\n<p>Bologna, Italy<br \/>\n<strong>Voln\u00fd \u010das<\/strong><\/p>\n<p><em>&#8220;C\u00edlem skv\u011bl\u00e9 technologie v kuchyni je ovlivnit co nejm\u00e9n\u011b prim\u00e1rn\u00ed suroviny. Trvali jsme na tom, \u017ee v\u0161ech 47 restaurac\u00ed FICO mus\u00ed b\u00fdt vybaveno produkty Electrolux, kter\u00fd je s n\u00e1mi od za\u010d\u00e1tku na\u0161\u00ed cesty.<\/em>\u201c<br \/>\n<strong>Oscar Farinetti<\/strong>, Honor\u00e1rn\u00ed prezident[\/vc_column_text][\/vc_column][vc_column width=&#8221;1\/3&#8243;][elx_image_block background_image=&#8221;6204&#8243; vert_back_position=&#8221;top&#8221; minimum_height=&#8221;450px&#8221;][vc_column_text drop_caps=&#8221;big-first-letter&#8221;]<\/p>\n<h3>Campus Diemen Zuid<\/h3>\n<p>Holandsko<br \/>\n<strong>Pr\u00e1delna v apartm\u00e1nov\u00e9m dom\u011b<\/strong><\/p>\n<p>Campus Diemen Zuid pot\u0159eboval pro sv\u00e9 obyvatele modern\u00ed pr\u00e1delnu Apartment-House. T\u00edmto zp\u016fsobem mohli nab\u00eddnout kompletn\u00ed \u0159e\u0161en\u00ed: \u0161pi\u010dkov\u00e9 v\u00fdsledky pran\u00ed v\u010detn\u011b \u010distic\u00edch prost\u0159edk\u016f, integrace s platebn\u00edm syst\u00e9mem kampusu a \u017e\u00e1dn\u00e9 po\u010d\u00e1te\u010dn\u00ed investice, proto\u017ee obyvatel\u00e9 si za ka\u017ed\u00e9 pran\u00ed plat\u00ed samotn\u00e9 stroje.[\/vc_column_text][\/vc_column][\/vc_row][vc_row][vc_column width=&#8221;1\/3&#8243;][elx_image_block background_image=&#8221;557&#8243; vert_back_position=&#8221;top&#8221; minimum_height=&#8221;450px&#8221;][vc_column_text drop_caps=&#8221;big-first-letter&#8221;]<\/p>\n<h3>ICCA Dubai<\/h3>\n<p>Dubaj<br \/>\n<strong>Kulin\u00e1\u0159sk\u00e9 divadlo<\/strong><\/p>\n<p><em>&#8220;V\u011b\u0159\u00edme ve zm\u011bnu v tomto odv\u011btv\u00ed a tento rozd\u00edl se spojil d\u00edky partnerstv\u00ed s Electrolux Professional. Spojili jsme profesion\u00e1ln\u00ed \u0161kolen\u00ed a profesion\u00e1ln\u00ed technologie do jedin\u00e9 platformy, kter\u00e1 bude m\u00edt obrovsk\u00fd dopad na pr\u016fmysl a tak\u00e9 \u00fasp\u011bchy na\u0161ich kucha\u0159\u016f.\u201c<\/em><br \/>\n<strong>Sunjeh Raja<\/strong>, \u0159editel[\/vc_column_text][\/vc_column][vc_column width=&#8221;1\/3&#8243;][elx_image_block background_image=&#8221;6205&#8243; minimum_height=&#8221;450px&#8221;][vc_column_text drop_caps=&#8221;big-first-letter&#8221;]<\/p>\n<h3>Strandpark De Zeeuwse Kust<\/h3>\n<p>Holandsko<br \/>\n<strong>Z\u00e1bavn\u00ed park<\/strong><\/p>\n<p><em>&#8220;Vyu\u017eili jsme koncept Electrolux PayperWash. Nemuseli jsme investovat do spot\u0159ebi\u010d\u016f, ale m\u00edsto toho plat\u00edme my i na\u0161i z\u00e1kazn\u00edci fixn\u00ed poplatek za myc\u00ed a su\u0161ic\u00ed cyklus. Toto \u0159e\u0161en\u00ed spolu s robustnost\u00ed, snadno pou\u017eiteln\u00fdmi ovl\u00e1dac\u00edmi prvky a celkov\u00e1 vysok\u00e1 kvalita spot\u0159ebi\u010d\u016f Electrolux u\u010dinila volbu pro Electrolux snadnou.&#8221;<\/em><br \/>\n<strong>Marc Ruijtenberg<\/strong>[\/vc_column_text][\/vc_column][vc_column width=&#8221;1\/3&#8243;][elx_image_block background_image=&#8221;6206&#8243; minimum_height=&#8221;450px&#8221;][vc_column_text drop_caps=&#8221;big-first-letter&#8221;]<\/p>\n<h3>Union Berlin football club<\/h3>\n<p>N\u011bmecko<br \/>\n<strong>Stadionov\u00e1 kuchyn\u011b<\/strong><\/p>\n<p>Electrolux Professional je schopen nab\u00eddnout celou \u0159adu \u0159e\u0161en\u00ed; v\u00fdhodu, kterou \u017e\u00e1dn\u00fd konkurent nem\u016f\u017ee p\u0159ekonat. Electrolux nav\u00edc nab\u00edz\u00ed kompletn\u00ed \u0159e\u0161en\u00ed pl\u00e1nov\u00e1n\u00ed j\u00eddel Cook &amp; Chill pro 1900 lid\u00ed. To byl posledn\u00ed dotek tohoto \u00fasp\u011b\u0161n\u00e9ho p\u0159\u00edb\u011bhu.[\/vc_column_text][\/vc_column][\/vc_row][vc_row][vc_column][elx_heading text_color=&#8221;inherit&#8221;]Objevte na\u0161e \u0159e\u0161en\u00ed pro vzd\u011bl\u00e1vac\u00ed za\u0159\u00edzen\u00ed[\/elx_heading][\/vc_column][\/vc_row][vc_row][vc_column width=&#8221;1\/3&#8243;][elx_download_block text=&#8221;Solutions for Education Brochure&#8221; file_picker=&#8221;25204&#8243; background_color=&#8221;orange&#8221;][\/vc_column][vc_column width=&#8221;1\/3&#8243;][\/vc_column][vc_column width=&#8221;1\/3&#8243;][\/vc_column][\/vc_row][vc_row css=&#8221;.vc_custom_1542027396835{background-color: #eeeeee !important;}&#8221;][vc_column][elx_heading text_color=&#8221;inherit&#8221;]Mohlo by V\u00e1s tak\u00e9 zaj\u00edmat[\/elx_heading][\/vc_column][\/vc_row][vc_row css=&#8221;.vc_custom_1542027408159{background-color: #eeeeee !important;}&#8221;][vc_column width=&#8221;1\/3&#8243;][elx_maylike_box id_box=&#8221;5086&#8243;][\/vc_column][vc_column width=&#8221;1\/3&#8243;][elx_maylike_box id_box=&#8221;5089&#8243;][\/vc_column][vc_column width=&#8221;1\/3&#8243;][elx_maylike_box id_box=&#8221;5088&#8243;][\/vc_column][\/vc_row][vc_row][vc_column][vc_empty_space][elx_heading text_color=&#8221;inherit&#8221;]Pora\u010fte se s odborn\u00edkem[\/elx_heading][vc_empty_space][elx_o2000_contact_us r=&#8221;Pros\u00edm, za\u0161lete mi v\u00edce informac\u00ed o &#8230;&#8221; s=&#8221;Po\u017eadavek z webov\u00fdch str\u00e1nek Electrolux Professional&#8221; country=&#8221;Czech Republic&#8221; b=&#8221;food&#8221; l=&#8221;cz&#8221; e=&#8221;&#8221;][\/vc_column][\/vc_row]<\/p>\n","protected":false},"excerpt":{"rendered":"<p>[vc_row full_width=&#8221;electroluxpro-full-width-no-padding&#8221; matched_labels=&#8221;&#8221;][vc_column][elx_full_banner title=&#8221;Vzd\u011bl\u00e1n\u00ed, voln\u00fd \u010das, sport&#8221; background_image_media_library=&#8221;9823&#8243; background_image_media_library_mobile=&#8221;9824&#8243;][\/vc_column][\/vc_row][vc_row full_width=&#8221;electroluxpro-full-width-no-padding&#8221; disable_element=&#8221;yes&#8221;][vc_column][elx_image_block background_image=&#8221;6201&#8243; minimum_height=&#8221;300px&#8221;][\/vc_column][\/vc_row][vc_row][vc_column width=&#8221;1\/4&#8243;][\/vc_column][vc_column width=&#8221;3\/4&#8243;][elx_heading font_container=&#8221;h1&#8243; font_size=&#8221;h3&#8243; text_color=&#8221;inherit&#8221;]Vzd\u011bl\u00e1n\u00ed, voln\u00fd \u010das a sport[\/elx_heading][\/vc_column][\/vc_row][vc_row][vc_column][vc_column_text]Electrolux Professional je sv\u011btov\u00fd odborn\u00edk na stroje pro potraviny a pr\u00e1dlo a nab\u00edz\u00ed nej\u0161ir\u0161\u00ed \u0161k\u00e1lu \u0159e\u0161en\u00ed a nejlep\u0161\u00ed programovou flexibilitu na trhu. Kompletn\u00ed \u0159e\u0161en\u00ed pro pran\u00ed a stravov\u00e1n\u00ed pro va\u0161e vzd\u011bl\u00e1vac\u00ed, volno\u010dasov\u00e9 a sportovn\u00ed [&hellip;]<\/p>\n","protected":false},"author":39,"featured_media":0,"parent":0,"menu_order":0,"comment_status":"closed","ping_status":"closed","template":"","meta":{"footnotes":""},"class_list":["post-6207","page","type-page","status-publish","hentry"],"acf":[],"yoast_head":"<!-- This site is optimized with the Yoast SEO plugin v23.3 - https:\/\/yoast.com\/wordpress\/plugins\/seo\/ -->\n<title>Vzd\u011bl\u00e1n\u00ed, voln\u00fd \u010das, sport - Electrolux Professional \u010cesk\u00e1 republika<\/title>\n<meta name=\"robots\" content=\"index, follow, max-snippet:-1, max-image-preview:large, max-video-preview:-1\" \/>\n<link rel=\"canonical\" href=\"https:\/\/www.electroluxprofessional.com\/cz\/education-leisure-sports\/\" \/>\n<meta property=\"og:locale\" content=\"cs_CZ\" \/>\n<meta property=\"og:type\" content=\"article\" \/>\n<meta property=\"og:title\" content=\"Vzd\u011bl\u00e1n\u00ed, voln\u00fd \u010das, sport - Electrolux Professional \u010cesk\u00e1 republika\" \/>\n<meta property=\"og:description\" content=\"[vc_row full_width=&#8221;electroluxpro-full-width-no-padding&#8221; matched_labels=&#8221;&#8221;][vc_column][elx_full_banner title=&#8221;Vzd\u011bl\u00e1n\u00ed, voln\u00fd \u010das, sport&#8221; background_image_media_library=&#8221;9823&#8243; background_image_media_library_mobile=&#8221;9824&#8243;][\/vc_column][\/vc_row][vc_row full_width=&#8221;electroluxpro-full-width-no-padding&#8221; disable_element=&#8221;yes&#8221;][vc_column][elx_image_block background_image=&#8221;6201&#8243; minimum_height=&#8221;300px&#8221;][\/vc_column][\/vc_row][vc_row][vc_column width=&#8221;1\/4&#8243;][\/vc_column][vc_column width=&#8221;3\/4&#8243;][elx_heading font_container=&#8221;h1&#8243; font_size=&#8221;h3&#8243; text_color=&#8221;inherit&#8221;]Vzd\u011bl\u00e1n\u00ed, voln\u00fd \u010das a sport[\/elx_heading][\/vc_column][\/vc_row][vc_row][vc_column][vc_column_text]Electrolux Professional je sv\u011btov\u00fd odborn\u00edk na stroje pro potraviny a pr\u00e1dlo a nab\u00edz\u00ed nej\u0161ir\u0161\u00ed \u0161k\u00e1lu \u0159e\u0161en\u00ed a nejlep\u0161\u00ed programovou flexibilitu na trhu. Kompletn\u00ed \u0159e\u0161en\u00ed pro pran\u00ed a stravov\u00e1n\u00ed pro va\u0161e vzd\u011bl\u00e1vac\u00ed, volno\u010dasov\u00e9 a sportovn\u00ed [&hellip;]\" \/>\n<meta property=\"og:url\" content=\"https:\/\/www.electroluxprofessional.com\/cz\/education-leisure-sports\/\" \/>\n<meta property=\"og:site_name\" content=\"Electrolux Professional \u010cesk\u00e1 republika\" \/>\n<meta property=\"article:publisher\" content=\"https:\/\/www.facebook.com\/electroluxprofessional\" \/>\n<meta property=\"article:modified_time\" content=\"2025-11-06T12:40:21+00:00\" \/>\n<meta name=\"twitter:card\" content=\"summary_large_image\" \/>\n<meta name=\"twitter:site\" content=\"@ElectroluxPro\" \/>\n<meta name=\"twitter:label1\" content=\"Odhadovan\u00e1 doba \u010dten\u00ed\" \/>\n\t<meta name=\"twitter:data1\" content=\"3 minuty\" \/>\n<script type=\"application\/ld+json\" class=\"yoast-schema-graph\">{\"@context\":\"https:\/\/schema.org\",\"@graph\":[{\"@type\":\"WebPage\",\"@id\":\"https:\/\/www.electroluxprofessional.com\/cz\/education-leisure-sports\/\",\"url\":\"https:\/\/www.electroluxprofessional.com\/cz\/education-leisure-sports\/\",\"name\":\"Vzd\u011bl\u00e1n\u00ed, voln\u00fd \u010das, sport - Electrolux Professional \u010cesk\u00e1 republika\",\"isPartOf\":{\"@id\":\"https:\/\/www.electroluxprofessional.com\/cz\/#website\"},\"datePublished\":\"2016-11-14T09:01:16+00:00\",\"dateModified\":\"2025-11-06T12:40:21+00:00\",\"breadcrumb\":{\"@id\":\"https:\/\/www.electroluxprofessional.com\/cz\/education-leisure-sports\/#breadcrumb\"},\"inLanguage\":\"cs\",\"potentialAction\":[{\"@type\":\"ReadAction\",\"target\":[\"https:\/\/www.electroluxprofessional.com\/cz\/education-leisure-sports\/\"]}]},{\"@type\":\"BreadcrumbList\",\"@id\":\"https:\/\/www.electroluxprofessional.com\/cz\/education-leisure-sports\/#breadcrumb\",\"itemListElement\":[{\"@type\":\"ListItem\",\"position\":1,\"name\":\"Home\",\"item\":\"https:\/\/www.electroluxprofessional.com\/cz\/\"},{\"@type\":\"ListItem\",\"position\":2,\"name\":\"Vzd\u011bl\u00e1n\u00ed, voln\u00fd \u010das, sport\"}]},{\"@type\":\"WebSite\",\"@id\":\"https:\/\/www.electroluxprofessional.com\/cz\/#website\",\"url\":\"https:\/\/www.electroluxprofessional.com\/cz\/\",\"name\":\"Electrolux Professional \u010cesk\u00e1 republika\",\"description\":\"\",\"potentialAction\":[{\"@type\":\"SearchAction\",\"target\":{\"@type\":\"EntryPoint\",\"urlTemplate\":\"https:\/\/www.electroluxprofessional.com\/cz\/?src={search_term_string}\"},\"query-input\":\"required name=search_term_string\"}],\"inLanguage\":\"cs\"}]}<\/script>\n<!-- \/ Yoast SEO plugin. -->","yoast_head_json":{"title":"Vzd\u011bl\u00e1n\u00ed, voln\u00fd \u010das, sport - Electrolux Professional \u010cesk\u00e1 republika","robots":{"index":"index","follow":"follow","max-snippet":"max-snippet:-1","max-image-preview":"max-image-preview:large","max-video-preview":"max-video-preview:-1"},"canonical":"https:\/\/www.electroluxprofessional.com\/cz\/education-leisure-sports\/","og_locale":"cs_CZ","og_type":"article","og_title":"Vzd\u011bl\u00e1n\u00ed, voln\u00fd \u010das, sport - Electrolux Professional \u010cesk\u00e1 republika","og_description":"[vc_row full_width=&#8221;electroluxpro-full-width-no-padding&#8221; matched_labels=&#8221;&#8221;][vc_column][elx_full_banner title=&#8221;Vzd\u011bl\u00e1n\u00ed, voln\u00fd \u010das, sport&#8221; background_image_media_library=&#8221;9823&#8243; background_image_media_library_mobile=&#8221;9824&#8243;][\/vc_column][\/vc_row][vc_row full_width=&#8221;electroluxpro-full-width-no-padding&#8221; disable_element=&#8221;yes&#8221;][vc_column][elx_image_block background_image=&#8221;6201&#8243; minimum_height=&#8221;300px&#8221;][\/vc_column][\/vc_row][vc_row][vc_column width=&#8221;1\/4&#8243;][\/vc_column][vc_column width=&#8221;3\/4&#8243;][elx_heading font_container=&#8221;h1&#8243; font_size=&#8221;h3&#8243; text_color=&#8221;inherit&#8221;]Vzd\u011bl\u00e1n\u00ed, voln\u00fd \u010das a sport[\/elx_heading][\/vc_column][\/vc_row][vc_row][vc_column][vc_column_text]Electrolux Professional je sv\u011btov\u00fd odborn\u00edk na stroje pro potraviny a pr\u00e1dlo a nab\u00edz\u00ed nej\u0161ir\u0161\u00ed \u0161k\u00e1lu \u0159e\u0161en\u00ed a nejlep\u0161\u00ed programovou flexibilitu na trhu. Kompletn\u00ed \u0159e\u0161en\u00ed pro pran\u00ed a stravov\u00e1n\u00ed pro va\u0161e vzd\u011bl\u00e1vac\u00ed, volno\u010dasov\u00e9 a sportovn\u00ed [&hellip;]","og_url":"https:\/\/www.electroluxprofessional.com\/cz\/education-leisure-sports\/","og_site_name":"Electrolux Professional \u010cesk\u00e1 republika","article_publisher":"https:\/\/www.facebook.com\/electroluxprofessional","article_modified_time":"2025-11-06T12:40:21+00:00","twitter_card":"summary_large_image","twitter_site":"@ElectroluxPro","twitter_misc":{"Odhadovan\u00e1 doba \u010dten\u00ed":"3 minuty"},"schema":{"@context":"https:\/\/schema.org","@graph":[{"@type":"WebPage","@id":"https:\/\/www.electroluxprofessional.com\/cz\/education-leisure-sports\/","url":"https:\/\/www.electroluxprofessional.com\/cz\/education-leisure-sports\/","name":"Vzd\u011bl\u00e1n\u00ed, voln\u00fd \u010das, sport - Electrolux Professional \u010cesk\u00e1 republika","isPartOf":{"@id":"https:\/\/www.electroluxprofessional.com\/cz\/#website"},"datePublished":"2016-11-14T09:01:16+00:00","dateModified":"2025-11-06T12:40:21+00:00","breadcrumb":{"@id":"https:\/\/www.electroluxprofessional.com\/cz\/education-leisure-sports\/#breadcrumb"},"inLanguage":"cs","potentialAction":[{"@type":"ReadAction","target":["https:\/\/www.electroluxprofessional.com\/cz\/education-leisure-sports\/"]}]},{"@type":"BreadcrumbList","@id":"https:\/\/www.electroluxprofessional.com\/cz\/education-leisure-sports\/#breadcrumb","itemListElement":[{"@type":"ListItem","position":1,"name":"Home","item":"https:\/\/www.electroluxprofessional.com\/cz\/"},{"@type":"ListItem","position":2,"name":"Vzd\u011bl\u00e1n\u00ed, voln\u00fd \u010das, sport"}]},{"@type":"WebSite","@id":"https:\/\/www.electroluxprofessional.com\/cz\/#website","url":"https:\/\/www.electroluxprofessional.com\/cz\/","name":"Electrolux Professional \u010cesk\u00e1 republika","description":"","potentialAction":[{"@type":"SearchAction","target":{"@type":"EntryPoint","urlTemplate":"https:\/\/www.electroluxprofessional.com\/cz\/?src={search_term_string}"},"query-input":"required name=search_term_string"}],"inLanguage":"cs"}]}},"_links":{"self":[{"href":"https:\/\/www.electroluxprofessional.com\/cz\/wp-json\/wp\/v2\/pages\/6207"}],"collection":[{"href":"https:\/\/www.electroluxprofessional.com\/cz\/wp-json\/wp\/v2\/pages"}],"about":[{"href":"https:\/\/www.electroluxprofessional.com\/cz\/wp-json\/wp\/v2\/types\/page"}],"author":[{"embeddable":true,"href":"https:\/\/www.electroluxprofessional.com\/cz\/wp-json\/wp\/v2\/users\/39"}],"replies":[{"embeddable":true,"href":"https:\/\/www.electroluxprofessional.com\/cz\/wp-json\/wp\/v2\/comments?post=6207"}],"version-history":[{"count":12,"href":"https:\/\/www.electroluxprofessional.com\/cz\/wp-json\/wp\/v2\/pages\/6207\/revisions"}],"predecessor-version":[{"id":14041,"href":"https:\/\/www.electroluxprofessional.com\/cz\/wp-json\/wp\/v2\/pages\/6207\/revisions\/14041"}],"wp:attachment":[{"href":"https:\/\/www.electroluxprofessional.com\/cz\/wp-json\/wp\/v2\/media?parent=6207"}],"curies":[{"name":"wp","href":"https:\/\/api.w.org\/{rel}","templated":true}]}}