{"id":6035,"date":"2016-05-20T08:33:14","date_gmt":"2016-05-20T08:33:14","guid":{"rendered":"https:\/\/www.electroluxprofessional.com\/?page_id=1287"},"modified":"2020-09-30T19:41:38","modified_gmt":"2020-09-30T19:41:38","slug":"firebrigades","status":"publish","type":"page","link":"https:\/\/www.electroluxprofessional.com\/cz\/firebrigades\/","title":{"rendered":"Hasi\u010di"},"content":{"rendered":"<p>[vc_row full_width=&#8221;electroluxpro-full-width-no-padding&#8221;][vc_column reveal_effect=&#8221;&#8221;][elx_image_block background_image=&#8221;639&#8243; minimum_height=&#8221;400px&#8221;][\/vc_column][\/vc_row][vc_row][vc_column][vc_empty_space][elx_heading font_container=&#8221;h1&#8243; text_color=&#8221;business&#8221; text_align=&#8221;text-left&#8221;]<strong>Hasi\u010di<\/strong>[\/elx_heading][elx_heading text_color=&#8221;inherit&#8221; text_align=&#8221;text-left&#8221;]Pou\u017e\u00edv\u00e1n\u00ed spr\u00e1vn\u00e9ho pr\u00e1deln\u00edho za\u0159\u00edzen\u00ed m\u016f\u017ee ve skute\u010dnosti pomoci zachr\u00e1nit \u017eivoty[\/elx_heading][vc_empty_space][\/vc_column][\/vc_row][vc_row][vc_column width=&#8221;1\/2&#8243;][elx_image_block background_image=&#8221;640&#8243; minimum_height=&#8221;360px&#8221;][elx_heading font_container=&#8221;h3&#8243; text_color=&#8221;inherit&#8221; text_align=&#8221;text-left&#8221;]O po\u017e\u00e1rn\u00ed od\u011bvy Nomex\u00ae a dal\u0161\u00ed oble\u010den\u00ed se starejte s pomoc\u00ed <strong>vlastn\u00ed pr\u00e1delny<\/strong>.[\/elx_heading][vc_column_text]Myc\u00ed programy pou\u017e\u00edvan\u00e9 v syst\u00e9mech Electrolux Professional zaji\u0161\u0165uj\u00ed, \u017ee pran\u00ed nem\u00e1 \u017e\u00e1dn\u00fd negativn\u00ed dopad na protipo\u017e\u00e1rn\u00ed vlastnosti Nomexu\u00ae a jin\u00fdch n\u00e1t\u011br\u016f &#8211; ani\u017e by byla ohro\u017eena \u00fa\u010dinnost pran\u00ed.<\/p>\n<p>V r\u00e1mci procesu pran\u00ed lze od\u011bvy tak\u00e9 impregnovat.<br \/>\nSpolehn\u011bte se na zku\u0161enosti glob\u00e1ln\u00edho hr\u00e1\u010de<br \/>\na vedouc\u00edho partnera:<\/p>\n<ul>\n<li>Dokonalost uvnit\u0159: inteligentn\u00ed funkce a speci\u00e1ln\u00ed programy pro hasi\u010de<\/li>\n<li>Electrolux Professional Laundry Solution impregnuje ochrann\u00e9 od\u011bvy jako sou\u010d\u00e1st celkov\u00e9ho procesu \u010di\u0161t\u011bn\u00ed<\/li>\n<li>Obnovuje plnou ochranu a pohodl\u00ed od\u011bv\u016f po ka\u017ed\u00e9m pran\u00ed<\/li>\n<li>\u0160et\u0159\u00ed vodu, energii a \u010das &#8211; impregna\u010dn\u00ed kapaliny a vodu lze pou\u017e\u00edt n\u011bkolikr\u00e1t<\/li>\n<\/ul>\n<p>[\/vc_column_text][\/vc_column][vc_column width=&#8221;1\/2&#8243;][elx_video_block background_image=&#8221;641&#8243; video_link=&#8221;https:\/\/www.youtube.com\/watch?v=sjljkdbbppk&#8221; minimum_height=&#8221;360px&#8221;][elx_heading font_container=&#8221;h3&#8243; text_color=&#8221;inherit&#8221;]Od\u011bvy pro hasi\u010de jsou objemn\u00e9.<br \/>\nProto se doporu\u010duj\u00ed <strong>stroje s velk\u00fdm objemem bubnu a velk\u00fdm otev\u00edr\u00e1n\u00edm dve\u0159\u00ed<\/strong>.<br \/>\n[\/elx_heading][vc_column_text]Pra\u010dky s p\u0159edn\u00edm pln\u011bn\u00edm s vysok\u00fdm odst\u0159ed\u011bn\u00edm nebo bari\u00e9rov\u00e9 pra\u010dky s programovateln\u00fdm ovl\u00e1d\u00e1n\u00edm a speci\u00e1ln\u00edmi programy jsou nejvhodn\u011bj\u0161\u00ed ze dvou d\u016fvod\u016f:<\/p>\n<ul>\n<li>Uniformy mohou m\u00edt membr\u00e1novou vrstvu, kter\u00e1 m\u016f\u017ee vytv\u00e1\u0159et \u201evodn\u00ed kapsu\u201c, kter\u00e1 b\u011bhem extrakce poskytuje extr\u00e9mn\u00ed nevyv\u00e1\u017eenost.<\/li>\n<li>Vysokot\u00e1\u010div\u00e1 pra\u010dka nen\u00ed tak citliv\u00e1 na t\u011b\u017ekou nevyv\u00e1\u017eenost.<\/li>\n<li>N\u00edzk\u00e1 extrakce nepo\u0161kod\u00ed velmi drah\u00e9 reflexn\u00ed pruhy v od\u011bvu.<\/li>\n<\/ul>\n<p>[\/vc_column_text][\/vc_column][\/vc_row][vc_row][vc_column][vc_empty_space][\/vc_column][\/vc_row][vc_row disable_element=&#8221;yes&#8221;][vc_column][elx_heading text_color=&#8221;inherit&#8221; text_align=&#8221;text-left&#8221;]Garments need to be impregnated<br \/>\n[\/elx_heading][vc_column_text]<\/p>\n<p style=\"text-align: left;\"><strong>After washing, the garments need to be impregnated to protect fire fighters.<\/strong> This process divides in two main steps: the chemical impregnant is properly dosed by the washing machine (the <strong>washer extractor<\/strong>) and then fixed in a specific dryer, expressly designed for Fire Brigades.<\/p>\n<p>[\/vc_column_text][vc_empty_space][\/vc_column][\/vc_row][vc_row disable_element=&#8221;yes&#8221;][vc_column width=&#8221;1\/2&#8243;][elx_image_block background_image=&#8221;6034&#8243; minimum_height=&#8221;400px&#8221;][\/vc_column][vc_column width=&#8221;1\/2&#8243;][elx_heading text_color=&#8221;inherit&#8221;]&#8221;Protect the Protectors&#8221;: Electrolux Professional commitment to firefighters&#8217; well-being[\/elx_heading][vc_empty_space height=&#8221;16px&#8221;][vc_column_text]<strong><a href=\"https:\/\/www.electroluxprofessional.com\/cz\/decontex-decontamination-process\/\">Electrolux Professional\u00a0and\u00a0Decontex\u00a0set an\u00a0innovative and new decontamination process<\/a><\/strong>\u00a0based on a Liquid CO2 washer that cleans and decontaminates firefighters\u2019 uniforms. It is the only existing\u00a0environmental friendly technology\u00a0able to complete the entire cycle without damaging neither the gear nor the environment.[\/vc_column_text][elx_button button_text=&#8221;Discover more&#8221; button_style=&#8221;icon&#8221; button_link=&#8221;url:https%3A%2F%2Fwww.electroluxprofessional.com%2Fcz%2Fdecontex-decontamination-process%2F|title:Electrolux%20Professional%20and%20Decontex%3A%20the%20decontamination%20process%20to%20%E2%80%9CProtect%20the%20protectors%E2%80%9D||&#8221;][\/vc_column][\/vc_row][vc_row][vc_column][vc_empty_space][\/vc_column][\/vc_row][vc_row][vc_column][elx_heading text_color=&#8221;inherit&#8221; text_align=&#8221;text-left&#8221;]Spojte se s na\u0161\u00edm t\u00fdmem odborn\u00edk\u016f.[\/elx_heading][elx_o2000_contact_us r=&#8221;Pros\u00edm, za\u0161lete mi v\u00edce informac\u00ed o &#8230;&#8221; s=&#8221;Po\u017eadavek z webov\u00fdch str\u00e1nek Electrolux Professional&#8221; country=&#8221;Czech Republic&#8221; l=&#8221;cz&#8221; b=&#8221;food&#8221; e=&#8221;&#8221;][\/vc_column][\/vc_row][vc_row][vc_column][vc_empty_space][\/vc_column][\/vc_row][vc_row disable_element=&#8221;yes&#8221;][vc_column width=&#8221;1\/2&#8243;][elx_heading text_color=&#8221;business&#8221;]Drying Cabinets<br \/>\n[\/elx_heading][vc_empty_space][vc_column_text]<\/p>\n<h5>Outstanding flexibility<\/h5>\n<ul>\n<li>Designed for sensitive garments<\/li>\n<li>Protective workwear<\/li>\n<li>Outdoor clothing and bulky items.<\/li>\n<\/ul>\n<p>[\/vc_column_text][vc_column_text]<\/p>\n<h5>Quality and care<\/h5>\n<ul>\n<li>Top quality results and textile care thanks to gentle drying without mechanical action.<\/li>\n<\/ul>\n<p>[\/vc_column_text][vc_column_text]<\/p>\n<h5>Save time and money<\/h5>\n<ul>\n<li>Fast and gentle drying, quicker and better than hang- or flat-drying<\/li>\n<li>Extended lifetime of garments and workwear.<\/li>\n<\/ul>\n<p>[\/vc_column_text][vc_column_text]<\/p>\n<h5>Accessories<\/h5>\n<p>For best space utilization and perfect results:<br \/>\n&#8211; Hanger sticks<br \/>\n&#8211; Shoes shelves<br \/>\n&#8211; Glove hangers[\/vc_column_text][\/vc_column][vc_column width=&#8221;1\/2&#8243;][elx_image_block background_image=&#8221;643&#8243; minimum_height=&#8221;400px&#8221;][vc_empty_space][elx_image_block background_image=&#8221;642&#8243; minimum_height=&#8221;400px&#8221;][\/vc_column][\/vc_row][vc_row][vc_column][vc_empty_space][\/vc_column][\/vc_row][vc_row disable_element=&#8221;yes&#8221;][vc_column width=&#8221;1\/2&#8243;][elx_heading text_color=&#8221;inherit&#8221;]Personal Protecting Equipment (PPE) Washer[\/elx_heading][elx_heading font_container=&#8221;h3&#8243; text_color=&#8221;inherit&#8221;]PPE Washer decontaminates masks, helmets, boots and hoses to protect fire fighters from cancer[\/elx_heading][vc_column_text]PPE Washer washes and sanitizes protective personal equipments in steel, composite, rubber, fabric, plastic etc. from oily substances, residues of combustion gases, toxins and other highly hazardous substances.[\/vc_column_text][\/vc_column][vc_column width=&#8221;1\/2&#8243;][vc_single_image image=&#8221;644&#8243; img_size=&#8221;large&#8221; alignment=&#8221;center&#8221; css=&#8221;.vc_custom_1464248267612{padding-top: 50px !important;}&#8221;][\/vc_column][\/vc_row][vc_row disable_element=&#8221;yes&#8221;][vc_column css=&#8221;.vc_custom_1464252140830{padding-top: 30px !important;}&#8221;][elx_heading text_color=&#8221;inherit&#8221;]Fire Station[\/elx_heading][vc_tta_tabs][vc_tta_section title=&#8221;Big Fire Station&#8221; tab_id=&#8221;1481036272860-d062ff33-3212&#8243;][vc_row_inner][vc_column_inner width=&#8221;1\/4&#8243;][vc_single_image image=&#8221;2206&#8243; img_size=&#8221;full&#8221;][\/vc_column_inner][vc_column_inner width=&#8221;3\/4&#8243;][vc_empty_space height=&#8221;20px&#8221;][elx_heading font_container=&#8221;h3&#8243; text_color=&#8221;inherit&#8221;]Big Fire Station or Station that washes for other brigades[\/elx_heading][vc_column_text]<\/p>\n<ul>\n<li><a href=\"https:\/\/www.electroluxprofessional.com\/cz\/commercial-laundry-equipment\/barrier-washers\/\">Barrier washers<\/a> or front load washer (4-6 uniforms \u2013 35kg)<\/li>\n<li>Drying cabinet TS4175WW (4 uniforms)<\/li>\n<li>PPE washer L for masks and breathing apparatus (3-4 sets in 6 minutes)<\/li>\n<li>Drying cabinet TS5121 for various fire equipment (i.e. masks)<\/li>\n<\/ul>\n<p>[\/vc_column_text][\/vc_column_inner][\/vc_row_inner][\/vc_tta_section][vc_tta_section title=&#8221;Medium Fire Station&#8221; tab_id=&#8221;1481036272901-b179521a-e3b9&#8243;][vc_row_inner][vc_column_inner width=&#8221;1\/4&#8243;][vc_single_image image=&#8221;2207&#8243; img_size=&#8221;full&#8221;][\/vc_column_inner][vc_column_inner width=&#8221;3\/4&#8243;][elx_heading font_container=&#8221;h3&#8243; text_color=&#8221;inherit&#8221;]Medium\/Big Fire Station[\/elx_heading][vc_column_text]<\/p>\n<ul>\n<li>Barrier washers or front load washer (3-4 uniforms \u2013 27kg)<\/li>\n<li>Drying cabinet TS4175WW (4 uniforms)<\/li>\n<li>PPE washer L for masks and breathing apparatus (3-4 sets in 6 minutes)<\/li>\n<li>Drying cabinet TS5121 for various fire equipment (i.e. masks)<\/li>\n<\/ul>\n<p>[\/vc_column_text][\/vc_column_inner][\/vc_row_inner][\/vc_tta_section][vc_tta_section title=&#8221;Small Fire Station&#8221; tab_id=&#8221;1481036509474-b9a2d361-0f99&#8243;][vc_row_inner][vc_column_inner width=&#8221;1\/4&#8243;][vc_single_image image=&#8221;2208&#8243; img_size=&#8221;full&#8221;][\/vc_column_inner][vc_column_inner width=&#8221;3\/4&#8243;][vc_empty_space][elx_heading font_container=&#8221;h3&#8243; text_color=&#8221;inherit&#8221;]Small Fire Station[\/elx_heading][vc_column_text]<\/p>\n<ul>\n<li>Front load washer (1 uniform \u2013 8kg)<\/li>\n<li>Tumble Dryer (8kg)<\/li>\n<li>Drying cabinet TS560 for various fire equipment (i.e. masks)<\/li>\n<\/ul>\n<p>[\/vc_column_text][\/vc_column_inner][\/vc_row_inner][\/vc_tta_section][\/vc_tta_tabs][\/vc_column][\/vc_row][vc_row disable_element=&#8221;yes&#8221; matched_labels=&#8221;&#8221;][vc_column css=&#8221;.vc_custom_1464252140830{padding-top: 30px !important;}&#8221;][elx_heading text_color=&#8221;inherit&#8221;]Discover our laundry solutions for Firebrigades:[\/elx_heading][\/vc_column][\/vc_row][vc_row disable_element=&#8221;yes&#8221;][vc_column width=&#8221;1\/3&#8243;][elx_download_block text=&#8221;Laundry Solutions for Emergencies Leaflet&#8221; link=&#8221;http:\/\/files.professional.electrolux.com\/Docs\/?n=CLF-9JE00022&amp;l=1&amp;t=CLF&#8221; background_color=&#8221;orange&#8221; reveal_effect=&#8221;&#8221; reveal_duration=&#8221;&#8221; reveal_delay=&#8221;&#8221;][\/vc_column][vc_column width=&#8221;1\/3&#8243;][elx_download_block text=&#8221;Drying Cabinets Commercial Leaflets&#8221; link=&#8221;http:\/\/files.professional.electrolux.com\/docs\/?n=CLF-9JE00049&amp;t=CLF&amp;l=1&#8243; background_color=&#8221;orange&#8221; reveal_effect=&#8221;fadeIn&#8221; reveal_duration=&#8221;&#8221; reveal_delay=&#8221;&#8221;][\/vc_column][vc_column width=&#8221;1\/3&#8243;][\/vc_column][\/vc_row][vc_row disable_element=&#8221;yes&#8221;][vc_column][elx_heading text_color=&#8221;inherit&#8221;]Get in touch with our team of experts[\/elx_heading][elx_o2000_contact_us r=&#8221;I would like to get in touch with your team of experts and find out together a solution for my business.&#8221; s=&#8221;Request for information: firebrigades garments&#8221; container=&#8221;elxcontactus1466429009123&#8243;][vc_empty_space height=&#8221;50px&#8221;][\/vc_column][\/vc_row]<\/p>\n","protected":false},"excerpt":{"rendered":"<p>[vc_row full_width=&#8221;electroluxpro-full-width-no-padding&#8221;][vc_column reveal_effect=&#8221;&#8221;][elx_image_block background_image=&#8221;639&#8243; minimum_height=&#8221;400px&#8221;][\/vc_column][\/vc_row][vc_row][vc_column][vc_empty_space][elx_heading font_container=&#8221;h1&#8243; text_color=&#8221;business&#8221; text_align=&#8221;text-left&#8221;]Hasi\u010di[\/elx_heading][elx_heading text_color=&#8221;inherit&#8221; text_align=&#8221;text-left&#8221;]Pou\u017e\u00edv\u00e1n\u00ed spr\u00e1vn\u00e9ho pr\u00e1deln\u00edho za\u0159\u00edzen\u00ed m\u016f\u017ee ve skute\u010dnosti pomoci zachr\u00e1nit \u017eivoty[\/elx_heading][vc_empty_space][\/vc_column][\/vc_row][vc_row][vc_column width=&#8221;1\/2&#8243;][elx_image_block background_image=&#8221;640&#8243; minimum_height=&#8221;360px&#8221;][elx_heading font_container=&#8221;h3&#8243; text_color=&#8221;inherit&#8221; text_align=&#8221;text-left&#8221;]O po\u017e\u00e1rn\u00ed od\u011bvy Nomex\u00ae a dal\u0161\u00ed oble\u010den\u00ed se starejte s pomoc\u00ed vlastn\u00ed pr\u00e1delny.[\/elx_heading][vc_column_text]Myc\u00ed programy pou\u017e\u00edvan\u00e9 v syst\u00e9mech Electrolux Professional zaji\u0161\u0165uj\u00ed, \u017ee pran\u00ed nem\u00e1 \u017e\u00e1dn\u00fd negativn\u00ed dopad na protipo\u017e\u00e1rn\u00ed vlastnosti Nomexu\u00ae a [&hellip;]<\/p>\n","protected":false},"author":39,"featured_media":741,"parent":0,"menu_order":0,"comment_status":"closed","ping_status":"closed","template":"","meta":{"footnotes":""},"class_list":["post-6035","page","type-page","status-publish","has-post-thumbnail","hentry"],"acf":[],"yoast_head":"<!-- This site is optimized with the Yoast SEO plugin v23.3 - https:\/\/yoast.com\/wordpress\/plugins\/seo\/ -->\n<title>Od\u011bvy hasi\u010d\u016f je t\u0159eba pr\u00e1t speci\u00e1ln\u00edmi programy<\/title>\n<meta name=\"description\" content=\"Prac\u00ed roztok Electrolux Professional pro hasi\u010dsk\u00e9 sbory impregnuje ochrann\u00e9 od\u011bvy jako sou\u010d\u00e1st cel\u00e9ho procesu pran\u00ed.\" \/>\n<meta name=\"robots\" content=\"index, follow, max-snippet:-1, max-image-preview:large, max-video-preview:-1\" \/>\n<link rel=\"canonical\" href=\"https:\/\/www.electroluxprofessional.com\/cz\/firebrigades\/\" \/>\n<meta property=\"og:locale\" content=\"cs_CZ\" \/>\n<meta property=\"og:type\" content=\"article\" \/>\n<meta property=\"og:title\" content=\"Od\u011bvy hasi\u010d\u016f je t\u0159eba pr\u00e1t speci\u00e1ln\u00edmi programy\" \/>\n<meta property=\"og:description\" content=\"Prac\u00ed roztok Electrolux Professional pro hasi\u010dsk\u00e9 sbory impregnuje ochrann\u00e9 od\u011bvy jako sou\u010d\u00e1st cel\u00e9ho procesu pran\u00ed.\" \/>\n<meta property=\"og:url\" content=\"https:\/\/www.electroluxprofessional.com\/cz\/firebrigades\/\" \/>\n<meta property=\"og:site_name\" content=\"Electrolux Professional \u010cesk\u00e1 republika\" \/>\n<meta property=\"article:publisher\" content=\"https:\/\/www.facebook.com\/electroluxprofessional\" \/>\n<meta property=\"article:modified_time\" content=\"2020-09-30T19:41:38+00:00\" \/>\n<meta property=\"og:image\" content=\"https:\/\/www.electroluxprofessional.com\/cz\/wp-content\/uploads\/2016\/11\/firebrigades-quadro.jpg\" \/>\n\t<meta property=\"og:image:width\" content=\"700\" \/>\n\t<meta property=\"og:image:height\" content=\"700\" \/>\n\t<meta property=\"og:image:type\" content=\"image\/jpeg\" \/>\n<meta name=\"twitter:card\" content=\"summary_large_image\" \/>\n<meta name=\"twitter:site\" content=\"@ElectroluxPro\" \/>\n<meta name=\"twitter:label1\" content=\"Odhadovan\u00e1 doba \u010dten\u00ed\" \/>\n\t<meta name=\"twitter:data1\" content=\"7 minut\" \/>\n<script type=\"application\/ld+json\" class=\"yoast-schema-graph\">{\"@context\":\"https:\/\/schema.org\",\"@graph\":[{\"@type\":\"WebPage\",\"@id\":\"https:\/\/www.electroluxprofessional.com\/cz\/firebrigades\/\",\"url\":\"https:\/\/www.electroluxprofessional.com\/cz\/firebrigades\/\",\"name\":\"Od\u011bvy hasi\u010d\u016f je t\u0159eba pr\u00e1t speci\u00e1ln\u00edmi programy\",\"isPartOf\":{\"@id\":\"https:\/\/www.electroluxprofessional.com\/cz\/#website\"},\"primaryImageOfPage\":{\"@id\":\"https:\/\/www.electroluxprofessional.com\/cz\/firebrigades\/#primaryimage\"},\"image\":{\"@id\":\"https:\/\/www.electroluxprofessional.com\/cz\/firebrigades\/#primaryimage\"},\"thumbnailUrl\":\"https:\/\/www.electroluxprofessional.com\/cz\/wp-content\/uploads\/2016\/11\/firebrigades-quadro.jpg\",\"datePublished\":\"2016-05-20T08:33:14+00:00\",\"dateModified\":\"2020-09-30T19:41:38+00:00\",\"description\":\"Prac\u00ed roztok Electrolux Professional pro hasi\u010dsk\u00e9 sbory impregnuje ochrann\u00e9 od\u011bvy jako sou\u010d\u00e1st cel\u00e9ho procesu pran\u00ed.\",\"breadcrumb\":{\"@id\":\"https:\/\/www.electroluxprofessional.com\/cz\/firebrigades\/#breadcrumb\"},\"inLanguage\":\"cs\",\"potentialAction\":[{\"@type\":\"ReadAction\",\"target\":[\"https:\/\/www.electroluxprofessional.com\/cz\/firebrigades\/\"]}]},{\"@type\":\"ImageObject\",\"inLanguage\":\"cs\",\"@id\":\"https:\/\/www.electroluxprofessional.com\/cz\/firebrigades\/#primaryimage\",\"url\":\"https:\/\/www.electroluxprofessional.com\/cz\/wp-content\/uploads\/2016\/11\/firebrigades-quadro.jpg\",\"contentUrl\":\"https:\/\/www.electroluxprofessional.com\/cz\/wp-content\/uploads\/2016\/11\/firebrigades-quadro.jpg\",\"width\":700,\"height\":700,\"caption\":\"firebrigades\"},{\"@type\":\"BreadcrumbList\",\"@id\":\"https:\/\/www.electroluxprofessional.com\/cz\/firebrigades\/#breadcrumb\",\"itemListElement\":[{\"@type\":\"ListItem\",\"position\":1,\"name\":\"Home\",\"item\":\"https:\/\/www.electroluxprofessional.com\/cz\/\"},{\"@type\":\"ListItem\",\"position\":2,\"name\":\"Hasi\u010di\"}]},{\"@type\":\"WebSite\",\"@id\":\"https:\/\/www.electroluxprofessional.com\/cz\/#website\",\"url\":\"https:\/\/www.electroluxprofessional.com\/cz\/\",\"name\":\"Electrolux Professional \u010cesk\u00e1 republika\",\"description\":\"\",\"potentialAction\":[{\"@type\":\"SearchAction\",\"target\":{\"@type\":\"EntryPoint\",\"urlTemplate\":\"https:\/\/www.electroluxprofessional.com\/cz\/?src={search_term_string}\"},\"query-input\":\"required name=search_term_string\"}],\"inLanguage\":\"cs\"}]}<\/script>\n<!-- \/ Yoast SEO plugin. -->","yoast_head_json":{"title":"Od\u011bvy hasi\u010d\u016f je t\u0159eba pr\u00e1t speci\u00e1ln\u00edmi programy","description":"Prac\u00ed roztok Electrolux Professional pro hasi\u010dsk\u00e9 sbory impregnuje ochrann\u00e9 od\u011bvy jako sou\u010d\u00e1st cel\u00e9ho procesu pran\u00ed.","robots":{"index":"index","follow":"follow","max-snippet":"max-snippet:-1","max-image-preview":"max-image-preview:large","max-video-preview":"max-video-preview:-1"},"canonical":"https:\/\/www.electroluxprofessional.com\/cz\/firebrigades\/","og_locale":"cs_CZ","og_type":"article","og_title":"Od\u011bvy hasi\u010d\u016f je t\u0159eba pr\u00e1t speci\u00e1ln\u00edmi programy","og_description":"Prac\u00ed roztok Electrolux Professional pro hasi\u010dsk\u00e9 sbory impregnuje ochrann\u00e9 od\u011bvy jako sou\u010d\u00e1st cel\u00e9ho procesu pran\u00ed.","og_url":"https:\/\/www.electroluxprofessional.com\/cz\/firebrigades\/","og_site_name":"Electrolux Professional \u010cesk\u00e1 republika","article_publisher":"https:\/\/www.facebook.com\/electroluxprofessional","article_modified_time":"2020-09-30T19:41:38+00:00","og_image":[{"width":700,"height":700,"url":"https:\/\/www.electroluxprofessional.com\/cz\/wp-content\/uploads\/2016\/11\/firebrigades-quadro.jpg","type":"image\/jpeg"}],"twitter_card":"summary_large_image","twitter_site":"@ElectroluxPro","twitter_misc":{"Odhadovan\u00e1 doba \u010dten\u00ed":"7 minut"},"schema":{"@context":"https:\/\/schema.org","@graph":[{"@type":"WebPage","@id":"https:\/\/www.electroluxprofessional.com\/cz\/firebrigades\/","url":"https:\/\/www.electroluxprofessional.com\/cz\/firebrigades\/","name":"Od\u011bvy hasi\u010d\u016f je t\u0159eba pr\u00e1t speci\u00e1ln\u00edmi programy","isPartOf":{"@id":"https:\/\/www.electroluxprofessional.com\/cz\/#website"},"primaryImageOfPage":{"@id":"https:\/\/www.electroluxprofessional.com\/cz\/firebrigades\/#primaryimage"},"image":{"@id":"https:\/\/www.electroluxprofessional.com\/cz\/firebrigades\/#primaryimage"},"thumbnailUrl":"https:\/\/www.electroluxprofessional.com\/cz\/wp-content\/uploads\/2016\/11\/firebrigades-quadro.jpg","datePublished":"2016-05-20T08:33:14+00:00","dateModified":"2020-09-30T19:41:38+00:00","description":"Prac\u00ed roztok Electrolux Professional pro hasi\u010dsk\u00e9 sbory impregnuje ochrann\u00e9 od\u011bvy jako sou\u010d\u00e1st cel\u00e9ho procesu pran\u00ed.","breadcrumb":{"@id":"https:\/\/www.electroluxprofessional.com\/cz\/firebrigades\/#breadcrumb"},"inLanguage":"cs","potentialAction":[{"@type":"ReadAction","target":["https:\/\/www.electroluxprofessional.com\/cz\/firebrigades\/"]}]},{"@type":"ImageObject","inLanguage":"cs","@id":"https:\/\/www.electroluxprofessional.com\/cz\/firebrigades\/#primaryimage","url":"https:\/\/www.electroluxprofessional.com\/cz\/wp-content\/uploads\/2016\/11\/firebrigades-quadro.jpg","contentUrl":"https:\/\/www.electroluxprofessional.com\/cz\/wp-content\/uploads\/2016\/11\/firebrigades-quadro.jpg","width":700,"height":700,"caption":"firebrigades"},{"@type":"BreadcrumbList","@id":"https:\/\/www.electroluxprofessional.com\/cz\/firebrigades\/#breadcrumb","itemListElement":[{"@type":"ListItem","position":1,"name":"Home","item":"https:\/\/www.electroluxprofessional.com\/cz\/"},{"@type":"ListItem","position":2,"name":"Hasi\u010di"}]},{"@type":"WebSite","@id":"https:\/\/www.electroluxprofessional.com\/cz\/#website","url":"https:\/\/www.electroluxprofessional.com\/cz\/","name":"Electrolux Professional \u010cesk\u00e1 republika","description":"","potentialAction":[{"@type":"SearchAction","target":{"@type":"EntryPoint","urlTemplate":"https:\/\/www.electroluxprofessional.com\/cz\/?src={search_term_string}"},"query-input":"required name=search_term_string"}],"inLanguage":"cs"}]}},"_links":{"self":[{"href":"https:\/\/www.electroluxprofessional.com\/cz\/wp-json\/wp\/v2\/pages\/6035"}],"collection":[{"href":"https:\/\/www.electroluxprofessional.com\/cz\/wp-json\/wp\/v2\/pages"}],"about":[{"href":"https:\/\/www.electroluxprofessional.com\/cz\/wp-json\/wp\/v2\/types\/page"}],"author":[{"embeddable":true,"href":"https:\/\/www.electroluxprofessional.com\/cz\/wp-json\/wp\/v2\/users\/39"}],"replies":[{"embeddable":true,"href":"https:\/\/www.electroluxprofessional.com\/cz\/wp-json\/wp\/v2\/comments?post=6035"}],"version-history":[{"count":6,"href":"https:\/\/www.electroluxprofessional.com\/cz\/wp-json\/wp\/v2\/pages\/6035\/revisions"}],"predecessor-version":[{"id":6288,"href":"https:\/\/www.electroluxprofessional.com\/cz\/wp-json\/wp\/v2\/pages\/6035\/revisions\/6288"}],"wp:featuredmedia":[{"embeddable":true,"href":"https:\/\/www.electroluxprofessional.com\/cz\/wp-json\/wp\/v2\/media\/741"}],"wp:attachment":[{"href":"https:\/\/www.electroluxprofessional.com\/cz\/wp-json\/wp\/v2\/media?parent=6035"}],"curies":[{"name":"wp","href":"https:\/\/api.w.org\/{rel}","templated":true}]}}