{"id":5984,"date":"2016-11-22T14:26:38","date_gmt":"2016-11-22T14:26:38","guid":{"rendered":"https:\/\/www.electroluxprofessional.com\/?page_id=5710"},"modified":"2025-11-06T12:41:30","modified_gmt":"2025-11-06T12:41:30","slug":"staff-canteens","status":"publish","type":"page","link":"https:\/\/www.electroluxprofessional.com\/cz\/staff-canteens\/","title":{"rendered":"Zam\u011bstnaneck\u00e9 j\u00eddelny"},"content":{"rendered":"<p>[vc_row full_width=&#8221;electroluxpro-full-width-no-padding&#8221;][vc_column][elx_full_banner title=&#8221;Zam\u011bstnaneck\u00e9 j\u00eddelny&#8221; set_as_h1=&#8221;true&#8221; background_image_media_library=&#8221;9827&#8243; background_image_media_library_mobile=&#8221;9828&#8243;][\/vc_column][\/vc_row][vc_row disable_element=&#8221;yes&#8221; css=&#8221;.vc_custom_1666113184709{background-color: #041e41 !important;}&#8221;][vc_column reveal_effect=&#8221;&#8221; width=&#8221;2\/3&#8243;][vc_empty_space][vc_row_inner full_width=&#8221;electroluxpro-full-width-no-padding&#8221;][vc_column_inner width=&#8221;1\/4&#8243;][vc_single_image image=&#8221;5468&#8243; img_size=&#8221;full&#8221;][\/vc_column_inner][vc_column_inner width=&#8221;3\/4&#8243;][vc_empty_space height=&#8221;25px&#8221;][elx_heading font_container=&#8221;h1&#8243; font_size=&#8221;h3&#8243; text_color=&#8221;business&#8221; text_align=&#8221;text-left&#8221;]Zam\u011bstnaneck\u00e9 j\u00eddelny[\/elx_heading][\/vc_column_inner][\/vc_row_inner][elx_heading font_size=&#8221;h5&#8243; text_color=&#8221;white&#8221;]&#8221;M\u00e1me velk\u00e9 \u0161t\u011bst\u00ed, \u017ee pracujeme s vybaven\u00edm sv\u011btov\u00e9 t\u0159\u00eddy od spole\u010dnosti Electrolux Professional, kter\u00e1 n\u00e1m nejen poskytla pohodl\u00ed a atmosf\u00e9ru luxusn\u00edho prostoru, ale jsme tak\u00e9 schopni dodr\u017eovat mezin\u00e1rodn\u00ed standardy \u010distoty a hygieny v na\u0161ich kuchyn\u00edch.&#8221; Jsme velmi hrd\u00ed na to, \u017ee jsme spojeni se spole\u010dnost\u00ed sv\u011btov\u00e9 t\u0159\u00eddy, jako je Electrolux Professional. \u201c[\/elx_heading][vc_column_text]<\/p>\n<p style=\"color: #fff;\"><strong>Mr. Ramesh Palagiri<\/strong>, \u0158editel &amp; CEO<br \/>\n<strong>Mrs. Maithili Bhojwani<\/strong>, Administrativa<br \/>\n<strong>Wirtgen Group<\/strong> &#8211; Pune, Indie<\/p>\n<p>[\/vc_column_text][vc_column reveal_effect=&#8221;&#8221; width=&#8221;1\/2&#8243;][\/vc_column][\/vc_column][vc_column reveal_effect=&#8221;&#8221; width=&#8221;1\/3&#8243;][elx_image_block background_image=&#8221;478&#8243; minimum_height=&#8221;580px&#8221;][\/vc_column][\/vc_row][vc_row][vc_column][vc_empty_space][elx_heading font_size=&#8221;h3&#8243; text_color=&#8221;inherit&#8221;]Na\u0161i z\u00e1kazn\u00edci[\/elx_heading][vc_empty_space][\/vc_column][\/vc_row][vc_row][vc_column width=&#8221;1\/2&#8243;][elx_image_block background_image=&#8221;490&#8243; minimum_height=&#8221;400px&#8221;][elx_heading font_container=&#8221;h3&#8243; font_size=&#8221;h5&#8243; text_color=&#8221;inherit&#8221;]GAI Industrie Spa[\/elx_heading][vc_column_text]Cuneo, Italy[\/vc_column_text][vc_column_text]Slo\u017eit\u00e1 instalace vy\u017eadovala pou\u017eit\u00ed je\u0159\u00e1bu k p\u0159ivezen\u00ed za\u0159\u00edzen\u00ed do j\u00eddelny ve 2. a 3. pat\u0159e budovy. Zvl\u00e1\u0161tnost\u00ed t\u00e9to kuchyn\u011b je jist\u011b absence skute\u010dn\u00fdch zd\u00ed: ve skute\u010dnosti jsou na v\u0161ech 4 stran\u00e1ch velk\u00e1 okna, kter\u00e1 v\u00e1m umo\u017en\u00ed kdykoli vid\u011bt kucha\u0159e v pr\u00e1ci.<\/p>\n<p>V\u0161echny chladni\u010dky maj\u00ed sklen\u011bn\u00e9 dve\u0159e, synonymum stylu a skv\u011bl\u00e9 organizace pr\u00e1ce. Ve st\u0159edu kuchyn\u011b stoj\u00ed modul\u00e1rn\u00ed kucha\u0159sk\u00e1 sada Thermaline, vrchol \u0159ady Electrolux Professional.[\/vc_column_text][\/vc_column][vc_column width=&#8221;1\/2&#8243;][vc_single_image image=&#8221;479&#8243; img_size=&#8221;555*400&#8243; alignment=&#8221;right&#8221;][elx_heading font_container=&#8221;h3&#8243; font_size=&#8221;h5&#8243; text_color=&#8221;inherit&#8221;]Wirtgen Group[\/elx_heading][vc_column_text]Pune, India<br \/>\n[\/vc_column_text][vc_column_text]N\u011bmeck\u00fd v\u00fdrobce stavebn\u00edch stroj\u016f Wirtgen Group je l\u00eddrem na trhu v oblasti silni\u010dn\u00edch staveb a silni\u010dn\u00edch rehabilita\u010dn\u00edch za\u0159\u00edzen\u00ed a m\u00e1 nejmodern\u011bj\u0161\u00ed v\u00fdrobn\u00ed z\u00e1vod v indick\u00e9m Pune, jejich t\u0159et\u00ed z\u00e1vod mimo N\u011bmecko.<\/p>\n<p>Vysoce kvalitn\u00ed komer\u010dn\u00ed kuchyn\u011b pro j\u00eddlo zam\u011bstnanc\u016f je pln\u011b vybavena Electrolux Professional.<\/p>\n<p><em>\u201c&#8230; to tak\u00e9 zv\u00fd\u0161ilo efektivitu na\u0161ich zam\u011bstnanc\u016f a podstatn\u011b sn\u00ed\u017eilo na\u0161e n\u00e1klady na energii, co\u017e je d\u00e1le vystavilo nov\u00fdm standard\u016fm v komer\u010dn\u00edm va\u0159en\u00ed.&#8221;<\/em><\/p>\n<p><strong>\u0160efkucha\u0159 Deepak<\/strong>[\/vc_column_text][\/vc_column][\/vc_row][vc_row css=&#8221;.vc_custom_1522939207643{background-color: #ededc9 !important;}&#8221;][vc_column][elx_heading font_size=&#8221;h3&#8243; text_color=&#8221;inherit&#8221; text_align=&#8221;text-left&#8221;]N\u00e1pojov\u00e1 \u0159e\u0161en\u00ed<br \/>\n[\/elx_heading][vc_empty_space][\/vc_column][\/vc_row][vc_row equal_height=&#8221;yes&#8221; css=&#8221;.vc_custom_1522941413247{background-color: #ededc9 !important;}&#8221;][vc_column width=&#8221;1\/2&#8243;][elx_simple_link_block link=&#8221;url:https%3A%2F%2Fwww.electroluxprofessional.com%2Fcz%2Fbeverage-solutions%2F|title:Beverage%20solutions||&#8221; text_align=&#8221;text-left&#8221; text_color=&#8221;inherit&#8221; background_color=&#8221;inherit&#8221; background_hover_color=&#8221;darker-hover&#8221; extra_class=&#8221;&#8221; reveal_effect=&#8221;&#8221; reveal_duration=&#8221;&#8221; reveal_delay=&#8221;&#8221;][vc_single_image image=&#8221;4871&#8243; img_size=&#8221;full&#8221;][\/elx_simple_link_block][\/vc_column][vc_column width=&#8221;1\/2&#8243;][elx_simple_link_block link=&#8221;url:https%3A%2F%2Fwww.electroluxprofessional.com%2Fcz%2Fbeverage-solutions%2F|title:Beverage%20solutions||&#8221; text_align=&#8221;text-left&#8221; text_color=&#8221;inherit&#8221; background_color=&#8221;inherit&#8221; background_hover_color=&#8221;darker-hover&#8221; extra_class=&#8221;&#8221; reveal_effect=&#8221;&#8221; reveal_duration=&#8221;&#8221; reveal_delay=&#8221;&#8221;][elx_heading font_container=&#8221;h3&#8243; font_size=&#8221;h5&#8243; text_color=&#8221;inherit&#8221;]Kompletn\u00ed p\u00e9\u010de[\/elx_heading][vc_column_text]Rozs\u00e1hl\u00e1 nab\u00eddka \u0159e\u0161en\u00ed pro <strong>p\u0159\u00edpravu k\u00e1vy a n\u00e1poj\u016f<\/strong>, kter\u00e1 p\u0159ekon\u00e1 o\u010dek\u00e1v\u00e1n\u00ed va\u0161ich z\u00e1kazn\u00edk\u016f, spolu s t\u00fdmem odborn\u00edk\u016f, kte\u0159\u00ed se k n\u00e1m p\u0159ipojili, aby v\u00e1m slou\u017eili.<\/p>\n<ul>\n<li>K\u00e1vovary a \u010dajovary<\/li>\n<li>Ml\u00fdnky na k\u00e1vu<\/li>\n<li>Z\u00e1sobn\u00edky na studen\u00e9 n\u00e1poje<\/li>\n<li>D\u00e1vkova\u010de hork\u00fdch a mra\u017een\u00fdch n\u00e1poj\u016f<\/li>\n<li>a je\u0161t\u011b v\u00edce &#8230;<\/li>\n<\/ul>\n<p>[\/vc_column_text][\/elx_simple_link_block][elx_button button_text=&#8221;Objevte nab\u00eddku pro p\u0159\u00edpravu k\u00e1vy a n\u00e1poj\u016f&#8221; button_style=&#8221;icon-blue&#8221; button_link=&#8221;url:https%3A%2F%2Fwww.electroluxprofessional.com%2Fcz%2Fbeverage-solutions%2F|title:coffee%20and%20beverage%20solutions||&#8221;][\/vc_column][\/vc_row][vc_row][vc_column][vc_empty_space height=&#8221;50px&#8221;][\/vc_column][\/vc_row][vc_row][vc_column][elx_heading font_size=&#8221;h3&#8243; text_color=&#8221;inherit&#8221; text_align=&#8221;text-left&#8221;]Na\u0161e nejlep\u0161\u00ed \u0159e\u0161en\u00ed pro zam\u011bstnaneck\u00e9 j\u00eddelny[\/elx_heading][\/vc_column][\/vc_row][vc_row css=&#8221;.vc_custom_1465550821993{padding-top: 20px !important;padding-bottom: 20px !important;background-color: #f7f6f6 !important;}&#8221;][vc_column width=&#8221;1\/3&#8243;][elx_simple_link_block link=&#8221;url:https%3A%2F%2Fwww.electroluxprofessional.com%2Fcz%2Fcommercial-kitchen-equipment%2Fthermaline-cooking-ranges%2F|title:thermaline||&#8221; text_align=&#8221;text-left&#8221; text_color=&#8221;inherit&#8221; background_color=&#8221;inherit&#8221; background_hover_color=&#8221;darker-hover&#8221; extra_class=&#8221;&#8221; reveal_effect=&#8221;&#8221; reveal_duration=&#8221;&#8221; reveal_delay=&#8221;&#8221;][vc_single_image image=&#8221;748&#8243; img_size=&#8221;full&#8221; alignment=&#8221;center&#8221;][elx_heading font_container=&#8221;h3&#8243; text_color=&#8221;inherit&#8221; text_align=&#8221;text-left&#8221;]therma<em>line<\/em><br \/>\n[\/elx_heading][vc_column_text]<\/p>\n<ul>\n<li>U\u0161et\u0159ete a\u017e 60% na n\u00e1kladech na energii a z\u00e1rove\u0148 vylep\u0161ete v\u00fdkon s pr\u00e9miov\u00fdm rozsahem va\u0159en\u00ed Thermaline<\/li>\n<li>Celopovrchov\u00e1 induk\u010dn\u00ed deska usnad\u0148uje va\u0159en\u00ed mnoha pokrm\u016f najednou.<\/li>\n<\/ul>\n<p>[\/vc_column_text][\/elx_simple_link_block][\/vc_column][vc_column width=&#8221;1\/3&#8243;][elx_simple_link_block link=&#8221;url:https%3A%2F%2Fwww.electroluxprofessional.com%2Fcz%2Fcommercial-kitchen-equipment%2Fcook-and-chill%2F|title:Cook%20and%20chill||&#8221; text_align=&#8221;text-left&#8221; text_color=&#8221;inherit&#8221; background_color=&#8221;inherit&#8221; background_hover_color=&#8221;darker-hover&#8221; extra_class=&#8221;&#8221; reveal_effect=&#8221;&#8221; reveal_duration=&#8221;&#8221; reveal_delay=&#8221;&#8221;][vc_single_image image=&#8221;749&#8243; img_size=&#8221;large&#8221; alignment=&#8221;center&#8221;][elx_heading font_container=&#8221;h3&#8243; text_color=&#8221;inherit&#8221; text_align=&#8221;text-center&#8221;]Cook&amp;Chill<br \/>\n[\/elx_heading][vc_column_text]<\/p>\n<ul>\n<li>Va\u0159te ekologicky s Touchline air-o-steam, nejekologi\u010dt\u011bj\u0161\u00ed konvektomat, kter\u00fd je v sou\u010dasn\u00e9 dob\u011b na trhu<\/li>\n<li>flexibiln\u011bj\u0161\u00ed nab\u00eddky, \u0161t\u00edhlej\u0161\u00ed a efektivn\u011bj\u0161\u00ed pracovn\u00ed postupy, m\u00e9n\u011b pl\u00fdtv\u00e1n\u00ed a \u00faspora \u010dasu, n\u00e1klad\u016f a energie.<\/li>\n<\/ul>\n<p>[\/vc_column_text][\/elx_simple_link_block][\/vc_column][vc_column width=&#8221;1\/3&#8243;][elx_simple_link_block][vc_single_image image=&#8221;750&#8243; img_size=&#8221;large&#8221;][elx_heading font_container=&#8221;h3&#8243; text_color=&#8221;inherit&#8221; text_align=&#8221;text-center&#8221;]Chlazen\u00ed<br \/>\n[\/elx_heading][vc_column_text]<\/p>\n<ul>\n<li>Udr\u017eujte j\u00eddlo v chladu s nejlep\u0161\u00ed energetickou \u00fa\u010dinnost\u00ed ve sv\u00e9 t\u0159\u00edd\u011b v chlazen\u00fdch sk\u0159\u00edn\u00edch Ecostore<\/li>\n<li>pomozte zv\u00fd\u0161it udr\u017eitelnost a produktivitu va\u0161\u00ed kuchyn\u011b.<\/li>\n<\/ul>\n<p>[\/vc_column_text][\/elx_simple_link_block][\/vc_column][\/vc_row][vc_row][vc_column][elx_heading font_size=&#8221;h3&#8243; text_color=&#8221;inherit&#8221;]Objevte, co m\u016f\u017ee Electrolux ud\u011blat pro va\u0161e podnik\u00e1n\u00ed.[\/elx_heading][elx_o2000_contact_us s=&#8221;Po\u017eadavek z webov\u00fdch str\u00e1nek Electrolux Professional&#8221; country=&#8221;Czech Republic&#8221; b=&#8221;food&#8221; r=&#8221;Pros\u00edm, za\u0161lete mi v\u00edce informac\u00ed o &#8230;&#8221; l=&#8221;cz&#8221; e=&#8221;&#8221;][\/vc_column][\/vc_row]<\/p>\n","protected":false},"excerpt":{"rendered":"<p>[vc_row full_width=&#8221;electroluxpro-full-width-no-padding&#8221;][vc_column][elx_full_banner title=&#8221;Zam\u011bstnaneck\u00e9 j\u00eddelny&#8221; set_as_h1=&#8221;true&#8221; background_image_media_library=&#8221;9827&#8243; background_image_media_library_mobile=&#8221;9828&#8243;][\/vc_column][\/vc_row][vc_row disable_element=&#8221;yes&#8221; css=&#8221;.vc_custom_1666113184709{background-color: #041e41 !important;}&#8221;][vc_column reveal_effect=&#8221;&#8221; width=&#8221;2\/3&#8243;][vc_empty_space][vc_row_inner full_width=&#8221;electroluxpro-full-width-no-padding&#8221;][vc_column_inner width=&#8221;1\/4&#8243;][vc_single_image image=&#8221;5468&#8243; img_size=&#8221;full&#8221;][\/vc_column_inner][vc_column_inner width=&#8221;3\/4&#8243;][vc_empty_space height=&#8221;25px&#8221;][elx_heading font_container=&#8221;h1&#8243; font_size=&#8221;h3&#8243; text_color=&#8221;business&#8221; text_align=&#8221;text-left&#8221;]Zam\u011bstnaneck\u00e9 j\u00eddelny[\/elx_heading][\/vc_column_inner][\/vc_row_inner][elx_heading font_size=&#8221;h5&#8243; text_color=&#8221;white&#8221;]&#8221;M\u00e1me velk\u00e9 \u0161t\u011bst\u00ed, \u017ee pracujeme s vybaven\u00edm sv\u011btov\u00e9 t\u0159\u00eddy od spole\u010dnosti Electrolux Professional, kter\u00e1 n\u00e1m nejen poskytla pohodl\u00ed a atmosf\u00e9ru luxusn\u00edho prostoru, ale jsme tak\u00e9 schopni dodr\u017eovat mezin\u00e1rodn\u00ed standardy \u010distoty [&hellip;]<\/p>\n","protected":false},"author":39,"featured_media":1818,"parent":0,"menu_order":0,"comment_status":"closed","ping_status":"closed","template":"","meta":{"footnotes":""},"class_list":["post-5984","page","type-page","status-publish","has-post-thumbnail","hentry"],"acf":[],"yoast_head":"<!-- This site is optimized with the Yoast SEO plugin v23.3 - https:\/\/yoast.com\/wordpress\/plugins\/seo\/ -->\n<title>Zam\u011bstnaneck\u00e9 j\u00eddelny - Electrolux Professional \u010cesk\u00e1 republika<\/title>\n<meta name=\"description\" content=\"Maintain international standards of cleanliness and hygiene in your kitchens thanks to Electrolux Professional. Discover our solutions for staff canteens.\" \/>\n<meta name=\"robots\" content=\"index, follow, max-snippet:-1, max-image-preview:large, max-video-preview:-1\" \/>\n<link rel=\"canonical\" href=\"https:\/\/www.electroluxprofessional.com\/cz\/staff-canteens\/\" \/>\n<meta property=\"og:locale\" content=\"cs_CZ\" \/>\n<meta property=\"og:type\" content=\"article\" \/>\n<meta property=\"og:title\" content=\"Zam\u011bstnaneck\u00e9 j\u00eddelny - Electrolux Professional \u010cesk\u00e1 republika\" \/>\n<meta property=\"og:description\" content=\"Maintain international standards of cleanliness and hygiene in your kitchens thanks to Electrolux Professional. Discover our solutions for staff canteens.\" \/>\n<meta property=\"og:url\" content=\"https:\/\/www.electroluxprofessional.com\/cz\/staff-canteens\/\" \/>\n<meta property=\"og:site_name\" content=\"Electrolux Professional \u010cesk\u00e1 republika\" \/>\n<meta property=\"article:publisher\" content=\"https:\/\/www.facebook.com\/electroluxprofessional\" \/>\n<meta property=\"article:modified_time\" content=\"2025-11-06T12:41:30+00:00\" \/>\n<meta property=\"og:image\" content=\"https:\/\/www.electroluxprofessional.com\/cz\/wp-content\/uploads\/2016\/11\/staff-canteens1.jpg\" \/>\n\t<meta property=\"og:image:width\" content=\"700\" \/>\n\t<meta property=\"og:image:height\" content=\"700\" \/>\n\t<meta property=\"og:image:type\" content=\"image\/jpeg\" \/>\n<meta name=\"twitter:card\" content=\"summary_large_image\" \/>\n<meta name=\"twitter:site\" content=\"@ElectroluxPro\" \/>\n<meta name=\"twitter:label1\" content=\"Odhadovan\u00e1 doba \u010dten\u00ed\" \/>\n\t<meta name=\"twitter:data1\" content=\"3 minuty\" \/>\n<script type=\"application\/ld+json\" class=\"yoast-schema-graph\">{\"@context\":\"https:\/\/schema.org\",\"@graph\":[{\"@type\":\"WebPage\",\"@id\":\"https:\/\/www.electroluxprofessional.com\/cz\/staff-canteens\/\",\"url\":\"https:\/\/www.electroluxprofessional.com\/cz\/staff-canteens\/\",\"name\":\"Zam\u011bstnaneck\u00e9 j\u00eddelny - Electrolux Professional \u010cesk\u00e1 republika\",\"isPartOf\":{\"@id\":\"https:\/\/www.electroluxprofessional.com\/cz\/#website\"},\"primaryImageOfPage\":{\"@id\":\"https:\/\/www.electroluxprofessional.com\/cz\/staff-canteens\/#primaryimage\"},\"image\":{\"@id\":\"https:\/\/www.electroluxprofessional.com\/cz\/staff-canteens\/#primaryimage\"},\"thumbnailUrl\":\"https:\/\/www.electroluxprofessional.com\/cz\/wp-content\/uploads\/2016\/11\/staff-canteens1.jpg\",\"datePublished\":\"2016-11-22T14:26:38+00:00\",\"dateModified\":\"2025-11-06T12:41:30+00:00\",\"description\":\"Maintain international standards of cleanliness and hygiene in your kitchens thanks to Electrolux Professional. Discover our solutions for staff canteens.\",\"breadcrumb\":{\"@id\":\"https:\/\/www.electroluxprofessional.com\/cz\/staff-canteens\/#breadcrumb\"},\"inLanguage\":\"cs\",\"potentialAction\":[{\"@type\":\"ReadAction\",\"target\":[\"https:\/\/www.electroluxprofessional.com\/cz\/staff-canteens\/\"]}]},{\"@type\":\"ImageObject\",\"inLanguage\":\"cs\",\"@id\":\"https:\/\/www.electroluxprofessional.com\/cz\/staff-canteens\/#primaryimage\",\"url\":\"https:\/\/www.electroluxprofessional.com\/cz\/wp-content\/uploads\/2016\/11\/staff-canteens1.jpg\",\"contentUrl\":\"https:\/\/www.electroluxprofessional.com\/cz\/wp-content\/uploads\/2016\/11\/staff-canteens1.jpg\",\"width\":700,\"height\":700,\"caption\":\"Staff Canteens\"},{\"@type\":\"BreadcrumbList\",\"@id\":\"https:\/\/www.electroluxprofessional.com\/cz\/staff-canteens\/#breadcrumb\",\"itemListElement\":[{\"@type\":\"ListItem\",\"position\":1,\"name\":\"Home\",\"item\":\"https:\/\/www.electroluxprofessional.com\/cz\/\"},{\"@type\":\"ListItem\",\"position\":2,\"name\":\"Zam\u011bstnaneck\u00e9 j\u00eddelny\"}]},{\"@type\":\"WebSite\",\"@id\":\"https:\/\/www.electroluxprofessional.com\/cz\/#website\",\"url\":\"https:\/\/www.electroluxprofessional.com\/cz\/\",\"name\":\"Electrolux Professional \u010cesk\u00e1 republika\",\"description\":\"\",\"potentialAction\":[{\"@type\":\"SearchAction\",\"target\":{\"@type\":\"EntryPoint\",\"urlTemplate\":\"https:\/\/www.electroluxprofessional.com\/cz\/?src={search_term_string}\"},\"query-input\":\"required name=search_term_string\"}],\"inLanguage\":\"cs\"}]}<\/script>\n<!-- \/ Yoast SEO plugin. -->","yoast_head_json":{"title":"Zam\u011bstnaneck\u00e9 j\u00eddelny - Electrolux Professional \u010cesk\u00e1 republika","description":"Maintain international standards of cleanliness and hygiene in your kitchens thanks to Electrolux Professional. Discover our solutions for staff canteens.","robots":{"index":"index","follow":"follow","max-snippet":"max-snippet:-1","max-image-preview":"max-image-preview:large","max-video-preview":"max-video-preview:-1"},"canonical":"https:\/\/www.electroluxprofessional.com\/cz\/staff-canteens\/","og_locale":"cs_CZ","og_type":"article","og_title":"Zam\u011bstnaneck\u00e9 j\u00eddelny - Electrolux Professional \u010cesk\u00e1 republika","og_description":"Maintain international standards of cleanliness and hygiene in your kitchens thanks to Electrolux Professional. Discover our solutions for staff canteens.","og_url":"https:\/\/www.electroluxprofessional.com\/cz\/staff-canteens\/","og_site_name":"Electrolux Professional \u010cesk\u00e1 republika","article_publisher":"https:\/\/www.facebook.com\/electroluxprofessional","article_modified_time":"2025-11-06T12:41:30+00:00","og_image":[{"width":700,"height":700,"url":"https:\/\/www.electroluxprofessional.com\/cz\/wp-content\/uploads\/2016\/11\/staff-canteens1.jpg","type":"image\/jpeg"}],"twitter_card":"summary_large_image","twitter_site":"@ElectroluxPro","twitter_misc":{"Odhadovan\u00e1 doba \u010dten\u00ed":"3 minuty"},"schema":{"@context":"https:\/\/schema.org","@graph":[{"@type":"WebPage","@id":"https:\/\/www.electroluxprofessional.com\/cz\/staff-canteens\/","url":"https:\/\/www.electroluxprofessional.com\/cz\/staff-canteens\/","name":"Zam\u011bstnaneck\u00e9 j\u00eddelny - Electrolux Professional \u010cesk\u00e1 republika","isPartOf":{"@id":"https:\/\/www.electroluxprofessional.com\/cz\/#website"},"primaryImageOfPage":{"@id":"https:\/\/www.electroluxprofessional.com\/cz\/staff-canteens\/#primaryimage"},"image":{"@id":"https:\/\/www.electroluxprofessional.com\/cz\/staff-canteens\/#primaryimage"},"thumbnailUrl":"https:\/\/www.electroluxprofessional.com\/cz\/wp-content\/uploads\/2016\/11\/staff-canteens1.jpg","datePublished":"2016-11-22T14:26:38+00:00","dateModified":"2025-11-06T12:41:30+00:00","description":"Maintain international standards of cleanliness and hygiene in your kitchens thanks to Electrolux Professional. Discover our solutions for staff canteens.","breadcrumb":{"@id":"https:\/\/www.electroluxprofessional.com\/cz\/staff-canteens\/#breadcrumb"},"inLanguage":"cs","potentialAction":[{"@type":"ReadAction","target":["https:\/\/www.electroluxprofessional.com\/cz\/staff-canteens\/"]}]},{"@type":"ImageObject","inLanguage":"cs","@id":"https:\/\/www.electroluxprofessional.com\/cz\/staff-canteens\/#primaryimage","url":"https:\/\/www.electroluxprofessional.com\/cz\/wp-content\/uploads\/2016\/11\/staff-canteens1.jpg","contentUrl":"https:\/\/www.electroluxprofessional.com\/cz\/wp-content\/uploads\/2016\/11\/staff-canteens1.jpg","width":700,"height":700,"caption":"Staff Canteens"},{"@type":"BreadcrumbList","@id":"https:\/\/www.electroluxprofessional.com\/cz\/staff-canteens\/#breadcrumb","itemListElement":[{"@type":"ListItem","position":1,"name":"Home","item":"https:\/\/www.electroluxprofessional.com\/cz\/"},{"@type":"ListItem","position":2,"name":"Zam\u011bstnaneck\u00e9 j\u00eddelny"}]},{"@type":"WebSite","@id":"https:\/\/www.electroluxprofessional.com\/cz\/#website","url":"https:\/\/www.electroluxprofessional.com\/cz\/","name":"Electrolux Professional \u010cesk\u00e1 republika","description":"","potentialAction":[{"@type":"SearchAction","target":{"@type":"EntryPoint","urlTemplate":"https:\/\/www.electroluxprofessional.com\/cz\/?src={search_term_string}"},"query-input":"required name=search_term_string"}],"inLanguage":"cs"}]}},"_links":{"self":[{"href":"https:\/\/www.electroluxprofessional.com\/cz\/wp-json\/wp\/v2\/pages\/5984"}],"collection":[{"href":"https:\/\/www.electroluxprofessional.com\/cz\/wp-json\/wp\/v2\/pages"}],"about":[{"href":"https:\/\/www.electroluxprofessional.com\/cz\/wp-json\/wp\/v2\/types\/page"}],"author":[{"embeddable":true,"href":"https:\/\/www.electroluxprofessional.com\/cz\/wp-json\/wp\/v2\/users\/39"}],"replies":[{"embeddable":true,"href":"https:\/\/www.electroluxprofessional.com\/cz\/wp-json\/wp\/v2\/comments?post=5984"}],"version-history":[{"count":13,"href":"https:\/\/www.electroluxprofessional.com\/cz\/wp-json\/wp\/v2\/pages\/5984\/revisions"}],"predecessor-version":[{"id":14044,"href":"https:\/\/www.electroluxprofessional.com\/cz\/wp-json\/wp\/v2\/pages\/5984\/revisions\/14044"}],"wp:featuredmedia":[{"embeddable":true,"href":"https:\/\/www.electroluxprofessional.com\/cz\/wp-json\/wp\/v2\/media\/1818"}],"wp:attachment":[{"href":"https:\/\/www.electroluxprofessional.com\/cz\/wp-json\/wp\/v2\/media?parent=5984"}],"curies":[{"name":"wp","href":"https:\/\/api.w.org\/{rel}","templated":true}]}}