{"id":5983,"date":"2016-10-17T16:27:28","date_gmt":"2016-10-17T16:27:28","guid":{"rendered":"https:\/\/www.electroluxprofessional.com\/?page_id=3285"},"modified":"2025-11-06T12:48:46","modified_gmt":"2025-11-06T12:48:46","slug":"marine","status":"publish","type":"page","link":"https:\/\/www.electroluxprofessional.com\/cz\/marine\/","title":{"rendered":"Lodn\u00ed doprava"},"content":{"rendered":"<p>[vc_row full_width=&#8221;electroluxpro-full-width-no-padding&#8221;][vc_column][elx_full_banner title=&#8221;Lodn\u00ed doprava&#8221; background_image_media_library=&#8221;9834&#8243; background_image_media_library_mobile=&#8221;9835&#8243;][\/vc_column][\/vc_row][vc_row full_width=&#8221;electroluxpro-full-width-no-padding&#8221; disable_element=&#8221;yes&#8221;][vc_column][elx_image_block background_image=&#8221;840&#8243; minimum_height=&#8221;400px&#8221;][\/vc_column][\/vc_row][vc_row parallax=&#8221;content-moving&#8221;][vc_column css=&#8221;.vc_custom_1472030236138{padding-top: 20px !important;}&#8221;][elx_heading font_size=&#8221;h3&#8243; text_color=&#8221;self-laundries&#8221; text_align=&#8221;text-left&#8221;]Expert v ka\u017ed\u00e9m p\u0159\u00edstavu[\/elx_heading][elx_heading font_container=&#8221;h1&#8243; font_size=&#8221;h5&#8243; text_color=&#8221;inherit&#8221; text_align=&#8221;text-left&#8221;]Unik\u00e1tn\u00ed \u0159e\u0161en\u00ed komer\u010dn\u00edho stravov\u00e1n\u00ed a pr\u00e1delen<br \/>\npro ka\u017edou pot\u0159ebu v r\u00e1mci lodn\u00ed dopravy[\/elx_heading][\/vc_column][\/vc_row][vc_row parallax=&#8221;content-moving&#8221;][vc_column css=&#8221;.vc_custom_1472030236138{padding-top: 20px !important;}&#8221;][elx_heading font_size=&#8221;h3&#8243; text_color=&#8221;inherit&#8221;]N\u00e1\u0161 z\u00e1kazn\u00edk[\/elx_heading][\/vc_column][\/vc_row][vc_row][vc_column width=&#8221;1\/2&#8243;][elx_simple_block background_color=&#8221;inherit&#8221;][vc_single_image image=&#8221;833&#8243; img_size=&#8221;360*313&#8243;][\/elx_simple_block][elx_simple_block background_color=&#8221;inherit&#8221;][elx_heading font_container=&#8221;h3&#8243; font_size=&#8221;h5&#8243; text_color=&#8221;inherit&#8221;]Saga Sapphire[\/elx_heading][vc_column_text]<\/p>\n<p style=\"text-align: left;\">This machine, which is\u00a0Electrolux Professional, for me is good\u2026\u00a0environmentally and\u00a0for my health especially\u00a0(because I don\u2019t have\u00a0to inhale the fumes of\u00a0chemicals).<\/p>\n<p style=\"text-align: left;\">Electrolux\u00a0Professional feels easier to use.<br \/>\nlagoon\u00ae machines are\u00a0better than the traditional\u00a0ones because it does not\u00a0take long to learn.<\/p>\n<p style=\"text-align: left;\"><strong>Earl Gutierrez<\/strong><br \/>\nLaundry Master<br \/>\nSaga Sapphire passenger ship<\/p>\n<p>[\/vc_column_text][\/elx_simple_block][\/vc_column][vc_column width=&#8221;1\/2&#8243;][elx_simple_block background_color=&#8221;inherit&#8221;][vc_single_image image=&#8221;834&#8243; img_size=&#8221;360*313&#8243;][\/elx_simple_block][elx_simple_block background_color=&#8221;inherit&#8221;][elx_heading font_container=&#8221;h3&#8243; font_size=&#8221;h5&#8243; text_color=&#8221;inherit&#8221;]Loipart[\/elx_heading][vc_column_text]<\/p>\n<p style=\"text-align: left;\">All kinds of ships need to rely on their laundry and food service\u00a0equipment working at sea with cost efficient\u00a0processes, easy maintenance and flexible programs.<\/p>\n<p>[\/vc_column_text][vc_column_text]<\/p>\n<p style=\"text-align: left;\"><em><strong>Loipart<\/strong> is in the marine business since so long that we are percieved as the experts, not only as suppliers for <strong>galley and laundry solutions<\/strong>. Our <strong>partnership<\/strong> with Electrolux Professional is lasting since the beginning because we know how experts need professionals to get win-win results.<\/em><\/p>\n<p><strong>Mikael Eliasson VP Sales &amp; Marketing at Loipart<\/strong><\/p>\n<p>Discover more at <a href=\"http:\/\/www.loipart.com\" target=\"_blank\" rel=\"noopener noreferrer\">www.loipart.com<\/a>[\/vc_column_text][\/elx_simple_block][\/vc_column][\/vc_row][vc_row equal_height=&#8221;yes&#8221; css=&#8221;.vc_custom_1522941413247{background-color: #ededc9 !important;}&#8221;][vc_column width=&#8221;1\/2&#8243;][elx_simple_link_block link=&#8221;url:https%3A%2F%2Fwww.electroluxprofessional.com%2Fcz%2Fbeverage-solutions%2F|title:Beverage%20solutions||&#8221; text_align=&#8221;text-left&#8221; text_color=&#8221;inherit&#8221; background_color=&#8221;inherit&#8221; background_hover_color=&#8221;darker-hover&#8221; extra_class=&#8221;&#8221; reveal_effect=&#8221;&#8221; reveal_duration=&#8221;&#8221; reveal_delay=&#8221;&#8221;][vc_single_image image=&#8221;4871&#8243; img_size=&#8221;full&#8221;][\/elx_simple_link_block][\/vc_column][vc_column width=&#8221;1\/2&#8243;][elx_simple_link_block link=&#8221;url:https%3A%2F%2Fwww.electroluxprofessional.com%2Fcz%2Fbeverage-solutions%2F|title:Beverage%20solutions||&#8221; text_align=&#8221;text-left&#8221; text_color=&#8221;inherit&#8221; background_color=&#8221;inherit&#8221; background_hover_color=&#8221;darker-hover&#8221; extra_class=&#8221;&#8221; reveal_effect=&#8221;&#8221; reveal_duration=&#8221;&#8221; reveal_delay=&#8221;&#8221;][elx_heading font_container=&#8221;h3&#8243; font_size=&#8221;h5&#8243; text_color=&#8221;inherit&#8221;]A complete hospitality[\/elx_heading][vc_column_text]An extensive offering of <strong>coffee &amp;\u00a0beverage solutions<\/strong>\u00a0to exceed your customers\u2019 expectations, along with a team of experts who joined us to serve you.<\/p>\n<ul>\n<li>Coffee &amp; tea brewers<\/li>\n<li>Coffee grinders<\/li>\n<li>Cold bubblers<\/li>\n<li>Hot and frozen beverage dispensers<\/li>\n<li>and much more&#8230;<\/li>\n<\/ul>\n<p>[\/vc_column_text][\/elx_simple_link_block][elx_button button_text=&#8221;Discover the coffee &amp; beverage offer&#8221; button_style=&#8221;icon-blue&#8221; button_link=&#8221;url:https%3A%2F%2Fwww.electroluxprofessional.com%2Fcz%2Fbeverage-solutions%2F|title:coffee%20and%20beverage%20solutions||&#8221;][\/vc_column][\/vc_row][vc_row][vc_column][vc_column_text]<\/p>\n<p>[\/vc_column_text][\/vc_column][\/vc_row][vc_row][vc_column][elx_heading font_size=&#8221;h3&#8243; text_color=&#8221;inherit&#8221; text_align=&#8221;text-left&#8221;]Meet our solutions on seven seas[\/elx_heading][\/vc_column][\/vc_row][vc_row full_width=&#8221;electroluxpro-container-no-padding&#8221;][vc_column][elx_hero_slider text_color=&#8221;business&#8221; label_text_color=&#8221;business&#8221; images=&#8221;841&#8243;][elx_heading font_container=&#8221;h3&#8243; font_size=&#8221;h5&#8243; text_color=&#8221;inherit&#8221;]Unique Service Excellence<br \/>\nAlways near<br \/>\nAlways there for you[\/elx_heading][vc_column_text]<\/p>\n<ul>\n<li>1,900 authorised service centres<\/li>\n<li>Over 7,000 expert technicians<\/li>\n<li>44,000 available spare parts in stock<\/li>\n<li>24 \u2013 48 hr spare parts delivery worldwide<\/li>\n<\/ul>\n<p>[\/vc_column_text][\/elx_hero_slider][\/vc_column][\/vc_row][vc_row][vc_column][elx_heading font_container=&#8221;h3&#8243; font_size=&#8221;h3&#8243; text_color=&#8221;inherit&#8221; text_align=&#8221;text-left&#8221; css=&#8221;.vc_custom_1524730987129{padding-top: 50px !important;padding-bottom: 50px !important;}&#8221;]&#8230; and our service in millions of ports.[\/elx_heading][\/vc_column][\/vc_row][vc_row][vc_column width=&#8221;1\/2&#8243;][elx_simple_block background_color=&#8221;inherit&#8221;][elx_heading font_container=&#8221;h3&#8243; font_size=&#8221;h5&#8243; text_color=&#8221;inherit&#8221; text_align=&#8221;text-left&#8221;]Global R&amp;D team: from customer insight to excellence inside[\/elx_heading][vc_column_text]Global R&amp;D teams exploit synergies across internal\u00a0design sectors to reduce time-to-market while performing market\u00a0research and seeking out new opportunities.[\/vc_column_text][\/elx_simple_block][\/vc_column][vc_column width=&#8221;1\/2&#8243;][elx_simple_block background_color=&#8221;inherit&#8221;][elx_heading font_container=&#8221;h3&#8243; font_size=&#8221;h5&#8243; text_color=&#8221;inherit&#8221; text_align=&#8221;text-left&#8221;]The world\u2019s most extensive Customer Care network[\/elx_heading][vc_column_text]Electrolux Professional provides the world\u2019s most extensive Customer Care network, able to satisfy\u00a0your needs with a capillary local presence before, during\u00a0and after purchase.[\/vc_column_text][\/elx_simple_block][\/vc_column][\/vc_row][vc_row][vc_column width=&#8221;1\/2&#8243;][elx_simple_block background_color=&#8221;inherit&#8221;][elx_heading font_size=&#8221;h3&#8243; text_color=&#8221;inherit&#8221; text_align=&#8221;text-left&#8221; css=&#8221;.vc_custom_1524731207552{padding-top: 50px !important;padding-bottom: 50px !important;}&#8221;]Tailor-made solutions[\/elx_heading][vc_column_text]A whole range of merchant ships, oil rigs\/platforms and passenger ships are taking advantage of Electrolux Professional expertise in marine laundry and food service solutions.<\/p>\n<p>For more detailed information around your marine solution please contact your Electrolux Professional expert.[\/vc_column_text][\/elx_simple_block][\/vc_column][vc_column width=&#8221;1\/2&#8243;][elx_simple_block background_color=&#8221;inherit&#8221;][vc_single_image image=&#8221;1809&#8243; img_size=&#8221;360*313&#8243;][\/elx_simple_block][\/vc_column][\/vc_row][vc_row][vc_column][elx_o2000_contact_us r=&#8221;I would like to find out more about your solutions for Marine sector. Please get in touch with me.&#8221; s=&#8221;Request of information about solutions for Marine sector&#8221; container=&#8221;elxcontactus1476697611&#8243;][\/vc_column][\/vc_row][vc_row][vc_column][elx_heading font_size=&#8221;h3&#8243; text_color=&#8221;inherit&#8221; text_align=&#8221;text-left&#8221; css=&#8221;.vc_custom_1524731459063{padding-top: 50px !important;padding-bottom: 50px !important;}&#8221;]Excellent solutions tailored to your needs[\/elx_heading][vc_empty_space height=&#8221;50px&#8221;][\/vc_column][\/vc_row][vc_row content_placement=&#8221;top&#8221;][vc_column][vc_tta_tabs][vc_tta_section title=&#8221;Cargo ship&#8221; tab_id=&#8221;1480342247067-2670965f-300e&#8221;][vc_row_inner][vc_column_inner width=&#8221;1\/2&#8243;][vc_single_image image=&#8221;1810&#8243; img_size=&#8221;500&#8243;][\/vc_column_inner][vc_column_inner width=&#8221;1\/2&#8243;][elx_heading font_container=&#8221;h3&#8243; font_size=&#8221;h5&#8243; text_color=&#8221;inherit&#8221; text_align=&#8221;text-left&#8221;]Cargo ship<br \/>\n25 staff[\/elx_heading][vc_column_text css=&#8221;.vc_custom_1524731705929{padding-bottom: 20px !important;}&#8221;]Give heavily soiled workwear the most thorough clean possible to remove oil, grease and finest dust while preserving the quality.<\/p>\n<h5>Solutions used<\/h5>\n<p>2 x Front Loaded Washers (6 kg + 14kg)<br \/>\n2 x Tumble Dryers (6 kg + 13,9 kg)[\/vc_column_text][\/vc_column_inner][\/vc_row_inner][\/vc_tta_section][vc_tta_section title=&#8221;Oil-Rigs&#8221; tab_id=&#8221;1480342247142-9fb0b64e-298a&#8221;][vc_row_inner][vc_column_inner width=&#8221;1\/2&#8243;][vc_single_image image=&#8221;1809&#8243; img_size=&#8221;500&#8243;][\/vc_column_inner][vc_column_inner width=&#8221;1\/2&#8243;][elx_heading font_container=&#8221;h3&#8243; font_size=&#8221;h5&#8243; text_color=&#8221;inherit&#8221; text_align=&#8221;text-left&#8221;]Oil-Rigs<br \/>\n300 staff members[\/elx_heading][vc_column_text css=&#8221;.vc_custom_1524731695603{padding-bottom: 20px !important;}&#8221;]If you are looking for laundry equipment that is designed\u00a0for workers on oil platforms, you will need robust machines\u00a0with long lifespan and safety features to guarantee\u00a0the health of the workers.<\/p>\n<h5>Solutions used<\/h5>\n<p>8 x Front Loaded Washers (11 kg)<br \/>\n2 x Front Loaded Washers (6 kg)<br \/>\n8 x Tumble Dryers (10,6 kg)<br \/>\n2 x Tumble Dryers (6 kg)<br \/>\n1 x Ironer[\/vc_column_text][\/vc_column_inner][\/vc_row_inner][\/vc_tta_section][vc_tta_section title=&#8221;Passenger ship&#8221; tab_id=&#8221;1480342262805-5ce3eac0-0922&#8243;][vc_row_inner][vc_column_inner width=&#8221;1\/2&#8243;][elx_image_block background_image=&#8221;1807&#8243; minimum_height=&#8221;570px&#8221;][\/vc_column_inner][vc_column_inner width=&#8221;1\/2&#8243;][elx_heading font_container=&#8221;h3&#8243; font_size=&#8221;h5&#8243; text_color=&#8221;inherit&#8221; text_align=&#8221;text-left&#8221;]Passenger ship<br \/>\n1000 passengers[\/elx_heading][vc_column_text]Do you have large amounts of different types of laundry to wash every day? Then a passenger ship laundry is bound to be worth your while, less dangerous and\u00a0complicated then dry cleaning.<\/p>\n<h5 class=\" inherit inherit inherit\">Solutions used<\/h5>\n<p>1 x lagoon\u00ae Advanced Care (Absolute set)<br \/>\n6 x Front Loaded Washers (11 kg)<br \/>\n5 x Tumble Dryers (33 kg)<br \/>\n1 x Ironer[\/vc_column_text][vc_column_text]<\/p>\n<h5>lagoon\u00ae Advanced Care<\/h5>\n<p>The solvent-free process\u00a0that\u2018s delicate on fabrics and gentle on the environment.<br \/>\nYour customers will see, feel and smell the difference.<br \/>\nYour staff will love the safe and easy processes.[\/vc_column_text][\/vc_column_inner][\/vc_row_inner][\/vc_tta_section][\/vc_tta_tabs][\/vc_column][\/vc_row][vc_row][vc_column width=&#8221;2\/3&#8243;][elx_heading font_size=&#8221;h3&#8243; text_color=&#8221;inherit&#8221;]A jewel in the crown for Saga Sapphire[\/elx_heading][vc_empty_space][elx_video_block background_image=&#8221;1808&#8243; video_link=&#8221;https:\/\/www.youtube.com\/watch?v=I3Lf6r8Dc6I&#8221; minimum_height=&#8221;260px&#8221;][\/vc_column][vc_column width=&#8221;1\/3&#8243;][vc_empty_space][vc_empty_space][vc_empty_space][elx_download_block text=&#8221;Marine&#8221; link=&#8221;http:\/\/files.professional.electrolux.com\/docs\/?t=BR&amp;n=Marine%20segment%20brochure&amp;l=1&#8243; background_color=&#8221;orange&#8221; reveal_effect=&#8221;&#8221; reveal_duration=&#8221;&#8221; reveal_delay=&#8221;&#8221;][\/vc_column][\/vc_row][vc_row][vc_column][elx_heading font_size=&#8221;h3&#8243; text_color=&#8221;inherit&#8221; text_align=&#8221;text-left&#8221;]Get in touch with our team of experts[\/elx_heading][elx_o2000_contact_us r=&#8221;I would like to find out more about your solutions for Marine sector. Please get in touch with me.&#8221; s=&#8221;Request of information about solutions for Marine sector&#8221; container=&#8221;elxcontactus1472110569&#8243;][vc_empty_space height=&#8221;50px&#8221;][\/vc_column][\/vc_row]<\/p>\n","protected":false},"excerpt":{"rendered":"<p>[vc_row full_width=&#8221;electroluxpro-full-width-no-padding&#8221;][vc_column][elx_full_banner title=&#8221;Lodn\u00ed doprava&#8221; background_image_media_library=&#8221;9834&#8243; background_image_media_library_mobile=&#8221;9835&#8243;][\/vc_column][\/vc_row][vc_row full_width=&#8221;electroluxpro-full-width-no-padding&#8221; disable_element=&#8221;yes&#8221;][vc_column][elx_image_block background_image=&#8221;840&#8243; minimum_height=&#8221;400px&#8221;][\/vc_column][\/vc_row][vc_row parallax=&#8221;content-moving&#8221;][vc_column css=&#8221;.vc_custom_1472030236138{padding-top: 20px !important;}&#8221;][elx_heading font_size=&#8221;h3&#8243; text_color=&#8221;self-laundries&#8221; text_align=&#8221;text-left&#8221;]Expert v ka\u017ed\u00e9m p\u0159\u00edstavu[\/elx_heading][elx_heading font_container=&#8221;h1&#8243; font_size=&#8221;h5&#8243; text_color=&#8221;inherit&#8221; text_align=&#8221;text-left&#8221;]Unik\u00e1tn\u00ed \u0159e\u0161en\u00ed komer\u010dn\u00edho stravov\u00e1n\u00ed a pr\u00e1delen pro ka\u017edou pot\u0159ebu v r\u00e1mci lodn\u00ed dopravy[\/elx_heading][\/vc_column][\/vc_row][vc_row parallax=&#8221;content-moving&#8221;][vc_column css=&#8221;.vc_custom_1472030236138{padding-top: 20px !important;}&#8221;][elx_heading font_size=&#8221;h3&#8243; text_color=&#8221;inherit&#8221;]N\u00e1\u0161 z\u00e1kazn\u00edk[\/elx_heading][\/vc_column][\/vc_row][vc_row][vc_column width=&#8221;1\/2&#8243;][elx_simple_block background_color=&#8221;inherit&#8221;][vc_single_image image=&#8221;833&#8243; img_size=&#8221;360*313&#8243;][\/elx_simple_block][elx_simple_block background_color=&#8221;inherit&#8221;][elx_heading font_container=&#8221;h3&#8243; font_size=&#8221;h5&#8243; text_color=&#8221;inherit&#8221;]Saga Sapphire[\/elx_heading][vc_column_text] This machine, which [&hellip;]<\/p>\n","protected":false},"author":39,"featured_media":832,"parent":0,"menu_order":0,"comment_status":"closed","ping_status":"closed","template":"","meta":{"footnotes":""},"class_list":["post-5983","page","type-page","status-publish","has-post-thumbnail","hentry"],"acf":[],"yoast_head":"<!-- This site is optimized with the Yoast SEO plugin v23.3 - https:\/\/yoast.com\/wordpress\/plugins\/seo\/ -->\n<title>Marine - Commercial food and laundry solutions - Electrolux Professional<\/title>\n<meta name=\"description\" content=\"Merchant ships, oil rigs\/platforms and passenger ships are taking advantage of Electrolux expertise in marine laundry and food service solutions.\" \/>\n<meta name=\"robots\" content=\"index, follow, max-snippet:-1, max-image-preview:large, max-video-preview:-1\" \/>\n<link rel=\"canonical\" href=\"https:\/\/www.electroluxprofessional.com\/cz\/marine\/\" \/>\n<meta property=\"og:locale\" content=\"cs_CZ\" \/>\n<meta property=\"og:type\" content=\"article\" \/>\n<meta property=\"og:title\" content=\"Marine - Commercial food and laundry solutions - Electrolux Professional\" \/>\n<meta property=\"og:description\" content=\"Merchant ships, oil rigs\/platforms and passenger ships are taking advantage of Electrolux expertise in marine laundry and food service solutions.\" \/>\n<meta property=\"og:url\" content=\"https:\/\/www.electroluxprofessional.com\/cz\/marine\/\" \/>\n<meta property=\"og:site_name\" content=\"Electrolux Professional \u010cesk\u00e1 republika\" \/>\n<meta property=\"article:publisher\" content=\"https:\/\/www.facebook.com\/electroluxprofessional\" \/>\n<meta property=\"article:modified_time\" content=\"2025-11-06T12:48:46+00:00\" \/>\n<meta property=\"og:image\" content=\"https:\/\/www.electroluxprofessional.com\/cz\/wp-content\/uploads\/2016\/10\/marine-tailored-solutions.jpg\" \/>\n\t<meta property=\"og:image:width\" content=\"1039\" \/>\n\t<meta property=\"og:image:height\" content=\"514\" \/>\n\t<meta property=\"og:image:type\" content=\"image\/jpeg\" \/>\n<meta name=\"twitter:card\" content=\"summary_large_image\" \/>\n<meta name=\"twitter:site\" content=\"@ElectroluxPro\" \/>\n<meta name=\"twitter:label1\" content=\"Odhadovan\u00e1 doba \u010dten\u00ed\" \/>\n\t<meta name=\"twitter:data1\" content=\"5 minut\" \/>\n<script type=\"application\/ld+json\" class=\"yoast-schema-graph\">{\"@context\":\"https:\/\/schema.org\",\"@graph\":[{\"@type\":\"WebPage\",\"@id\":\"https:\/\/www.electroluxprofessional.com\/cz\/marine\/\",\"url\":\"https:\/\/www.electroluxprofessional.com\/cz\/marine\/\",\"name\":\"Marine - Commercial food and laundry solutions - Electrolux Professional\",\"isPartOf\":{\"@id\":\"https:\/\/www.electroluxprofessional.com\/cz\/#website\"},\"primaryImageOfPage\":{\"@id\":\"https:\/\/www.electroluxprofessional.com\/cz\/marine\/#primaryimage\"},\"image\":{\"@id\":\"https:\/\/www.electroluxprofessional.com\/cz\/marine\/#primaryimage\"},\"thumbnailUrl\":\"https:\/\/www.electroluxprofessional.com\/cz\/wp-content\/uploads\/2016\/10\/marine-tailored-solutions.jpg\",\"datePublished\":\"2016-10-17T16:27:28+00:00\",\"dateModified\":\"2025-11-06T12:48:46+00:00\",\"description\":\"Merchant ships, oil rigs\/platforms and passenger ships are taking advantage of Electrolux expertise in marine laundry and food service solutions.\",\"breadcrumb\":{\"@id\":\"https:\/\/www.electroluxprofessional.com\/cz\/marine\/#breadcrumb\"},\"inLanguage\":\"cs\",\"potentialAction\":[{\"@type\":\"ReadAction\",\"target\":[\"https:\/\/www.electroluxprofessional.com\/cz\/marine\/\"]}]},{\"@type\":\"ImageObject\",\"inLanguage\":\"cs\",\"@id\":\"https:\/\/www.electroluxprofessional.com\/cz\/marine\/#primaryimage\",\"url\":\"https:\/\/www.electroluxprofessional.com\/cz\/wp-content\/uploads\/2016\/10\/marine-tailored-solutions.jpg\",\"contentUrl\":\"https:\/\/www.electroluxprofessional.com\/cz\/wp-content\/uploads\/2016\/10\/marine-tailored-solutions.jpg\",\"width\":1039,\"height\":514,\"caption\":\"marine, food and laundry tailored solutions\"},{\"@type\":\"BreadcrumbList\",\"@id\":\"https:\/\/www.electroluxprofessional.com\/cz\/marine\/#breadcrumb\",\"itemListElement\":[{\"@type\":\"ListItem\",\"position\":1,\"name\":\"Home\",\"item\":\"https:\/\/www.electroluxprofessional.com\/cz\/\"},{\"@type\":\"ListItem\",\"position\":2,\"name\":\"Lodn\u00ed doprava\"}]},{\"@type\":\"WebSite\",\"@id\":\"https:\/\/www.electroluxprofessional.com\/cz\/#website\",\"url\":\"https:\/\/www.electroluxprofessional.com\/cz\/\",\"name\":\"Electrolux Professional \u010cesk\u00e1 republika\",\"description\":\"\",\"potentialAction\":[{\"@type\":\"SearchAction\",\"target\":{\"@type\":\"EntryPoint\",\"urlTemplate\":\"https:\/\/www.electroluxprofessional.com\/cz\/?src={search_term_string}\"},\"query-input\":\"required name=search_term_string\"}],\"inLanguage\":\"cs\"}]}<\/script>\n<!-- \/ Yoast SEO plugin. -->","yoast_head_json":{"title":"Marine - Commercial food and laundry solutions - Electrolux Professional","description":"Merchant ships, oil rigs\/platforms and passenger ships are taking advantage of Electrolux expertise in marine laundry and food service solutions.","robots":{"index":"index","follow":"follow","max-snippet":"max-snippet:-1","max-image-preview":"max-image-preview:large","max-video-preview":"max-video-preview:-1"},"canonical":"https:\/\/www.electroluxprofessional.com\/cz\/marine\/","og_locale":"cs_CZ","og_type":"article","og_title":"Marine - Commercial food and laundry solutions - Electrolux Professional","og_description":"Merchant ships, oil rigs\/platforms and passenger ships are taking advantage of Electrolux expertise in marine laundry and food service solutions.","og_url":"https:\/\/www.electroluxprofessional.com\/cz\/marine\/","og_site_name":"Electrolux Professional \u010cesk\u00e1 republika","article_publisher":"https:\/\/www.facebook.com\/electroluxprofessional","article_modified_time":"2025-11-06T12:48:46+00:00","og_image":[{"width":1039,"height":514,"url":"https:\/\/www.electroluxprofessional.com\/cz\/wp-content\/uploads\/2016\/10\/marine-tailored-solutions.jpg","type":"image\/jpeg"}],"twitter_card":"summary_large_image","twitter_site":"@ElectroluxPro","twitter_misc":{"Odhadovan\u00e1 doba \u010dten\u00ed":"5 minut"},"schema":{"@context":"https:\/\/schema.org","@graph":[{"@type":"WebPage","@id":"https:\/\/www.electroluxprofessional.com\/cz\/marine\/","url":"https:\/\/www.electroluxprofessional.com\/cz\/marine\/","name":"Marine - Commercial food and laundry solutions - Electrolux Professional","isPartOf":{"@id":"https:\/\/www.electroluxprofessional.com\/cz\/#website"},"primaryImageOfPage":{"@id":"https:\/\/www.electroluxprofessional.com\/cz\/marine\/#primaryimage"},"image":{"@id":"https:\/\/www.electroluxprofessional.com\/cz\/marine\/#primaryimage"},"thumbnailUrl":"https:\/\/www.electroluxprofessional.com\/cz\/wp-content\/uploads\/2016\/10\/marine-tailored-solutions.jpg","datePublished":"2016-10-17T16:27:28+00:00","dateModified":"2025-11-06T12:48:46+00:00","description":"Merchant ships, oil rigs\/platforms and passenger ships are taking advantage of Electrolux expertise in marine laundry and food service solutions.","breadcrumb":{"@id":"https:\/\/www.electroluxprofessional.com\/cz\/marine\/#breadcrumb"},"inLanguage":"cs","potentialAction":[{"@type":"ReadAction","target":["https:\/\/www.electroluxprofessional.com\/cz\/marine\/"]}]},{"@type":"ImageObject","inLanguage":"cs","@id":"https:\/\/www.electroluxprofessional.com\/cz\/marine\/#primaryimage","url":"https:\/\/www.electroluxprofessional.com\/cz\/wp-content\/uploads\/2016\/10\/marine-tailored-solutions.jpg","contentUrl":"https:\/\/www.electroluxprofessional.com\/cz\/wp-content\/uploads\/2016\/10\/marine-tailored-solutions.jpg","width":1039,"height":514,"caption":"marine, food and laundry tailored solutions"},{"@type":"BreadcrumbList","@id":"https:\/\/www.electroluxprofessional.com\/cz\/marine\/#breadcrumb","itemListElement":[{"@type":"ListItem","position":1,"name":"Home","item":"https:\/\/www.electroluxprofessional.com\/cz\/"},{"@type":"ListItem","position":2,"name":"Lodn\u00ed doprava"}]},{"@type":"WebSite","@id":"https:\/\/www.electroluxprofessional.com\/cz\/#website","url":"https:\/\/www.electroluxprofessional.com\/cz\/","name":"Electrolux Professional \u010cesk\u00e1 republika","description":"","potentialAction":[{"@type":"SearchAction","target":{"@type":"EntryPoint","urlTemplate":"https:\/\/www.electroluxprofessional.com\/cz\/?src={search_term_string}"},"query-input":"required name=search_term_string"}],"inLanguage":"cs"}]}},"_links":{"self":[{"href":"https:\/\/www.electroluxprofessional.com\/cz\/wp-json\/wp\/v2\/pages\/5983"}],"collection":[{"href":"https:\/\/www.electroluxprofessional.com\/cz\/wp-json\/wp\/v2\/pages"}],"about":[{"href":"https:\/\/www.electroluxprofessional.com\/cz\/wp-json\/wp\/v2\/types\/page"}],"author":[{"embeddable":true,"href":"https:\/\/www.electroluxprofessional.com\/cz\/wp-json\/wp\/v2\/users\/39"}],"replies":[{"embeddable":true,"href":"https:\/\/www.electroluxprofessional.com\/cz\/wp-json\/wp\/v2\/comments?post=5983"}],"version-history":[{"count":6,"href":"https:\/\/www.electroluxprofessional.com\/cz\/wp-json\/wp\/v2\/pages\/5983\/revisions"}],"predecessor-version":[{"id":14045,"href":"https:\/\/www.electroluxprofessional.com\/cz\/wp-json\/wp\/v2\/pages\/5983\/revisions\/14045"}],"wp:featuredmedia":[{"embeddable":true,"href":"https:\/\/www.electroluxprofessional.com\/cz\/wp-json\/wp\/v2\/media\/832"}],"wp:attachment":[{"href":"https:\/\/www.electroluxprofessional.com\/cz\/wp-json\/wp\/v2\/media?parent=5983"}],"curies":[{"name":"wp","href":"https:\/\/api.w.org\/{rel}","templated":true}]}}