{"id":5938,"date":"2020-05-25T17:55:49","date_gmt":"2020-05-25T17:55:49","guid":{"rendered":"https:\/\/www.electroluxprofessional.com\/?page_id=20403"},"modified":"2025-11-06T12:39:37","modified_gmt":"2025-11-06T12:39:37","slug":"hotel-chains","status":"publish","type":"page","link":"https:\/\/www.electroluxprofessional.com\/cz\/hotel-chains\/","title":{"rendered":"Hotelov\u00e9 \u0159et\u011bzce"},"content":{"rendered":"<p>[vc_row full_width=&#8221;electroluxpro-full-width-no-padding&#8221;][vc_column][elx_image_block background_image=&#8221;5931&#8243; minimum_height=&#8221;400px&#8221;][\/vc_column][\/vc_row][vc_row parallax=&#8221;content-moving&#8221;][vc_column css=&#8221;.vc_custom_1472030236138{padding-top: 20px !important;}&#8221;][elx_heading font_container=&#8221;h1&#8243; font_size=&#8221;h3&#8243; text_color=&#8221;inherit&#8221; text_align=&#8221;text-left&#8221;]Hotelov\u00e9 \u0159et\u011bzce[\/elx_heading][elx_heading font_size=&#8221;h5&#8243; text_color=&#8221;inherit&#8221; text_align=&#8221;text-left&#8221;]Budov\u00e1n\u00ed hodnotov\u00e9ho \u0159et\u011bzce spole\u010dn\u011b[\/elx_heading][vc_column_text]<\/p>\n<p style=\"text-align: left;\">Electrolux Professional je po ruce, aby zajistil, \u017ee<strong> ka\u017ed\u00e9 prost\u0159ed\u00ed kuchyn\u011b nebo pr\u00e1delny<\/strong> ve va\u0161\u00ed zna\u010dce m\u016f\u017ee p\u0159in\u00e9st stejnou \u00farove\u0148 inovac\u00ed, udr\u017eitelnosti, bezpe\u010dnosti a jednoduchosti.<br \/>\nD\u00edky na\u0161im<strong> glob\u00e1ln\u00edm zku\u0161enostem<\/strong> a z\u00e1vazku k dokonalosti a va\u0161im ambic\u00edm m\u016f\u017eeme<strong> spole\u010dn\u011b vytvo\u0159it v\u00e1\u0161 \u00fasp\u011b\u0161n\u00fd hotelov\u00fd \u0159et\u011bzec<\/strong>.<\/p>\n<p>[\/vc_column_text][\/vc_column][\/vc_row][vc_row][vc_column width=&#8221;2\/3&#8243;][elx_simple_link_block link=&#8221;url:https%3A%2F%2Fwww.electroluxprofessional.com%2Fcz%2Fthermaline-excellence%2Fmandarin-oriental-milan%2F|title:mandarin%20oriental||&#8221; text_align=&#8221;text-left&#8221; text_color=&#8221;inherit&#8221; background_color=&#8221;inherit&#8221; background_hover_color=&#8221;darker-hover&#8221; extra_class=&#8221;&#8221; reveal_effect=&#8221;&#8221; reveal_duration=&#8221;&#8221; reveal_delay=&#8221;&#8221;][elx_heading font_container=&#8221;h3&#8243; font_size=&#8221;h5&#8243; text_color=&#8221;inherit&#8221;]Mandarin Oriental[\/elx_heading][vc_column_text]Milano, It\u00e1lie<\/p>\n<p>Kompletn\u00ed \u0159e\u0161en\u00ed <strong>kuchyn\u011b a pr\u00e1delny<\/strong>.<br \/>\nMandarin Oriental, exkluzivn\u00ed hotel v centru Mil\u00e1na, p\u0159ijme pouze inovativn\u00ed vybaven\u00ed na nejvy\u0161\u0161\u00ed \u00farovni.<br \/>\nZ tohoto d\u016fvodu si Mandarin Oriental vyb\u00edr\u00e1 \u0159e\u0161en\u00ed Electrolux Professional pro <strong>vybaven\u00ed \u010dty\u0159 kuchyn\u00ed a vnit\u0159n\u00ed pr\u00e1delny.<\/strong>[\/vc_column_text][\/elx_simple_link_block][\/vc_column][vc_column width=&#8221;1\/3&#8243;][elx_simple_link_block link=&#8221;url:https%3A%2F%2Fwww.electroluxprofessional.com%2Fcz%2Fthermaline-excellence%2Fmandarin-oriental-milan%2F|title:mandarin%20oriental||&#8221; text_align=&#8221;text-left&#8221; text_color=&#8221;inherit&#8221; background_color=&#8221;inherit&#8221; background_hover_color=&#8221;darker-hover&#8221; extra_class=&#8221;&#8221; reveal_effect=&#8221;&#8221; reveal_duration=&#8221;&#8221; reveal_delay=&#8221;&#8221;][vc_single_image image=&#8221;5933&#8243; img_size=&#8221;full&#8221; alignment=&#8221;right&#8221; style=&#8221;vc_box_circle_2&#8243;][\/elx_simple_link_block][\/vc_column][\/vc_row][vc_row][vc_column width=&#8221;1\/3&#8243;][elx_simple_link_block link=&#8221;url:https%3A%2F%2Fwww.electroluxprofessional.com%2Fcz%2Freferences%2Fcenter-parcs-woburn-forest%2F|title:center%20parcs%20woburn%20forest||&#8221; text_align=&#8221;text-left&#8221; text_color=&#8221;inherit&#8221; background_color=&#8221;inherit&#8221; background_hover_color=&#8221;darker-hover&#8221; extra_class=&#8221;&#8221; reveal_effect=&#8221;&#8221; reveal_duration=&#8221;&#8221; reveal_delay=&#8221;&#8221;][vc_single_image image=&#8221;5934&#8243; img_size=&#8221;full&#8221; style=&#8221;vc_box_circle_2&#8243;][\/elx_simple_link_block][\/vc_column][vc_column width=&#8221;2\/3&#8243;][elx_simple_link_block link=&#8221;url:https%3A%2F%2Fwww.electroluxprofessional.com%2Fcz%2Freferences%2Fcenter-parcs-woburn-forest%2F|title:center%20parcs%20woburn%20forest||&#8221; text_align=&#8221;text-left&#8221; text_color=&#8221;inherit&#8221; background_color=&#8221;inherit&#8221; background_hover_color=&#8221;darker-hover&#8221; extra_class=&#8221;&#8221; reveal_effect=&#8221;&#8221; reveal_duration=&#8221;&#8221; reveal_delay=&#8221;&#8221;][elx_heading font_container=&#8221;h3&#8243; font_size=&#8221;h5&#8243; text_color=&#8221;inherit&#8221;]Center Parcs Woburn Forest[\/elx_heading][vc_column_text]<strong>Woburn, Velk\u00e1 Brit\u00e1nie<\/strong><\/p>\n<p><em>\u201eZ\u00e1jem o \u017eivotn\u00ed prost\u0159ed\u00ed je tak\u00e9 d\u016fle\u017eitou sou\u010d\u00e1st\u00ed na\u0161eho \u00e9tosu, tak\u017ee je nezbytn\u00e9, abychom v l\u00e1zn\u00edch a v na\u0161em \u00faklidov\u00e9m odd\u011blen\u00ed hledali\u201e zelen\u00e9 \u201cprocesy. D\u00edky zak\u00e1zkov\u00fdm program\u016fm a kvalit\u011b pr\u00e1dla, kter\u00e9 nab\u00edz\u00ed pr\u00e1deln\u00ed za\u0159\u00edzen\u00ed Electrolux Professional, m\u016f\u017eeme b\u00fdt \u0161etrn\u00ed k \u017eivotn\u00edmu prost\u0159ed\u00ed a hospod\u00e1rn\u00ed, ani\u017e bychom sn\u00ed\u017eili \u00farove\u0148 luxusu a pohodl\u00ed pro na\u0161e hosty. \u201c<\/em><\/p>\n<p><strong>Helen Bennett, Purchasing Manager<\/strong> ve spole\u010dnosti <strong>Center Parcs<\/strong>[\/vc_column_text][\/elx_simple_link_block][\/vc_column][\/vc_row][vc_row][vc_column][vc_empty_space][\/vc_column][\/vc_row][vc_row][vc_column width=&#8221;1\/3&#8243;][elx_simple_link_block link=&#8221;url:https%3A%2F%2Fwww.electroluxprofessional.com%2Fcz%2Freferences%2Fsofitel-so%2F|title:sofitel%20so||&#8221; text_align=&#8221;text-left&#8221; text_color=&#8221;inherit&#8221; background_color=&#8221;inherit&#8221; background_hover_color=&#8221;darker-hover&#8221; extra_class=&#8221;&#8221; reveal_effect=&#8221;&#8221; reveal_duration=&#8221;&#8221; reveal_delay=&#8221;&#8221;][vc_single_image image=&#8221;5935&#8243; img_size=&#8221;full&#8221;][elx_heading font_container=&#8221;h3&#8243; font_size=&#8221;h5&#8243; text_color=&#8221;inherit&#8221;]Sofitel So[\/elx_heading][vc_column_text]<strong>Singapur<\/strong><\/p>\n<p><em>&#8220;Moje kuchyn\u011b je m\u00edstem, kde se odehr\u00e1v\u00e1 m\u016fj profesn\u00ed \u017eivot. Tam, kde vytv\u00e1\u0159\u00edm, improvizuji a hraji a Molteni je nejlep\u0161\u00ed kamna, jakou m\u016f\u017ee b\u00fdt. Tento kus je nejcenn\u011bj\u0161\u00edm profesion\u00e1ln\u00edm n\u00e1strojem pro vynikaj\u00edc\u00ed v\u00fdsledky poka\u017ed\u00e9, je to nejlep\u0161\u00ed spolupracovn\u00edk a n\u00e1\u0161 nejlep\u0161\u00ed p\u0159\u00edtel v restauraci \u201c<\/em><br \/>\n<strong>Anne-Cecile Degenne, v\u00fdkonn\u00e1 \u0161\u00e9fkucha\u0159ka<\/strong>[\/vc_column_text][\/elx_simple_link_block][\/vc_column][vc_column width=&#8221;1\/3&#8243;][elx_simple_link_block link=&#8221;url:https%3A%2F%2Fwww.electroluxprofessional.com%2Fcz%2Freferences%2Fhilton-bomonti-hotel%2F|title:hilton%20bomonti||&#8221; text_align=&#8221;text-left&#8221; text_color=&#8221;inherit&#8221; background_color=&#8221;inherit&#8221; background_hover_color=&#8221;darker-hover&#8221; extra_class=&#8221;&#8221; reveal_effect=&#8221;&#8221; reveal_duration=&#8221;&#8221; reveal_delay=&#8221;&#8221;][vc_single_image image=&#8221;5936&#8243; img_size=&#8221;full&#8221;][elx_heading font_container=&#8221;h3&#8243; font_size=&#8221;h5&#8243; text_color=&#8221;inherit&#8221;]Hilton Bomonti Hotel[\/elx_heading][vc_column_text]<strong>Istanbul<\/strong><\/p>\n<p>Role \u0161\u00e9fkucha\u0159e je produkovat symfonii chut\u00ed k ve\u010de\u0159i v ka\u017ed\u00e9 misce v jeho j\u00eddeln\u00edm l\u00edstku. Je dirigentem; jeho kuchyn\u011b je jeho orchestr a ka\u017ed\u00e1 sekce se skl\u00e1d\u00e1 z jeho nezbytn\u00fdch n\u00e1stroj\u016f pro va\u0159en\u00ed, p\u0159i\u010dem\u017e v\u0161echny hraj\u00ed z\u00e1sadn\u00ed roli v z\u00e1v\u011bre\u010dn\u00e9m mistrovsk\u00e9m d\u00edle.<br \/>\nPro kucha\u0159e v nov\u00e9m hotelu Hilton Bomonti Istanbul, nejv\u011bt\u0161\u00edm p\u011btihv\u011bzdi\u010dkov\u00e9m hotelu a kongresov\u00e9m centru v Turecku, jsou gastronomick\u00e9 symfonie inspirov\u00e1ny spole\u010dnost\u00ed Electrolux Professional.[\/vc_column_text][\/elx_simple_link_block][\/vc_column][vc_column width=&#8221;1\/3&#8243;][elx_simple_link_block link=&#8221;url:https%3A%2F%2Fwww.electroluxprofessional.com%2Fcz%2Freferences%2Fwaldorf-astoria%2F|title:waldorf%20astoria||&#8221; text_align=&#8221;text-left&#8221; text_color=&#8221;inherit&#8221; background_color=&#8221;inherit&#8221; background_hover_color=&#8221;darker-hover&#8221; extra_class=&#8221;&#8221; reveal_effect=&#8221;&#8221; reveal_duration=&#8221;&#8221; reveal_delay=&#8221;&#8221;][vc_single_image image=&#8221;5937&#8243; img_size=&#8221;full&#8221;][elx_heading font_container=&#8221;h3&#8243; font_size=&#8221;h5&#8243; text_color=&#8221;inherit&#8221;]Waldorf Astoria[\/elx_heading][vc_column_text]<strong>Berl\u00edn, N\u011bmecko<\/strong><\/p>\n<p><em>\u201ePr\u00e1delensk\u00e9 spot\u0159ebi\u010de Electrolux Professional jsou zcela automatick\u00e9 a snadno se pou\u017e\u00edvaj\u00ed.<\/em><br \/>\n<em>D\u00edky tomu je nap\u0159\u00edklad \u0161kolen\u00ed nov\u00fdch zam\u011bstnanc\u016f mnohem jednodu\u0161\u0161\u00ed. \u201c<\/em><\/p>\n<p><strong>Pan\u00ed Cinar, vedouc\u00ed pr\u00e1delny<\/strong>[\/vc_column_text][\/elx_simple_link_block][\/vc_column][\/vc_row][vc_row][vc_column][elx_heading font_size=&#8221;h3&#8243; text_color=&#8221;inherit&#8221;]Spojte se s na\u0161\u00edm t\u00fdmem odborn\u00edk\u016f[\/elx_heading][elx_o2000_contact_us s=&#8221;Po\u017eadavek z webov\u00fdch str\u00e1nek Electrolux Professional&#8221; country=&#8221;Czech Republic&#8221; r=&#8221;Pros\u00edm, za\u0161lete mi v\u00edce informac\u00ed o &#8230;&#8221; l=&#8221;cz&#8221;][vc_empty_space][\/vc_column][\/vc_row]<\/p>\n","protected":false},"excerpt":{"rendered":"<p>[vc_row full_width=&#8221;electroluxpro-full-width-no-padding&#8221;][vc_column][elx_image_block background_image=&#8221;5931&#8243; minimum_height=&#8221;400px&#8221;][\/vc_column][\/vc_row][vc_row parallax=&#8221;content-moving&#8221;][vc_column css=&#8221;.vc_custom_1472030236138{padding-top: 20px !important;}&#8221;][elx_heading font_container=&#8221;h1&#8243; font_size=&#8221;h3&#8243; text_color=&#8221;inherit&#8221; text_align=&#8221;text-left&#8221;]Hotelov\u00e9 \u0159et\u011bzce[\/elx_heading][elx_heading font_size=&#8221;h5&#8243; text_color=&#8221;inherit&#8221; text_align=&#8221;text-left&#8221;]Budov\u00e1n\u00ed hodnotov\u00e9ho \u0159et\u011bzce spole\u010dn\u011b[\/elx_heading][vc_column_text] Electrolux Professional je po ruce, aby zajistil, \u017ee ka\u017ed\u00e9 prost\u0159ed\u00ed kuchyn\u011b nebo pr\u00e1delny ve va\u0161\u00ed zna\u010dce m\u016f\u017ee p\u0159in\u00e9st stejnou \u00farove\u0148 inovac\u00ed, udr\u017eitelnosti, bezpe\u010dnosti a jednoduchosti. D\u00edky na\u0161im glob\u00e1ln\u00edm zku\u0161enostem a z\u00e1vazku k dokonalosti a va\u0161im ambic\u00edm [&hellip;]<\/p>\n","protected":false},"author":39,"featured_media":2329,"parent":0,"menu_order":0,"comment_status":"closed","ping_status":"closed","template":"","meta":{"footnotes":""},"class_list":["post-5938","page","type-page","status-publish","has-post-thumbnail","hentry"],"acf":[],"yoast_head":"<!-- This site is optimized with the Yoast SEO plugin v23.3 - https:\/\/yoast.com\/wordpress\/plugins\/seo\/ -->\n<title>Hotelov\u00e9 \u0159et\u011bzce - Electrolux Professional \u010cesk\u00e1 republika<\/title>\n<meta name=\"description\" content=\"Zvl\u00e1\u0161tn\u00ed po\u017eadavky hotelov\u00fdch \u0159et\u011bzc\u016f jsou sny, kter\u00e9 na\u0161i odborn\u00edci mohou prom\u011bnit ve skute\u010dnost. Electrolux Professional poskytuje siln\u00e9 partnerstv\u00ed a n\u00e1sleduje v\u00e1\u0161 hotelov\u00fd \u0159et\u011bzec po cel\u00e9m sv\u011bt\u011b.\" \/>\n<meta name=\"robots\" content=\"index, follow, max-snippet:-1, max-image-preview:large, max-video-preview:-1\" \/>\n<link rel=\"canonical\" href=\"https:\/\/www.electroluxprofessional.com\/cz\/hotel-chains\/\" \/>\n<meta property=\"og:locale\" content=\"cs_CZ\" \/>\n<meta property=\"og:type\" content=\"article\" \/>\n<meta property=\"og:title\" content=\"Hotelov\u00e9 \u0159et\u011bzce - Electrolux Professional \u010cesk\u00e1 republika\" \/>\n<meta property=\"og:description\" content=\"Zvl\u00e1\u0161tn\u00ed po\u017eadavky hotelov\u00fdch \u0159et\u011bzc\u016f jsou sny, kter\u00e9 na\u0161i odborn\u00edci mohou prom\u011bnit ve skute\u010dnost. Electrolux Professional poskytuje siln\u00e9 partnerstv\u00ed a n\u00e1sleduje v\u00e1\u0161 hotelov\u00fd \u0159et\u011bzec po cel\u00e9m sv\u011bt\u011b.\" \/>\n<meta property=\"og:url\" content=\"https:\/\/www.electroluxprofessional.com\/cz\/hotel-chains\/\" \/>\n<meta property=\"og:site_name\" content=\"Electrolux Professional \u010cesk\u00e1 republika\" \/>\n<meta property=\"article:publisher\" content=\"https:\/\/www.facebook.com\/electroluxprofessional\" \/>\n<meta property=\"article:modified_time\" content=\"2025-11-06T12:39:37+00:00\" \/>\n<meta property=\"og:image\" content=\"https:\/\/www.electroluxprofessional.com\/cz\/wp-content\/uploads\/2017\/02\/hotel-chain-food.jpg\" \/>\n\t<meta property=\"og:image:width\" content=\"700\" \/>\n\t<meta property=\"og:image:height\" content=\"700\" \/>\n\t<meta property=\"og:image:type\" content=\"image\/jpeg\" \/>\n<meta name=\"twitter:card\" content=\"summary_large_image\" \/>\n<meta name=\"twitter:site\" content=\"@ElectroluxPro\" \/>\n<meta name=\"twitter:label1\" content=\"Odhadovan\u00e1 doba \u010dten\u00ed\" \/>\n\t<meta name=\"twitter:data1\" content=\"3 minuty\" \/>\n<script type=\"application\/ld+json\" class=\"yoast-schema-graph\">{\"@context\":\"https:\/\/schema.org\",\"@graph\":[{\"@type\":\"WebPage\",\"@id\":\"https:\/\/www.electroluxprofessional.com\/cz\/hotel-chains\/\",\"url\":\"https:\/\/www.electroluxprofessional.com\/cz\/hotel-chains\/\",\"name\":\"Hotelov\u00e9 \u0159et\u011bzce - Electrolux Professional \u010cesk\u00e1 republika\",\"isPartOf\":{\"@id\":\"https:\/\/www.electroluxprofessional.com\/cz\/#website\"},\"primaryImageOfPage\":{\"@id\":\"https:\/\/www.electroluxprofessional.com\/cz\/hotel-chains\/#primaryimage\"},\"image\":{\"@id\":\"https:\/\/www.electroluxprofessional.com\/cz\/hotel-chains\/#primaryimage\"},\"thumbnailUrl\":\"https:\/\/www.electroluxprofessional.com\/cz\/wp-content\/uploads\/2017\/02\/hotel-chain-food.jpg\",\"datePublished\":\"2020-05-25T17:55:49+00:00\",\"dateModified\":\"2025-11-06T12:39:37+00:00\",\"description\":\"Zvl\u00e1\u0161tn\u00ed po\u017eadavky hotelov\u00fdch \u0159et\u011bzc\u016f jsou sny, kter\u00e9 na\u0161i odborn\u00edci mohou prom\u011bnit ve skute\u010dnost. Electrolux Professional poskytuje siln\u00e9 partnerstv\u00ed a n\u00e1sleduje v\u00e1\u0161 hotelov\u00fd \u0159et\u011bzec po cel\u00e9m sv\u011bt\u011b.\",\"breadcrumb\":{\"@id\":\"https:\/\/www.electroluxprofessional.com\/cz\/hotel-chains\/#breadcrumb\"},\"inLanguage\":\"cs\",\"potentialAction\":[{\"@type\":\"ReadAction\",\"target\":[\"https:\/\/www.electroluxprofessional.com\/cz\/hotel-chains\/\"]}]},{\"@type\":\"ImageObject\",\"inLanguage\":\"cs\",\"@id\":\"https:\/\/www.electroluxprofessional.com\/cz\/hotel-chains\/#primaryimage\",\"url\":\"https:\/\/www.electroluxprofessional.com\/cz\/wp-content\/uploads\/2017\/02\/hotel-chain-food.jpg\",\"contentUrl\":\"https:\/\/www.electroluxprofessional.com\/cz\/wp-content\/uploads\/2017\/02\/hotel-chain-food.jpg\",\"width\":700,\"height\":700,\"caption\":\"hotel-chain-food\"},{\"@type\":\"BreadcrumbList\",\"@id\":\"https:\/\/www.electroluxprofessional.com\/cz\/hotel-chains\/#breadcrumb\",\"itemListElement\":[{\"@type\":\"ListItem\",\"position\":1,\"name\":\"Home\",\"item\":\"https:\/\/www.electroluxprofessional.com\/cz\/\"},{\"@type\":\"ListItem\",\"position\":2,\"name\":\"Hotelov\u00e9 \u0159et\u011bzce\"}]},{\"@type\":\"WebSite\",\"@id\":\"https:\/\/www.electroluxprofessional.com\/cz\/#website\",\"url\":\"https:\/\/www.electroluxprofessional.com\/cz\/\",\"name\":\"Electrolux Professional \u010cesk\u00e1 republika\",\"description\":\"\",\"potentialAction\":[{\"@type\":\"SearchAction\",\"target\":{\"@type\":\"EntryPoint\",\"urlTemplate\":\"https:\/\/www.electroluxprofessional.com\/cz\/?src={search_term_string}\"},\"query-input\":\"required name=search_term_string\"}],\"inLanguage\":\"cs\"}]}<\/script>\n<!-- \/ Yoast SEO plugin. -->","yoast_head_json":{"title":"Hotelov\u00e9 \u0159et\u011bzce - Electrolux Professional \u010cesk\u00e1 republika","description":"Zvl\u00e1\u0161tn\u00ed po\u017eadavky hotelov\u00fdch \u0159et\u011bzc\u016f jsou sny, kter\u00e9 na\u0161i odborn\u00edci mohou prom\u011bnit ve skute\u010dnost. Electrolux Professional poskytuje siln\u00e9 partnerstv\u00ed a n\u00e1sleduje v\u00e1\u0161 hotelov\u00fd \u0159et\u011bzec po cel\u00e9m sv\u011bt\u011b.","robots":{"index":"index","follow":"follow","max-snippet":"max-snippet:-1","max-image-preview":"max-image-preview:large","max-video-preview":"max-video-preview:-1"},"canonical":"https:\/\/www.electroluxprofessional.com\/cz\/hotel-chains\/","og_locale":"cs_CZ","og_type":"article","og_title":"Hotelov\u00e9 \u0159et\u011bzce - Electrolux Professional \u010cesk\u00e1 republika","og_description":"Zvl\u00e1\u0161tn\u00ed po\u017eadavky hotelov\u00fdch \u0159et\u011bzc\u016f jsou sny, kter\u00e9 na\u0161i odborn\u00edci mohou prom\u011bnit ve skute\u010dnost. Electrolux Professional poskytuje siln\u00e9 partnerstv\u00ed a n\u00e1sleduje v\u00e1\u0161 hotelov\u00fd \u0159et\u011bzec po cel\u00e9m sv\u011bt\u011b.","og_url":"https:\/\/www.electroluxprofessional.com\/cz\/hotel-chains\/","og_site_name":"Electrolux Professional \u010cesk\u00e1 republika","article_publisher":"https:\/\/www.facebook.com\/electroluxprofessional","article_modified_time":"2025-11-06T12:39:37+00:00","og_image":[{"width":700,"height":700,"url":"https:\/\/www.electroluxprofessional.com\/cz\/wp-content\/uploads\/2017\/02\/hotel-chain-food.jpg","type":"image\/jpeg"}],"twitter_card":"summary_large_image","twitter_site":"@ElectroluxPro","twitter_misc":{"Odhadovan\u00e1 doba \u010dten\u00ed":"3 minuty"},"schema":{"@context":"https:\/\/schema.org","@graph":[{"@type":"WebPage","@id":"https:\/\/www.electroluxprofessional.com\/cz\/hotel-chains\/","url":"https:\/\/www.electroluxprofessional.com\/cz\/hotel-chains\/","name":"Hotelov\u00e9 \u0159et\u011bzce - Electrolux Professional \u010cesk\u00e1 republika","isPartOf":{"@id":"https:\/\/www.electroluxprofessional.com\/cz\/#website"},"primaryImageOfPage":{"@id":"https:\/\/www.electroluxprofessional.com\/cz\/hotel-chains\/#primaryimage"},"image":{"@id":"https:\/\/www.electroluxprofessional.com\/cz\/hotel-chains\/#primaryimage"},"thumbnailUrl":"https:\/\/www.electroluxprofessional.com\/cz\/wp-content\/uploads\/2017\/02\/hotel-chain-food.jpg","datePublished":"2020-05-25T17:55:49+00:00","dateModified":"2025-11-06T12:39:37+00:00","description":"Zvl\u00e1\u0161tn\u00ed po\u017eadavky hotelov\u00fdch \u0159et\u011bzc\u016f jsou sny, kter\u00e9 na\u0161i odborn\u00edci mohou prom\u011bnit ve skute\u010dnost. Electrolux Professional poskytuje siln\u00e9 partnerstv\u00ed a n\u00e1sleduje v\u00e1\u0161 hotelov\u00fd \u0159et\u011bzec po cel\u00e9m sv\u011bt\u011b.","breadcrumb":{"@id":"https:\/\/www.electroluxprofessional.com\/cz\/hotel-chains\/#breadcrumb"},"inLanguage":"cs","potentialAction":[{"@type":"ReadAction","target":["https:\/\/www.electroluxprofessional.com\/cz\/hotel-chains\/"]}]},{"@type":"ImageObject","inLanguage":"cs","@id":"https:\/\/www.electroluxprofessional.com\/cz\/hotel-chains\/#primaryimage","url":"https:\/\/www.electroluxprofessional.com\/cz\/wp-content\/uploads\/2017\/02\/hotel-chain-food.jpg","contentUrl":"https:\/\/www.electroluxprofessional.com\/cz\/wp-content\/uploads\/2017\/02\/hotel-chain-food.jpg","width":700,"height":700,"caption":"hotel-chain-food"},{"@type":"BreadcrumbList","@id":"https:\/\/www.electroluxprofessional.com\/cz\/hotel-chains\/#breadcrumb","itemListElement":[{"@type":"ListItem","position":1,"name":"Home","item":"https:\/\/www.electroluxprofessional.com\/cz\/"},{"@type":"ListItem","position":2,"name":"Hotelov\u00e9 \u0159et\u011bzce"}]},{"@type":"WebSite","@id":"https:\/\/www.electroluxprofessional.com\/cz\/#website","url":"https:\/\/www.electroluxprofessional.com\/cz\/","name":"Electrolux Professional \u010cesk\u00e1 republika","description":"","potentialAction":[{"@type":"SearchAction","target":{"@type":"EntryPoint","urlTemplate":"https:\/\/www.electroluxprofessional.com\/cz\/?src={search_term_string}"},"query-input":"required name=search_term_string"}],"inLanguage":"cs"}]}},"_links":{"self":[{"href":"https:\/\/www.electroluxprofessional.com\/cz\/wp-json\/wp\/v2\/pages\/5938"}],"collection":[{"href":"https:\/\/www.electroluxprofessional.com\/cz\/wp-json\/wp\/v2\/pages"}],"about":[{"href":"https:\/\/www.electroluxprofessional.com\/cz\/wp-json\/wp\/v2\/types\/page"}],"author":[{"embeddable":true,"href":"https:\/\/www.electroluxprofessional.com\/cz\/wp-json\/wp\/v2\/users\/39"}],"replies":[{"embeddable":true,"href":"https:\/\/www.electroluxprofessional.com\/cz\/wp-json\/wp\/v2\/comments?post=5938"}],"version-history":[{"count":9,"href":"https:\/\/www.electroluxprofessional.com\/cz\/wp-json\/wp\/v2\/pages\/5938\/revisions"}],"predecessor-version":[{"id":14039,"href":"https:\/\/www.electroluxprofessional.com\/cz\/wp-json\/wp\/v2\/pages\/5938\/revisions\/14039"}],"wp:featuredmedia":[{"embeddable":true,"href":"https:\/\/www.electroluxprofessional.com\/cz\/wp-json\/wp\/v2\/media\/2329"}],"wp:attachment":[{"href":"https:\/\/www.electroluxprofessional.com\/cz\/wp-json\/wp\/v2\/media?parent=5938"}],"curies":[{"name":"wp","href":"https:\/\/api.w.org\/{rel}","templated":true}]}}