{"id":5486,"date":"2020-04-01T09:25:32","date_gmt":"2020-04-01T09:25:32","guid":{"rendered":"https:\/\/www.electroluxprofessional.com\/?page_id=6232"},"modified":"2026-02-15T23:06:35","modified_gmt":"2026-02-15T23:06:35","slug":"bars-and-cafes","status":"publish","type":"page","link":"https:\/\/www.electroluxprofessional.com\/cz\/bars-and-cafes\/","title":{"rendered":"Bary a kav\u00e1rny"},"content":{"rendered":"<p>[vc_row full_width=&#8221;electroluxpro-full-width-no-padding&#8221;][vc_column][vc_single_image image=&#8221;3839&#8243; img_size=&#8221;2000&#215;350&#8243; alignment=&#8221;center&#8221;][\/vc_column][\/vc_row][vc_row][vc_column][vc_empty_space][\/vc_column][\/vc_row][vc_row][vc_column width=&#8221;1\/4&#8243;][vc_single_image image=&#8221;5485&#8243; img_size=&#8221;110*110&#8243; alignment=&#8221;center&#8221;][\/vc_column][vc_column width=&#8221;3\/4&#8243;][vc_empty_space height=&#8221;15px&#8221;][elx_heading font_container=&#8221;h1&#8243; font_size=&#8221;h3&#8243; text_color=&#8221;bars&#8221; text_align=&#8221;text-left&#8221;]Bary a kav\u00e1rny[\/elx_heading][\/vc_column][\/vc_row][vc_row][vc_column][elx_heading font_size=&#8221;h3&#8243; text_color=&#8221;inherit&#8221;]\u0158e\u0161en\u00ed pro p\u0159\u00edpravu j\u00eddel[\/elx_heading][vc_column_text]Objevte, kter\u00e1 \u0159e\u0161en\u00ed jsou ide\u00e1ln\u00ed pro v\u00e1\u0161 bar a kav\u00e1rnu.[\/vc_column_text][\/vc_column][\/vc_row][vc_row equal_height=&#8221;yes&#8221; content_placement=&#8221;middle&#8221; css=&#8221;.vc_custom_1517579733790{background-color: #f7f6f6 !important;}&#8221;][vc_column width=&#8221;1\/3&#8243;][elx_simple_link_block link=&#8221;url:https%3A%2F%2Fwww.electroluxprofessional.com%2Fcz%2Fglasswashers-and-undercounters-dishwashers%2F|title:Glasswashers%20and%20undercounters%20e-flex||&#8221; text_align=&#8221;text-left&#8221; text_color=&#8221;inherit&#8221; background_color=&#8221;inherit&#8221; background_hover_color=&#8221;darker-hover&#8221; extra_class=&#8221;&#8221; reveal_effect=&#8221;&#8221; reveal_duration=&#8221;&#8221; reveal_delay=&#8221;&#8221;][vc_single_image image=&#8221;1855&#8243; img_size=&#8221;573&#215;730&#8243; onclick=&#8221;custom_link&#8221; css=&#8221;.vc_custom_1717073697660{padding-top: 60px !important;}&#8221;][elx_heading font_container=&#8221;h3&#8243; font_size=&#8221;h5&#8243; text_color=&#8221;electrolux-blue&#8221;]Elektronick\u00e1 my\u010dka skla E-flex[\/elx_heading][vc_column_text]<\/p>\n<ul>\n<li>Bezpe\u010dn\u00e9 a ergonomick\u00e9<\/li>\n<li>Vynikaj\u00edc\u00ed v\u00fdkon<\/li>\n<li>Vynikaj\u00edc\u00ed hygiena<\/li>\n<li>Dlouh\u00e1 \u017eivotnost<\/li>\n<\/ul>\n<p>[\/vc_column_text][\/elx_simple_link_block][\/vc_column][vc_column width=&#8221;1\/3&#8243;][elx_simple_link_block link=&#8221;url:https%3A%2F%2Fwww.electroluxprofessional.com%2Fcz%2Fcommercial-kitchen-equipment%2Fvysokorychlostni-profesionalni-gril-speedelight%2F|title:SpeeDelight%20high%20speed%20cooking&#8221; text_align=&#8221;text-left&#8221; text_color=&#8221;inherit&#8221; background_color=&#8221;inherit&#8221; background_hover_color=&#8221;darker-hover&#8221; extra_class=&#8221;&#8221; reveal_effect=&#8221;&#8221; reveal_duration=&#8221;&#8221; reveal_delay=&#8221;&#8221;][vc_single_image image=&#8221;1962&#8243; img_size=&#8221;full&#8221; onclick=&#8221;custom_link&#8221; css=&#8221;.vc_custom_1499840121279{padding-top: 60px !important;}&#8221; link=&#8221;https:\/\/www.electroluxprofessional.com\/cz\/commercial-kitchen-equipment\/speedelight\/&#8221;][elx_heading font_container=&#8221;h3&#8243; font_size=&#8221;h5&#8243; text_color=&#8221;inherit&#8221;]SpeeDelight[\/elx_heading][vc_column_text]<\/p>\n<ul>\n<li>Nab\u00eddn\u011bte zdrav\u00e9 a chutn\u00e9 ob\u010derstven\u00ed rychle a efektivn\u011b<\/li>\n<li>Kvalita na v\u0161ech \u00farovn\u00edch d\u00edky t\u0159em syst\u00e9m\u016fm va\u0159en\u00ed<\/li>\n<li>Jakmile bude snack hotov, v\u00edko se automaticky zvedne<\/li>\n<\/ul>\n<p>[\/vc_column_text][\/elx_simple_link_block][\/vc_column][vc_column width=&#8221;1\/3&#8243;][elx_simple_link_block link=&#8221;url:https%3A%2F%2Fwww.electroluxprofessional.com%2Fcz%2Fcommercial-kitchen-equipment%2Flibero-line%2F|title:Libero%20Line||&#8221; text_align=&#8221;text-left&#8221; text_color=&#8221;inherit&#8221; background_color=&#8221;inherit&#8221; background_hover_color=&#8221;darker-hover&#8221; extra_class=&#8221;&#8221; reveal_effect=&#8221;&#8221; reveal_duration=&#8221;&#8221; reveal_delay=&#8221;&#8221;][vc_single_image image=&#8221;617&#8243; img_size=&#8221;573&#215;730&#8243; onclick=&#8221;custom_link&#8221; css=&#8221;.vc_custom_1480584152979{padding-top: 60px !important;}&#8221; link=&#8221;https:\/\/www.electroluxprofessional.com\/cz\/commercial-kitchen-equipment\/libero-line\/&#8221;][elx_heading font_container=&#8221;h3&#8243; font_size=&#8221;h5&#8243; text_color=&#8221;inherit&#8221;]Libero Line[\/elx_heading][vc_column_text]<\/p>\n<ul>\n<li>Pln\u011b mobiln\u00ed jednotky pro p\u0159edn\u00ed va\u0159en\u00ed<\/li>\n<li>P\u0159ipravte a serv\u00edrujte \u010derstv\u00e1 a \u00fahledn\u00e1 j\u00eddla v\u0161em, kdekoli a v rekordn\u00edm \u010dase<\/li>\n<li>Dopl\u0148kov\u00e9 vybaven\u00ed: sma\u017een\u00e1 deska, ro\u0161t, induk\u010dn\u00ed wok, induk\u010dn\u00ed va\u0159i\u010d, mini kombinovan\u00e1 trouba<\/li>\n<\/ul>\n<p>[\/vc_column_text][\/elx_simple_link_block][\/vc_column][\/vc_row][vc_row css=&#8221;.vc_custom_1522939207643{background-color: #ededc9 !important;}&#8221;][vc_column][elx_heading font_size=&#8221;h3&#8243; text_color=&#8221;inherit&#8221; text_align=&#8221;text-left&#8221;]N\u00e1pojov\u00e1 \u0159e\u0161en\u00ed<br \/>\n[\/elx_heading][vc_empty_space][\/vc_column][\/vc_row][vc_row equal_height=&#8221;yes&#8221; css=&#8221;.vc_custom_1522941413247{background-color: #ededc9 !important;}&#8221;][vc_column width=&#8221;1\/2&#8243;][elx_simple_link_block link=&#8221;url:https%3A%2F%2Fwww.electroluxprofessional.com%2Fcz%2Fbeverage-solutions%2F|title:Beverage%20solutions||&#8221; text_align=&#8221;text-left&#8221; text_color=&#8221;inherit&#8221; background_color=&#8221;inherit&#8221; background_hover_color=&#8221;darker-hover&#8221; extra_class=&#8221;&#8221; reveal_effect=&#8221;&#8221; reveal_duration=&#8221;&#8221; reveal_delay=&#8221;&#8221;][vc_single_image image=&#8221;4871&#8243; img_size=&#8221;full&#8221;][\/elx_simple_link_block][\/vc_column][vc_column width=&#8221;1\/2&#8243;][elx_simple_link_block link=&#8221;url:https%3A%2F%2Fwww.electroluxprofessional.com%2Fcz%2Fbeverage-solutions%2F|title:Beverage%20solutions||&#8221; text_align=&#8221;text-left&#8221; text_color=&#8221;inherit&#8221; background_color=&#8221;inherit&#8221; background_hover_color=&#8221;darker-hover&#8221; extra_class=&#8221;&#8221; reveal_effect=&#8221;&#8221; reveal_duration=&#8221;&#8221; reveal_delay=&#8221;&#8221;][elx_heading font_container=&#8221;h3&#8243; font_size=&#8221;h5&#8243; text_color=&#8221;inherit&#8221;]Naprost\u00e1 pohostinnost[\/elx_heading][vc_column_text]Rozs\u00e1hl\u00e1 nab\u00eddka<strong> \u0159e\u0161en\u00ed pro k\u00e1vu a n\u00e1poje<\/strong>, kter\u00e1 p\u0159ed\u010d\u00ed o\u010dek\u00e1v\u00e1n\u00ed va\u0161ich z\u00e1kazn\u00edk\u016f, spolu s t\u00fdmem odborn\u00edk\u016f, kte\u0159\u00ed se k n\u00e1m p\u0159ipojili, aby v\u00e1m slou\u017eili.<\/p>\n<ul>\n<li>P\u0159\u00edprava k\u00e1vy a \u010daje<\/li>\n<li>Ml\u00fdnek na k\u00e1vu<\/li>\n<li>Chlad\u00edc\u00ed bubblery<\/li>\n<li>Z\u00e1sobn\u00edky na hork\u00e9 a mra\u017een\u00e9 n\u00e1poje<br \/>\na mnohem v\u00edc&#8230;<\/li>\n<\/ul>\n<p>[\/vc_column_text][\/elx_simple_link_block][elx_button button_text=&#8221;Objevte \u0159e\u0161en\u00ed pro p\u0159\u00edpravu hork\u00fdch a studen\u00fdch n\u00e1poj\u016f&#8221; button_style=&#8221;icon-blue&#8221; button_link=&#8221;url:https%3A%2F%2Fwww.electroluxprofessional.com%2Fcz%2Fbeverage-solutions%2F|title:coffee%20and%20beverage%20solutions||&#8221;][\/vc_column][\/vc_row][vc_row css=&#8221;.vc_custom_1480591577587{background-color: #f7f6f6 !important;}&#8221;][vc_column][vc_empty_space][\/vc_column][\/vc_row][vc_row equal_height=&#8221;yes&#8221; content_placement=&#8221;middle&#8221; css=&#8221;.vc_custom_1517579733790{background-color: #f7f6f6 !important;}&#8221;][vc_column width=&#8221;1\/3&#8243;][elx_simple_block text_align=&#8221;text-center&#8221; background_color=&#8221;bars&#8221;][elx_heading text_color=&#8221;white&#8221;]\u0158etezce[\/elx_heading][vc_column_text]<\/p>\n<p style=\"text-align: center;\"><span style=\"color: #ffffff;\">V \u010dem je n\u00e1\u0161 servis jin\u00fd a lep\u0161\u00ed?<\/span><\/p>\n<p>[\/vc_column_text][elx_button button_text=&#8221;Zjist\u011bte v\u00edc&#8221; button_style=&#8221;default&#8221; button_link=&#8221;url:https%3A%2F%2Fwww.electroluxprofessional.com%2Fcz%2Fyour-business%2Frestaurant-chains%2F|||&#8221;][\/elx_simple_block][\/vc_column][vc_column width=&#8221;1\/3&#8243;][vc_single_image image=&#8221;3840&#8243; img_size=&#8221;400*400&#8243;][\/vc_column][vc_column width=&#8221;1\/3&#8243;][vc_single_image image=&#8221;3841&#8243; img_size=&#8221;full&#8221;][\/vc_column][\/vc_row][vc_row css=&#8221;.vc_custom_1480591577587{background-color: #f7f6f6 !important;}&#8221;][vc_column][vc_empty_space][\/vc_column][\/vc_row][vc_row][vc_column][elx_heading font_container=&#8221;h3&#8243; font_size=&#8221;h5&#8243; text_color=&#8221;inherit&#8221; text_align=&#8221;text-left&#8221;]Zjist\u011bte, co m\u016f\u017ee Electrolux Professional ud\u011blat pro va\u0161e podnik\u00e1n\u00ed[\/elx_heading][elx_o2000_contact_us s=&#8221;Po\u017eadavek z webov\u00fdch str\u00e1nek Electrolux Professional&#8221; country=&#8221;Czech Republic&#8221; r=&#8221;Pros\u00edm, za\u0161lete mi v\u00edce informac\u00ed o &#8230;&#8221; l=&#8221;cz&#8221;][vc_empty_space height=&#8221;50px&#8221;][\/vc_column][\/vc_row]<\/p>\n","protected":false},"excerpt":{"rendered":"<p>[vc_row full_width=&#8221;electroluxpro-full-width-no-padding&#8221;][vc_column][vc_single_image image=&#8221;3839&#8243; img_size=&#8221;2000&#215;350&#8243; alignment=&#8221;center&#8221;][\/vc_column][\/vc_row][vc_row][vc_column][vc_empty_space][\/vc_column][\/vc_row][vc_row][vc_column width=&#8221;1\/4&#8243;][vc_single_image image=&#8221;5485&#8243; img_size=&#8221;110*110&#8243; alignment=&#8221;center&#8221;][\/vc_column][vc_column width=&#8221;3\/4&#8243;][vc_empty_space height=&#8221;15px&#8221;][elx_heading font_container=&#8221;h1&#8243; font_size=&#8221;h3&#8243; text_color=&#8221;bars&#8221; text_align=&#8221;text-left&#8221;]Bary a kav\u00e1rny[\/elx_heading][\/vc_column][\/vc_row][vc_row][vc_column][elx_heading font_size=&#8221;h3&#8243; text_color=&#8221;inherit&#8221;]\u0158e\u0161en\u00ed pro p\u0159\u00edpravu j\u00eddel[\/elx_heading][vc_column_text]Objevte, kter\u00e1 \u0159e\u0161en\u00ed jsou ide\u00e1ln\u00ed pro v\u00e1\u0161 bar a kav\u00e1rnu.[\/vc_column_text][\/vc_column][\/vc_row][vc_row equal_height=&#8221;yes&#8221; content_placement=&#8221;middle&#8221; css=&#8221;.vc_custom_1517579733790{background-color: #f7f6f6 !important;}&#8221;][vc_column width=&#8221;1\/3&#8243;][elx_simple_link_block link=&#8221;url:https%3A%2F%2Fwww.electroluxprofessional.com%2Fcz%2Fglasswashers-and-undercounters-dishwashers%2F|title:Glasswashers%20and%20undercounters%20e-flex||&#8221; text_align=&#8221;text-left&#8221; text_color=&#8221;inherit&#8221; background_color=&#8221;inherit&#8221; background_hover_color=&#8221;darker-hover&#8221; extra_class=&#8221;&#8221; reveal_effect=&#8221;&#8221; reveal_duration=&#8221;&#8221; reveal_delay=&#8221;&#8221;][vc_single_image image=&#8221;1855&#8243; img_size=&#8221;573&#215;730&#8243; onclick=&#8221;custom_link&#8221; css=&#8221;.vc_custom_1717073697660{padding-top: 60px !important;}&#8221;][elx_heading font_container=&#8221;h3&#8243; font_size=&#8221;h5&#8243; text_color=&#8221;electrolux-blue&#8221;]Elektronick\u00e1 [&hellip;]<\/p>\n","protected":false},"author":39,"featured_media":1622,"parent":0,"menu_order":0,"comment_status":"closed","ping_status":"closed","template":"","meta":{"footnotes":""},"class_list":["post-5486","page","type-page","status-publish","has-post-thumbnail","hentry"],"acf":[],"yoast_head":"<!-- This site is optimized with the Yoast SEO plugin v23.3 - https:\/\/yoast.com\/wordpress\/plugins\/seo\/ -->\n<title>Bary a kav\u00e1rny - Electrolux Professional \u010cesk\u00e1 republika<\/title>\n<meta name=\"description\" content=\"Objevte na\u0161e vybaven\u00ed pro vin\u00e1rny, hospody, bistra, bary a kav\u00e1rny: elektronick\u00e1 my\u010dka n\u00e1dob\u00ed, vysokorychlostn\u00ed gril SpeeDelight, mobiln\u00ed va\u0159en\u00ed Libero Line.\" \/>\n<meta name=\"robots\" content=\"index, follow, max-snippet:-1, max-image-preview:large, max-video-preview:-1\" \/>\n<link rel=\"canonical\" href=\"https:\/\/www.electroluxprofessional.com\/cz\/bars-and-cafes\/\" \/>\n<meta property=\"og:locale\" content=\"cs_CZ\" \/>\n<meta property=\"og:type\" content=\"article\" \/>\n<meta property=\"og:title\" content=\"Bary a kav\u00e1rny - Electrolux Professional \u010cesk\u00e1 republika\" \/>\n<meta property=\"og:description\" content=\"Objevte na\u0161e vybaven\u00ed pro vin\u00e1rny, hospody, bistra, bary a kav\u00e1rny: elektronick\u00e1 my\u010dka n\u00e1dob\u00ed, vysokorychlostn\u00ed gril SpeeDelight, mobiln\u00ed va\u0159en\u00ed Libero Line.\" \/>\n<meta property=\"og:url\" content=\"https:\/\/www.electroluxprofessional.com\/cz\/bars-and-cafes\/\" \/>\n<meta property=\"og:site_name\" content=\"Electrolux Professional \u010cesk\u00e1 republika\" \/>\n<meta property=\"article:publisher\" content=\"https:\/\/www.facebook.com\/electroluxprofessional\" \/>\n<meta property=\"article:modified_time\" content=\"2026-02-15T23:06:35+00:00\" \/>\n<meta property=\"og:image\" content=\"https:\/\/www.electroluxprofessional.com\/cz\/wp-content\/uploads\/2016\/11\/bar-cafe.jpg\" \/>\n\t<meta property=\"og:image:width\" content=\"700\" \/>\n\t<meta property=\"og:image:height\" content=\"700\" \/>\n\t<meta property=\"og:image:type\" content=\"image\/jpeg\" \/>\n<meta name=\"twitter:card\" content=\"summary_large_image\" \/>\n<meta name=\"twitter:site\" content=\"@ElectroluxPro\" \/>\n<meta name=\"twitter:label1\" content=\"Odhadovan\u00e1 doba \u010dten\u00ed\" \/>\n\t<meta name=\"twitter:data1\" content=\"4 minuty\" \/>\n<script type=\"application\/ld+json\" class=\"yoast-schema-graph\">{\"@context\":\"https:\/\/schema.org\",\"@graph\":[{\"@type\":\"WebPage\",\"@id\":\"https:\/\/www.electroluxprofessional.com\/cz\/bars-and-cafes\/\",\"url\":\"https:\/\/www.electroluxprofessional.com\/cz\/bars-and-cafes\/\",\"name\":\"Bary a kav\u00e1rny - Electrolux Professional \u010cesk\u00e1 republika\",\"isPartOf\":{\"@id\":\"https:\/\/www.electroluxprofessional.com\/cz\/#website\"},\"primaryImageOfPage\":{\"@id\":\"https:\/\/www.electroluxprofessional.com\/cz\/bars-and-cafes\/#primaryimage\"},\"image\":{\"@id\":\"https:\/\/www.electroluxprofessional.com\/cz\/bars-and-cafes\/#primaryimage\"},\"thumbnailUrl\":\"https:\/\/www.electroluxprofessional.com\/cz\/wp-content\/uploads\/2016\/11\/bar-cafe.jpg\",\"datePublished\":\"2020-04-01T09:25:32+00:00\",\"dateModified\":\"2026-02-15T23:06:35+00:00\",\"description\":\"Objevte na\u0161e vybaven\u00ed pro vin\u00e1rny, hospody, bistra, bary a kav\u00e1rny: elektronick\u00e1 my\u010dka n\u00e1dob\u00ed, vysokorychlostn\u00ed gril SpeeDelight, mobiln\u00ed va\u0159en\u00ed Libero Line.\",\"breadcrumb\":{\"@id\":\"https:\/\/www.electroluxprofessional.com\/cz\/bars-and-cafes\/#breadcrumb\"},\"inLanguage\":\"cs\",\"potentialAction\":[{\"@type\":\"ReadAction\",\"target\":[\"https:\/\/www.electroluxprofessional.com\/cz\/bars-and-cafes\/\"]}]},{\"@type\":\"ImageObject\",\"inLanguage\":\"cs\",\"@id\":\"https:\/\/www.electroluxprofessional.com\/cz\/bars-and-cafes\/#primaryimage\",\"url\":\"https:\/\/www.electroluxprofessional.com\/cz\/wp-content\/uploads\/2016\/11\/bar-cafe.jpg\",\"contentUrl\":\"https:\/\/www.electroluxprofessional.com\/cz\/wp-content\/uploads\/2016\/11\/bar-cafe.jpg\",\"width\":700,\"height\":700,\"caption\":\"Bars & Caf\u00e9s\"},{\"@type\":\"BreadcrumbList\",\"@id\":\"https:\/\/www.electroluxprofessional.com\/cz\/bars-and-cafes\/#breadcrumb\",\"itemListElement\":[{\"@type\":\"ListItem\",\"position\":1,\"name\":\"Home\",\"item\":\"https:\/\/www.electroluxprofessional.com\/cz\/\"},{\"@type\":\"ListItem\",\"position\":2,\"name\":\"Bary a kav\u00e1rny\"}]},{\"@type\":\"WebSite\",\"@id\":\"https:\/\/www.electroluxprofessional.com\/cz\/#website\",\"url\":\"https:\/\/www.electroluxprofessional.com\/cz\/\",\"name\":\"Electrolux Professional \u010cesk\u00e1 republika\",\"description\":\"\",\"potentialAction\":[{\"@type\":\"SearchAction\",\"target\":{\"@type\":\"EntryPoint\",\"urlTemplate\":\"https:\/\/www.electroluxprofessional.com\/cz\/?src={search_term_string}\"},\"query-input\":\"required name=search_term_string\"}],\"inLanguage\":\"cs\"}]}<\/script>\n<!-- \/ Yoast SEO plugin. -->","yoast_head_json":{"title":"Bary a kav\u00e1rny - Electrolux Professional \u010cesk\u00e1 republika","description":"Objevte na\u0161e vybaven\u00ed pro vin\u00e1rny, hospody, bistra, bary a kav\u00e1rny: elektronick\u00e1 my\u010dka n\u00e1dob\u00ed, vysokorychlostn\u00ed gril SpeeDelight, mobiln\u00ed va\u0159en\u00ed Libero Line.","robots":{"index":"index","follow":"follow","max-snippet":"max-snippet:-1","max-image-preview":"max-image-preview:large","max-video-preview":"max-video-preview:-1"},"canonical":"https:\/\/www.electroluxprofessional.com\/cz\/bars-and-cafes\/","og_locale":"cs_CZ","og_type":"article","og_title":"Bary a kav\u00e1rny - Electrolux Professional \u010cesk\u00e1 republika","og_description":"Objevte na\u0161e vybaven\u00ed pro vin\u00e1rny, hospody, bistra, bary a kav\u00e1rny: elektronick\u00e1 my\u010dka n\u00e1dob\u00ed, vysokorychlostn\u00ed gril SpeeDelight, mobiln\u00ed va\u0159en\u00ed Libero Line.","og_url":"https:\/\/www.electroluxprofessional.com\/cz\/bars-and-cafes\/","og_site_name":"Electrolux Professional \u010cesk\u00e1 republika","article_publisher":"https:\/\/www.facebook.com\/electroluxprofessional","article_modified_time":"2026-02-15T23:06:35+00:00","og_image":[{"width":700,"height":700,"url":"https:\/\/www.electroluxprofessional.com\/cz\/wp-content\/uploads\/2016\/11\/bar-cafe.jpg","type":"image\/jpeg"}],"twitter_card":"summary_large_image","twitter_site":"@ElectroluxPro","twitter_misc":{"Odhadovan\u00e1 doba \u010dten\u00ed":"4 minuty"},"schema":{"@context":"https:\/\/schema.org","@graph":[{"@type":"WebPage","@id":"https:\/\/www.electroluxprofessional.com\/cz\/bars-and-cafes\/","url":"https:\/\/www.electroluxprofessional.com\/cz\/bars-and-cafes\/","name":"Bary a kav\u00e1rny - Electrolux Professional \u010cesk\u00e1 republika","isPartOf":{"@id":"https:\/\/www.electroluxprofessional.com\/cz\/#website"},"primaryImageOfPage":{"@id":"https:\/\/www.electroluxprofessional.com\/cz\/bars-and-cafes\/#primaryimage"},"image":{"@id":"https:\/\/www.electroluxprofessional.com\/cz\/bars-and-cafes\/#primaryimage"},"thumbnailUrl":"https:\/\/www.electroluxprofessional.com\/cz\/wp-content\/uploads\/2016\/11\/bar-cafe.jpg","datePublished":"2020-04-01T09:25:32+00:00","dateModified":"2026-02-15T23:06:35+00:00","description":"Objevte na\u0161e vybaven\u00ed pro vin\u00e1rny, hospody, bistra, bary a kav\u00e1rny: elektronick\u00e1 my\u010dka n\u00e1dob\u00ed, vysokorychlostn\u00ed gril SpeeDelight, mobiln\u00ed va\u0159en\u00ed Libero Line.","breadcrumb":{"@id":"https:\/\/www.electroluxprofessional.com\/cz\/bars-and-cafes\/#breadcrumb"},"inLanguage":"cs","potentialAction":[{"@type":"ReadAction","target":["https:\/\/www.electroluxprofessional.com\/cz\/bars-and-cafes\/"]}]},{"@type":"ImageObject","inLanguage":"cs","@id":"https:\/\/www.electroluxprofessional.com\/cz\/bars-and-cafes\/#primaryimage","url":"https:\/\/www.electroluxprofessional.com\/cz\/wp-content\/uploads\/2016\/11\/bar-cafe.jpg","contentUrl":"https:\/\/www.electroluxprofessional.com\/cz\/wp-content\/uploads\/2016\/11\/bar-cafe.jpg","width":700,"height":700,"caption":"Bars & Caf\u00e9s"},{"@type":"BreadcrumbList","@id":"https:\/\/www.electroluxprofessional.com\/cz\/bars-and-cafes\/#breadcrumb","itemListElement":[{"@type":"ListItem","position":1,"name":"Home","item":"https:\/\/www.electroluxprofessional.com\/cz\/"},{"@type":"ListItem","position":2,"name":"Bary a kav\u00e1rny"}]},{"@type":"WebSite","@id":"https:\/\/www.electroluxprofessional.com\/cz\/#website","url":"https:\/\/www.electroluxprofessional.com\/cz\/","name":"Electrolux Professional \u010cesk\u00e1 republika","description":"","potentialAction":[{"@type":"SearchAction","target":{"@type":"EntryPoint","urlTemplate":"https:\/\/www.electroluxprofessional.com\/cz\/?src={search_term_string}"},"query-input":"required name=search_term_string"}],"inLanguage":"cs"}]}},"_links":{"self":[{"href":"https:\/\/www.electroluxprofessional.com\/cz\/wp-json\/wp\/v2\/pages\/5486"}],"collection":[{"href":"https:\/\/www.electroluxprofessional.com\/cz\/wp-json\/wp\/v2\/pages"}],"about":[{"href":"https:\/\/www.electroluxprofessional.com\/cz\/wp-json\/wp\/v2\/types\/page"}],"author":[{"embeddable":true,"href":"https:\/\/www.electroluxprofessional.com\/cz\/wp-json\/wp\/v2\/users\/39"}],"replies":[{"embeddable":true,"href":"https:\/\/www.electroluxprofessional.com\/cz\/wp-json\/wp\/v2\/comments?post=5486"}],"version-history":[{"count":10,"href":"https:\/\/www.electroluxprofessional.com\/cz\/wp-json\/wp\/v2\/pages\/5486\/revisions"}],"predecessor-version":[{"id":14551,"href":"https:\/\/www.electroluxprofessional.com\/cz\/wp-json\/wp\/v2\/pages\/5486\/revisions\/14551"}],"wp:featuredmedia":[{"embeddable":true,"href":"https:\/\/www.electroluxprofessional.com\/cz\/wp-json\/wp\/v2\/media\/1622"}],"wp:attachment":[{"href":"https:\/\/www.electroluxprofessional.com\/cz\/wp-json\/wp\/v2\/media?parent=5486"}],"curies":[{"name":"wp","href":"https:\/\/api.w.org\/{rel}","templated":true}]}}