{"id":5356,"date":"2016-05-13T13:56:38","date_gmt":"2016-05-13T13:56:38","guid":{"rendered":"https:\/\/www.electroluxprofessional.com\/?page_id=719"},"modified":"2025-11-06T12:32:34","modified_gmt":"2025-11-06T12:32:34","slug":"solutions-for-restaurants","status":"publish","type":"page","link":"https:\/\/www.electroluxprofessional.com\/cz\/solutions-for-restaurants\/","title":{"rendered":"\u0158e\u0161en\u00ed pro restaurace"},"content":{"rendered":"<p>[vc_row full_width=&#8221;electroluxpro-full-width-no-padding&#8221;][vc_column][elx_full_banner title=&#8221;Restaurace&#8221; set_as_h1=&#8221;true&#8221; background_image_media_library=&#8221;9815&#8243; background_image_media_library_mobile=&#8221;9816&#8243;][\/vc_column][\/vc_row][vc_row disable_element=&#8221;yes&#8221; css=&#8221;.vc_custom_1666112561873{background-color: #041e41 !important;}&#8221;][vc_column reveal_effect=&#8221;&#8221; width=&#8221;2\/3&#8243;][vc_empty_space][vc_row_inner full_width=&#8221;electroluxpro-full-width-no-padding&#8221;][vc_column_inner width=&#8221;1\/4&#8243;][vc_single_image image=&#8221;5353&#8243; img_size=&#8221;full&#8221;][\/vc_column_inner][vc_column_inner width=&#8221;3\/4&#8243;][vc_empty_space height=&#8221;25px&#8221;][elx_heading font_container=&#8221;h1&#8243; font_size=&#8221;h3&#8243; text_color=&#8221;restaurant&#8221;]Restaurace[\/elx_heading][\/vc_column_inner][\/vc_row_inner][vc_empty_space height=&#8221;50px&#8221;][elx_heading font_container=&#8221;p&#8221; font_size=&#8221;h5&#8243; text_color=&#8221;white&#8221; text_align=&#8221;text-left&#8221;]&#8221;Electrolux Professional se mnou skv\u011ble spolupracuje a vybaven\u00ed kuchyn\u011b je dokonal\u00e9. Nev\u00e1hal bych doporu\u010dit jejich v\u00fdrobky ostatn\u00edm v oboru.&#8221;[\/elx_heading][vc_column_text]<\/p>\n<p style=\"color: #fff;\"><strong>Simon Hulstone<\/strong><br \/>\nChef Proprietor <strong>The Elephant<\/strong> &#8211; Michelin star Restaurant<br \/>\n<strong>Devon, United Kingdom<\/strong><\/p>\n<p>[\/vc_column_text][\/vc_column][vc_column reveal_effect=&#8221;&#8221; width=&#8221;1\/3&#8243;][elx_image_block background_image=&#8221;5352&#8243; minimum_height=&#8221;580px&#8221;][\/vc_column][vc_column][\/vc_column][vc_column][\/vc_column][\/vc_row][vc_row][vc_column][vc_empty_space][elx_heading font_size=&#8221;h3&#8243; text_color=&#8221;restaurant&#8221; text_align=&#8221;text-left&#8221;]Provoz restaurace m\u016f\u017ee b\u00fdt velmi t\u011b\u017ek\u00fd \u00fakol.<br \/>\nProto pot\u0159ebujete partnera, kter\u00fd v\u00e1m pom\u016f\u017ee a nikdy v\u00e1s nezklame.[\/elx_heading][\/vc_column][\/vc_row][vc_row][vc_column width=&#8221;2\/3&#8243; css=&#8221;.vc_custom_1464680696345{padding-top: 30px !important;}&#8221;][elx_image_block background_image=&#8221;598&#8243; minimum_height=&#8221;400px&#8221;][\/vc_column][vc_column width=&#8221;1\/3&#8243;][vc_empty_space height=&#8221;65px&#8221;][elx_heading font_size=&#8221;h3&#8243; text_color=&#8221;electrolux-blue&#8221; text_align=&#8221;text-left&#8221;]Electrolux Professional<br \/>\nGastronomick\u00e9 \u0159e\u0161en\u00ed[\/elx_heading][vc_column_text]Jejich v\u00fdb\u011brem z\u00edsk\u00e1te p\u0159esn\u011b flexibilitu, jednoduchost a s\u00edlu, kterou jste hledali.[\/vc_column_text][\/vc_column][\/vc_row][vc_row][vc_column width=&#8221;2\/3&#8243;][vc_empty_space height=&#8221;50px&#8221;][elx_heading font_container=&#8221;h3&#8243; font_size=&#8221;h3&#8243; text_color=&#8221;inherit&#8221;]Kuchy\u0148, kter\u00e1 v\u00e1m pom\u016f\u017ee vyniknout<br \/>\n[\/elx_heading][vc_column_text css_animation=&#8221;none&#8221;]T<strong>herma<em>line <\/em>a Molteni<\/strong> je za\u0159\u00edzen\u00ed\u00a0od Electrolux Professional vytvo\u0159en\u00e9 jako skute\u010dn\u00fd partner \u0161pi\u010dkov\u00fdch kucha\u0159\u016f, spl\u0148uj\u00edc\u00ed <strong>v\u0161echny po\u017eadavky kvalitn\u00edch restaurac\u00ed<\/strong>.[\/vc_column_text][elx_heading font_container=&#8221;h3&#8243; text_color=&#8221;inherit&#8221;]Ka\u017edou pot\u0159ebu je pot\u0159eba uspokojit.<br \/>\n[\/elx_heading][vc_column_text css_animation=&#8221;none&#8221;]A\u0165 u\u017e provozujete <strong>\u0159et\u011bzce a restaurace s rychl\u00fdm servisem, labu\u017enick\u00e9 restaurace nebo restaurace s \u00fapln\u00fdm servisem<\/strong>, Electrolux Professional m\u00e1 vybaven\u00ed, kter\u00e9 dok\u00e1\u017ee vy\u0159e\u0161it i ty nejn\u00e1ro\u010dn\u011bj\u0161\u00ed v\u00fdzvy.[\/vc_column_text][\/vc_column][vc_column width=&#8221;1\/3&#8243; css=&#8221;.vc_custom_1484036847003{margin-top: 30px !important;border-top-width: 30px !important;padding-top: 30px !important;}&#8221;][elx_image_block background_image=&#8221;596&#8243; minimum_height=&#8221;400px&#8221;][\/vc_column][\/vc_row][vc_row][vc_column][vc_empty_space][\/vc_column][\/vc_row][vc_row css=&#8221;.vc_custom_1517564415244{background-color: #eeeeee !important;}&#8221;][vc_column css=&#8221;.vc_custom_1484036722557{padding-top: 30px !important;padding-bottom: 10px !important;}&#8221;][elx_heading font_container=&#8221;h3&#8243; font_size=&#8221;h3&#8243; text_color=&#8221;inherit&#8221; text_align=&#8221;text-left&#8221;]Na\u0161e \u0159e\u0161en\u00ed pro va\u0161e podnik\u00e1n\u00ed<\/p>\n<p>[\/elx_heading][vc_row_inner][vc_column_inner width=&#8221;1\/3&#8243;][elx_image_block background_image=&#8221;599&#8243; minimum_height=&#8221;332px&#8221;][elx_heading font_container=&#8221;h3&#8243; font_size=&#8221;h5&#8243; text_color=&#8221;inherit&#8221; text_align=&#8221;text-left&#8221;]Labu\u017enick\u00e9 restaurace[\/elx_heading][\/vc_column_inner][vc_column_inner width=&#8221;1\/3&#8243;][elx_image_block background_image=&#8221;600&#8243; minimum_height=&#8221;332px&#8221;][elx_heading font_size=&#8221;h5&#8243; text_color=&#8221;inherit&#8221; text_align=&#8221;text-left&#8221;]Full-servis restaurace[\/elx_heading][\/vc_column_inner][vc_column_inner width=&#8221;1\/3&#8243;][elx_image_block background_image=&#8221;601&#8243; minimum_height=&#8221;332px&#8221;][elx_heading font_size=&#8221;h5&#8243; text_color=&#8221;inherit&#8221; text_align=&#8221;text-left&#8221;]Rychl\u00e9 ob\u010derstevn\u00ed[\/elx_heading][\/vc_column_inner][\/vc_row_inner][\/vc_column][\/vc_row][vc_row full_width=&#8221;electroluxpro-full-width-no-padding&#8221;][vc_column][vc_empty_space][vc_empty_space height=&#8221;1px&#8221; css=&#8221;.vc_custom_1523005131385{background-color: #eeeeee !important;}&#8221;][vc_empty_space][\/vc_column][\/vc_row][vc_row css=&#8221;.vc_custom_1522939207643{background-color: #ededc9 !important;}&#8221;][vc_column][elx_heading font_size=&#8221;h3&#8243; text_color=&#8221;inherit&#8221; text_align=&#8221;text-left&#8221;]N\u00e1pojov\u00e1 \u0159e\u0161en\u00ed<br \/>\n[\/elx_heading][vc_empty_space][\/vc_column][\/vc_row][vc_row equal_height=&#8221;yes&#8221; css=&#8221;.vc_custom_1522941413247{background-color: #ededc9 !important;}&#8221;][vc_column width=&#8221;1\/2&#8243;][elx_simple_link_block link=&#8221;url:https%3A%2F%2Fwww.electroluxprofessional.com%2Fcz%2Fbeverage-solutions%2F|title:Beverage%20solutions||&#8221; text_align=&#8221;text-left&#8221; text_color=&#8221;inherit&#8221; background_color=&#8221;inherit&#8221; background_hover_color=&#8221;darker-hover&#8221; extra_class=&#8221;&#8221; reveal_effect=&#8221;&#8221; reveal_duration=&#8221;&#8221; reveal_delay=&#8221;&#8221;][vc_single_image image=&#8221;4871&#8243; img_size=&#8221;full&#8221;][\/elx_simple_link_block][\/vc_column][vc_column width=&#8221;1\/2&#8243;][elx_simple_link_block link=&#8221;url:https%3A%2F%2Fwww.electroluxprofessional.com%2Fcz%2Fbeverage-solutions%2F|title:Beverage%20solutions||&#8221; text_align=&#8221;text-left&#8221; text_color=&#8221;inherit&#8221; background_color=&#8221;inherit&#8221; background_hover_color=&#8221;darker-hover&#8221; extra_class=&#8221;&#8221; reveal_effect=&#8221;&#8221; reveal_duration=&#8221;&#8221; reveal_delay=&#8221;&#8221;][elx_heading font_container=&#8221;h3&#8243; font_size=&#8221;h5&#8243; text_color=&#8221;inherit&#8221;]Dokonal\u00e1 p\u00e9\u010de[\/elx_heading][vc_column_text]Rozs\u00e1hl\u00e1 nab\u00eddka \u0159e\u0161en\u00ed pro p\u0159\u00edpravu k\u00e1vy a n\u00e1poj\u016f, kter\u00e1 p\u0159ed\u010d\u00ed o\u010dek\u00e1v\u00e1n\u00ed va\u0161ich z\u00e1kazn\u00edk\u016f, spolu s t\u00fdmem odborn\u00edk\u016f, kte\u0159\u00ed se k n\u00e1m p\u0159ipojili, aby v\u00e1m slou\u017eili.<\/p>\n<ul>\n<li>P\u0159\u00edprava k\u00e1vy a \u010daje<\/li>\n<li>Ml\u00fdnky na k\u00e1vu<\/li>\n<li>Chladi\u010de na studen\u00e9 n\u00e1poje<\/li>\n<li>D\u00e1vkova\u010de hork\u00fdch a mra\u017een\u00fdch n\u00e1poj\u016f<\/li>\n<li>a mnohem v\u00edc&#8230;<\/li>\n<\/ul>\n<p>[\/vc_column_text][\/elx_simple_link_block][elx_button button_text=&#8221;Objevte \u0159e\u0161en\u00ed pro p\u0159\u00edpravu k\u00e1vy a dal\u0161\u00edch n\u00e1poj\u016f&#8221; button_style=&#8221;icon-blue&#8221; button_link=&#8221;url:https%3A%2F%2Fwww.electroluxprofessional.com%2Fcz%2Fbeverage-solutions%2F|title:coffee%20and%20beverage%20solutions||&#8221;][\/vc_column][\/vc_row][vc_row full_width=&#8221;electroluxpro-full-width-no-padding&#8221;][vc_column][vc_empty_space][vc_empty_space height=&#8221;1px&#8221; css=&#8221;.vc_custom_1523005131385{background-color: #eeeeee !important;}&#8221;][vc_empty_space][\/vc_column][\/vc_row][vc_row equal_height=&#8221;yes&#8221; content_placement=&#8221;middle&#8221;][vc_column width=&#8221;1\/3&#8243;][elx_simple_block text_align=&#8221;text-center&#8221; background_color=&#8221;restaurant&#8221;][elx_heading text_color=&#8221;white&#8221;]\u0158et\u011bzce[\/elx_heading][vc_column_text]<\/p>\n<p style=\"text-align: center;\"><span style=\"color: #ffffff;\">V \u010dem jsme jin\u00ed a lep\u0161\u00ed?<\/span><\/p>\n<p>[\/vc_column_text][elx_button button_text=&#8221;Zjist\u011bte v\u00edce&#8221; button_style=&#8221;default&#8221; button_link=&#8221;url:https%3A%2F%2Fwww.electroluxprofessional.com%2Fcz%2Fyour-business%2Frestaurant-chains%2F|||&#8221;][\/elx_simple_block][\/vc_column][vc_column width=&#8221;1\/3&#8243;][vc_single_image image=&#8221;5354&#8243; img_size=&#8221;full&#8221;][\/vc_column][vc_column width=&#8221;1\/3&#8243;][vc_single_image image=&#8221;5355&#8243; img_size=&#8221;full&#8221;][\/vc_column][\/vc_row][vc_row][vc_column][vc_empty_space][\/vc_column][\/vc_row][vc_row][vc_column][vc_empty_space][\/vc_column][\/vc_row][vc_row][vc_column][elx_heading font_container=&#8221;h3&#8243; text_color=&#8221;inherit&#8221;]Zjist\u011bte co Electrolux m\u016f\u017ee ud\u011blat pro Va\u0161e podnik\u00e1n\u00ed[\/elx_heading][elx_o2000_contact_us s=&#8221;Po\u017eadavek z webov\u00fdch str\u00e1nek Electrolux Professional&#8221; country=&#8221;Czech Republic&#8221; r=&#8221;Pros\u00edm, za\u0161lete mi v\u00edce informac\u00ed o &#8230;&#8221; l=&#8221;cz&#8221;][\/vc_column][\/vc_row][vc_row css=&#8221;.vc_custom_1464686680535{padding-bottom: 30px !important;}&#8221;][vc_column][vc_empty_space][elx_heading font_size=&#8221;h3&#8243; text_color=&#8221;inherit&#8221; text_align=&#8221;text-left&#8221;]Reference na\u0161ich z\u00e1kazn\u00edk\u016f<\/p>\n<p>[\/elx_heading][\/vc_column][\/vc_row][vc_row][vc_column width=&#8221;1\/3&#8243;][elx_image_block background_image=&#8221;603&#8243; minimum_height=&#8221;400px&#8221;][elx_heading font_container=&#8221;h3&#8243; font_size=&#8221;h5&#8243; text_color=&#8221;inherit&#8221;]IYO[\/elx_heading][vc_column_text css_animation=&#8221;none&#8221; css=&#8221;.vc_custom_1590658859184{padding-top: 15px !important;}&#8221;]<em>\u201eVyb\u00edr\u00e1me si Electrolux Professional, proto\u017ee z hlediska technologie a funk\u010dnosti je to rozhodn\u011b krok vp\u0159ed. S<strong> kuchyn\u00ed Thermaline<\/strong> jsme opravdu dob\u0159\u00ed, proto\u017ee jde o blok, kter\u00fd zaru\u010duje bezkonkuren\u010dn\u00ed efektivitu a solidnost\u201c.<\/em><\/p>\n<p><strong>Claudio Liu, Founder<br \/>\n<\/strong>Iyo &#8211; Michelin star Restaurant<strong><br \/>\nMilan, Italy<\/strong>[\/vc_column_text][\/vc_column][vc_column width=&#8221;1\/3&#8243;][elx_image_block background_image=&#8221;379&#8243; minimum_height=&#8221;400px&#8221;][elx_heading font_container=&#8221;h3&#8243; font_size=&#8221;h5&#8243; text_color=&#8221;inherit&#8221;]Priceless Milano[\/elx_heading][vc_column_text]<em>\u201eP\u0159i va\u0159en\u00ed existuje tolik v\u00fdhod, \u017ee bych sv\u00fdm koleg\u016fm ur\u010dit\u011b doporu\u010dil \u0159e\u0161en\u00ed Electrolux Professional, a to nejen v It\u00e1lii, ale po cel\u00e9m sv\u011bt\u011b\u201c.<\/em><\/p>\n<p><strong>Christian Pircher<br \/>\n<\/strong>JRE \u0161\u00e9fkucha\u0159 Kirchsteiger Restaurant<strong><br \/>\nFoiana<\/strong>[\/vc_column_text][\/vc_column][vc_column width=&#8221;1\/3&#8243;][elx_image_block background_image=&#8221;1758&#8243; vert_back_position=&#8221;top&#8221; minimum_height=&#8221;400px&#8221;][elx_heading font_container=&#8221;h3&#8243; font_size=&#8221;h5&#8243; text_color=&#8221;inherit&#8221;]Tiergarten[\/elx_heading][vc_column_text css_animation=&#8221;none&#8221; css=&#8221;.vc_custom_1590659305033{padding-top: 15px !important;}&#8221;]<em>\u201eRozhodnut\u00ed pro spot\u0159ebi\u010de Electrolux Professional bylo v\u00fdsledkem v\u00fdb\u011brov\u00e9ho \u0159\u00edzen\u00ed. Electrolux Professional byl vybr\u00e1n d\u00edky dobr\u00e9 podpo\u0159e, spolehlivosti v\u00fdrobk\u016f a pom\u011bru cena \/ v\u00fdkon.\u201c<\/em><\/p>\n<p><strong>Maikel Konrad<br \/>\n<\/strong>Head Chef, Restaurant Tiergarten[\/vc_column_text][\/vc_column][\/vc_row][vc_row][vc_column][vc_empty_space][\/vc_column][\/vc_row]<\/p>\n","protected":false},"excerpt":{"rendered":"<p>[vc_row full_width=&#8221;electroluxpro-full-width-no-padding&#8221;][vc_column][elx_full_banner title=&#8221;Restaurace&#8221; set_as_h1=&#8221;true&#8221; background_image_media_library=&#8221;9815&#8243; background_image_media_library_mobile=&#8221;9816&#8243;][\/vc_column][\/vc_row][vc_row disable_element=&#8221;yes&#8221; css=&#8221;.vc_custom_1666112561873{background-color: #041e41 !important;}&#8221;][vc_column reveal_effect=&#8221;&#8221; width=&#8221;2\/3&#8243;][vc_empty_space][vc_row_inner full_width=&#8221;electroluxpro-full-width-no-padding&#8221;][vc_column_inner width=&#8221;1\/4&#8243;][vc_single_image image=&#8221;5353&#8243; img_size=&#8221;full&#8221;][\/vc_column_inner][vc_column_inner width=&#8221;3\/4&#8243;][vc_empty_space height=&#8221;25px&#8221;][elx_heading font_container=&#8221;h1&#8243; font_size=&#8221;h3&#8243; text_color=&#8221;restaurant&#8221;]Restaurace[\/elx_heading][\/vc_column_inner][\/vc_row_inner][vc_empty_space height=&#8221;50px&#8221;][elx_heading font_container=&#8221;p&#8221; font_size=&#8221;h5&#8243; text_color=&#8221;white&#8221; text_align=&#8221;text-left&#8221;]&#8221;Electrolux Professional se mnou skv\u011ble spolupracuje a vybaven\u00ed kuchyn\u011b je dokonal\u00e9. Nev\u00e1hal bych doporu\u010dit jejich v\u00fdrobky ostatn\u00edm v oboru.&#8221;[\/elx_heading][vc_column_text] Simon Hulstone Chef Proprietor The Elephant &#8211; Michelin star Restaurant Devon, [&hellip;]<\/p>\n","protected":false},"author":39,"featured_media":598,"parent":0,"menu_order":0,"comment_status":"closed","ping_status":"closed","template":"","meta":{"footnotes":""},"class_list":["post-5356","page","type-page","status-publish","has-post-thumbnail","hentry"],"acf":[],"yoast_head":"<!-- This site is optimized with the Yoast SEO plugin v23.3 - https:\/\/yoast.com\/wordpress\/plugins\/seo\/ -->\n<title>\u0158e\u0161en\u00ed pro restaurace - Electrolux Professional<\/title>\n<meta name=\"description\" content=\"A\u0165 u\u017e provozujete \u0159et\u011bzce a restaurace s rychl\u00fdm servisem, labu\u017enick\u00e9 restaurace s nejlep\u0161\u00edm j\u00eddlem nebo restaurace s pln\u00fdm servisem, Electrolux Professional m\u00e1 \u0159e\u0161en\u00ed, d\u00edky nim\u017e bude va\u0161e firma je\u0161t\u011b ziskov\u011bj\u0161\u00ed.\" \/>\n<meta name=\"robots\" content=\"index, follow, max-snippet:-1, max-image-preview:large, max-video-preview:-1\" \/>\n<link rel=\"canonical\" href=\"https:\/\/www.electroluxprofessional.com\/cz\/solutions-for-restaurants\/\" \/>\n<meta property=\"og:locale\" content=\"cs_CZ\" \/>\n<meta property=\"og:type\" content=\"article\" \/>\n<meta property=\"og:title\" content=\"\u0158e\u0161en\u00ed pro restaurace - Electrolux Professional\" \/>\n<meta property=\"og:description\" content=\"A\u0165 u\u017e provozujete \u0159et\u011bzce a restaurace s rychl\u00fdm servisem, labu\u017enick\u00e9 restaurace s nejlep\u0161\u00edm j\u00eddlem nebo restaurace s pln\u00fdm servisem, Electrolux Professional m\u00e1 \u0159e\u0161en\u00ed, d\u00edky nim\u017e bude va\u0161e firma je\u0161t\u011b ziskov\u011bj\u0161\u00ed.\" \/>\n<meta property=\"og:url\" content=\"https:\/\/www.electroluxprofessional.com\/cz\/solutions-for-restaurants\/\" \/>\n<meta property=\"og:site_name\" content=\"Electrolux Professional \u010cesk\u00e1 republika\" \/>\n<meta property=\"article:publisher\" content=\"https:\/\/www.facebook.com\/electroluxprofessional\" \/>\n<meta property=\"article:modified_time\" content=\"2025-11-06T12:32:34+00:00\" \/>\n<meta property=\"og:image\" content=\"https:\/\/www.electroluxprofessional.com\/cz\/wp-content\/uploads\/2016\/05\/fine-dining-restaurants.jpg\" \/>\n\t<meta property=\"og:image:width\" content=\"1000\" \/>\n\t<meta property=\"og:image:height\" content=\"667\" \/>\n\t<meta property=\"og:image:type\" content=\"image\/jpeg\" \/>\n<meta name=\"twitter:card\" content=\"summary_large_image\" \/>\n<meta name=\"twitter:site\" content=\"@ElectroluxPro\" \/>\n<meta name=\"twitter:label1\" content=\"Odhadovan\u00e1 doba \u010dten\u00ed\" \/>\n\t<meta name=\"twitter:data1\" content=\"3 minuty\" \/>\n<script type=\"application\/ld+json\" class=\"yoast-schema-graph\">{\"@context\":\"https:\/\/schema.org\",\"@graph\":[{\"@type\":\"WebPage\",\"@id\":\"https:\/\/www.electroluxprofessional.com\/cz\/solutions-for-restaurants\/\",\"url\":\"https:\/\/www.electroluxprofessional.com\/cz\/solutions-for-restaurants\/\",\"name\":\"\u0158e\u0161en\u00ed pro restaurace - Electrolux Professional\",\"isPartOf\":{\"@id\":\"https:\/\/www.electroluxprofessional.com\/cz\/#website\"},\"primaryImageOfPage\":{\"@id\":\"https:\/\/www.electroluxprofessional.com\/cz\/solutions-for-restaurants\/#primaryimage\"},\"image\":{\"@id\":\"https:\/\/www.electroluxprofessional.com\/cz\/solutions-for-restaurants\/#primaryimage\"},\"thumbnailUrl\":\"https:\/\/www.electroluxprofessional.com\/cz\/wp-content\/uploads\/2016\/05\/fine-dining-restaurants.jpg\",\"datePublished\":\"2016-05-13T13:56:38+00:00\",\"dateModified\":\"2025-11-06T12:32:34+00:00\",\"description\":\"A\u0165 u\u017e provozujete \u0159et\u011bzce a restaurace s rychl\u00fdm servisem, labu\u017enick\u00e9 restaurace s nejlep\u0161\u00edm j\u00eddlem nebo restaurace s pln\u00fdm servisem, Electrolux Professional m\u00e1 \u0159e\u0161en\u00ed, d\u00edky nim\u017e bude va\u0161e firma je\u0161t\u011b ziskov\u011bj\u0161\u00ed.\",\"breadcrumb\":{\"@id\":\"https:\/\/www.electroluxprofessional.com\/cz\/solutions-for-restaurants\/#breadcrumb\"},\"inLanguage\":\"cs\",\"potentialAction\":[{\"@type\":\"ReadAction\",\"target\":[\"https:\/\/www.electroluxprofessional.com\/cz\/solutions-for-restaurants\/\"]}]},{\"@type\":\"ImageObject\",\"inLanguage\":\"cs\",\"@id\":\"https:\/\/www.electroluxprofessional.com\/cz\/solutions-for-restaurants\/#primaryimage\",\"url\":\"https:\/\/www.electroluxprofessional.com\/cz\/wp-content\/uploads\/2016\/05\/fine-dining-restaurants.jpg\",\"contentUrl\":\"https:\/\/www.electroluxprofessional.com\/cz\/wp-content\/uploads\/2016\/05\/fine-dining-restaurants.jpg\",\"width\":1000,\"height\":667,\"caption\":\"fine dining restaurants\"},{\"@type\":\"BreadcrumbList\",\"@id\":\"https:\/\/www.electroluxprofessional.com\/cz\/solutions-for-restaurants\/#breadcrumb\",\"itemListElement\":[{\"@type\":\"ListItem\",\"position\":1,\"name\":\"Home\",\"item\":\"https:\/\/www.electroluxprofessional.com\/cz\/\"},{\"@type\":\"ListItem\",\"position\":2,\"name\":\"\u0158e\u0161en\u00ed pro restaurace\"}]},{\"@type\":\"WebSite\",\"@id\":\"https:\/\/www.electroluxprofessional.com\/cz\/#website\",\"url\":\"https:\/\/www.electroluxprofessional.com\/cz\/\",\"name\":\"Electrolux Professional \u010cesk\u00e1 republika\",\"description\":\"\",\"potentialAction\":[{\"@type\":\"SearchAction\",\"target\":{\"@type\":\"EntryPoint\",\"urlTemplate\":\"https:\/\/www.electroluxprofessional.com\/cz\/?src={search_term_string}\"},\"query-input\":\"required name=search_term_string\"}],\"inLanguage\":\"cs\"}]}<\/script>\n<!-- \/ Yoast SEO plugin. -->","yoast_head_json":{"title":"\u0158e\u0161en\u00ed pro restaurace - Electrolux Professional","description":"A\u0165 u\u017e provozujete \u0159et\u011bzce a restaurace s rychl\u00fdm servisem, labu\u017enick\u00e9 restaurace s nejlep\u0161\u00edm j\u00eddlem nebo restaurace s pln\u00fdm servisem, Electrolux Professional m\u00e1 \u0159e\u0161en\u00ed, d\u00edky nim\u017e bude va\u0161e firma je\u0161t\u011b ziskov\u011bj\u0161\u00ed.","robots":{"index":"index","follow":"follow","max-snippet":"max-snippet:-1","max-image-preview":"max-image-preview:large","max-video-preview":"max-video-preview:-1"},"canonical":"https:\/\/www.electroluxprofessional.com\/cz\/solutions-for-restaurants\/","og_locale":"cs_CZ","og_type":"article","og_title":"\u0158e\u0161en\u00ed pro restaurace - Electrolux Professional","og_description":"A\u0165 u\u017e provozujete \u0159et\u011bzce a restaurace s rychl\u00fdm servisem, labu\u017enick\u00e9 restaurace s nejlep\u0161\u00edm j\u00eddlem nebo restaurace s pln\u00fdm servisem, Electrolux Professional m\u00e1 \u0159e\u0161en\u00ed, d\u00edky nim\u017e bude va\u0161e firma je\u0161t\u011b ziskov\u011bj\u0161\u00ed.","og_url":"https:\/\/www.electroluxprofessional.com\/cz\/solutions-for-restaurants\/","og_site_name":"Electrolux Professional \u010cesk\u00e1 republika","article_publisher":"https:\/\/www.facebook.com\/electroluxprofessional","article_modified_time":"2025-11-06T12:32:34+00:00","og_image":[{"width":1000,"height":667,"url":"https:\/\/www.electroluxprofessional.com\/cz\/wp-content\/uploads\/2016\/05\/fine-dining-restaurants.jpg","type":"image\/jpeg"}],"twitter_card":"summary_large_image","twitter_site":"@ElectroluxPro","twitter_misc":{"Odhadovan\u00e1 doba \u010dten\u00ed":"3 minuty"},"schema":{"@context":"https:\/\/schema.org","@graph":[{"@type":"WebPage","@id":"https:\/\/www.electroluxprofessional.com\/cz\/solutions-for-restaurants\/","url":"https:\/\/www.electroluxprofessional.com\/cz\/solutions-for-restaurants\/","name":"\u0158e\u0161en\u00ed pro restaurace - Electrolux Professional","isPartOf":{"@id":"https:\/\/www.electroluxprofessional.com\/cz\/#website"},"primaryImageOfPage":{"@id":"https:\/\/www.electroluxprofessional.com\/cz\/solutions-for-restaurants\/#primaryimage"},"image":{"@id":"https:\/\/www.electroluxprofessional.com\/cz\/solutions-for-restaurants\/#primaryimage"},"thumbnailUrl":"https:\/\/www.electroluxprofessional.com\/cz\/wp-content\/uploads\/2016\/05\/fine-dining-restaurants.jpg","datePublished":"2016-05-13T13:56:38+00:00","dateModified":"2025-11-06T12:32:34+00:00","description":"A\u0165 u\u017e provozujete \u0159et\u011bzce a restaurace s rychl\u00fdm servisem, labu\u017enick\u00e9 restaurace s nejlep\u0161\u00edm j\u00eddlem nebo restaurace s pln\u00fdm servisem, Electrolux Professional m\u00e1 \u0159e\u0161en\u00ed, d\u00edky nim\u017e bude va\u0161e firma je\u0161t\u011b ziskov\u011bj\u0161\u00ed.","breadcrumb":{"@id":"https:\/\/www.electroluxprofessional.com\/cz\/solutions-for-restaurants\/#breadcrumb"},"inLanguage":"cs","potentialAction":[{"@type":"ReadAction","target":["https:\/\/www.electroluxprofessional.com\/cz\/solutions-for-restaurants\/"]}]},{"@type":"ImageObject","inLanguage":"cs","@id":"https:\/\/www.electroluxprofessional.com\/cz\/solutions-for-restaurants\/#primaryimage","url":"https:\/\/www.electroluxprofessional.com\/cz\/wp-content\/uploads\/2016\/05\/fine-dining-restaurants.jpg","contentUrl":"https:\/\/www.electroluxprofessional.com\/cz\/wp-content\/uploads\/2016\/05\/fine-dining-restaurants.jpg","width":1000,"height":667,"caption":"fine dining restaurants"},{"@type":"BreadcrumbList","@id":"https:\/\/www.electroluxprofessional.com\/cz\/solutions-for-restaurants\/#breadcrumb","itemListElement":[{"@type":"ListItem","position":1,"name":"Home","item":"https:\/\/www.electroluxprofessional.com\/cz\/"},{"@type":"ListItem","position":2,"name":"\u0158e\u0161en\u00ed pro restaurace"}]},{"@type":"WebSite","@id":"https:\/\/www.electroluxprofessional.com\/cz\/#website","url":"https:\/\/www.electroluxprofessional.com\/cz\/","name":"Electrolux Professional \u010cesk\u00e1 republika","description":"","potentialAction":[{"@type":"SearchAction","target":{"@type":"EntryPoint","urlTemplate":"https:\/\/www.electroluxprofessional.com\/cz\/?src={search_term_string}"},"query-input":"required name=search_term_string"}],"inLanguage":"cs"}]}},"_links":{"self":[{"href":"https:\/\/www.electroluxprofessional.com\/cz\/wp-json\/wp\/v2\/pages\/5356"}],"collection":[{"href":"https:\/\/www.electroluxprofessional.com\/cz\/wp-json\/wp\/v2\/pages"}],"about":[{"href":"https:\/\/www.electroluxprofessional.com\/cz\/wp-json\/wp\/v2\/types\/page"}],"author":[{"embeddable":true,"href":"https:\/\/www.electroluxprofessional.com\/cz\/wp-json\/wp\/v2\/users\/39"}],"replies":[{"embeddable":true,"href":"https:\/\/www.electroluxprofessional.com\/cz\/wp-json\/wp\/v2\/comments?post=5356"}],"version-history":[{"count":15,"href":"https:\/\/www.electroluxprofessional.com\/cz\/wp-json\/wp\/v2\/pages\/5356\/revisions"}],"predecessor-version":[{"id":14036,"href":"https:\/\/www.electroluxprofessional.com\/cz\/wp-json\/wp\/v2\/pages\/5356\/revisions\/14036"}],"wp:featuredmedia":[{"embeddable":true,"href":"https:\/\/www.electroluxprofessional.com\/cz\/wp-json\/wp\/v2\/media\/598"}],"wp:attachment":[{"href":"https:\/\/www.electroluxprofessional.com\/cz\/wp-json\/wp\/v2\/media?parent=5356"}],"curies":[{"name":"wp","href":"https:\/\/api.w.org\/{rel}","templated":true}]}}