{"id":5320,"date":"2020-04-21T14:03:19","date_gmt":"2020-04-21T14:03:19","guid":{"rendered":"https:\/\/www.electroluxprofessional.com\/?page_id=7787"},"modified":"2020-05-27T08:18:45","modified_gmt":"2020-05-27T08:18:45","slug":"seminars","status":"publish","type":"page","link":"https:\/\/www.electroluxprofessional.com\/cz\/seminars\/","title":{"rendered":"Semin\u00e1\u0159e Electrolux Professional"},"content":{"rendered":"<p>[vc_row full_width=&#8221;electroluxpro-full-width&#8221;][vc_column][elx_hero_slider label_text_color=&#8221;inherit&#8221; images=&#8221;2281&#8243;][elx_heading text_color=&#8221;inherit&#8221;]Odborn\u00e9 praktick\u00e9 semin\u00e1\u0159e[\/elx_heading][\/elx_hero_slider][vc_empty_space][\/vc_column][\/vc_row][vc_row][vc_column][elx_heading font_container=&#8221;h1&#8243; font_size=&#8221;h3&#8243; text_color=&#8221;electrolux-blue&#8221; text_align=&#8221;text-left&#8221;]Novinky, inspirace, modern\u00ed technologie a postupy[\/elx_heading][vc_column_text]Hled\u00e1te inspiraci, \u010di zp\u016fsob, jak se p\u0159iu\u010dit od t\u011bch nejlep\u0161\u00edch z oboru?<br \/>\nNav\u0161tivte n\u00e1s v na\u0161em centru &#8211;\u00a0<strong>p\u0159edv\u00e1d\u011bc\u00ed kuchyn\u011b Electrolux\u00a0<\/strong><strong>Professional v\u00a0Praze 4 &#8211; Mod\u0159anech.<br \/>\n<\/strong>Pod veden\u00edm \u0161pi\u010dkov\u00fdch lektor\u016f z nejlep\u0161\u00edch \u010desk\u00fdch\u00a0restaurac\u00ed\u00a0a ve spolupr\u00e1ci s t\u00fdmem <a href=\"https:\/\/www.electroluxprofessional.com\/cz\/chef-s-hub\/electrolux-chef-academy\/\"><strong>CzechChefs<\/strong><\/a>\u00a0 a t\u00fdmem <strong>Pink \u010cili<\/strong> si sami v praxi vyzkou\u0161\u00edte, \u017ee v\u00fdrobky Electrolux Professional ve spojen\u00ed s t\u011bmi nejlep\u0161\u00edmi \u0161\u00e9fkucha\u0159i dok\u00e1\u017e\u00ed \u00fapln\u00e9 z\u00e1zraky.[\/vc_column_text][\/vc_column][\/vc_row][vc_row][vc_column][vc_column_text]<\/p>\n<p>[\/vc_column_text][\/vc_column][\/vc_row][vc_row][vc_column width=&#8221;1\/3&#8243;][vc_empty_space][vc_single_image image=&#8221;2715&#8243; img_size=&#8221;300&#215;300&#8243; style=&#8221;vc_box_outline&#8221; border_color=&#8221;black&#8221; onclick=&#8221;custom_link&#8221; img_link_target=&#8221;_blank&#8221; link=&#8221;https:\/\/www.facebook.com\/CzechChefs\/&#8221;][\/vc_column][vc_column width=&#8221;1\/3&#8243;][vc_empty_space][vc_single_image image=&#8221;4077&#8243; img_size=&#8221;300&#215;300&#8243; style=&#8221;vc_box_border&#8221; onclick=&#8221;custom_link&#8221; img_link_target=&#8221;_blank&#8221; link=&#8221;https:\/\/www.pinkcili.cz\/o-nas&#8221;][\/vc_column][vc_column width=&#8221;1\/3&#8243;][vc_empty_space][vc_single_image image=&#8221;2699&#8243; img_size=&#8221;300&#215;300&#8243;][\/vc_column][\/vc_row][vc_row][\/vc_row][vc_column][\/vc_column][vc_empty_space][vc_row][vc_column css=&#8221;.vc_custom_1589226569106{background-color: #e5e5e5 !important;}&#8221;][vc_column_text]<\/p>\n<h6>Kurzy a semin\u00e1\u0159e jsou interaktivn\u00ed, kdy ka\u017ed\u00fd \u00fa\u010dastn\u00edk je zapojen do va\u0159en\u00ed. D\u00e9lka trv\u00e1n\u00ed semin\u00e1\u0159e je min. 3-4 hodiny. Ka\u017ed\u00fd \u00fa\u010dastn\u00edk kurzu si mimo nov\u011b z\u00edskan\u00fdch informac\u00ed a dovednost\u00ed odnese certifik\u00e1t o absolvov\u00e1n\u00ed kurzu a recepty.\u00a0\u00a0Semin\u00e1\u0159e jsou zpoplatn\u011bny. Pr\u00e1vo zm\u011bny vyhrazeno. Pro bli\u017e\u0161\u00ed informace pou\u017eijte kontaktn\u00ed formul\u00e1\u0159 a n\u00e1sledn\u011b obdr\u017e\u00edte ve\u0161ker\u00e9 detailn\u00ed informace o podm\u00ednk\u00e1ch \u00fa\u010dasti.<\/h6>\n<p>[\/vc_column_text][\/vc_column][\/vc_row]<\/p>\n","protected":false},"excerpt":{"rendered":"<p>[vc_row full_width=&#8221;electroluxpro-full-width&#8221;][vc_column][elx_hero_slider label_text_color=&#8221;inherit&#8221; images=&#8221;2281&#8243;][elx_heading text_color=&#8221;inherit&#8221;]Odborn\u00e9 praktick\u00e9 semin\u00e1\u0159e[\/elx_heading][\/elx_hero_slider][vc_empty_space][\/vc_column][\/vc_row][vc_row][vc_column][elx_heading font_container=&#8221;h1&#8243; font_size=&#8221;h3&#8243; text_color=&#8221;electrolux-blue&#8221; text_align=&#8221;text-left&#8221;]Novinky, inspirace, modern\u00ed technologie a postupy[\/elx_heading][vc_column_text]Hled\u00e1te inspiraci, \u010di zp\u016fsob, jak se p\u0159iu\u010dit od t\u011bch nejlep\u0161\u00edch z oboru? Nav\u0161tivte n\u00e1s v na\u0161em centru &#8211;\u00a0p\u0159edv\u00e1d\u011bc\u00ed kuchyn\u011b Electrolux\u00a0Professional v\u00a0Praze 4 &#8211; Mod\u0159anech. Pod veden\u00edm \u0161pi\u010dkov\u00fdch lektor\u016f z nejlep\u0161\u00edch \u010desk\u00fdch\u00a0restaurac\u00ed\u00a0a ve spolupr\u00e1ci s t\u00fdmem CzechChefs\u00a0 a t\u00fdmem Pink \u010cili [&hellip;]<\/p>\n","protected":false},"author":39,"featured_media":2281,"parent":0,"menu_order":0,"comment_status":"closed","ping_status":"closed","template":"template-seminars.php","meta":{"footnotes":""},"class_list":["post-5320","page","type-page","status-publish","has-post-thumbnail","hentry"],"acf":[],"yoast_head":"<!-- This site is optimized with the Yoast SEO plugin v23.3 - https:\/\/yoast.com\/wordpress\/plugins\/seo\/ -->\n<title>Semin\u00e1\u0159e Electrolux Professional - Electrolux Professional \u010cesk\u00e1 republika<\/title>\n<meta name=\"description\" content=\"Celebrity chefs from different parts of the world and the most eminent experts in the foodservice industry\" \/>\n<meta name=\"robots\" content=\"index, follow, max-snippet:-1, max-image-preview:large, max-video-preview:-1\" \/>\n<link rel=\"canonical\" href=\"https:\/\/www.electroluxprofessional.com\/cz\/seminars\/\" \/>\n<meta property=\"og:locale\" content=\"cs_CZ\" \/>\n<meta property=\"og:type\" content=\"article\" \/>\n<meta property=\"og:title\" content=\"Semin\u00e1\u0159e Electrolux Professional - Electrolux Professional \u010cesk\u00e1 republika\" \/>\n<meta property=\"og:description\" content=\"Celebrity chefs from different parts of the world and the most eminent experts in the foodservice industry\" \/>\n<meta property=\"og:url\" content=\"https:\/\/www.electroluxprofessional.com\/cz\/seminars\/\" \/>\n<meta property=\"og:site_name\" content=\"Electrolux Professional \u010cesk\u00e1 republika\" \/>\n<meta property=\"article:publisher\" content=\"https:\/\/www.facebook.com\/electroluxprofessional\" \/>\n<meta property=\"article:modified_time\" content=\"2020-05-27T08:18:45+00:00\" \/>\n<meta property=\"og:image\" content=\"https:\/\/www.electroluxprofessional.com\/cz\/wp-content\/uploads\/2016\/12\/web.jpg\" \/>\n\t<meta property=\"og:image:width\" content=\"1800\" \/>\n\t<meta property=\"og:image:height\" content=\"993\" \/>\n\t<meta property=\"og:image:type\" content=\"image\/jpeg\" \/>\n<meta name=\"twitter:card\" content=\"summary_large_image\" \/>\n<meta name=\"twitter:site\" content=\"@ElectroluxPro\" \/>\n<meta name=\"twitter:label1\" content=\"Odhadovan\u00e1 doba \u010dten\u00ed\" \/>\n\t<meta name=\"twitter:data1\" content=\"2 minuty\" \/>\n<script type=\"application\/ld+json\" class=\"yoast-schema-graph\">{\"@context\":\"https:\/\/schema.org\",\"@graph\":[{\"@type\":\"WebPage\",\"@id\":\"https:\/\/www.electroluxprofessional.com\/cz\/seminars\/\",\"url\":\"https:\/\/www.electroluxprofessional.com\/cz\/seminars\/\",\"name\":\"Semin\u00e1\u0159e Electrolux Professional - Electrolux Professional \u010cesk\u00e1 republika\",\"isPartOf\":{\"@id\":\"https:\/\/www.electroluxprofessional.com\/cz\/#website\"},\"primaryImageOfPage\":{\"@id\":\"https:\/\/www.electroluxprofessional.com\/cz\/seminars\/#primaryimage\"},\"image\":{\"@id\":\"https:\/\/www.electroluxprofessional.com\/cz\/seminars\/#primaryimage\"},\"thumbnailUrl\":\"https:\/\/www.electroluxprofessional.com\/cz\/wp-content\/uploads\/2016\/12\/web.jpg\",\"datePublished\":\"2020-04-21T14:03:19+00:00\",\"dateModified\":\"2020-05-27T08:18:45+00:00\",\"description\":\"Celebrity chefs from different parts of the world and the most eminent experts in the foodservice industry\",\"breadcrumb\":{\"@id\":\"https:\/\/www.electroluxprofessional.com\/cz\/seminars\/#breadcrumb\"},\"inLanguage\":\"cs\",\"potentialAction\":[{\"@type\":\"ReadAction\",\"target\":[\"https:\/\/www.electroluxprofessional.com\/cz\/seminars\/\"]}]},{\"@type\":\"ImageObject\",\"inLanguage\":\"cs\",\"@id\":\"https:\/\/www.electroluxprofessional.com\/cz\/seminars\/#primaryimage\",\"url\":\"https:\/\/www.electroluxprofessional.com\/cz\/wp-content\/uploads\/2016\/12\/web.jpg\",\"contentUrl\":\"https:\/\/www.electroluxprofessional.com\/cz\/wp-content\/uploads\/2016\/12\/web.jpg\",\"width\":1800,\"height\":993,\"caption\":\"Seminars - chef academy\"},{\"@type\":\"BreadcrumbList\",\"@id\":\"https:\/\/www.electroluxprofessional.com\/cz\/seminars\/#breadcrumb\",\"itemListElement\":[{\"@type\":\"ListItem\",\"position\":1,\"name\":\"Home\",\"item\":\"https:\/\/www.electroluxprofessional.com\/cz\/\"},{\"@type\":\"ListItem\",\"position\":2,\"name\":\"Semin\u00e1\u0159e Electrolux Professional\"}]},{\"@type\":\"WebSite\",\"@id\":\"https:\/\/www.electroluxprofessional.com\/cz\/#website\",\"url\":\"https:\/\/www.electroluxprofessional.com\/cz\/\",\"name\":\"Electrolux Professional \u010cesk\u00e1 republika\",\"description\":\"\",\"potentialAction\":[{\"@type\":\"SearchAction\",\"target\":{\"@type\":\"EntryPoint\",\"urlTemplate\":\"https:\/\/www.electroluxprofessional.com\/cz\/?src={search_term_string}\"},\"query-input\":\"required name=search_term_string\"}],\"inLanguage\":\"cs\"}]}<\/script>\n<!-- \/ Yoast SEO plugin. -->","yoast_head_json":{"title":"Semin\u00e1\u0159e Electrolux Professional - Electrolux Professional \u010cesk\u00e1 republika","description":"Celebrity chefs from different parts of the world and the most eminent experts in the foodservice industry","robots":{"index":"index","follow":"follow","max-snippet":"max-snippet:-1","max-image-preview":"max-image-preview:large","max-video-preview":"max-video-preview:-1"},"canonical":"https:\/\/www.electroluxprofessional.com\/cz\/seminars\/","og_locale":"cs_CZ","og_type":"article","og_title":"Semin\u00e1\u0159e Electrolux Professional - Electrolux Professional \u010cesk\u00e1 republika","og_description":"Celebrity chefs from different parts of the world and the most eminent experts in the foodservice industry","og_url":"https:\/\/www.electroluxprofessional.com\/cz\/seminars\/","og_site_name":"Electrolux Professional \u010cesk\u00e1 republika","article_publisher":"https:\/\/www.facebook.com\/electroluxprofessional","article_modified_time":"2020-05-27T08:18:45+00:00","og_image":[{"width":1800,"height":993,"url":"https:\/\/www.electroluxprofessional.com\/cz\/wp-content\/uploads\/2016\/12\/web.jpg","type":"image\/jpeg"}],"twitter_card":"summary_large_image","twitter_site":"@ElectroluxPro","twitter_misc":{"Odhadovan\u00e1 doba \u010dten\u00ed":"2 minuty"},"schema":{"@context":"https:\/\/schema.org","@graph":[{"@type":"WebPage","@id":"https:\/\/www.electroluxprofessional.com\/cz\/seminars\/","url":"https:\/\/www.electroluxprofessional.com\/cz\/seminars\/","name":"Semin\u00e1\u0159e Electrolux Professional - Electrolux Professional \u010cesk\u00e1 republika","isPartOf":{"@id":"https:\/\/www.electroluxprofessional.com\/cz\/#website"},"primaryImageOfPage":{"@id":"https:\/\/www.electroluxprofessional.com\/cz\/seminars\/#primaryimage"},"image":{"@id":"https:\/\/www.electroluxprofessional.com\/cz\/seminars\/#primaryimage"},"thumbnailUrl":"https:\/\/www.electroluxprofessional.com\/cz\/wp-content\/uploads\/2016\/12\/web.jpg","datePublished":"2020-04-21T14:03:19+00:00","dateModified":"2020-05-27T08:18:45+00:00","description":"Celebrity chefs from different parts of the world and the most eminent experts in the foodservice industry","breadcrumb":{"@id":"https:\/\/www.electroluxprofessional.com\/cz\/seminars\/#breadcrumb"},"inLanguage":"cs","potentialAction":[{"@type":"ReadAction","target":["https:\/\/www.electroluxprofessional.com\/cz\/seminars\/"]}]},{"@type":"ImageObject","inLanguage":"cs","@id":"https:\/\/www.electroluxprofessional.com\/cz\/seminars\/#primaryimage","url":"https:\/\/www.electroluxprofessional.com\/cz\/wp-content\/uploads\/2016\/12\/web.jpg","contentUrl":"https:\/\/www.electroluxprofessional.com\/cz\/wp-content\/uploads\/2016\/12\/web.jpg","width":1800,"height":993,"caption":"Seminars - chef academy"},{"@type":"BreadcrumbList","@id":"https:\/\/www.electroluxprofessional.com\/cz\/seminars\/#breadcrumb","itemListElement":[{"@type":"ListItem","position":1,"name":"Home","item":"https:\/\/www.electroluxprofessional.com\/cz\/"},{"@type":"ListItem","position":2,"name":"Semin\u00e1\u0159e Electrolux Professional"}]},{"@type":"WebSite","@id":"https:\/\/www.electroluxprofessional.com\/cz\/#website","url":"https:\/\/www.electroluxprofessional.com\/cz\/","name":"Electrolux Professional \u010cesk\u00e1 republika","description":"","potentialAction":[{"@type":"SearchAction","target":{"@type":"EntryPoint","urlTemplate":"https:\/\/www.electroluxprofessional.com\/cz\/?src={search_term_string}"},"query-input":"required name=search_term_string"}],"inLanguage":"cs"}]}},"_links":{"self":[{"href":"https:\/\/www.electroluxprofessional.com\/cz\/wp-json\/wp\/v2\/pages\/5320"}],"collection":[{"href":"https:\/\/www.electroluxprofessional.com\/cz\/wp-json\/wp\/v2\/pages"}],"about":[{"href":"https:\/\/www.electroluxprofessional.com\/cz\/wp-json\/wp\/v2\/types\/page"}],"author":[{"embeddable":true,"href":"https:\/\/www.electroluxprofessional.com\/cz\/wp-json\/wp\/v2\/users\/39"}],"replies":[{"embeddable":true,"href":"https:\/\/www.electroluxprofessional.com\/cz\/wp-json\/wp\/v2\/comments?post=5320"}],"version-history":[{"count":9,"href":"https:\/\/www.electroluxprofessional.com\/cz\/wp-json\/wp\/v2\/pages\/5320\/revisions"}],"predecessor-version":[{"id":5350,"href":"https:\/\/www.electroluxprofessional.com\/cz\/wp-json\/wp\/v2\/pages\/5320\/revisions\/5350"}],"wp:featuredmedia":[{"embeddable":true,"href":"https:\/\/www.electroluxprofessional.com\/cz\/wp-json\/wp\/v2\/media\/2281"}],"wp:attachment":[{"href":"https:\/\/www.electroluxprofessional.com\/cz\/wp-json\/wp\/v2\/media?parent=5320"}],"curies":[{"name":"wp","href":"https:\/\/api.w.org\/{rel}","templated":true}]}}