{"id":5291,"date":"2020-04-19T16:15:56","date_gmt":"2020-04-19T16:15:56","guid":{"rendered":"https:\/\/www.electroluxprofessional.com\/?page_id=7612"},"modified":"2025-10-21T11:48:46","modified_gmt":"2025-10-21T11:48:46","slug":"electrolux-chef-academy","status":"publish","type":"page","link":"https:\/\/www.electroluxprofessional.com\/cz\/electrolux-chef-academy\/","title":{"rendered":"Electrolux Professional Chef Academy"},"content":{"rendered":"<p>[vc_row full_width=&#8221;electroluxpro-full-width-no-padding&#8221;][vc_column][elx_image_block background_image=&#8221;2283&#8243; minimum_height=&#8221;350px&#8221;][\/vc_column][\/vc_row][vc_row][vc_column][elx_heading font_container=&#8221;h1&#8243; font_size=&#8221;h3&#8243; text_color=&#8221;inherit&#8221;]Electrolux Professional Chef Academy[\/elx_heading][elx_heading font_size=&#8221;h5&#8243; text_color=&#8221;inherit&#8221;]Akademie pro glob\u00e1ln\u00ed kulturu gastronomie[\/elx_heading][\/vc_column][\/vc_row][vc_row][vc_column][vc_empty_space][\/vc_column][\/vc_row][vc_row][vc_column width=&#8221;2\/3&#8243;][vc_column_text]<strong>Electrolux Professional Chef Academy<\/strong> je celosv\u011btov\u00fdm centrem inspirace. Tato glob\u00e1ln\u00ed s\u00ed\u0165, pod veden\u00edm t\u00fdmu <strong>zku\u0161en\u00fdch kulin\u00e1\u0159sk\u00fdch mentor\u016f a odborn\u00fdch kucha\u0159\u016f<\/strong>, je skute\u010dn\u011b jedine\u010dn\u00e1.<\/p>\n<p>Jsou\u00a0<strong>pln\u011b odhodl\u00e1ni naslouchat a p\u0159edv\u00eddat pot\u0159eby a o\u010dek\u00e1v\u00e1n\u00ed z\u00e1kazn\u00edk\u016f<\/strong> a poskytovat jim nejvhodn\u011bj\u0161\u00ed odpov\u011b\u010f pro rozvoj a rozvoj jejich podnik\u00e1n\u00ed.<\/p>\n<p><a href=\"https:\/\/www.electroluxprofessional.com\/cz\/pro-kuchare\/seminare_electrolux_czechchefs_pinkcili_cz\/\">Nav\u0161tivte n\u00e1s v \u010desk\u00e9m centru p\u0159edv\u00e1d\u011bc\u00ed kuchyn\u011b<\/a>\u00a0.<br \/>\nPod veden\u00edm \u0161pi\u010dkov\u00fdch lektor\u016f z nejlep\u0161\u00edch \u010desk\u00fdch\u00a0restaurac\u00ed a ve spolupr\u00e1ci s t\u00fdmem\u00a0<strong>CzechChefs<\/strong>\u00a0 a t\u00fdmem\u00a0<strong>Pink \u010cili<\/strong>\u00a0si sami v praxi vyzkou\u0161\u00edte, \u017ee v\u00fdrobky Electrolux Professional ve spojen\u00ed s t\u011bmi nejlep\u0161\u00edmi \u0161\u00e9fkucha\u0159i dok\u00e1\u017e\u00ed \u00fapln\u00e9 z\u00e1zraky.[\/vc_column_text][vc_empty_space][vc_column_text]&#8230; Akademie Electrolux Professional Chef Academy se zrodila, aby p\u0159edstavila nov\u00fd zp\u016fsob podnik\u00e1n\u00ed, jeho\u017e slo\u017ekami je neust\u00e1l\u00fd dialog se z\u00e1kazn\u00edky a vzd\u011bl\u00e1vac\u00ed nab\u00eddka vzd\u011bl\u00e1v\u00e1n\u00ed na pracovi\u0161ti.<\/p>\n<p>B\u011bhem \u017eiv\u00fdch uk\u00e1zek va\u0159en\u00ed a prezentac\u00ed produkt\u016f, kter\u00e9 po\u0159\u00e1daj\u00ed kucha\u0159i, je <strong>ka\u017ed\u00fd v\u00edt\u00e1n ke sd\u00edlen\u00ed n\u00e1pad\u016f, osv\u011bd\u010den\u00fdch postup\u016f a v\u00fdzev.<\/strong>\u00a0 \u0158e\u0161en\u00ed jsou testov\u00e1na a vyv\u00edjena na z\u00e1klad\u011b praktick\u00fdch zku\u0161enost\u00ed.[\/vc_column_text][\/vc_column][vc_column width=&#8221;1\/3&#8243;][vc_single_image image=&#8221;8847&#8243; img_size=&#8221;full&#8221;][vc_empty_space][\/vc_column][\/vc_row][vc_row][vc_column][vc_empty_space][elx_heading font_container=&#8221;h3&#8243; text_color=&#8221;inherit&#8221;]Zarezervujte si sv\u016fj semin\u00e1\u0159 je\u0161t\u011b dnes[\/elx_heading][elx_o2000_contact_us s=&#8221;\u017d\u00e1dost o informace o kucha\u0159sk\u00fdch semin\u00e1\u0159\u00edch&#8221; country=&#8221;Czech Republic&#8221; r=&#8221;Cht\u011bl bych se dozv\u011bd\u011bt v\u00edce o va\u0161ich kucha\u0159sk\u00fdch smin\u00e1\u0159\u00edch, pros\u00edm kontaktujte m\u011b&#8230;&#8221; l=&#8221;cz&#8221;][vc_empty_space][\/vc_column][\/vc_row][vc_row][vc_column width=&#8221;1\/3&#8243;][elx_maylike_box id_box=&#8221;2842&#8243;][\/vc_column][vc_column width=&#8221;1\/3&#8243;][elx_maylike_box id_box=&#8221;3209&#8243;][\/vc_column][vc_column width=&#8221;1\/3&#8243;][elx_maylike_box id_box=&#8221;2844&#8243;][\/vc_column][\/vc_row]<\/p>\n","protected":false},"excerpt":{"rendered":"<p>[vc_row full_width=&#8221;electroluxpro-full-width-no-padding&#8221;][vc_column][elx_image_block background_image=&#8221;2283&#8243; minimum_height=&#8221;350px&#8221;][\/vc_column][\/vc_row][vc_row][vc_column][elx_heading font_container=&#8221;h1&#8243; font_size=&#8221;h3&#8243; text_color=&#8221;inherit&#8221;]Electrolux Professional Chef Academy[\/elx_heading][elx_heading font_size=&#8221;h5&#8243; text_color=&#8221;inherit&#8221;]Akademie pro glob\u00e1ln\u00ed kulturu gastronomie[\/elx_heading][\/vc_column][\/vc_row][vc_row][vc_column][vc_empty_space][\/vc_column][\/vc_row][vc_row][vc_column width=&#8221;2\/3&#8243;][vc_column_text]Electrolux Professional Chef Academy je celosv\u011btov\u00fdm centrem inspirace. Tato glob\u00e1ln\u00ed s\u00ed\u0165, pod veden\u00edm t\u00fdmu zku\u0161en\u00fdch kulin\u00e1\u0159sk\u00fdch mentor\u016f a odborn\u00fdch kucha\u0159\u016f, je skute\u010dn\u011b jedine\u010dn\u00e1. Jsou\u00a0pln\u011b odhodl\u00e1ni naslouchat a p\u0159edv\u00eddat pot\u0159eby a o\u010dek\u00e1v\u00e1n\u00ed z\u00e1kazn\u00edk\u016f a poskytovat jim nejvhodn\u011bj\u0161\u00ed odpov\u011b\u010f pro rozvoj [&hellip;]<\/p>\n","protected":false},"author":39,"featured_media":2283,"parent":0,"menu_order":0,"comment_status":"closed","ping_status":"closed","template":"","meta":{"footnotes":""},"class_list":["post-5291","page","type-page","status-publish","has-post-thumbnail","hentry"],"acf":[],"yoast_head":"<!-- This site is optimized with the Yoast SEO plugin v23.3 - https:\/\/yoast.com\/wordpress\/plugins\/seo\/ -->\n<title>Electrolux Professional Chef Academy - Electrolux Professional \u010cesk\u00e1 republika<\/title>\n<meta name=\"description\" content=\"Electrolux Chef Academy: sixty chefs all over the world who consult, listen and train during seminars. Discover the unique global network of professionals.\" \/>\n<meta name=\"robots\" content=\"index, follow, max-snippet:-1, max-image-preview:large, max-video-preview:-1\" \/>\n<link rel=\"canonical\" href=\"https:\/\/www.electroluxprofessional.com\/cz\/electrolux-chef-academy\/\" \/>\n<meta property=\"og:locale\" content=\"cs_CZ\" \/>\n<meta property=\"og:type\" content=\"article\" \/>\n<meta property=\"og:title\" content=\"Electrolux Professional Chef Academy - Electrolux Professional \u010cesk\u00e1 republika\" \/>\n<meta property=\"og:description\" content=\"Electrolux Chef Academy: sixty chefs all over the world who consult, listen and train during seminars. Discover the unique global network of professionals.\" \/>\n<meta property=\"og:url\" content=\"https:\/\/www.electroluxprofessional.com\/cz\/electrolux-chef-academy\/\" \/>\n<meta property=\"og:site_name\" content=\"Electrolux Professional \u010cesk\u00e1 republika\" \/>\n<meta property=\"article:publisher\" content=\"https:\/\/www.facebook.com\/electroluxprofessional\" \/>\n<meta property=\"article:modified_time\" content=\"2025-10-21T11:48:46+00:00\" \/>\n<meta property=\"og:image\" content=\"https:\/\/www.electroluxprofessional.com\/cz\/wp-content\/uploads\/2016\/12\/recipe.jpg\" \/>\n\t<meta property=\"og:image:width\" content=\"2000\" \/>\n\t<meta property=\"og:image:height\" content=\"1331\" \/>\n\t<meta property=\"og:image:type\" content=\"image\/jpeg\" \/>\n<meta name=\"twitter:card\" content=\"summary_large_image\" \/>\n<meta name=\"twitter:site\" content=\"@ElectroluxPro\" \/>\n<meta name=\"twitter:label1\" content=\"Odhadovan\u00e1 doba \u010dten\u00ed\" \/>\n\t<meta name=\"twitter:data1\" content=\"2 minuty\" \/>\n<script type=\"application\/ld+json\" class=\"yoast-schema-graph\">{\"@context\":\"https:\/\/schema.org\",\"@graph\":[{\"@type\":\"WebPage\",\"@id\":\"https:\/\/www.electroluxprofessional.com\/cz\/electrolux-chef-academy\/\",\"url\":\"https:\/\/www.electroluxprofessional.com\/cz\/electrolux-chef-academy\/\",\"name\":\"Electrolux Professional Chef Academy - Electrolux Professional \u010cesk\u00e1 republika\",\"isPartOf\":{\"@id\":\"https:\/\/www.electroluxprofessional.com\/cz\/#website\"},\"primaryImageOfPage\":{\"@id\":\"https:\/\/www.electroluxprofessional.com\/cz\/electrolux-chef-academy\/#primaryimage\"},\"image\":{\"@id\":\"https:\/\/www.electroluxprofessional.com\/cz\/electrolux-chef-academy\/#primaryimage\"},\"thumbnailUrl\":\"https:\/\/www.electroluxprofessional.com\/cz\/wp-content\/uploads\/2016\/12\/recipe.jpg\",\"datePublished\":\"2020-04-19T16:15:56+00:00\",\"dateModified\":\"2025-10-21T11:48:46+00:00\",\"description\":\"Electrolux Chef Academy: sixty chefs all over the world who consult, listen and train during seminars. Discover the unique global network of professionals.\",\"breadcrumb\":{\"@id\":\"https:\/\/www.electroluxprofessional.com\/cz\/electrolux-chef-academy\/#breadcrumb\"},\"inLanguage\":\"cs\",\"potentialAction\":[{\"@type\":\"ReadAction\",\"target\":[\"https:\/\/www.electroluxprofessional.com\/cz\/electrolux-chef-academy\/\"]}]},{\"@type\":\"ImageObject\",\"inLanguage\":\"cs\",\"@id\":\"https:\/\/www.electroluxprofessional.com\/cz\/electrolux-chef-academy\/#primaryimage\",\"url\":\"https:\/\/www.electroluxprofessional.com\/cz\/wp-content\/uploads\/2016\/12\/recipe.jpg\",\"contentUrl\":\"https:\/\/www.electroluxprofessional.com\/cz\/wp-content\/uploads\/2016\/12\/recipe.jpg\",\"width\":2000,\"height\":1331,\"caption\":\"Electrolux Professional chef academy\"},{\"@type\":\"BreadcrumbList\",\"@id\":\"https:\/\/www.electroluxprofessional.com\/cz\/electrolux-chef-academy\/#breadcrumb\",\"itemListElement\":[{\"@type\":\"ListItem\",\"position\":1,\"name\":\"Home\",\"item\":\"https:\/\/www.electroluxprofessional.com\/cz\/\"},{\"@type\":\"ListItem\",\"position\":2,\"name\":\"Electrolux Professional Chef Academy\"}]},{\"@type\":\"WebSite\",\"@id\":\"https:\/\/www.electroluxprofessional.com\/cz\/#website\",\"url\":\"https:\/\/www.electroluxprofessional.com\/cz\/\",\"name\":\"Electrolux Professional \u010cesk\u00e1 republika\",\"description\":\"\",\"potentialAction\":[{\"@type\":\"SearchAction\",\"target\":{\"@type\":\"EntryPoint\",\"urlTemplate\":\"https:\/\/www.electroluxprofessional.com\/cz\/?src={search_term_string}\"},\"query-input\":\"required name=search_term_string\"}],\"inLanguage\":\"cs\"}]}<\/script>\n<!-- \/ Yoast SEO plugin. -->","yoast_head_json":{"title":"Electrolux Professional Chef Academy - Electrolux Professional \u010cesk\u00e1 republika","description":"Electrolux Chef Academy: sixty chefs all over the world who consult, listen and train during seminars. Discover the unique global network of professionals.","robots":{"index":"index","follow":"follow","max-snippet":"max-snippet:-1","max-image-preview":"max-image-preview:large","max-video-preview":"max-video-preview:-1"},"canonical":"https:\/\/www.electroluxprofessional.com\/cz\/electrolux-chef-academy\/","og_locale":"cs_CZ","og_type":"article","og_title":"Electrolux Professional Chef Academy - Electrolux Professional \u010cesk\u00e1 republika","og_description":"Electrolux Chef Academy: sixty chefs all over the world who consult, listen and train during seminars. Discover the unique global network of professionals.","og_url":"https:\/\/www.electroluxprofessional.com\/cz\/electrolux-chef-academy\/","og_site_name":"Electrolux Professional \u010cesk\u00e1 republika","article_publisher":"https:\/\/www.facebook.com\/electroluxprofessional","article_modified_time":"2025-10-21T11:48:46+00:00","og_image":[{"width":2000,"height":1331,"url":"https:\/\/www.electroluxprofessional.com\/cz\/wp-content\/uploads\/2016\/12\/recipe.jpg","type":"image\/jpeg"}],"twitter_card":"summary_large_image","twitter_site":"@ElectroluxPro","twitter_misc":{"Odhadovan\u00e1 doba \u010dten\u00ed":"2 minuty"},"schema":{"@context":"https:\/\/schema.org","@graph":[{"@type":"WebPage","@id":"https:\/\/www.electroluxprofessional.com\/cz\/electrolux-chef-academy\/","url":"https:\/\/www.electroluxprofessional.com\/cz\/electrolux-chef-academy\/","name":"Electrolux Professional Chef Academy - Electrolux Professional \u010cesk\u00e1 republika","isPartOf":{"@id":"https:\/\/www.electroluxprofessional.com\/cz\/#website"},"primaryImageOfPage":{"@id":"https:\/\/www.electroluxprofessional.com\/cz\/electrolux-chef-academy\/#primaryimage"},"image":{"@id":"https:\/\/www.electroluxprofessional.com\/cz\/electrolux-chef-academy\/#primaryimage"},"thumbnailUrl":"https:\/\/www.electroluxprofessional.com\/cz\/wp-content\/uploads\/2016\/12\/recipe.jpg","datePublished":"2020-04-19T16:15:56+00:00","dateModified":"2025-10-21T11:48:46+00:00","description":"Electrolux Chef Academy: sixty chefs all over the world who consult, listen and train during seminars. Discover the unique global network of professionals.","breadcrumb":{"@id":"https:\/\/www.electroluxprofessional.com\/cz\/electrolux-chef-academy\/#breadcrumb"},"inLanguage":"cs","potentialAction":[{"@type":"ReadAction","target":["https:\/\/www.electroluxprofessional.com\/cz\/electrolux-chef-academy\/"]}]},{"@type":"ImageObject","inLanguage":"cs","@id":"https:\/\/www.electroluxprofessional.com\/cz\/electrolux-chef-academy\/#primaryimage","url":"https:\/\/www.electroluxprofessional.com\/cz\/wp-content\/uploads\/2016\/12\/recipe.jpg","contentUrl":"https:\/\/www.electroluxprofessional.com\/cz\/wp-content\/uploads\/2016\/12\/recipe.jpg","width":2000,"height":1331,"caption":"Electrolux Professional chef academy"},{"@type":"BreadcrumbList","@id":"https:\/\/www.electroluxprofessional.com\/cz\/electrolux-chef-academy\/#breadcrumb","itemListElement":[{"@type":"ListItem","position":1,"name":"Home","item":"https:\/\/www.electroluxprofessional.com\/cz\/"},{"@type":"ListItem","position":2,"name":"Electrolux Professional Chef Academy"}]},{"@type":"WebSite","@id":"https:\/\/www.electroluxprofessional.com\/cz\/#website","url":"https:\/\/www.electroluxprofessional.com\/cz\/","name":"Electrolux Professional \u010cesk\u00e1 republika","description":"","potentialAction":[{"@type":"SearchAction","target":{"@type":"EntryPoint","urlTemplate":"https:\/\/www.electroluxprofessional.com\/cz\/?src={search_term_string}"},"query-input":"required name=search_term_string"}],"inLanguage":"cs"}]}},"_links":{"self":[{"href":"https:\/\/www.electroluxprofessional.com\/cz\/wp-json\/wp\/v2\/pages\/5291"}],"collection":[{"href":"https:\/\/www.electroluxprofessional.com\/cz\/wp-json\/wp\/v2\/pages"}],"about":[{"href":"https:\/\/www.electroluxprofessional.com\/cz\/wp-json\/wp\/v2\/types\/page"}],"author":[{"embeddable":true,"href":"https:\/\/www.electroluxprofessional.com\/cz\/wp-json\/wp\/v2\/users\/39"}],"replies":[{"embeddable":true,"href":"https:\/\/www.electroluxprofessional.com\/cz\/wp-json\/wp\/v2\/comments?post=5291"}],"version-history":[{"count":7,"href":"https:\/\/www.electroluxprofessional.com\/cz\/wp-json\/wp\/v2\/pages\/5291\/revisions"}],"predecessor-version":[{"id":13855,"href":"https:\/\/www.electroluxprofessional.com\/cz\/wp-json\/wp\/v2\/pages\/5291\/revisions\/13855"}],"wp:featuredmedia":[{"embeddable":true,"href":"https:\/\/www.electroluxprofessional.com\/cz\/wp-json\/wp\/v2\/media\/2283"}],"wp:attachment":[{"href":"https:\/\/www.electroluxprofessional.com\/cz\/wp-json\/wp\/v2\/media?parent=5291"}],"curies":[{"name":"wp","href":"https:\/\/api.w.org\/{rel}","templated":true}]}}