{"id":5274,"date":"2020-05-10T20:18:46","date_gmt":"2020-05-10T20:18:46","guid":{"rendered":"https:\/\/www.electroluxprofessional.com\/?page_id=25505"},"modified":"2025-10-21T14:03:08","modified_gmt":"2025-10-21T14:03:08","slug":"centers-of-excellence-electrolux-professional","status":"publish","type":"page","link":"https:\/\/www.electroluxprofessional.com\/cz\/centers-of-excellence-electrolux-professional\/","title":{"rendered":"P\u0159edv\u00e1d\u011bc\u00ed st\u0159ediska &#8211; Centers of Excellence Electrolux Professional"},"content":{"rendered":"<p>[vc_row full_width=&#8221;electroluxpro-full-width-no-padding&#8221;][vc_column][vc_single_image image=&#8221;5268&#8243; img_size=&#8221;full&#8221; alignment=&#8221;center&#8221;][\/vc_column][\/vc_row][vc_row][vc_column][vc_empty_space height=&#8221;16px&#8221;][elx_heading font_container=&#8221;h1&#8243; text_color=&#8221;inherit&#8221;]P\u0159edv\u00e1d\u011bc\u00ed st\u0159ediska[\/elx_heading][vc_empty_space height=&#8221;16px&#8221;][\/vc_column][\/vc_row][vc_row][vc_column width=&#8221;2\/3&#8243;][vc_column_text]Nab\u00edzet z\u00e1kazn\u00edk\u016fm<strong> inovativn\u00ed koncepty \u0161kolen\u00ed<\/strong> a <strong>nezapomenuteln\u00e9 zku\u0161enosti<\/strong> s jeho zna\u010dkou a \u0159e\u0161en\u00edmi, je z\u00e1vazek pro Electrolux Professional.<\/p>\n<p>Kdy\u017e se kulin\u00e1\u0159sk\u00e1 kultura a technologie setk\u00e1vaj\u00ed, v\u00fdsledkem je vzd\u011bl\u00e1vac\u00ed metoda zalo\u017een\u00e1 na zku\u0161enostech a dialogu se z\u00e1kazn\u00edky a <strong>v\u011bnovan\u00e1 profesion\u00e1l\u016fm<\/strong>, kte\u0159\u00ed jsou vystaveni tv\u00e1\u0159\u00ed v tv\u00e1\u0159 podnik\u00e1n\u00ed s odli\u0161n\u00fdm p\u0159\u00edstupem.[\/vc_column_text][\/vc_column][vc_column width=&#8221;1\/3&#8243;][vc_empty_space height=&#8221;16px&#8221;][vc_single_image image=&#8221;5180&#8243; img_size=&#8221;full&#8221;][\/vc_column][\/vc_row][vc_row][vc_column][vc_row_inner][vc_column_inner][vc_empty_space][elx_heading font_size=&#8221;h1&#8243; text_color=&#8221;inherit&#8221; text_align=&#8221;text-center&#8221;]Celosv\u011btov\u00e1 s\u00ed\u0165 Centers of Excellence[\/elx_heading][vc_empty_space][vc_column_text]<\/p>\n<p style=\"text-align: center;\">Klikn\u011bte na mapu a pro\u017eijte<br \/>\n3D z\u00e1\u017eitek uvnit\u0159 p\u0159edv\u00e1d\u011bc\u00edho centra<\/p>\n<p>[\/vc_column_text][vc_single_image image=&#8221;9345&#8243; img_size=&#8221;full&#8221; alignment=&#8221;center&#8221; onclick=&#8221;custom_link&#8221; link=&#8221;https:\/\/www.electroluxprofessional.com\/cz\/chef-s-hub\/centers-of-excellence-electrolux-professional-virtual-tour\/&#8221;][\/vc_column_inner][\/vc_row_inner][\/vc_column][\/vc_row][vc_row][vc_column][vc_empty_space][vc_column_text]<strong>V \u010cesk\u00e9 Republice m\u016f\u017eete nav\u0161t\u00edvit p\u0159edv\u00e1d\u011bc\u00ed centrum kuchyn\u00ed\u00a0v Praze 4, Mod\u0159anech.<\/strong><\/p>\n<p>P\u0159edv\u00e1d\u011bc\u00ed centra &#8211; <strong>Centers of Excellence\u00a0<\/strong><b>Electrolux Professional <\/b>&#8211; showroomy a \u0161kolic\u00ed za\u0159\u00edzen\u00ed <strong>najdete po cel\u00e9m sv\u011bt\u011b<\/strong>.<\/p>\n<p>Centra jsou vybavena nejinovativn\u011bj\u0161\u00edmi a nejreprezentativn\u011bj\u0161\u00edmi \u0159e\u0161en\u00edmi v oblasti <strong>gastronomie, n\u00e1poj\u016f a pr\u00e1delen<\/strong>, co\u017e dokazuje jejich pln\u00fd potenci\u00e1l, a odr\u00e1\u017e\u00ed tak posl\u00e1n\u00ed spole\u010dnosti b\u00fdt d\u016fv\u011bryhodn\u00fdm partnerem The OnE, co\u017e usnad\u0148uje, ziskovou &#8211; a trvale udr\u017eitelnou pr\u00e1ci z\u00e1kazn\u00edk\u016f &#8211; jejich pracovn\u00ed \u017eivot.[\/vc_column_text][\/vc_column][\/vc_row][vc_row][vc_column][vc_empty_space height=&#8221;16px&#8221;][elx_heading text_color=&#8221;inherit&#8221;]Pro\u017eijte pln\u00fd chu\u0165ov\u00fd z\u00e1\u017eitek ve \u0161kol\u00edc\u00ed kuchyni[\/elx_heading][vc_empty_space height=&#8221;16px&#8221;][\/vc_column][\/vc_row][vc_row][vc_column][vc_column_text]St\u0159ediska\u00a0<strong>Center of Excellence<\/strong> jsou navr\u017eena tak, aby nab\u00eddla <strong>kompletn\u00ed a mimo\u0159\u00e1dn\u011b c\u00edlen\u00fd z\u00e1\u017eitek<\/strong>. Host\u00e9 jsou vyzv\u00e1ni k hlubok\u00e9mu pono\u0159en\u00ed do cel\u00e9ho portfolia produkt\u016f Electrolux Professional a p\u00e9\u010de o z\u00e1kazn\u00edky, <strong>objevov\u00e1n\u00ed st\u011b\u017eejn\u00edch inovac\u00ed<\/strong> v oblasti gastronomie, n\u00e1poj\u016f a pr\u00e1delen a pot\u011b\u0161en\u00ed ze\u00a0<strong><a href=\"https:\/\/www.electroluxprofessional.com\/cz\/pro-kuchare\/seminare_electrolux_czechchefs_pinkcili_cz\/\">semin\u00e1\u0159\u016f, akc\u00ed a \u017eiv\u00fdch uk\u00e1zek<\/a> ve \u0161kolic\u00edch kuchyn\u00edch<\/strong>.[\/vc_column_text][vc_empty_space][\/vc_column][\/vc_row][vc_row][vc_column width=&#8221;1\/4&#8243;][elx_image_block background_image=&#8221;5261&#8243; minimum_height=&#8221;300px&#8221;][\/vc_column][vc_column width=&#8221;1\/4&#8243;][elx_image_block background_image=&#8221;5262&#8243; minimum_height=&#8221;300px&#8221;][\/vc_column][vc_column width=&#8221;1\/4&#8243;][elx_image_block background_image=&#8221;5263&#8243; minimum_height=&#8221;300px&#8221;][\/vc_column][vc_column width=&#8221;1\/4&#8243;][elx_image_block background_image=&#8221;5264&#8243; minimum_height=&#8221;300px&#8221;][\/vc_column][\/vc_row][vc_row disable_element=&#8221;yes&#8221;][vc_column width=&#8221;1\/2&#8243;][elx_image_block background_image=&#8221;5265&#8243; minimum_height=&#8221;300px&#8221;][\/vc_column][vc_column width=&#8221;1\/2&#8243;][elx_image_block background_image=&#8221;5266&#8243; minimum_height=&#8221;300px&#8221;][\/vc_column][\/vc_row][vc_row][vc_column][vc_empty_space][vc_column_text]K dispozici je t\u00fdm \u0161\u00e9fkucha\u0159\u016f z <a href=\"https:\/\/www.electroluxprofessional.com\/cz\/electrolux-chef-academy\/\">Electrolux Professional Chef Academy<\/a>\u00a0&#8211; a \u0159ada odborn\u00edk\u016f na produktov\u00e9 a z\u00e1kaznick\u00e9 segmenty &#8211; pro formov\u00e1n\u00ed cesty n\u00e1v\u0161t\u011bvn\u00edka podle jeho pot\u0159eb a o\u010dek\u00e1v\u00e1n\u00ed. Ka\u017ed\u00e1 zku\u0161enost ve st\u0159edisc\u00edch\u00a0 <strong>Center of Excelence<\/strong> je proto <strong>jedine\u010dn\u00e1 &#8211; p\u0159izp\u016fsoben\u00e1 po\u017eadavk\u016fm z\u00e1kazn\u00edk\u016f<\/strong> a vyv\u00edjena tak, aby co nejl\u00e9pe odpov\u00eddala jejich obchodn\u00edm priorit\u00e1m, a\u0165 u\u017e jsou kdekoli na sv\u011bt\u011b.<\/p>\n<p>Tato st\u0159ediska jsou nav\u00edc<strong> glob\u00e1ln\u00edmi centry<\/strong>, v nich\u017e nejnov\u011bj\u0161\u00ed trendy v oblasti potravin nach\u00e1zej\u00ed vyu\u017eit\u00ed prostoru, <strong>vytv\u00e1\u0159en\u00ed s\u00edt\u00ed a mo\u017enost\u00ed u\u010den\u00ed<\/strong>, m\u016f\u017ee se spojit v\u00edce kulin\u00e1\u0159sk\u00fdch kultur a tradic, sd\u00edlet n\u00e1pady a p\u0159edn\u00ed techniky.[\/vc_column_text][vc_empty_space][\/vc_column][\/vc_row][vc_row][vc_column width=&#8221;1\/3&#8243;][vc_single_image image=&#8221;5270&#8243; img_size=&#8221;full&#8221; alignment=&#8221;center&#8221;][\/vc_column][vc_column width=&#8221;1\/3&#8243;][vc_single_image image=&#8221;5271&#8243; img_size=&#8221;full&#8221; alignment=&#8221;center&#8221;][\/vc_column][vc_column width=&#8221;1\/3&#8243;][vc_single_image image=&#8221;5272&#8243; img_size=&#8221;full&#8221; alignment=&#8221;center&#8221;][\/vc_column][\/vc_row][vc_row][vc_column][vc_empty_space][elx_heading text_color=&#8221;inherit&#8221;]P\u0159edv\u00e1d\u011bc\u00ed st\u0159edisko Center of Excellence v It\u00e1lii[\/elx_heading][vc_empty_space][\/vc_column][\/vc_row][vc_row][vc_column width=&#8221;1\/2&#8243;][vc_column_text]Center of Excellence v It\u00e1lii se nach\u00e1z\u00ed ve m\u011bst\u011b\u00a0Vallenoncello, provincie\u00a0 Pordenone. Jedn\u00e1 se o<strong> vlajkovou lo\u010f o plo\u0161e cca 3 500 m2<\/strong> a je pln\u011b v\u011bnov\u00e1na vzd\u011bl\u00e1vac\u00edm aktivit\u00e1m a p\u0159edv\u00e1d\u011bc\u00edm s\u00e1l\u016fm a zobrazuje celou \u0159adu za\u0159\u00edzen\u00ed oblasti gastronomie, n\u00e1pojov\u00fdch automat\u016f a pr\u00e1delen.<\/p>\n<p>T\u011bchto <strong>5 pln\u011b vybaven\u00fdch kuchyn\u00ed<\/strong> je modern\u00edm a funk\u010dn\u00edm prost\u0159ed\u00edm, ve kter\u00e9m mohou host\u00e9 <strong>\u201eochutnat\u201c<\/strong> pot\u011b\u0161en\u00ed z pr\u016flomov\u00e9ho konceptu \u0161kolen\u00ed veden\u00e9ho <a href=\"https:\/\/www.electroluxprofessional.com\/cz\/chef-s-hub\/electrolux-chef-academy\/\"><strong>Electrolux Professional Chef Academy<\/strong><\/a> a t\u00fdmem odborn\u00edk\u016f na produktov\u00e9 a z\u00e1kaznick\u00e9 segmenty.[\/vc_column_text][\/vc_column][vc_column width=&#8221;1\/2&#8243;][elx_image_block background_image=&#8221;5267&#8243; minimum_height=&#8221;300px&#8221;][vc_empty_space][\/vc_column][\/vc_row][vc_row][vc_column width=&#8221;1\/2&#8243;][elx_simple_link_block link=&#8221;Enter the link of the block&#8221; text_align=&#8221;text-left&#8221; text_color=&#8221;inherit&#8221; background_color=&#8221;inherit&#8221; background_hover_color=&#8221;darker-hover&#8221; extra_class=&#8221;&#8221; reveal_effect=&#8221;&#8221; reveal_duration=&#8221;&#8221; reveal_delay=&#8221;&#8221;][vc_single_image image=&#8221;5273&#8243; img_size=&#8221;full&#8221;][\/elx_simple_link_block][\/vc_column][vc_column width=&#8221;1\/2&#8243;][vc_column_text]<strong>Uk\u00e1zky va\u0159en\u00ed<\/strong> jsou jedine\u010dnou p\u0159\u00edle\u017eitost\u00ed ke sd\u00edlen\u00ed zku\u0161enost\u00ed, sb\u00edr\u00e1n\u00ed n\u00e1pad\u016f a objevov\u00e1n\u00ed toho, jak m\u016f\u017ee b\u00fdt pracovn\u00ed \u017eivot v kuchyni snaz\u0161\u00ed, bezpe\u010dn\u011bj\u0161\u00ed, veselej\u0161\u00ed &#8211; a tud\u00ed\u017e v\u00fdnosn\u011bj\u0161\u00ed &#8211; d\u00edky \u0159e\u0161en\u00ed Electrolux Professional.[\/vc_column_text][vc_empty_space height=&#8221;64px&#8221;][vc_column_text]Obra\u0165te se na <a href=\"https:\/\/www.electroluxprofessional.com\/cz\/contact-us\/\">nejbli\u017e\u0161\u00edho obchodn\u00edho z\u00e1stupce<\/a> a nav\u0161tivte na\u0161e p\u0159edv\u00e1d\u011bc\u00ed centrum &#8211; P\u0159edv\u00e1d\u011bc\u00ed kuchyn\u011b.<\/p>\n<p><strong>Objevte sv\u011bt p\u0159\u00edle\u017eitost\u00ed, kter\u00e9 jsme pro v\u00e1s p\u0159ipravili.<\/strong>[\/vc_column_text][\/vc_column][\/vc_row][vc_row][vc_column][vc_empty_space][elx_heading font_container=&#8221;h3&#8243; text_color=&#8221;inherit&#8221;]Prohl\u00e9dn\u011bte si tak\u00e9[\/elx_heading][\/vc_column][\/vc_row][vc_row][vc_column width=&#8221;1\/3&#8243;][elx_maylike_box id_box=&#8221;2935&#8243;][\/vc_column][vc_column width=&#8221;1\/3&#8243;][elx_maylike_box id_box=&#8221;2846&#8243;][\/vc_column][vc_column width=&#8221;1\/3&#8243;][elx_maylike_box id_box=&#8221;2844&#8243;][\/vc_column][\/vc_row]<\/p>\n","protected":false},"excerpt":{"rendered":"<p>[vc_row full_width=&#8221;electroluxpro-full-width-no-padding&#8221;][vc_column][vc_single_image image=&#8221;5268&#8243; img_size=&#8221;full&#8221; alignment=&#8221;center&#8221;][\/vc_column][\/vc_row][vc_row][vc_column][vc_empty_space height=&#8221;16px&#8221;][elx_heading font_container=&#8221;h1&#8243; text_color=&#8221;inherit&#8221;]P\u0159edv\u00e1d\u011bc\u00ed st\u0159ediska[\/elx_heading][vc_empty_space height=&#8221;16px&#8221;][\/vc_column][\/vc_row][vc_row][vc_column width=&#8221;2\/3&#8243;][vc_column_text]Nab\u00edzet z\u00e1kazn\u00edk\u016fm inovativn\u00ed koncepty \u0161kolen\u00ed a nezapomenuteln\u00e9 zku\u0161enosti s jeho zna\u010dkou a \u0159e\u0161en\u00edmi, je z\u00e1vazek pro Electrolux Professional. Kdy\u017e se kulin\u00e1\u0159sk\u00e1 kultura a technologie setk\u00e1vaj\u00ed, v\u00fdsledkem je vzd\u011bl\u00e1vac\u00ed metoda zalo\u017een\u00e1 na zku\u0161enostech a dialogu se z\u00e1kazn\u00edky a v\u011bnovan\u00e1 profesion\u00e1l\u016fm, kte\u0159\u00ed jsou vystaveni tv\u00e1\u0159\u00ed v tv\u00e1\u0159 [&hellip;]<\/p>\n","protected":false},"author":39,"featured_media":0,"parent":0,"menu_order":0,"comment_status":"closed","ping_status":"closed","template":"","meta":{"footnotes":""},"class_list":["post-5274","page","type-page","status-publish","hentry"],"acf":[],"yoast_head":"<!-- This site is optimized with the Yoast SEO plugin v23.3 - https:\/\/yoast.com\/wordpress\/plugins\/seo\/ -->\n<title>P\u0159edv\u00e1d\u011bc\u00ed st\u0159ediska - Centers of Excellence Electrolux Professional - Electrolux Professional \u010cesk\u00e1 republika<\/title>\n<meta name=\"description\" content=\"17 Centers of Excellence and more than 70 Chefs from the Electrolux Chef Academy active all over the world with seminars, training, workshops and events.\" \/>\n<meta name=\"robots\" content=\"index, follow, max-snippet:-1, max-image-preview:large, max-video-preview:-1\" \/>\n<link rel=\"canonical\" href=\"https:\/\/www.electroluxprofessional.com\/cz\/centers-of-excellence-electrolux-professional\/\" \/>\n<meta property=\"og:locale\" content=\"cs_CZ\" \/>\n<meta property=\"og:type\" content=\"article\" \/>\n<meta property=\"og:title\" content=\"P\u0159edv\u00e1d\u011bc\u00ed st\u0159ediska - Centers of Excellence Electrolux Professional - Electrolux Professional \u010cesk\u00e1 republika\" \/>\n<meta property=\"og:description\" content=\"17 Centers of Excellence and more than 70 Chefs from the Electrolux Chef Academy active all over the world with seminars, training, workshops and events.\" \/>\n<meta property=\"og:url\" content=\"https:\/\/www.electroluxprofessional.com\/cz\/centers-of-excellence-electrolux-professional\/\" \/>\n<meta property=\"og:site_name\" content=\"Electrolux Professional \u010cesk\u00e1 republika\" \/>\n<meta property=\"article:publisher\" content=\"https:\/\/www.facebook.com\/electroluxprofessional\" \/>\n<meta property=\"article:modified_time\" content=\"2025-10-21T14:03:08+00:00\" \/>\n<meta name=\"twitter:card\" content=\"summary_large_image\" \/>\n<meta name=\"twitter:site\" content=\"@ElectroluxPro\" \/>\n<meta name=\"twitter:label1\" content=\"Odhadovan\u00e1 doba \u010dten\u00ed\" \/>\n\t<meta name=\"twitter:data1\" content=\"3 minuty\" \/>\n<script type=\"application\/ld+json\" class=\"yoast-schema-graph\">{\"@context\":\"https:\/\/schema.org\",\"@graph\":[{\"@type\":\"WebPage\",\"@id\":\"https:\/\/www.electroluxprofessional.com\/cz\/centers-of-excellence-electrolux-professional\/\",\"url\":\"https:\/\/www.electroluxprofessional.com\/cz\/centers-of-excellence-electrolux-professional\/\",\"name\":\"P\u0159edv\u00e1d\u011bc\u00ed st\u0159ediska - Centers of Excellence Electrolux Professional - Electrolux Professional \u010cesk\u00e1 republika\",\"isPartOf\":{\"@id\":\"https:\/\/www.electroluxprofessional.com\/cz\/#website\"},\"datePublished\":\"2020-05-10T20:18:46+00:00\",\"dateModified\":\"2025-10-21T14:03:08+00:00\",\"description\":\"17 Centers of Excellence and more than 70 Chefs from the Electrolux Chef Academy active all over the world with seminars, training, workshops and events.\",\"breadcrumb\":{\"@id\":\"https:\/\/www.electroluxprofessional.com\/cz\/centers-of-excellence-electrolux-professional\/#breadcrumb\"},\"inLanguage\":\"cs\",\"potentialAction\":[{\"@type\":\"ReadAction\",\"target\":[\"https:\/\/www.electroluxprofessional.com\/cz\/centers-of-excellence-electrolux-professional\/\"]}]},{\"@type\":\"BreadcrumbList\",\"@id\":\"https:\/\/www.electroluxprofessional.com\/cz\/centers-of-excellence-electrolux-professional\/#breadcrumb\",\"itemListElement\":[{\"@type\":\"ListItem\",\"position\":1,\"name\":\"Home\",\"item\":\"https:\/\/www.electroluxprofessional.com\/cz\/\"},{\"@type\":\"ListItem\",\"position\":2,\"name\":\"P\u0159edv\u00e1d\u011bc\u00ed st\u0159ediska &#8211; Centers of Excellence Electrolux Professional\"}]},{\"@type\":\"WebSite\",\"@id\":\"https:\/\/www.electroluxprofessional.com\/cz\/#website\",\"url\":\"https:\/\/www.electroluxprofessional.com\/cz\/\",\"name\":\"Electrolux Professional \u010cesk\u00e1 republika\",\"description\":\"\",\"potentialAction\":[{\"@type\":\"SearchAction\",\"target\":{\"@type\":\"EntryPoint\",\"urlTemplate\":\"https:\/\/www.electroluxprofessional.com\/cz\/?src={search_term_string}\"},\"query-input\":\"required name=search_term_string\"}],\"inLanguage\":\"cs\"}]}<\/script>\n<!-- \/ Yoast SEO plugin. -->","yoast_head_json":{"title":"P\u0159edv\u00e1d\u011bc\u00ed st\u0159ediska - Centers of Excellence Electrolux Professional - Electrolux Professional \u010cesk\u00e1 republika","description":"17 Centers of Excellence and more than 70 Chefs from the Electrolux Chef Academy active all over the world with seminars, training, workshops and events.","robots":{"index":"index","follow":"follow","max-snippet":"max-snippet:-1","max-image-preview":"max-image-preview:large","max-video-preview":"max-video-preview:-1"},"canonical":"https:\/\/www.electroluxprofessional.com\/cz\/centers-of-excellence-electrolux-professional\/","og_locale":"cs_CZ","og_type":"article","og_title":"P\u0159edv\u00e1d\u011bc\u00ed st\u0159ediska - Centers of Excellence Electrolux Professional - Electrolux Professional \u010cesk\u00e1 republika","og_description":"17 Centers of Excellence and more than 70 Chefs from the Electrolux Chef Academy active all over the world with seminars, training, workshops and events.","og_url":"https:\/\/www.electroluxprofessional.com\/cz\/centers-of-excellence-electrolux-professional\/","og_site_name":"Electrolux Professional \u010cesk\u00e1 republika","article_publisher":"https:\/\/www.facebook.com\/electroluxprofessional","article_modified_time":"2025-10-21T14:03:08+00:00","twitter_card":"summary_large_image","twitter_site":"@ElectroluxPro","twitter_misc":{"Odhadovan\u00e1 doba \u010dten\u00ed":"3 minuty"},"schema":{"@context":"https:\/\/schema.org","@graph":[{"@type":"WebPage","@id":"https:\/\/www.electroluxprofessional.com\/cz\/centers-of-excellence-electrolux-professional\/","url":"https:\/\/www.electroluxprofessional.com\/cz\/centers-of-excellence-electrolux-professional\/","name":"P\u0159edv\u00e1d\u011bc\u00ed st\u0159ediska - Centers of Excellence Electrolux Professional - Electrolux Professional \u010cesk\u00e1 republika","isPartOf":{"@id":"https:\/\/www.electroluxprofessional.com\/cz\/#website"},"datePublished":"2020-05-10T20:18:46+00:00","dateModified":"2025-10-21T14:03:08+00:00","description":"17 Centers of Excellence and more than 70 Chefs from the Electrolux Chef Academy active all over the world with seminars, training, workshops and events.","breadcrumb":{"@id":"https:\/\/www.electroluxprofessional.com\/cz\/centers-of-excellence-electrolux-professional\/#breadcrumb"},"inLanguage":"cs","potentialAction":[{"@type":"ReadAction","target":["https:\/\/www.electroluxprofessional.com\/cz\/centers-of-excellence-electrolux-professional\/"]}]},{"@type":"BreadcrumbList","@id":"https:\/\/www.electroluxprofessional.com\/cz\/centers-of-excellence-electrolux-professional\/#breadcrumb","itemListElement":[{"@type":"ListItem","position":1,"name":"Home","item":"https:\/\/www.electroluxprofessional.com\/cz\/"},{"@type":"ListItem","position":2,"name":"P\u0159edv\u00e1d\u011bc\u00ed st\u0159ediska &#8211; Centers of Excellence Electrolux Professional"}]},{"@type":"WebSite","@id":"https:\/\/www.electroluxprofessional.com\/cz\/#website","url":"https:\/\/www.electroluxprofessional.com\/cz\/","name":"Electrolux Professional \u010cesk\u00e1 republika","description":"","potentialAction":[{"@type":"SearchAction","target":{"@type":"EntryPoint","urlTemplate":"https:\/\/www.electroluxprofessional.com\/cz\/?src={search_term_string}"},"query-input":"required name=search_term_string"}],"inLanguage":"cs"}]}},"_links":{"self":[{"href":"https:\/\/www.electroluxprofessional.com\/cz\/wp-json\/wp\/v2\/pages\/5274"}],"collection":[{"href":"https:\/\/www.electroluxprofessional.com\/cz\/wp-json\/wp\/v2\/pages"}],"about":[{"href":"https:\/\/www.electroluxprofessional.com\/cz\/wp-json\/wp\/v2\/types\/page"}],"author":[{"embeddable":true,"href":"https:\/\/www.electroluxprofessional.com\/cz\/wp-json\/wp\/v2\/users\/39"}],"replies":[{"embeddable":true,"href":"https:\/\/www.electroluxprofessional.com\/cz\/wp-json\/wp\/v2\/comments?post=5274"}],"version-history":[{"count":22,"href":"https:\/\/www.electroluxprofessional.com\/cz\/wp-json\/wp\/v2\/pages\/5274\/revisions"}],"predecessor-version":[{"id":13856,"href":"https:\/\/www.electroluxprofessional.com\/cz\/wp-json\/wp\/v2\/pages\/5274\/revisions\/13856"}],"wp:attachment":[{"href":"https:\/\/www.electroluxprofessional.com\/cz\/wp-json\/wp\/v2\/media?parent=5274"}],"curies":[{"name":"wp","href":"https:\/\/api.w.org\/{rel}","templated":true}]}}