{"id":5240,"date":"2020-03-17T17:13:57","date_gmt":"2020-03-17T15:13:57","guid":{"rendered":"https:\/\/www.electroluxprofessional.com\/?page_id=29524"},"modified":"2020-05-11T12:48:59","modified_gmt":"2020-05-11T12:48:59","slug":"centers-of-excellence-electrolux-professional-virtual-tour","status":"publish","type":"page","link":"https:\/\/www.electroluxprofessional.com\/cz\/centers-of-excellence-electrolux-professional-virtual-tour\/","title":{"rendered":"P\u0159edv\u00e1d\u011bc\u00ed st\u0159ediska &#8211; Centers of Excellence Electrolux Professional &#8211; virtu\u00e1ln\u00ed prohl\u00eddka"},"content":{"rendered":"<p>[vc_row][vc_column][vc_empty_space height=&#8221;16px&#8221;][\/vc_column][\/vc_row][vc_row][vc_column][vc_single_image image=&#8221;5180&#8243; img_size=&#8221;medium&#8221; alignment=&#8221;center&#8221;][\/vc_column][\/vc_row][vc_row][vc_column][vc_row_inner][vc_column_inner][vc_empty_space][elx_heading font_container=&#8221;h1&#8243; text_color=&#8221;inherit&#8221; text_align=&#8221;text-center&#8221;]V\u00edtejte na virtu\u00e1ln\u00ed prohl\u00eddce<br \/>\np\u0159edv\u00e1d\u011bc\u00edho st\u0159ediska<br \/>\nCenter of Excellence[\/elx_heading][vc_empty_space][vc_column_text]<\/p>\n<p><center><iframe loading=\"lazy\" style=\"border: none; width: 800px; height: 600px;\" src=\"https:\/\/tourmake.it\/en\/tour\/46e5f85a2be3712e7f18098c73d8c37a\" width=\"300\" height=\"150\" allowfullscreen=\"allowfullscreen\"><\/iframe><\/center>[\/vc_column_text][\/vc_column_inner][\/vc_row_inner][\/vc_column][\/vc_row][vc_row][vc_column][vc_empty_space][vc_column_text]<\/p>\n<p style=\"text-align: center;\">Zde je n\u00e1vod pro<br \/>\nlep\u0161\u00ed orientaci ve virtu\u00e1ln\u00ed prohl\u00eddce<\/p>\n<p>[\/vc_column_text][vc_empty_space][\/vc_column][\/vc_row][vc_row][vc_column width=&#8221;1\/4&#8243;][vc_empty_space][\/vc_column][vc_column width=&#8221;2\/4&#8243;][vc_row_inner][vc_column_inner width=&#8221;1\/4&#8243;][vc_single_image image=&#8221;5231&#8243; img_size=&#8221;40&#215;40&#8243; alignment=&#8221;center&#8221;][vc_empty_space height=&#8221;16px&#8221;][vc_column_text]<\/p>\n<p style=\"text-align: center; font-size: 14px;\">Spustit<\/p>\n<p>[\/vc_column_text][\/vc_column_inner][vc_column_inner width=&#8221;1\/4&#8243;][vc_single_image image=&#8221;5232&#8243; img_size=&#8221;40&#215;40&#8243; alignment=&#8221;center&#8221;][vc_empty_space height=&#8221;16px&#8221;][vc_column_text]<\/p>\n<p style=\"text-align: center; font-size: 14px;\">Vynout \/ zapnout<br \/>\nautomatickou rotaci<\/p>\n<p>[\/vc_column_text][\/vc_column_inner][vc_column_inner width=&#8221;1\/4&#8243;][vc_single_image image=&#8221;5233&#8243; img_size=&#8221;40&#215;40&#8243; alignment=&#8221;center&#8221;][vc_empty_space height=&#8221;16px&#8221;][vc_column_text]<\/p>\n<p style=\"text-align: center; font-size: 14px;\">Zobrazit \/ skr\u00fdt<br \/>\nbody z\u00e1jmu<\/p>\n<p>[\/vc_column_text][\/vc_column_inner][vc_column_inner width=&#8221;1\/4&#8243;][vc_single_image image=&#8221;5234&#8243; img_size=&#8221;40&#215;40&#8243; alignment=&#8221;center&#8221;][vc_empty_space height=&#8221;16px&#8221;][vc_column_text]<\/p>\n<p style=\"text-align: center; font-size: 14px;\">Zobrazit \/ skr\u00fdt<br \/>\nkoment\u00e1\u0159e<\/p>\n<p>[\/vc_column_text][\/vc_column_inner][\/vc_row_inner][\/vc_column][vc_column width=&#8221;1\/4&#8243;][vc_empty_space][\/vc_column][\/vc_row][vc_row][vc_column][vc_empty_space][\/vc_column][\/vc_row][vc_row][vc_column width=&#8221;1\/4&#8243;][vc_empty_space][\/vc_column][vc_column width=&#8221;2\/4&#8243;][vc_row_inner][vc_column_inner width=&#8221;1\/4&#8243;][vc_single_image image=&#8221;2844&#8243; img_size=&#8221;40&#215;40&#8243; alignment=&#8221;center&#8221;][vc_empty_space height=&#8221;16px&#8221;][vc_column_text]<\/p>\n<p style=\"text-align: center; font-size: 14px;\">Dal\u0161\u00ed<br \/>\nfunkce<\/p>\n<p>[\/vc_column_text][\/vc_column_inner][vc_column_inner width=&#8221;1\/4&#8243;][vc_single_image image=&#8221;5236&#8243; img_size=&#8221;40&#215;40&#8243; alignment=&#8221;center&#8221;][vc_empty_space height=&#8221;16px&#8221;][vc_column_text]<\/p>\n<p style=\"text-align: center; font-size: 14px;\">Zobrazen\u00ed<br \/>\ncel\u00e1 obrazovka<\/p>\n<p>[\/vc_column_text][\/vc_column_inner][vc_column_inner width=&#8221;1\/4&#8243;][vc_single_image image=&#8221;5237&#8243; img_size=&#8221;40&#215;40&#8243; alignment=&#8221;center&#8221;][vc_empty_space height=&#8221;16px&#8221;][vc_column_text]<\/p>\n<p style=\"text-align: center; font-size: 14px;\">Sd\u00edlet<br \/>\nzku\u0161enosti<\/p>\n<p>[\/vc_column_text][\/vc_column_inner][vc_column_inner width=&#8221;1\/4&#8243;][vc_single_image image=&#8221;5238&#8243; img_size=&#8221;40&#215;40&#8243; alignment=&#8221;center&#8221;][vc_empty_space height=&#8221;16px&#8221;][vc_column_text]<\/p>\n<p style=\"text-align: center; font-size: 14px;\">Virtu\u00e1ln\u00ed<br \/>\nRealita<\/p>\n<p>[\/vc_column_text][\/vc_column_inner][\/vc_row_inner][\/vc_column][vc_column width=&#8221;1\/4&#8243;][vc_empty_space][\/vc_column][\/vc_row][vc_row][vc_column][vc_empty_space][elx_heading text_color=&#8221;inherit&#8221;]Kontaktujte n\u00e1s a p\u0159ipojte se k na\u0161im online \u0161kolen\u00edm nebo po\u017e\u00e1dejte o dal\u0161\u00ed informace[\/elx_heading][elx_o2000_contact_us r=&#8221;Pros\u00edm, za\u0161lete mi v\u00edce informac\u00ed o online \u0161kolen\u00ed &#8230;&#8221; s=&#8221;Po\u017eadavek z webov\u00fdch str\u00e1nek Electrolux Professional&#8221; country=&#8221;Czech Republic&#8221; l=&#8221;cz&#8221;][\/vc_column][\/vc_row][vc_row][vc_column][vc_empty_space height=&#8221;16px&#8221;][elx_heading text_color=&#8221;inherit&#8221;]Pro\u017eijte pln\u00fd chu\u0165ov\u00fd z\u00e1\u017eitek v p\u0159edv\u00e1d\u011bc\u00edm centru[\/elx_heading][vc_empty_space height=&#8221;16px&#8221;][\/vc_column][\/vc_row][vc_row][vc_column width=&#8221;1\/3&#8243;][elx_maylike_box id_box=&#8221;2935&#8243;][\/vc_column][vc_column width=&#8221;1\/3&#8243;][elx_maylike_box id_box=&#8221;2846&#8243;][\/vc_column][vc_column width=&#8221;1\/3&#8243;][elx_maylike_box id_box=&#8221;2844&#8243;][\/vc_column][\/vc_row]<\/p>\n","protected":false},"excerpt":{"rendered":"<p>[vc_row][vc_column][vc_empty_space height=&#8221;16px&#8221;][\/vc_column][\/vc_row][vc_row][vc_column][vc_single_image image=&#8221;5180&#8243; img_size=&#8221;medium&#8221; alignment=&#8221;center&#8221;][\/vc_column][\/vc_row][vc_row][vc_column][vc_row_inner][vc_column_inner][vc_empty_space][elx_heading font_container=&#8221;h1&#8243; text_color=&#8221;inherit&#8221; text_align=&#8221;text-center&#8221;]V\u00edtejte na virtu\u00e1ln\u00ed prohl\u00eddce p\u0159edv\u00e1d\u011bc\u00edho st\u0159ediska Center of Excellence[\/elx_heading][vc_empty_space][vc_column_text] [\/vc_column_text][\/vc_column_inner][\/vc_row_inner][\/vc_column][\/vc_row][vc_row][vc_column][vc_empty_space][vc_column_text] Zde je n\u00e1vod pro lep\u0161\u00ed orientaci ve virtu\u00e1ln\u00ed prohl\u00eddce [\/vc_column_text][vc_empty_space][\/vc_column][\/vc_row][vc_row][vc_column width=&#8221;1\/4&#8243;][vc_empty_space][\/vc_column][vc_column width=&#8221;2\/4&#8243;][vc_row_inner][vc_column_inner width=&#8221;1\/4&#8243;][vc_single_image image=&#8221;5231&#8243; img_size=&#8221;40&#215;40&#8243; alignment=&#8221;center&#8221;][vc_empty_space height=&#8221;16px&#8221;][vc_column_text] Spustit [\/vc_column_text][\/vc_column_inner][vc_column_inner width=&#8221;1\/4&#8243;][vc_single_image image=&#8221;5232&#8243; img_size=&#8221;40&#215;40&#8243; alignment=&#8221;center&#8221;][vc_empty_space height=&#8221;16px&#8221;][vc_column_text] Vynout \/ zapnout automatickou rotaci [\/vc_column_text][\/vc_column_inner][vc_column_inner width=&#8221;1\/4&#8243;][vc_single_image image=&#8221;5233&#8243; img_size=&#8221;40&#215;40&#8243; alignment=&#8221;center&#8221;][vc_empty_space height=&#8221;16px&#8221;][vc_column_text] Zobrazit \/ skr\u00fdt [&hellip;]<\/p>\n","protected":false},"author":39,"featured_media":0,"parent":0,"menu_order":0,"comment_status":"closed","ping_status":"closed","template":"","meta":{"footnotes":""},"class_list":["post-5240","page","type-page","status-publish","hentry"],"acf":[],"yoast_head":"<!-- This site is optimized with the Yoast SEO plugin v23.3 - https:\/\/yoast.com\/wordpress\/plugins\/seo\/ -->\n<title>P\u0159edv\u00e1d\u011bc\u00ed st\u0159ediska - Centers of Excellence Electrolux Professional - virtu\u00e1ln\u00ed prohl\u00eddka - Electrolux Professional \u010cesk\u00e1 republika<\/title>\n<meta name=\"description\" content=\"17 st\u0159edisek Center of Excelence a v\u00edce ne\u017e 70 kucha\u0159\u016f z Electrolux Chef Academy p\u016fsob\u00edc\u00edch po cel\u00e9m sv\u011bt\u011b prost\u0159ednictv\u00edm semin\u00e1\u0159\u016f, \u0161kolen\u00ed, workshop\u016f a akc\u00ed.\" \/>\n<meta name=\"robots\" content=\"index, follow, max-snippet:-1, max-image-preview:large, max-video-preview:-1\" \/>\n<link rel=\"canonical\" href=\"https:\/\/www.electroluxprofessional.com\/cz\/centers-of-excellence-electrolux-professional-virtual-tour\/\" \/>\n<meta property=\"og:locale\" content=\"cs_CZ\" \/>\n<meta property=\"og:type\" content=\"article\" \/>\n<meta property=\"og:title\" content=\"P\u0159edv\u00e1d\u011bc\u00ed st\u0159ediska - Centers of Excellence Electrolux Professional - virtu\u00e1ln\u00ed prohl\u00eddka - Electrolux Professional \u010cesk\u00e1 republika\" \/>\n<meta property=\"og:description\" content=\"17 st\u0159edisek Center of Excelence a v\u00edce ne\u017e 70 kucha\u0159\u016f z Electrolux Chef Academy p\u016fsob\u00edc\u00edch po cel\u00e9m sv\u011bt\u011b prost\u0159ednictv\u00edm semin\u00e1\u0159\u016f, \u0161kolen\u00ed, workshop\u016f a akc\u00ed.\" \/>\n<meta property=\"og:url\" content=\"https:\/\/www.electroluxprofessional.com\/cz\/centers-of-excellence-electrolux-professional-virtual-tour\/\" \/>\n<meta property=\"og:site_name\" content=\"Electrolux Professional \u010cesk\u00e1 republika\" \/>\n<meta property=\"article:publisher\" content=\"https:\/\/www.facebook.com\/electroluxprofessional\" \/>\n<meta property=\"article:modified_time\" content=\"2020-05-11T12:48:59+00:00\" \/>\n<meta name=\"twitter:card\" content=\"summary_large_image\" \/>\n<meta name=\"twitter:site\" content=\"@ElectroluxPro\" \/>\n<meta name=\"twitter:label1\" content=\"Odhadovan\u00e1 doba \u010dten\u00ed\" \/>\n\t<meta name=\"twitter:data1\" content=\"3 minuty\" \/>\n<script type=\"application\/ld+json\" class=\"yoast-schema-graph\">{\"@context\":\"https:\/\/schema.org\",\"@graph\":[{\"@type\":\"WebPage\",\"@id\":\"https:\/\/www.electroluxprofessional.com\/cz\/centers-of-excellence-electrolux-professional-virtual-tour\/\",\"url\":\"https:\/\/www.electroluxprofessional.com\/cz\/centers-of-excellence-electrolux-professional-virtual-tour\/\",\"name\":\"P\u0159edv\u00e1d\u011bc\u00ed st\u0159ediska - Centers of Excellence Electrolux Professional - virtu\u00e1ln\u00ed prohl\u00eddka - Electrolux Professional \u010cesk\u00e1 republika\",\"isPartOf\":{\"@id\":\"https:\/\/www.electroluxprofessional.com\/cz\/#website\"},\"datePublished\":\"2020-03-17T15:13:57+00:00\",\"dateModified\":\"2020-05-11T12:48:59+00:00\",\"description\":\"17 st\u0159edisek Center of Excelence a v\u00edce ne\u017e 70 kucha\u0159\u016f z Electrolux Chef Academy p\u016fsob\u00edc\u00edch po cel\u00e9m sv\u011bt\u011b prost\u0159ednictv\u00edm semin\u00e1\u0159\u016f, \u0161kolen\u00ed, workshop\u016f a akc\u00ed.\",\"breadcrumb\":{\"@id\":\"https:\/\/www.electroluxprofessional.com\/cz\/centers-of-excellence-electrolux-professional-virtual-tour\/#breadcrumb\"},\"inLanguage\":\"cs\",\"potentialAction\":[{\"@type\":\"ReadAction\",\"target\":[\"https:\/\/www.electroluxprofessional.com\/cz\/centers-of-excellence-electrolux-professional-virtual-tour\/\"]}]},{\"@type\":\"BreadcrumbList\",\"@id\":\"https:\/\/www.electroluxprofessional.com\/cz\/centers-of-excellence-electrolux-professional-virtual-tour\/#breadcrumb\",\"itemListElement\":[{\"@type\":\"ListItem\",\"position\":1,\"name\":\"Home\",\"item\":\"https:\/\/www.electroluxprofessional.com\/cz\/\"},{\"@type\":\"ListItem\",\"position\":2,\"name\":\"P\u0159edv\u00e1d\u011bc\u00ed st\u0159ediska &#8211; Centers of Excellence Electrolux Professional &#8211; virtu\u00e1ln\u00ed prohl\u00eddka\"}]},{\"@type\":\"WebSite\",\"@id\":\"https:\/\/www.electroluxprofessional.com\/cz\/#website\",\"url\":\"https:\/\/www.electroluxprofessional.com\/cz\/\",\"name\":\"Electrolux Professional \u010cesk\u00e1 republika\",\"description\":\"\",\"potentialAction\":[{\"@type\":\"SearchAction\",\"target\":{\"@type\":\"EntryPoint\",\"urlTemplate\":\"https:\/\/www.electroluxprofessional.com\/cz\/?src={search_term_string}\"},\"query-input\":\"required name=search_term_string\"}],\"inLanguage\":\"cs\"}]}<\/script>\n<!-- \/ Yoast SEO plugin. -->","yoast_head_json":{"title":"P\u0159edv\u00e1d\u011bc\u00ed st\u0159ediska - Centers of Excellence Electrolux Professional - virtu\u00e1ln\u00ed prohl\u00eddka - Electrolux Professional \u010cesk\u00e1 republika","description":"17 st\u0159edisek Center of Excelence a v\u00edce ne\u017e 70 kucha\u0159\u016f z Electrolux Chef Academy p\u016fsob\u00edc\u00edch po cel\u00e9m sv\u011bt\u011b prost\u0159ednictv\u00edm semin\u00e1\u0159\u016f, \u0161kolen\u00ed, workshop\u016f a akc\u00ed.","robots":{"index":"index","follow":"follow","max-snippet":"max-snippet:-1","max-image-preview":"max-image-preview:large","max-video-preview":"max-video-preview:-1"},"canonical":"https:\/\/www.electroluxprofessional.com\/cz\/centers-of-excellence-electrolux-professional-virtual-tour\/","og_locale":"cs_CZ","og_type":"article","og_title":"P\u0159edv\u00e1d\u011bc\u00ed st\u0159ediska - Centers of Excellence Electrolux Professional - virtu\u00e1ln\u00ed prohl\u00eddka - Electrolux Professional \u010cesk\u00e1 republika","og_description":"17 st\u0159edisek Center of Excelence a v\u00edce ne\u017e 70 kucha\u0159\u016f z Electrolux Chef Academy p\u016fsob\u00edc\u00edch po cel\u00e9m sv\u011bt\u011b prost\u0159ednictv\u00edm semin\u00e1\u0159\u016f, \u0161kolen\u00ed, workshop\u016f a akc\u00ed.","og_url":"https:\/\/www.electroluxprofessional.com\/cz\/centers-of-excellence-electrolux-professional-virtual-tour\/","og_site_name":"Electrolux Professional \u010cesk\u00e1 republika","article_publisher":"https:\/\/www.facebook.com\/electroluxprofessional","article_modified_time":"2020-05-11T12:48:59+00:00","twitter_card":"summary_large_image","twitter_site":"@ElectroluxPro","twitter_misc":{"Odhadovan\u00e1 doba \u010dten\u00ed":"3 minuty"},"schema":{"@context":"https:\/\/schema.org","@graph":[{"@type":"WebPage","@id":"https:\/\/www.electroluxprofessional.com\/cz\/centers-of-excellence-electrolux-professional-virtual-tour\/","url":"https:\/\/www.electroluxprofessional.com\/cz\/centers-of-excellence-electrolux-professional-virtual-tour\/","name":"P\u0159edv\u00e1d\u011bc\u00ed st\u0159ediska - Centers of Excellence Electrolux Professional - virtu\u00e1ln\u00ed prohl\u00eddka - Electrolux Professional \u010cesk\u00e1 republika","isPartOf":{"@id":"https:\/\/www.electroluxprofessional.com\/cz\/#website"},"datePublished":"2020-03-17T15:13:57+00:00","dateModified":"2020-05-11T12:48:59+00:00","description":"17 st\u0159edisek Center of Excelence a v\u00edce ne\u017e 70 kucha\u0159\u016f z Electrolux Chef Academy p\u016fsob\u00edc\u00edch po cel\u00e9m sv\u011bt\u011b prost\u0159ednictv\u00edm semin\u00e1\u0159\u016f, \u0161kolen\u00ed, workshop\u016f a akc\u00ed.","breadcrumb":{"@id":"https:\/\/www.electroluxprofessional.com\/cz\/centers-of-excellence-electrolux-professional-virtual-tour\/#breadcrumb"},"inLanguage":"cs","potentialAction":[{"@type":"ReadAction","target":["https:\/\/www.electroluxprofessional.com\/cz\/centers-of-excellence-electrolux-professional-virtual-tour\/"]}]},{"@type":"BreadcrumbList","@id":"https:\/\/www.electroluxprofessional.com\/cz\/centers-of-excellence-electrolux-professional-virtual-tour\/#breadcrumb","itemListElement":[{"@type":"ListItem","position":1,"name":"Home","item":"https:\/\/www.electroluxprofessional.com\/cz\/"},{"@type":"ListItem","position":2,"name":"P\u0159edv\u00e1d\u011bc\u00ed st\u0159ediska &#8211; Centers of Excellence Electrolux Professional &#8211; virtu\u00e1ln\u00ed prohl\u00eddka"}]},{"@type":"WebSite","@id":"https:\/\/www.electroluxprofessional.com\/cz\/#website","url":"https:\/\/www.electroluxprofessional.com\/cz\/","name":"Electrolux Professional \u010cesk\u00e1 republika","description":"","potentialAction":[{"@type":"SearchAction","target":{"@type":"EntryPoint","urlTemplate":"https:\/\/www.electroluxprofessional.com\/cz\/?src={search_term_string}"},"query-input":"required name=search_term_string"}],"inLanguage":"cs"}]}},"_links":{"self":[{"href":"https:\/\/www.electroluxprofessional.com\/cz\/wp-json\/wp\/v2\/pages\/5240"}],"collection":[{"href":"https:\/\/www.electroluxprofessional.com\/cz\/wp-json\/wp\/v2\/pages"}],"about":[{"href":"https:\/\/www.electroluxprofessional.com\/cz\/wp-json\/wp\/v2\/types\/page"}],"author":[{"embeddable":true,"href":"https:\/\/www.electroluxprofessional.com\/cz\/wp-json\/wp\/v2\/users\/39"}],"replies":[{"embeddable":true,"href":"https:\/\/www.electroluxprofessional.com\/cz\/wp-json\/wp\/v2\/comments?post=5240"}],"version-history":[{"count":13,"href":"https:\/\/www.electroluxprofessional.com\/cz\/wp-json\/wp\/v2\/pages\/5240\/revisions"}],"predecessor-version":[{"id":5312,"href":"https:\/\/www.electroluxprofessional.com\/cz\/wp-json\/wp\/v2\/pages\/5240\/revisions\/5312"}],"wp:attachment":[{"href":"https:\/\/www.electroluxprofessional.com\/cz\/wp-json\/wp\/v2\/media?parent=5240"}],"curies":[{"name":"wp","href":"https:\/\/api.w.org\/{rel}","templated":true}]}}