{"id":5119,"date":"2020-05-25T09:33:54","date_gmt":"2020-05-25T09:33:54","guid":{"rendered":"https:\/\/www.electroluxprofessional.com\/cz\/?page_id=5119"},"modified":"2025-05-26T12:29:53","modified_gmt":"2025-05-26T12:29:53","slug":"beverage-solutions","status":"publish","type":"page","link":"https:\/\/www.electroluxprofessional.com\/cz\/beverage-solutions\/","title":{"rendered":"\u0158e\u0161en\u00ed pro p\u0159\u00edpravu n\u00e1poj\u016f"},"content":{"rendered":"<p>[vc_row full_width=&#8221;electroluxpro-full-width-no-padding&#8221;][vc_column][vc_single_image image=&#8221;5117&#8243; img_size=&#8221;2000&#215;350&#8243; alignment=&#8221;center&#8221;][\/vc_column][\/vc_row][vc_row][vc_column][vc_empty_space][elx_heading font_container=&#8221;h1&#8243; font_size=&#8221;h3&#8243; text_color=&#8221;inherit&#8221; text_align=&#8221;text-left&#8221;]Profesion\u00e1ln\u00ed n\u00e1pojov\u00e1 \u0159e\u0161en\u00ed[\/elx_heading][vc_column_text]Electrolux Professional p\u0159edstavuje nov\u00e1 n\u00e1pojov\u00e1 \u0159e\u0161en\u00ed vytvo\u0159en\u00e1 za \u00fa\u010delem roz\u0161\u00ed\u0159en\u00ed nab\u00eddky n\u00e1poj\u016f a z\u00e1rove\u0148 sn\u00ed\u017een\u00ed pl\u00fdtv\u00e1n\u00ed, zjednodu\u0161en\u00ed pou\u017e\u00edv\u00e1n\u00ed a p\u0159ekon\u00e1n\u00ed o\u010dek\u00e1v\u00e1n\u00ed va\u0161ich z\u00e1kazn\u00edk\u016f na lahodn\u00e9, kvalitn\u00ed n\u00e1poje.[\/vc_column_text][\/vc_column][\/vc_row][vc_row][vc_column width=&#8221;1\/4&#8243;][elx_image_block background_image=&#8221;5115&#8243; minimum_height=&#8221;313px&#8221;][elx_heading font_size=&#8221;h3&#8243; text_color=&#8221;inherit&#8221; text_align=&#8221;text-left&#8221;]Hork\u00e9[\/elx_heading][elx_button button_text=&#8221;Ml\u00fdnky na k\u00e1vu&#8221; button_style=&#8221;icon&#8221; button_link=&#8221;url:https%3A%2F%2Fwww.electroluxprofessional.com%2Fcz%2F%3Fpage_id%3D4831|title:Coffee%20grinders&#8221;][elx_button button_text=&#8221;K\u00e1vovary&#8221; button_style=&#8221;icon&#8221; button_link=&#8221;url:https%3A%2F%2Fwww.electroluxprofessional.com%2Fcz%2Fbeverage-solutions%2Fcoffee-brewers%2F|title:Coffee%20brewers||&#8221;][elx_button button_text=&#8221;D\u00e1vkova\u010de hork\u00fdch n\u00e1poj\u016f&#8221; button_style=&#8221;icon&#8221; button_link=&#8221;url:https%3A%2F%2Fwww.electroluxprofessional.com%2Fcz%2Fbeverage-solutions%2Fhot-beverage-dispensers%2F|title:Hot%20beverage%20dispensers||&#8221;][elx_button button_text=&#8221;K\u00e1vovary na espresso&#8221; button_style=&#8221;icon&#8221; button_link=&#8221;url:https%3A%2F%2Fwww.electroluxprofessional.com%2Fcz%2Fbeverage-solutions%2Fespresso-coffee-machines%2F|title:Espresso%20Coffee%20Machines||&#8221;][\/vc_column][vc_column width=&#8221;1\/4&#8243;][elx_image_block background_image=&#8221;5087&#8243; minimum_height=&#8221;313px&#8221;][elx_heading font_size=&#8221;h3&#8243; text_color=&#8221;inherit&#8221; text_align=&#8221;text-left&#8221;]Studen\u00e9[\/elx_heading][elx_button button_text=&#8221;D\u00e1vkova\u010de studen\u00fdch n\u00e1poj\u016f&#8221; button_style=&#8221;icon&#8221; button_link=&#8221;url:https%3A%2F%2Fwww.electroluxprofessional.com%2Fcz%2Fbeverage-solutions%2Fcold-beverage-dispensers%2F|title:Cold%20beverage%20dispensers||&#8221;][elx_button button_text=&#8221;D\u00e1vkova\u010de studen\u00fdch d\u017eus\u016f&#8221; button_style=&#8221;icon&#8221; button_link=&#8221;url:https%3A%2F%2Fwww.electroluxprofessional.com%2Fcz%2Fbeverage-solutions-old-page%2Fcold-juice-dispensers%2F|title:Cold%20Juice%20Dispensers||&#8221;][\/vc_column][vc_column width=&#8221;1\/4&#8243;][elx_image_block background_image=&#8221;5116&#8243; minimum_height=&#8221;313px&#8221;][elx_heading font_size=&#8221;h3&#8243; text_color=&#8221;inherit&#8221; text_align=&#8221;text-left&#8221;]Mra\u017een\u00e9[\/elx_heading][elx_button button_text=&#8221;D\u00e1vkova\u010de mra\u017een\u00fdch n\u00e1poj\u016f a kr\u00e9m\u016f&#8221; button_style=&#8221;icon&#8221; button_link=&#8221;url:https%3A%2F%2Fwww.electroluxprofessional.com%2Fcz%2Ffrozen-beverage-dispensers-2%2F|title:Frozen%20drinks%20and%20creams%20dispensers||&#8221;][\/vc_column][vc_column width=&#8221;1\/4&#8243;][elx_image_block background_image=&#8221;4881&#8243; minimum_height=&#8221;313px&#8221;][elx_heading font_size=&#8221;h3&#8243; text_color=&#8221;inherit&#8221;]Kr\u00e9mov\u00e9[\/elx_heading][elx_button button_text=&#8221;To\u010den\u00e1 zmrzlina&#8221; button_style=&#8221;icon&#8221; button_link=&#8221;url:https%3A%2F%2Fwww.electroluxprofessional.com%2Fcz%2Fbeverage-solutions-old-page%2Fsoft-serve%2F|title:Soft%20Serve||&#8221;][\/vc_column][\/vc_row][vc_row css=&#8221;.vc_custom_1517241829552{border-top-width: 1px !important;background-color: #ffffff !important;border-top-color: #eeeeee !important;border-top-style: solid !important;}&#8221;][vc_column reveal_effect=&#8221;&#8221;][vc_empty_space height=&#8221;70px&#8221;][elx_heading font_size=&#8221;h3&#8243; text_color=&#8221;inherit&#8221; text_align=&#8221;text-left&#8221;]Zjist\u011bte v\u00edce o \u0159e\u0161en\u00edch pro profesion\u00e1ln\u00ed p\u0159\u00edpravu n\u00e1poj\u016f[\/elx_heading][elx_o2000_contact_us s=&#8221;\u017d\u00e1dost o informace o profesion\u00e1ln\u00edch n\u00e1pojov\u00fdch \u0159e\u0161en\u00edch&#8221; country=&#8221;Czech Republic&#8221; r=&#8221;Cht\u011bl bych se dozv\u011bd\u011bt v\u00edce o va\u0161ich \u0159e\u0161en\u00edch v profesion\u00e1ln\u00ed p\u0159\u00edprav\u011b n\u00e1poj\u016f. Pros\u00edm, kontaktujte mne.&#8221; l=&#8221;cz&#8221;][\/vc_column][\/vc_row][vc_row][vc_column][vc_empty_space height=&#8221;100px&#8221;][elx_heading font_size=&#8221;h3&#8243; text_color=&#8221;inherit&#8221; text_align=&#8221;text-left&#8221;]Najd\u011bte sv\u00e9 kompletn\u00ed \u0159e\u0161en\u00ed[\/elx_heading][\/vc_column][\/vc_row][vc_row][vc_column width=&#8221;1\/3&#8243;][elx_maylike_box id_box=&#8221;2533&#8243;][\/vc_column][vc_column width=&#8221;1\/3&#8243;][elx_maylike_box id_box=&#8221;2464&#8243;][\/vc_column][vc_column width=&#8221;1\/3&#8243;][elx_maylike_box id_box=&#8221;2466&#8243;][\/vc_column][\/vc_row]<\/p>\n","protected":false},"excerpt":{"rendered":"<p>[vc_row full_width=&#8221;electroluxpro-full-width-no-padding&#8221;][vc_column][vc_single_image image=&#8221;5117&#8243; img_size=&#8221;2000&#215;350&#8243; alignment=&#8221;center&#8221;][\/vc_column][\/vc_row][vc_row][vc_column][vc_empty_space][elx_heading font_container=&#8221;h1&#8243; font_size=&#8221;h3&#8243; text_color=&#8221;inherit&#8221; text_align=&#8221;text-left&#8221;]Profesion\u00e1ln\u00ed n\u00e1pojov\u00e1 \u0159e\u0161en\u00ed[\/elx_heading][vc_column_text]Electrolux Professional p\u0159edstavuje nov\u00e1 n\u00e1pojov\u00e1 \u0159e\u0161en\u00ed vytvo\u0159en\u00e1 za \u00fa\u010delem roz\u0161\u00ed\u0159en\u00ed nab\u00eddky n\u00e1poj\u016f a z\u00e1rove\u0148 sn\u00ed\u017een\u00ed pl\u00fdtv\u00e1n\u00ed, zjednodu\u0161en\u00ed pou\u017e\u00edv\u00e1n\u00ed a p\u0159ekon\u00e1n\u00ed o\u010dek\u00e1v\u00e1n\u00ed va\u0161ich z\u00e1kazn\u00edk\u016f na lahodn\u00e9, kvalitn\u00ed n\u00e1poje.[\/vc_column_text][\/vc_column][\/vc_row][vc_row][vc_column width=&#8221;1\/4&#8243;][elx_image_block background_image=&#8221;5115&#8243; minimum_height=&#8221;313px&#8221;][elx_heading font_size=&#8221;h3&#8243; text_color=&#8221;inherit&#8221; text_align=&#8221;text-left&#8221;]Hork\u00e9[\/elx_heading][elx_button button_text=&#8221;Ml\u00fdnky na k\u00e1vu&#8221; button_style=&#8221;icon&#8221; button_link=&#8221;url:https%3A%2F%2Fwww.electroluxprofessional.com%2Fcz%2F%3Fpage_id%3D4831|title:Coffee%20grinders&#8221;][elx_button button_text=&#8221;K\u00e1vovary&#8221; button_style=&#8221;icon&#8221; button_link=&#8221;url:https%3A%2F%2Fwww.electroluxprofessional.com%2Fcz%2Fbeverage-solutions%2Fcoffee-brewers%2F|title:Coffee%20brewers||&#8221;][elx_button button_text=&#8221;D\u00e1vkova\u010de hork\u00fdch n\u00e1poj\u016f&#8221; button_style=&#8221;icon&#8221; [&hellip;]<\/p>\n","protected":false},"author":39,"featured_media":0,"parent":0,"menu_order":0,"comment_status":"closed","ping_status":"closed","template":"","meta":{"footnotes":""},"class_list":["post-5119","page","type-page","status-publish","hentry"],"acf":[],"yoast_head":"<!-- This site is optimized with the Yoast SEO plugin v23.3 - https:\/\/yoast.com\/wordpress\/plugins\/seo\/ -->\n<title>\u0158e\u0161en\u00ed pro p\u0159\u00edpravu n\u00e1poj\u016f - Electrolux Professional \u010cesk\u00e1 republika<\/title>\n<meta name=\"description\" content=\"Nov\u00e1 n\u00e1pojov\u00e1 \u0159e\u0161en\u00ed pro roz\u0161\u00ed\u0159en\u00ed nab\u00eddky a sn\u00ed\u017een\u00ed odpadu, zjednodu\u0161en\u00ed pou\u017e\u00edv\u00e1n\u00ed a p\u0159ekon\u00e1n\u00ed o\u010dek\u00e1v\u00e1n\u00ed va\u0161ich z\u00e1kazn\u00edk\u016f ohledn\u011b lahodn\u00fdch kvalitn\u00edch n\u00e1poj\u016f.\" \/>\n<meta name=\"robots\" content=\"index, follow, max-snippet:-1, max-image-preview:large, max-video-preview:-1\" \/>\n<link rel=\"canonical\" href=\"https:\/\/www.electroluxprofessional.com\/cz\/beverage-solutions\/\" \/>\n<meta property=\"og:locale\" content=\"cs_CZ\" \/>\n<meta property=\"og:type\" content=\"article\" \/>\n<meta property=\"og:title\" content=\"\u0158e\u0161en\u00ed pro p\u0159\u00edpravu n\u00e1poj\u016f - Electrolux Professional \u010cesk\u00e1 republika\" \/>\n<meta property=\"og:description\" content=\"Nov\u00e1 n\u00e1pojov\u00e1 \u0159e\u0161en\u00ed pro roz\u0161\u00ed\u0159en\u00ed nab\u00eddky a sn\u00ed\u017een\u00ed odpadu, zjednodu\u0161en\u00ed pou\u017e\u00edv\u00e1n\u00ed a p\u0159ekon\u00e1n\u00ed o\u010dek\u00e1v\u00e1n\u00ed va\u0161ich z\u00e1kazn\u00edk\u016f ohledn\u011b lahodn\u00fdch kvalitn\u00edch n\u00e1poj\u016f.\" \/>\n<meta property=\"og:url\" content=\"https:\/\/www.electroluxprofessional.com\/cz\/beverage-solutions\/\" \/>\n<meta property=\"og:site_name\" content=\"Electrolux Professional \u010cesk\u00e1 republika\" \/>\n<meta property=\"article:publisher\" content=\"https:\/\/www.facebook.com\/electroluxprofessional\" \/>\n<meta property=\"article:modified_time\" content=\"2025-05-26T12:29:53+00:00\" \/>\n<meta name=\"twitter:card\" content=\"summary_large_image\" \/>\n<meta name=\"twitter:site\" content=\"@ElectroluxPro\" \/>\n<meta name=\"twitter:label1\" content=\"Odhadovan\u00e1 doba \u010dten\u00ed\" \/>\n\t<meta name=\"twitter:data1\" content=\"3 minuty\" \/>\n<script type=\"application\/ld+json\" class=\"yoast-schema-graph\">{\"@context\":\"https:\/\/schema.org\",\"@graph\":[{\"@type\":\"WebPage\",\"@id\":\"https:\/\/www.electroluxprofessional.com\/cz\/beverage-solutions\/\",\"url\":\"https:\/\/www.electroluxprofessional.com\/cz\/beverage-solutions\/\",\"name\":\"\u0158e\u0161en\u00ed pro p\u0159\u00edpravu n\u00e1poj\u016f - Electrolux Professional \u010cesk\u00e1 republika\",\"isPartOf\":{\"@id\":\"https:\/\/www.electroluxprofessional.com\/cz\/#website\"},\"datePublished\":\"2020-05-25T09:33:54+00:00\",\"dateModified\":\"2025-05-26T12:29:53+00:00\",\"description\":\"Nov\u00e1 n\u00e1pojov\u00e1 \u0159e\u0161en\u00ed pro roz\u0161\u00ed\u0159en\u00ed nab\u00eddky a sn\u00ed\u017een\u00ed odpadu, zjednodu\u0161en\u00ed pou\u017e\u00edv\u00e1n\u00ed a p\u0159ekon\u00e1n\u00ed o\u010dek\u00e1v\u00e1n\u00ed va\u0161ich z\u00e1kazn\u00edk\u016f ohledn\u011b lahodn\u00fdch kvalitn\u00edch n\u00e1poj\u016f.\",\"breadcrumb\":{\"@id\":\"https:\/\/www.electroluxprofessional.com\/cz\/beverage-solutions\/#breadcrumb\"},\"inLanguage\":\"cs\",\"potentialAction\":[{\"@type\":\"ReadAction\",\"target\":[\"https:\/\/www.electroluxprofessional.com\/cz\/beverage-solutions\/\"]}]},{\"@type\":\"BreadcrumbList\",\"@id\":\"https:\/\/www.electroluxprofessional.com\/cz\/beverage-solutions\/#breadcrumb\",\"itemListElement\":[{\"@type\":\"ListItem\",\"position\":1,\"name\":\"Home\",\"item\":\"https:\/\/www.electroluxprofessional.com\/cz\/\"},{\"@type\":\"ListItem\",\"position\":2,\"name\":\"\u0158e\u0161en\u00ed pro p\u0159\u00edpravu n\u00e1poj\u016f\"}]},{\"@type\":\"WebSite\",\"@id\":\"https:\/\/www.electroluxprofessional.com\/cz\/#website\",\"url\":\"https:\/\/www.electroluxprofessional.com\/cz\/\",\"name\":\"Electrolux Professional \u010cesk\u00e1 republika\",\"description\":\"\",\"potentialAction\":[{\"@type\":\"SearchAction\",\"target\":{\"@type\":\"EntryPoint\",\"urlTemplate\":\"https:\/\/www.electroluxprofessional.com\/cz\/?src={search_term_string}\"},\"query-input\":\"required name=search_term_string\"}],\"inLanguage\":\"cs\"}]}<\/script>\n<!-- \/ Yoast SEO plugin. -->","yoast_head_json":{"title":"\u0158e\u0161en\u00ed pro p\u0159\u00edpravu n\u00e1poj\u016f - Electrolux Professional \u010cesk\u00e1 republika","description":"Nov\u00e1 n\u00e1pojov\u00e1 \u0159e\u0161en\u00ed pro roz\u0161\u00ed\u0159en\u00ed nab\u00eddky a sn\u00ed\u017een\u00ed odpadu, zjednodu\u0161en\u00ed pou\u017e\u00edv\u00e1n\u00ed a p\u0159ekon\u00e1n\u00ed o\u010dek\u00e1v\u00e1n\u00ed va\u0161ich z\u00e1kazn\u00edk\u016f ohledn\u011b lahodn\u00fdch kvalitn\u00edch n\u00e1poj\u016f.","robots":{"index":"index","follow":"follow","max-snippet":"max-snippet:-1","max-image-preview":"max-image-preview:large","max-video-preview":"max-video-preview:-1"},"canonical":"https:\/\/www.electroluxprofessional.com\/cz\/beverage-solutions\/","og_locale":"cs_CZ","og_type":"article","og_title":"\u0158e\u0161en\u00ed pro p\u0159\u00edpravu n\u00e1poj\u016f - Electrolux Professional \u010cesk\u00e1 republika","og_description":"Nov\u00e1 n\u00e1pojov\u00e1 \u0159e\u0161en\u00ed pro roz\u0161\u00ed\u0159en\u00ed nab\u00eddky a sn\u00ed\u017een\u00ed odpadu, zjednodu\u0161en\u00ed pou\u017e\u00edv\u00e1n\u00ed a p\u0159ekon\u00e1n\u00ed o\u010dek\u00e1v\u00e1n\u00ed va\u0161ich z\u00e1kazn\u00edk\u016f ohledn\u011b lahodn\u00fdch kvalitn\u00edch n\u00e1poj\u016f.","og_url":"https:\/\/www.electroluxprofessional.com\/cz\/beverage-solutions\/","og_site_name":"Electrolux Professional \u010cesk\u00e1 republika","article_publisher":"https:\/\/www.facebook.com\/electroluxprofessional","article_modified_time":"2025-05-26T12:29:53+00:00","twitter_card":"summary_large_image","twitter_site":"@ElectroluxPro","twitter_misc":{"Odhadovan\u00e1 doba \u010dten\u00ed":"3 minuty"},"schema":{"@context":"https:\/\/schema.org","@graph":[{"@type":"WebPage","@id":"https:\/\/www.electroluxprofessional.com\/cz\/beverage-solutions\/","url":"https:\/\/www.electroluxprofessional.com\/cz\/beverage-solutions\/","name":"\u0158e\u0161en\u00ed pro p\u0159\u00edpravu n\u00e1poj\u016f - Electrolux Professional \u010cesk\u00e1 republika","isPartOf":{"@id":"https:\/\/www.electroluxprofessional.com\/cz\/#website"},"datePublished":"2020-05-25T09:33:54+00:00","dateModified":"2025-05-26T12:29:53+00:00","description":"Nov\u00e1 n\u00e1pojov\u00e1 \u0159e\u0161en\u00ed pro roz\u0161\u00ed\u0159en\u00ed nab\u00eddky a sn\u00ed\u017een\u00ed odpadu, zjednodu\u0161en\u00ed pou\u017e\u00edv\u00e1n\u00ed a p\u0159ekon\u00e1n\u00ed o\u010dek\u00e1v\u00e1n\u00ed va\u0161ich z\u00e1kazn\u00edk\u016f ohledn\u011b lahodn\u00fdch kvalitn\u00edch n\u00e1poj\u016f.","breadcrumb":{"@id":"https:\/\/www.electroluxprofessional.com\/cz\/beverage-solutions\/#breadcrumb"},"inLanguage":"cs","potentialAction":[{"@type":"ReadAction","target":["https:\/\/www.electroluxprofessional.com\/cz\/beverage-solutions\/"]}]},{"@type":"BreadcrumbList","@id":"https:\/\/www.electroluxprofessional.com\/cz\/beverage-solutions\/#breadcrumb","itemListElement":[{"@type":"ListItem","position":1,"name":"Home","item":"https:\/\/www.electroluxprofessional.com\/cz\/"},{"@type":"ListItem","position":2,"name":"\u0158e\u0161en\u00ed pro p\u0159\u00edpravu n\u00e1poj\u016f"}]},{"@type":"WebSite","@id":"https:\/\/www.electroluxprofessional.com\/cz\/#website","url":"https:\/\/www.electroluxprofessional.com\/cz\/","name":"Electrolux Professional \u010cesk\u00e1 republika","description":"","potentialAction":[{"@type":"SearchAction","target":{"@type":"EntryPoint","urlTemplate":"https:\/\/www.electroluxprofessional.com\/cz\/?src={search_term_string}"},"query-input":"required name=search_term_string"}],"inLanguage":"cs"}]}},"_links":{"self":[{"href":"https:\/\/www.electroluxprofessional.com\/cz\/wp-json\/wp\/v2\/pages\/5119"}],"collection":[{"href":"https:\/\/www.electroluxprofessional.com\/cz\/wp-json\/wp\/v2\/pages"}],"about":[{"href":"https:\/\/www.electroluxprofessional.com\/cz\/wp-json\/wp\/v2\/types\/page"}],"author":[{"embeddable":true,"href":"https:\/\/www.electroluxprofessional.com\/cz\/wp-json\/wp\/v2\/users\/39"}],"replies":[{"embeddable":true,"href":"https:\/\/www.electroluxprofessional.com\/cz\/wp-json\/wp\/v2\/comments?post=5119"}],"version-history":[{"count":10,"href":"https:\/\/www.electroluxprofessional.com\/cz\/wp-json\/wp\/v2\/pages\/5119\/revisions"}],"predecessor-version":[{"id":13511,"href":"https:\/\/www.electroluxprofessional.com\/cz\/wp-json\/wp\/v2\/pages\/5119\/revisions\/13511"}],"wp:attachment":[{"href":"https:\/\/www.electroluxprofessional.com\/cz\/wp-json\/wp\/v2\/media?parent=5119"}],"curies":[{"name":"wp","href":"https:\/\/api.w.org\/{rel}","templated":true}]}}