{"id":4885,"date":"2019-03-28T16:48:06","date_gmt":"2019-03-28T15:48:06","guid":{"rendered":"https:\/\/www.electroluxprofessional.com\/?page_id=22294"},"modified":"2025-11-06T11:09:26","modified_gmt":"2025-11-06T11:09:26","slug":"zmrzlinove-stroje","status":"publish","type":"page","link":"https:\/\/www.electroluxprofessional.com\/cz\/zmrzlinove-stroje\/","title":{"rendered":"Zmrzlinov\u00e9 stroje"},"content":{"rendered":"<p>[vc_row full_width=&#8221;electroluxpro-full-width-no-padding&#8221;][vc_column][elx_image_block background_image=&#8221;4880&#8243; minimum_height=&#8221;350px&#8221;][vc_empty_space][\/vc_column][\/vc_row][vc_row][vc_column][elx_heading font_container=&#8221;h1&#8243; font_size=&#8221;h3&#8243; text_color=&#8221;electrolux-blue&#8221; text_align=&#8221;text-left&#8221;]Zmrzlinov\u00e9 stroje[\/elx_heading][vc_column_text]Mal\u00e9, tich\u00e9 a v\u00fdkonn\u00e9 zmrzlinov\u00e9 stroje pomohou va\u0161emu obchodu r\u016fst.[\/vc_column_text][\/vc_column][\/vc_row][vc_row][vc_column width=&#8221;1\/3&#8243;][vc_row_inner][vc_column_inner width=&#8221;1\/4&#8243;][vc_single_image image=&#8221;4815&#8243; img_size=&#8221;68&#215;68&#8243; alignment=&#8221;right&#8221;][\/vc_column_inner][vc_column_inner width=&#8221;3\/4&#8243;][elx_heading font_container=&#8221;h3&#8243; font_size=&#8221;h3&#8243; text_color=&#8221;inherit&#8221; text_align=&#8221;text-left&#8221;]Spolehliv\u00fd v\u00fdkon[\/elx_heading][vc_column_text]V\u017edy perfektn\u00ed v\u00fdsledek.[\/vc_column_text][\/vc_column_inner][\/vc_row_inner][\/vc_column][vc_column width=&#8221;1\/3&#8243;][vc_row_inner][vc_column_inner width=&#8221;1\/4&#8243;][vc_single_image image=&#8221;4882&#8243; img_size=&#8221;68&#215;68&#8243; alignment=&#8221;right&#8221;][\/vc_column_inner][vc_column_inner width=&#8221;3\/4&#8243;][elx_heading font_container=&#8221;h3&#8243; font_size=&#8221;h3&#8243; text_color=&#8221;inherit&#8221; text_align=&#8221;text-left&#8221;]Tich\u00e9 a kompaktn\u00ed[\/elx_heading][vc_column_text]Ide\u00e1ln\u00ed pro mal\u00e9 prostory.[\/vc_column_text][\/vc_column_inner][\/vc_row_inner][\/vc_column][vc_column width=&#8221;1\/3&#8243;][elx_download_block text=&#8221;Beverage solutions<br \/>\nproduct catalogue&#8221; link=&#8221;http:\/\/files.professional.electrolux.com\/docs\/?n=BR-9JE00131&amp;b=5&amp;l=1&#8243; background_color=&#8221;orange&#8221; background_image=&#8221;4881&#8243;][\/vc_column][\/vc_row][vc_row][vc_column][vc_empty_space height=&#8221;15px&#8221;][\/vc_column][\/vc_row][vc_row][vc_column width=&#8221;1\/2&#8243;][elx_heading font_size=&#8221;h3&#8243; text_color=&#8221;electrolux-blue&#8221; text_align=&#8221;text-left&#8221;]Zmrzlinov\u00e9 stroje, a\u017e 85 kornout\u016f za hodinu[\/elx_heading][elx_heading font_container=&#8221;h3&#8243; font_size=&#8221;h5&#8243; text_color=&#8221;electrolux-blue&#8221; text_align=&#8221;text-left&#8221;]Profesion\u00e1ln\u00ed a efektivn\u00ed[\/elx_heading][vc_column_text]Spole\u010dnost Electrolux vyvinula novou kompaktn\u00ed \u0159adu automat\u016f na <strong>zmrzlinu a mra\u017een\u00fd jogurt<\/strong>, kter\u00e1 je vhodn\u00e1 pro mal\u00e9 prostory.Zmrzlinov\u00e9 stroje <strong>se snadno ovl\u00e1daj\u00ed<\/strong>, jsou praktick\u00e9 a spolehliv\u00e9, <strong>tich\u00e9 a snadno se \u010dist\u00ed<\/strong>. Dostupn\u00e9 ve verz\u00edch vyu\u017e\u00edvaj\u00edc\u00edch samosp\u00e1d \u010di pumpu.[\/vc_column_text][vc_empty_space height=&#8221;50px&#8221;][\/vc_column][vc_column width=&#8221;1\/2&#8243;][vc_empty_space][vc_single_image image=&#8221;5494&#8243; img_size=&#8221;medium&#8221; alignment=&#8221;center&#8221;][\/vc_column][\/vc_row][vc_row][vc_column][vc_empty_space][\/vc_column][\/vc_row][vc_row][vc_column width=&#8221;1\/2&#8243;][elx_heading font_size=&#8221;h3&#8243; text_color=&#8221;electrolux-blue&#8221; text_align=&#8221;text-left&#8221;]Zmrzlinov\u00e9 stroje, a\u017e 150 kornout\u016f za hodinu[\/elx_heading][elx_heading font_container=&#8221;h3&#8243; font_size=&#8221;h5&#8243; text_color=&#8221;electrolux-blue&#8221; text_align=&#8221;text-left&#8221;]Kvalitn\u00ed zmrzlina pro velkoobjemov\u00fd prodej[\/elx_heading][vc_column_text]Tato \u0159ada je jednou z<strong> nejmen\u0161\u00edch a nej\u00fasporn\u011bj\u0161\u00edch stroj\u016f na trhu.<\/strong> Inovativn\u00ed chladic\u00ed syst\u00e9m zaji\u0161\u0165uje vysokou produktivitu p\u0159i zachov\u00e1n\u00ed kvality.<br \/>\nVyberte si ze dvou syst\u00e9m\u016f pln\u011bn\u00ed:<strong> samosp\u00e1d <\/strong>\u010di <strong>pumpa.<\/strong>[\/vc_column_text][vc_empty_space height=&#8221;50px&#8221;][\/vc_column][vc_column width=&#8221;1\/2&#8243;][vc_empty_space][vc_single_image image=&#8221;5496&#8243; img_size=&#8221;medium&#8221; alignment=&#8221;center&#8221;][\/vc_column][\/vc_row][vc_row][vc_column][vc_empty_space height=&#8221;15px&#8221;][\/vc_column][\/vc_row][vc_row][vc_column][vc_empty_space height=&#8221;42px&#8221;]<div class=\"com21-product-filter-container 100\">[\/vc_column][\/vc_row][vc_row css=&#8221;.vc_custom_1516904946877{border-top-width: 1px !important;background-color: #ffffff !important;border-top-color: #eeeeee !important;border-top-style: solid !important;}&#8221;][vc_column reveal_effect=&#8221;&#8221;][vc_empty_space height=&#8221;80px&#8221;][elx_heading font_size=&#8221;h3&#8243; text_color=&#8221;inherit&#8221; text_align=&#8221;text-left&#8221;]Zjist\u011bte v\u00edc o zmrzlinov\u00fdch stroj\u00edch[\/elx_heading][elx_o2000_contact_us r=&#8221;Cht\u011bl\/a bych se dozv\u011bd\u011bt v\u00edce o zmrzlinov\u00fdch stroj\u00edch. Kontaktujte mne pros\u00edm.&#8221; s=&#8221;\u017d\u00e1dost o informaci &#8211; Zmrzlinov\u00e9 stroje.&#8221; country=&#8221;Czech Republic&#8221; l=&#8221;cz&#8221;][\/vc_column][\/vc_row][vc_row][vc_column][vc_empty_space height=&#8221;100px&#8221;][elx_heading font_size=&#8221;h3&#8243; text_color=&#8221;inherit&#8221; text_align=&#8221;text-left&#8221;]Najd\u011bte Va\u0161e \u0159e\u0161en\u00ed[\/elx_heading][\/vc_column][\/vc_row][vc_row][vc_column width=&#8221;1\/3&#8243;][elx_maylike_box id_box=&#8221;2533&#8243;][\/vc_column][vc_column width=&#8221;1\/3&#8243;][elx_maylike_box id_box=&#8221;2464&#8243;][\/vc_column][vc_column width=&#8221;1\/3&#8243;][elx_maylike_box id_box=&#8221;2466&#8243;][\/vc_column][\/vc_row]<\/p>\n","protected":false},"excerpt":{"rendered":"<p>[vc_row full_width=&#8221;electroluxpro-full-width-no-padding&#8221;][vc_column][elx_image_block background_image=&#8221;4880&#8243; minimum_height=&#8221;350px&#8221;][vc_empty_space][\/vc_column][\/vc_row][vc_row][vc_column][elx_heading font_container=&#8221;h1&#8243; font_size=&#8221;h3&#8243; text_color=&#8221;electrolux-blue&#8221; text_align=&#8221;text-left&#8221;]Zmrzlinov\u00e9 stroje[\/elx_heading][vc_column_text]Mal\u00e9, tich\u00e9 a v\u00fdkonn\u00e9 zmrzlinov\u00e9 stroje pomohou va\u0161emu obchodu r\u016fst.[\/vc_column_text][\/vc_column][\/vc_row][vc_row][vc_column width=&#8221;1\/3&#8243;][vc_row_inner][vc_column_inner width=&#8221;1\/4&#8243;][vc_single_image image=&#8221;4815&#8243; img_size=&#8221;68&#215;68&#8243; alignment=&#8221;right&#8221;][\/vc_column_inner][vc_column_inner width=&#8221;3\/4&#8243;][elx_heading font_container=&#8221;h3&#8243; font_size=&#8221;h3&#8243; text_color=&#8221;inherit&#8221; text_align=&#8221;text-left&#8221;]Spolehliv\u00fd v\u00fdkon[\/elx_heading][vc_column_text]V\u017edy perfektn\u00ed v\u00fdsledek.[\/vc_column_text][\/vc_column_inner][\/vc_row_inner][\/vc_column][vc_column width=&#8221;1\/3&#8243;][vc_row_inner][vc_column_inner width=&#8221;1\/4&#8243;][vc_single_image image=&#8221;4882&#8243; img_size=&#8221;68&#215;68&#8243; alignment=&#8221;right&#8221;][\/vc_column_inner][vc_column_inner width=&#8221;3\/4&#8243;][elx_heading font_container=&#8221;h3&#8243; font_size=&#8221;h3&#8243; text_color=&#8221;inherit&#8221; text_align=&#8221;text-left&#8221;]Tich\u00e9 a kompaktn\u00ed[\/elx_heading][vc_column_text]Ide\u00e1ln\u00ed pro mal\u00e9 prostory.[\/vc_column_text][\/vc_column_inner][\/vc_row_inner][\/vc_column][vc_column width=&#8221;1\/3&#8243;][elx_download_block text=&#8221;Beverage solutions product catalogue&#8221; link=&#8221;http:\/\/files.professional.electrolux.com\/docs\/?n=BR-9JE00131&amp;b=5&amp;l=1&#8243; background_color=&#8221;orange&#8221; background_image=&#8221;4881&#8243;][\/vc_column][\/vc_row][vc_row][vc_column][vc_empty_space height=&#8221;15px&#8221;][\/vc_column][\/vc_row][vc_row][vc_column [&hellip;]<\/p>\n","protected":false},"author":7,"featured_media":0,"parent":0,"menu_order":0,"comment_status":"closed","ping_status":"closed","template":"","meta":{"footnotes":""},"class_list":["post-4885","page","type-page","status-publish","hentry"],"acf":[],"yoast_head":"<!-- This site is optimized with the Yoast SEO plugin v23.3 - https:\/\/yoast.com\/wordpress\/plugins\/seo\/ -->\n<title>Zmrzlinov\u00e9 stroje - Electrolux Professional \u010cesk\u00e1 republika<\/title>\n<meta name=\"description\" content=\"Objevte Electrolux Professional \u0159adu kompaktn\u00edch pultov\u00fdch d\u00e1vkova\u010d\u016f zmrzliny a mra\u017een\u00e9ho jogurtu.\" \/>\n<meta name=\"robots\" content=\"index, follow, max-snippet:-1, max-image-preview:large, max-video-preview:-1\" \/>\n<link rel=\"canonical\" href=\"https:\/\/www.electroluxprofessional.com\/cz\/zmrzlinove-stroje\/\" \/>\n<meta property=\"og:locale\" content=\"cs_CZ\" \/>\n<meta property=\"og:type\" content=\"article\" \/>\n<meta property=\"og:title\" content=\"Zmrzlinov\u00e9 stroje - Electrolux Professional \u010cesk\u00e1 republika\" \/>\n<meta property=\"og:description\" content=\"Objevte Electrolux Professional \u0159adu kompaktn\u00edch pultov\u00fdch d\u00e1vkova\u010d\u016f zmrzliny a mra\u017een\u00e9ho jogurtu.\" \/>\n<meta property=\"og:url\" content=\"https:\/\/www.electroluxprofessional.com\/cz\/zmrzlinove-stroje\/\" \/>\n<meta property=\"og:site_name\" content=\"Electrolux Professional \u010cesk\u00e1 republika\" \/>\n<meta property=\"article:publisher\" content=\"https:\/\/www.facebook.com\/electroluxprofessional\" \/>\n<meta property=\"article:modified_time\" content=\"2025-11-06T11:09:26+00:00\" \/>\n<meta name=\"twitter:card\" content=\"summary_large_image\" \/>\n<meta name=\"twitter:site\" content=\"@ElectroluxPro\" \/>\n<meta name=\"twitter:label1\" content=\"Odhadovan\u00e1 doba \u010dten\u00ed\" \/>\n\t<meta name=\"twitter:data1\" content=\"2 minuty\" \/>\n<script type=\"application\/ld+json\" class=\"yoast-schema-graph\">{\"@context\":\"https:\/\/schema.org\",\"@graph\":[{\"@type\":\"WebPage\",\"@id\":\"https:\/\/www.electroluxprofessional.com\/cz\/zmrzlinove-stroje\/\",\"url\":\"https:\/\/www.electroluxprofessional.com\/cz\/zmrzlinove-stroje\/\",\"name\":\"Zmrzlinov\u00e9 stroje - Electrolux Professional \u010cesk\u00e1 republika\",\"isPartOf\":{\"@id\":\"https:\/\/www.electroluxprofessional.com\/cz\/#website\"},\"datePublished\":\"2019-03-28T15:48:06+00:00\",\"dateModified\":\"2025-11-06T11:09:26+00:00\",\"description\":\"Objevte Electrolux Professional \u0159adu kompaktn\u00edch pultov\u00fdch d\u00e1vkova\u010d\u016f zmrzliny a mra\u017een\u00e9ho jogurtu.\",\"breadcrumb\":{\"@id\":\"https:\/\/www.electroluxprofessional.com\/cz\/zmrzlinove-stroje\/#breadcrumb\"},\"inLanguage\":\"cs\",\"potentialAction\":[{\"@type\":\"ReadAction\",\"target\":[\"https:\/\/www.electroluxprofessional.com\/cz\/zmrzlinove-stroje\/\"]}]},{\"@type\":\"BreadcrumbList\",\"@id\":\"https:\/\/www.electroluxprofessional.com\/cz\/zmrzlinove-stroje\/#breadcrumb\",\"itemListElement\":[{\"@type\":\"ListItem\",\"position\":1,\"name\":\"Home\",\"item\":\"https:\/\/www.electroluxprofessional.com\/cz\/\"},{\"@type\":\"ListItem\",\"position\":2,\"name\":\"Zmrzlinov\u00e9 stroje\"}]},{\"@type\":\"WebSite\",\"@id\":\"https:\/\/www.electroluxprofessional.com\/cz\/#website\",\"url\":\"https:\/\/www.electroluxprofessional.com\/cz\/\",\"name\":\"Electrolux Professional \u010cesk\u00e1 republika\",\"description\":\"\",\"potentialAction\":[{\"@type\":\"SearchAction\",\"target\":{\"@type\":\"EntryPoint\",\"urlTemplate\":\"https:\/\/www.electroluxprofessional.com\/cz\/?src={search_term_string}\"},\"query-input\":\"required name=search_term_string\"}],\"inLanguage\":\"cs\"}]}<\/script>\n<!-- \/ Yoast SEO plugin. -->","yoast_head_json":{"title":"Zmrzlinov\u00e9 stroje - Electrolux Professional \u010cesk\u00e1 republika","description":"Objevte Electrolux Professional \u0159adu kompaktn\u00edch pultov\u00fdch d\u00e1vkova\u010d\u016f zmrzliny a mra\u017een\u00e9ho jogurtu.","robots":{"index":"index","follow":"follow","max-snippet":"max-snippet:-1","max-image-preview":"max-image-preview:large","max-video-preview":"max-video-preview:-1"},"canonical":"https:\/\/www.electroluxprofessional.com\/cz\/zmrzlinove-stroje\/","og_locale":"cs_CZ","og_type":"article","og_title":"Zmrzlinov\u00e9 stroje - Electrolux Professional \u010cesk\u00e1 republika","og_description":"Objevte Electrolux Professional \u0159adu kompaktn\u00edch pultov\u00fdch d\u00e1vkova\u010d\u016f zmrzliny a mra\u017een\u00e9ho jogurtu.","og_url":"https:\/\/www.electroluxprofessional.com\/cz\/zmrzlinove-stroje\/","og_site_name":"Electrolux Professional \u010cesk\u00e1 republika","article_publisher":"https:\/\/www.facebook.com\/electroluxprofessional","article_modified_time":"2025-11-06T11:09:26+00:00","twitter_card":"summary_large_image","twitter_site":"@ElectroluxPro","twitter_misc":{"Odhadovan\u00e1 doba \u010dten\u00ed":"2 minuty"},"schema":{"@context":"https:\/\/schema.org","@graph":[{"@type":"WebPage","@id":"https:\/\/www.electroluxprofessional.com\/cz\/zmrzlinove-stroje\/","url":"https:\/\/www.electroluxprofessional.com\/cz\/zmrzlinove-stroje\/","name":"Zmrzlinov\u00e9 stroje - Electrolux Professional \u010cesk\u00e1 republika","isPartOf":{"@id":"https:\/\/www.electroluxprofessional.com\/cz\/#website"},"datePublished":"2019-03-28T15:48:06+00:00","dateModified":"2025-11-06T11:09:26+00:00","description":"Objevte Electrolux Professional \u0159adu kompaktn\u00edch pultov\u00fdch d\u00e1vkova\u010d\u016f zmrzliny a mra\u017een\u00e9ho jogurtu.","breadcrumb":{"@id":"https:\/\/www.electroluxprofessional.com\/cz\/zmrzlinove-stroje\/#breadcrumb"},"inLanguage":"cs","potentialAction":[{"@type":"ReadAction","target":["https:\/\/www.electroluxprofessional.com\/cz\/zmrzlinove-stroje\/"]}]},{"@type":"BreadcrumbList","@id":"https:\/\/www.electroluxprofessional.com\/cz\/zmrzlinove-stroje\/#breadcrumb","itemListElement":[{"@type":"ListItem","position":1,"name":"Home","item":"https:\/\/www.electroluxprofessional.com\/cz\/"},{"@type":"ListItem","position":2,"name":"Zmrzlinov\u00e9 stroje"}]},{"@type":"WebSite","@id":"https:\/\/www.electroluxprofessional.com\/cz\/#website","url":"https:\/\/www.electroluxprofessional.com\/cz\/","name":"Electrolux Professional \u010cesk\u00e1 republika","description":"","potentialAction":[{"@type":"SearchAction","target":{"@type":"EntryPoint","urlTemplate":"https:\/\/www.electroluxprofessional.com\/cz\/?src={search_term_string}"},"query-input":"required name=search_term_string"}],"inLanguage":"cs"}]}},"_links":{"self":[{"href":"https:\/\/www.electroluxprofessional.com\/cz\/wp-json\/wp\/v2\/pages\/4885"}],"collection":[{"href":"https:\/\/www.electroluxprofessional.com\/cz\/wp-json\/wp\/v2\/pages"}],"about":[{"href":"https:\/\/www.electroluxprofessional.com\/cz\/wp-json\/wp\/v2\/types\/page"}],"author":[{"embeddable":true,"href":"https:\/\/www.electroluxprofessional.com\/cz\/wp-json\/wp\/v2\/users\/7"}],"replies":[{"embeddable":true,"href":"https:\/\/www.electroluxprofessional.com\/cz\/wp-json\/wp\/v2\/comments?post=4885"}],"version-history":[{"count":10,"href":"https:\/\/www.electroluxprofessional.com\/cz\/wp-json\/wp\/v2\/pages\/4885\/revisions"}],"predecessor-version":[{"id":14009,"href":"https:\/\/www.electroluxprofessional.com\/cz\/wp-json\/wp\/v2\/pages\/4885\/revisions\/14009"}],"wp:attachment":[{"href":"https:\/\/www.electroluxprofessional.com\/cz\/wp-json\/wp\/v2\/media?parent=4885"}],"curies":[{"name":"wp","href":"https:\/\/api.w.org\/{rel}","templated":true}]}}