{"id":4877,"date":"2019-03-28T17:06:27","date_gmt":"2019-03-28T16:06:27","guid":{"rendered":"https:\/\/www.electroluxprofessional.com\/?page_id=22169"},"modified":"2025-12-17T12:51:26","modified_gmt":"2025-12-17T12:51:26","slug":"automaty-na-horke-napoje","status":"publish","type":"page","link":"https:\/\/www.electroluxprofessional.com\/cz\/automaty-na-horke-napoje\/","title":{"rendered":"Z\u00e1sobn\u00edky na hork\u00e9 n\u00e1poje"},"content":{"rendered":"<p>[vc_row full_width=&#8221;electroluxpro-full-width-no-padding&#8221;][vc_column][elx_image_block background_image=&#8221;4870&#8243; minimum_height=&#8221;350px&#8221;][vc_empty_space][\/vc_column][\/vc_row][vc_row][vc_column width=&#8221;2\/3&#8243;][elx_heading font_container=&#8221;h1&#8243; font_size=&#8221;h3&#8243; text_color=&#8221;inherit&#8221;]Z\u00e1sobn\u00edky na hork\u00e9 n\u00e1poje[\/elx_heading][vc_column_text]P\u0159\u00edjemn\u00fd z\u00e1\u017eitek z\u00a0hork\u00e9ho n\u00e1poje, kter\u00fd v\u00e1s uspokoj\u00ed a pozitivn\u011b nalad\u00ed po cel\u00fd den.[\/vc_column_text][\/vc_column][vc_column width=&#8221;1\/3&#8243;][elx_download_block text=&#8221;St\u00e1hn\u011bte si katalog v\u00fdrobk\u016f<br \/>\nn\u00e1pojov\u00e9 automaty&#8221; document_type=&#8221;brochures&#8221; link=&#8221;https:\/\/tools.electroluxprofessional.com\/Mirror\/Doc\/BR\/BR_BR-9JE00131_1_5_1_19_EPR%20Beverage%20Product%20Catalog%202021_LR.pdf&#8221; background_color=&#8221;electrolux-blue&#8221;][\/vc_column][\/vc_row][vc_row][vc_column width=&#8221;2\/3&#8243;][elx_heading font_size=&#8221;h3&#8243; text_color=&#8221;electrolux-blue&#8221; text_align=&#8221;text-left&#8221;]Z\u00e1sobn\u00edky na n\u00e1poje<br \/>\nz pr\u00e1\u0161ku[\/elx_heading][elx_heading font_container=&#8221;h3&#8243; font_size=&#8221;h5&#8243; text_color=&#8221;electrolux-blue&#8221; text_align=&#8221;text-left&#8221;]Kvalitn\u00ed hork\u00e9 n\u00e1poje na dosah ruky[\/elx_heading][vc_column_text]Praktick\u00e9, snadno pou\u017eiteln\u00e9\u00a0<strong>syst\u00e9my na rozpustn\u00e9 n\u00e1poje<\/strong>.<br \/>\n<strong>Podsv\u00edcen\u00fd p\u0159edn\u00ed panel\u00a0<\/strong>zjednodu\u0161uje v\u00fdb\u011br n\u00e1poje.<br \/>\nZ\u00e1sobn\u00edk se hod\u00ed do ka\u017ed\u00e9ho provozu a pozvedne v\u00e1\u0161 obchod na vy\u0161\u0161\u00ed \u00farove\u0148.[\/vc_column_text][\/vc_column][vc_column width=&#8221;1\/3&#8243;][vc_single_image image=&#8221;4875&#8243; img_size=&#8221;full&#8221; alignment=&#8221;right&#8221;][\/vc_column][\/vc_row][vc_row][vc_column][vc_empty_space height=&#8221;60px&#8221;][\/vc_column][\/vc_row][vc_row][vc_column width=&#8221;3\/4&#8243;][elx_heading font_size=&#8221;h3&#8243; text_color=&#8221;inherit&#8221;]Z\u00e1sobn\u00edky na horkou \u010dokol\u00e1du[\/elx_heading][elx_heading font_container=&#8221;h3&#8243; font_size=&#8221;h5&#8243; text_color=&#8221;inherit&#8221;]V\u017edy v\u00e1m poskytne dokonalou \u010dokol\u00e1du.[\/elx_heading][vc_column_text]<\/p>\n<div class=\"wpb_text_column wpb_content_element \">\n<div class=\"\">\n<p>Na\u0161e z\u00e1sobn\u00edky jsou\u00a0<strong>lehk\u00e9, mal\u00e9 a funk\u010dn\u00ed<\/strong>, snadno se p\u0159en\u00e1\u0161ej\u00ed a \u010dist\u00ed.<br \/>\nVyzkou\u0161ejte na\u0161i horkou \u010dokol\u00e1du.<\/p>\n<\/div>\n<\/div>\n<p>[\/vc_column_text][vc_empty_space][\/vc_column][vc_column width=&#8221;1\/4&#8243;][vc_single_image image=&#8221;4876&#8243; img_size=&#8221;full&#8221;][\/vc_column][\/vc_row][vc_row][vc_column][vc_empty_space height=&#8221;60px&#8221;][\/vc_column][\/vc_row][vc_row][vc_column width=&#8221;1\/3&#8243;][elx_image_block background_image=&#8221;4872&#8243; minimum_height=&#8221;360px&#8221;][\/vc_column][vc_column width=&#8221;1\/3&#8243;][elx_image_block background_image=&#8221;4873&#8243; minimum_height=&#8221;360px&#8221;][\/vc_column][vc_column width=&#8221;1\/3&#8243;][elx_image_block background_image=&#8221;4874&#8243; minimum_height=&#8221;360px&#8221;][\/vc_column][\/vc_row][vc_row][vc_column][vc_empty_space height=&#8221;50px&#8221;]<div class=\"com21-product-filter-container 117\">\n                    <!-- PROD FILTER -->\n                    \n                    <div class=\"container\">\n                        <h4 class=\"text-center\">\n                            Filtr (3 v\u00fdrobk\u016f)\n                        <\/h4>\n                    <\/div>\n                    <div class=\"specification-filter\">\n                        <div class=\"toggle-filter-container\">\n                            <div class=\"container text-center\">\n                                <a href=\"#filter\" class=\"toggle-filter small-toggle\" data-target=\".category-filter\"  data-class-toggle=\"category-filter-show\" aria-pressed=\"true\" role=\"button\" id=\"open-product-features\">Filtr<\/a>\n                            <\/div>\n                        <\/div>\n                        <div class=\"category-filter category-filter-show\">\n                            <div class=\"container\">\n                    <div class=\"row\">\n                        <div class=\"col-md-4 text-left\">\n                            <fieldset>       \n                                <h5 class=\"h6\">Produktov\u00e1 \u0159ada<\/h5>\n                                <div class=\"category-check\">\n                                    <input type=\"checkbox\" name=\"q\" id=\"q-zasobniky-teplych-napoju-gh\" data-code=\"Q\" data-value=\"Z\u00e1sobn\u00edky tepl\u00fdch n\u00e1poj\u016f - GH\" >\n                                    <label for=\"q-zasobniky-teplych-napoju-gh\">Z\u00e1sobn\u00edky tepl\u00fdch n\u00e1poj\u016f - GH<\/label>\n                                <\/div>\n                            \n                                <div class=\"category-check\">\n                                    <input type=\"checkbox\" name=\"p\" id=\"p-zasobniky-horke-cokolady-ll\" data-code=\"P\" data-value=\"Z\u00e1sobn\u00edky hork\u00e9 \u010dokol\u00e1dy- LL\" >\n                                    <label for=\"p-zasobniky-horke-cokolady-ll\">Z\u00e1sobn\u00edky hork\u00e9 \u010dokol\u00e1dy- LL<\/label>\n                                <\/div>\n                            \n                            <\/fieldset>\n                        <\/div><!-- end col -->\n                        <\/div>\n        \n                                <div class=\"row\">\n                                    <div class=\"col-md-6 text-left\">\n                                        <span class=\"number-of-products\"><span id=\"number-of-products\">3<\/span> V\u00fdrobky<\/span> <a href=\"#\" class=\"btn btn-secondary-bordered\" id=\"filter-reset-btn\">Reset<\/a>\n                                    <\/div>\n                                    <div class=\"col-md-6 text-right\">\n                                        <a href=\"#\" class=\"close-toggle no-pd-toggle\" data-parent=\"open-product-features\"  aria-pressed=\"true\" role=\"button\">Zav\u0159\u00edt<\/a>\n                                    <\/div>\n                                <\/div>\n                                \n                            <\/div><!-- end container -->\n                        <\/div><!-- end category-filter -->\n                    <\/div><!-- end specification-filter -->\n        \n                    <!-- END PROD FILTER -->\n                    \n                    <!-- PROD LIST -->\n                    <div class=\"product-list container\">\n                        <!--Hidden parameters-->\n                        <input type=\"hidden\" name=\"navigation_level_1\" id=\"navigation_level_1\" value=\"\u00d6\">\n                        <input type=\"hidden\" name=\"navigation_level_2\" id=\"navigation_level_2\" value=\"A\">\n                        <input type=\"hidden\" name=\"navigation_level_3\" id=\"navigation_level_3\" value=\"\">\n                        <input type=\"hidden\" name=\"navigation_level_4\" id=\"navigation_level_4\" value=\"\">\n                        <input type=\"hidden\" name=\"filter_id\" id=\"filter_id\" value=\"117\">\n                        <input type=\"hidden\" name=\"navigation_language\" id=\"navigation_language\" value=\"5021\">\n                        <input type=\"hidden\" name=\"navigation_language_code\" id=\"navigation_language\" value=\"5021\">\n                        <input type=\"hidden\" name=\"page_id\" id=\"page_id\" value=\"4877\">\n                        <!--END Hidden parameters--><ul class=\"row\" ><li data-product-paged=\"\" class=\"anchor_tags_prod col-sm-6 col-md-3 wow fadeIn single-product-list 560018\"><div class=\"product-list-item\"><div class=\"product-content\"><a href=\"https:\/\/www.electroluxprofessional.com\/cz\/pd\/za\u0159\u00edzen\u00ed-pro-p\u0159\u00edpravu-n\u00e1poj\u016f\/za\u0159\u00edzen\u00ed-pro-p\u0159\u00edpravu-k\u00e1vy-a-tepl\u00fdch-n\u00e1poj\u016f\/z\u00e1sobn\u00edky-hork\u00e9-\u010dokol\u00e1dy-ll\/n\u00e1pojov\u00e9-z\u00e1sobn\u00edky-z\u00e1sobn\u00edk-na-horkou-\u010dokol\u00e1du-3-l-\u010dern\u00fd-560018\/\" target=\"_blank\" ><figure><img decoding=\"async\" src=\"https:\/\/tools.electroluxprofessional.com\/Mirror\/Doc\/PH_255x255%2FPH_560018_1_1_560018.jpg\" alt=\"N\u00e1pojov\u00e9 z\u00e1sobn\u00edkyZ\u00e1sobn\u00edk na horkou \u010dokol\u00e1du, 3 L, \u010dern\u00fd\"\/><\/figure><div class=\"product-internal\"><div class=\"product-liv\">Z\u00e1sobn\u00edky hork\u00e9 \u010dokol\u00e1dy- LL<\/div><h3 class=\"product-title\">N\u00e1pojov\u00e9 z\u00e1sobn\u00edky<br>Z\u00e1sobn\u00edk na horkou \u010dokol\u00e1du, 3 L, \u010dern\u00fd<\/h3><div class=\"product-icons\"><div class=\"product-green\"><\/div><div class=\"product-cod\"><div class=\"hidden type_code\">0<\/div>K\u00d3D <span class=\"product-code\" >560018<\/span><\/div><div class=\"product-fast\"><\/div>\n<\/div><div class=\"product-description-fast-green\"><\/div>\n<\/div><div class=\"product-actions\"><a href=\"https:\/\/www.electroluxprofessional.com\/cz\/pd\/za\u0159\u00edzen\u00ed-pro-p\u0159\u00edpravu-n\u00e1poj\u016f\/za\u0159\u00edzen\u00ed-pro-p\u0159\u00edpravu-k\u00e1vy-a-tepl\u00fdch-n\u00e1poj\u016f\/z\u00e1sobn\u00edky-hork\u00e9-\u010dokol\u00e1dy-ll\/n\u00e1pojov\u00e9-z\u00e1sobn\u00edky-z\u00e1sobn\u00edk-na-horkou-\u010dokol\u00e1du-3-l-\u010dern\u00fd-560018\/\" class=\"btn btn-primary-blue\">Zjistit v\u00edce<\/a><span class=\"compare-product\"><span class=\"compare-checkbox\"><span class=\"compare-checkbox-shape\"><input type=\"checkbox\" class=\"product-comparer\" id=\"prod_560018\"\/><label class=\"btn\" for=\"prod_560018\"><span class=\"label-bg\"><\/span>Porovnat<\/label><\/span><\/span><\/span><\/div><\/a><\/div><\/div><\/li><li data-product-paged=\"\" class=\"anchor_tags_prod col-sm-6 col-md-3 wow fadeIn single-product-list 560024\"><div class=\"product-list-item\"><div class=\"product-content\"><a href=\"https:\/\/www.electroluxprofessional.com\/cz\/pd\/za\u0159\u00edzen\u00ed-pro-p\u0159\u00edpravu-n\u00e1poj\u016f\/za\u0159\u00edzen\u00ed-pro-p\u0159\u00edpravu-k\u00e1vy-a-tepl\u00fdch-n\u00e1poj\u016f\/z\u00e1sobn\u00edky-tepl\u00fdch-n\u00e1poj\u016f-gh\/n\u00e1pojov\u00e9-z\u00e1sobn\u00edky-v\u00fdrobn\u00edk-tepl\u00fdch-n\u00e1poj\u016f-2-z\u00e1sobn\u00edky-na-rozpustn\u00e9-n\u00e1poje-\u010dern\u00fd-560024\/\" target=\"_blank\" ><figure><img decoding=\"async\" src=\"https:\/\/tools.electroluxprofessional.com\/Mirror\/Doc\/PH_255x255%2FPH_560024_1_1_560024.jpg\" alt=\"N\u00e1pojov\u00e9 z\u00e1sobn\u00edkyV\u00fdrobn\u00edk tepl\u00fdch n\u00e1poj\u016f, 2 z\u00e1sobn\u00edky na rozpustn\u00e9 n\u00e1poje, \u010dern\u00fd\"\/><\/figure><div class=\"product-internal\"><div class=\"product-liv\">Z\u00e1sobn\u00edky tepl\u00fdch n\u00e1poj\u016f - GH<\/div><h3 class=\"product-title\">N\u00e1pojov\u00e9 z\u00e1sobn\u00edky<br>V\u00fdrobn\u00edk tepl\u00fdch n\u00e1poj\u016f, 2 z\u00e1sobn\u00edky na rozpustn\u00e9 n\u00e1poje, \u010dern\u00fd<\/h3><div class=\"product-icons\"><div class=\"product-green\"><\/div><div class=\"product-cod\"><div class=\"hidden type_code\">0<\/div>K\u00d3D <span class=\"product-code\" >560024<\/span><\/div><div class=\"product-fast\"><\/div>\n<\/div><div class=\"product-description-fast-green\"><\/div>\n<\/div><div class=\"product-actions\"><a href=\"https:\/\/www.electroluxprofessional.com\/cz\/pd\/za\u0159\u00edzen\u00ed-pro-p\u0159\u00edpravu-n\u00e1poj\u016f\/za\u0159\u00edzen\u00ed-pro-p\u0159\u00edpravu-k\u00e1vy-a-tepl\u00fdch-n\u00e1poj\u016f\/z\u00e1sobn\u00edky-tepl\u00fdch-n\u00e1poj\u016f-gh\/n\u00e1pojov\u00e9-z\u00e1sobn\u00edky-v\u00fdrobn\u00edk-tepl\u00fdch-n\u00e1poj\u016f-2-z\u00e1sobn\u00edky-na-rozpustn\u00e9-n\u00e1poje-\u010dern\u00fd-560024\/\" class=\"btn btn-primary-blue\">Zjistit v\u00edce<\/a><span class=\"compare-product\"><span class=\"compare-checkbox\"><span class=\"compare-checkbox-shape\"><input type=\"checkbox\" class=\"product-comparer\" id=\"prod_560024\"\/><label class=\"btn\" for=\"prod_560024\"><span class=\"label-bg\"><\/span>Porovnat<\/label><\/span><\/span><\/span><\/div><\/a><\/div><\/div><\/li><li data-product-paged=\"\" class=\"anchor_tags_prod col-sm-6 col-md-3 wow fadeIn single-product-list 560019\"><div class=\"product-list-item\"><div class=\"product-content\"><a href=\"https:\/\/www.electroluxprofessional.com\/cz\/pd\/za\u0159\u00edzen\u00ed-pro-p\u0159\u00edpravu-n\u00e1poj\u016f\/za\u0159\u00edzen\u00ed-pro-p\u0159\u00edpravu-k\u00e1vy-a-tepl\u00fdch-n\u00e1poj\u016f\/z\u00e1sobn\u00edky-hork\u00e9-\u010dokol\u00e1dy-ll\/n\u00e1pojov\u00e9-z\u00e1sobn\u00edky-z\u00e1sobn\u00edk-na-horkou-\u010dokol\u00e1du-6-l-\u010dern\u00fd-560019\/\" target=\"_blank\" ><figure><img decoding=\"async\" src=\"https:\/\/tools.electroluxprofessional.com\/Mirror\/Doc\/PH_255x255%2FPH_560018_1_1_560018.jpg\" alt=\"N\u00e1pojov\u00e9 z\u00e1sobn\u00edkyZ\u00e1sobn\u00edk na horkou \u010dokol\u00e1du, 6 L, \u010dern\u00fd\"\/><\/figure><div class=\"product-internal\"><div class=\"product-liv\">Z\u00e1sobn\u00edky hork\u00e9 \u010dokol\u00e1dy- LL<\/div><h3 class=\"product-title\">N\u00e1pojov\u00e9 z\u00e1sobn\u00edky<br>Z\u00e1sobn\u00edk na horkou \u010dokol\u00e1du, 6 L, \u010dern\u00fd<\/h3><div class=\"product-icons\"><div class=\"product-green\"><\/div><div class=\"product-cod\"><div class=\"hidden type_code\">0<\/div>K\u00d3D <span class=\"product-code\" >560019<\/span><\/div><div class=\"product-fast\"><\/div>\n<\/div><div class=\"product-description-fast-green\"><\/div>\n<\/div><div class=\"product-actions\"><a href=\"https:\/\/www.electroluxprofessional.com\/cz\/pd\/za\u0159\u00edzen\u00ed-pro-p\u0159\u00edpravu-n\u00e1poj\u016f\/za\u0159\u00edzen\u00ed-pro-p\u0159\u00edpravu-k\u00e1vy-a-tepl\u00fdch-n\u00e1poj\u016f\/z\u00e1sobn\u00edky-hork\u00e9-\u010dokol\u00e1dy-ll\/n\u00e1pojov\u00e9-z\u00e1sobn\u00edky-z\u00e1sobn\u00edk-na-horkou-\u010dokol\u00e1du-6-l-\u010dern\u00fd-560019\/\" class=\"btn btn-primary-blue\">Zjistit v\u00edce<\/a><span class=\"compare-product\"><span class=\"compare-checkbox\"><span class=\"compare-checkbox-shape\"><input type=\"checkbox\" class=\"product-comparer\" id=\"prod_560019\"\/><label class=\"btn\" for=\"prod_560019\"><span class=\"label-bg\"><\/span>Porovnat<\/label><\/span><\/span><\/span><\/div><\/a><\/div><\/div><\/li>\n                        <\/ul>\n                        <div class=\"text-center more-products\">\n                        <\/div>\n                    <\/div>\n                    <!-- END PRODUCT LIST -->\n                    <\/div>\n                    <!-- END PRODUCT LIST -->[\/vc_column][\/vc_row][vc_row css=&#8221;.vc_custom_1516904946877{border-top-width: 1px !important;background-color: #ffffff !important;border-top-color: #eeeeee !important;border-top-style: solid !important;}&#8221;][vc_column reveal_effect=&#8221;&#8221;][vc_empty_space height=&#8221;80px&#8221;][elx_heading font_size=&#8221;h3&#8243; text_color=&#8221;inherit&#8221; text_align=&#8221;text-left&#8221;]Zjist\u011bte v\u00edc o z\u00e1sobn\u00edc\u00edch na hork\u00e9 n\u00e1poje[\/elx_heading][elx_o2000_contact_us s=&#8221;Po\u017eadavek z webov\u00fdch str\u00e1nek&#8221; country=&#8221;Czech Republic&#8221; b=&#8221;food&#8221; container=&#8221;elxcontactus1497376426&#8243; r=&#8221;M\u00edsto pro va\u0161i zpr\u00e1vu&#8230;&#8221; l=&#8221;cz&#8221; e=&#8221;&#8221;][\/vc_column][\/vc_row][vc_row][vc_column][vc_empty_space height=&#8221;100px&#8221;][elx_heading font_size=&#8221;h3&#8243; text_color=&#8221;inherit&#8221; text_align=&#8221;text-left&#8221;]Najd\u011bte Va\u0161e kompletn\u00ed \u0159e\u0161en\u00ed[\/elx_heading][\/vc_column][\/vc_row][vc_row][vc_column width=&#8221;1\/3&#8243;][elx_maylike_box id_box=&#8221;2533&#8243;][\/vc_column][vc_column width=&#8221;1\/3&#8243;][elx_maylike_box id_box=&#8221;2464&#8243;][\/vc_column][vc_column width=&#8221;1\/3&#8243;][elx_maylike_box id_box=&#8221;2466&#8243;][\/vc_column][\/vc_row]<\/p>\n","protected":false},"excerpt":{"rendered":"<p>[vc_row full_width=&#8221;electroluxpro-full-width-no-padding&#8221;][vc_column][elx_image_block background_image=&#8221;4870&#8243; minimum_height=&#8221;350px&#8221;][vc_empty_space][\/vc_column][\/vc_row][vc_row][vc_column width=&#8221;2\/3&#8243;][elx_heading font_container=&#8221;h1&#8243; font_size=&#8221;h3&#8243; text_color=&#8221;inherit&#8221;]Z\u00e1sobn\u00edky na hork\u00e9 n\u00e1poje[\/elx_heading][vc_column_text]P\u0159\u00edjemn\u00fd z\u00e1\u017eitek z\u00a0hork\u00e9ho n\u00e1poje, kter\u00fd v\u00e1s uspokoj\u00ed a pozitivn\u011b nalad\u00ed po cel\u00fd den.[\/vc_column_text][\/vc_column][vc_column width=&#8221;1\/3&#8243;][elx_download_block text=&#8221;St\u00e1hn\u011bte si katalog v\u00fdrobk\u016f n\u00e1pojov\u00e9 automaty&#8221; document_type=&#8221;brochures&#8221; link=&#8221;https:\/\/tools.electroluxprofessional.com\/Mirror\/Doc\/BR\/BR_BR-9JE00131_1_5_1_19_EPR%20Beverage%20Product%20Catalog%202021_LR.pdf&#8221; background_color=&#8221;electrolux-blue&#8221;][\/vc_column][\/vc_row][vc_row][vc_column width=&#8221;2\/3&#8243;][elx_heading font_size=&#8221;h3&#8243; text_color=&#8221;electrolux-blue&#8221; text_align=&#8221;text-left&#8221;]Z\u00e1sobn\u00edky na n\u00e1poje z pr\u00e1\u0161ku[\/elx_heading][elx_heading font_container=&#8221;h3&#8243; font_size=&#8221;h5&#8243; text_color=&#8221;electrolux-blue&#8221; text_align=&#8221;text-left&#8221;]Kvalitn\u00ed hork\u00e9 n\u00e1poje na dosah ruky[\/elx_heading][vc_column_text]Praktick\u00e9, snadno pou\u017eiteln\u00e9\u00a0syst\u00e9my na rozpustn\u00e9 n\u00e1poje. [&hellip;]<\/p>\n","protected":false},"author":7,"featured_media":0,"parent":0,"menu_order":0,"comment_status":"closed","ping_status":"closed","template":"","meta":{"footnotes":""},"class_list":["post-4877","page","type-page","status-publish","hentry"],"acf":[],"yoast_head":"<!-- This site is optimized with the Yoast SEO plugin v23.3 - https:\/\/yoast.com\/wordpress\/plugins\/seo\/ -->\n<title>Z\u00e1sobn\u00edky na hork\u00e9 n\u00e1poje - Electrolux Professional \u010cesk\u00e1 republika<\/title>\n<meta name=\"description\" content=\"Automaty na hork\u00e9 n\u00e1poje. Praktick\u00e9, snadno pou\u017eiteln\u00e9\u00a0syst\u00e9my na rozpustn\u00e9 n\u00e1poje. Podsv\u00edcen\u00fd p\u0159edn\u00ed panel\u00a0zjednodu\u0161uje v\u00fdb\u011br n\u00e1poje.\" \/>\n<meta name=\"robots\" content=\"index, follow, max-snippet:-1, max-image-preview:large, max-video-preview:-1\" \/>\n<link rel=\"canonical\" href=\"https:\/\/www.electroluxprofessional.com\/cz\/automaty-na-horke-napoje\/\" \/>\n<meta property=\"og:locale\" content=\"cs_CZ\" \/>\n<meta property=\"og:type\" content=\"article\" \/>\n<meta property=\"og:title\" content=\"Z\u00e1sobn\u00edky na hork\u00e9 n\u00e1poje - Electrolux Professional \u010cesk\u00e1 republika\" \/>\n<meta property=\"og:description\" content=\"Automaty na hork\u00e9 n\u00e1poje. Praktick\u00e9, snadno pou\u017eiteln\u00e9\u00a0syst\u00e9my na rozpustn\u00e9 n\u00e1poje. Podsv\u00edcen\u00fd p\u0159edn\u00ed panel\u00a0zjednodu\u0161uje v\u00fdb\u011br n\u00e1poje.\" \/>\n<meta property=\"og:url\" content=\"https:\/\/www.electroluxprofessional.com\/cz\/automaty-na-horke-napoje\/\" \/>\n<meta property=\"og:site_name\" content=\"Electrolux Professional \u010cesk\u00e1 republika\" \/>\n<meta property=\"article:publisher\" content=\"https:\/\/www.facebook.com\/electroluxprofessional\" \/>\n<meta property=\"article:modified_time\" content=\"2025-12-17T12:51:26+00:00\" \/>\n<meta name=\"twitter:card\" content=\"summary_large_image\" \/>\n<meta name=\"twitter:site\" content=\"@ElectroluxPro\" \/>\n<meta name=\"twitter:label1\" content=\"Odhadovan\u00e1 doba \u010dten\u00ed\" \/>\n\t<meta name=\"twitter:data1\" content=\"2 minuty\" \/>\n<script type=\"application\/ld+json\" class=\"yoast-schema-graph\">{\"@context\":\"https:\/\/schema.org\",\"@graph\":[{\"@type\":\"WebPage\",\"@id\":\"https:\/\/www.electroluxprofessional.com\/cz\/automaty-na-horke-napoje\/\",\"url\":\"https:\/\/www.electroluxprofessional.com\/cz\/automaty-na-horke-napoje\/\",\"name\":\"Z\u00e1sobn\u00edky na hork\u00e9 n\u00e1poje - Electrolux Professional \u010cesk\u00e1 republika\",\"isPartOf\":{\"@id\":\"https:\/\/www.electroluxprofessional.com\/cz\/#website\"},\"datePublished\":\"2019-03-28T16:06:27+00:00\",\"dateModified\":\"2025-12-17T12:51:26+00:00\",\"description\":\"Automaty na hork\u00e9 n\u00e1poje. Praktick\u00e9, snadno pou\u017eiteln\u00e9\u00a0syst\u00e9my na rozpustn\u00e9 n\u00e1poje. Podsv\u00edcen\u00fd p\u0159edn\u00ed panel\u00a0zjednodu\u0161uje v\u00fdb\u011br n\u00e1poje.\",\"breadcrumb\":{\"@id\":\"https:\/\/www.electroluxprofessional.com\/cz\/automaty-na-horke-napoje\/#breadcrumb\"},\"inLanguage\":\"cs\",\"potentialAction\":[{\"@type\":\"ReadAction\",\"target\":[\"https:\/\/www.electroluxprofessional.com\/cz\/automaty-na-horke-napoje\/\"]}]},{\"@type\":\"BreadcrumbList\",\"@id\":\"https:\/\/www.electroluxprofessional.com\/cz\/automaty-na-horke-napoje\/#breadcrumb\",\"itemListElement\":[{\"@type\":\"ListItem\",\"position\":1,\"name\":\"Home\",\"item\":\"https:\/\/www.electroluxprofessional.com\/cz\/\"},{\"@type\":\"ListItem\",\"position\":2,\"name\":\"Z\u00e1sobn\u00edky na hork\u00e9 n\u00e1poje\"}]},{\"@type\":\"WebSite\",\"@id\":\"https:\/\/www.electroluxprofessional.com\/cz\/#website\",\"url\":\"https:\/\/www.electroluxprofessional.com\/cz\/\",\"name\":\"Electrolux Professional \u010cesk\u00e1 republika\",\"description\":\"\",\"potentialAction\":[{\"@type\":\"SearchAction\",\"target\":{\"@type\":\"EntryPoint\",\"urlTemplate\":\"https:\/\/www.electroluxprofessional.com\/cz\/?src={search_term_string}\"},\"query-input\":\"required name=search_term_string\"}],\"inLanguage\":\"cs\"}]}<\/script>\n<!-- \/ Yoast SEO plugin. -->","yoast_head_json":{"title":"Z\u00e1sobn\u00edky na hork\u00e9 n\u00e1poje - Electrolux Professional \u010cesk\u00e1 republika","description":"Automaty na hork\u00e9 n\u00e1poje. Praktick\u00e9, snadno pou\u017eiteln\u00e9\u00a0syst\u00e9my na rozpustn\u00e9 n\u00e1poje. Podsv\u00edcen\u00fd p\u0159edn\u00ed panel\u00a0zjednodu\u0161uje v\u00fdb\u011br n\u00e1poje.","robots":{"index":"index","follow":"follow","max-snippet":"max-snippet:-1","max-image-preview":"max-image-preview:large","max-video-preview":"max-video-preview:-1"},"canonical":"https:\/\/www.electroluxprofessional.com\/cz\/automaty-na-horke-napoje\/","og_locale":"cs_CZ","og_type":"article","og_title":"Z\u00e1sobn\u00edky na hork\u00e9 n\u00e1poje - Electrolux Professional \u010cesk\u00e1 republika","og_description":"Automaty na hork\u00e9 n\u00e1poje. Praktick\u00e9, snadno pou\u017eiteln\u00e9\u00a0syst\u00e9my na rozpustn\u00e9 n\u00e1poje. Podsv\u00edcen\u00fd p\u0159edn\u00ed panel\u00a0zjednodu\u0161uje v\u00fdb\u011br n\u00e1poje.","og_url":"https:\/\/www.electroluxprofessional.com\/cz\/automaty-na-horke-napoje\/","og_site_name":"Electrolux Professional \u010cesk\u00e1 republika","article_publisher":"https:\/\/www.facebook.com\/electroluxprofessional","article_modified_time":"2025-12-17T12:51:26+00:00","twitter_card":"summary_large_image","twitter_site":"@ElectroluxPro","twitter_misc":{"Odhadovan\u00e1 doba \u010dten\u00ed":"2 minuty"},"schema":{"@context":"https:\/\/schema.org","@graph":[{"@type":"WebPage","@id":"https:\/\/www.electroluxprofessional.com\/cz\/automaty-na-horke-napoje\/","url":"https:\/\/www.electroluxprofessional.com\/cz\/automaty-na-horke-napoje\/","name":"Z\u00e1sobn\u00edky na hork\u00e9 n\u00e1poje - Electrolux Professional \u010cesk\u00e1 republika","isPartOf":{"@id":"https:\/\/www.electroluxprofessional.com\/cz\/#website"},"datePublished":"2019-03-28T16:06:27+00:00","dateModified":"2025-12-17T12:51:26+00:00","description":"Automaty na hork\u00e9 n\u00e1poje. Praktick\u00e9, snadno pou\u017eiteln\u00e9\u00a0syst\u00e9my na rozpustn\u00e9 n\u00e1poje. Podsv\u00edcen\u00fd p\u0159edn\u00ed panel\u00a0zjednodu\u0161uje v\u00fdb\u011br n\u00e1poje.","breadcrumb":{"@id":"https:\/\/www.electroluxprofessional.com\/cz\/automaty-na-horke-napoje\/#breadcrumb"},"inLanguage":"cs","potentialAction":[{"@type":"ReadAction","target":["https:\/\/www.electroluxprofessional.com\/cz\/automaty-na-horke-napoje\/"]}]},{"@type":"BreadcrumbList","@id":"https:\/\/www.electroluxprofessional.com\/cz\/automaty-na-horke-napoje\/#breadcrumb","itemListElement":[{"@type":"ListItem","position":1,"name":"Home","item":"https:\/\/www.electroluxprofessional.com\/cz\/"},{"@type":"ListItem","position":2,"name":"Z\u00e1sobn\u00edky na hork\u00e9 n\u00e1poje"}]},{"@type":"WebSite","@id":"https:\/\/www.electroluxprofessional.com\/cz\/#website","url":"https:\/\/www.electroluxprofessional.com\/cz\/","name":"Electrolux Professional \u010cesk\u00e1 republika","description":"","potentialAction":[{"@type":"SearchAction","target":{"@type":"EntryPoint","urlTemplate":"https:\/\/www.electroluxprofessional.com\/cz\/?src={search_term_string}"},"query-input":"required name=search_term_string"}],"inLanguage":"cs"}]}},"_links":{"self":[{"href":"https:\/\/www.electroluxprofessional.com\/cz\/wp-json\/wp\/v2\/pages\/4877"}],"collection":[{"href":"https:\/\/www.electroluxprofessional.com\/cz\/wp-json\/wp\/v2\/pages"}],"about":[{"href":"https:\/\/www.electroluxprofessional.com\/cz\/wp-json\/wp\/v2\/types\/page"}],"author":[{"embeddable":true,"href":"https:\/\/www.electroluxprofessional.com\/cz\/wp-json\/wp\/v2\/users\/7"}],"replies":[{"embeddable":true,"href":"https:\/\/www.electroluxprofessional.com\/cz\/wp-json\/wp\/v2\/comments?post=4877"}],"version-history":[{"count":14,"href":"https:\/\/www.electroluxprofessional.com\/cz\/wp-json\/wp\/v2\/pages\/4877\/revisions"}],"predecessor-version":[{"id":14261,"href":"https:\/\/www.electroluxprofessional.com\/cz\/wp-json\/wp\/v2\/pages\/4877\/revisions\/14261"}],"wp:attachment":[{"href":"https:\/\/www.electroluxprofessional.com\/cz\/wp-json\/wp\/v2\/media?parent=4877"}],"curies":[{"name":"wp","href":"https:\/\/api.w.org\/{rel}","templated":true}]}}