{"id":4362,"date":"2016-05-19T11:54:16","date_gmt":"2016-05-19T11:54:16","guid":{"rendered":"https:\/\/www.electroluxprofessional.com\/?page_id=1143"},"modified":"2025-11-06T11:14:28","modified_gmt":"2025-11-06T11:14:28","slug":"cistirny-odevu","status":"publish","type":"page","link":"https:\/\/www.electroluxprofessional.com\/cz\/cistirny-odevu\/","title":{"rendered":"lagoon\u00ae Advanced Care"},"content":{"rendered":"<p>[vc_row full_width=&#8221;electroluxpro-full-width-no-padding&#8221;][vc_column][elx_video_block background_image=&#8221;628&#8243; video_link=&#8221;https:\/\/www.youtube.com\/watch?v=Bmra-TGZPng&#8221; minimum_height=&#8221;350px&#8221;][\/vc_column][\/vc_row][vc_row][vc_column width=&#8221;1\/2&#8243;][vc_empty_space][elx_heading font_container=&#8221;h1&#8243; font_size=&#8221;h3&#8243; text_color=&#8221;inherit&#8221;]Dokonal\u00e9 vy\u010di\u0161t\u011bn\u00ed od\u011bv\u016f za 55 minut [\/elx_heading][vc_empty_space height=&#8221;10px&#8221;][vc_column_text]<strong>lagoon\u00ae Advanced Care<br \/>\n<\/strong>Rychl\u00e9, jednoduch\u00e9 a ekologick\u00e9<br \/>\n<span class=\"h5\">Technologie mokr\u00e9ho \u010di\u0161t\u011bn\u00ed pro profesion\u00e1ln\u00ed p\u00e9\u010di o textil.<br \/>\n<\/span>[\/vc_column_text][\/vc_column][vc_column width=&#8221;1\/2&#8243;][vc_empty_space][vc_single_image image=&#8221;571&#8243; img_size=&#8221;full&#8221; alignment=&#8221;center&#8221;][\/vc_column][\/vc_row][vc_row][vc_column][elx_heading font_size=&#8221;h3&#8243; text_color=&#8221;inherit&#8221; text_align=&#8221;text-left&#8221;]Od\u011bvy u\u017e nemus\u00edte \u010distit chemicky na b\u00e1zi rozpou\u0161t\u011bdel.<\/p>\n<p>[\/elx_heading][vc_row_inner][vc_column_inner width=&#8221;1\/3&#8243;][elx_image_block background_image=&#8221;629&#8243; minimum_height=&#8221;600px&#8221;][\/vc_column_inner][vc_column_inner width=&#8221;2\/3&#8243;][elx_heading font_container=&#8221;h3&#8243; font_size=&#8221;h5&#8243; text_color=&#8221;inherit&#8221;]Udr\u017eiteln\u00e9[\/elx_heading][vc_column_text]P\u0159\u00e1telsk\u00e9 k\u00a0\u017eivotn\u00edmu prost\u0159ed\u00ed, pou\u017e\u00edv\u00e1 netoxick\u00e9 l\u00e1tky p\u0159i\u00a0procesu \u010di\u0161t\u011bn\u00ed, hlavn\u00edm rozpou\u0161t\u011bdlem je VODA.[\/vc_column_text][elx_heading font_container=&#8221;h3&#8243; font_size=&#8221;h5&#8243; text_color=&#8221;inherit&#8221;]Jemn\u00e9 zach\u00e1zen\u00ed s citliv\u00fdmi od\u011bvy [\/elx_heading][vc_column_text]Vynikaj\u00edc\u00ed v\u00fdsledky p\u0159i \u010di\u0161t\u011bn\u00ed nejdra\u017e\u0161\u00edch textili\u00ed a vln\u011bn\u00fdch od\u011bv\u016f, kter\u00e9 jsou ozna\u010deny symboly \u00fadr\u017eby pouze pro chemick\u00e9 \u010di\u0161t\u011bn\u00ed.[\/vc_column_text][elx_heading font_container=&#8221;h3&#8243; font_size=&#8221;h5&#8243; text_color=&#8221;inherit&#8221;]Opravdov\u00e1 zm\u011bna v oboru \u010di\u0161t\u011bn\u00ed[\/elx_heading][vc_column_text]Jednoduch\u00fd proces mokr\u00e9ho \u010di\u0161t\u011bn\u00ed bez nutnosti zdlouhav\u00e9ho u\u010den\u00ed a p\u0159ekon\u00e1v\u00e1n\u00ed slo\u017eit\u00fdch p\u0159ek\u00e1\u017eek.[\/vc_column_text][elx_heading font_container=&#8221;h3&#8243; font_size=&#8221;h5&#8243; text_color=&#8221;inherit&#8221;]Vysok\u00e1 produktivita [\/elx_heading][vc_column_text]Vylep\u0161en\u00fd faktor pln\u011bn\u00ed a zv\u00fd\u0161en\u00e1 \u010distic\u00ed schopnost. Rychlej\u0161\u00ed \u010dasy prac\u00edho cyklu pro rychlej\u0161\u00ed n\u00e1vratnost investic.[\/vc_column_text][elx_heading font_container=&#8221;h3&#8243; font_size=&#8221;h5&#8243; text_color=&#8221;inherit&#8221;]Nejlep\u0161\u00ed \u010distic\u00ed v\u00fdkon [\/elx_heading][vc_column_text]Rychl\u00e9 a \u00fa\u010dinn\u00e9 \u010di\u0161t\u011bn\u00ed od\u011bv\u016f umo\u017e\u0148uje nab\u00eddnout z\u00e1kazn\u00edk\u016fm expresn\u00ed lh\u016fty dod\u00e1n\u00ed.[\/vc_column_text][\/vc_column_inner][\/vc_row_inner][\/vc_column][\/vc_row][vc_row full_width=&#8221;electroluxpro-container-no-padding&#8221; equal_height=&#8221;yes&#8221;][vc_column width=&#8221;1\/3&#8243;][vc_single_image image=&#8221;3493&#8243; img_size=&#8221;380&#215;314&#8243; onclick=&#8221;custom_link&#8221; link=&#8221;https:\/\/www.electroluxprofessional.com\/cz\/accessories-consumables\/laundry\/&#8221;][\/vc_column][vc_column width=&#8221;2\/3&#8243;][elx_simple_block text_align=&#8221;text-center&#8221; text_color=&#8221;white&#8221; background_color=&#8221;electrolux-blue&#8221;][vc_column_text]<\/p>\n<p style=\"text-align: center;\"><strong>\u201cThe Power of Water\u201d = S\u00edla vody<\/strong><\/p>\n<p style=\"text-align: center;\"><strong><em>\u010cist\u00fd start v oboru profesion\u00e1ln\u00ed p\u00e9\u010de o textil. <\/em><\/strong><\/p>\n<p style=\"text-align: center;\">Zvyky z\u00e1kazn\u00edk\u016f se m\u011bn\u00ed!<\/p>\n<p>[\/vc_column_text][\/elx_simple_block][\/vc_column][\/vc_row][vc_row][vc_column][elx_heading font_size=&#8221;h3&#8243; text_color=&#8221;inherit&#8221; text_align=&#8221;text-left&#8221;]Unik\u00e1tn\u00ed kontinu\u00e1ln\u00ed technologick\u00fd tok pro \u00fa\u010dinn\u011bj\u0161\u00ed slu\u017ebu \u010di\u0161t\u011bn\u00ed [\/elx_heading][vc_column_text]L\u00eddr v\u00a0oblasti mokr\u00e9ho \u010di\u0161t\u011bn\u00ed: v\u0161echny v\u00fdhody vody p\u0159i zachov\u00e1n\u00ed rychlosti a jednoduchosti \u010di\u0161t\u011bn\u00ed v\u00a0rozpou\u0161t\u011bdlech.[\/vc_column_text][\/vc_column][\/vc_row][vc_row][vc_column][vc_empty_space][vc_single_image image=&#8221;635&#8243; img_size=&#8221;full&#8221; alignment=&#8221;center&#8221;][vc_empty_space height=&#8221;50px&#8221;][elx_heading font_size=&#8221;h3&#8243; text_color=&#8221;inherit&#8221;]Na\u0161i z\u00e1kazn\u00edci [\/elx_heading][vc_empty_space][\/vc_column][\/vc_row][vc_row][vc_column width=&#8221;1\/3&#8243;][elx_image_block background_image=&#8221;634&#8243; vert_back_position=&#8221;top&#8221; minimum_height=&#8221;400px&#8221;][elx_heading font_container=&#8221;h3&#8243; font_size=&#8221;h3&#8243; text_color=&#8221;inherit&#8221;]<span style=\"color: #37c0c9;\">Barnes the Cleaners<\/span>[\/elx_heading][vc_column_text css_animation=&#8221;none&#8221;]<strong>Ze za\u010d\u00e1tku bylo t\u011b\u017ek\u00e9 nau\u010dit lidi, jak\u00fd je rozd\u00edl mezi chemick\u00fdm \u010di\u0161t\u011bn\u00edm a mokr\u00fdm \u010di\u0161t\u011bn\u00edm, kter\u00e9 je nov\u00fdm a zcela inovativn\u00edm konceptem. <\/strong><\/p>\n<p>Byli jsme \u00fasp\u011b\u0161n\u00ed a tak dnes \u010dist\u00edme v\u00edce ne\u017e 100 zak\u00e1zek denn\u011b. Z\u00e1kazn\u00edci chod\u00ed k n\u00e1m nam\u00edsto do tradi\u010dn\u00edch chemick\u00fdch \u010dist\u00edren, proto\u017ee jsme mnohem \u0161etrn\u011bj\u0161\u00ed k \u017eivotn\u00edmu prost\u0159ed\u00ed a tak\u00e9 k jejich od\u011bv\u016fm.<\/p>\n<p>Amanda Barnes, majitelka Barnes the Cleaners, Devon \u2013 Velk\u00e1 Brit\u00e1nie<\/p>\n<p>[\/vc_column_text][vc_empty_space height=&#8221;78px&#8221;][\/vc_column][vc_column width=&#8221;1\/3&#8243;][elx_video_block background_image=&#8221;1760&#8243; video_link=&#8221;https:\/\/www.youtube.com\/watch?v=QdkA0xDSqqY&#8221; minimum_height=&#8221;400px&#8221;][elx_heading font_container=&#8221;h3&#8243; font_size=&#8221;h3&#8243; text_color=&#8221;inherit&#8221;]<span style=\"color: #37c0c9;\">Ideal Cleaner<\/span>[\/elx_heading][vc_column_text css_animation=&#8221;none&#8221;]<strong>Kdo vyhl\u00ed\u017e\u00ed do budoucnosti, mus\u00ed si vybrat lagoon\u00ae Advanced care. <\/strong><\/p>\n<p>D\u00edky <strong>lagoon\u00ae Advanced Care<\/strong> m\u016f\u017eeme skute\u010dn\u011b \u010distit cokoli ve vod\u011b. Od\u011bvy jsou po vy\u010di\u0161t\u011bn\u00ed velmi \u010dist\u00e9 a jednodu\u0161e se n\u00e1m da\u0159\u00ed jim vr\u00e1tit p\u016fvodn\u00ed vzhled. Chemick\u00e1 rozpou\u0161t\u011bdla u\u017e nepot\u0159ebujeme.<\/p>\n<p>D\u00edky lagoon\u00ae Advanced Care pou\u017e\u00edv\u00e1me v\u00fdhradn\u011b mokr\u00e9 \u010di\u0161t\u011bn\u00ed. Je pro n\u00e1s jednodu\u0161\u0161\u00ed pracovat s\u00a0vodou a je to bezpe\u010dn\u011bj\u0161\u00ed pro p\u0159\u00edrodu.<\/p>\n<p>James Leat,\u00a0majitel \u2018ideal CLEANERS\u2019 \u2013 Velk\u00e1 Brit\u00e1nie[\/vc_column_text][\/vc_column][vc_column width=&#8221;1\/3&#8243;][elx_video_block background_image=&#8221;4361&#8243; video_link=&#8221;https:\/\/www.youtube.com\/watch?v=lkDQsRONSG8&#8243; minimum_height=&#8221;400px&#8221;][elx_heading font_container=&#8221;h3&#8243; font_size=&#8221;h3&#8243; text_color=&#8221;inherit&#8221;]<span style=\"color: #37c0c9;\">Spring lagoon\u00ae<\/span>[\/elx_heading][vc_column_text]<strong>Lagoon od firmy Electrolux Professional je dokonalou alternativou k\u00a0tradi\u010dn\u00edmu chemick\u00e9mu \u010di\u0161t\u011bn\u00ed. <\/strong><\/p>\n<p>Od t\u00e9 doby, co vyu\u017e\u00edv\u00e1me Lagoon, se n\u00e1m da\u0159\u00ed pravideln\u011b \u010distit od\u011bvy, kter\u00e9 maj\u00ed na visa\u010dce povolen\u00e9 pouze chemick\u00e9 \u010di\u0161t\u011bn\u00ed, jako nap\u0159\u00edklad jemn\u00e1 vlna. D\u00edky technologii Lagoon m\u016f\u017eeme garantovat na\u0161im z\u00e1kazn\u00edk\u016fm v\u00fdborn\u00e9 v\u00fdsledky z\u00a0hlediska sv\u011b\u017eesti a \u010distoty od\u011bv\u016f. Lagoon jemn\u011b \u010dist\u00ed citliv\u00e9 od\u011bvy, od\u011bvy po vy\u010di\u0161t\u011bn\u00ed neztr\u00e1cej\u00ed barvu, nezat\u00e9kaj\u00ed a na omak jsou p\u011bkn\u00e9 a jemn\u00e9.<\/p>\n<p>Pan\u00ed Sylwia, majitelka Spring Lagoon, Polsko[\/vc_column_text][\/vc_column][\/vc_row][vc_row][vc_column][elx_heading font_size=&#8221;h3&#8243; text_color=&#8221;inherit&#8221; text_align=&#8221;text-left&#8221;]Flexibiln\u00ed a modul\u00e1rn\u00ed \u0159e\u0161en\u00ed, kter\u00e9 si m\u016f\u017eete nechat \u201eu\u0161\u00edt na m\u00edru\u201c[\/elx_heading][vc_column_text]lagoon\u00ae Advanced Care nab\u00edz\u00ed <strong>2 r\u016fzn\u00e1 \u0159e\u0161en\u00ed z\u00a0hlediska kapacity <\/strong>prac\u00edch stroj\u016f a tak v\u00e1m umo\u017e\u0148uje vyu\u017e\u00edt <strong>maxim\u00e1ln\u00ed flexibilitu<\/strong> a tak\u00e9 ponech\u00e1v\u00e1 mo\u017enost k\u00a0dal\u0161\u00edmu roz\u0161i\u0159ov\u00e1n\u00ed v\u00a0budoucnosti.[\/vc_column_text][\/vc_column][\/vc_row][vc_row][vc_column width=&#8221;1\/2&#8243;][elx_heading font_container=&#8221;h3&#8243; font_size=&#8221;h3&#8243; text_color=&#8221;inherit&#8221;]<strong>Sestava ESSENTIAL <\/strong><br \/>\n70 kus\u016f od\u011bv\u016f\/den<br \/>\n[\/elx_heading][vc_column_text]Vstupte do sv\u011bta mokr\u00e9ho \u010di\u0161t\u011bn\u00ed s\u00a0vyu\u017eit\u00edm profesion\u00e1ln\u00edho \u0159e\u0161en\u00ed, kter\u00e9 dokonale dopln\u00ed v\u00e1\u0161 existuj\u00edc\u00ed provoz chemick\u00e9ho \u010di\u0161t\u011bn\u00ed. Nejlep\u0161\u00ed v\u00fdkon s\u00a0nejmen\u0161\u00edmi n\u00e1klady: to je lagoon\u00ae Advanced Care.<\/p>\n<p><strong>Kapacita cyklu<br \/>\n<\/strong>6 a\u017e 8 kus\u016f men\u0161\u00edch od\u011bv\u016f na \u010distic\u00ed cyklus[\/vc_column_text][\/vc_column][vc_column width=&#8221;1\/2&#8243;][elx_heading font_container=&#8221;h3&#8243; text_color=&#8221;inherit&#8221;]<strong>Sestava ABSOLUTE <\/strong><br \/>\n250 kus\u016f od\u011bv\u016f\/den<br \/>\n[\/elx_heading][vc_column_text]Ide\u00e1ln\u00ed \u0159e\u0161en\u00ed pro ty, kte\u0159\u00ed cht\u011bj\u00ed nahradit existuj\u00edc\u00ed provoz vybaven\u00fd chemick\u00fdm \u010distic\u00edm strojem o kapacit\u011b 15 kg a z\u00e1rove\u0148 si ponechat mo\u017enost dal\u0161\u00edho roz\u0161i\u0159ov\u00e1n\u00ed provozu. Vzhledem k tomu, \u017ee sou\u010d\u00e1st\u00ed sestavy ABSOLUTE je z\u00e1rove\u0148 tak\u00e9 sestava ESSENTIAL, m\u016f\u017eete z\u00e1rove\u0148 nab\u00edzet expresn\u00ed slu\u017eby. Sestava ABSOLUTE je vhodn\u00e1 tak\u00e9 pro \u010di\u0161t\u011bn\u00ed velk\u00fdch dek a p\u0159ehoz\u016f.<\/p>\n<p><strong>Technologick\u00e1 kapacita \u010dist\u00edrny<\/strong><br \/>\nPodle velikosti od\u011bv\u016f: od 6 a\u017e 8 kus\u016f a\u017e po 18 a\u017e 27 kus\u016f od\u011bv\u016f na jeden prac\u00ed cyklus[\/vc_column_text][\/vc_column][\/vc_row][vc_row][vc_column width=&#8221;1\/3&#8243;][elx_heading font_size=&#8221;h3&#8243; text_color=&#8221;inherit&#8221;]Schv\u00e1leno experty[\/elx_heading][vc_column_text]Nedoch\u00e1z\u00ed k\u00a0opot\u0159eben\u00ed textilu, ztr\u00e1t\u00e1m barev nebo trval\u00fdm zm\u011bn\u00e1m rozm\u011br\u016f ani po opakovan\u00fdch cyklech \u010di\u0161t\u011bn\u00ed \u2013 certifikov\u00e1no <strong>Hohenstein Institute<\/strong>.<\/p>\n<p>[\/vc_column_text][vc_column_text]<strong>The Woolmark Company<\/strong> uzn\u00e1v\u00e1 lagoon\u00ae jako schv\u00e1lenou technologii mokr\u00e9ho \u010di\u0161t\u011bn\u00ed pro nejcitliv\u011bj\u0161\u00ed druhy vlny, kter\u00e9 maj\u00ed na symbolech \u00fadr\u017eby doporu\u010den\u00e9 pouze chemick\u00e9 \u010di\u0161t\u011bn\u00ed.[\/vc_column_text][\/vc_column][vc_column width=&#8221;1\/3&#8243;][vc_empty_space][elx_download_block text=&#8221;Lagoon\u00ae Advanced Care Bro\u017eura&#8221; link=&#8221;files.professional.electrolux.com\/docs\/?n=A0021&amp;t=BR&amp;l=1&#8243; background_color=&#8221;commercial-laundries&#8221; reveal_effect=&#8221;fadeIn&#8221; reveal_duration=&#8221;&#8221; reveal_delay=&#8221;&#8221;][\/vc_column][vc_column width=&#8221;1\/3&#8243;][vc_empty_space][elx_download_block text=&#8221;Lagoon\u00ae Advanced Care Obchodn\u00ed let\u00e1k&#8221; link=&#8221;http:\/\/files.professional.electrolux.com\/docs\/?n=CLF-9JE00084&amp;t=CLF&amp;l=1&#8243; background_color=&#8221;commercial-laundries&#8221; reveal_effect=&#8221;&#8221; reveal_duration=&#8221;&#8221; reveal_delay=&#8221;&#8221;][\/vc_column][\/vc_row][vc_row][vc_column][vc_empty_space][elx_heading font_size=&#8221;h3&#8243; text_color=&#8221;inherit&#8221;]Nev\u00e1hejte a kontaktuje n\u00e1\u0161 t\u00fdm expert\u016f[\/elx_heading][elx_o2000_contact_us s=&#8221;Request for information: laundry shops and lagoon\u00ae Advanced Care&#8221; country=&#8221;Czech Republic&#8221; b=&#8221;laundry&#8221; container=&#8221;elxcontactus1466431453&#8243; r=&#8221;R\u00e1d(a) bych se dozv\u011bd\u011bl(a) v\u00edce o mo\u017enostech a \u0159e\u0161en\u00edch pro mou \u010dist\u00edrnu od\u011bv\u016f. Pros\u00edm, spojte se se mnou.&#8221; l=&#8221;cz&#8221;][vc_empty_space][\/vc_column][\/vc_row][vc_row][vc_column]<div class=\"com21-product-filter-container 134\">[\/vc_column][\/vc_row]<\/p>\n","protected":false},"excerpt":{"rendered":"<p>[vc_row full_width=&#8221;electroluxpro-full-width-no-padding&#8221;][vc_column][elx_video_block background_image=&#8221;628&#8243; video_link=&#8221;https:\/\/www.youtube.com\/watch?v=Bmra-TGZPng&#8221; minimum_height=&#8221;350px&#8221;][\/vc_column][\/vc_row][vc_row][vc_column width=&#8221;1\/2&#8243;][vc_empty_space][elx_heading font_container=&#8221;h1&#8243; font_size=&#8221;h3&#8243; text_color=&#8221;inherit&#8221;]Dokonal\u00e9 vy\u010di\u0161t\u011bn\u00ed od\u011bv\u016f za 55 minut [\/elx_heading][vc_empty_space height=&#8221;10px&#8221;][vc_column_text]lagoon\u00ae Advanced Care Rychl\u00e9, jednoduch\u00e9 a ekologick\u00e9 Technologie mokr\u00e9ho \u010di\u0161t\u011bn\u00ed pro profesion\u00e1ln\u00ed p\u00e9\u010di o textil. [\/vc_column_text][\/vc_column][vc_column width=&#8221;1\/2&#8243;][vc_empty_space][vc_single_image image=&#8221;571&#8243; img_size=&#8221;full&#8221; alignment=&#8221;center&#8221;][\/vc_column][\/vc_row][vc_row][vc_column][elx_heading font_size=&#8221;h3&#8243; text_color=&#8221;inherit&#8221; text_align=&#8221;text-left&#8221;]Od\u011bvy u\u017e nemus\u00edte \u010distit chemicky na b\u00e1zi rozpou\u0161t\u011bdel. [\/elx_heading][vc_row_inner][vc_column_inner width=&#8221;1\/3&#8243;][elx_image_block background_image=&#8221;629&#8243; minimum_height=&#8221;600px&#8221;][\/vc_column_inner][vc_column_inner width=&#8221;2\/3&#8243;][elx_heading font_container=&#8221;h3&#8243; font_size=&#8221;h5&#8243; text_color=&#8221;inherit&#8221;]Udr\u017eiteln\u00e9[\/elx_heading][vc_column_text]P\u0159\u00e1telsk\u00e9 k\u00a0\u017eivotn\u00edmu prost\u0159ed\u00ed, [&hellip;]<\/p>\n","protected":false},"author":7,"featured_media":443,"parent":0,"menu_order":0,"comment_status":"closed","ping_status":"closed","template":"","meta":{"footnotes":""},"class_list":["post-4362","page","type-page","status-publish","has-post-thumbnail","hentry"],"acf":[],"yoast_head":"<!-- This site is optimized with the Yoast SEO plugin v23.3 - https:\/\/yoast.com\/wordpress\/plugins\/seo\/ -->\n<title>Dokonal\u00e9 vy\u010di\u0161t\u011bn\u00ed od\u011bv\u016f za 55 minut - Electrolux Professional<\/title>\n<meta name=\"description\" content=\"lagoon\u00ae Advanced Care Rychl\u00e9, jednoduch\u00e9 a ekologick\u00e9 Technologie mokr\u00e9ho \u010di\u0161t\u011bn\u00ed pro profesion\u00e1ln\u00ed p\u00e9\u010di o textil.\" \/>\n<meta name=\"robots\" content=\"index, follow, max-snippet:-1, max-image-preview:large, max-video-preview:-1\" \/>\n<link rel=\"canonical\" href=\"https:\/\/www.electroluxprofessional.com\/cz\/cistirny-odevu\/\" \/>\n<meta property=\"og:locale\" content=\"cs_CZ\" \/>\n<meta property=\"og:type\" content=\"article\" \/>\n<meta property=\"og:title\" content=\"Dokonal\u00e9 vy\u010di\u0161t\u011bn\u00ed od\u011bv\u016f za 55 minut - Electrolux Professional\" \/>\n<meta property=\"og:description\" content=\"lagoon\u00ae Advanced Care Rychl\u00e9, jednoduch\u00e9 a ekologick\u00e9 Technologie mokr\u00e9ho \u010di\u0161t\u011bn\u00ed pro profesion\u00e1ln\u00ed p\u00e9\u010di o textil.\" \/>\n<meta property=\"og:url\" content=\"https:\/\/www.electroluxprofessional.com\/cz\/cistirny-odevu\/\" \/>\n<meta property=\"og:site_name\" content=\"Electrolux Professional \u010cesk\u00e1 republika\" \/>\n<meta property=\"article:publisher\" content=\"https:\/\/www.facebook.com\/electroluxprofessional\" \/>\n<meta property=\"article:modified_time\" content=\"2025-11-06T11:14:28+00:00\" \/>\n<meta property=\"og:image\" content=\"https:\/\/www.electroluxprofessional.com\/cz\/wp-content\/uploads\/2016\/06\/lagoon-delicate-clothes.jpg\" \/>\n\t<meta property=\"og:image:width\" content=\"365\" \/>\n\t<meta property=\"og:image:height\" content=\"365\" \/>\n\t<meta property=\"og:image:type\" content=\"image\/jpeg\" \/>\n<meta name=\"twitter:card\" content=\"summary_large_image\" \/>\n<meta name=\"twitter:site\" content=\"@ElectroluxPro\" \/>\n<meta name=\"twitter:label1\" content=\"Odhadovan\u00e1 doba \u010dten\u00ed\" \/>\n\t<meta name=\"twitter:data1\" content=\"5 minut\" \/>\n<script type=\"application\/ld+json\" class=\"yoast-schema-graph\">{\"@context\":\"https:\/\/schema.org\",\"@graph\":[{\"@type\":\"WebPage\",\"@id\":\"https:\/\/www.electroluxprofessional.com\/cz\/cistirny-odevu\/\",\"url\":\"https:\/\/www.electroluxprofessional.com\/cz\/cistirny-odevu\/\",\"name\":\"Dokonal\u00e9 vy\u010di\u0161t\u011bn\u00ed od\u011bv\u016f za 55 minut - Electrolux Professional\",\"isPartOf\":{\"@id\":\"https:\/\/www.electroluxprofessional.com\/cz\/#website\"},\"primaryImageOfPage\":{\"@id\":\"https:\/\/www.electroluxprofessional.com\/cz\/cistirny-odevu\/#primaryimage\"},\"image\":{\"@id\":\"https:\/\/www.electroluxprofessional.com\/cz\/cistirny-odevu\/#primaryimage\"},\"thumbnailUrl\":\"https:\/\/www.electroluxprofessional.com\/cz\/wp-content\/uploads\/2016\/06\/lagoon-delicate-clothes.jpg\",\"datePublished\":\"2016-05-19T11:54:16+00:00\",\"dateModified\":\"2025-11-06T11:14:28+00:00\",\"description\":\"lagoon\u00ae Advanced Care Rychl\u00e9, jednoduch\u00e9 a ekologick\u00e9 Technologie mokr\u00e9ho \u010di\u0161t\u011bn\u00ed pro profesion\u00e1ln\u00ed p\u00e9\u010di o textil.\",\"breadcrumb\":{\"@id\":\"https:\/\/www.electroluxprofessional.com\/cz\/cistirny-odevu\/#breadcrumb\"},\"inLanguage\":\"cs\",\"potentialAction\":[{\"@type\":\"ReadAction\",\"target\":[\"https:\/\/www.electroluxprofessional.com\/cz\/cistirny-odevu\/\"]}]},{\"@type\":\"ImageObject\",\"inLanguage\":\"cs\",\"@id\":\"https:\/\/www.electroluxprofessional.com\/cz\/cistirny-odevu\/#primaryimage\",\"url\":\"https:\/\/www.electroluxprofessional.com\/cz\/wp-content\/uploads\/2016\/06\/lagoon-delicate-clothes.jpg\",\"contentUrl\":\"https:\/\/www.electroluxprofessional.com\/cz\/wp-content\/uploads\/2016\/06\/lagoon-delicate-clothes.jpg\",\"width\":365,\"height\":365,\"caption\":\"laundry shops\"},{\"@type\":\"BreadcrumbList\",\"@id\":\"https:\/\/www.electroluxprofessional.com\/cz\/cistirny-odevu\/#breadcrumb\",\"itemListElement\":[{\"@type\":\"ListItem\",\"position\":1,\"name\":\"Home\",\"item\":\"https:\/\/www.electroluxprofessional.com\/cz\/\"},{\"@type\":\"ListItem\",\"position\":2,\"name\":\"lagoon\u00ae Advanced Care\"}]},{\"@type\":\"WebSite\",\"@id\":\"https:\/\/www.electroluxprofessional.com\/cz\/#website\",\"url\":\"https:\/\/www.electroluxprofessional.com\/cz\/\",\"name\":\"Electrolux Professional \u010cesk\u00e1 republika\",\"description\":\"\",\"potentialAction\":[{\"@type\":\"SearchAction\",\"target\":{\"@type\":\"EntryPoint\",\"urlTemplate\":\"https:\/\/www.electroluxprofessional.com\/cz\/?src={search_term_string}\"},\"query-input\":\"required name=search_term_string\"}],\"inLanguage\":\"cs\"}]}<\/script>\n<!-- \/ Yoast SEO plugin. -->","yoast_head_json":{"title":"Dokonal\u00e9 vy\u010di\u0161t\u011bn\u00ed od\u011bv\u016f za 55 minut - Electrolux Professional","description":"lagoon\u00ae Advanced Care Rychl\u00e9, jednoduch\u00e9 a ekologick\u00e9 Technologie mokr\u00e9ho \u010di\u0161t\u011bn\u00ed pro profesion\u00e1ln\u00ed p\u00e9\u010di o textil.","robots":{"index":"index","follow":"follow","max-snippet":"max-snippet:-1","max-image-preview":"max-image-preview:large","max-video-preview":"max-video-preview:-1"},"canonical":"https:\/\/www.electroluxprofessional.com\/cz\/cistirny-odevu\/","og_locale":"cs_CZ","og_type":"article","og_title":"Dokonal\u00e9 vy\u010di\u0161t\u011bn\u00ed od\u011bv\u016f za 55 minut - Electrolux Professional","og_description":"lagoon\u00ae Advanced Care Rychl\u00e9, jednoduch\u00e9 a ekologick\u00e9 Technologie mokr\u00e9ho \u010di\u0161t\u011bn\u00ed pro profesion\u00e1ln\u00ed p\u00e9\u010di o textil.","og_url":"https:\/\/www.electroluxprofessional.com\/cz\/cistirny-odevu\/","og_site_name":"Electrolux Professional \u010cesk\u00e1 republika","article_publisher":"https:\/\/www.facebook.com\/electroluxprofessional","article_modified_time":"2025-11-06T11:14:28+00:00","og_image":[{"width":365,"height":365,"url":"https:\/\/www.electroluxprofessional.com\/cz\/wp-content\/uploads\/2016\/06\/lagoon-delicate-clothes.jpg","type":"image\/jpeg"}],"twitter_card":"summary_large_image","twitter_site":"@ElectroluxPro","twitter_misc":{"Odhadovan\u00e1 doba \u010dten\u00ed":"5 minut"},"schema":{"@context":"https:\/\/schema.org","@graph":[{"@type":"WebPage","@id":"https:\/\/www.electroluxprofessional.com\/cz\/cistirny-odevu\/","url":"https:\/\/www.electroluxprofessional.com\/cz\/cistirny-odevu\/","name":"Dokonal\u00e9 vy\u010di\u0161t\u011bn\u00ed od\u011bv\u016f za 55 minut - Electrolux Professional","isPartOf":{"@id":"https:\/\/www.electroluxprofessional.com\/cz\/#website"},"primaryImageOfPage":{"@id":"https:\/\/www.electroluxprofessional.com\/cz\/cistirny-odevu\/#primaryimage"},"image":{"@id":"https:\/\/www.electroluxprofessional.com\/cz\/cistirny-odevu\/#primaryimage"},"thumbnailUrl":"https:\/\/www.electroluxprofessional.com\/cz\/wp-content\/uploads\/2016\/06\/lagoon-delicate-clothes.jpg","datePublished":"2016-05-19T11:54:16+00:00","dateModified":"2025-11-06T11:14:28+00:00","description":"lagoon\u00ae Advanced Care Rychl\u00e9, jednoduch\u00e9 a ekologick\u00e9 Technologie mokr\u00e9ho \u010di\u0161t\u011bn\u00ed pro profesion\u00e1ln\u00ed p\u00e9\u010di o textil.","breadcrumb":{"@id":"https:\/\/www.electroluxprofessional.com\/cz\/cistirny-odevu\/#breadcrumb"},"inLanguage":"cs","potentialAction":[{"@type":"ReadAction","target":["https:\/\/www.electroluxprofessional.com\/cz\/cistirny-odevu\/"]}]},{"@type":"ImageObject","inLanguage":"cs","@id":"https:\/\/www.electroluxprofessional.com\/cz\/cistirny-odevu\/#primaryimage","url":"https:\/\/www.electroluxprofessional.com\/cz\/wp-content\/uploads\/2016\/06\/lagoon-delicate-clothes.jpg","contentUrl":"https:\/\/www.electroluxprofessional.com\/cz\/wp-content\/uploads\/2016\/06\/lagoon-delicate-clothes.jpg","width":365,"height":365,"caption":"laundry shops"},{"@type":"BreadcrumbList","@id":"https:\/\/www.electroluxprofessional.com\/cz\/cistirny-odevu\/#breadcrumb","itemListElement":[{"@type":"ListItem","position":1,"name":"Home","item":"https:\/\/www.electroluxprofessional.com\/cz\/"},{"@type":"ListItem","position":2,"name":"lagoon\u00ae Advanced Care"}]},{"@type":"WebSite","@id":"https:\/\/www.electroluxprofessional.com\/cz\/#website","url":"https:\/\/www.electroluxprofessional.com\/cz\/","name":"Electrolux Professional \u010cesk\u00e1 republika","description":"","potentialAction":[{"@type":"SearchAction","target":{"@type":"EntryPoint","urlTemplate":"https:\/\/www.electroluxprofessional.com\/cz\/?src={search_term_string}"},"query-input":"required name=search_term_string"}],"inLanguage":"cs"}]}},"_links":{"self":[{"href":"https:\/\/www.electroluxprofessional.com\/cz\/wp-json\/wp\/v2\/pages\/4362"}],"collection":[{"href":"https:\/\/www.electroluxprofessional.com\/cz\/wp-json\/wp\/v2\/pages"}],"about":[{"href":"https:\/\/www.electroluxprofessional.com\/cz\/wp-json\/wp\/v2\/types\/page"}],"author":[{"embeddable":true,"href":"https:\/\/www.electroluxprofessional.com\/cz\/wp-json\/wp\/v2\/users\/7"}],"replies":[{"embeddable":true,"href":"https:\/\/www.electroluxprofessional.com\/cz\/wp-json\/wp\/v2\/comments?post=4362"}],"version-history":[{"count":12,"href":"https:\/\/www.electroluxprofessional.com\/cz\/wp-json\/wp\/v2\/pages\/4362\/revisions"}],"predecessor-version":[{"id":14019,"href":"https:\/\/www.electroluxprofessional.com\/cz\/wp-json\/wp\/v2\/pages\/4362\/revisions\/14019"}],"wp:featuredmedia":[{"embeddable":true,"href":"https:\/\/www.electroluxprofessional.com\/cz\/wp-json\/wp\/v2\/media\/443"}],"wp:attachment":[{"href":"https:\/\/www.electroluxprofessional.com\/cz\/wp-json\/wp\/v2\/media?parent=4362"}],"curies":[{"name":"wp","href":"https:\/\/api.w.org\/{rel}","templated":true}]}}