{"id":4146,"date":"2018-05-17T13:48:43","date_gmt":"2018-05-17T12:48:43","guid":{"rendered":"https:\/\/www.electroluxprofessional.com\/cz\/?page_id=4146"},"modified":"2024-05-22T08:42:02","modified_gmt":"2024-05-22T08:42:02","slug":"customer-care","status":"publish","type":"page","link":"https:\/\/www.electroluxprofessional.com\/cz\/customer-care\/","title":{"rendered":"Podpora a p\u00e9\u010de o z\u00e1kazn\u00edky"},"content":{"rendered":"<p>[vc_row full_width=&#8221;electroluxpro-full-width-no-padding&#8221;][vc_column][vc_single_image image=&#8221;4180&#8243; img_size=&#8221;2000&#215;350&#8243; alignment=&#8221;center&#8221;][\/vc_column][\/vc_row][vc_row][vc_column width=&#8221;1\/4&#8243;][vc_empty_space height=&#8221;30px&#8221;][vc_single_image image=&#8221;4153&#8243; img_size=&#8221;300&#215;300&#8243;][vc_empty_space height=&#8221;30px&#8221;][\/vc_column][vc_column width=&#8221;3\/4&#8243;][vc_empty_space height=&#8221;30px&#8221;][vc_empty_space height=&#8221;30px&#8221;][elx_heading font_container=&#8221;h1&#8243; font_size=&#8221;h3&#8243; text_color=&#8221;inherit&#8221;]Essentia[\/elx_heading][vc_column_text]<span class=\"h5\">N\u00e1\u0161 t\u00fdm se o V\u00e1s postar\u00e1. Kdykoliv a kdekoliv.<\/span>[\/vc_column_text][\/vc_column][\/vc_row][vc_row][vc_column][elx_heading font_size=&#8221;h3&#8243; text_color=&#8221;inherit&#8221;]Z\u00e1klad na\u0161\u00ed p\u00e9\u010de o z\u00e1kazn\u00edka[\/elx_heading][vc_column_text]<strong>Essentia<\/strong> povy\u0161uje p\u00e9\u010di o z\u00e1kazn\u00edky na novou \u00farove\u0148. Servisn\u00ed slu\u017eby, kter\u00e9 budou pro V\u00e1s v\u00fdhodou.[\/vc_column_text][vc_column_text]<strong>Od okam\u017eiku instalace a\u017e do konce \u017eivotnosti za\u0159\u00edzen\u00ed<\/strong> jsme V\u00e1m p\u0159ipraveni na z\u00e1klad\u011b rozs\u00e1hl\u00fdch znalost\u00ed a dlouholet\u00fdch zku\u0161enost\u00ed poskytnout tu nejkvalitn\u011bj\u0161\u00ed p\u00e9\u010di pro Va\u0161e kuchyn\u011b a pr\u00e1delny.[\/vc_column_text][\/vc_column][\/vc_row][vc_row disable_element=&#8221;yes&#8221; matched_labels=&#8221;&#8221;][vc_column width=&#8221;2\/3&#8243;][vc_empty_space height=&#8221;16px&#8221;][elx_video_block background_image=&#8221;4151&#8243; video_link=&#8221;https:\/\/www.youtube.com\/watch?v=A5f5aZNOIXI&amp;t=6s&#8221; minimum_height=&#8221;450px&#8221;][\/vc_column][vc_column width=&#8221;1\/3&#8243;][elx_heading font_size=&#8221;h3&#8243; text_color=&#8221;inherit&#8221;]Z\u00e1klad na\u0161\u00ed p\u00e9\u010de o z\u00e1kazn\u00edka[\/elx_heading][vc_column_text]<strong>Essentia<\/strong> povy\u0161uje p\u00e9\u010di o z\u00e1kazn\u00edky na novou \u00farove\u0148. Servisn\u00ed slu\u017eby, kter\u00e9 budou pro V\u00e1s v\u00fdhodou.[\/vc_column_text][vc_column_text]<strong>Od okam\u017eiku instalace a\u017e do konce \u017eivotnosti za\u0159\u00edzen\u00ed<\/strong> jsme V\u00e1m p\u0159ipraveni na z\u00e1klad\u011b rozs\u00e1hl\u00fdch znalost\u00ed a dlouholet\u00fdch zku\u0161enost\u00ed poskytnout tu nejkvalitn\u011bj\u0161\u00ed p\u00e9\u010di pro Va\u0161e kuchyn\u011b a pr\u00e1delny.[\/vc_column_text][\/vc_column][\/vc_row][vc_row][vc_column][vc_empty_space][\/vc_column][\/vc_row][vc_row][vc_column width=&#8221;2\/3&#8243;][vc_empty_space][elx_simple_link_block link=&#8221;url:https%3A%2F%2Fprofessional.electrolux.cz%2Fsales-and-service-locator%2F|title:Hledat%20Electrolux%20Professional%20Partnery||&#8221; text_align=&#8221;text-left&#8221; text_color=&#8221;inherit&#8221; background_color=&#8221;inherit&#8221; background_hover_color=&#8221;darker-hover&#8221; extra_class=&#8221;&#8221; reveal_effect=&#8221;&#8221; reveal_duration=&#8221;&#8221; reveal_delay=&#8221;&#8221;][elx_heading font_size=&#8221;h3&#8243; text_color=&#8221;inherit&#8221;]Celosv\u011btov\u00e1 s\u00ed\u0165 partner\u016f[\/elx_heading][vc_column_text]<\/p>\n<ul>\n<li><span style=\"color: #ff6600;\"><strong>2.000<\/strong><\/span> autorizovn\u00fdch servisn\u00edch center<\/li>\n<li><span style=\"color: #ff6600;\"><strong>10.000<\/strong><\/span> \u0161kolen\u00fdch technik\u016f<\/li>\n<li><span style=\"color: #ff6600;\"><strong>garance dostupnosti d\u00edl\u016f<\/strong><\/span>\u00a0minim\u00e1ln\u011b 10 let po\u00a0ukon\u010den\u00ed v\u00fdroby dan\u00e9ho modelu<\/li>\n<li><span style=\"color: #ff6600;\"><strong>98.000<\/strong><\/span> n\u00e1hradn\u00edch d\u00edl\u016f na centr\u00e1ln\u00edm sklad\u011b ihned k dispozici<\/li>\n<li><span style=\"color: #ff6600;\"><strong>24-48 hod dod\u00e1vky d\u00edl\u016f<\/strong><\/span> kamkoliv na sv\u011bt\u011b<\/li>\n<\/ul>\n<p>[\/vc_column_text][\/elx_simple_link_block][\/vc_column][vc_column width=&#8221;1\/3&#8243;][vc_empty_space][elx_image_block background_image=&#8221;4159&#8243; minimum_height=&#8221;200px&#8221;][\/vc_column][\/vc_row][vc_row][vc_column][vc_empty_space][\/vc_column][\/vc_row][vc_row][vc_column width=&#8221;2\/3&#8243;][vc_empty_space][elx_heading font_size=&#8221;h3&#8243; text_color=&#8221;inherit&#8221;]N\u00e1\u0161 hlas[\/elx_heading][vc_column_text]&#8221;<em>S na\u0161\u00edm nov\u00fdm servisn\u00edm produktem <strong>Essentia<\/strong> zaru\u010d\u00edme standardizovan\u00e9 a harmonizovan\u00e9 postupy <strong>p\u00e9\u010de o z\u00e1kazn\u00edky na cel\u00e9m sv\u011bt\u011b<\/strong>.<\/em><\/p>\n<p><em>D\u00edky projektu Essentia chceme pos\u00edlit d\u016fvody, kv\u016fli kter\u00fdm se k n\u00e1m na\u0161i z\u00e1kazn\u00edci r\u00e1di vrac\u00ed pro nov\u00e9, inovativn\u00ed a kr\u00e1sn\u00e9 v\u00fdrobky Electrolux Professional.<\/em> &#8221;<\/p>\n<p><strong>Magnus Savenas<br \/>\n<\/strong>V.P Customer Care &amp; Quality<br \/>\n<strong>Electrolux Professional<\/strong>[\/vc_column_text][\/vc_column][vc_column width=&#8221;1\/3&#8243;][vc_empty_space][elx_image_block background_image=&#8221;4172&#8243; minimum_height=&#8221;360px&#8221;][\/vc_column][\/vc_row][vc_row css=&#8221;.vc_custom_1526554810632{background-color: #f8f6f9 !important;}&#8221;][vc_column width=&#8221;1\/3&#8243;][elx_simple_block background_color=&#8221;inherit&#8221;][vc_single_image image=&#8221;3747&#8243; img_size=&#8221;360&#215;120&#8243;][elx_heading font_container=&#8221;h3&#8243; text_color=&#8221;inherit&#8221; text_align=&#8221;text-left&#8221;]Dokumentace[\/elx_heading][vc_column_text]V\u0161em na\u0161im partner\u016fm a z\u00e1kazn\u00edk\u016fm poskytujeme kompletn\u00ed dokumentaci v \u010desk\u00e9m jazyce. Voln\u011b jsou k dispozici tak\u00e9 technick\u00e9 listy na vybran\u00e1 za\u0159\u00edzen\u00ed.[\/vc_column_text][elx_button button_text=&#8221;Dokumentace k za\u0159\u00edzen\u00edm&#8221; button_style=&#8221;icon&#8221; css=&#8221;.vc_custom_1511190164961{margin-top: 20px !important;}&#8221; button_link=&#8221;url:https%3A%2F%2Fprofessional.electrolux.cz%2Fdocumentation%2F|title:Dokumentace%20v%C3%BDrobk%C5%AF||&#8221;][\/elx_simple_block][\/vc_column][vc_column width=&#8221;1\/3&#8243;][elx_simple_block background_color=&#8221;inherit&#8221;][vc_single_image image=&#8221;4157&#8243; img_size=&#8221;360&#215;120&#8243;][elx_heading font_container=&#8221;h3&#8243; text_color=&#8221;inherit&#8221; text_align=&#8221;text-left&#8221;]\u00dadr\u017eba[\/elx_heading][vc_column_text]Pravideln\u00e1 \u00fadr\u017eba a \u010di\u0161t\u011bn\u00ed je p\u0159edpokladem spokojenosti s fungov\u00e1n\u00edm v\u0161ech za\u0159\u00edzen\u00ed.[\/vc_column_text][elx_button button_text=&#8221;Hledat Electrolux Professional Partnery&#8221; button_style=&#8221;icon&#8221; css=&#8221;.vc_custom_1498137600668{margin-top: 20px !important;}&#8221; button_link=&#8221;url:https%3A%2F%2Fprofessional.electrolux.cz%2Fsales-and-service-locator%2F|title:Hledat%20Autorizovan%C3%A9%20Partnery||&#8221;][\/elx_simple_block][\/vc_column][vc_column width=&#8221;1\/3&#8243;][elx_simple_block background_color=&#8221;inherit&#8221;][vc_single_image image=&#8221;716&#8243; img_size=&#8221;360&#215;120&#8243;][elx_heading font_container=&#8221;h3&#8243; text_color=&#8221;inherit&#8221; text_align=&#8221;text-left&#8221;]Prevence[\/elx_heading][vc_column_text]Preventivn\u00ed prohl\u00eddky dovedou p\u0159edch\u00e1zet nenad\u00e1l\u00fdm p\u0159\u00edhod\u00e1m. Je to stejn\u00e9 jako s p\u00e9\u010d\u00ed o va\u0161e zdrav\u00ed a proto ji nepodce\u0148ujte.[\/vc_column_text][elx_button button_text=&#8221;Kontaktujte n\u00e1s&#8221; button_style=&#8221;icon&#8221; css=&#8221;.vc_custom_1526553490192{margin-top: 20px !important;}&#8221; button_link=&#8221;url:https%3A%2F%2Fprofessional.electrolux.cz%2Fcontact-us%2F|title:Pro%20kucha%C5%99e||&#8221;][\/elx_simple_block][\/vc_column][\/vc_row][vc_row equal_height=&#8221;yes&#8221; css=&#8221;.vc_custom_1526553411042{background-color: #f8f6f9 !important;}&#8221;][vc_column width=&#8221;1\/3&#8243;][elx_simple_block background_color=&#8221;inherit&#8221;][vc_single_image image=&#8221;4155&#8243; img_size=&#8221;360&#215;120&#8243;][elx_heading font_container=&#8221;h3&#8243; text_color=&#8221;inherit&#8221;]Origin\u00e1ln\u00ed n\u00e1hradn\u00ed d\u00edly[\/elx_heading][vc_column_text]Na\u0161i Electrolux Professional Partne\u0159i pou\u017e\u00edvaj\u00ed v\u017edy jen origin\u00e1ln\u00ed n\u00e1hradn\u00ed d\u00edly ur\u010den\u00e9 pro dan\u00fd typ v\u00fdrobku.[\/vc_column_text][elx_button button_text=&#8221;P\u0159\u00edslu\u0161enstv\u00ed a dopl\u0148ky&#8221; button_style=&#8221;icon&#8221; css=&#8221;.vc_custom_1511190335486{margin-top: 20px !important;}&#8221; button_link=&#8221;url:https%3A%2F%2Fprofessional.electrolux.cz%2Faccessories-consumables%2F|title:P%C5%99%C3%ADslu%C5%A1enstv%C3%AD%20a%20dopl%C5%88ky||&#8221;][\/elx_simple_block][\/vc_column][vc_column width=&#8221;1\/3&#8243;][elx_simple_block background_color=&#8221;inherit&#8221;][vc_single_image image=&#8221;3284&#8243; img_size=&#8221;360&#215;120&#8243;][elx_heading font_container=&#8221;h3&#8243; text_color=&#8221;inherit&#8221;]Podpora a poradentstv\u00ed[\/elx_heading][vc_column_text]Chcete vyzkou\u0161et nov\u00e9 postupy? Chcete zm\u011bnit Va\u0161e menu? Na\u0161i kucha\u0159i a technologov\u00e9 V\u00e1m r\u00e1di pomohou.[\/vc_column_text][elx_button button_text=&#8221;Sekce pro kucha\u0159e&#8221; button_style=&#8221;icon&#8221; css=&#8221;.vc_custom_1511190265362{margin-top: 20px !important;}&#8221; button_link=&#8221;url:https%3A%2F%2Fprofessional.electrolux.cz%2Fpro-kuchare%2F|title:Pro%20kucha%C5%99e||&#8221;][\/elx_simple_block][\/vc_column][vc_column width=&#8221;1\/3&#8243;][\/vc_column][\/vc_row][vc_row][vc_column][vc_empty_space][\/vc_column][\/vc_row][vc_row r=&#8221;Pros\u00edm, za\u0161lete mi v\u00edce informac\u00ed o &#8230;&#8221; s=&#8221;Po\u017eadavek z webov\u00fdch str\u00e1nek Electrolux Professional&#8221; e=&#8221;&#8221; country=&#8221;Czech Republic&#8221; l=&#8221;cz&#8221; b=&#8221;food&#8221;][vc_column][elx_heading text_color=&#8221;inherit&#8221;]Chcete se dozv\u011bd\u011bt v\u00edce o projektu Essentia?<br \/>\nNapi\u0161te n\u00e1m&#8230;[\/elx_heading][elx_o2000_contact_us s=&#8221;Po\u017eadavek z webov\u00fdch str\u00e1nek Electrolux Professional&#8221; country=&#8221;Czech Republic&#8221; r=&#8221;Pros\u00edm, za\u0161lete mi v\u00edce informac\u00ed o projektu Essentia&#8221; l=&#8221;cz&#8221;][\/vc_column][\/vc_row]<\/p>\n","protected":false},"excerpt":{"rendered":"<p>[vc_row full_width=&#8221;electroluxpro-full-width-no-padding&#8221;][vc_column][vc_single_image image=&#8221;4180&#8243; img_size=&#8221;2000&#215;350&#8243; alignment=&#8221;center&#8221;][\/vc_column][\/vc_row][vc_row][vc_column width=&#8221;1\/4&#8243;][vc_empty_space height=&#8221;30px&#8221;][vc_single_image image=&#8221;4153&#8243; img_size=&#8221;300&#215;300&#8243;][vc_empty_space height=&#8221;30px&#8221;][\/vc_column][vc_column width=&#8221;3\/4&#8243;][vc_empty_space height=&#8221;30px&#8221;][vc_empty_space height=&#8221;30px&#8221;][elx_heading font_container=&#8221;h1&#8243; font_size=&#8221;h3&#8243; text_color=&#8221;inherit&#8221;]Essentia[\/elx_heading][vc_column_text]N\u00e1\u0161 t\u00fdm se o V\u00e1s postar\u00e1. Kdykoliv a kdekoliv.[\/vc_column_text][\/vc_column][\/vc_row][vc_row][vc_column][elx_heading font_size=&#8221;h3&#8243; text_color=&#8221;inherit&#8221;]Z\u00e1klad na\u0161\u00ed p\u00e9\u010de o z\u00e1kazn\u00edka[\/elx_heading][vc_column_text]Essentia povy\u0161uje p\u00e9\u010di o z\u00e1kazn\u00edky na novou \u00farove\u0148. Servisn\u00ed slu\u017eby, kter\u00e9 budou pro V\u00e1s v\u00fdhodou.[\/vc_column_text][vc_column_text]Od okam\u017eiku instalace a\u017e do konce \u017eivotnosti za\u0159\u00edzen\u00ed jsme V\u00e1m p\u0159ipraveni na [&hellip;]<\/p>\n","protected":false},"author":3,"featured_media":1799,"parent":0,"menu_order":0,"comment_status":"closed","ping_status":"closed","template":"","meta":{"footnotes":""},"class_list":["post-4146","page","type-page","status-publish","has-post-thumbnail","hentry"],"acf":[],"yoast_head":"<!-- This site is optimized with the Yoast SEO plugin v23.3 - https:\/\/yoast.com\/wordpress\/plugins\/seo\/ -->\n<title>Podpora a p\u00e9\u010de o z\u00e1kazn\u00edky - Electrolux Professional \u010cesk\u00e1 republika<\/title>\n<meta name=\"robots\" content=\"index, follow, max-snippet:-1, max-image-preview:large, max-video-preview:-1\" \/>\n<link rel=\"canonical\" href=\"https:\/\/www.electroluxprofessional.com\/cz\/customer-care\/\" \/>\n<meta property=\"og:locale\" content=\"cs_CZ\" \/>\n<meta property=\"og:type\" content=\"article\" \/>\n<meta property=\"og:title\" content=\"Podpora a p\u00e9\u010de o z\u00e1kazn\u00edky - Electrolux Professional \u010cesk\u00e1 republika\" \/>\n<meta property=\"og:description\" content=\"[vc_row full_width=&#8221;electroluxpro-full-width-no-padding&#8221;][vc_column][vc_single_image image=&#8221;4180&#8243; img_size=&#8221;2000&#215;350&#8243; alignment=&#8221;center&#8221;][\/vc_column][\/vc_row][vc_row][vc_column width=&#8221;1\/4&#8243;][vc_empty_space height=&#8221;30px&#8221;][vc_single_image image=&#8221;4153&#8243; img_size=&#8221;300&#215;300&#8243;][vc_empty_space height=&#8221;30px&#8221;][\/vc_column][vc_column width=&#8221;3\/4&#8243;][vc_empty_space height=&#8221;30px&#8221;][vc_empty_space height=&#8221;30px&#8221;][elx_heading font_container=&#8221;h1&#8243; font_size=&#8221;h3&#8243; text_color=&#8221;inherit&#8221;]Essentia[\/elx_heading][vc_column_text]N\u00e1\u0161 t\u00fdm se o V\u00e1s postar\u00e1. Kdykoliv a kdekoliv.[\/vc_column_text][\/vc_column][\/vc_row][vc_row][vc_column][elx_heading font_size=&#8221;h3&#8243; text_color=&#8221;inherit&#8221;]Z\u00e1klad na\u0161\u00ed p\u00e9\u010de o z\u00e1kazn\u00edka[\/elx_heading][vc_column_text]Essentia povy\u0161uje p\u00e9\u010di o z\u00e1kazn\u00edky na novou \u00farove\u0148. Servisn\u00ed slu\u017eby, kter\u00e9 budou pro V\u00e1s v\u00fdhodou.[\/vc_column_text][vc_column_text]Od okam\u017eiku instalace a\u017e do konce \u017eivotnosti za\u0159\u00edzen\u00ed jsme V\u00e1m p\u0159ipraveni na [&hellip;]\" \/>\n<meta property=\"og:url\" content=\"https:\/\/www.electroluxprofessional.com\/cz\/customer-care\/\" \/>\n<meta property=\"og:site_name\" content=\"Electrolux Professional \u010cesk\u00e1 republika\" \/>\n<meta property=\"article:publisher\" content=\"https:\/\/www.facebook.com\/electroluxprofessional\" \/>\n<meta property=\"article:modified_time\" content=\"2024-05-22T08:42:02+00:00\" \/>\n<meta property=\"og:image\" content=\"https:\/\/www.electroluxprofessional.com\/cz\/wp-content\/uploads\/2017\/01\/cutomer-care.jpg\" \/>\n\t<meta property=\"og:image:width\" content=\"2000\" \/>\n\t<meta property=\"og:image:height\" content=\"1691\" \/>\n\t<meta property=\"og:image:type\" content=\"image\/jpeg\" \/>\n<meta name=\"twitter:card\" content=\"summary_large_image\" \/>\n<meta name=\"twitter:site\" content=\"@ElectroluxPro\" \/>\n<meta name=\"twitter:label1\" content=\"Odhadovan\u00e1 doba \u010dten\u00ed\" \/>\n\t<meta name=\"twitter:data1\" content=\"3 minuty\" \/>\n<script type=\"application\/ld+json\" class=\"yoast-schema-graph\">{\"@context\":\"https:\/\/schema.org\",\"@graph\":[{\"@type\":\"WebPage\",\"@id\":\"https:\/\/www.electroluxprofessional.com\/cz\/customer-care\/\",\"url\":\"https:\/\/www.electroluxprofessional.com\/cz\/customer-care\/\",\"name\":\"Podpora a p\u00e9\u010de o z\u00e1kazn\u00edky - Electrolux Professional \u010cesk\u00e1 republika\",\"isPartOf\":{\"@id\":\"https:\/\/www.electroluxprofessional.com\/cz\/#website\"},\"primaryImageOfPage\":{\"@id\":\"https:\/\/www.electroluxprofessional.com\/cz\/customer-care\/#primaryimage\"},\"image\":{\"@id\":\"https:\/\/www.electroluxprofessional.com\/cz\/customer-care\/#primaryimage\"},\"thumbnailUrl\":\"https:\/\/www.electroluxprofessional.com\/cz\/wp-content\/uploads\/2017\/01\/cutomer-care.jpg\",\"datePublished\":\"2018-05-17T12:48:43+00:00\",\"dateModified\":\"2024-05-22T08:42:02+00:00\",\"breadcrumb\":{\"@id\":\"https:\/\/www.electroluxprofessional.com\/cz\/customer-care\/#breadcrumb\"},\"inLanguage\":\"cs\",\"potentialAction\":[{\"@type\":\"ReadAction\",\"target\":[\"https:\/\/www.electroluxprofessional.com\/cz\/customer-care\/\"]}]},{\"@type\":\"ImageObject\",\"inLanguage\":\"cs\",\"@id\":\"https:\/\/www.electroluxprofessional.com\/cz\/customer-care\/#primaryimage\",\"url\":\"https:\/\/www.electroluxprofessional.com\/cz\/wp-content\/uploads\/2017\/01\/cutomer-care.jpg\",\"contentUrl\":\"https:\/\/www.electroluxprofessional.com\/cz\/wp-content\/uploads\/2017\/01\/cutomer-care.jpg\",\"width\":2000,\"height\":1691,\"caption\":\"customer-care\"},{\"@type\":\"BreadcrumbList\",\"@id\":\"https:\/\/www.electroluxprofessional.com\/cz\/customer-care\/#breadcrumb\",\"itemListElement\":[{\"@type\":\"ListItem\",\"position\":1,\"name\":\"Home\",\"item\":\"https:\/\/www.electroluxprofessional.com\/cz\/\"},{\"@type\":\"ListItem\",\"position\":2,\"name\":\"Podpora a p\u00e9\u010de o z\u00e1kazn\u00edky\"}]},{\"@type\":\"WebSite\",\"@id\":\"https:\/\/www.electroluxprofessional.com\/cz\/#website\",\"url\":\"https:\/\/www.electroluxprofessional.com\/cz\/\",\"name\":\"Electrolux Professional \u010cesk\u00e1 republika\",\"description\":\"\",\"potentialAction\":[{\"@type\":\"SearchAction\",\"target\":{\"@type\":\"EntryPoint\",\"urlTemplate\":\"https:\/\/www.electroluxprofessional.com\/cz\/?src={search_term_string}\"},\"query-input\":\"required name=search_term_string\"}],\"inLanguage\":\"cs\"}]}<\/script>\n<!-- \/ Yoast SEO plugin. -->","yoast_head_json":{"title":"Podpora a p\u00e9\u010de o z\u00e1kazn\u00edky - Electrolux Professional \u010cesk\u00e1 republika","robots":{"index":"index","follow":"follow","max-snippet":"max-snippet:-1","max-image-preview":"max-image-preview:large","max-video-preview":"max-video-preview:-1"},"canonical":"https:\/\/www.electroluxprofessional.com\/cz\/customer-care\/","og_locale":"cs_CZ","og_type":"article","og_title":"Podpora a p\u00e9\u010de o z\u00e1kazn\u00edky - Electrolux Professional \u010cesk\u00e1 republika","og_description":"[vc_row full_width=&#8221;electroluxpro-full-width-no-padding&#8221;][vc_column][vc_single_image image=&#8221;4180&#8243; img_size=&#8221;2000&#215;350&#8243; alignment=&#8221;center&#8221;][\/vc_column][\/vc_row][vc_row][vc_column width=&#8221;1\/4&#8243;][vc_empty_space height=&#8221;30px&#8221;][vc_single_image image=&#8221;4153&#8243; img_size=&#8221;300&#215;300&#8243;][vc_empty_space height=&#8221;30px&#8221;][\/vc_column][vc_column width=&#8221;3\/4&#8243;][vc_empty_space height=&#8221;30px&#8221;][vc_empty_space height=&#8221;30px&#8221;][elx_heading font_container=&#8221;h1&#8243; font_size=&#8221;h3&#8243; text_color=&#8221;inherit&#8221;]Essentia[\/elx_heading][vc_column_text]N\u00e1\u0161 t\u00fdm se o V\u00e1s postar\u00e1. Kdykoliv a kdekoliv.[\/vc_column_text][\/vc_column][\/vc_row][vc_row][vc_column][elx_heading font_size=&#8221;h3&#8243; text_color=&#8221;inherit&#8221;]Z\u00e1klad na\u0161\u00ed p\u00e9\u010de o z\u00e1kazn\u00edka[\/elx_heading][vc_column_text]Essentia povy\u0161uje p\u00e9\u010di o z\u00e1kazn\u00edky na novou \u00farove\u0148. Servisn\u00ed slu\u017eby, kter\u00e9 budou pro V\u00e1s v\u00fdhodou.[\/vc_column_text][vc_column_text]Od okam\u017eiku instalace a\u017e do konce \u017eivotnosti za\u0159\u00edzen\u00ed jsme V\u00e1m p\u0159ipraveni na [&hellip;]","og_url":"https:\/\/www.electroluxprofessional.com\/cz\/customer-care\/","og_site_name":"Electrolux Professional \u010cesk\u00e1 republika","article_publisher":"https:\/\/www.facebook.com\/electroluxprofessional","article_modified_time":"2024-05-22T08:42:02+00:00","og_image":[{"width":2000,"height":1691,"url":"https:\/\/www.electroluxprofessional.com\/cz\/wp-content\/uploads\/2017\/01\/cutomer-care.jpg","type":"image\/jpeg"}],"twitter_card":"summary_large_image","twitter_site":"@ElectroluxPro","twitter_misc":{"Odhadovan\u00e1 doba \u010dten\u00ed":"3 minuty"},"schema":{"@context":"https:\/\/schema.org","@graph":[{"@type":"WebPage","@id":"https:\/\/www.electroluxprofessional.com\/cz\/customer-care\/","url":"https:\/\/www.electroluxprofessional.com\/cz\/customer-care\/","name":"Podpora a p\u00e9\u010de o z\u00e1kazn\u00edky - Electrolux Professional \u010cesk\u00e1 republika","isPartOf":{"@id":"https:\/\/www.electroluxprofessional.com\/cz\/#website"},"primaryImageOfPage":{"@id":"https:\/\/www.electroluxprofessional.com\/cz\/customer-care\/#primaryimage"},"image":{"@id":"https:\/\/www.electroluxprofessional.com\/cz\/customer-care\/#primaryimage"},"thumbnailUrl":"https:\/\/www.electroluxprofessional.com\/cz\/wp-content\/uploads\/2017\/01\/cutomer-care.jpg","datePublished":"2018-05-17T12:48:43+00:00","dateModified":"2024-05-22T08:42:02+00:00","breadcrumb":{"@id":"https:\/\/www.electroluxprofessional.com\/cz\/customer-care\/#breadcrumb"},"inLanguage":"cs","potentialAction":[{"@type":"ReadAction","target":["https:\/\/www.electroluxprofessional.com\/cz\/customer-care\/"]}]},{"@type":"ImageObject","inLanguage":"cs","@id":"https:\/\/www.electroluxprofessional.com\/cz\/customer-care\/#primaryimage","url":"https:\/\/www.electroluxprofessional.com\/cz\/wp-content\/uploads\/2017\/01\/cutomer-care.jpg","contentUrl":"https:\/\/www.electroluxprofessional.com\/cz\/wp-content\/uploads\/2017\/01\/cutomer-care.jpg","width":2000,"height":1691,"caption":"customer-care"},{"@type":"BreadcrumbList","@id":"https:\/\/www.electroluxprofessional.com\/cz\/customer-care\/#breadcrumb","itemListElement":[{"@type":"ListItem","position":1,"name":"Home","item":"https:\/\/www.electroluxprofessional.com\/cz\/"},{"@type":"ListItem","position":2,"name":"Podpora a p\u00e9\u010de o z\u00e1kazn\u00edky"}]},{"@type":"WebSite","@id":"https:\/\/www.electroluxprofessional.com\/cz\/#website","url":"https:\/\/www.electroluxprofessional.com\/cz\/","name":"Electrolux Professional \u010cesk\u00e1 republika","description":"","potentialAction":[{"@type":"SearchAction","target":{"@type":"EntryPoint","urlTemplate":"https:\/\/www.electroluxprofessional.com\/cz\/?src={search_term_string}"},"query-input":"required name=search_term_string"}],"inLanguage":"cs"}]}},"_links":{"self":[{"href":"https:\/\/www.electroluxprofessional.com\/cz\/wp-json\/wp\/v2\/pages\/4146"}],"collection":[{"href":"https:\/\/www.electroluxprofessional.com\/cz\/wp-json\/wp\/v2\/pages"}],"about":[{"href":"https:\/\/www.electroluxprofessional.com\/cz\/wp-json\/wp\/v2\/types\/page"}],"author":[{"embeddable":true,"href":"https:\/\/www.electroluxprofessional.com\/cz\/wp-json\/wp\/v2\/users\/3"}],"replies":[{"embeddable":true,"href":"https:\/\/www.electroluxprofessional.com\/cz\/wp-json\/wp\/v2\/comments?post=4146"}],"version-history":[{"count":57,"href":"https:\/\/www.electroluxprofessional.com\/cz\/wp-json\/wp\/v2\/pages\/4146\/revisions"}],"predecessor-version":[{"id":12176,"href":"https:\/\/www.electroluxprofessional.com\/cz\/wp-json\/wp\/v2\/pages\/4146\/revisions\/12176"}],"wp:featuredmedia":[{"embeddable":true,"href":"https:\/\/www.electroluxprofessional.com\/cz\/wp-json\/wp\/v2\/media\/1799"}],"wp:attachment":[{"href":"https:\/\/www.electroluxprofessional.com\/cz\/wp-json\/wp\/v2\/media?parent=4146"}],"curies":[{"name":"wp","href":"https:\/\/api.w.org\/{rel}","templated":true}]}}