{"id":4057,"date":"2018-01-17T14:24:42","date_gmt":"2018-01-17T13:24:42","guid":{"rendered":"https:\/\/www.electroluxprofessional.com\/?page_id=14181"},"modified":"2025-11-06T09:29:45","modified_gmt":"2025-11-06T09:29:45","slug":"kompaktni-konvektomat-multislim","status":"publish","type":"page","link":"https:\/\/www.electroluxprofessional.com\/cz\/commercial-kitchen-equipment\/kompaktni-konvektomat-multislim\/","title":{"rendered":"Kompaktn\u00ed konvektomat &#8211; MultiSlim"},"content":{"rendered":"<p>[vc_row full_width=&#8221;electroluxpro-full-width-no-padding&#8221;][vc_column][vc_single_image image=&#8221;7768&#8243; img_size=&#8221;2000&#215;350&#8243; alignment=&#8221;center&#8221;][\/vc_column][\/vc_row][vc_row][vc_column][vc_empty_space][elx_heading font_container=&#8221;h1&#8243; font_size=&#8221;h3&#8243; text_color=&#8221;inherit&#8221;]Kompaktn\u00ed konvektomat &#8211; MultiSlim[\/elx_heading][vc_empty_space][\/vc_column][\/vc_row][vc_row][vc_column width=&#8221;2\/3&#8243;][vc_column_text]\u0158e\u0161\u00edte probl\u00e9m s m\u00edstem v kuchyni? Pot\u0159ebujete do v\u00fddeje <strong>kompaktn\u00ed konvektomat <\/strong>kter\u00fd bude v\u0161ak v\u00fdkonn\u00fd? P\u0159ipravujete pokrmy <strong>p\u0159ed zraky z\u00e1kazn\u00edka<\/strong>? Novinka Electrolux Professional <strong>MultiSlim compact<\/strong> je to prav\u00e9 \u0159e\u0161en\u00ed.<\/p>\n<p>Nov\u00fd kompaktn\u00ed konvektomat MultiSlim se perfektn\u011b hod\u00ed <strong>do va\u0161\u00ed restaurace nebo baru<\/strong>.[\/vc_column_text][\/vc_column][vc_column width=&#8221;1\/3&#8243;][elx_download_block text=&#8221;St\u00e1hnout katalog a recepty pro<br \/>\nkonvektomat MultiSlim&#8221; document_type=&#8221;brochures&#8221; link=&#8221;https:\/\/tools.electroluxprofessional.com\/Mirror\/Doc\/BR\/BR_BR-9JE00182_1_5_1_1_EPR_brochure_MultiSlim_2021_LR.pdf&#8221; background_color=&#8221;electrolux-blue&#8221;][\/vc_column][\/vc_row][vc_row][vc_column width=&#8221;1\/3&#8243;][vc_single_image image=&#8221;3859&#8243; img_size=&#8221;full&#8221;][elx_heading font_size=&#8221;h5&#8243; text_color=&#8221;inherit&#8221;]\u00daspory[\/elx_heading][vc_column_text]Ni\u017e\u0161\u00ed spot\u0159eba vody a\u017e o 15% oproti standardn\u00edm n\u00e1st\u0159ikov\u00fdm konvektomat\u016fm, <strong>MultiSlim kompaktn\u00ed konvektomat<\/strong> chr\u00e1n\u00ed nejen \u017eivotn\u00ed prost\u0159ed\u00ed, ale tak\u00e9 Va\u0161i pen\u011b\u017eenku.[\/vc_column_text][\/vc_column][vc_column width=&#8221;1\/3&#8243;][vc_single_image image=&#8221;3860&#8243; img_size=&#8221;full&#8221;][elx_heading font_size=&#8221;h5&#8243; text_color=&#8221;inherit&#8221;]Kompaktn\u00ed rozm\u011bry[\/elx_heading][vc_column_text]P\u016fdorys pouze 0.42 m2, ide\u00e1ln\u00ed p\u0159edpoklad pro <strong>pou\u017eit\u00ed konvektomatu v mal\u00fdch prostor\u00e1ch<\/strong>.<br \/>\nProveden\u00ed s lev\u00fdmi nebo prav\u00fdmi dv\u00ed\u0159ky a to i s mo\u017enost\u00ed pozd\u011bj\u0161\u00ed zm\u011bny, nap\u0159\u00edklad p\u0159i zm\u011bn\u011b uspo\u0159\u00e1d\u00e1n\u00ed kuchyn\u011b \u010di v\u00fddeje.[\/vc_column_text][\/vc_column][vc_column width=&#8221;1\/3&#8243;][vc_single_image image=&#8221;3861&#8243; img_size=&#8221;full&#8221;][elx_heading font_size=&#8221;h5&#8243; text_color=&#8221;inherit&#8221;]Robustn\u00ed proveden\u00ed[\/elx_heading][vc_column_text]<strong>Kompaktn\u00ed konvektomat MultiSlim<\/strong> je konstruov\u00e1n s ohledem na dlouhou \u017eivotnost a intenzivn\u00ed pou\u017e\u00edv\u00e1n\u00ed. <strong>V\u00e1ha 72 kg<\/strong> dokl\u00e1d\u00e1 kvalitu pou\u017eit\u00fdch materi\u00e1l\u016f a zpracov\u00e1n\u00ed.[\/vc_column_text][\/vc_column][\/vc_row][vc_row][vc_column css=&#8221;.vc_custom_1516182416648{padding-top: 40px !important;}&#8221;][vc_empty_space][\/vc_column][\/vc_row][vc_row css=&#8221;.vc_custom_1516626289472{background-color: #eeeeee !important;}&#8221;][vc_column width=&#8221;1\/2&#8243;][vc_single_image image=&#8221;3862&#8243; img_size=&#8221;full&#8221;][\/vc_column][vc_column width=&#8221;1\/2&#8243;][vc_empty_space][elx_heading font_size=&#8221;h5&#8243; text_color=&#8221;inherit&#8221;]Mal\u00fd kompaktn\u00ed konvektomat MultiSlim,<br \/>\nkompletn\u00ed menu je jen ot\u00e1zkou Va\u0161\u00ed p\u0159edstavivosti[\/elx_heading][vc_column_text]Rychl\u00e1 a snadn\u00e1 obsluha, intuitivn\u00ed nastaven\u00ed program\u016f. Kombinace dotykov\u00e9ho ovl\u00e1dac\u00edho panelu a oto\u010dn\u00e9ho voli\u010de.<br \/>\n<strong>Sta\u010d\u00ed stisknout a vybrat.<\/strong><\/p>\n<p>Velice snadn\u00e9 programov\u00e1n\u00ed V\u00e1m umo\u017en\u00ed ulo\u017eit <strong>a\u017e 99 recept\u016f<\/strong>.[\/vc_column_text][\/vc_column][\/vc_row][vc_row][vc_column css=&#8221;.vc_custom_1516182416648{padding-top: 40px !important;}&#8221;][vc_empty_space][\/vc_column][\/vc_row][vc_row][vc_column width=&#8221;1\/3&#8243;][vc_single_image image=&#8221;3863&#8243; img_size=&#8221;full&#8221;][\/vc_column][vc_column width=&#8221;1\/3&#8243;][vc_empty_space][elx_heading font_size=&#8221;h5&#8243; text_color=&#8221;inherit&#8221;]Spr\u00e1vn\u00e9 p\u0159\u00edslu\u0161enstv\u00ed pro ka\u017ed\u00fd recept[\/elx_heading][vc_column_text]Snadno a rychle. <strong>Pod\u00edvejte se na vybran\u00e9 recepty od na\u0161ich \u0161\u00e9fkucha\u0159\u016f<\/strong> a z\u00edskejte sv\u00e9 recepty pr\u00e1v\u011b nyn\u00ed..[\/vc_column_text][\/vc_column][vc_column width=&#8221;1\/3&#8243;][elx_download_block text=&#8221;St\u00e1hnout katalog a recepty pro<br \/>\nkonvektomat MultiSlim&#8221; document_type=&#8221;brochures&#8221; link=&#8221;https:\/\/tools.electroluxprofessional.com\/Mirror\/Doc\/BR\/BR_BR-9JE00182_1_5_1_1_EPR%20MultiSlim_brochure_LR.pdf&#8221; background_color=&#8221;electrolux-blue&#8221;][\/vc_column][\/vc_row][vc_row][vc_column][vc_empty_space][vc_empty_space][elx_heading font_size=&#8221;h3&#8243; text_color=&#8221;inherit&#8221;]Konvektomaty MultiSlim[\/elx_heading]<div class=\"com21-product-filter-container 73\"><div class=\"\"><h4 class=\"text-center\">2 V\u00fdrobky<\/h4><hr><\/div>\n                    <!-- PROD LIST -->\n                    <div class=\"product-list container\">\n                        <!--Hidden parameters-->\n                        <input type=\"hidden\" name=\"navigation_level_1\" id=\"navigation_level_1\" value=\"E\">\n                        <input type=\"hidden\" name=\"navigation_level_2\" id=\"navigation_level_2\" value=\"2\">\n                        <input type=\"hidden\" name=\"navigation_level_3\" id=\"navigation_level_3\" value=\"A\">\n                        <input type=\"hidden\" name=\"navigation_level_4\" id=\"navigation_level_4\" value=\"\">\n                        <input type=\"hidden\" name=\"filter_id\" id=\"filter_id\" value=\"73\">\n                        <input type=\"hidden\" name=\"navigation_language\" id=\"navigation_language\" value=\"5021\">\n                        <input type=\"hidden\" name=\"navigation_language_code\" id=\"navigation_language\" value=\"5021\">\n                        <input type=\"hidden\" name=\"page_id\" id=\"page_id\" value=\"4057\">\n                        <!--END Hidden parameters--><ul class=\"row\" ><li data-product-paged=\"\" class=\"anchor_tags_prod col-sm-6 col-md-3 wow fadeIn single-product-list 260652\"><div class=\"product-list-item\"><div class=\"product-content\"><a href=\"https:\/\/www.electroluxprofessional.com\/cz\/pd\/konvektomaty-zchlazova\u010de\/konvektomaty-\u0159ady-kompakt\/konvektomaty-multislim\/multislim-multislim-kompakt-konvektomat-6gn-1-1-el-\u010distic\u00ed-syst\u00e9m-260652\/\" target=\"_blank\" ><figure><img decoding=\"async\" src=\"https:\/\/tools.electroluxprofessional.com\/Mirror\/Doc\/PH_255x255%2FPH_260650_1_1_MultiSlimOven_US_260650.jpg\" alt=\"MultiSlimMultiSlim Kompakt konvektomat 6GN 1\/1, EL, \u010distic\u00ed syst\u00e9m\"\/><\/figure><div class=\"product-internal\"><div class=\"product-liv\">Konvektomaty MultiSlim<\/div><h3 class=\"product-title\">MultiSlim<br>MultiSlim Kompakt konvektomat 6GN 1\/1, EL, \u010distic\u00ed syst\u00e9m<\/h3><div class=\"product-icons\"><div class=\"product-green\"><\/div><div class=\"product-cod\"><div class=\"hidden type_code\">0<\/div>K\u00d3D <span class=\"product-code\" >260652<\/span><\/div><div class=\"product-fast\"><\/div>\n<\/div><div class=\"product-description-fast-green\"><\/div>\n<\/div><div class=\"product-actions\"><a href=\"https:\/\/www.electroluxprofessional.com\/cz\/pd\/konvektomaty-zchlazova\u010de\/konvektomaty-\u0159ady-kompakt\/konvektomaty-multislim\/multislim-multislim-kompakt-konvektomat-6gn-1-1-el-\u010distic\u00ed-syst\u00e9m-260652\/\" class=\"btn btn-primary-blue\">Zjistit v\u00edce<\/a><span class=\"compare-product\"><span class=\"compare-checkbox\"><span class=\"compare-checkbox-shape\"><input type=\"checkbox\" class=\"product-comparer\" id=\"prod_260652\"\/><label class=\"btn\" for=\"prod_260652\"><span class=\"label-bg\"><\/span>Porovnat<\/label><\/span><\/span><\/span><\/div><\/a><\/div><\/div><\/li><li data-product-paged=\"\" class=\"anchor_tags_prod col-sm-6 col-md-3 wow fadeIn single-product-list 260654\"><div class=\"product-list-item\"><div class=\"product-content\"><a href=\"https:\/\/www.electroluxprofessional.com\/cz\/pd\/konvektomaty-zchlazova\u010de\/konvektomaty-\u0159ady-kompakt\/konvektomaty-multislim\/multislim-multislim-kompakt-konvektomat-6gn-1-1-el-\u010distic\u00ed-syst\u00e9m-260654\/\" target=\"_blank\" ><figure><img decoding=\"async\" src=\"https:\/\/tools.electroluxprofessional.com\/Mirror\/Doc\/PH_255x255%2FPH_260654_1_1_260654.jpg\" alt=\"MultiSlimMultiSlim Kompakt konvektomat 6GN 1\/1, EL, \u010distic\u00ed syst\u00e9m\"\/><\/figure><div class=\"product-internal\"><div class=\"product-liv\">Konvektomaty MultiSlim<\/div><h3 class=\"product-title\">MultiSlim<br>MultiSlim Kompakt konvektomat 6GN 1\/1, EL, \u010distic\u00ed syst\u00e9m<\/h3><div class=\"product-icons\"><div class=\"product-green\"><\/div><div class=\"product-cod\"><div class=\"hidden type_code\">0<\/div>K\u00d3D <span class=\"product-code\" >260654<\/span><\/div><div class=\"product-fast\"><\/div>\n<\/div><div class=\"product-description-fast-green\"><\/div>\n<\/div><div class=\"product-actions\"><a href=\"https:\/\/www.electroluxprofessional.com\/cz\/pd\/konvektomaty-zchlazova\u010de\/konvektomaty-\u0159ady-kompakt\/konvektomaty-multislim\/multislim-multislim-kompakt-konvektomat-6gn-1-1-el-\u010distic\u00ed-syst\u00e9m-260654\/\" class=\"btn btn-primary-blue\">Zjistit v\u00edce<\/a><span class=\"compare-product\"><span class=\"compare-checkbox\"><span class=\"compare-checkbox-shape\"><input type=\"checkbox\" class=\"product-comparer\" id=\"prod_260654\"\/><label class=\"btn\" for=\"prod_260654\"><span class=\"label-bg\"><\/span>Porovnat<\/label><\/span><\/span><\/span><\/div><\/a><\/div><\/div><\/li>\n                        <\/ul>\n                        <div class=\"text-center more-products\">\n                        <\/div>\n                    <\/div>\n                    <!-- END PRODUCT LIST -->\n                    <\/div>\n                    <!-- END PRODUCT LIST -->[\/vc_column][\/vc_row][vc_row][vc_column][vc_empty_space][elx_heading font_size=&#8221;h3&#8243; text_color=&#8221;inherit&#8221;]Pot\u0159ebujete v\u00edc informac\u00ed?[\/elx_heading][elx_o2000_contact_us s=&#8221;Po\u017eadavek z webov\u00fdch str\u00e1nek Electrolux Professional&#8221; country=&#8221;Czech Republic&#8221; b=&#8221;food&#8221; r=&#8221;Pros\u00edm, za\u0161lete mi v\u00edce informac\u00ed o kompaktn\u00edch konvektomatech MultiSlim&#8221; l=&#8221;cz&#8221; e=&#8221;&#8221;][\/vc_column][\/vc_row][vc_row css=&#8221;.vc_custom_1517485643770{background-color: #eeeeee !important;}&#8221;][vc_column][elx_heading font_size=&#8221;h3&#8243; text_color=&#8221;inherit&#8221;]Mo\u017en\u00e1 by v\u00e1s tak\u00e9 zaj\u00edmalo[\/elx_heading][vc_row_inner css=&#8221;.vc_custom_1517485631687{background-color: #eeeeee !important;}&#8221;][vc_column_inner width=&#8221;1\/3&#8243;][elx_maylike_box id_box=&#8221;2557&#8243;][\/vc_column_inner][vc_column_inner width=&#8221;1\/3&#8243;][elx_maylike_box id_box=&#8221;2533&#8243;][\/vc_column_inner][vc_column_inner width=&#8221;1\/3&#8243;][elx_maylike_box id_box=&#8221;2726&#8243;][\/vc_column_inner][\/vc_row_inner][\/vc_column][\/vc_row]<\/p>\n","protected":false},"excerpt":{"rendered":"<p>[vc_row full_width=&#8221;electroluxpro-full-width-no-padding&#8221;][vc_column][vc_single_image image=&#8221;7768&#8243; img_size=&#8221;2000&#215;350&#8243; alignment=&#8221;center&#8221;][\/vc_column][\/vc_row][vc_row][vc_column][vc_empty_space][elx_heading font_container=&#8221;h1&#8243; font_size=&#8221;h3&#8243; text_color=&#8221;inherit&#8221;]Kompaktn\u00ed konvektomat &#8211; MultiSlim[\/elx_heading][vc_empty_space][\/vc_column][\/vc_row][vc_row][vc_column width=&#8221;2\/3&#8243;][vc_column_text]\u0158e\u0161\u00edte probl\u00e9m s m\u00edstem v kuchyni? Pot\u0159ebujete do v\u00fddeje kompaktn\u00ed konvektomat kter\u00fd bude v\u0161ak v\u00fdkonn\u00fd? P\u0159ipravujete pokrmy p\u0159ed zraky z\u00e1kazn\u00edka? Novinka Electrolux Professional MultiSlim compact je to prav\u00e9 \u0159e\u0161en\u00ed. Nov\u00fd kompaktn\u00ed konvektomat MultiSlim se perfektn\u011b hod\u00ed do va\u0161\u00ed restaurace nebo baru.[\/vc_column_text][\/vc_column][vc_column width=&#8221;1\/3&#8243;][elx_download_block text=&#8221;St\u00e1hnout katalog [&hellip;]<\/p>\n","protected":false},"author":3,"featured_media":0,"parent":1155,"menu_order":0,"comment_status":"closed","ping_status":"closed","template":"","meta":{"footnotes":""},"class_list":["post-4057","page","type-page","status-publish","hentry"],"acf":[],"yoast_head":"<!-- This site is optimized with the Yoast SEO plugin v23.3 - https:\/\/yoast.com\/wordpress\/plugins\/seo\/ -->\n<title>Kompaktn\u00ed konvektomat - MultiSlim - Electrolux Professional \u010cesk\u00e1 republika<\/title>\n<meta name=\"description\" content=\"Kompaktn\u00ed konvektomat vhodn\u00fd v\u0161ude kde je m\u00e1lo m\u00edsta nebo je t\u0159eba sn\u00ed\u017eit provozn\u00ed n\u00e1klady. Ov\u0161em bez kompromis\u016f ve v\u00fdkonu.\" \/>\n<meta name=\"robots\" content=\"index, follow, max-snippet:-1, max-image-preview:large, max-video-preview:-1\" \/>\n<link rel=\"canonical\" href=\"https:\/\/www.electroluxprofessional.com\/cz\/commercial-kitchen-equipment\/kompaktni-konvektomat-multislim\/\" \/>\n<meta property=\"og:locale\" content=\"cs_CZ\" \/>\n<meta property=\"og:type\" content=\"article\" \/>\n<meta property=\"og:title\" content=\"Kompaktn\u00ed konvektomat - MultiSlim - Electrolux Professional \u010cesk\u00e1 republika\" \/>\n<meta property=\"og:description\" content=\"Kompaktn\u00ed konvektomat vhodn\u00fd v\u0161ude kde je m\u00e1lo m\u00edsta nebo je t\u0159eba sn\u00ed\u017eit provozn\u00ed n\u00e1klady. Ov\u0161em bez kompromis\u016f ve v\u00fdkonu.\" \/>\n<meta property=\"og:url\" content=\"https:\/\/www.electroluxprofessional.com\/cz\/commercial-kitchen-equipment\/kompaktni-konvektomat-multislim\/\" \/>\n<meta property=\"og:site_name\" content=\"Electrolux Professional \u010cesk\u00e1 republika\" \/>\n<meta property=\"article:publisher\" content=\"https:\/\/www.facebook.com\/electroluxprofessional\" \/>\n<meta property=\"article:modified_time\" content=\"2025-11-06T09:29:45+00:00\" \/>\n<meta name=\"twitter:card\" content=\"summary_large_image\" \/>\n<meta name=\"twitter:site\" content=\"@ElectroluxPro\" \/>\n<meta name=\"twitter:label1\" content=\"Odhadovan\u00e1 doba \u010dten\u00ed\" \/>\n\t<meta name=\"twitter:data1\" content=\"2 minuty\" \/>\n<script type=\"application\/ld+json\" class=\"yoast-schema-graph\">{\"@context\":\"https:\/\/schema.org\",\"@graph\":[{\"@type\":\"WebPage\",\"@id\":\"https:\/\/www.electroluxprofessional.com\/cz\/commercial-kitchen-equipment\/kompaktni-konvektomat-multislim\/\",\"url\":\"https:\/\/www.electroluxprofessional.com\/cz\/commercial-kitchen-equipment\/kompaktni-konvektomat-multislim\/\",\"name\":\"Kompaktn\u00ed konvektomat - MultiSlim - Electrolux Professional \u010cesk\u00e1 republika\",\"isPartOf\":{\"@id\":\"https:\/\/www.electroluxprofessional.com\/cz\/#website\"},\"datePublished\":\"2018-01-17T13:24:42+00:00\",\"dateModified\":\"2025-11-06T09:29:45+00:00\",\"description\":\"Kompaktn\u00ed konvektomat vhodn\u00fd v\u0161ude kde je m\u00e1lo m\u00edsta nebo je t\u0159eba sn\u00ed\u017eit provozn\u00ed n\u00e1klady. Ov\u0161em bez kompromis\u016f ve v\u00fdkonu.\",\"breadcrumb\":{\"@id\":\"https:\/\/www.electroluxprofessional.com\/cz\/commercial-kitchen-equipment\/kompaktni-konvektomat-multislim\/#breadcrumb\"},\"inLanguage\":\"cs\",\"potentialAction\":[{\"@type\":\"ReadAction\",\"target\":[\"https:\/\/www.electroluxprofessional.com\/cz\/commercial-kitchen-equipment\/kompaktni-konvektomat-multislim\/\"]}]},{\"@type\":\"BreadcrumbList\",\"@id\":\"https:\/\/www.electroluxprofessional.com\/cz\/commercial-kitchen-equipment\/kompaktni-konvektomat-multislim\/#breadcrumb\",\"itemListElement\":[{\"@type\":\"ListItem\",\"position\":1,\"name\":\"Home\",\"item\":\"https:\/\/www.electroluxprofessional.com\/cz\/\"},{\"@type\":\"ListItem\",\"position\":2,\"name\":\"FoodService &#8211; Gastro\",\"item\":\"https:\/\/www.electroluxprofessional.com\/cz\/commercial-kitchen-equipment\/\"},{\"@type\":\"ListItem\",\"position\":3,\"name\":\"Kompaktn\u00ed konvektomat &#8211; MultiSlim\"}]},{\"@type\":\"WebSite\",\"@id\":\"https:\/\/www.electroluxprofessional.com\/cz\/#website\",\"url\":\"https:\/\/www.electroluxprofessional.com\/cz\/\",\"name\":\"Electrolux Professional \u010cesk\u00e1 republika\",\"description\":\"\",\"potentialAction\":[{\"@type\":\"SearchAction\",\"target\":{\"@type\":\"EntryPoint\",\"urlTemplate\":\"https:\/\/www.electroluxprofessional.com\/cz\/?src={search_term_string}\"},\"query-input\":\"required name=search_term_string\"}],\"inLanguage\":\"cs\"}]}<\/script>\n<!-- \/ Yoast SEO plugin. -->","yoast_head_json":{"title":"Kompaktn\u00ed konvektomat - MultiSlim - Electrolux Professional \u010cesk\u00e1 republika","description":"Kompaktn\u00ed konvektomat vhodn\u00fd v\u0161ude kde je m\u00e1lo m\u00edsta nebo je t\u0159eba sn\u00ed\u017eit provozn\u00ed n\u00e1klady. Ov\u0161em bez kompromis\u016f ve v\u00fdkonu.","robots":{"index":"index","follow":"follow","max-snippet":"max-snippet:-1","max-image-preview":"max-image-preview:large","max-video-preview":"max-video-preview:-1"},"canonical":"https:\/\/www.electroluxprofessional.com\/cz\/commercial-kitchen-equipment\/kompaktni-konvektomat-multislim\/","og_locale":"cs_CZ","og_type":"article","og_title":"Kompaktn\u00ed konvektomat - MultiSlim - Electrolux Professional \u010cesk\u00e1 republika","og_description":"Kompaktn\u00ed konvektomat vhodn\u00fd v\u0161ude kde je m\u00e1lo m\u00edsta nebo je t\u0159eba sn\u00ed\u017eit provozn\u00ed n\u00e1klady. Ov\u0161em bez kompromis\u016f ve v\u00fdkonu.","og_url":"https:\/\/www.electroluxprofessional.com\/cz\/commercial-kitchen-equipment\/kompaktni-konvektomat-multislim\/","og_site_name":"Electrolux Professional \u010cesk\u00e1 republika","article_publisher":"https:\/\/www.facebook.com\/electroluxprofessional","article_modified_time":"2025-11-06T09:29:45+00:00","twitter_card":"summary_large_image","twitter_site":"@ElectroluxPro","twitter_misc":{"Odhadovan\u00e1 doba \u010dten\u00ed":"2 minuty"},"schema":{"@context":"https:\/\/schema.org","@graph":[{"@type":"WebPage","@id":"https:\/\/www.electroluxprofessional.com\/cz\/commercial-kitchen-equipment\/kompaktni-konvektomat-multislim\/","url":"https:\/\/www.electroluxprofessional.com\/cz\/commercial-kitchen-equipment\/kompaktni-konvektomat-multislim\/","name":"Kompaktn\u00ed konvektomat - MultiSlim - Electrolux Professional \u010cesk\u00e1 republika","isPartOf":{"@id":"https:\/\/www.electroluxprofessional.com\/cz\/#website"},"datePublished":"2018-01-17T13:24:42+00:00","dateModified":"2025-11-06T09:29:45+00:00","description":"Kompaktn\u00ed konvektomat vhodn\u00fd v\u0161ude kde je m\u00e1lo m\u00edsta nebo je t\u0159eba sn\u00ed\u017eit provozn\u00ed n\u00e1klady. Ov\u0161em bez kompromis\u016f ve v\u00fdkonu.","breadcrumb":{"@id":"https:\/\/www.electroluxprofessional.com\/cz\/commercial-kitchen-equipment\/kompaktni-konvektomat-multislim\/#breadcrumb"},"inLanguage":"cs","potentialAction":[{"@type":"ReadAction","target":["https:\/\/www.electroluxprofessional.com\/cz\/commercial-kitchen-equipment\/kompaktni-konvektomat-multislim\/"]}]},{"@type":"BreadcrumbList","@id":"https:\/\/www.electroluxprofessional.com\/cz\/commercial-kitchen-equipment\/kompaktni-konvektomat-multislim\/#breadcrumb","itemListElement":[{"@type":"ListItem","position":1,"name":"Home","item":"https:\/\/www.electroluxprofessional.com\/cz\/"},{"@type":"ListItem","position":2,"name":"FoodService &#8211; Gastro","item":"https:\/\/www.electroluxprofessional.com\/cz\/commercial-kitchen-equipment\/"},{"@type":"ListItem","position":3,"name":"Kompaktn\u00ed konvektomat &#8211; MultiSlim"}]},{"@type":"WebSite","@id":"https:\/\/www.electroluxprofessional.com\/cz\/#website","url":"https:\/\/www.electroluxprofessional.com\/cz\/","name":"Electrolux Professional \u010cesk\u00e1 republika","description":"","potentialAction":[{"@type":"SearchAction","target":{"@type":"EntryPoint","urlTemplate":"https:\/\/www.electroluxprofessional.com\/cz\/?src={search_term_string}"},"query-input":"required name=search_term_string"}],"inLanguage":"cs"}]}},"_links":{"self":[{"href":"https:\/\/www.electroluxprofessional.com\/cz\/wp-json\/wp\/v2\/pages\/4057"}],"collection":[{"href":"https:\/\/www.electroluxprofessional.com\/cz\/wp-json\/wp\/v2\/pages"}],"about":[{"href":"https:\/\/www.electroluxprofessional.com\/cz\/wp-json\/wp\/v2\/types\/page"}],"author":[{"embeddable":true,"href":"https:\/\/www.electroluxprofessional.com\/cz\/wp-json\/wp\/v2\/users\/3"}],"replies":[{"embeddable":true,"href":"https:\/\/www.electroluxprofessional.com\/cz\/wp-json\/wp\/v2\/comments?post=4057"}],"version-history":[{"count":32,"href":"https:\/\/www.electroluxprofessional.com\/cz\/wp-json\/wp\/v2\/pages\/4057\/revisions"}],"predecessor-version":[{"id":13941,"href":"https:\/\/www.electroluxprofessional.com\/cz\/wp-json\/wp\/v2\/pages\/4057\/revisions\/13941"}],"up":[{"embeddable":true,"href":"https:\/\/www.electroluxprofessional.com\/cz\/wp-json\/wp\/v2\/pages\/1155"}],"wp:attachment":[{"href":"https:\/\/www.electroluxprofessional.com\/cz\/wp-json\/wp\/v2\/media?parent=4057"}],"curies":[{"name":"wp","href":"https:\/\/api.w.org\/{rel}","templated":true}]}}