{"id":3628,"date":"2017-11-14T17:13:35","date_gmt":"2017-11-14T16:13:35","guid":{"rendered":"https:\/\/www.electroluxprofessional.com\/cz\/?page_id=3628"},"modified":"2021-03-25T06:36:14","modified_gmt":"2021-03-25T06:36:14","slug":"technicke-listy-prehled","status":"publish","type":"page","link":"https:\/\/www.electroluxprofessional.com\/cz\/commercial-kitchen-equipment\/technicke-listy-prehled\/","title":{"rendered":"P\u0159ehled v\u00fdrobk\u016f Electrolux Professional &#8211; technick\u00e9 listy"},"content":{"rendered":"<p>[vc_row full_width=&#8221;electroluxpro-full-width-no-padding&#8221; disable_element=&#8221;yes&#8221;][vc_column][elx_hero_title label=&#8221;&#8221; label_background_color=&#8221;inherit&#8221; background_image=&#8221;717&#8243;][\/elx_hero_title][\/vc_column][\/vc_row][vc_row][vc_column][elx_heading font_container=&#8221;h1&#8243; font_size=&#8221;h2&#8243; text_color=&#8221;inherit&#8221;]<\/p>\n<p style=\"text-align: center;\"><span style=\"color: #000000;\">P\u0159ehled v\u00fdrobk\u016f Electrolux Professional &#8211; technick\u00e9 listy<\/span><\/p>\n<p>[\/elx_heading][vc_column_text]<\/p>\n<p style=\"text-align: center;\">Zvolte si kategorii v\u00fdrobk\u016f a n\u00e1sledn\u011b pomoc\u00ed filtru naleznete podkategorii v\u00fdrobk\u016f nebo konkr\u00e9tn\u00ed v\u00fdrobek.<\/p>\n<p>[\/vc_column_text][\/vc_column][\/vc_row][vc_row][vc_column][elx_menu menu_name=&#8221;PAGE &#8211; Technick\u00e9 listy&#8221;][vc_empty_space height=&#8221;50px&#8221;][\/vc_column][\/vc_row][vc_row disable_element=&#8221;yes&#8221;][vc_column width=&#8221;1\/3&#8243;][vc_single_image image=&#8221;972&#8243; img_size=&#8221;300&#215;300&#8243; alignment=&#8221;center&#8221; onclick=&#8221;custom_link&#8221;][elx_button button_text=&#8221;Varn\u00e1 za\u0159\u00edzen\u00ed&#8221; button_style=&#8221;icon&#8221; button_display_block=&#8221;display_block_on&#8221; button_alignment=&#8221;align_center&#8221; button_link=&#8221;url:https%3A%2F%2Fprofessional.electrolux.cz%2Fcommercial-kitchen-equipment%2Ftechnicke-listy-prehled%2Ftechnicke-listy-varna-zarizeni%2F|title:Technick%C3%A9%20listy%20-%20varn%C3%A1%20za%C5%99%C3%ADzen%C3%AD||&#8221;][vc_empty_space][\/vc_column][vc_column width=&#8221;1\/3&#8243;][vc_single_image image=&#8221;1845&#8243; img_size=&#8221;medium&#8221; alignment=&#8221;center&#8221;][elx_button button_text=&#8221;Kotle a p\u00e1nve&#8221; button_style=&#8221;icon&#8221; button_display_block=&#8221;display_block_on&#8221; button_alignment=&#8221;align_center&#8221; button_link=&#8221;url:https%3A%2F%2Fprofessional.electrolux.cz%2Fcommercial-kitchen-equipment%2Ftechnicke-listy-prehled%2Ftechnicke-listy-thermaline-prothermetic%2F|title:Technick%C3%A9%20listy%20-%20thermaLine%20Prothermetic||&#8221;][vc_empty_space][\/vc_column][vc_column width=&#8221;1\/3&#8243;][vc_single_image image=&#8221;3724&#8243; img_size=&#8221;medium&#8221; alignment=&#8221;center&#8221;][elx_button button_text=&#8221;SpeeDelight&#8221; button_style=&#8221;icon&#8221; button_display_block=&#8221;display_block_on&#8221; button_alignment=&#8221;align_center&#8221; button_link=&#8221;url:https%3A%2F%2Fprofessional.electrolux.cz%2Fcommercial-kitchen-equipment%2Ftechnicke-listy-prehled%2Ftechnicke-listy-speedelight%2F|title:Technick%C3%A9%20listy%20-%20SpeeDelight||&#8221;][vc_empty_space][\/vc_column][\/vc_row][vc_row disable_element=&#8221;yes&#8221;][vc_column width=&#8221;1\/3&#8243;][vc_single_image image=&#8221;1827&#8243; img_size=&#8221;medium&#8221; alignment=&#8221;center&#8221;][elx_button button_text=&#8221;Multifunk\u010dn\u00ed sklopn\u00e9 kotle&#8221; button_style=&#8221;icon&#8221; button_display_block=&#8221;display_block_on&#8221; button_alignment=&#8221;align_center&#8221; button_link=&#8221;url:https%3A%2F%2Fprofessional.electrolux.cz%2Fcommercial-kitchen-equipment%2Ftechnicke-listy-prehled%2Ftechnicke-listy-sklopne-kotle-ebx%2F|title:Technick%C3%A9%20listy%20-%20Cook%26Chill||&#8221;][vc_empty_space][\/vc_column][vc_column width=&#8221;1\/3&#8243;][vc_single_image image=&#8221;695&#8243; img_size=&#8221;medium&#8221; alignment=&#8221;center&#8221;][elx_button button_text=&#8221;Konvektomaty a Zchlazova\u010de&#8221; button_style=&#8221;icon&#8221; button_display_block=&#8221;display_block_on&#8221; button_alignment=&#8221;align_center&#8221; button_link=&#8221;url:https%3A%2F%2Fprofessional.electrolux.cz%2Fcommercial-kitchen-equipment%2Ftechnicke-listy-prehled%2Ftechnicke-listy-cookchill%2F|title:Technick%C3%A9%20listy%20-%20Cook%26Chill||&#8221;][vc_empty_space][\/vc_column][vc_column width=&#8221;1\/3&#8243;][vc_single_image image=&#8221;616&#8243; img_size=&#8221;300&#215;300&#8243; alignment=&#8221;center&#8221;][elx_button button_text=&#8221;LiberoLine FrontCooking&#8221; button_style=&#8221;icon&#8221; button_display_block=&#8221;display_block_on&#8221; button_alignment=&#8221;align_center&#8221; button_link=&#8221;url:https%3A%2F%2Fprofessional.electrolux.cz%2Fcommercial-kitchen-equipment%2Ftechnicke-listy-prehled%2Ftechnicke-listy-liberoline%2F|title:Technick%C3%A9%20listy%20-%20LiberoLine||&#8221;][vc_empty_space][\/vc_column][\/vc_row][vc_row equal_height=&#8221;yes&#8221; disable_element=&#8221;yes&#8221;][vc_column width=&#8221;1\/3&#8243;][vc_single_image image=&#8221;685&#8243; img_size=&#8221;300&#215;300&#8243;][elx_button button_text=&#8221;Chlazen\u00ed&#8221; button_style=&#8221;icon&#8221; button_display_block=&#8221;display_block_on&#8221; button_alignment=&#8221;align_center&#8221; button_link=&#8221;url:https%3A%2F%2Fprofessional.electrolux.cz%2Fcommercial-kitchen-equipment%2Ftechnicke-listy-prehled%2Ftechnicke-listy-chlazeni%2F|title:Technick%C3%A9%20listy%20-%20chlazen%C3%AD||&#8221;][vc_empty_space][\/vc_column][vc_column width=&#8221;1\/3&#8243;][vc_single_image image=&#8221;728&#8243; img_size=&#8221;300&#215;300&#8243; alignment=&#8221;center&#8221;][elx_button button_text=&#8221;V\u00fddejn\u00ed linky&#8221; button_style=&#8221;icon&#8221; button_display_block=&#8221;display_block_on&#8221; button_alignment=&#8221;align_center&#8221; button_link=&#8221;url:https%3A%2F%2Fprofessional.electrolux.cz%2Fcommercial-kitchen-equipment%2Ftechnicke-listy-prehled%2Ftechnicke-listy-vydejni-linky%2F|title:Technick%C3%A9%20listy%20-%20v%C3%BDdejn%C3%AD%20linky||&#8221;][vc_empty_space][\/vc_column][vc_column width=&#8221;1\/3&#8243;][vc_single_image image=&#8221;947&#8243; img_size=&#8221;300&#215;300&#8243; alignment=&#8221;center&#8221;][elx_button button_text=&#8221;Dynamick\u00e1 p\u0159\u00edprava&#8221; button_style=&#8221;icon&#8221; button_display_block=&#8221;display_block_on&#8221; button_alignment=&#8221;align_center&#8221; button_link=&#8221;url:https%3A%2F%2Fprofessional.electrolux.cz%2Fcommercial-kitchen-equipment%2Ftechnicke-listy-prehled%2Ftechnicke-listy-dynamicka-priprava%2F|title:Technick%C3%A9%20listy%20-%20Cook%26Chill||&#8221;][vc_empty_space][\/vc_column][\/vc_row][vc_row equal_height=&#8221;yes&#8221; disable_element=&#8221;yes&#8221;][vc_column width=&#8221;1\/3&#8243;][vc_single_image image=&#8221;2601&#8243; img_size=&#8221;300&#215;300&#8243; alignment=&#8221;center&#8221;][elx_button button_text=&#8221;My\u010dky n\u00e1dob\u00ed&#8221; button_style=&#8221;icon&#8221; button_display_block=&#8221;display_block_on&#8221; button_alignment=&#8221;align_center&#8221; button_link=&#8221;url:https%3A%2F%2Fprofessional.electrolux.cz%2Fcommercial-kitchen-equipment%2Ftechnicke-listy-prehled%2Ftechnicke-listy-mycky-nadobi%2F|title:Technick%C3%A9%20listy%20-%20chlazen%C3%AD||&#8221;][vc_empty_space][\/vc_column][vc_column width=&#8221;1\/3&#8243;][vc_single_image image=&#8221;3727&#8243; img_size=&#8221;300&#215;300&#8243;][elx_button button_text=&#8221;Nerezov\u00fd n\u00e1bytek&#8221; button_style=&#8221;icon&#8221; button_display_block=&#8221;display_block_on&#8221; button_alignment=&#8221;align_center&#8221; button_link=&#8221;url:https%3A%2F%2Fprofessional.electrolux.cz%2Fcommercial-kitchen-equipment%2Ftechnicke-listy-prehled%2Ftechnicke-listy-nerezovy-program%2F|title:Technick%C3%A9%20listy%20-%20nerezov%C3%BD%20program||&#8221;][vc_empty_space][\/vc_column][vc_column width=&#8221;1\/3&#8243;][vc_single_image image=&#8221;3731&#8243; img_size=&#8221;300&#215;300&#8243; alignment=&#8221;center&#8221;][elx_button button_text=&#8221;Digesto\u0159e&#8221; button_style=&#8221;icon&#8221; button_display_block=&#8221;display_block_on&#8221; button_alignment=&#8221;align_center&#8221; button_link=&#8221;url:https%3A%2F%2Fprofessional.electrolux.cz%2Fcommercial-kitchen-equipment%2Ftechnicke-listy-prehled%2Ftechnicke-listy-digestore%2F|title:Technick%C3%A9%20listy%20-%20digesto%C5%99e||&#8221;][vc_empty_space][\/vc_column][\/vc_row][vc_row][vc_column][vc_empty_space height=&#8221;50px&#8221;][\/vc_column][\/vc_row][vc_row][vc_column][elx_heading text_color=&#8221;inherit&#8221;]Nena\u0161li jste p\u0159esn\u011b to, co jste hledali? Napi\u0161te n\u00e1m&#8230;[\/elx_heading][elx_o2000_contact_us r=&#8221;Pros\u00edm, za\u0161lete mi v\u00edce informac\u00ed o &#8230;&#8221; s=&#8221;Po\u017eadavek z webov\u00fdch str\u00e1nek Electrolux Professional&#8221; country=&#8221;Czech Republic&#8221; l=&#8221;cz&#8221;][\/vc_column][\/vc_row]<\/p>\n","protected":false},"excerpt":{"rendered":"<p>[vc_row full_width=&#8221;electroluxpro-full-width-no-padding&#8221; disable_element=&#8221;yes&#8221;][vc_column][elx_hero_title label=&#8221;&#8221; label_background_color=&#8221;inherit&#8221; background_image=&#8221;717&#8243;][\/elx_hero_title][\/vc_column][\/vc_row][vc_row][vc_column][elx_heading font_container=&#8221;h1&#8243; font_size=&#8221;h2&#8243; text_color=&#8221;inherit&#8221;] P\u0159ehled v\u00fdrobk\u016f Electrolux Professional &#8211; technick\u00e9 listy [\/elx_heading][vc_column_text] Zvolte si kategorii v\u00fdrobk\u016f a n\u00e1sledn\u011b pomoc\u00ed filtru naleznete podkategorii v\u00fdrobk\u016f nebo konkr\u00e9tn\u00ed v\u00fdrobek. [\/vc_column_text][\/vc_column][\/vc_row][vc_row][vc_column][elx_menu menu_name=&#8221;PAGE &#8211; Technick\u00e9 listy&#8221;][vc_empty_space height=&#8221;50px&#8221;][\/vc_column][\/vc_row][vc_row disable_element=&#8221;yes&#8221;][vc_column width=&#8221;1\/3&#8243;][vc_single_image image=&#8221;972&#8243; img_size=&#8221;300&#215;300&#8243; alignment=&#8221;center&#8221; onclick=&#8221;custom_link&#8221;][elx_button button_text=&#8221;Varn\u00e1 za\u0159\u00edzen\u00ed&#8221; button_style=&#8221;icon&#8221; button_display_block=&#8221;display_block_on&#8221; button_alignment=&#8221;align_center&#8221; button_link=&#8221;url:https%3A%2F%2Fprofessional.electrolux.cz%2Fcommercial-kitchen-equipment%2Ftechnicke-listy-prehled%2Ftechnicke-listy-varna-zarizeni%2F|title:Technick%C3%A9%20listy%20-%20varn%C3%A1%20za%C5%99%C3%ADzen%C3%AD||&#8221;][vc_empty_space][\/vc_column][vc_column width=&#8221;1\/3&#8243;][vc_single_image image=&#8221;1845&#8243; img_size=&#8221;medium&#8221; alignment=&#8221;center&#8221;][elx_button button_text=&#8221;Kotle a [&hellip;]<\/p>\n","protected":false},"author":3,"featured_media":0,"parent":1155,"menu_order":0,"comment_status":"closed","ping_status":"closed","template":"","meta":{"footnotes":""},"class_list":["post-3628","page","type-page","status-publish","hentry"],"acf":[],"yoast_head":"<!-- This site is optimized with the Yoast SEO plugin v23.3 - https:\/\/yoast.com\/wordpress\/plugins\/seo\/ -->\n<title>P\u0159ehled v\u00fdrobk\u016f Electrolux Professional - technick\u00e9 listy - Electrolux Professional \u010cesk\u00e1 republika<\/title>\n<meta name=\"robots\" content=\"index, follow, max-snippet:-1, max-image-preview:large, max-video-preview:-1\" \/>\n<link rel=\"canonical\" href=\"https:\/\/www.electroluxprofessional.com\/cz\/commercial-kitchen-equipment\/technicke-listy-prehled\/\" \/>\n<meta property=\"og:locale\" content=\"cs_CZ\" \/>\n<meta property=\"og:type\" content=\"article\" \/>\n<meta property=\"og:title\" content=\"P\u0159ehled v\u00fdrobk\u016f Electrolux Professional - technick\u00e9 listy - Electrolux Professional \u010cesk\u00e1 republika\" \/>\n<meta property=\"og:description\" content=\"[vc_row full_width=&#8221;electroluxpro-full-width-no-padding&#8221; disable_element=&#8221;yes&#8221;][vc_column][elx_hero_title label=&#8221;&#8221; label_background_color=&#8221;inherit&#8221; background_image=&#8221;717&#8243;][\/elx_hero_title][\/vc_column][\/vc_row][vc_row][vc_column][elx_heading font_container=&#8221;h1&#8243; font_size=&#8221;h2&#8243; text_color=&#8221;inherit&#8221;] P\u0159ehled v\u00fdrobk\u016f Electrolux Professional &#8211; technick\u00e9 listy [\/elx_heading][vc_column_text] Zvolte si kategorii v\u00fdrobk\u016f a n\u00e1sledn\u011b pomoc\u00ed filtru naleznete podkategorii v\u00fdrobk\u016f nebo konkr\u00e9tn\u00ed v\u00fdrobek. [\/vc_column_text][\/vc_column][\/vc_row][vc_row][vc_column][elx_menu menu_name=&#8221;PAGE &#8211; Technick\u00e9 listy&#8221;][vc_empty_space height=&#8221;50px&#8221;][\/vc_column][\/vc_row][vc_row disable_element=&#8221;yes&#8221;][vc_column width=&#8221;1\/3&#8243;][vc_single_image image=&#8221;972&#8243; img_size=&#8221;300&#215;300&#8243; alignment=&#8221;center&#8221; onclick=&#8221;custom_link&#8221;][elx_button button_text=&#8221;Varn\u00e1 za\u0159\u00edzen\u00ed&#8221; button_style=&#8221;icon&#8221; button_display_block=&#8221;display_block_on&#8221; button_alignment=&#8221;align_center&#8221; button_link=&#8221;url:https%3A%2F%2Fprofessional.electrolux.cz%2Fcommercial-kitchen-equipment%2Ftechnicke-listy-prehled%2Ftechnicke-listy-varna-zarizeni%2F|title:Technick%C3%A9%20listy%20-%20varn%C3%A1%20za%C5%99%C3%ADzen%C3%AD||&#8221;][vc_empty_space][\/vc_column][vc_column width=&#8221;1\/3&#8243;][vc_single_image image=&#8221;1845&#8243; img_size=&#8221;medium&#8221; alignment=&#8221;center&#8221;][elx_button button_text=&#8221;Kotle a [&hellip;]\" \/>\n<meta property=\"og:url\" content=\"https:\/\/www.electroluxprofessional.com\/cz\/commercial-kitchen-equipment\/technicke-listy-prehled\/\" \/>\n<meta property=\"og:site_name\" content=\"Electrolux Professional \u010cesk\u00e1 republika\" \/>\n<meta property=\"article:publisher\" content=\"https:\/\/www.facebook.com\/electroluxprofessional\" \/>\n<meta property=\"article:modified_time\" content=\"2021-03-25T06:36:14+00:00\" \/>\n<meta name=\"twitter:card\" content=\"summary_large_image\" \/>\n<meta name=\"twitter:site\" content=\"@ElectroluxPro\" \/>\n<meta name=\"twitter:label1\" content=\"Odhadovan\u00e1 doba \u010dten\u00ed\" \/>\n\t<meta name=\"twitter:data1\" content=\"5 minut\" \/>\n<script type=\"application\/ld+json\" class=\"yoast-schema-graph\">{\"@context\":\"https:\/\/schema.org\",\"@graph\":[{\"@type\":\"WebPage\",\"@id\":\"https:\/\/www.electroluxprofessional.com\/cz\/commercial-kitchen-equipment\/technicke-listy-prehled\/\",\"url\":\"https:\/\/www.electroluxprofessional.com\/cz\/commercial-kitchen-equipment\/technicke-listy-prehled\/\",\"name\":\"P\u0159ehled v\u00fdrobk\u016f Electrolux Professional - technick\u00e9 listy - Electrolux Professional \u010cesk\u00e1 republika\",\"isPartOf\":{\"@id\":\"https:\/\/www.electroluxprofessional.com\/cz\/#website\"},\"datePublished\":\"2017-11-14T16:13:35+00:00\",\"dateModified\":\"2021-03-25T06:36:14+00:00\",\"breadcrumb\":{\"@id\":\"https:\/\/www.electroluxprofessional.com\/cz\/commercial-kitchen-equipment\/technicke-listy-prehled\/#breadcrumb\"},\"inLanguage\":\"cs\",\"potentialAction\":[{\"@type\":\"ReadAction\",\"target\":[\"https:\/\/www.electroluxprofessional.com\/cz\/commercial-kitchen-equipment\/technicke-listy-prehled\/\"]}]},{\"@type\":\"BreadcrumbList\",\"@id\":\"https:\/\/www.electroluxprofessional.com\/cz\/commercial-kitchen-equipment\/technicke-listy-prehled\/#breadcrumb\",\"itemListElement\":[{\"@type\":\"ListItem\",\"position\":1,\"name\":\"Home\",\"item\":\"https:\/\/www.electroluxprofessional.com\/cz\/\"},{\"@type\":\"ListItem\",\"position\":2,\"name\":\"FoodService &#8211; Gastro\",\"item\":\"https:\/\/www.electroluxprofessional.com\/cz\/commercial-kitchen-equipment\/\"},{\"@type\":\"ListItem\",\"position\":3,\"name\":\"P\u0159ehled v\u00fdrobk\u016f Electrolux Professional &#8211; technick\u00e9 listy\"}]},{\"@type\":\"WebSite\",\"@id\":\"https:\/\/www.electroluxprofessional.com\/cz\/#website\",\"url\":\"https:\/\/www.electroluxprofessional.com\/cz\/\",\"name\":\"Electrolux Professional \u010cesk\u00e1 republika\",\"description\":\"\",\"potentialAction\":[{\"@type\":\"SearchAction\",\"target\":{\"@type\":\"EntryPoint\",\"urlTemplate\":\"https:\/\/www.electroluxprofessional.com\/cz\/?src={search_term_string}\"},\"query-input\":\"required name=search_term_string\"}],\"inLanguage\":\"cs\"}]}<\/script>\n<!-- \/ Yoast SEO plugin. -->","yoast_head_json":{"title":"P\u0159ehled v\u00fdrobk\u016f Electrolux Professional - technick\u00e9 listy - Electrolux Professional \u010cesk\u00e1 republika","robots":{"index":"index","follow":"follow","max-snippet":"max-snippet:-1","max-image-preview":"max-image-preview:large","max-video-preview":"max-video-preview:-1"},"canonical":"https:\/\/www.electroluxprofessional.com\/cz\/commercial-kitchen-equipment\/technicke-listy-prehled\/","og_locale":"cs_CZ","og_type":"article","og_title":"P\u0159ehled v\u00fdrobk\u016f Electrolux Professional - technick\u00e9 listy - Electrolux Professional \u010cesk\u00e1 republika","og_description":"[vc_row full_width=&#8221;electroluxpro-full-width-no-padding&#8221; disable_element=&#8221;yes&#8221;][vc_column][elx_hero_title label=&#8221;&#8221; label_background_color=&#8221;inherit&#8221; background_image=&#8221;717&#8243;][\/elx_hero_title][\/vc_column][\/vc_row][vc_row][vc_column][elx_heading font_container=&#8221;h1&#8243; font_size=&#8221;h2&#8243; text_color=&#8221;inherit&#8221;] P\u0159ehled v\u00fdrobk\u016f Electrolux Professional &#8211; technick\u00e9 listy [\/elx_heading][vc_column_text] Zvolte si kategorii v\u00fdrobk\u016f a n\u00e1sledn\u011b pomoc\u00ed filtru naleznete podkategorii v\u00fdrobk\u016f nebo konkr\u00e9tn\u00ed v\u00fdrobek. [\/vc_column_text][\/vc_column][\/vc_row][vc_row][vc_column][elx_menu menu_name=&#8221;PAGE &#8211; Technick\u00e9 listy&#8221;][vc_empty_space height=&#8221;50px&#8221;][\/vc_column][\/vc_row][vc_row disable_element=&#8221;yes&#8221;][vc_column width=&#8221;1\/3&#8243;][vc_single_image image=&#8221;972&#8243; img_size=&#8221;300&#215;300&#8243; alignment=&#8221;center&#8221; onclick=&#8221;custom_link&#8221;][elx_button button_text=&#8221;Varn\u00e1 za\u0159\u00edzen\u00ed&#8221; button_style=&#8221;icon&#8221; button_display_block=&#8221;display_block_on&#8221; button_alignment=&#8221;align_center&#8221; button_link=&#8221;url:https%3A%2F%2Fprofessional.electrolux.cz%2Fcommercial-kitchen-equipment%2Ftechnicke-listy-prehled%2Ftechnicke-listy-varna-zarizeni%2F|title:Technick%C3%A9%20listy%20-%20varn%C3%A1%20za%C5%99%C3%ADzen%C3%AD||&#8221;][vc_empty_space][\/vc_column][vc_column width=&#8221;1\/3&#8243;][vc_single_image image=&#8221;1845&#8243; img_size=&#8221;medium&#8221; alignment=&#8221;center&#8221;][elx_button button_text=&#8221;Kotle a [&hellip;]","og_url":"https:\/\/www.electroluxprofessional.com\/cz\/commercial-kitchen-equipment\/technicke-listy-prehled\/","og_site_name":"Electrolux Professional \u010cesk\u00e1 republika","article_publisher":"https:\/\/www.facebook.com\/electroluxprofessional","article_modified_time":"2021-03-25T06:36:14+00:00","twitter_card":"summary_large_image","twitter_site":"@ElectroluxPro","twitter_misc":{"Odhadovan\u00e1 doba \u010dten\u00ed":"5 minut"},"schema":{"@context":"https:\/\/schema.org","@graph":[{"@type":"WebPage","@id":"https:\/\/www.electroluxprofessional.com\/cz\/commercial-kitchen-equipment\/technicke-listy-prehled\/","url":"https:\/\/www.electroluxprofessional.com\/cz\/commercial-kitchen-equipment\/technicke-listy-prehled\/","name":"P\u0159ehled v\u00fdrobk\u016f Electrolux Professional - technick\u00e9 listy - Electrolux Professional \u010cesk\u00e1 republika","isPartOf":{"@id":"https:\/\/www.electroluxprofessional.com\/cz\/#website"},"datePublished":"2017-11-14T16:13:35+00:00","dateModified":"2021-03-25T06:36:14+00:00","breadcrumb":{"@id":"https:\/\/www.electroluxprofessional.com\/cz\/commercial-kitchen-equipment\/technicke-listy-prehled\/#breadcrumb"},"inLanguage":"cs","potentialAction":[{"@type":"ReadAction","target":["https:\/\/www.electroluxprofessional.com\/cz\/commercial-kitchen-equipment\/technicke-listy-prehled\/"]}]},{"@type":"BreadcrumbList","@id":"https:\/\/www.electroluxprofessional.com\/cz\/commercial-kitchen-equipment\/technicke-listy-prehled\/#breadcrumb","itemListElement":[{"@type":"ListItem","position":1,"name":"Home","item":"https:\/\/www.electroluxprofessional.com\/cz\/"},{"@type":"ListItem","position":2,"name":"FoodService &#8211; Gastro","item":"https:\/\/www.electroluxprofessional.com\/cz\/commercial-kitchen-equipment\/"},{"@type":"ListItem","position":3,"name":"P\u0159ehled v\u00fdrobk\u016f Electrolux Professional &#8211; technick\u00e9 listy"}]},{"@type":"WebSite","@id":"https:\/\/www.electroluxprofessional.com\/cz\/#website","url":"https:\/\/www.electroluxprofessional.com\/cz\/","name":"Electrolux Professional \u010cesk\u00e1 republika","description":"","potentialAction":[{"@type":"SearchAction","target":{"@type":"EntryPoint","urlTemplate":"https:\/\/www.electroluxprofessional.com\/cz\/?src={search_term_string}"},"query-input":"required name=search_term_string"}],"inLanguage":"cs"}]}},"_links":{"self":[{"href":"https:\/\/www.electroluxprofessional.com\/cz\/wp-json\/wp\/v2\/pages\/3628"}],"collection":[{"href":"https:\/\/www.electroluxprofessional.com\/cz\/wp-json\/wp\/v2\/pages"}],"about":[{"href":"https:\/\/www.electroluxprofessional.com\/cz\/wp-json\/wp\/v2\/types\/page"}],"author":[{"embeddable":true,"href":"https:\/\/www.electroluxprofessional.com\/cz\/wp-json\/wp\/v2\/users\/3"}],"replies":[{"embeddable":true,"href":"https:\/\/www.electroluxprofessional.com\/cz\/wp-json\/wp\/v2\/comments?post=3628"}],"version-history":[{"count":55,"href":"https:\/\/www.electroluxprofessional.com\/cz\/wp-json\/wp\/v2\/pages\/3628\/revisions"}],"predecessor-version":[{"id":7241,"href":"https:\/\/www.electroluxprofessional.com\/cz\/wp-json\/wp\/v2\/pages\/3628\/revisions\/7241"}],"up":[{"embeddable":true,"href":"https:\/\/www.electroluxprofessional.com\/cz\/wp-json\/wp\/v2\/pages\/1155"}],"wp:attachment":[{"href":"https:\/\/www.electroluxprofessional.com\/cz\/wp-json\/wp\/v2\/media?parent=3628"}],"curies":[{"name":"wp","href":"https:\/\/api.w.org\/{rel}","templated":true}]}}