{"id":3581,"date":"2017-11-15T10:41:55","date_gmt":"2017-11-15T09:41:55","guid":{"rendered":"https:\/\/www.electroluxprofessional.com\/cz\/?page_id=3581"},"modified":"2021-05-04T10:55:52","modified_gmt":"2021-05-04T10:55:52","slug":"technicke-listy-liberoline","status":"publish","type":"page","link":"https:\/\/www.electroluxprofessional.com\/cz\/commercial-kitchen-equipment\/technicke-listy-prehled\/technicke-listy-liberoline\/","title":{"rendered":"Technick\u00e9 listy &#8211; LiberoPro"},"content":{"rendered":"<p>[vc_row full_width=&#8221;electroluxpro-full-width-no-padding&#8221;][vc_column][elx_hero_title label=&#8221;&#8221; label_background_color=&#8221;inherit&#8221; background_image=&#8221;719&#8243;][\/elx_hero_title][\/vc_column][\/vc_row][vc_row][vc_column][elx_heading font_container=&#8221;h1&#8243; font_size=&#8221;h2&#8243; text_color=&#8221;inherit&#8221; text_align=&#8221;text-center&#8221;]Technick\u00e9 listy &#8211; LiberoPro[\/elx_heading][\/vc_column][\/vc_row][vc_row][vc_column][vc_empty_space height=&#8221;50px&#8221;][\/vc_column][\/vc_row][vc_row][vc_column][vc_column_text]V t\u00e9to sekci naleznete technick\u00e9 listy stoln\u00edch za\u0159\u00edzen\u00ed \u0159ady <strong>LiberoPro<\/strong>\u00a0v\u010d. unik\u00e1tn\u00edch modul\u016f <a href=\"https:\/\/www.electroluxprofessional.com\/cz\/commercial-kitchen-equipment\/liberopro-point-is-on-the-move-with-you\/\"><strong>LiberoPro Point<\/strong><\/a> s integrovan\u00fdm ods\u00e1vac\u00edm syst\u00e9mem.<br \/>\n<a href=\"https:\/\/www.electroluxprofessional.com\/cz\/commercial-kitchen-equipment\/liberopro-new-freedom-in-cooking\/\">V\u00edce o za\u0159\u00edzen\u00ed <strong>LiberoPro.<\/strong><\/a>[\/vc_column_text][vc_column_text]Pro hled\u00e1n\u00ed technick\u00e9ho listu konkr\u00e9tn\u00edho v\u00fdrobku nebo skupiny v\u00fdrobk\u016f pou\u017eijte n\u00e1sleduj\u00edc\u00ed filtr.[\/vc_column_text]<!-- PRODUCT NAVIGATION -->\n        <div class=\"com21-products-navigation products-navigation specification-filter\" id=\"com21prodnav1510666084\">\n            <div>\n                <div class=\"container\">\n                    <div class=\"row\">\n                        <div class=\"col-md-4 text-left\">\n                            <h6>Kategorie<\/h6>\n                            <div class=\"prod-nav-category\">\n                            \n                            <\/div>\n                        <\/div>\n                        <div class=\"col-md-4 text-left\">\n                            <h6 class=\"prod-nav-subcategory-title\" style=\"display:none;\">Podkategorie<\/h6>\n                            <div class=\"prod-nav-subcategory\">\n                            \n                            <\/div>\n                        <\/div>\n                        <div class=\"col-md-4 text-left\">\n                            <h6 class=\"prod-nav-filter-title\" style=\"display:none;\">Filtr<\/h6>\n                            <div class=\"prod-nav-filter\">\n                            \n                            <\/div>\n                        <\/div>\n                    <\/div>\n                    <div class=\"row\">\n                        <div class=\"col-md-6 text-left\">\n                            <a href=\"#\" class=\"btn btn-default\" id=\"prod-nav-reset-btn\">Reset<\/a> \n                            <span class=\"prod-nav-products-number\" style=\"display:none;\">\n                                <span id=\"prod-nav-products-number\"><\/span> V\u00fdrobky<\/span> \n                        <\/div>\n                    <\/div>\n                <\/div>\n            <\/div>\n            <div class=\"products-navigation container product-list\">\n                <!--Hidden parameters-->\n                <input type=\"hidden\" name=\"prod_nav_level\" id=\"prod_nav_level\" value=\"\u00cb\">\n                <input type=\"hidden\" name=\"prod_nav_language\" id=\"prod_nav_language\" value=\"5021\">\n                <!--END Hidden parameters-->\n                \n                <ul class=\"row prod-nav-product-ul\">\n                <!-- Here content -->\n                <\/ul>\n                <div class=\"text-center more-products\">\n                    <button id=\"prod-nav-load-more-products\" style=\"display:none;\">Zobrazit v\u00edce<\/button>\n                <\/div>\n            <\/div>\n        <\/div>\n    \n                <!-- END PRODUCT NAVIGATION -->[elx_button button_text=&#8221;Zp\u011bt na celkov\u00fd p\u0159ehled&#8221; button_style=&#8221;icon&#8221; button_link=&#8221;url:https%3A%2F%2Fprofessional.electrolux.cz%2Fcommercial-kitchen-equipment%2Ftechnicke-listy-prehled%2F|title:Technick%C3%A9%20listy%20-%20v%C5%A1echny%20v%C3%BDrobky||&#8221;][vc_empty_space height=&#8221;20px&#8221;][elx_button button_text=&#8221;V\u00edce o konceptu LiberoPro plug-in front cooking&#8221; button_style=&#8221;icon&#8221; button_link=&#8221;url:https%3A%2F%2Fprofessional.electrolux.cz%2Fcommercial-kitchen-equipment%2Flibero-line%2F|title:v%C3%ADce%20o%20LiberoLine%20%26%20LiberoPoint||&#8221;][\/vc_column][\/vc_row][vc_row][vc_column][vc_empty_space height=&#8221;50px&#8221;][\/vc_column][\/vc_row][vc_row][vc_column][elx_heading text_color=&#8221;inherit&#8221;]Nena\u0161li jste p\u0159esn\u011b to, co jste hledali? Napi\u0161te n\u00e1m&#8230;[\/elx_heading][elx_o2000_contact_us r=&#8221;Pros\u00edm, za\u0161lete mi v\u00edce informac\u00ed o &#8230;&#8221; s=&#8221;Po\u017eadavek z webov\u00fdch str\u00e1nek Electrolux Professional&#8221; country=&#8221;Czech Republic&#8221; l=&#8221;cz&#8221;][\/vc_column][\/vc_row]<\/p>\n","protected":false},"excerpt":{"rendered":"<p>[vc_row full_width=&#8221;electroluxpro-full-width-no-padding&#8221;][vc_column][elx_hero_title label=&#8221;&#8221; label_background_color=&#8221;inherit&#8221; background_image=&#8221;719&#8243;][\/elx_hero_title][\/vc_column][\/vc_row][vc_row][vc_column][elx_heading font_container=&#8221;h1&#8243; font_size=&#8221;h2&#8243; text_color=&#8221;inherit&#8221; text_align=&#8221;text-center&#8221;]Technick\u00e9 listy &#8211; LiberoPro[\/elx_heading][\/vc_column][\/vc_row][vc_row][vc_column][vc_empty_space height=&#8221;50px&#8221;][\/vc_column][\/vc_row][vc_row][vc_column][vc_column_text]V t\u00e9to sekci naleznete technick\u00e9 listy stoln\u00edch za\u0159\u00edzen\u00ed \u0159ady LiberoPro\u00a0v\u010d. unik\u00e1tn\u00edch modul\u016f LiberoPro Point s integrovan\u00fdm ods\u00e1vac\u00edm syst\u00e9mem. V\u00edce o za\u0159\u00edzen\u00ed LiberoPro.[\/vc_column_text][vc_column_text]Pro hled\u00e1n\u00ed technick\u00e9ho listu konkr\u00e9tn\u00edho v\u00fdrobku nebo skupiny v\u00fdrobk\u016f pou\u017eijte n\u00e1sleduj\u00edc\u00ed filtr.[\/vc_column_text][elx_button button_text=&#8221;Zp\u011bt na celkov\u00fd p\u0159ehled&#8221; button_style=&#8221;icon&#8221; button_link=&#8221;url:https%3A%2F%2Fprofessional.electrolux.cz%2Fcommercial-kitchen-equipment%2Ftechnicke-listy-prehled%2F|title:Technick%C3%A9%20listy%20-%20v%C5%A1echny%20v%C3%BDrobky||&#8221;][vc_empty_space height=&#8221;20px&#8221;][elx_button button_text=&#8221;V\u00edce o konceptu [&hellip;]<\/p>\n","protected":false},"author":3,"featured_media":0,"parent":3628,"menu_order":0,"comment_status":"closed","ping_status":"closed","template":"","meta":{"footnotes":""},"class_list":["post-3581","page","type-page","status-publish","hentry"],"acf":[],"yoast_head":"<!-- This site is optimized with the Yoast SEO plugin v23.3 - https:\/\/yoast.com\/wordpress\/plugins\/seo\/ -->\n<title>Technick\u00e9 listy - LiberoPro - Electrolux Professional \u010cesk\u00e1 republika<\/title>\n<meta name=\"robots\" content=\"index, follow, max-snippet:-1, max-image-preview:large, max-video-preview:-1\" \/>\n<link rel=\"canonical\" href=\"https:\/\/www.electroluxprofessional.com\/cz\/commercial-kitchen-equipment\/technicke-listy-prehled\/technicke-listy-liberoline\/\" \/>\n<meta property=\"og:locale\" content=\"cs_CZ\" \/>\n<meta property=\"og:type\" content=\"article\" \/>\n<meta property=\"og:title\" content=\"Technick\u00e9 listy - LiberoPro - Electrolux Professional \u010cesk\u00e1 republika\" \/>\n<meta property=\"og:description\" content=\"[vc_row full_width=&#8221;electroluxpro-full-width-no-padding&#8221;][vc_column][elx_hero_title label=&#8221;&#8221; label_background_color=&#8221;inherit&#8221; background_image=&#8221;719&#8243;][\/elx_hero_title][\/vc_column][\/vc_row][vc_row][vc_column][elx_heading font_container=&#8221;h1&#8243; font_size=&#8221;h2&#8243; text_color=&#8221;inherit&#8221; text_align=&#8221;text-center&#8221;]Technick\u00e9 listy &#8211; LiberoPro[\/elx_heading][\/vc_column][\/vc_row][vc_row][vc_column][vc_empty_space height=&#8221;50px&#8221;][\/vc_column][\/vc_row][vc_row][vc_column][vc_column_text]V t\u00e9to sekci naleznete technick\u00e9 listy stoln\u00edch za\u0159\u00edzen\u00ed \u0159ady LiberoPro\u00a0v\u010d. unik\u00e1tn\u00edch modul\u016f LiberoPro Point s integrovan\u00fdm ods\u00e1vac\u00edm syst\u00e9mem. V\u00edce o za\u0159\u00edzen\u00ed LiberoPro.[\/vc_column_text][vc_column_text]Pro hled\u00e1n\u00ed technick\u00e9ho listu konkr\u00e9tn\u00edho v\u00fdrobku nebo skupiny v\u00fdrobk\u016f pou\u017eijte n\u00e1sleduj\u00edc\u00ed filtr.[\/vc_column_text][elx_button button_text=&#8221;Zp\u011bt na celkov\u00fd p\u0159ehled&#8221; button_style=&#8221;icon&#8221; button_link=&#8221;url:https%3A%2F%2Fprofessional.electrolux.cz%2Fcommercial-kitchen-equipment%2Ftechnicke-listy-prehled%2F|title:Technick%C3%A9%20listy%20-%20v%C5%A1echny%20v%C3%BDrobky||&#8221;][vc_empty_space height=&#8221;20px&#8221;][elx_button button_text=&#8221;V\u00edce o konceptu [&hellip;]\" \/>\n<meta property=\"og:url\" content=\"https:\/\/www.electroluxprofessional.com\/cz\/commercial-kitchen-equipment\/technicke-listy-prehled\/technicke-listy-liberoline\/\" \/>\n<meta property=\"og:site_name\" content=\"Electrolux Professional \u010cesk\u00e1 republika\" \/>\n<meta property=\"article:publisher\" content=\"https:\/\/www.facebook.com\/electroluxprofessional\" \/>\n<meta property=\"article:modified_time\" content=\"2021-05-04T10:55:52+00:00\" \/>\n<meta name=\"twitter:card\" content=\"summary_large_image\" \/>\n<meta name=\"twitter:site\" content=\"@ElectroluxPro\" \/>\n<meta name=\"twitter:label1\" content=\"Odhadovan\u00e1 doba \u010dten\u00ed\" \/>\n\t<meta name=\"twitter:data1\" content=\"1 minuta\" \/>\n<script type=\"application\/ld+json\" class=\"yoast-schema-graph\">{\"@context\":\"https:\/\/schema.org\",\"@graph\":[{\"@type\":\"WebPage\",\"@id\":\"https:\/\/www.electroluxprofessional.com\/cz\/commercial-kitchen-equipment\/technicke-listy-prehled\/technicke-listy-liberoline\/\",\"url\":\"https:\/\/www.electroluxprofessional.com\/cz\/commercial-kitchen-equipment\/technicke-listy-prehled\/technicke-listy-liberoline\/\",\"name\":\"Technick\u00e9 listy - LiberoPro - Electrolux Professional \u010cesk\u00e1 republika\",\"isPartOf\":{\"@id\":\"https:\/\/www.electroluxprofessional.com\/cz\/#website\"},\"datePublished\":\"2017-11-15T09:41:55+00:00\",\"dateModified\":\"2021-05-04T10:55:52+00:00\",\"breadcrumb\":{\"@id\":\"https:\/\/www.electroluxprofessional.com\/cz\/commercial-kitchen-equipment\/technicke-listy-prehled\/technicke-listy-liberoline\/#breadcrumb\"},\"inLanguage\":\"cs\",\"potentialAction\":[{\"@type\":\"ReadAction\",\"target\":[\"https:\/\/www.electroluxprofessional.com\/cz\/commercial-kitchen-equipment\/technicke-listy-prehled\/technicke-listy-liberoline\/\"]}]},{\"@type\":\"BreadcrumbList\",\"@id\":\"https:\/\/www.electroluxprofessional.com\/cz\/commercial-kitchen-equipment\/technicke-listy-prehled\/technicke-listy-liberoline\/#breadcrumb\",\"itemListElement\":[{\"@type\":\"ListItem\",\"position\":1,\"name\":\"Home\",\"item\":\"https:\/\/www.electroluxprofessional.com\/cz\/\"},{\"@type\":\"ListItem\",\"position\":2,\"name\":\"FoodService &#8211; Gastro\",\"item\":\"https:\/\/www.electroluxprofessional.com\/cz\/commercial-kitchen-equipment\/\"},{\"@type\":\"ListItem\",\"position\":3,\"name\":\"P\u0159ehled v\u00fdrobk\u016f Electrolux Professional &#8211; technick\u00e9 listy\",\"item\":\"https:\/\/www.electroluxprofessional.com\/cz\/commercial-kitchen-equipment\/technicke-listy-prehled\/\"},{\"@type\":\"ListItem\",\"position\":4,\"name\":\"Technick\u00e9 listy &#8211; LiberoPro\"}]},{\"@type\":\"WebSite\",\"@id\":\"https:\/\/www.electroluxprofessional.com\/cz\/#website\",\"url\":\"https:\/\/www.electroluxprofessional.com\/cz\/\",\"name\":\"Electrolux Professional \u010cesk\u00e1 republika\",\"description\":\"\",\"potentialAction\":[{\"@type\":\"SearchAction\",\"target\":{\"@type\":\"EntryPoint\",\"urlTemplate\":\"https:\/\/www.electroluxprofessional.com\/cz\/?src={search_term_string}\"},\"query-input\":\"required name=search_term_string\"}],\"inLanguage\":\"cs\"}]}<\/script>\n<!-- \/ Yoast SEO plugin. -->","yoast_head_json":{"title":"Technick\u00e9 listy - LiberoPro - Electrolux Professional \u010cesk\u00e1 republika","robots":{"index":"index","follow":"follow","max-snippet":"max-snippet:-1","max-image-preview":"max-image-preview:large","max-video-preview":"max-video-preview:-1"},"canonical":"https:\/\/www.electroluxprofessional.com\/cz\/commercial-kitchen-equipment\/technicke-listy-prehled\/technicke-listy-liberoline\/","og_locale":"cs_CZ","og_type":"article","og_title":"Technick\u00e9 listy - LiberoPro - Electrolux Professional \u010cesk\u00e1 republika","og_description":"[vc_row full_width=&#8221;electroluxpro-full-width-no-padding&#8221;][vc_column][elx_hero_title label=&#8221;&#8221; label_background_color=&#8221;inherit&#8221; background_image=&#8221;719&#8243;][\/elx_hero_title][\/vc_column][\/vc_row][vc_row][vc_column][elx_heading font_container=&#8221;h1&#8243; font_size=&#8221;h2&#8243; text_color=&#8221;inherit&#8221; text_align=&#8221;text-center&#8221;]Technick\u00e9 listy &#8211; LiberoPro[\/elx_heading][\/vc_column][\/vc_row][vc_row][vc_column][vc_empty_space height=&#8221;50px&#8221;][\/vc_column][\/vc_row][vc_row][vc_column][vc_column_text]V t\u00e9to sekci naleznete technick\u00e9 listy stoln\u00edch za\u0159\u00edzen\u00ed \u0159ady LiberoPro\u00a0v\u010d. unik\u00e1tn\u00edch modul\u016f LiberoPro Point s integrovan\u00fdm ods\u00e1vac\u00edm syst\u00e9mem. V\u00edce o za\u0159\u00edzen\u00ed LiberoPro.[\/vc_column_text][vc_column_text]Pro hled\u00e1n\u00ed technick\u00e9ho listu konkr\u00e9tn\u00edho v\u00fdrobku nebo skupiny v\u00fdrobk\u016f pou\u017eijte n\u00e1sleduj\u00edc\u00ed filtr.[\/vc_column_text][elx_button button_text=&#8221;Zp\u011bt na celkov\u00fd p\u0159ehled&#8221; button_style=&#8221;icon&#8221; button_link=&#8221;url:https%3A%2F%2Fprofessional.electrolux.cz%2Fcommercial-kitchen-equipment%2Ftechnicke-listy-prehled%2F|title:Technick%C3%A9%20listy%20-%20v%C5%A1echny%20v%C3%BDrobky||&#8221;][vc_empty_space height=&#8221;20px&#8221;][elx_button button_text=&#8221;V\u00edce o konceptu [&hellip;]","og_url":"https:\/\/www.electroluxprofessional.com\/cz\/commercial-kitchen-equipment\/technicke-listy-prehled\/technicke-listy-liberoline\/","og_site_name":"Electrolux Professional \u010cesk\u00e1 republika","article_publisher":"https:\/\/www.facebook.com\/electroluxprofessional","article_modified_time":"2021-05-04T10:55:52+00:00","twitter_card":"summary_large_image","twitter_site":"@ElectroluxPro","twitter_misc":{"Odhadovan\u00e1 doba \u010dten\u00ed":"1 minuta"},"schema":{"@context":"https:\/\/schema.org","@graph":[{"@type":"WebPage","@id":"https:\/\/www.electroluxprofessional.com\/cz\/commercial-kitchen-equipment\/technicke-listy-prehled\/technicke-listy-liberoline\/","url":"https:\/\/www.electroluxprofessional.com\/cz\/commercial-kitchen-equipment\/technicke-listy-prehled\/technicke-listy-liberoline\/","name":"Technick\u00e9 listy - LiberoPro - Electrolux Professional \u010cesk\u00e1 republika","isPartOf":{"@id":"https:\/\/www.electroluxprofessional.com\/cz\/#website"},"datePublished":"2017-11-15T09:41:55+00:00","dateModified":"2021-05-04T10:55:52+00:00","breadcrumb":{"@id":"https:\/\/www.electroluxprofessional.com\/cz\/commercial-kitchen-equipment\/technicke-listy-prehled\/technicke-listy-liberoline\/#breadcrumb"},"inLanguage":"cs","potentialAction":[{"@type":"ReadAction","target":["https:\/\/www.electroluxprofessional.com\/cz\/commercial-kitchen-equipment\/technicke-listy-prehled\/technicke-listy-liberoline\/"]}]},{"@type":"BreadcrumbList","@id":"https:\/\/www.electroluxprofessional.com\/cz\/commercial-kitchen-equipment\/technicke-listy-prehled\/technicke-listy-liberoline\/#breadcrumb","itemListElement":[{"@type":"ListItem","position":1,"name":"Home","item":"https:\/\/www.electroluxprofessional.com\/cz\/"},{"@type":"ListItem","position":2,"name":"FoodService &#8211; Gastro","item":"https:\/\/www.electroluxprofessional.com\/cz\/commercial-kitchen-equipment\/"},{"@type":"ListItem","position":3,"name":"P\u0159ehled v\u00fdrobk\u016f Electrolux Professional &#8211; technick\u00e9 listy","item":"https:\/\/www.electroluxprofessional.com\/cz\/commercial-kitchen-equipment\/technicke-listy-prehled\/"},{"@type":"ListItem","position":4,"name":"Technick\u00e9 listy &#8211; LiberoPro"}]},{"@type":"WebSite","@id":"https:\/\/www.electroluxprofessional.com\/cz\/#website","url":"https:\/\/www.electroluxprofessional.com\/cz\/","name":"Electrolux Professional \u010cesk\u00e1 republika","description":"","potentialAction":[{"@type":"SearchAction","target":{"@type":"EntryPoint","urlTemplate":"https:\/\/www.electroluxprofessional.com\/cz\/?src={search_term_string}"},"query-input":"required name=search_term_string"}],"inLanguage":"cs"}]}},"_links":{"self":[{"href":"https:\/\/www.electroluxprofessional.com\/cz\/wp-json\/wp\/v2\/pages\/3581"}],"collection":[{"href":"https:\/\/www.electroluxprofessional.com\/cz\/wp-json\/wp\/v2\/pages"}],"about":[{"href":"https:\/\/www.electroluxprofessional.com\/cz\/wp-json\/wp\/v2\/types\/page"}],"author":[{"embeddable":true,"href":"https:\/\/www.electroluxprofessional.com\/cz\/wp-json\/wp\/v2\/users\/3"}],"replies":[{"embeddable":true,"href":"https:\/\/www.electroluxprofessional.com\/cz\/wp-json\/wp\/v2\/comments?post=3581"}],"version-history":[{"count":8,"href":"https:\/\/www.electroluxprofessional.com\/cz\/wp-json\/wp\/v2\/pages\/3581\/revisions"}],"predecessor-version":[{"id":7713,"href":"https:\/\/www.electroluxprofessional.com\/cz\/wp-json\/wp\/v2\/pages\/3581\/revisions\/7713"}],"up":[{"embeddable":true,"href":"https:\/\/www.electroluxprofessional.com\/cz\/wp-json\/wp\/v2\/pages\/3628"}],"wp:attachment":[{"href":"https:\/\/www.electroluxprofessional.com\/cz\/wp-json\/wp\/v2\/media?parent=3581"}],"curies":[{"name":"wp","href":"https:\/\/api.w.org\/{rel}","templated":true}]}}