{"id":3507,"date":"2016-11-09T16:41:43","date_gmt":"2016-11-09T16:41:43","guid":{"rendered":"https:\/\/www.electroluxprofessional.com\/?page_id=4765"},"modified":"2025-11-06T11:20:51","modified_gmt":"2025-11-06T11:20:51","slug":"management-systems-software","status":"publish","type":"page","link":"https:\/\/www.electroluxprofessional.com\/cz\/management-systems-software\/","title":{"rendered":"\u0158\u00eddic\u00ed syst\u00e9my a software"},"content":{"rendered":"<p>[vc_row full_width=&#8221;electroluxpro-full-width-no-padding&#8221;][vc_column][elx_hero_slider text_position=&#8221;hero_slider_text_align_right&#8221; label_text_color=&#8221;inherit&#8221; images=&#8221;901&#8243;][elx_heading font_container=&#8221;h1&#8243; font_size=&#8221;h2&#8243; text_color=&#8221;inherit&#8221;]\u0158\u00eddic\u00ed syst\u00e9my a software[\/elx_heading][vc_column_text]Electrolux Professional disponuje \u0161irokou \u0161k\u00e1lu \u0159\u00eddic\u00edch syst\u00e9m\u016f a softwar\u016f, kter\u00e9 spl\u0148uj\u00ed nejvy\u0161\u0161\u00ed standardy kvality, s c\u00edlem vytvo\u0159it speci\u00e1ln\u00ed p\u0159idanou hodnotu pro ka\u017ed\u00e9ho n\u00e1ro\u010dn\u00e9ho z\u00e1kazn\u00edka.[\/vc_column_text][\/elx_hero_slider][\/vc_column][\/vc_row][vc_row][vc_column][vc_empty_space][\/vc_column][\/vc_row][vc_row][vc_column width=&#8221;1\/2&#8243;][vc_column_text]<strong>Spr\u00e1vce prac\u00edho programu<\/strong><\/p>\n<p>Jedn\u00e1 se o intuitivn\u00ed a snadno pou\u017eiteln\u00fd po\u010d\u00edta\u010dov\u00fd n\u00e1stroj k vytvo\u0159en\u00ed nebo p\u0159izp\u016fsoben\u00ed program\u016f pra\u010dky nebo su\u0161i\u010dky Electrolux z Va\u0161eho po\u010d\u00edta\u010de. Je kompatibiln\u00ed s pra\u010dkami, kter\u00e9 pou\u017e\u00edvaj\u00ed Compass Control, Compass Pro, Clarus Control and Clarus TS. Je kompatibiln\u00ed se su\u0161i\u010dkami, kter\u00e9 pou\u017e\u00edvaj\u00ed \u0159\u00eddic\u00ed syst\u00e9m Compass Pro.<\/p>\n<h3><\/h3>\n<p>[\/vc_column_text][vc_empty_space height=&#8221;20px&#8221;][vc_column_text]<strong>\u0158\u00edd\u00edc\u00ed informa\u010dn\u00ed syst\u00e9m Certus\u2122<\/strong><\/p>\n<p>CMIS (Certus Management Information System\u2122) je software, kter\u00fd poskytuje profesion\u00e1l\u016fm v oblasti pran\u00ed d\u016fle\u017eit\u00e9 informace o pra\u010dk\u00e1ch s odst\u0159edivkou, bubnov\u00fdch su\u0161i\u010dk\u00e1ch a mandlech. V\u0161e s c\u00edlem minimalizovat n\u00e1klady a maximalizovat dobu provozuschopnosti za\u0159\u00edzen\u00ed.[\/vc_column_text][vc_empty_space height=&#8221;20px&#8221;][\/vc_column][vc_column width=&#8221;1\/2&#8243;][elx_image_block background_image=&#8221;900&#8243; minimum_height=&#8221;700px&#8221;][\/vc_column][\/vc_row][vc_row][vc_column][vc_empty_space height=&#8221;50px&#8221;][\/vc_column][\/vc_row][vc_row][vc_column width=&#8221;1\/2&#8243;][elx_image_block background_image=&#8221;772&#8243; minimum_height=&#8221;500px&#8221;][\/vc_column][vc_column width=&#8221;1\/2&#8243;][elx_heading font_size=&#8221;h3&#8243; text_color=&#8221;inherit&#8221;]Textov\u00fd \u0159\u00edd\u00edc\u00ed informa\u010dn\u00ed syst\u00e9m &#8211; udr\u017eujte si kontrolu[\/elx_heading][vc_empty_space height=&#8221;15px&#8221;][vc_column_text]<strong>Zlep\u0161ov\u00e1n\u00ed konceptu u\u017eivatelsky p\u0159\u00edjemn\u00fdch pr\u00e1delen.<\/strong>[\/vc_column_text][vc_column_text]Lze sn\u00ed\u017eit n\u00e1kladn\u00e9 prostoje a je snaz\u0161\u00ed pl\u00e1novat preventivn\u00ed \u00fadr\u017ebu s p\u0159\u00edm\u00fdm p\u0159\u00edstupem k v\u00fdkonu za\u0159\u00edzen\u00ed a statistik\u00e1m slu\u017eeb.<\/p>\n<p>M\u016f\u017eete z\u00edskat v\u011bt\u0161\u00ed kontrolu jak nad sv\u00fdmi spot\u0159ebi\u010di, tak i nad sv\u00fdm \u010dasem, kdy\u017e V\u00e1s syst\u00e9m p\u0159\u00edmo informuje o selh\u00e1n\u00ed za\u0159\u00edzen\u00ed nebo po\u017eadavc\u00edch na \u00fadr\u017ebu.[\/vc_column_text][\/vc_column][\/vc_row][vc_row][vc_column][vc_empty_space height=&#8221;50px&#8221;][\/vc_column][\/vc_row][vc_row][vc_column width=&#8221;1\/3&#8243;][elx_download_block text=&#8221;Spr\u00e1vce prac\u00edho programu&#8221; link=&#8221;http:\/\/tools.professional.electrolux.com\/Mirror\/Doc\/ELS\/PDS\/PS_438919528EN_LPM_EN.pdf&#8221; reveal_effect=&#8221;&#8221; reveal_duration=&#8221;&#8221; reveal_delay=&#8221;&#8221;][\/vc_column][vc_column width=&#8221;1\/3&#8243;][elx_download_block text=&#8221;CMIS&#8221; link=&#8221;http:\/\/tools.professional.electrolux.com\/Mirror\/Doc\/ELS\/PDS\/PS_438919493EN_CMIS%205_EN.pdf&#8221; reveal_effect=&#8221;&#8221; reveal_duration=&#8221;&#8221; reveal_delay=&#8221;&#8221;][\/vc_column][vc_column width=&#8221;1\/3&#8243;][\/vc_column][\/vc_row][vc_row][vc_column][vc_empty_space height=&#8221;50px&#8221;][elx_heading font_size=&#8221;h2&#8243; text_color=&#8221;inherit&#8221; text_align=&#8221;text-center&#8221;]Zjist\u011bte, jak lze vyu\u017e\u00edt \u0159\u00eddic\u00ed syst\u00e9m pro pran\u00ed ve Va\u0161em podnik\u00e1n\u00ed[\/elx_heading][elx_o2000_contact_us r=&#8221;R\u00e1d bych se dozv\u011bd\u011bl(a) v\u00edce o \u0159\u00eddic\u00edch syst\u00e9mech a softwaru. Pros\u00edm, kontaktujte m\u011b.&#8221; s=&#8221;Request of information about Management systems and software&#8221; country=&#8221;Czech Republic&#8221; l=&#8221;cz&#8221; b=&#8221;laundry&#8221; container=&#8221;elxcontactus1478709536&#8243;][vc_empty_space height=&#8221;50px&#8221;][\/vc_column][\/vc_row][vc_row disable_element=&#8221;yes&#8221;][vc_column width=&#8221;1\/3&#8243;][elx_maylike_box id_box=&#8221;3415&#8243;][\/vc_column][vc_column width=&#8221;1\/3&#8243;][elx_maylike_box id_box=&#8221;3416&#8243;][\/vc_column][vc_column width=&#8221;1\/3&#8243;][elx_maylike_box id_box=&#8221;2464&#8243;][\/vc_column][\/vc_row]<\/p>\n","protected":false},"excerpt":{"rendered":"<p>[vc_row full_width=&#8221;electroluxpro-full-width-no-padding&#8221;][vc_column][elx_hero_slider text_position=&#8221;hero_slider_text_align_right&#8221; label_text_color=&#8221;inherit&#8221; images=&#8221;901&#8243;][elx_heading font_container=&#8221;h1&#8243; font_size=&#8221;h2&#8243; text_color=&#8221;inherit&#8221;]\u0158\u00eddic\u00ed syst\u00e9my a software[\/elx_heading][vc_column_text]Electrolux Professional disponuje \u0161irokou \u0161k\u00e1lu \u0159\u00eddic\u00edch syst\u00e9m\u016f a softwar\u016f, kter\u00e9 spl\u0148uj\u00ed nejvy\u0161\u0161\u00ed standardy kvality, s c\u00edlem vytvo\u0159it speci\u00e1ln\u00ed p\u0159idanou hodnotu pro ka\u017ed\u00e9ho n\u00e1ro\u010dn\u00e9ho z\u00e1kazn\u00edka.[\/vc_column_text][\/elx_hero_slider][\/vc_column][\/vc_row][vc_row][vc_column][vc_empty_space][\/vc_column][\/vc_row][vc_row][vc_column width=&#8221;1\/2&#8243;][vc_column_text]Spr\u00e1vce prac\u00edho programu Jedn\u00e1 se o intuitivn\u00ed a snadno pou\u017eiteln\u00fd po\u010d\u00edta\u010dov\u00fd n\u00e1stroj k vytvo\u0159en\u00ed nebo p\u0159izp\u016fsoben\u00ed program\u016f pra\u010dky nebo su\u0161i\u010dky Electrolux [&hellip;]<\/p>\n","protected":false},"author":7,"featured_media":735,"parent":0,"menu_order":0,"comment_status":"closed","ping_status":"closed","template":"","meta":{"footnotes":""},"class_list":["post-3507","page","type-page","status-publish","has-post-thumbnail","hentry"],"acf":[],"yoast_head":"<!-- This site is optimized with the Yoast SEO plugin v23.3 - https:\/\/yoast.com\/wordpress\/plugins\/seo\/ -->\n<title>\u0158\u00eddic\u00ed syst\u00e9my a software - Electrolux Professional \u010cesk\u00e1 republika<\/title>\n<meta name=\"description\" content=\"Discover the wide range of management systems and softwares in order to minimize costs and maximize uptime of the equipment.\" \/>\n<meta name=\"robots\" content=\"index, follow, max-snippet:-1, max-image-preview:large, max-video-preview:-1\" \/>\n<link rel=\"canonical\" href=\"https:\/\/www.electroluxprofessional.com\/cz\/management-systems-software\/\" \/>\n<meta property=\"og:locale\" content=\"cs_CZ\" \/>\n<meta property=\"og:type\" content=\"article\" \/>\n<meta property=\"og:title\" content=\"\u0158\u00eddic\u00ed syst\u00e9my a software - Electrolux Professional \u010cesk\u00e1 republika\" \/>\n<meta property=\"og:description\" content=\"Discover the wide range of management systems and softwares in order to minimize costs and maximize uptime of the equipment.\" \/>\n<meta property=\"og:url\" content=\"https:\/\/www.electroluxprofessional.com\/cz\/management-systems-software\/\" \/>\n<meta property=\"og:site_name\" content=\"Electrolux Professional \u010cesk\u00e1 republika\" \/>\n<meta property=\"article:publisher\" content=\"https:\/\/www.facebook.com\/electroluxprofessional\" \/>\n<meta property=\"article:modified_time\" content=\"2025-11-06T11:20:51+00:00\" \/>\n<meta property=\"og:image\" content=\"https:\/\/www.electroluxprofessional.com\/cz\/wp-content\/uploads\/2016\/11\/management-quadro.jpg\" \/>\n\t<meta property=\"og:image:width\" content=\"700\" \/>\n\t<meta property=\"og:image:height\" content=\"700\" \/>\n\t<meta property=\"og:image:type\" content=\"image\/jpeg\" \/>\n<meta name=\"twitter:card\" content=\"summary_large_image\" \/>\n<meta name=\"twitter:site\" content=\"@ElectroluxPro\" \/>\n<meta name=\"twitter:label1\" content=\"Odhadovan\u00e1 doba \u010dten\u00ed\" \/>\n\t<meta name=\"twitter:data1\" content=\"2 minuty\" \/>\n<script type=\"application\/ld+json\" class=\"yoast-schema-graph\">{\"@context\":\"https:\/\/schema.org\",\"@graph\":[{\"@type\":\"WebPage\",\"@id\":\"https:\/\/www.electroluxprofessional.com\/cz\/management-systems-software\/\",\"url\":\"https:\/\/www.electroluxprofessional.com\/cz\/management-systems-software\/\",\"name\":\"\u0158\u00eddic\u00ed syst\u00e9my a software - Electrolux Professional \u010cesk\u00e1 republika\",\"isPartOf\":{\"@id\":\"https:\/\/www.electroluxprofessional.com\/cz\/#website\"},\"primaryImageOfPage\":{\"@id\":\"https:\/\/www.electroluxprofessional.com\/cz\/management-systems-software\/#primaryimage\"},\"image\":{\"@id\":\"https:\/\/www.electroluxprofessional.com\/cz\/management-systems-software\/#primaryimage\"},\"thumbnailUrl\":\"https:\/\/www.electroluxprofessional.com\/cz\/wp-content\/uploads\/2016\/11\/management-quadro.jpg\",\"datePublished\":\"2016-11-09T16:41:43+00:00\",\"dateModified\":\"2025-11-06T11:20:51+00:00\",\"description\":\"Discover the wide range of management systems and softwares in order to minimize costs and maximize uptime of the equipment.\",\"breadcrumb\":{\"@id\":\"https:\/\/www.electroluxprofessional.com\/cz\/management-systems-software\/#breadcrumb\"},\"inLanguage\":\"cs\",\"potentialAction\":[{\"@type\":\"ReadAction\",\"target\":[\"https:\/\/www.electroluxprofessional.com\/cz\/management-systems-software\/\"]}]},{\"@type\":\"ImageObject\",\"inLanguage\":\"cs\",\"@id\":\"https:\/\/www.electroluxprofessional.com\/cz\/management-systems-software\/#primaryimage\",\"url\":\"https:\/\/www.electroluxprofessional.com\/cz\/wp-content\/uploads\/2016\/11\/management-quadro.jpg\",\"contentUrl\":\"https:\/\/www.electroluxprofessional.com\/cz\/wp-content\/uploads\/2016\/11\/management-quadro.jpg\",\"width\":700,\"height\":700,\"caption\":\"Management systems and software\"},{\"@type\":\"BreadcrumbList\",\"@id\":\"https:\/\/www.electroluxprofessional.com\/cz\/management-systems-software\/#breadcrumb\",\"itemListElement\":[{\"@type\":\"ListItem\",\"position\":1,\"name\":\"Home\",\"item\":\"https:\/\/www.electroluxprofessional.com\/cz\/\"},{\"@type\":\"ListItem\",\"position\":2,\"name\":\"\u0158\u00eddic\u00ed syst\u00e9my a software\"}]},{\"@type\":\"WebSite\",\"@id\":\"https:\/\/www.electroluxprofessional.com\/cz\/#website\",\"url\":\"https:\/\/www.electroluxprofessional.com\/cz\/\",\"name\":\"Electrolux Professional \u010cesk\u00e1 republika\",\"description\":\"\",\"potentialAction\":[{\"@type\":\"SearchAction\",\"target\":{\"@type\":\"EntryPoint\",\"urlTemplate\":\"https:\/\/www.electroluxprofessional.com\/cz\/?src={search_term_string}\"},\"query-input\":\"required name=search_term_string\"}],\"inLanguage\":\"cs\"}]}<\/script>\n<!-- \/ Yoast SEO plugin. -->","yoast_head_json":{"title":"\u0158\u00eddic\u00ed syst\u00e9my a software - Electrolux Professional \u010cesk\u00e1 republika","description":"Discover the wide range of management systems and softwares in order to minimize costs and maximize uptime of the equipment.","robots":{"index":"index","follow":"follow","max-snippet":"max-snippet:-1","max-image-preview":"max-image-preview:large","max-video-preview":"max-video-preview:-1"},"canonical":"https:\/\/www.electroluxprofessional.com\/cz\/management-systems-software\/","og_locale":"cs_CZ","og_type":"article","og_title":"\u0158\u00eddic\u00ed syst\u00e9my a software - Electrolux Professional \u010cesk\u00e1 republika","og_description":"Discover the wide range of management systems and softwares in order to minimize costs and maximize uptime of the equipment.","og_url":"https:\/\/www.electroluxprofessional.com\/cz\/management-systems-software\/","og_site_name":"Electrolux Professional \u010cesk\u00e1 republika","article_publisher":"https:\/\/www.facebook.com\/electroluxprofessional","article_modified_time":"2025-11-06T11:20:51+00:00","og_image":[{"width":700,"height":700,"url":"https:\/\/www.electroluxprofessional.com\/cz\/wp-content\/uploads\/2016\/11\/management-quadro.jpg","type":"image\/jpeg"}],"twitter_card":"summary_large_image","twitter_site":"@ElectroluxPro","twitter_misc":{"Odhadovan\u00e1 doba \u010dten\u00ed":"2 minuty"},"schema":{"@context":"https:\/\/schema.org","@graph":[{"@type":"WebPage","@id":"https:\/\/www.electroluxprofessional.com\/cz\/management-systems-software\/","url":"https:\/\/www.electroluxprofessional.com\/cz\/management-systems-software\/","name":"\u0158\u00eddic\u00ed syst\u00e9my a software - Electrolux Professional \u010cesk\u00e1 republika","isPartOf":{"@id":"https:\/\/www.electroluxprofessional.com\/cz\/#website"},"primaryImageOfPage":{"@id":"https:\/\/www.electroluxprofessional.com\/cz\/management-systems-software\/#primaryimage"},"image":{"@id":"https:\/\/www.electroluxprofessional.com\/cz\/management-systems-software\/#primaryimage"},"thumbnailUrl":"https:\/\/www.electroluxprofessional.com\/cz\/wp-content\/uploads\/2016\/11\/management-quadro.jpg","datePublished":"2016-11-09T16:41:43+00:00","dateModified":"2025-11-06T11:20:51+00:00","description":"Discover the wide range of management systems and softwares in order to minimize costs and maximize uptime of the equipment.","breadcrumb":{"@id":"https:\/\/www.electroluxprofessional.com\/cz\/management-systems-software\/#breadcrumb"},"inLanguage":"cs","potentialAction":[{"@type":"ReadAction","target":["https:\/\/www.electroluxprofessional.com\/cz\/management-systems-software\/"]}]},{"@type":"ImageObject","inLanguage":"cs","@id":"https:\/\/www.electroluxprofessional.com\/cz\/management-systems-software\/#primaryimage","url":"https:\/\/www.electroluxprofessional.com\/cz\/wp-content\/uploads\/2016\/11\/management-quadro.jpg","contentUrl":"https:\/\/www.electroluxprofessional.com\/cz\/wp-content\/uploads\/2016\/11\/management-quadro.jpg","width":700,"height":700,"caption":"Management systems and software"},{"@type":"BreadcrumbList","@id":"https:\/\/www.electroluxprofessional.com\/cz\/management-systems-software\/#breadcrumb","itemListElement":[{"@type":"ListItem","position":1,"name":"Home","item":"https:\/\/www.electroluxprofessional.com\/cz\/"},{"@type":"ListItem","position":2,"name":"\u0158\u00eddic\u00ed syst\u00e9my a software"}]},{"@type":"WebSite","@id":"https:\/\/www.electroluxprofessional.com\/cz\/#website","url":"https:\/\/www.electroluxprofessional.com\/cz\/","name":"Electrolux Professional \u010cesk\u00e1 republika","description":"","potentialAction":[{"@type":"SearchAction","target":{"@type":"EntryPoint","urlTemplate":"https:\/\/www.electroluxprofessional.com\/cz\/?src={search_term_string}"},"query-input":"required name=search_term_string"}],"inLanguage":"cs"}]}},"_links":{"self":[{"href":"https:\/\/www.electroluxprofessional.com\/cz\/wp-json\/wp\/v2\/pages\/3507"}],"collection":[{"href":"https:\/\/www.electroluxprofessional.com\/cz\/wp-json\/wp\/v2\/pages"}],"about":[{"href":"https:\/\/www.electroluxprofessional.com\/cz\/wp-json\/wp\/v2\/types\/page"}],"author":[{"embeddable":true,"href":"https:\/\/www.electroluxprofessional.com\/cz\/wp-json\/wp\/v2\/users\/7"}],"replies":[{"embeddable":true,"href":"https:\/\/www.electroluxprofessional.com\/cz\/wp-json\/wp\/v2\/comments?post=3507"}],"version-history":[{"count":2,"href":"https:\/\/www.electroluxprofessional.com\/cz\/wp-json\/wp\/v2\/pages\/3507\/revisions"}],"predecessor-version":[{"id":14027,"href":"https:\/\/www.electroluxprofessional.com\/cz\/wp-json\/wp\/v2\/pages\/3507\/revisions\/14027"}],"wp:featuredmedia":[{"embeddable":true,"href":"https:\/\/www.electroluxprofessional.com\/cz\/wp-json\/wp\/v2\/media\/735"}],"wp:attachment":[{"href":"https:\/\/www.electroluxprofessional.com\/cz\/wp-json\/wp\/v2\/media?parent=3507"}],"curies":[{"name":"wp","href":"https:\/\/api.w.org\/{rel}","templated":true}]}}