{"id":3503,"date":"2016-11-09T14:23:09","date_gmt":"2016-11-09T14:23:09","guid":{"rendered":"https:\/\/www.electroluxprofessional.com\/?page_id=4635"},"modified":"2025-11-06T11:21:04","modified_gmt":"2025-11-06T11:21:04","slug":"laboratory-machines","status":"publish","type":"page","link":"https:\/\/www.electroluxprofessional.com\/cz\/laboratory-machines\/","title":{"rendered":"Laboratorn\u00ed za\u0159\u00edzen\u00ed"},"content":{"rendered":"<p>[vc_row full_width=&#8221;electroluxpro-full-width-no-padding&#8221;][vc_column][elx_hero_slider label_text_color=&#8221;inherit&#8221; images=&#8221;881&#8243;][elx_heading font_container=&#8221;h1&#8243; font_size=&#8221;h3&#8243; text_color=&#8221;inherit&#8221;]Laboratorn\u00ed za\u0159\u00edzen\u00ed[\/elx_heading][vc_column_text]<strong>Electrolux Professional pomoc\u00ed integrovan\u00e9ho syst\u00e9mu pro laboratorn\u00ed testov\u00e1n\u00ed nastavuje standard pro pran\u00ed a su\u0161en\u00ed po cel\u00e9m sv\u011bt\u011b.<\/strong>[\/vc_column_text][\/elx_hero_slider][\/vc_column][\/vc_row][vc_row][vc_column][vc_empty_space][elx_heading font_size=&#8221;h4&#8243; text_color=&#8221;inherit&#8221;]S uveden\u00edm su\u0161i\u010dky LAB Electrolux Professional nab\u00edz\u00ed z\u00e1kazn\u00edk\u016fm komplexn\u00ed profesion\u00e1ln\u00ed \u0159e\u0161en\u00ed pro laboratorn\u00ed pr\u016fmysl.[\/elx_heading][vc_empty_space height=&#8221;20px&#8221;][vc_column_text]Nov\u00e1 su\u0161i\u010dka Electrolux Professional LAB je speci\u00e1ln\u011b navr\u017eena a vyvinuta tak, aby byla zaji\u0161t\u011bna shoda s normou ISO 6330.<\/p>\n<p>Spolu s referen\u010dn\u00ed pra\u010dkou Wascator tvo\u0159\u00ed nep\u0159ekonateln\u00e9 duo: integrovan\u00fd syst\u00e9m pro testov\u00e1n\u00ed standard\u016f, textili\u00ed a pr\u00e1dla.[\/vc_column_text][\/vc_column][\/vc_row][vc_row][vc_column width=&#8221;2\/3&#8243;][elx_image_block background_image=&#8221;877&#8243; minimum_height=&#8221;400px&#8221;][\/vc_column][vc_column width=&#8221;1\/3&#8243;][elx_image_block background_image=&#8221;878&#8243; minimum_height=&#8221;400px&#8221;][\/vc_column][\/vc_row][vc_row][vc_column width=&#8221;2\/3&#8243;][vc_column_text]<strong>Od roku 1969<\/strong><\/p>\n<p>Wascator FOM71 CLS je od roku 1969 proslul\u00fdm referen\u010dn\u00edm p\u0159\u00edstrojem pro testy prac\u00edho v\u00fdkonu v pr\u016fmyslu spot\u0159ebi\u010d\u016f a testov\u00e1n\u00ed textili\u00ed.<\/p>\n<p>Nyn\u00ed m\u00e1 dokonal\u00e9ho partnera: nov\u00e1 LAB su\u0161i\u010dka nab\u00edz\u00ed z\u00e1kazn\u00edk\u016fm \u2013 nap\u0159. v\u00fdrobc\u016fm textilu, velkoobchod\u016fm, laborato\u0159\u00edm tkanin a testovac\u00edm za\u0159\u00edzen\u00edm \u2013 stejn\u00e9 v\u00fdhody, pokud jde o \u017eivotnost, p\u0159esnost a spolehlivost.<\/p>\n<p>[\/vc_column_text][\/vc_column][vc_column width=&#8221;1\/3&#8243;][vc_empty_space][vc_single_image image=&#8221;879&#8243; img_size=&#8221;full&#8221; alignment=&#8221;right&#8221; style=&#8221;vc_box_circle_2&#8243;][\/vc_column][\/vc_row][vc_row][vc_column][elx_heading font_size=&#8221;h3&#8243; text_color=&#8221;inherit&#8221; text_align=&#8221;text-center&#8221;]V pran\u00ed a su\u0161en\u00ed spl\u0148uje normy, kter\u00e9 pot\u0159ebujete[\/elx_heading][vc_empty_space][vc_single_image image=&#8221;3501&#8243; img_size=&#8221;full&#8221; alignment=&#8221;center&#8221; onclick=&#8221;img_link_large&#8221;][vc_empty_space height=&#8221;50px&#8221;][\/vc_column][\/vc_row][vc_row][vc_column][elx_heading text_color=&#8221;inherit&#8221; text_align=&#8221;text-center&#8221;]Zjist\u011bte, jak lze laboratorn\u00ed za\u0159\u00edzen\u00ed vyu\u017e\u00edt ve Va\u0161em podnik\u00e1n\u00ed[\/elx_heading][elx_o2000_contact_us r=&#8221;Cht\u011bl(a) bych se dozv\u011bd\u011bt v\u00edce o laboratorn\u00edch za\u0159\u00edzen\u00edch. Pros\u00edm, kontaktujte m\u011b.&#8221; s=&#8221;Request of information about Laboratory Machines&#8221; country=&#8221;Czech Republic&#8221; l=&#8221;cz&#8221; b=&#8221;laundry&#8221; container=&#8221;elxcontactus1478701232&#8243;][\/vc_column][\/vc_row][vc_row disable_element=&#8221;yes&#8221;][vc_column][vc_empty_space height=&#8221;50px&#8221;][elx_heading font_size=&#8221;h3&#8243; text_color=&#8221;inherit&#8221; text_align=&#8221;text-center&#8221;]Find your complete solution[\/elx_heading][\/vc_column][\/vc_row][vc_row disable_element=&#8221;yes&#8221;][vc_column width=&#8221;1\/3&#8243;][elx_maylike_box id_box=&#8221;3502&#8243;][\/vc_column][vc_column width=&#8221;1\/3&#8243;][elx_maylike_box id_box=&#8221;3445&#8243;][\/vc_column][vc_column width=&#8221;1\/3&#8243;][elx_maylike_box id_box=&#8221;2720&#8243;][\/vc_column][\/vc_row][vc_row][vc_column][vc_empty_space height=&#8221;50px&#8221;][\/vc_column][\/vc_row]<\/p>\n","protected":false},"excerpt":{"rendered":"<p>[vc_row full_width=&#8221;electroluxpro-full-width-no-padding&#8221;][vc_column][elx_hero_slider label_text_color=&#8221;inherit&#8221; images=&#8221;881&#8243;][elx_heading font_container=&#8221;h1&#8243; font_size=&#8221;h3&#8243; text_color=&#8221;inherit&#8221;]Laboratorn\u00ed za\u0159\u00edzen\u00ed[\/elx_heading][vc_column_text]Electrolux Professional pomoc\u00ed integrovan\u00e9ho syst\u00e9mu pro laboratorn\u00ed testov\u00e1n\u00ed nastavuje standard pro pran\u00ed a su\u0161en\u00ed po cel\u00e9m sv\u011bt\u011b.[\/vc_column_text][\/elx_hero_slider][\/vc_column][\/vc_row][vc_row][vc_column][vc_empty_space][elx_heading font_size=&#8221;h4&#8243; text_color=&#8221;inherit&#8221;]S uveden\u00edm su\u0161i\u010dky LAB Electrolux Professional nab\u00edz\u00ed z\u00e1kazn\u00edk\u016fm komplexn\u00ed profesion\u00e1ln\u00ed \u0159e\u0161en\u00ed pro laboratorn\u00ed pr\u016fmysl.[\/elx_heading][vc_empty_space height=&#8221;20px&#8221;][vc_column_text]Nov\u00e1 su\u0161i\u010dka Electrolux Professional LAB je speci\u00e1ln\u011b navr\u017eena a vyvinuta tak, aby byla zaji\u0161t\u011bna shoda s [&hellip;]<\/p>\n","protected":false},"author":7,"featured_media":881,"parent":0,"menu_order":0,"comment_status":"closed","ping_status":"closed","template":"","meta":{"footnotes":""},"class_list":["post-3503","page","type-page","status-publish","has-post-thumbnail","hentry"],"acf":[],"yoast_head":"<!-- This site is optimized with the Yoast SEO plugin v23.3 - https:\/\/yoast.com\/wordpress\/plugins\/seo\/ -->\n<title>Laboratorn\u00ed za\u0159\u00edzen\u00ed - Electrolux Professional \u010cesk\u00e1 republika<\/title>\n<meta name=\"description\" content=\"Electrolux Professional sets the standard for washing and drying all over the world with an integrated system for laboratory testing.\" \/>\n<meta name=\"robots\" content=\"index, follow, max-snippet:-1, max-image-preview:large, max-video-preview:-1\" \/>\n<link rel=\"canonical\" href=\"https:\/\/www.electroluxprofessional.com\/cz\/laboratory-machines\/\" \/>\n<meta property=\"og:locale\" content=\"cs_CZ\" \/>\n<meta property=\"og:type\" content=\"article\" \/>\n<meta property=\"og:title\" content=\"Laboratorn\u00ed za\u0159\u00edzen\u00ed - Electrolux Professional \u010cesk\u00e1 republika\" \/>\n<meta property=\"og:description\" content=\"Electrolux Professional sets the standard for washing and drying all over the world with an integrated system for laboratory testing.\" \/>\n<meta property=\"og:url\" content=\"https:\/\/www.electroluxprofessional.com\/cz\/laboratory-machines\/\" \/>\n<meta property=\"og:site_name\" content=\"Electrolux Professional \u010cesk\u00e1 republika\" \/>\n<meta property=\"article:publisher\" content=\"https:\/\/www.facebook.com\/electroluxprofessional\" \/>\n<meta property=\"article:modified_time\" content=\"2025-11-06T11:21:04+00:00\" \/>\n<meta property=\"og:image\" content=\"https:\/\/www.electroluxprofessional.com\/cz\/wp-content\/uploads\/2016\/11\/b1a26a13eed74d3ca494d4ca6a5b2b43-683x1024.jpg\" \/>\n\t<meta property=\"og:image:width\" content=\"683\" \/>\n\t<meta property=\"og:image:height\" content=\"1024\" \/>\n\t<meta property=\"og:image:type\" content=\"image\/jpeg\" \/>\n<meta name=\"twitter:card\" content=\"summary_large_image\" \/>\n<meta name=\"twitter:site\" content=\"@ElectroluxPro\" \/>\n<meta name=\"twitter:label1\" content=\"Odhadovan\u00e1 doba \u010dten\u00ed\" \/>\n\t<meta name=\"twitter:data1\" content=\"2 minuty\" \/>\n<script type=\"application\/ld+json\" class=\"yoast-schema-graph\">{\"@context\":\"https:\/\/schema.org\",\"@graph\":[{\"@type\":\"WebPage\",\"@id\":\"https:\/\/www.electroluxprofessional.com\/cz\/laboratory-machines\/\",\"url\":\"https:\/\/www.electroluxprofessional.com\/cz\/laboratory-machines\/\",\"name\":\"Laboratorn\u00ed za\u0159\u00edzen\u00ed - Electrolux Professional \u010cesk\u00e1 republika\",\"isPartOf\":{\"@id\":\"https:\/\/www.electroluxprofessional.com\/cz\/#website\"},\"primaryImageOfPage\":{\"@id\":\"https:\/\/www.electroluxprofessional.com\/cz\/laboratory-machines\/#primaryimage\"},\"image\":{\"@id\":\"https:\/\/www.electroluxprofessional.com\/cz\/laboratory-machines\/#primaryimage\"},\"thumbnailUrl\":\"https:\/\/www.electroluxprofessional.com\/cz\/wp-content\/uploads\/2016\/11\/b1a26a13eed74d3ca494d4ca6a5b2b43.jpg\",\"datePublished\":\"2016-11-09T14:23:09+00:00\",\"dateModified\":\"2025-11-06T11:21:04+00:00\",\"description\":\"Electrolux Professional sets the standard for washing and drying all over the world with an integrated system for laboratory testing.\",\"breadcrumb\":{\"@id\":\"https:\/\/www.electroluxprofessional.com\/cz\/laboratory-machines\/#breadcrumb\"},\"inLanguage\":\"cs\",\"potentialAction\":[{\"@type\":\"ReadAction\",\"target\":[\"https:\/\/www.electroluxprofessional.com\/cz\/laboratory-machines\/\"]}]},{\"@type\":\"ImageObject\",\"inLanguage\":\"cs\",\"@id\":\"https:\/\/www.electroluxprofessional.com\/cz\/laboratory-machines\/#primaryimage\",\"url\":\"https:\/\/www.electroluxprofessional.com\/cz\/wp-content\/uploads\/2016\/11\/b1a26a13eed74d3ca494d4ca6a5b2b43.jpg\",\"contentUrl\":\"https:\/\/www.electroluxprofessional.com\/cz\/wp-content\/uploads\/2016\/11\/b1a26a13eed74d3ca494d4ca6a5b2b43.jpg\",\"width\":4912,\"height\":7360,\"caption\":\"Laboratory Machines\"},{\"@type\":\"BreadcrumbList\",\"@id\":\"https:\/\/www.electroluxprofessional.com\/cz\/laboratory-machines\/#breadcrumb\",\"itemListElement\":[{\"@type\":\"ListItem\",\"position\":1,\"name\":\"Home\",\"item\":\"https:\/\/www.electroluxprofessional.com\/cz\/\"},{\"@type\":\"ListItem\",\"position\":2,\"name\":\"Laboratorn\u00ed za\u0159\u00edzen\u00ed\"}]},{\"@type\":\"WebSite\",\"@id\":\"https:\/\/www.electroluxprofessional.com\/cz\/#website\",\"url\":\"https:\/\/www.electroluxprofessional.com\/cz\/\",\"name\":\"Electrolux Professional \u010cesk\u00e1 republika\",\"description\":\"\",\"potentialAction\":[{\"@type\":\"SearchAction\",\"target\":{\"@type\":\"EntryPoint\",\"urlTemplate\":\"https:\/\/www.electroluxprofessional.com\/cz\/?src={search_term_string}\"},\"query-input\":\"required name=search_term_string\"}],\"inLanguage\":\"cs\"}]}<\/script>\n<!-- \/ Yoast SEO plugin. -->","yoast_head_json":{"title":"Laboratorn\u00ed za\u0159\u00edzen\u00ed - Electrolux Professional \u010cesk\u00e1 republika","description":"Electrolux Professional sets the standard for washing and drying all over the world with an integrated system for laboratory testing.","robots":{"index":"index","follow":"follow","max-snippet":"max-snippet:-1","max-image-preview":"max-image-preview:large","max-video-preview":"max-video-preview:-1"},"canonical":"https:\/\/www.electroluxprofessional.com\/cz\/laboratory-machines\/","og_locale":"cs_CZ","og_type":"article","og_title":"Laboratorn\u00ed za\u0159\u00edzen\u00ed - Electrolux Professional \u010cesk\u00e1 republika","og_description":"Electrolux Professional sets the standard for washing and drying all over the world with an integrated system for laboratory testing.","og_url":"https:\/\/www.electroluxprofessional.com\/cz\/laboratory-machines\/","og_site_name":"Electrolux Professional \u010cesk\u00e1 republika","article_publisher":"https:\/\/www.facebook.com\/electroluxprofessional","article_modified_time":"2025-11-06T11:21:04+00:00","og_image":[{"width":683,"height":1024,"url":"https:\/\/www.electroluxprofessional.com\/cz\/wp-content\/uploads\/2016\/11\/b1a26a13eed74d3ca494d4ca6a5b2b43-683x1024.jpg","type":"image\/jpeg"}],"twitter_card":"summary_large_image","twitter_site":"@ElectroluxPro","twitter_misc":{"Odhadovan\u00e1 doba \u010dten\u00ed":"2 minuty"},"schema":{"@context":"https:\/\/schema.org","@graph":[{"@type":"WebPage","@id":"https:\/\/www.electroluxprofessional.com\/cz\/laboratory-machines\/","url":"https:\/\/www.electroluxprofessional.com\/cz\/laboratory-machines\/","name":"Laboratorn\u00ed za\u0159\u00edzen\u00ed - Electrolux Professional \u010cesk\u00e1 republika","isPartOf":{"@id":"https:\/\/www.electroluxprofessional.com\/cz\/#website"},"primaryImageOfPage":{"@id":"https:\/\/www.electroluxprofessional.com\/cz\/laboratory-machines\/#primaryimage"},"image":{"@id":"https:\/\/www.electroluxprofessional.com\/cz\/laboratory-machines\/#primaryimage"},"thumbnailUrl":"https:\/\/www.electroluxprofessional.com\/cz\/wp-content\/uploads\/2016\/11\/b1a26a13eed74d3ca494d4ca6a5b2b43.jpg","datePublished":"2016-11-09T14:23:09+00:00","dateModified":"2025-11-06T11:21:04+00:00","description":"Electrolux Professional sets the standard for washing and drying all over the world with an integrated system for laboratory testing.","breadcrumb":{"@id":"https:\/\/www.electroluxprofessional.com\/cz\/laboratory-machines\/#breadcrumb"},"inLanguage":"cs","potentialAction":[{"@type":"ReadAction","target":["https:\/\/www.electroluxprofessional.com\/cz\/laboratory-machines\/"]}]},{"@type":"ImageObject","inLanguage":"cs","@id":"https:\/\/www.electroluxprofessional.com\/cz\/laboratory-machines\/#primaryimage","url":"https:\/\/www.electroluxprofessional.com\/cz\/wp-content\/uploads\/2016\/11\/b1a26a13eed74d3ca494d4ca6a5b2b43.jpg","contentUrl":"https:\/\/www.electroluxprofessional.com\/cz\/wp-content\/uploads\/2016\/11\/b1a26a13eed74d3ca494d4ca6a5b2b43.jpg","width":4912,"height":7360,"caption":"Laboratory Machines"},{"@type":"BreadcrumbList","@id":"https:\/\/www.electroluxprofessional.com\/cz\/laboratory-machines\/#breadcrumb","itemListElement":[{"@type":"ListItem","position":1,"name":"Home","item":"https:\/\/www.electroluxprofessional.com\/cz\/"},{"@type":"ListItem","position":2,"name":"Laboratorn\u00ed za\u0159\u00edzen\u00ed"}]},{"@type":"WebSite","@id":"https:\/\/www.electroluxprofessional.com\/cz\/#website","url":"https:\/\/www.electroluxprofessional.com\/cz\/","name":"Electrolux Professional \u010cesk\u00e1 republika","description":"","potentialAction":[{"@type":"SearchAction","target":{"@type":"EntryPoint","urlTemplate":"https:\/\/www.electroluxprofessional.com\/cz\/?src={search_term_string}"},"query-input":"required name=search_term_string"}],"inLanguage":"cs"}]}},"_links":{"self":[{"href":"https:\/\/www.electroluxprofessional.com\/cz\/wp-json\/wp\/v2\/pages\/3503"}],"collection":[{"href":"https:\/\/www.electroluxprofessional.com\/cz\/wp-json\/wp\/v2\/pages"}],"about":[{"href":"https:\/\/www.electroluxprofessional.com\/cz\/wp-json\/wp\/v2\/types\/page"}],"author":[{"embeddable":true,"href":"https:\/\/www.electroluxprofessional.com\/cz\/wp-json\/wp\/v2\/users\/7"}],"replies":[{"embeddable":true,"href":"https:\/\/www.electroluxprofessional.com\/cz\/wp-json\/wp\/v2\/comments?post=3503"}],"version-history":[{"count":2,"href":"https:\/\/www.electroluxprofessional.com\/cz\/wp-json\/wp\/v2\/pages\/3503\/revisions"}],"predecessor-version":[{"id":14028,"href":"https:\/\/www.electroluxprofessional.com\/cz\/wp-json\/wp\/v2\/pages\/3503\/revisions\/14028"}],"wp:featuredmedia":[{"embeddable":true,"href":"https:\/\/www.electroluxprofessional.com\/cz\/wp-json\/wp\/v2\/media\/881"}],"wp:attachment":[{"href":"https:\/\/www.electroluxprofessional.com\/cz\/wp-json\/wp\/v2\/media?parent=3503"}],"curies":[{"name":"wp","href":"https:\/\/api.w.org\/{rel}","templated":true}]}}