{"id":3497,"date":"2016-11-30T10:42:25","date_gmt":"2016-11-30T10:42:25","guid":{"rendered":"https:\/\/www.electroluxprofessional.com\/?page_id=6144"},"modified":"2022-03-31T18:45:47","modified_gmt":"2022-03-31T18:45:47","slug":"lagoon-advanced-care","status":"publish","type":"page","link":"https:\/\/www.electroluxprofessional.com\/cz\/lagoon-advanced-care\/","title":{"rendered":"lagoon\u00ae Advanced Care"},"content":{"rendered":"<p>[vc_row full_width=&#8221;electroluxpro-full-width-no-padding&#8221;][vc_column][elx_hero_title label=&#8221;&#8221; label_background_color=&#8221;inherit&#8221; video_link=&#8221;https:\/\/www.youtube.com\/watch?v=Bmra-TGZPng&#8221; background_image=&#8221;628&#8243;][elx_heading font_container=&#8221;h1&#8243; text_color=&#8221;inherit&#8221;]Kompletn\u00ed \u010dist\u00edc\u00ed slu\u017eba za 55 minut[\/elx_heading][\/elx_hero_title][\/vc_column][\/vc_row][vc_row][vc_column][vc_empty_space][elx_heading font_size=&#8221;h2&#8243; text_color=&#8221;inherit&#8221; text_align=&#8221;text-center&#8221;]<strong>lagoon\u00ae Advanced Care<\/strong><br \/>\nRychl\u00e9, snadn\u00e9 a ekologick\u00e9.<br \/>\n[\/elx_heading][vc_empty_space][\/vc_column][\/vc_row][vc_row full_width=&#8221;electroluxpro-container-no-padding&#8221; disable_element=&#8221;yes&#8221;][vc_column width=&#8221;1\/3&#8243;][vc_single_image image=&#8221;3493&#8243; img_size=&#8221;390&#215;314&#8243; onclick=&#8221;custom_link&#8221; link=&#8221;https:\/\/www.electroluxprofessional.com\/cz\/commercial-laundry-equipment\/lagoon-advanced-care\/the-power-of-water\/&#8221;][\/vc_column][vc_column width=&#8221;2\/3&#8243;][elx_simple_block text_align=&#8221;text-center&#8221; text_color=&#8221;white&#8221; background_color=&#8221;electrolux-blue&#8221;][vc_column_text]<\/p>\n<h2 style=\"text-align: center;\">The Power of Water<\/h2>\n<h4 style=\"text-align: center;\">A clean start for the textile care industry<\/h4>\n<p style=\"text-align: center;\">Your customers habits are changing!<\/p>\n<p>[\/vc_column_text][elx_button button_text=&#8221;Sign up for a FREE copy of our white paper&#8221; button_link=&#8221;url:https%3A%2F%2Fprofessional.electrolux.cz%2Fcommercial-laundry-equipment%2Flagoon-advanced-care%2Fthe-power-of-water%2F|title:The%20power%20of%20water||&#8221;][\/elx_simple_block][\/vc_column][\/vc_row][vc_row][vc_column][vc_empty_space][\/vc_column][\/vc_row][vc_row][vc_column width=&#8221;1\/2&#8243;][vc_empty_space][vc_column_text css_animation=&#8221;left-to-right&#8221;]<strong>Udr\u017eiteln\u00fd<\/strong><\/p>\n<p>\u0160etrn\u00fd k \u017eivotn\u00edmu prost\u0159ed\u00ed, bez toxick\u00fdch chemik\u00e1li\u00ed pou\u017e\u00edvan\u00fdch b\u011bhem procesu, jako rozpou\u0161t\u011bdlo slou\u017e\u00ed voda.<\/p>\n<p><strong>\u0160etrn\u00fd k jemn\u00e9mu pr\u00e1dlu<\/strong><\/p>\n<p>Vynikaj\u00edc\u00ed v\u00fdsledky s nejdelik\u00e1tn\u011bj\u0161\u00edmi textiliemi a jemnou vlnou, kter\u00e1 se m\u016f\u017ee \u010distit pouze chemicky.<\/p>\n<p><strong>P\u0159in\u00e1\u0161\u00ed skute\u010dnou zm\u011bnu<\/strong><\/p>\n<p>Snadn\u00e9 mokr\u00e9 \u010di\u0161t\u011bn\u00ed bez nutnosti u\u010dit se slo\u017eit\u00e9 procedury a bez komplikac\u00ed.[\/vc_column_text][\/vc_column][vc_column width=&#8221;1\/2&#8243;][elx_image_block background_image=&#8221;629&#8243; minimum_height=&#8221;500px&#8221;][\/vc_column][\/vc_row][vc_row full_width=&#8221;electroluxpro-full-width&#8221;][vc_column][vc_empty_space][elx_heading font_size=&#8221;h2&#8243; text_color=&#8221;inherit&#8221; text_align=&#8221;text-center&#8221;]V\u0161echny v\u00fdhody vody spole\u010dn\u011b s rychlost\u00ed a jednoduchost\u00ed \u010di\u0161t\u011bn\u00ed rozpou\u0161t\u011bdlem[\/elx_heading][\/vc_column][\/vc_row][vc_row][vc_column][vc_empty_space height=&#8221;50px&#8221;][vc_single_image image=&#8221;635&#8243; img_size=&#8221;full&#8221; alignment=&#8221;center&#8221; css=&#8221;.vc_custom_1491216216129{margin-bottom: 0px !important;border-bottom-width: 0px !important;padding-bottom: 0px !important;}&#8221;][\/vc_column][\/vc_row][vc_row][vc_column][vc_empty_space][\/vc_column][\/vc_row][vc_row equal_height=&#8221;yes&#8221;][vc_column width=&#8221;1\/2&#8243;][elx_heading text_color=&#8221;inherit&#8221;]<span style=\"color: #37c0c9;\">\u201eTi, kte\u0159\u00ed se d\u00edvaj\u00ed do budoucnosti, zvol\u00ed lagoon\u00ae Advanced Care\u201c<\/span>[\/elx_heading][vc_column_text css_animation=&#8221;left-to-right&#8221;]D\u00edky lagoon\u00ae Advanced Care m\u016f\u017eeme nyn\u00ed s vodou d\u011blat skute\u010dn\u011b cokoliv.\u00a0 Pr\u00e1dlo, kter\u00e9 t\u00edmto procesem projde, je neuv\u011b\u0159iteln\u011b \u010dist\u00e9 a vr\u00e1tit ho do p\u016fvodn\u00edho stavu je nyn\u00ed snadn\u00fd \u00fakol. U\u017e nemus\u00edme pou\u017e\u00edvat rozpou\u0161t\u011bdla.<\/p>\n<p>S lagoon\u00ae Advanced Care nyn\u00ed vol\u00edme pouze mokr\u00e9 \u010di\u0161t\u011bn\u00ed. Je pro n\u00e1s bezpe\u010dn\u011bj\u0161\u00ed pracovat s vodou a je to bezpe\u010dn\u00e9 i pro \u017eivotn\u00ed prost\u0159ed\u00ed.<\/p>\n<p>Pr\u00e1dlo nen\u00ed jen opravdu \u010dist\u00e9, ale m\u00e1 sv\u011b\u017e\u00ed v\u016fni a je p\u0159\u00edjemn\u00e9 na dotek.<\/p>\n<p>\u201ePouze jedna hodina a m\u00e1te dokonal\u00fd hotov\u00fd kousek. V p\u0159\u00edpad\u011b pot\u0159eby m\u016f\u017eeme nab\u00eddnout i expresn\u00ed slu\u017ebu. Jsme s provozem spokojeni a na\u0161i z\u00e1kazn\u00edci ty v\u00fdsledky miluj\u00ed!\u201c<\/p>\n<p><strong>James Leat, majitel \u201eideal CLEANERS\u201c<\/strong>[\/vc_column_text][\/vc_column][vc_column width=&#8221;1\/2&#8243;][elx_video_block background_image=&#8221;1760&#8243; video_link=&#8221;https:\/\/www.youtube.com\/watch?v=QdkA0xDSqqY&#8221; minimum_height=&#8221;600px&#8221;][\/vc_column][\/vc_row][vc_row][vc_column width=&#8221;1\/2&#8243;][elx_image_block background_image=&#8221;531&#8243; minimum_height=&#8221;500px&#8221;][\/vc_column][vc_column width=&#8221;1\/2&#8243;][vc_empty_space][elx_heading text_color=&#8221;duck-egg&#8221;]A.Roma Lifestyle Hotel[\/elx_heading][vc_column_text css_animation=&#8221;left-to-right&#8221;]Prodlou\u017e\u00ed-li fakt, \u017ee m\u00e1 hotel intern\u00ed pr\u00e1delnu, \u017eivotnost ru\u010dn\u00edk\u016f a sn\u00ed\u017e\u00ed n\u00e1klady, pro hosty to znamen\u00e1, \u017ee maj\u00ed perfektn\u011b hygienicky vy\u010di\u0161t\u011bn\u00e9 \u017eupany a ru\u010dn\u00edky, kter\u00e9 jsou m\u011bkk\u00e9, vo\u0148av\u00e9 a hodn\u00e9 luxusn\u00edho hotelu.[\/vc_column_text][\/vc_column][\/vc_row][vc_row][vc_column][vc_empty_space][\/vc_column][\/vc_row][vc_row][vc_column][elx_heading text_color=&#8221;inherit&#8221;]Obra\u0165te se na n\u00e1\u0161 t\u00fdm odborn\u00edk\u016f a zjist\u011bte, jak V\u00e1m Electrolux m\u016f\u017ee pomoci ve Va\u0161em podnik\u00e1n\u00ed. [\/elx_heading][elx_o2000_contact_us r=&#8221;Cht\u011bl(a) bych kontaktovat V\u00e1\u0161 t\u00fdm odborn\u00edk\u016f a spole\u010dn\u011b naj\u00edt \u0159e\u0161en\u00ed pro sv\u00e9 podnik\u00e1n\u00ed.&#8221; s=&#8221;Your request for information: lagoon Advanced Care&#8221; country=&#8221;Czech Republic&#8221; b=&#8221;laundry&#8221; l=&#8221;cz&#8221; container=&#8221;elxcontactus1466432885&#8243;][\/vc_column][\/vc_row][vc_row][vc_column][vc_empty_space][elx_heading text_color=&#8221;inherit&#8221;]Doporu\u010dov\u00e1no odborn\u00edky[\/elx_heading][vc_empty_space][vc_row_inner][vc_column_inner width=&#8221;1\/2&#8243;][vc_column_text]\u017d\u00e1dn\u00e9 opot\u0159eben\u00ed textilu, ztr\u00e1ta barvy nebo permanentn\u00ed zm\u011bna rozm\u011br\u016f po n\u011bkolika \u010dist\u00edc\u00edch cyklech \u2013 certifikov\u00e1no institutem Hohenstein.[\/vc_column_text][\/vc_column_inner][vc_column_inner width=&#8221;1\/2&#8243; css=&#8221;.vc_custom_1484731309853{margin-top: 0px !important;border-top-width: 0px !important;padding-top: 0px !important;}&#8221;][vc_single_image image=&#8221;3494&#8243; img_size=&#8221;full&#8221;][\/vc_column_inner][\/vc_row_inner][vc_row_inner][vc_column_inner width=&#8221;1\/2&#8243;][vc_empty_space][vc_column_text]lagoon\u00ae je doporu\u010dov\u00e1n spole\u010dnost\u00ed The Woolmark Company jako vhodn\u00fd pro mokr\u00e9 \u010di\u0161t\u011bn\u00ed i t\u00e9 nejjemn\u011bj\u0161\u00ed vlny ur\u010den\u00e9 pouze pro chemick\u00e9 \u010di\u0161t\u011bn\u00ed.[\/vc_column_text][\/vc_column_inner][vc_column_inner width=&#8221;1\/2&#8243;][vc_single_image image=&#8221;3495&#8243; img_size=&#8221;full&#8221;][\/vc_column_inner][\/vc_row_inner][\/vc_column][\/vc_row][vc_row][vc_column][vc_empty_space height=&#8221;50px&#8221;][elx_heading font_size=&#8221;h2&#8243; text_color=&#8221;inherit&#8221;]Flexibiln\u00ed a modul\u00e1rn\u00ed \u0159e\u0161en\u00ed, kter\u00e9 lze p\u0159izp\u016fsobit Va\u0161im pot\u0159eb\u00e1m[\/elx_heading][vc_row_inner][vc_column_inner width=&#8221;1\/2&#8243;][elx_heading font_container=&#8221;h3&#8243; font_size=&#8221;h2&#8243; text_color=&#8221;inherit&#8221; text_align=&#8221;text-left&#8221;]<strong>Z\u00e1kladn\u00ed sada:<\/strong>[\/elx_heading][elx_heading font_container=&#8221;h4&#8243; font_size=&#8221;h4&#8243; text_color=&#8221;inherit&#8221; text_align=&#8221;text-left&#8221;]70 men\u0161\u00edch polo\u017eek\/den[\/elx_heading][vc_column_text]Vstupte do prost\u0159ed\u00ed mokr\u00e9ho \u010di\u0161t\u011bn\u00ed s profesion\u00e1ln\u00edm<\/p>\n<p>\u0159e\u0161en\u00edm, kter\u00e9 perfektn\u011b dopl\u0148uje jak\u00e9koliv existuj\u00edc\u00ed<\/p>\n<p>\u00fakony chemick\u00e9ho \u010di\u0161t\u011bn\u00ed. Nejlep\u0161\u00ed v\u00fdkon ve sv\u00e9 t\u0159\u00edd\u011b,<\/p>\n<p>zanech\u00e1v\u00e1 malou stopu: to je lagoon\u00ae Advanced Care<\/p>\n<p><strong>Procesn\u00ed kapacita<\/strong><\/p>\n<p>6 a\u017e 8 men\u0161\u00edch polo\u017eek na cyklus.[\/vc_column_text][\/vc_column_inner][vc_column_inner width=&#8221;1\/2&#8243;][elx_heading font_container=&#8221;h3&#8243; font_size=&#8221;h2&#8243; text_color=&#8221;inherit&#8221; text_align=&#8221;text-left&#8221;]<strong>Absolutn\u00ed sada<\/strong>[\/elx_heading][elx_heading font_container=&#8221;h4&#8243; font_size=&#8221;h4&#8243; text_color=&#8221;inherit&#8221; text_align=&#8221;text-left&#8221;]250 men\u0161\u00edch polo\u017eek\/den[\/elx_heading][vc_column_text]Ide\u00e1ln\u00ed \u0159e\u0161en\u00ed m\u00edsto 15 kg chemick\u00e9ho \u010di\u0161t\u011bn\u00ed<\/p>\n<p>a u\u017eijte si naprostou flexibilitu s mo\u017enost\u00ed<\/p>\n<p>nav\u00fd\u0161en\u00ed kapacity. Jeliko\u017e absolutn\u00ed sada obsahuje<\/p>\n<p>z\u00e1kladn\u00ed sadu, m\u016f\u017eete tak\u00e9 nab\u00eddnout expresn\u00ed<\/p>\n<p>slu\u017ebu. Velk\u00e9 p\u0159ikr\u00fdvky lze \u010distit intern\u011b<\/p>\n<p>pomoc\u00ed absolutn\u00ed sady.<\/p>\n<p><strong>Procesn\u00ed kapacita<\/strong><\/p>\n<p>6 a\u017e 8 men\u0161\u00edch polo\u017eek + 18 a\u017e 27 polo\u017eek na cyklus.[\/vc_column_text][\/vc_column_inner][\/vc_row_inner][\/vc_column][\/vc_row][vc_row][vc_column][elx_heading font_size=&#8221;h2&#8243; text_color=&#8221;inherit&#8221; text_align=&#8221;text-center&#8221;]Spot\u0159ebn\u00ed materi\u00e1l[\/elx_heading][\/vc_column][\/vc_row][vc_row][vc_column width=&#8221;1\/4&#8243;][vc_single_image image=&#8221;3496&#8243; img_size=&#8221;full&#8221;][\/vc_column][vc_column width=&#8221;3\/4&#8243;][vc_column_text]Syst\u00e9m lagoon\u00ae Advanced Care: \u0161etrn\u00e9 k textilu, \u0161etrn\u00e9 k \u017eivotn\u00edmu prost\u0159ed\u00ed a skute\u010dn\u00fd p\u0159elom v podnik\u00e1n\u00ed.\u00a0 Jako\u017eto \u010dist\u00edc\u00ed technika zalo\u017een\u00e1 na vod\u011b operuje s jednoduchost\u00ed \u010dist\u00edc\u00edch proces\u016f zalo\u017een\u00fdch na rozpou\u0161t\u011bdlech, ale ekologi\u010dt\u011bj\u0161\u00edm zp\u016fsobem.[\/vc_column_text][elx_heading font_container=&#8221;h3&#8243; font_size=&#8221;h4&#8243; text_color=&#8221;inherit&#8221;]\u010cistic\u00ed prost\u0159edky[\/elx_heading][vc_column_text css=&#8221;.vc_custom_1506417192901{margin-bottom: 0px !important;border-bottom-width: 0px !important;padding-bottom: 0px !important;}&#8221;]Kompletn\u00ed \u0159ada sofistikovan\u00fdch prac\u00edch prost\u0159edk\u016f pro v\u00fdsledky \u010di\u0161t\u011bn\u00ed, kter\u00e9 nemaj\u00ed obdoby.[\/vc_column_text][elx_heading font_container=&#8221;h3&#8243; font_size=&#8221;h4&#8243; text_color=&#8221;inherit&#8221; css=&#8221;.vc_custom_1506417199333{margin-top: 0px !important;border-top-width: 0px !important;padding-top: 0px !important;}&#8221;]P\u0159ed\u010di\u0161t\u011bn\u00ed a p\u0159ed-odstran\u011bn\u00ed[\/elx_heading][vc_column_text css=&#8221;.vc_custom_1506417207189{margin-bottom: 5px !important;border-bottom-width: 5px !important;padding-bottom: 5px !important;}&#8221;]Kompletn\u00ed nab\u00eddka p\u0159\u00edpravk\u016f pro p\u0159ed\u010di\u0161t\u011bn\u00ed a p\u0159ed-odstran\u011bn\u00ed pro perfektn\u011b \u010dist\u00e9 v\u00fdsledky.[\/vc_column_text][elx_button button_text=&#8221;P\u0159\u00edslu\u0161enstv\u00ed &amp; spot\u0159ebn\u00ed zbo\u017e\u00ed pro pran\u00ed&#8221; button_style=&#8221;icon&#8221; css=&#8221;.vc_custom_1506417240108{margin-top: 0px !important;border-top-width: 0px !important;padding-top: 0px !important;}&#8221; button_link=&#8221;url:https%3A%2F%2Fprofessional.electrolux.cz%2Faccessories-consumables%2Flaundry%2F|title:Accessories%20and%20consumables%20for%20laundry%20solutions||&#8221;][\/vc_column][\/vc_row][vc_row][vc_column][vc_empty_space][\/vc_column][\/vc_row][vc_row][vc_column][vc_empty_space][elx_heading text_color=&#8221;inherit&#8221;]Kontaktuje na\u0161e odborn\u00edky<br \/>\n[\/elx_heading][elx_o2000_contact_us r=&#8221;Cht\u011bl(a) bych kontaktovat V\u00e1\u0161 t\u00fdm odborn\u00edku a spole\u010dn\u011b nal\u00e9zt \u0159e\u0161en\u00ed pro moji pr\u00e1delnu.&#8221; s=&#8221;Request for information: lagoon\u00ae Advanced Care&#8221; country=&#8221;Czech Republic&#8221; b=&#8221;laundry&#8221; l=&#8221;cz&#8221; container=&#8221;elxcontactus1466431453&#8243;][\/vc_column][\/vc_row]<\/p>\n","protected":false},"excerpt":{"rendered":"<p>[vc_row full_width=&#8221;electroluxpro-full-width-no-padding&#8221;][vc_column][elx_hero_title label=&#8221;&#8221; label_background_color=&#8221;inherit&#8221; video_link=&#8221;https:\/\/www.youtube.com\/watch?v=Bmra-TGZPng&#8221; background_image=&#8221;628&#8243;][elx_heading font_container=&#8221;h1&#8243; text_color=&#8221;inherit&#8221;]Kompletn\u00ed \u010dist\u00edc\u00ed slu\u017eba za 55 minut[\/elx_heading][\/elx_hero_title][\/vc_column][\/vc_row][vc_row][vc_column][vc_empty_space][elx_heading font_size=&#8221;h2&#8243; text_color=&#8221;inherit&#8221; text_align=&#8221;text-center&#8221;]lagoon\u00ae Advanced Care Rychl\u00e9, snadn\u00e9 a ekologick\u00e9. [\/elx_heading][vc_empty_space][\/vc_column][\/vc_row][vc_row full_width=&#8221;electroluxpro-container-no-padding&#8221; disable_element=&#8221;yes&#8221;][vc_column width=&#8221;1\/3&#8243;][vc_single_image image=&#8221;3493&#8243; img_size=&#8221;390&#215;314&#8243; onclick=&#8221;custom_link&#8221; link=&#8221;https:\/\/www.electroluxprofessional.com\/cz\/commercial-laundry-equipment\/lagoon-advanced-care\/the-power-of-water\/&#8221;][\/vc_column][vc_column width=&#8221;2\/3&#8243;][elx_simple_block text_align=&#8221;text-center&#8221; text_color=&#8221;white&#8221; background_color=&#8221;electrolux-blue&#8221;][vc_column_text] The Power of Water A clean start for the textile care industry Your customers habits are changing! [\/vc_column_text][elx_button button_text=&#8221;Sign up for [&hellip;]<\/p>\n","protected":false},"author":7,"featured_media":629,"parent":0,"menu_order":0,"comment_status":"closed","ping_status":"closed","template":"","meta":{"footnotes":""},"class_list":["post-3497","page","type-page","status-publish","has-post-thumbnail","hentry"],"acf":[],"yoast_head":"<!-- This site is optimized with the Yoast SEO plugin v23.3 - https:\/\/yoast.com\/wordpress\/plugins\/seo\/ -->\n<title>Wet cleaning for delicate clothes - Electrolux Professional<\/title>\n<meta name=\"description\" content=\"Wet cleaning by lagoon Advanced Care for professional textile care and delicate clothes is the right solution for laundry shops.\" \/>\n<meta name=\"robots\" content=\"index, follow, max-snippet:-1, max-image-preview:large, max-video-preview:-1\" \/>\n<link rel=\"canonical\" href=\"https:\/\/www.electroluxprofessional.com\/cz\/lagoon-advanced-care\/\" \/>\n<meta property=\"og:locale\" content=\"cs_CZ\" \/>\n<meta property=\"og:type\" content=\"article\" \/>\n<meta property=\"og:title\" content=\"Wet cleaning for delicate clothes - Electrolux Professional\" \/>\n<meta property=\"og:description\" content=\"Wet cleaning by lagoon Advanced Care for professional textile care and delicate clothes is the right solution for laundry shops.\" \/>\n<meta property=\"og:url\" content=\"https:\/\/www.electroluxprofessional.com\/cz\/lagoon-advanced-care\/\" \/>\n<meta property=\"og:site_name\" content=\"Electrolux Professional \u010cesk\u00e1 republika\" \/>\n<meta property=\"article:publisher\" content=\"https:\/\/www.facebook.com\/electroluxprofessional\" \/>\n<meta property=\"article:modified_time\" content=\"2022-03-31T18:45:47+00:00\" \/>\n<meta property=\"og:image\" content=\"https:\/\/www.electroluxprofessional.com\/cz\/wp-content\/uploads\/2016\/05\/lagoon-delicate-clothes.jpg\" \/>\n\t<meta property=\"og:image:width\" content=\"600\" \/>\n\t<meta property=\"og:image:height\" content=\"848\" \/>\n\t<meta property=\"og:image:type\" content=\"image\/jpeg\" \/>\n<meta name=\"twitter:card\" content=\"summary_large_image\" \/>\n<meta name=\"twitter:site\" content=\"@ElectroluxPro\" \/>\n<meta name=\"twitter:label1\" content=\"Odhadovan\u00e1 doba \u010dten\u00ed\" \/>\n\t<meta name=\"twitter:data1\" content=\"4 minuty\" \/>\n<script type=\"application\/ld+json\" class=\"yoast-schema-graph\">{\"@context\":\"https:\/\/schema.org\",\"@graph\":[{\"@type\":\"WebPage\",\"@id\":\"https:\/\/www.electroluxprofessional.com\/cz\/lagoon-advanced-care\/\",\"url\":\"https:\/\/www.electroluxprofessional.com\/cz\/lagoon-advanced-care\/\",\"name\":\"Wet cleaning for delicate clothes - Electrolux Professional\",\"isPartOf\":{\"@id\":\"https:\/\/www.electroluxprofessional.com\/cz\/#website\"},\"primaryImageOfPage\":{\"@id\":\"https:\/\/www.electroluxprofessional.com\/cz\/lagoon-advanced-care\/#primaryimage\"},\"image\":{\"@id\":\"https:\/\/www.electroluxprofessional.com\/cz\/lagoon-advanced-care\/#primaryimage\"},\"thumbnailUrl\":\"https:\/\/www.electroluxprofessional.com\/cz\/wp-content\/uploads\/2016\/05\/lagoon-delicate-clothes.jpg\",\"datePublished\":\"2016-11-30T10:42:25+00:00\",\"dateModified\":\"2022-03-31T18:45:47+00:00\",\"description\":\"Wet cleaning by lagoon Advanced Care for professional textile care and delicate clothes is the right solution for laundry shops.\",\"breadcrumb\":{\"@id\":\"https:\/\/www.electroluxprofessional.com\/cz\/lagoon-advanced-care\/#breadcrumb\"},\"inLanguage\":\"cs\",\"potentialAction\":[{\"@type\":\"ReadAction\",\"target\":[\"https:\/\/www.electroluxprofessional.com\/cz\/lagoon-advanced-care\/\"]}]},{\"@type\":\"ImageObject\",\"inLanguage\":\"cs\",\"@id\":\"https:\/\/www.electroluxprofessional.com\/cz\/lagoon-advanced-care\/#primaryimage\",\"url\":\"https:\/\/www.electroluxprofessional.com\/cz\/wp-content\/uploads\/2016\/05\/lagoon-delicate-clothes.jpg\",\"contentUrl\":\"https:\/\/www.electroluxprofessional.com\/cz\/wp-content\/uploads\/2016\/05\/lagoon-delicate-clothes.jpg\",\"width\":600,\"height\":848,\"caption\":\"lagoon advanced care delicate clothes\"},{\"@type\":\"BreadcrumbList\",\"@id\":\"https:\/\/www.electroluxprofessional.com\/cz\/lagoon-advanced-care\/#breadcrumb\",\"itemListElement\":[{\"@type\":\"ListItem\",\"position\":1,\"name\":\"Home\",\"item\":\"https:\/\/www.electroluxprofessional.com\/cz\/\"},{\"@type\":\"ListItem\",\"position\":2,\"name\":\"lagoon\u00ae Advanced Care\"}]},{\"@type\":\"WebSite\",\"@id\":\"https:\/\/www.electroluxprofessional.com\/cz\/#website\",\"url\":\"https:\/\/www.electroluxprofessional.com\/cz\/\",\"name\":\"Electrolux Professional \u010cesk\u00e1 republika\",\"description\":\"\",\"potentialAction\":[{\"@type\":\"SearchAction\",\"target\":{\"@type\":\"EntryPoint\",\"urlTemplate\":\"https:\/\/www.electroluxprofessional.com\/cz\/?src={search_term_string}\"},\"query-input\":\"required name=search_term_string\"}],\"inLanguage\":\"cs\"}]}<\/script>\n<!-- \/ Yoast SEO plugin. -->","yoast_head_json":{"title":"Wet cleaning for delicate clothes - Electrolux Professional","description":"Wet cleaning by lagoon Advanced Care for professional textile care and delicate clothes is the right solution for laundry shops.","robots":{"index":"index","follow":"follow","max-snippet":"max-snippet:-1","max-image-preview":"max-image-preview:large","max-video-preview":"max-video-preview:-1"},"canonical":"https:\/\/www.electroluxprofessional.com\/cz\/lagoon-advanced-care\/","og_locale":"cs_CZ","og_type":"article","og_title":"Wet cleaning for delicate clothes - Electrolux Professional","og_description":"Wet cleaning by lagoon Advanced Care for professional textile care and delicate clothes is the right solution for laundry shops.","og_url":"https:\/\/www.electroluxprofessional.com\/cz\/lagoon-advanced-care\/","og_site_name":"Electrolux Professional \u010cesk\u00e1 republika","article_publisher":"https:\/\/www.facebook.com\/electroluxprofessional","article_modified_time":"2022-03-31T18:45:47+00:00","og_image":[{"width":600,"height":848,"url":"https:\/\/www.electroluxprofessional.com\/cz\/wp-content\/uploads\/2016\/05\/lagoon-delicate-clothes.jpg","type":"image\/jpeg"}],"twitter_card":"summary_large_image","twitter_site":"@ElectroluxPro","twitter_misc":{"Odhadovan\u00e1 doba \u010dten\u00ed":"4 minuty"},"schema":{"@context":"https:\/\/schema.org","@graph":[{"@type":"WebPage","@id":"https:\/\/www.electroluxprofessional.com\/cz\/lagoon-advanced-care\/","url":"https:\/\/www.electroluxprofessional.com\/cz\/lagoon-advanced-care\/","name":"Wet cleaning for delicate clothes - Electrolux Professional","isPartOf":{"@id":"https:\/\/www.electroluxprofessional.com\/cz\/#website"},"primaryImageOfPage":{"@id":"https:\/\/www.electroluxprofessional.com\/cz\/lagoon-advanced-care\/#primaryimage"},"image":{"@id":"https:\/\/www.electroluxprofessional.com\/cz\/lagoon-advanced-care\/#primaryimage"},"thumbnailUrl":"https:\/\/www.electroluxprofessional.com\/cz\/wp-content\/uploads\/2016\/05\/lagoon-delicate-clothes.jpg","datePublished":"2016-11-30T10:42:25+00:00","dateModified":"2022-03-31T18:45:47+00:00","description":"Wet cleaning by lagoon Advanced Care for professional textile care and delicate clothes is the right solution for laundry shops.","breadcrumb":{"@id":"https:\/\/www.electroluxprofessional.com\/cz\/lagoon-advanced-care\/#breadcrumb"},"inLanguage":"cs","potentialAction":[{"@type":"ReadAction","target":["https:\/\/www.electroluxprofessional.com\/cz\/lagoon-advanced-care\/"]}]},{"@type":"ImageObject","inLanguage":"cs","@id":"https:\/\/www.electroluxprofessional.com\/cz\/lagoon-advanced-care\/#primaryimage","url":"https:\/\/www.electroluxprofessional.com\/cz\/wp-content\/uploads\/2016\/05\/lagoon-delicate-clothes.jpg","contentUrl":"https:\/\/www.electroluxprofessional.com\/cz\/wp-content\/uploads\/2016\/05\/lagoon-delicate-clothes.jpg","width":600,"height":848,"caption":"lagoon advanced care delicate clothes"},{"@type":"BreadcrumbList","@id":"https:\/\/www.electroluxprofessional.com\/cz\/lagoon-advanced-care\/#breadcrumb","itemListElement":[{"@type":"ListItem","position":1,"name":"Home","item":"https:\/\/www.electroluxprofessional.com\/cz\/"},{"@type":"ListItem","position":2,"name":"lagoon\u00ae Advanced Care"}]},{"@type":"WebSite","@id":"https:\/\/www.electroluxprofessional.com\/cz\/#website","url":"https:\/\/www.electroluxprofessional.com\/cz\/","name":"Electrolux Professional \u010cesk\u00e1 republika","description":"","potentialAction":[{"@type":"SearchAction","target":{"@type":"EntryPoint","urlTemplate":"https:\/\/www.electroluxprofessional.com\/cz\/?src={search_term_string}"},"query-input":"required name=search_term_string"}],"inLanguage":"cs"}]}},"_links":{"self":[{"href":"https:\/\/www.electroluxprofessional.com\/cz\/wp-json\/wp\/v2\/pages\/3497"}],"collection":[{"href":"https:\/\/www.electroluxprofessional.com\/cz\/wp-json\/wp\/v2\/pages"}],"about":[{"href":"https:\/\/www.electroluxprofessional.com\/cz\/wp-json\/wp\/v2\/types\/page"}],"author":[{"embeddable":true,"href":"https:\/\/www.electroluxprofessional.com\/cz\/wp-json\/wp\/v2\/users\/7"}],"replies":[{"embeddable":true,"href":"https:\/\/www.electroluxprofessional.com\/cz\/wp-json\/wp\/v2\/comments?post=3497"}],"version-history":[{"count":3,"href":"https:\/\/www.electroluxprofessional.com\/cz\/wp-json\/wp\/v2\/pages\/3497\/revisions"}],"predecessor-version":[{"id":9515,"href":"https:\/\/www.electroluxprofessional.com\/cz\/wp-json\/wp\/v2\/pages\/3497\/revisions\/9515"}],"wp:featuredmedia":[{"embeddable":true,"href":"https:\/\/www.electroluxprofessional.com\/cz\/wp-json\/wp\/v2\/media\/629"}],"wp:attachment":[{"href":"https:\/\/www.electroluxprofessional.com\/cz\/wp-json\/wp\/v2\/media?parent=3497"}],"curies":[{"name":"wp","href":"https:\/\/api.w.org\/{rel}","templated":true}]}}