{"id":3481,"date":"2016-11-09T15:02:29","date_gmt":"2016-11-09T15:02:29","guid":{"rendered":"https:\/\/www.electroluxprofessional.com\/?page_id=4693"},"modified":"2021-04-29T07:43:35","modified_gmt":"2021-04-29T07:43:35","slug":"ironing-lane","status":"publish","type":"page","link":"https:\/\/www.electroluxprofessional.com\/cz\/ironing-lane\/","title":{"rendered":"\u017dehlic\u00ed lis"},"content":{"rendered":"<p>[vc_row full_width=&#8221;electroluxpro-full-width-no-padding&#8221;][vc_column][elx_hero_slider label_text_color=&#8221;inherit&#8221; images=&#8221;887&#8243;][elx_heading font_container=&#8221;h1&#8243; font_size=&#8221;h2&#8243; text_color=&#8221;inherit&#8221;]\u017dehlic\u00ed lis[\/elx_heading][vc_column_text]<\/p>\n<h3>\u017dehlen\u00ed pr\u00e1dla velmi produktivn\u011b a kvalitn\u011b<\/h3>\n<p>[\/vc_column_text][\/elx_hero_slider][\/vc_column][\/vc_row][vc_row][vc_column width=&#8221;1\/2&#8243;][elx_image_block background_image=&#8221;3478&#8243; vert_back_position=&#8221;top&#8221; minimum_height=&#8221;620px&#8221;][\/vc_column][vc_column width=&#8221;1\/2&#8243;][vc_empty_space][elx_heading text_color=&#8221;inherit&#8221;]Vyu\u017eijte v\u00fdhody plynouc\u00ed z \u017eehlic\u00edho lisu od Electroluxu Professional.[\/elx_heading][vc_empty_space height=&#8221;20px&#8221;][vc_column_text]\u0158ada \u017eehlic\u00edch lis\u016f C-Flex nab\u00edz\u00ed nejlep\u0161\u00ed za\u0159\u00edzen\u00ed na vy\u017eehlen\u00ed pr\u00e1dla s vysokou produktivitou a kvalitou.<\/p>\n<p>Podava\u010de a skl\u00e1da\u010de jsou ur\u010deny k propojen\u00ed s mandlem C-Flex pro snadnou obsluhu.<\/p>\n<ul>\n<li>Skl\u00e1da\u010d s mnohostrann\u00fdm p\u0159\u00ed\u010dn\u00fdm skl\u00e1d\u00e1n\u00edm a ukl\u00e1dac\u00edmi mo\u017enostmi.<\/li>\n<li>Vakuov\u00fd pod\u00e1vac\u00ed st\u016fl pro men\u0161\u00ed a st\u0159edn\u00ed \u017eehlen\u00ed.<\/li>\n<li>Jednopolohov\u00fd podava\u010d zvl\u00e1dne a\u017e 500 kus\u016f za hodinu.<\/li>\n<li>Skl\u00e1d\u00e1 se t\u0159emi z\u00e1hyby na d\u00e9lku a jedn\u00edm p\u0159\u00ed\u010dn\u011b, hromady se vrac\u00ed oper\u00e1torovi.<\/li>\n<li>2 z\u00e1hyby na d\u00e9lku tvo\u0159\u00edc\u00ed francouzsk\u00fd z\u00e1hyb a 2 p\u0159\u00ed\u010dn\u00e9 z\u00e1hyby. 3 voz\u00edky standardn\u00ed konstrukce s automatick\u00fdm t\u0159\u00edd\u011bn\u00edm podle velikosti.<\/li>\n<\/ul>\n<p>[\/vc_column_text][vc_empty_space height=&#8221;50px&#8221;][\/vc_column][\/vc_row][vc_row][vc_column width=&#8221;1\/3&#8243;][elx_video_block background_image=&#8221;886&#8243; video_link=&#8221;https:\/\/www.youtube.com\/watch?v=Mr_9WkGxes4&#8243; minimum_height=&#8221;260px&#8221;][vc_column_text]<\/p>\n<div id=\"watch7-headline\" class=\"clearfix\">\n<div id=\"watch-headline-title\">\n<p><strong>\u017dehlic\u00ed lis C-Flex<\/strong><\/p>\n<p class=\"watch-title-container\"><span id=\"eow-title\" class=\"watch-title\" dir=\"ltr\" title=\"Electrolux C-Flex Ironing Lane\">\u00a0<\/span><\/p>\n<\/div>\n<\/div>\n<p>[\/vc_column_text][\/vc_column][vc_column width=&#8221;1\/3&#8243;][elx_video_block background_image=&#8221;3479&#8243; video_link=&#8221;https:\/\/www.youtube.com\/watch?v=3ZHLtH6LTeI&#8221; minimum_height=&#8221;260px&#8221;][vc_column_text]<\/p>\n<div id=\"watch7-headline\" class=\"clearfix\">\n<div id=\"watch-headline-title\">\n<p><strong>C-Flex IL \u2013 vakuov\u00fd st\u016fl<\/strong><\/p>\n<p class=\"watch-title-container\"><span id=\"eow-title\" class=\"watch-title\" dir=\"ltr\" title=\"C-Flex IL - vacuum table\">\u00a0<\/span><\/p>\n<\/div>\n<\/div>\n<p>[\/vc_column_text][\/vc_column][vc_column width=&#8221;1\/3&#8243;][elx_video_block background_image=&#8221;3480&#8243; video_link=&#8221;https:\/\/www.youtube.com\/watch?v=RmqVtB7Tg0A&#8221; minimum_height=&#8221;260px&#8221;][vc_column_text]<strong>C-Flex IL Flat skl\u00e1da\u010d<\/strong>[\/vc_column_text][\/vc_column][\/vc_row][vc_row][vc_column][elx_heading font_size=&#8221;h2&#8243; text_color=&#8221;inherit&#8221; text_align=&#8221;text-center&#8221;]Zjist\u011bte, jak lze na\u0161e \u017eehlic\u00ed lisy vyu\u017e\u00edt ve Va\u0161em podnik\u00e1n\u00ed[\/elx_heading][elx_o2000_contact_us r=&#8221;Cht\u011bl(a) bych se dozv\u011bd\u011bt v\u00edce o \u017eehl\u00edc\u00edm lisu. Pros\u00edm, kontaktujte m\u011b.&#8221; s=&#8221;Request of information about Ironing Lane.&#8221; country=&#8221;Czech Republic&#8221; l=&#8221;cz&#8221; b=&#8221;laundry&#8221; container=&#8221;elxcontactus1478703628&#8243;][vc_empty_space height=&#8221;50px&#8221;][\/vc_column][\/vc_row][vc_row disable_element=&#8221;yes&#8221;][vc_column][elx_heading font_size=&#8221;h3&#8243; text_color=&#8221;inherit&#8221; text_align=&#8221;text-center&#8221;]Find your complete solution[\/elx_heading][\/vc_column][\/vc_row][vc_row disable_element=&#8221;yes&#8221;][vc_column width=&#8221;1\/3&#8243;][elx_maylike_box id_box=&#8221;3416&#8243;][\/vc_column][vc_column width=&#8221;1\/3&#8243;][elx_maylike_box id_box=&#8221;2464&#8243;][\/vc_column][vc_column width=&#8221;1\/3&#8243;][elx_maylike_box id_box=&#8221;3450&#8243;][\/vc_column][\/vc_row][vc_row][vc_column][vc_empty_space height=&#8221;50px&#8221;][\/vc_column][\/vc_row]<\/p>\n","protected":false},"excerpt":{"rendered":"<p>[vc_row full_width=&#8221;electroluxpro-full-width-no-padding&#8221;][vc_column][elx_hero_slider label_text_color=&#8221;inherit&#8221; images=&#8221;887&#8243;][elx_heading font_container=&#8221;h1&#8243; font_size=&#8221;h2&#8243; text_color=&#8221;inherit&#8221;]\u017dehlic\u00ed lis[\/elx_heading][vc_column_text] \u017dehlen\u00ed pr\u00e1dla velmi produktivn\u011b a kvalitn\u011b [\/vc_column_text][\/elx_hero_slider][\/vc_column][\/vc_row][vc_row][vc_column width=&#8221;1\/2&#8243;][elx_image_block background_image=&#8221;3478&#8243; vert_back_position=&#8221;top&#8221; minimum_height=&#8221;620px&#8221;][\/vc_column][vc_column width=&#8221;1\/2&#8243;][vc_empty_space][elx_heading text_color=&#8221;inherit&#8221;]Vyu\u017eijte v\u00fdhody plynouc\u00ed z \u017eehlic\u00edho lisu od Electroluxu Professional.[\/elx_heading][vc_empty_space height=&#8221;20px&#8221;][vc_column_text]\u0158ada \u017eehlic\u00edch lis\u016f C-Flex nab\u00edz\u00ed nejlep\u0161\u00ed za\u0159\u00edzen\u00ed na vy\u017eehlen\u00ed pr\u00e1dla s vysokou produktivitou a kvalitou. Podava\u010de a skl\u00e1da\u010de jsou ur\u010deny k propojen\u00ed s mandlem C-Flex pro [&hellip;]<\/p>\n","protected":false},"author":7,"featured_media":926,"parent":0,"menu_order":0,"comment_status":"closed","ping_status":"closed","template":"","meta":{"footnotes":""},"class_list":["post-3481","page","type-page","status-publish","has-post-thumbnail","hentry"],"acf":[],"yoast_head":"<!-- This site is optimized with the Yoast SEO plugin v23.3 - https:\/\/yoast.com\/wordpress\/plugins\/seo\/ -->\n<title>\u017dehlic\u00ed lis - Electrolux Professional \u010cesk\u00e1 republika<\/title>\n<meta name=\"description\" content=\"\u0158ada \u017eehlic\u00edch lis\u016f C-Flex nab\u00edz\u00ed nejlep\u0161\u00ed za\u0159\u00edzen\u00ed na vy\u017eehlen\u00ed pr\u00e1dla s vysokou produktivitou a kvalitou. Podava\u010de a skl\u00e1da\u010de jsou ur\u010deny k propojen\u00ed s mandlem C-Flex pro snadnou obsluhu.\" \/>\n<meta name=\"robots\" content=\"index, follow, max-snippet:-1, max-image-preview:large, max-video-preview:-1\" \/>\n<link rel=\"canonical\" href=\"https:\/\/www.electroluxprofessional.com\/cz\/ironing-lane\/\" \/>\n<meta property=\"og:locale\" content=\"cs_CZ\" \/>\n<meta property=\"og:type\" content=\"article\" \/>\n<meta property=\"og:title\" content=\"\u017dehlic\u00ed lis - Electrolux Professional \u010cesk\u00e1 republika\" \/>\n<meta property=\"og:description\" content=\"\u0158ada \u017eehlic\u00edch lis\u016f C-Flex nab\u00edz\u00ed nejlep\u0161\u00ed za\u0159\u00edzen\u00ed na vy\u017eehlen\u00ed pr\u00e1dla s vysokou produktivitou a kvalitou. Podava\u010de a skl\u00e1da\u010de jsou ur\u010deny k propojen\u00ed s mandlem C-Flex pro snadnou obsluhu.\" \/>\n<meta property=\"og:url\" content=\"https:\/\/www.electroluxprofessional.com\/cz\/ironing-lane\/\" \/>\n<meta property=\"og:site_name\" content=\"Electrolux Professional \u010cesk\u00e1 republika\" \/>\n<meta property=\"article:publisher\" content=\"https:\/\/www.facebook.com\/electroluxprofessional\" \/>\n<meta property=\"article:modified_time\" content=\"2021-04-29T07:43:35+00:00\" \/>\n<meta property=\"og:image\" content=\"https:\/\/www.electroluxprofessional.com\/cz\/wp-content\/uploads\/2016\/11\/ironing-lane2-quadro.jpg\" \/>\n\t<meta property=\"og:image:width\" content=\"700\" \/>\n\t<meta property=\"og:image:height\" content=\"700\" \/>\n\t<meta property=\"og:image:type\" content=\"image\/jpeg\" \/>\n<meta name=\"twitter:card\" content=\"summary_large_image\" \/>\n<meta name=\"twitter:site\" content=\"@ElectroluxPro\" \/>\n<meta name=\"twitter:label1\" content=\"Odhadovan\u00e1 doba \u010dten\u00ed\" \/>\n\t<meta name=\"twitter:data1\" content=\"3 minuty\" \/>\n<script type=\"application\/ld+json\" class=\"yoast-schema-graph\">{\"@context\":\"https:\/\/schema.org\",\"@graph\":[{\"@type\":\"WebPage\",\"@id\":\"https:\/\/www.electroluxprofessional.com\/cz\/ironing-lane\/\",\"url\":\"https:\/\/www.electroluxprofessional.com\/cz\/ironing-lane\/\",\"name\":\"\u017dehlic\u00ed lis - Electrolux Professional \u010cesk\u00e1 republika\",\"isPartOf\":{\"@id\":\"https:\/\/www.electroluxprofessional.com\/cz\/#website\"},\"primaryImageOfPage\":{\"@id\":\"https:\/\/www.electroluxprofessional.com\/cz\/ironing-lane\/#primaryimage\"},\"image\":{\"@id\":\"https:\/\/www.electroluxprofessional.com\/cz\/ironing-lane\/#primaryimage\"},\"thumbnailUrl\":\"https:\/\/www.electroluxprofessional.com\/cz\/wp-content\/uploads\/2016\/11\/ironing-lane2-quadro.jpg\",\"datePublished\":\"2016-11-09T15:02:29+00:00\",\"dateModified\":\"2021-04-29T07:43:35+00:00\",\"description\":\"\u0158ada \u017eehlic\u00edch lis\u016f C-Flex nab\u00edz\u00ed nejlep\u0161\u00ed za\u0159\u00edzen\u00ed na vy\u017eehlen\u00ed pr\u00e1dla s vysokou produktivitou a kvalitou. Podava\u010de a skl\u00e1da\u010de jsou ur\u010deny k propojen\u00ed s mandlem C-Flex pro snadnou obsluhu.\",\"breadcrumb\":{\"@id\":\"https:\/\/www.electroluxprofessional.com\/cz\/ironing-lane\/#breadcrumb\"},\"inLanguage\":\"cs\",\"potentialAction\":[{\"@type\":\"ReadAction\",\"target\":[\"https:\/\/www.electroluxprofessional.com\/cz\/ironing-lane\/\"]}]},{\"@type\":\"ImageObject\",\"inLanguage\":\"cs\",\"@id\":\"https:\/\/www.electroluxprofessional.com\/cz\/ironing-lane\/#primaryimage\",\"url\":\"https:\/\/www.electroluxprofessional.com\/cz\/wp-content\/uploads\/2016\/11\/ironing-lane2-quadro.jpg\",\"contentUrl\":\"https:\/\/www.electroluxprofessional.com\/cz\/wp-content\/uploads\/2016\/11\/ironing-lane2-quadro.jpg\",\"width\":700,\"height\":700,\"caption\":\"Ironing lane\"},{\"@type\":\"BreadcrumbList\",\"@id\":\"https:\/\/www.electroluxprofessional.com\/cz\/ironing-lane\/#breadcrumb\",\"itemListElement\":[{\"@type\":\"ListItem\",\"position\":1,\"name\":\"Home\",\"item\":\"https:\/\/www.electroluxprofessional.com\/cz\/\"},{\"@type\":\"ListItem\",\"position\":2,\"name\":\"\u017dehlic\u00ed lis\"}]},{\"@type\":\"WebSite\",\"@id\":\"https:\/\/www.electroluxprofessional.com\/cz\/#website\",\"url\":\"https:\/\/www.electroluxprofessional.com\/cz\/\",\"name\":\"Electrolux Professional \u010cesk\u00e1 republika\",\"description\":\"\",\"potentialAction\":[{\"@type\":\"SearchAction\",\"target\":{\"@type\":\"EntryPoint\",\"urlTemplate\":\"https:\/\/www.electroluxprofessional.com\/cz\/?src={search_term_string}\"},\"query-input\":\"required name=search_term_string\"}],\"inLanguage\":\"cs\"}]}<\/script>\n<!-- \/ Yoast SEO plugin. -->","yoast_head_json":{"title":"\u017dehlic\u00ed lis - Electrolux Professional \u010cesk\u00e1 republika","description":"\u0158ada \u017eehlic\u00edch lis\u016f C-Flex nab\u00edz\u00ed nejlep\u0161\u00ed za\u0159\u00edzen\u00ed na vy\u017eehlen\u00ed pr\u00e1dla s vysokou produktivitou a kvalitou. Podava\u010de a skl\u00e1da\u010de jsou ur\u010deny k propojen\u00ed s mandlem C-Flex pro snadnou obsluhu.","robots":{"index":"index","follow":"follow","max-snippet":"max-snippet:-1","max-image-preview":"max-image-preview:large","max-video-preview":"max-video-preview:-1"},"canonical":"https:\/\/www.electroluxprofessional.com\/cz\/ironing-lane\/","og_locale":"cs_CZ","og_type":"article","og_title":"\u017dehlic\u00ed lis - Electrolux Professional \u010cesk\u00e1 republika","og_description":"\u0158ada \u017eehlic\u00edch lis\u016f C-Flex nab\u00edz\u00ed nejlep\u0161\u00ed za\u0159\u00edzen\u00ed na vy\u017eehlen\u00ed pr\u00e1dla s vysokou produktivitou a kvalitou. Podava\u010de a skl\u00e1da\u010de jsou ur\u010deny k propojen\u00ed s mandlem C-Flex pro snadnou obsluhu.","og_url":"https:\/\/www.electroluxprofessional.com\/cz\/ironing-lane\/","og_site_name":"Electrolux Professional \u010cesk\u00e1 republika","article_publisher":"https:\/\/www.facebook.com\/electroluxprofessional","article_modified_time":"2021-04-29T07:43:35+00:00","og_image":[{"width":700,"height":700,"url":"https:\/\/www.electroluxprofessional.com\/cz\/wp-content\/uploads\/2016\/11\/ironing-lane2-quadro.jpg","type":"image\/jpeg"}],"twitter_card":"summary_large_image","twitter_site":"@ElectroluxPro","twitter_misc":{"Odhadovan\u00e1 doba \u010dten\u00ed":"3 minuty"},"schema":{"@context":"https:\/\/schema.org","@graph":[{"@type":"WebPage","@id":"https:\/\/www.electroluxprofessional.com\/cz\/ironing-lane\/","url":"https:\/\/www.electroluxprofessional.com\/cz\/ironing-lane\/","name":"\u017dehlic\u00ed lis - Electrolux Professional \u010cesk\u00e1 republika","isPartOf":{"@id":"https:\/\/www.electroluxprofessional.com\/cz\/#website"},"primaryImageOfPage":{"@id":"https:\/\/www.electroluxprofessional.com\/cz\/ironing-lane\/#primaryimage"},"image":{"@id":"https:\/\/www.electroluxprofessional.com\/cz\/ironing-lane\/#primaryimage"},"thumbnailUrl":"https:\/\/www.electroluxprofessional.com\/cz\/wp-content\/uploads\/2016\/11\/ironing-lane2-quadro.jpg","datePublished":"2016-11-09T15:02:29+00:00","dateModified":"2021-04-29T07:43:35+00:00","description":"\u0158ada \u017eehlic\u00edch lis\u016f C-Flex nab\u00edz\u00ed nejlep\u0161\u00ed za\u0159\u00edzen\u00ed na vy\u017eehlen\u00ed pr\u00e1dla s vysokou produktivitou a kvalitou. Podava\u010de a skl\u00e1da\u010de jsou ur\u010deny k propojen\u00ed s mandlem C-Flex pro snadnou obsluhu.","breadcrumb":{"@id":"https:\/\/www.electroluxprofessional.com\/cz\/ironing-lane\/#breadcrumb"},"inLanguage":"cs","potentialAction":[{"@type":"ReadAction","target":["https:\/\/www.electroluxprofessional.com\/cz\/ironing-lane\/"]}]},{"@type":"ImageObject","inLanguage":"cs","@id":"https:\/\/www.electroluxprofessional.com\/cz\/ironing-lane\/#primaryimage","url":"https:\/\/www.electroluxprofessional.com\/cz\/wp-content\/uploads\/2016\/11\/ironing-lane2-quadro.jpg","contentUrl":"https:\/\/www.electroluxprofessional.com\/cz\/wp-content\/uploads\/2016\/11\/ironing-lane2-quadro.jpg","width":700,"height":700,"caption":"Ironing lane"},{"@type":"BreadcrumbList","@id":"https:\/\/www.electroluxprofessional.com\/cz\/ironing-lane\/#breadcrumb","itemListElement":[{"@type":"ListItem","position":1,"name":"Home","item":"https:\/\/www.electroluxprofessional.com\/cz\/"},{"@type":"ListItem","position":2,"name":"\u017dehlic\u00ed lis"}]},{"@type":"WebSite","@id":"https:\/\/www.electroluxprofessional.com\/cz\/#website","url":"https:\/\/www.electroluxprofessional.com\/cz\/","name":"Electrolux Professional \u010cesk\u00e1 republika","description":"","potentialAction":[{"@type":"SearchAction","target":{"@type":"EntryPoint","urlTemplate":"https:\/\/www.electroluxprofessional.com\/cz\/?src={search_term_string}"},"query-input":"required name=search_term_string"}],"inLanguage":"cs"}]}},"_links":{"self":[{"href":"https:\/\/www.electroluxprofessional.com\/cz\/wp-json\/wp\/v2\/pages\/3481"}],"collection":[{"href":"https:\/\/www.electroluxprofessional.com\/cz\/wp-json\/wp\/v2\/pages"}],"about":[{"href":"https:\/\/www.electroluxprofessional.com\/cz\/wp-json\/wp\/v2\/types\/page"}],"author":[{"embeddable":true,"href":"https:\/\/www.electroluxprofessional.com\/cz\/wp-json\/wp\/v2\/users\/7"}],"replies":[{"embeddable":true,"href":"https:\/\/www.electroluxprofessional.com\/cz\/wp-json\/wp\/v2\/comments?post=3481"}],"version-history":[{"count":4,"href":"https:\/\/www.electroluxprofessional.com\/cz\/wp-json\/wp\/v2\/pages\/3481\/revisions"}],"predecessor-version":[{"id":7648,"href":"https:\/\/www.electroluxprofessional.com\/cz\/wp-json\/wp\/v2\/pages\/3481\/revisions\/7648"}],"wp:featuredmedia":[{"embeddable":true,"href":"https:\/\/www.electroluxprofessional.com\/cz\/wp-json\/wp\/v2\/media\/926"}],"wp:attachment":[{"href":"https:\/\/www.electroluxprofessional.com\/cz\/wp-json\/wp\/v2\/media?parent=3481"}],"curies":[{"name":"wp","href":"https:\/\/api.w.org\/{rel}","templated":true}]}}