{"id":3455,"date":"2016-09-06T12:05:04","date_gmt":"2016-09-06T12:05:04","guid":{"rendered":"https:\/\/www.electroluxprofessional.com\/?page_id=3055"},"modified":"2025-11-06T11:18:54","modified_gmt":"2025-11-06T11:18:54","slug":"davkovaci-systemy-pradelny","status":"publish","type":"page","link":"https:\/\/www.electroluxprofessional.com\/cz\/davkovaci-systemy-pradelny\/","title":{"rendered":"Efektivn\u00ed d\u00e1vkovac\u00ed syst\u00e9m pro pr\u00e1delny"},"content":{"rendered":"<p>[vc_row full_width=&#8221;electroluxpro-full-width-no-padding&#8221;][vc_column][elx_hero_slider label_text_color=&#8221;inherit&#8221; images=&#8221;815&#8243;][elx_heading font_container=&#8221;h1&#8243; font_size=&#8221;h3&#8243; text_color=&#8221;inherit&#8221;]Efektivn\u00ed d\u00e1vkovac\u00ed syst\u00e9m[\/elx_heading][vc_column_text]<strong>U\u0161et\u0159ete a\u017e 40 % prac\u00edho prost\u0159edku.<\/strong><\/p>\n<p><strong>Lep\u0161\u00ed pro Va\u0161e textilie, lep\u0161\u00ed pro Va\u0161i pen\u011b\u017eenku. <\/strong>[\/vc_column_text][\/elx_hero_slider][\/vc_column][\/vc_row][vc_row][vc_column][vc_empty_space height=&#8221;50px&#8221;][\/vc_column][\/vc_row][vc_row][vc_column width=&#8221;1\/2&#8243;][vc_empty_space][elx_heading font_size=&#8221;h3&#8243; text_color=&#8221;inherit&#8221; css=&#8221;.vc_custom_1506413379495{margin-bottom: 0px !important;border-bottom-width: 0px !important;padding-bottom: 0px !important;}&#8221;]Podpo\u0159te sv\u00e9 podnik\u00e1n\u00ed pomoc\u00ed v\u00fdrazn\u00fdch \u00faspor[\/elx_heading][vc_empty_space][vc_column_text]Pomoc\u00ed efektivn\u00edho d\u00e1vkovac\u00edho syst\u00e9mu od Electroluxu Professional bude Va\u0161e \u0159e\u0161en\u00ed pro pran\u00ed m\u00e9n\u011b n\u00e1kladn\u00e9 ne\u017e kdykoliv p\u0159edt\u00edm.<\/p>\n<p>M\u00e1te naprostou kontrolu nad procesem pran\u00ed a vysoce kvalitn\u00ed v\u00fdsledek zaru\u010duje konec po\u0161kozen\u00e9ho pr\u00e1dla nebo podr\u00e1\u017ed\u011bn\u00ed k\u016f\u017ee zp\u016fsoben\u00e9 p\u0159em\u00edrou prac\u00edho prost\u0159edku.[\/vc_column_text][\/vc_column][vc_column width=&#8221;1\/2&#8243;][vc_single_image image=&#8221;813&#8243; img_size=&#8221;full&#8221;][\/vc_column][\/vc_row][vc_row][vc_column][vc_empty_space height=&#8221;50px&#8221;][elx_heading font_size=&#8221;h3&#8243; text_color=&#8221;inherit&#8221;]Efektivn\u00ed d\u00e1vkovac\u00ed syst\u00e9m zaru\u010duje nejlep\u0161\u00ed v\u00fdsledky pran\u00ed p\u0159i nejni\u017e\u0161\u00edch n\u00e1kladech na cyklus.[\/elx_heading][\/vc_column][\/vc_row][vc_row content_placement=&#8221;middle&#8221;][vc_column width=&#8221;1\/2&#8243; css=&#8221;.vc_custom_1473755632352{padding-top: 50px !important;}&#8221;][vc_column_text]<strong>Zn\u00e1t p\u0159esnou v\u00e1hu je z\u00e1sadn\u00ed<\/strong><\/p>\n<p>Automatick\u00fd \u00fasporn\u00fd syst\u00e9m rozpozn\u00e1 v\u00e1hu pr\u00e1dla na za\u010d\u00e1tku ka\u017ed\u00e9ho cyklu a p\u0159id\u00e1 spr\u00e1vn\u00e9 mno\u017estv\u00ed vody.<\/p>\n<p><strong>Efektivn\u00ed d\u00e1vkovac\u00ed syst\u00e9m<\/strong><\/p>\n<p>Umo\u017e\u0148uje efektivn\u00ed komunikaci mezi pra\u010dkou a d\u00e1vkova\u010dem prac\u00edho prost\u0159edku a v\u00fdpo\u010det p\u0159esn\u00e9ho mno\u017estv\u00ed prac\u00edho prost\u0159edku v z\u00e1vislosti na hmotnosti pr\u00e1dla a zvolen\u00e9m prac\u00edm programu.<\/p>\n<p><strong>Statistiky a kontrola n\u00e1klad\u016f<\/strong><\/p>\n<p>Syst\u00e9m V\u00e1m tak\u00e9 umo\u017e\u0148uje p\u0159\u00edstup ke statistik\u00e1m, kter\u00e9 v\u00e1m p\u0159es USB p\u0159ipojen\u00ed umo\u017e\u0148uj\u00ed m\u00edt n\u00e1klady pod kontrolou.[\/vc_column_text][\/vc_column][vc_column width=&#8221;1\/2&#8243; css=&#8221;.vc_custom_1473758266855{padding-top: 50px !important;}&#8221;][vc_single_image image=&#8221;814&#8243; img_size=&#8221;full&#8221;][\/vc_column][\/vc_row][vc_row][vc_column][vc_empty_space height=&#8221;50px&#8221;][\/vc_column][\/vc_row][vc_row][vc_column width=&#8221;1\/3&#8243;][elx_download_block text=&#8221;Let\u00e1k s d\u00e1vkovac\u00edm syst\u00e9mem&#8221; link=&#8221;files.professional.electrolux.com\/docs\/?n=CLF-9JE00056&amp;b=5&amp;l=1&#8243; reveal_effect=&#8221;&#8221; reveal_duration=&#8221;&#8221; reveal_delay=&#8221;&#8221;][\/vc_column][vc_column width=&#8221;1\/3&#8243;][elx_download_block text=&#8221;List s \u00fadaji o v\u00fdrobku&#8221; link=&#8221;http:\/\/tools.professional.electrolux.com\/Mirror\/Doc\/ELS\/PDS\/PS_438919468EN_EDS%20Efficient%20Dosing%20System_EN.pdf&#8221; reveal_effect=&#8221;&#8221; reveal_duration=&#8221;&#8221; reveal_delay=&#8221;&#8221;][\/vc_column][vc_column width=&#8221;1\/3&#8243;][elx_video_block background_image=&#8221;2234&#8243; video_link=&#8221;https:\/\/www.youtube.com\/watch?v=6-wCdqDR9I8&#8243; minimum_height=&#8221;260px&#8221;][vc_column_text]<\/p>\n<div id=\"watch7-headline\" class=\"clearfix\">\n<div id=\"watch-headline-title\">\n<p>Efektivn\u00ed d\u00e1vkovac\u00ed syst\u00e9m<\/p>\n<p class=\"watch-title-container\"><span id=\"eow-title\" class=\"watch-title\" dir=\"ltr\" title=\"Save up to 40% on detergent costs with Efficient Dosing\">\u00a0<\/span><\/p>\n<\/div>\n<\/div>\n<p>[\/vc_column_text][\/vc_column][\/vc_row][vc_row][vc_column][elx_heading text_color=&#8221;inherit&#8221; text_align=&#8221;text-center&#8221;]Zjist\u011bte, jak lze d\u00e1vkovac\u00ed syst\u00e9m vyu\u017e\u00edt ve Va\u0161em podnik\u00e1n\u00ed[\/elx_heading][elx_o2000_contact_us r=&#8221;Cht\u011bl(a) bych se dozv\u011bd\u011bt v\u00edce o efektivn\u00edm d\u00e1vkovac\u00edm syst\u00e9mu. Pros\u00edm, kontaktujte m\u011b.&#8221; s=&#8221;Request for information: Efficient Dosing System&#8221; country=&#8221;Czech Republic&#8221; l=&#8221;cz&#8221; b=&#8221;laundry&#8221; container=&#8221;elxcontactus1473756279&#8243;][vc_empty_space height=&#8221;50px&#8221;][\/vc_column][\/vc_row][vc_row disable_element=&#8221;yes&#8221;][vc_column][elx_heading font_size=&#8221;h3&#8243; text_color=&#8221;inherit&#8221; text_align=&#8221;text-center&#8221;]Find your complete solution[\/elx_heading][\/vc_column][\/vc_row][vc_row disable_element=&#8221;yes&#8221;][vc_column width=&#8221;1\/3&#8243;][elx_maylike_box id_box=&#8221;2465&#8243;][\/vc_column][vc_column width=&#8221;1\/3&#8243;][elx_maylike_box id_box=&#8221;2464&#8243;][\/vc_column][vc_column width=&#8221;1\/3&#8243;][elx_maylike_box id_box=&#8221;2466&#8243;][\/vc_column][\/vc_row][vc_row][vc_column][vc_empty_space height=&#8221;50px&#8221;][\/vc_column][\/vc_row]<\/p>\n","protected":false},"excerpt":{"rendered":"<p>[vc_row full_width=&#8221;electroluxpro-full-width-no-padding&#8221;][vc_column][elx_hero_slider label_text_color=&#8221;inherit&#8221; images=&#8221;815&#8243;][elx_heading font_container=&#8221;h1&#8243; font_size=&#8221;h3&#8243; text_color=&#8221;inherit&#8221;]Efektivn\u00ed d\u00e1vkovac\u00ed syst\u00e9m[\/elx_heading][vc_column_text]U\u0161et\u0159ete a\u017e 40 % prac\u00edho prost\u0159edku. Lep\u0161\u00ed pro Va\u0161e textilie, lep\u0161\u00ed pro Va\u0161i pen\u011b\u017eenku. [\/vc_column_text][\/elx_hero_slider][\/vc_column][\/vc_row][vc_row][vc_column][vc_empty_space height=&#8221;50px&#8221;][\/vc_column][\/vc_row][vc_row][vc_column width=&#8221;1\/2&#8243;][vc_empty_space][elx_heading font_size=&#8221;h3&#8243; text_color=&#8221;inherit&#8221; css=&#8221;.vc_custom_1506413379495{margin-bottom: 0px !important;border-bottom-width: 0px !important;padding-bottom: 0px !important;}&#8221;]Podpo\u0159te sv\u00e9 podnik\u00e1n\u00ed pomoc\u00ed v\u00fdrazn\u00fdch \u00faspor[\/elx_heading][vc_empty_space][vc_column_text]Pomoc\u00ed efektivn\u00edho d\u00e1vkovac\u00edho syst\u00e9mu od Electroluxu Professional bude Va\u0161e \u0159e\u0161en\u00ed pro pran\u00ed m\u00e9n\u011b n\u00e1kladn\u00e9 ne\u017e kdykoliv p\u0159edt\u00edm. [&hellip;]<\/p>\n","protected":false},"author":7,"featured_media":919,"parent":0,"menu_order":0,"comment_status":"closed","ping_status":"closed","template":"","meta":{"footnotes":""},"class_list":["post-3455","page","type-page","status-publish","has-post-thumbnail","hentry"],"acf":[],"yoast_head":"<!-- This site is optimized with the Yoast SEO plugin v23.3 - https:\/\/yoast.com\/wordpress\/plugins\/seo\/ -->\n<title>Efektivn\u00ed d\u00e1vkovac\u00ed syst\u00e9m pro pr\u00e1delny - Electrolux Professional \u010cesk\u00e1 republika<\/title>\n<meta name=\"description\" content=\"Efektivn\u00ed d\u00e1vkovac\u00ed syst\u00e9m zaru\u010duje nejlep\u0161\u00ed v\u00fdsledky pran\u00ed p\u0159i nejni\u017e\u0161\u00edch n\u00e1kladech cyklu. Podpo\u0159te sv\u00e9 podnik\u00e1n\u00ed v\u00fdrazn\u00fdmi \u00fasporami.\" \/>\n<meta name=\"robots\" content=\"index, follow, max-snippet:-1, max-image-preview:large, max-video-preview:-1\" \/>\n<link rel=\"canonical\" href=\"https:\/\/www.electroluxprofessional.com\/cz\/davkovaci-systemy-pradelny\/\" \/>\n<meta property=\"og:locale\" content=\"cs_CZ\" \/>\n<meta property=\"og:type\" content=\"article\" \/>\n<meta property=\"og:title\" content=\"Efektivn\u00ed d\u00e1vkovac\u00ed syst\u00e9m pro pr\u00e1delny - Electrolux Professional \u010cesk\u00e1 republika\" \/>\n<meta property=\"og:description\" content=\"Efektivn\u00ed d\u00e1vkovac\u00ed syst\u00e9m zaru\u010duje nejlep\u0161\u00ed v\u00fdsledky pran\u00ed p\u0159i nejni\u017e\u0161\u00edch n\u00e1kladech cyklu. Podpo\u0159te sv\u00e9 podnik\u00e1n\u00ed v\u00fdrazn\u00fdmi \u00fasporami.\" \/>\n<meta property=\"og:url\" content=\"https:\/\/www.electroluxprofessional.com\/cz\/davkovaci-systemy-pradelny\/\" \/>\n<meta property=\"og:site_name\" content=\"Electrolux Professional \u010cesk\u00e1 republika\" \/>\n<meta property=\"article:publisher\" content=\"https:\/\/www.facebook.com\/electroluxprofessional\" \/>\n<meta property=\"article:modified_time\" content=\"2025-11-06T11:18:54+00:00\" \/>\n<meta property=\"og:image\" content=\"https:\/\/www.electroluxprofessional.com\/cz\/wp-content\/uploads\/2016\/11\/dosing-system-quadro.jpg\" \/>\n\t<meta property=\"og:image:width\" content=\"700\" \/>\n\t<meta property=\"og:image:height\" content=\"700\" \/>\n\t<meta property=\"og:image:type\" content=\"image\/jpeg\" \/>\n<meta name=\"twitter:card\" content=\"summary_large_image\" \/>\n<meta name=\"twitter:site\" content=\"@ElectroluxPro\" \/>\n<meta name=\"twitter:label1\" content=\"Odhadovan\u00e1 doba \u010dten\u00ed\" \/>\n\t<meta name=\"twitter:data1\" content=\"2 minuty\" \/>\n<script type=\"application\/ld+json\" class=\"yoast-schema-graph\">{\"@context\":\"https:\/\/schema.org\",\"@graph\":[{\"@type\":\"WebPage\",\"@id\":\"https:\/\/www.electroluxprofessional.com\/cz\/davkovaci-systemy-pradelny\/\",\"url\":\"https:\/\/www.electroluxprofessional.com\/cz\/davkovaci-systemy-pradelny\/\",\"name\":\"Efektivn\u00ed d\u00e1vkovac\u00ed syst\u00e9m pro pr\u00e1delny - Electrolux Professional \u010cesk\u00e1 republika\",\"isPartOf\":{\"@id\":\"https:\/\/www.electroluxprofessional.com\/cz\/#website\"},\"primaryImageOfPage\":{\"@id\":\"https:\/\/www.electroluxprofessional.com\/cz\/davkovaci-systemy-pradelny\/#primaryimage\"},\"image\":{\"@id\":\"https:\/\/www.electroluxprofessional.com\/cz\/davkovaci-systemy-pradelny\/#primaryimage\"},\"thumbnailUrl\":\"https:\/\/www.electroluxprofessional.com\/cz\/wp-content\/uploads\/2016\/11\/dosing-system-quadro.jpg\",\"datePublished\":\"2016-09-06T12:05:04+00:00\",\"dateModified\":\"2025-11-06T11:18:54+00:00\",\"description\":\"Efektivn\u00ed d\u00e1vkovac\u00ed syst\u00e9m zaru\u010duje nejlep\u0161\u00ed v\u00fdsledky pran\u00ed p\u0159i nejni\u017e\u0161\u00edch n\u00e1kladech cyklu. Podpo\u0159te sv\u00e9 podnik\u00e1n\u00ed v\u00fdrazn\u00fdmi \u00fasporami.\",\"breadcrumb\":{\"@id\":\"https:\/\/www.electroluxprofessional.com\/cz\/davkovaci-systemy-pradelny\/#breadcrumb\"},\"inLanguage\":\"cs\",\"potentialAction\":[{\"@type\":\"ReadAction\",\"target\":[\"https:\/\/www.electroluxprofessional.com\/cz\/davkovaci-systemy-pradelny\/\"]}]},{\"@type\":\"ImageObject\",\"inLanguage\":\"cs\",\"@id\":\"https:\/\/www.electroluxprofessional.com\/cz\/davkovaci-systemy-pradelny\/#primaryimage\",\"url\":\"https:\/\/www.electroluxprofessional.com\/cz\/wp-content\/uploads\/2016\/11\/dosing-system-quadro.jpg\",\"contentUrl\":\"https:\/\/www.electroluxprofessional.com\/cz\/wp-content\/uploads\/2016\/11\/dosing-system-quadro.jpg\",\"width\":700,\"height\":700,\"caption\":\"Dosing systems\"},{\"@type\":\"BreadcrumbList\",\"@id\":\"https:\/\/www.electroluxprofessional.com\/cz\/davkovaci-systemy-pradelny\/#breadcrumb\",\"itemListElement\":[{\"@type\":\"ListItem\",\"position\":1,\"name\":\"Home\",\"item\":\"https:\/\/www.electroluxprofessional.com\/cz\/\"},{\"@type\":\"ListItem\",\"position\":2,\"name\":\"Efektivn\u00ed d\u00e1vkovac\u00ed syst\u00e9m pro pr\u00e1delny\"}]},{\"@type\":\"WebSite\",\"@id\":\"https:\/\/www.electroluxprofessional.com\/cz\/#website\",\"url\":\"https:\/\/www.electroluxprofessional.com\/cz\/\",\"name\":\"Electrolux Professional \u010cesk\u00e1 republika\",\"description\":\"\",\"potentialAction\":[{\"@type\":\"SearchAction\",\"target\":{\"@type\":\"EntryPoint\",\"urlTemplate\":\"https:\/\/www.electroluxprofessional.com\/cz\/?src={search_term_string}\"},\"query-input\":\"required name=search_term_string\"}],\"inLanguage\":\"cs\"}]}<\/script>\n<!-- \/ Yoast SEO plugin. -->","yoast_head_json":{"title":"Efektivn\u00ed d\u00e1vkovac\u00ed syst\u00e9m pro pr\u00e1delny - Electrolux Professional \u010cesk\u00e1 republika","description":"Efektivn\u00ed d\u00e1vkovac\u00ed syst\u00e9m zaru\u010duje nejlep\u0161\u00ed v\u00fdsledky pran\u00ed p\u0159i nejni\u017e\u0161\u00edch n\u00e1kladech cyklu. Podpo\u0159te sv\u00e9 podnik\u00e1n\u00ed v\u00fdrazn\u00fdmi \u00fasporami.","robots":{"index":"index","follow":"follow","max-snippet":"max-snippet:-1","max-image-preview":"max-image-preview:large","max-video-preview":"max-video-preview:-1"},"canonical":"https:\/\/www.electroluxprofessional.com\/cz\/davkovaci-systemy-pradelny\/","og_locale":"cs_CZ","og_type":"article","og_title":"Efektivn\u00ed d\u00e1vkovac\u00ed syst\u00e9m pro pr\u00e1delny - Electrolux Professional \u010cesk\u00e1 republika","og_description":"Efektivn\u00ed d\u00e1vkovac\u00ed syst\u00e9m zaru\u010duje nejlep\u0161\u00ed v\u00fdsledky pran\u00ed p\u0159i nejni\u017e\u0161\u00edch n\u00e1kladech cyklu. Podpo\u0159te sv\u00e9 podnik\u00e1n\u00ed v\u00fdrazn\u00fdmi \u00fasporami.","og_url":"https:\/\/www.electroluxprofessional.com\/cz\/davkovaci-systemy-pradelny\/","og_site_name":"Electrolux Professional \u010cesk\u00e1 republika","article_publisher":"https:\/\/www.facebook.com\/electroluxprofessional","article_modified_time":"2025-11-06T11:18:54+00:00","og_image":[{"width":700,"height":700,"url":"https:\/\/www.electroluxprofessional.com\/cz\/wp-content\/uploads\/2016\/11\/dosing-system-quadro.jpg","type":"image\/jpeg"}],"twitter_card":"summary_large_image","twitter_site":"@ElectroluxPro","twitter_misc":{"Odhadovan\u00e1 doba \u010dten\u00ed":"2 minuty"},"schema":{"@context":"https:\/\/schema.org","@graph":[{"@type":"WebPage","@id":"https:\/\/www.electroluxprofessional.com\/cz\/davkovaci-systemy-pradelny\/","url":"https:\/\/www.electroluxprofessional.com\/cz\/davkovaci-systemy-pradelny\/","name":"Efektivn\u00ed d\u00e1vkovac\u00ed syst\u00e9m pro pr\u00e1delny - Electrolux Professional \u010cesk\u00e1 republika","isPartOf":{"@id":"https:\/\/www.electroluxprofessional.com\/cz\/#website"},"primaryImageOfPage":{"@id":"https:\/\/www.electroluxprofessional.com\/cz\/davkovaci-systemy-pradelny\/#primaryimage"},"image":{"@id":"https:\/\/www.electroluxprofessional.com\/cz\/davkovaci-systemy-pradelny\/#primaryimage"},"thumbnailUrl":"https:\/\/www.electroluxprofessional.com\/cz\/wp-content\/uploads\/2016\/11\/dosing-system-quadro.jpg","datePublished":"2016-09-06T12:05:04+00:00","dateModified":"2025-11-06T11:18:54+00:00","description":"Efektivn\u00ed d\u00e1vkovac\u00ed syst\u00e9m zaru\u010duje nejlep\u0161\u00ed v\u00fdsledky pran\u00ed p\u0159i nejni\u017e\u0161\u00edch n\u00e1kladech cyklu. Podpo\u0159te sv\u00e9 podnik\u00e1n\u00ed v\u00fdrazn\u00fdmi \u00fasporami.","breadcrumb":{"@id":"https:\/\/www.electroluxprofessional.com\/cz\/davkovaci-systemy-pradelny\/#breadcrumb"},"inLanguage":"cs","potentialAction":[{"@type":"ReadAction","target":["https:\/\/www.electroluxprofessional.com\/cz\/davkovaci-systemy-pradelny\/"]}]},{"@type":"ImageObject","inLanguage":"cs","@id":"https:\/\/www.electroluxprofessional.com\/cz\/davkovaci-systemy-pradelny\/#primaryimage","url":"https:\/\/www.electroluxprofessional.com\/cz\/wp-content\/uploads\/2016\/11\/dosing-system-quadro.jpg","contentUrl":"https:\/\/www.electroluxprofessional.com\/cz\/wp-content\/uploads\/2016\/11\/dosing-system-quadro.jpg","width":700,"height":700,"caption":"Dosing systems"},{"@type":"BreadcrumbList","@id":"https:\/\/www.electroluxprofessional.com\/cz\/davkovaci-systemy-pradelny\/#breadcrumb","itemListElement":[{"@type":"ListItem","position":1,"name":"Home","item":"https:\/\/www.electroluxprofessional.com\/cz\/"},{"@type":"ListItem","position":2,"name":"Efektivn\u00ed d\u00e1vkovac\u00ed syst\u00e9m pro pr\u00e1delny"}]},{"@type":"WebSite","@id":"https:\/\/www.electroluxprofessional.com\/cz\/#website","url":"https:\/\/www.electroluxprofessional.com\/cz\/","name":"Electrolux Professional \u010cesk\u00e1 republika","description":"","potentialAction":[{"@type":"SearchAction","target":{"@type":"EntryPoint","urlTemplate":"https:\/\/www.electroluxprofessional.com\/cz\/?src={search_term_string}"},"query-input":"required name=search_term_string"}],"inLanguage":"cs"}]}},"_links":{"self":[{"href":"https:\/\/www.electroluxprofessional.com\/cz\/wp-json\/wp\/v2\/pages\/3455"}],"collection":[{"href":"https:\/\/www.electroluxprofessional.com\/cz\/wp-json\/wp\/v2\/pages"}],"about":[{"href":"https:\/\/www.electroluxprofessional.com\/cz\/wp-json\/wp\/v2\/types\/page"}],"author":[{"embeddable":true,"href":"https:\/\/www.electroluxprofessional.com\/cz\/wp-json\/wp\/v2\/users\/7"}],"replies":[{"embeddable":true,"href":"https:\/\/www.electroluxprofessional.com\/cz\/wp-json\/wp\/v2\/comments?post=3455"}],"version-history":[{"count":5,"href":"https:\/\/www.electroluxprofessional.com\/cz\/wp-json\/wp\/v2\/pages\/3455\/revisions"}],"predecessor-version":[{"id":14024,"href":"https:\/\/www.electroluxprofessional.com\/cz\/wp-json\/wp\/v2\/pages\/3455\/revisions\/14024"}],"wp:featuredmedia":[{"embeddable":true,"href":"https:\/\/www.electroluxprofessional.com\/cz\/wp-json\/wp\/v2\/media\/919"}],"wp:attachment":[{"href":"https:\/\/www.electroluxprofessional.com\/cz\/wp-json\/wp\/v2\/media?parent=3455"}],"curies":[{"name":"wp","href":"https:\/\/api.w.org\/{rel}","templated":true}]}}