{"id":3246,"date":"2016-05-09T07:00:16","date_gmt":"2016-05-09T07:00:16","guid":{"rendered":"https:\/\/www.electroluxprofessional.com\/?page_id=500"},"modified":"2020-05-06T09:32:29","modified_gmt":"2020-05-06T09:32:29","slug":"recipes","status":"publish","type":"page","link":"https:\/\/www.electroluxprofessional.com\/cz\/recipes\/","title":{"rendered":"Recepty"},"content":{"rendered":"<p>[vc_row full_width=&#8221;electroluxpro-full-width-no-padding&#8221;][vc_column][elx_hero_video label=&#8221;&#8221; label_background_color=&#8221;restaurant&#8221; background_video_mp4=&#8221;https:\/\/www.electroluxprofessional.com\/cz\/wp-content\/uploads\/2016\/05\/video-test-recipe-MVI_6988-ok-vm.mp4&#8243;][elx_heading font_container=&#8221;h1&#8243; font_size=&#8221;h1&#8243; text_color=&#8221;white&#8221;]Recepty od na\u0161ich \u0161\u00e9fkucha\u0159\u016f[\/elx_heading][\/elx_hero_video][\/vc_column][\/vc_row][vc_row][vc_column width=&#8221;1\/2&#8243;][vc_empty_space][elx_image_block background_image=&#8221;581&#8243; minimum_height=&#8221;500px&#8221;][vc_empty_space][\/vc_column][vc_column width=&#8221;1\/2&#8243;][vc_column_text]<\/p>\n<h2>sd\u00edlen\u00ed n\u00e1pad\u016f<br \/>\nvytv\u00e1\u0159\u00ed p\u0159\u00e1telstv\u00ed<\/h2>\n<p>&nbsp;<\/p>\n<p>Na\u0161i \u0161\u00e9fkucha\u0159i jsou studnic\u00ed <strong>inspirac\u00ed<\/strong>. Zku\u0161en\u00ed kucha\u0159\u0161t\u00ed mento\u0159i\u00a0z r\u016fzn\u00fdch \u010d\u00e1st\u00ed sv\u011bta se s V\u00e1mi v\u017edy r\u00e1di pod\u011bl\u00ed o sv\u00e1 tajemstv\u00ed.<\/p>\n<p>Chcete-li i Vy <strong>sd\u00edlet\u00a0s kucha\u0159skou komunitou<\/strong> Va\u0161e <strong>recepty<\/strong> a nastaven\u00ed, nev\u00e1hejte.<\/p>\n<p><strong>Po\u0161lete n\u00e1m sv\u016fj obl\u00edben\u00fd recept<\/strong> a p\u0159idejte se ke skupin\u011b p\u0159\u00e1tel, kte\u0159\u00ed miluj\u00ed sv\u016fj obor a cht\u011bj\u00ed se o sv\u00e9 poznatky pod\u011blit s ostatn\u00edmi.[\/vc_column_text][vc_empty_space][vc_column_text]<\/p>\n<h6><em><span style=\"color: #ff6600;\">Dal\u0161\u00ed obsah t\u00e9to str\u00e1nky se pr\u00e1v\u011b p\u0159ipravuje.<\/span><\/em><br \/>\n<em><span style=\"color: #ff6600;\">D\u011bkujeme za pochopen\u00ed.<\/span><\/em><\/h6>\n<p>[\/vc_column_text][\/vc_column][\/vc_row]<\/p>\n","protected":false},"excerpt":{"rendered":"<p>[vc_row full_width=&#8221;electroluxpro-full-width-no-padding&#8221;][vc_column][elx_hero_video label=&#8221;&#8221; label_background_color=&#8221;restaurant&#8221; background_video_mp4=&#8221;https:\/\/www.electroluxprofessional.com\/cz\/wp-content\/uploads\/2016\/05\/video-test-recipe-MVI_6988-ok-vm.mp4&#8243;][elx_heading font_container=&#8221;h1&#8243; font_size=&#8221;h1&#8243; text_color=&#8221;white&#8221;]Recepty od na\u0161ich \u0161\u00e9fkucha\u0159\u016f[\/elx_heading][\/elx_hero_video][\/vc_column][\/vc_row][vc_row][vc_column width=&#8221;1\/2&#8243;][vc_empty_space][elx_image_block background_image=&#8221;581&#8243; minimum_height=&#8221;500px&#8221;][vc_empty_space][\/vc_column][vc_column width=&#8221;1\/2&#8243;][vc_column_text] sd\u00edlen\u00ed n\u00e1pad\u016f vytv\u00e1\u0159\u00ed p\u0159\u00e1telstv\u00ed &nbsp; Na\u0161i \u0161\u00e9fkucha\u0159i jsou studnic\u00ed inspirac\u00ed. Zku\u0161en\u00ed kucha\u0159\u0161t\u00ed mento\u0159i\u00a0z r\u016fzn\u00fdch \u010d\u00e1st\u00ed sv\u011bta se s V\u00e1mi v\u017edy r\u00e1di pod\u011bl\u00ed o sv\u00e1 tajemstv\u00ed. Chcete-li i Vy sd\u00edlet\u00a0s kucha\u0159skou komunitou Va\u0161e recepty a nastaven\u00ed, nev\u00e1hejte. Po\u0161lete n\u00e1m sv\u016fj obl\u00edben\u00fd [&hellip;]<\/p>\n","protected":false},"author":3,"featured_media":3213,"parent":0,"menu_order":0,"comment_status":"closed","ping_status":"closed","template":"template-recipes.php","meta":{"footnotes":""},"class_list":["post-3246","page","type-page","status-publish","has-post-thumbnail","hentry"],"acf":[],"yoast_head":"<!-- This site is optimized with the Yoast SEO plugin v23.3 - https:\/\/yoast.com\/wordpress\/plugins\/seo\/ -->\n<title>Recepty \u0161\u00e9fkucha\u0159\u016f a p\u0159\u00e1tel gastronomie - Electrolux Professional<\/title>\n<meta name=\"description\" content=\"Na\u0161i \u0161\u00e9fkucha\u0159i jsou studnic\u00ed inspirac\u00ed. Zku\u0161en\u00ed kucha\u0159\u0161t\u00ed mento\u0159i z r\u016fzn\u00fdch \u010d\u00e1st\u00ed sv\u011bta se s V\u00e1mi v\u017edy r\u00e1di pod\u011bl\u00ed o sv\u00e1 tajemstv\u00ed.\" \/>\n<meta name=\"robots\" content=\"index, follow, max-snippet:-1, max-image-preview:large, max-video-preview:-1\" \/>\n<link rel=\"canonical\" href=\"https:\/\/www.electroluxprofessional.com\/cz\/recipes\/\" \/>\n<meta property=\"og:locale\" content=\"cs_CZ\" \/>\n<meta property=\"og:type\" content=\"article\" \/>\n<meta property=\"og:title\" content=\"Recepty \u0161\u00e9fkucha\u0159\u016f a p\u0159\u00e1tel gastronomie - Electrolux Professional\" \/>\n<meta property=\"og:description\" content=\"Na\u0161i \u0161\u00e9fkucha\u0159i jsou studnic\u00ed inspirac\u00ed. Zku\u0161en\u00ed kucha\u0159\u0161t\u00ed mento\u0159i z r\u016fzn\u00fdch \u010d\u00e1st\u00ed sv\u011bta se s V\u00e1mi v\u017edy r\u00e1di pod\u011bl\u00ed o sv\u00e1 tajemstv\u00ed.\" \/>\n<meta property=\"og:url\" content=\"https:\/\/www.electroluxprofessional.com\/cz\/recipes\/\" \/>\n<meta property=\"og:site_name\" content=\"Electrolux Professional \u010cesk\u00e1 republika\" \/>\n<meta property=\"article:publisher\" content=\"https:\/\/www.facebook.com\/electroluxprofessional\" \/>\n<meta property=\"article:modified_time\" content=\"2020-05-06T09:32:29+00:00\" \/>\n<meta property=\"og:image\" content=\"https:\/\/www.electroluxprofessional.com\/cz\/wp-content\/uploads\/2017\/02\/recipes.jpg\" \/>\n\t<meta property=\"og:image:width\" content=\"1631\" \/>\n\t<meta property=\"og:image:height\" content=\"796\" \/>\n\t<meta property=\"og:image:type\" content=\"image\/jpeg\" \/>\n<meta name=\"twitter:card\" content=\"summary_large_image\" \/>\n<meta name=\"twitter:site\" content=\"@ElectroluxPro\" \/>\n<meta name=\"twitter:label1\" content=\"Odhadovan\u00e1 doba \u010dten\u00ed\" \/>\n\t<meta name=\"twitter:data1\" content=\"1 minuta\" \/>\n<script type=\"application\/ld+json\" class=\"yoast-schema-graph\">{\"@context\":\"https:\/\/schema.org\",\"@graph\":[{\"@type\":\"WebPage\",\"@id\":\"https:\/\/www.electroluxprofessional.com\/cz\/recipes\/\",\"url\":\"https:\/\/www.electroluxprofessional.com\/cz\/recipes\/\",\"name\":\"Recepty \u0161\u00e9fkucha\u0159\u016f a p\u0159\u00e1tel gastronomie - Electrolux Professional\",\"isPartOf\":{\"@id\":\"https:\/\/www.electroluxprofessional.com\/cz\/#website\"},\"primaryImageOfPage\":{\"@id\":\"https:\/\/www.electroluxprofessional.com\/cz\/recipes\/#primaryimage\"},\"image\":{\"@id\":\"https:\/\/www.electroluxprofessional.com\/cz\/recipes\/#primaryimage\"},\"thumbnailUrl\":\"https:\/\/www.electroluxprofessional.com\/cz\/wp-content\/uploads\/2017\/02\/recipes.jpg\",\"datePublished\":\"2016-05-09T07:00:16+00:00\",\"dateModified\":\"2020-05-06T09:32:29+00:00\",\"description\":\"Na\u0161i \u0161\u00e9fkucha\u0159i jsou studnic\u00ed inspirac\u00ed. Zku\u0161en\u00ed kucha\u0159\u0161t\u00ed mento\u0159i z r\u016fzn\u00fdch \u010d\u00e1st\u00ed sv\u011bta se s V\u00e1mi v\u017edy r\u00e1di pod\u011bl\u00ed o sv\u00e1 tajemstv\u00ed.\",\"breadcrumb\":{\"@id\":\"https:\/\/www.electroluxprofessional.com\/cz\/recipes\/#breadcrumb\"},\"inLanguage\":\"cs\",\"potentialAction\":[{\"@type\":\"ReadAction\",\"target\":[\"https:\/\/www.electroluxprofessional.com\/cz\/recipes\/\"]}]},{\"@type\":\"ImageObject\",\"inLanguage\":\"cs\",\"@id\":\"https:\/\/www.electroluxprofessional.com\/cz\/recipes\/#primaryimage\",\"url\":\"https:\/\/www.electroluxprofessional.com\/cz\/wp-content\/uploads\/2017\/02\/recipes.jpg\",\"contentUrl\":\"https:\/\/www.electroluxprofessional.com\/cz\/wp-content\/uploads\/2017\/02\/recipes.jpg\",\"width\":1631,\"height\":796,\"caption\":\"recipes\"},{\"@type\":\"BreadcrumbList\",\"@id\":\"https:\/\/www.electroluxprofessional.com\/cz\/recipes\/#breadcrumb\",\"itemListElement\":[{\"@type\":\"ListItem\",\"position\":1,\"name\":\"Home\",\"item\":\"https:\/\/www.electroluxprofessional.com\/cz\/\"},{\"@type\":\"ListItem\",\"position\":2,\"name\":\"Recepty\"}]},{\"@type\":\"WebSite\",\"@id\":\"https:\/\/www.electroluxprofessional.com\/cz\/#website\",\"url\":\"https:\/\/www.electroluxprofessional.com\/cz\/\",\"name\":\"Electrolux Professional \u010cesk\u00e1 republika\",\"description\":\"\",\"potentialAction\":[{\"@type\":\"SearchAction\",\"target\":{\"@type\":\"EntryPoint\",\"urlTemplate\":\"https:\/\/www.electroluxprofessional.com\/cz\/?src={search_term_string}\"},\"query-input\":\"required name=search_term_string\"}],\"inLanguage\":\"cs\"}]}<\/script>\n<!-- \/ Yoast SEO plugin. -->","yoast_head_json":{"title":"Recepty \u0161\u00e9fkucha\u0159\u016f a p\u0159\u00e1tel gastronomie - Electrolux Professional","description":"Na\u0161i \u0161\u00e9fkucha\u0159i jsou studnic\u00ed inspirac\u00ed. Zku\u0161en\u00ed kucha\u0159\u0161t\u00ed mento\u0159i z r\u016fzn\u00fdch \u010d\u00e1st\u00ed sv\u011bta se s V\u00e1mi v\u017edy r\u00e1di pod\u011bl\u00ed o sv\u00e1 tajemstv\u00ed.","robots":{"index":"index","follow":"follow","max-snippet":"max-snippet:-1","max-image-preview":"max-image-preview:large","max-video-preview":"max-video-preview:-1"},"canonical":"https:\/\/www.electroluxprofessional.com\/cz\/recipes\/","og_locale":"cs_CZ","og_type":"article","og_title":"Recepty \u0161\u00e9fkucha\u0159\u016f a p\u0159\u00e1tel gastronomie - Electrolux Professional","og_description":"Na\u0161i \u0161\u00e9fkucha\u0159i jsou studnic\u00ed inspirac\u00ed. Zku\u0161en\u00ed kucha\u0159\u0161t\u00ed mento\u0159i z r\u016fzn\u00fdch \u010d\u00e1st\u00ed sv\u011bta se s V\u00e1mi v\u017edy r\u00e1di pod\u011bl\u00ed o sv\u00e1 tajemstv\u00ed.","og_url":"https:\/\/www.electroluxprofessional.com\/cz\/recipes\/","og_site_name":"Electrolux Professional \u010cesk\u00e1 republika","article_publisher":"https:\/\/www.facebook.com\/electroluxprofessional","article_modified_time":"2020-05-06T09:32:29+00:00","og_image":[{"width":1631,"height":796,"url":"https:\/\/www.electroluxprofessional.com\/cz\/wp-content\/uploads\/2017\/02\/recipes.jpg","type":"image\/jpeg"}],"twitter_card":"summary_large_image","twitter_site":"@ElectroluxPro","twitter_misc":{"Odhadovan\u00e1 doba \u010dten\u00ed":"1 minuta"},"schema":{"@context":"https:\/\/schema.org","@graph":[{"@type":"WebPage","@id":"https:\/\/www.electroluxprofessional.com\/cz\/recipes\/","url":"https:\/\/www.electroluxprofessional.com\/cz\/recipes\/","name":"Recepty \u0161\u00e9fkucha\u0159\u016f a p\u0159\u00e1tel gastronomie - Electrolux Professional","isPartOf":{"@id":"https:\/\/www.electroluxprofessional.com\/cz\/#website"},"primaryImageOfPage":{"@id":"https:\/\/www.electroluxprofessional.com\/cz\/recipes\/#primaryimage"},"image":{"@id":"https:\/\/www.electroluxprofessional.com\/cz\/recipes\/#primaryimage"},"thumbnailUrl":"https:\/\/www.electroluxprofessional.com\/cz\/wp-content\/uploads\/2017\/02\/recipes.jpg","datePublished":"2016-05-09T07:00:16+00:00","dateModified":"2020-05-06T09:32:29+00:00","description":"Na\u0161i \u0161\u00e9fkucha\u0159i jsou studnic\u00ed inspirac\u00ed. Zku\u0161en\u00ed kucha\u0159\u0161t\u00ed mento\u0159i z r\u016fzn\u00fdch \u010d\u00e1st\u00ed sv\u011bta se s V\u00e1mi v\u017edy r\u00e1di pod\u011bl\u00ed o sv\u00e1 tajemstv\u00ed.","breadcrumb":{"@id":"https:\/\/www.electroluxprofessional.com\/cz\/recipes\/#breadcrumb"},"inLanguage":"cs","potentialAction":[{"@type":"ReadAction","target":["https:\/\/www.electroluxprofessional.com\/cz\/recipes\/"]}]},{"@type":"ImageObject","inLanguage":"cs","@id":"https:\/\/www.electroluxprofessional.com\/cz\/recipes\/#primaryimage","url":"https:\/\/www.electroluxprofessional.com\/cz\/wp-content\/uploads\/2017\/02\/recipes.jpg","contentUrl":"https:\/\/www.electroluxprofessional.com\/cz\/wp-content\/uploads\/2017\/02\/recipes.jpg","width":1631,"height":796,"caption":"recipes"},{"@type":"BreadcrumbList","@id":"https:\/\/www.electroluxprofessional.com\/cz\/recipes\/#breadcrumb","itemListElement":[{"@type":"ListItem","position":1,"name":"Home","item":"https:\/\/www.electroluxprofessional.com\/cz\/"},{"@type":"ListItem","position":2,"name":"Recepty"}]},{"@type":"WebSite","@id":"https:\/\/www.electroluxprofessional.com\/cz\/#website","url":"https:\/\/www.electroluxprofessional.com\/cz\/","name":"Electrolux Professional \u010cesk\u00e1 republika","description":"","potentialAction":[{"@type":"SearchAction","target":{"@type":"EntryPoint","urlTemplate":"https:\/\/www.electroluxprofessional.com\/cz\/?src={search_term_string}"},"query-input":"required name=search_term_string"}],"inLanguage":"cs"}]}},"_links":{"self":[{"href":"https:\/\/www.electroluxprofessional.com\/cz\/wp-json\/wp\/v2\/pages\/3246"}],"collection":[{"href":"https:\/\/www.electroluxprofessional.com\/cz\/wp-json\/wp\/v2\/pages"}],"about":[{"href":"https:\/\/www.electroluxprofessional.com\/cz\/wp-json\/wp\/v2\/types\/page"}],"author":[{"embeddable":true,"href":"https:\/\/www.electroluxprofessional.com\/cz\/wp-json\/wp\/v2\/users\/3"}],"replies":[{"embeddable":true,"href":"https:\/\/www.electroluxprofessional.com\/cz\/wp-json\/wp\/v2\/comments?post=3246"}],"version-history":[{"count":11,"href":"https:\/\/www.electroluxprofessional.com\/cz\/wp-json\/wp\/v2\/pages\/3246\/revisions"}],"predecessor-version":[{"id":5152,"href":"https:\/\/www.electroluxprofessional.com\/cz\/wp-json\/wp\/v2\/pages\/3246\/revisions\/5152"}],"wp:featuredmedia":[{"embeddable":true,"href":"https:\/\/www.electroluxprofessional.com\/cz\/wp-json\/wp\/v2\/media\/3213"}],"wp:attachment":[{"href":"https:\/\/www.electroluxprofessional.com\/cz\/wp-json\/wp\/v2\/media?parent=3246"}],"curies":[{"name":"wp","href":"https:\/\/api.w.org\/{rel}","templated":true}]}}