{"id":3163,"date":"2017-07-25T15:06:22","date_gmt":"2017-07-25T14:06:22","guid":{"rendered":"https:\/\/www.electroluxprofessional.com\/cz\/?page_id=3163"},"modified":"2024-07-01T13:01:31","modified_gmt":"2024-07-01T13:01:31","slug":"seminare_electrolux_czechchefs_cz","status":"publish","type":"page","link":"https:\/\/www.electroluxprofessional.com\/cz\/pro-kuchare\/seminare_electrolux_czechchefs_cz\/","title":{"rendered":"Semin\u00e1\u0159e Electrolux Professional &#038; CzechChefs"},"content":{"rendered":"<p>[vc_row full_width=&#8221;electroluxpro-full-width&#8221;][vc_column][elx_hero_slider label_text_color=&#8221;inherit&#8221; images=&#8221;2281&#8243;][elx_heading font_container=&#8221;h1&#8243; font_size=&#8221;h2&#8243; text_color=&#8221;inherit&#8221;]Odborn\u00e9 praktick\u00e9 semin\u00e1\u0159e[\/elx_heading][\/elx_hero_slider][vc_empty_space][\/vc_column][\/vc_row][vc_row][vc_column][elx_heading text_color=&#8221;inherit&#8221;]Novinky, inspirace, modern\u00ed technologie a postupy[\/elx_heading][vc_empty_space height=&#8221;50&#8243;][\/vc_column][\/vc_row][vc_row][vc_column width=&#8221;2\/3&#8243;][vc_empty_space][vc_column_text]Hled\u00e1te inspiraci, \u010di zp\u016fsob, jak se p\u0159iu\u010dit od t\u011bch nejlep\u0161\u00edch z oboru?<\/p>\n<p>Nav\u0161tivte n\u00e1s v <strong>Electrolux Professional Center of Excelence v Praze 4 &#8211; Mod\u0159anech<\/strong>.<\/p>\n<p>Pod veden\u00edm \u0161pi\u010dkov\u00fdch lektor\u016f z nejlep\u0161\u00edch \u010desk\u00fdch\u00a0restaurac\u00ed a ve spolupr\u00e1ci s t\u00fdmem <strong>CzechChefs<\/strong>\u00a0 a t\u00fdmem <strong>Pink \u010cili<\/strong> si sami v praxi vyzkou\u0161\u00edte, \u017ee v\u00fdrobky Electrolux Professional ve spojen\u00ed s t\u011bmi nejlep\u0161\u00edmi \u0161\u00e9fkucha\u0159i dok\u00e1\u017e\u00ed \u00fapln\u00e9 z\u00e1zraky.[\/vc_column_text][vc_empty_space height=&#8221;50&#8243;][\/vc_column][vc_column width=&#8221;1\/3&#8243;][vc_single_image image=&#8221;2699&#8243; img_size=&#8221;300&#215;300&#8243;][\/vc_column][\/vc_row][vc_row][vc_column width=&#8221;1\/3&#8243;][vc_empty_space][vc_single_image image=&#8221;2715&#8243; img_size=&#8221;300&#215;300&#8243; style=&#8221;vc_box_outline&#8221; border_color=&#8221;black&#8221; onclick=&#8221;custom_link&#8221; img_link_target=&#8221;_blank&#8221; link=&#8221;https:\/\/www.facebook.com\/CzechChefs\/&#8221;][\/vc_column][vc_column width=&#8221;1\/3&#8243;][vc_empty_space][vc_single_image image=&#8221;4077&#8243; img_size=&#8221;300&#215;300&#8243; style=&#8221;vc_box_border&#8221; onclick=&#8221;custom_link&#8221; img_link_target=&#8221;_blank&#8221; link=&#8221;https:\/\/www.pinkcili.cz\/o-nas&#8221;][\/vc_column][vc_column width=&#8221;1\/3&#8243;][vc_empty_space][vc_single_image image=&#8221;2657&#8243; img_size=&#8221;300&#215;300&#8243;][\/vc_column][\/vc_row][vc_row][vc_column][vc_empty_space][vc_column_text]<\/p>\n<h4>P\u0159ehled semin\u00e1\u0159\u016f CzechChefs MasterClass v roce 2017<\/h4>\n<p>[\/vc_column_text][\/vc_column][\/vc_row][vc_row][vc_column width=&#8221;2\/3&#8243;][vc_column_text]<\/p>\n<h4><span style=\"color: #ff6600;\">Leden 2017<\/span><\/h4>\n<p><strong>Modern\u00ed St\u0159edomo\u0159sk\u00e1 kuchyn\u011b<\/strong><br \/>\nlektor Sa\u0161a Pavlovi\u010d \u2013 hotel Four Season, Florencie, It\u00e1lie<\/p>\n<p><strong>FastGood-Panini<\/strong><br \/>\nlektor Tom\u00e1\u0161 Valkovi\u010d \u2013 Ambiente Restaurant, Praha<\/p>\n<hr \/>\n<h4><\/h4>\n<p>[\/vc_column_text][vc_empty_space][\/vc_column][vc_column width=&#8221;1\/3&#8243;][vc_single_image image=&#8221;2907&#8243; img_size=&#8221;200&#215;200&#8243;][\/vc_column][\/vc_row][vc_row][vc_column width=&#8221;2\/3&#8243;][vc_column_text]<\/p>\n<h4><span style=\"color: #ff6600;\">\u00danor 2017<\/span><\/h4>\n<p><strong>Zdrav\u00e1 rychl\u00e1 kuchyn\u011b<\/strong><br \/>\nlektor Tom\u00e1\u0161 Valkovi\u010d \u2013 restaurace Eska, Praha<\/p>\n<p><strong>Italsk\u00e1 kuchyn\u011b<\/strong><br \/>\nlektor Jaroslav Kozd\u011blka &#8211; restaurace Eska, Praha<\/p>\n<hr \/>\n<h4><\/h4>\n<p>[\/vc_column_text][vc_empty_space][\/vc_column][vc_column width=&#8221;1\/3&#8243;][vc_single_image image=&#8221;2900&#8243; img_size=&#8221;200&#215;200&#8243;][\/vc_column][\/vc_row][vc_row][vc_column width=&#8221;2\/3&#8243;][vc_column_text]<\/p>\n<h4><span style=\"color: #ff6600;\">B\u0159ezen 2017<\/span><\/h4>\n<p><strong>Modern\u00ed \u010desk\u00e1 kuchyn\u011b<\/strong><br \/>\nlektor Jaroslav Zah\u00e1lka \u2013 restaurace M\u00e1nes, Praha<\/p>\n<p><strong>Asijsk\u00e1 kuchyn\u011b<\/strong><br \/>\nlektor Tom\u00e1\u0161 Kalina \u2013 Culinary Symposium Prague<\/p>\n<hr \/>\n<p>[\/vc_column_text][vc_empty_space][\/vc_column][vc_column width=&#8221;1\/3&#8243;][vc_single_image image=&#8221;2906&#8243; img_size=&#8221;200&#215;200&#8243;][\/vc_column][\/vc_row][vc_row][vc_column width=&#8221;2\/3&#8243;][vc_column_text]<\/p>\n<h4><span style=\"color: #ff6600;\">Duben 2017<\/span><\/h4>\n<p><strong>Sous-Vide metoda<\/strong><br \/>\nlektor Jaroslav Kozd\u011blka \u2013 restaurace Eska, Praha<\/p>\n<p><strong>\u010cesk\u00e1 kuchyn\u011b<\/strong><br \/>\nlektor Martin \u0160tangl \u2013 restaurace Eska, Praha<\/p>\n<hr \/>\n<p>[\/vc_column_text][vc_empty_space][\/vc_column][vc_column width=&#8221;1\/3&#8243;][vc_single_image image=&#8221;2686&#8243; img_size=&#8221;200&#215;200&#8243;][\/vc_column][\/vc_row][vc_row][vc_column width=&#8221;2\/3&#8243;][vc_column_text]<\/p>\n<h4><span style=\"color: #ff6600;\">Kv\u011bten 2017<\/span><\/h4>\n<p><strong>Thajsk\u00e1 kuchyn\u011b<br \/>\n<\/strong>lekto\u0159i Czech Chefs (Jan Dav\u00eddek, Anton\u00edn Brad\u00e1\u010d, Jaroslav Kozd\u011blka)<\/p>\n<p>&nbsp;<\/p>\n<hr \/>\n<p>[\/vc_column_text][vc_empty_space][\/vc_column][vc_column width=&#8221;1\/3&#8243;][vc_single_image image=&#8221;2708&#8243; img_size=&#8221;200&#215;200&#8243;][\/vc_column][\/vc_row][vc_row][vc_column width=&#8221;2\/3&#8243;][vc_column_text]<\/p>\n<h4><span style=\"color: #ff6600;\">\u010cerven 2017<\/span><\/h4>\n<p><strong>Francouzsk\u00e1 kuchyn\u011b<\/strong><br \/>\nlektor Jan Kvasni\u010dka \u2013 restaurace LaGare-d\u016fm francouzsk\u00e9 gastronomie, Praha<\/p>\n<p>&nbsp;<\/p>\n<p>&nbsp;<\/p>\n<hr \/>\n<p>[\/vc_column_text][vc_empty_space height=&#8221;50px&#8221;][\/vc_column][vc_column width=&#8221;1\/3&#8243;][vc_single_image image=&#8221;2682&#8243; img_size=&#8221;200&#215;200&#8243;][\/vc_column][\/vc_row][vc_row][vc_column width=&#8221;2\/3&#8243;][vc_column_text]<\/p>\n<h4><span style=\"color: #ff6600;\">Z\u00e1\u0159\u00ed 2017<\/span><\/h4>\n<p><strong>Evropsk\u00e1 modern\u00ed\u00a0kuchyn\u011b (UK, D\u00e1nsko, \u0160v\u00e9dsko)<\/strong><br \/>\nlekto\u0159i Jan V\u0161ete\u010dka &amp; Sl\u00e1va Grigoryk \u2013 Ambiente Group<br \/>\nM\u00edsto kon\u00e1n\u00ed: Unilever Chefmanship\u00a0Center Praha<\/p>\n<p>&nbsp;<\/p>\n<p>&nbsp;<\/p>\n<hr \/>\n<p>[\/vc_column_text][vc_empty_space height=&#8221;50px&#8221;][\/vc_column][vc_column width=&#8221;1\/3&#8243;][\/vc_column][\/vc_row][vc_row][vc_column width=&#8221;2\/3&#8243;][vc_column_text]<\/p>\n<h4><span style=\"color: #ff6600;\">\u0158\u00edjen 2017<\/span><\/h4>\n<p><strong>Middle East &#8211; v\u016fn\u011b a chut\u011b St\u0159edn\u00edho v\u00fdchodu<\/strong><br \/>\nlekto\u0159i Hamed Mali &amp; Daniel Bene\u0161\u00a0\u2013 Olive Food<br \/>\nM\u00edsto kon\u00e1n\u00ed: Unilever Chefmanship Center Praha<\/p>\n<p>&nbsp;<\/p>\n<p>&nbsp;<\/p>\n<hr \/>\n<p>[\/vc_column_text][vc_empty_space height=&#8221;50px&#8221;][\/vc_column][vc_column width=&#8221;1\/3&#8243;][\/vc_column][\/vc_row][vc_row][vc_column width=&#8221;2\/3&#8243;][vc_column_text]<\/p>\n<h4><span style=\"color: #ff6600;\">Listopad 2017<\/span><\/h4>\n<p><strong>Inovativn\u00ed kucha\u0159sk\u00e9 \u00fapravy, fermentace, Sous Vide<\/strong><br \/>\nlektor Jaroslav Kozd\u011blka &#8211; Eska restaurace &amp; pek\u00e1rna Praha<br \/>\nM\u00edsto kon\u00e1n\u00ed: Unilever Chefmanship Center Praha<\/p>\n<p>&nbsp;<\/p>\n<p>&nbsp;<\/p>\n<hr \/>\n<p>[\/vc_column_text][vc_empty_space height=&#8221;50px&#8221;][\/vc_column][vc_column width=&#8221;1\/3&#8243;][\/vc_column][\/vc_row][vc_row][vc_column width=&#8221;2\/3&#8243;][vc_column_text]<\/p>\n<h4><span style=\"color: #ff6600;\">Prosinec 2017<\/span><\/h4>\n<p><strong>Thajsk\u00e1 modern\u00ed kuchyn\u011b<\/strong><br \/>\nlekto\u0159i CzechChefs &#8211; \u00a0Anton\u00edn Brad\u00e1\u010d, Jan Dav\u00eddek, Jaroslav Kozd\u011blka<br \/>\nM\u00edsto kon\u00e1n\u00ed: Unilever Chefmanship Center Praha<\/p>\n<p>&nbsp;<\/p>\n<p>&nbsp;<\/p>\n<hr \/>\n<p>[\/vc_column_text][vc_empty_space height=&#8221;50px&#8221;][\/vc_column][vc_column width=&#8221;1\/3&#8243;][\/vc_column][\/vc_row][vc_row][vc_column width=&#8221;2\/3&#8243;][vc_column_text]<\/p>\n<h6><em>Kurzy a semin\u00e1\u0159e jsou interaktivn\u00ed, kdy ka\u017ed\u00fd \u00fa\u010dastn\u00edk je zapojen do va\u0159en\u00ed.<\/em><br \/>\n<em>D\u00e9lka trv\u00e1n\u00ed semin\u00e1\u0159e je min. 3-4 hodiny.<\/em><br \/>\n<em>Pr\u00e1vo zm\u011bny vyhrazeno.<\/em><\/h6>\n<p>&nbsp;<\/p>\n<p>&nbsp;<\/p>\n<hr \/>\n<p>[\/vc_column_text][vc_empty_space height=&#8221;50px&#8221;][\/vc_column][vc_column width=&#8221;1\/3&#8243;][\/vc_column][\/vc_row][vc_row][vc_column][vc_empty_space height=&#8221;50&#8243;][elx_heading font_container=&#8221;h4&#8243; text_color=&#8221;inherit&#8221;]Cht\u011bli byste se z\u00fa\u010dastnit? Napi\u0161te n\u00e1m.[\/elx_heading][elx_o2000_contact_us s=&#8221;Po\u017eadavek z webov\u00fdch str\u00e1nek&#8221; country=&#8221;Czech Republic&#8221; r=&#8221;M\u00edsto pro va\u0161i zpr\u00e1vu&#8230;&#8221; l=&#8221;cz&#8221;][\/vc_column][\/vc_row]<\/p>\n","protected":false},"excerpt":{"rendered":"<p>[vc_row full_width=&#8221;electroluxpro-full-width&#8221;][vc_column][elx_hero_slider label_text_color=&#8221;inherit&#8221; images=&#8221;2281&#8243;][elx_heading font_container=&#8221;h1&#8243; font_size=&#8221;h2&#8243; text_color=&#8221;inherit&#8221;]Odborn\u00e9 praktick\u00e9 semin\u00e1\u0159e[\/elx_heading][\/elx_hero_slider][vc_empty_space][\/vc_column][\/vc_row][vc_row][vc_column][elx_heading text_color=&#8221;inherit&#8221;]Novinky, inspirace, modern\u00ed technologie a postupy[\/elx_heading][vc_empty_space height=&#8221;50&#8243;][\/vc_column][\/vc_row][vc_row][vc_column width=&#8221;2\/3&#8243;][vc_empty_space][vc_column_text]Hled\u00e1te inspiraci, \u010di zp\u016fsob, jak se p\u0159iu\u010dit od t\u011bch nejlep\u0161\u00edch z oboru? Nav\u0161tivte n\u00e1s v Electrolux Professional Center of Excelence v Praze 4 &#8211; Mod\u0159anech. Pod veden\u00edm \u0161pi\u010dkov\u00fdch lektor\u016f z nejlep\u0161\u00edch \u010desk\u00fdch\u00a0restaurac\u00ed a ve spolupr\u00e1ci s t\u00fdmem CzechChefs\u00a0 a [&hellip;]<\/p>\n","protected":false},"author":3,"featured_media":0,"parent":3217,"menu_order":0,"comment_status":"closed","ping_status":"closed","template":"template-seminars.php","meta":{"footnotes":""},"class_list":["post-3163","page","type-page","status-publish","hentry"],"acf":[],"yoast_head":"<!-- This site is optimized with the Yoast SEO plugin v23.3 - https:\/\/yoast.com\/wordpress\/plugins\/seo\/ -->\n<title>Semin\u00e1\u0159e Electrolux Professional &amp; CzechChefs - Electrolux Professional \u010cesk\u00e1 republika<\/title>\n<meta name=\"robots\" content=\"index, follow, max-snippet:-1, max-image-preview:large, max-video-preview:-1\" \/>\n<link rel=\"canonical\" href=\"https:\/\/www.electroluxprofessional.com\/cz\/pro-kuchare\/seminare_electrolux_czechchefs_cz\/\" \/>\n<meta property=\"og:locale\" content=\"cs_CZ\" \/>\n<meta property=\"og:type\" content=\"article\" \/>\n<meta property=\"og:title\" content=\"Semin\u00e1\u0159e Electrolux Professional &amp; CzechChefs - Electrolux Professional \u010cesk\u00e1 republika\" \/>\n<meta property=\"og:description\" content=\"[vc_row full_width=&#8221;electroluxpro-full-width&#8221;][vc_column][elx_hero_slider label_text_color=&#8221;inherit&#8221; images=&#8221;2281&#8243;][elx_heading font_container=&#8221;h1&#8243; font_size=&#8221;h2&#8243; text_color=&#8221;inherit&#8221;]Odborn\u00e9 praktick\u00e9 semin\u00e1\u0159e[\/elx_heading][\/elx_hero_slider][vc_empty_space][\/vc_column][\/vc_row][vc_row][vc_column][elx_heading text_color=&#8221;inherit&#8221;]Novinky, inspirace, modern\u00ed technologie a postupy[\/elx_heading][vc_empty_space height=&#8221;50&#8243;][\/vc_column][\/vc_row][vc_row][vc_column width=&#8221;2\/3&#8243;][vc_empty_space][vc_column_text]Hled\u00e1te inspiraci, \u010di zp\u016fsob, jak se p\u0159iu\u010dit od t\u011bch nejlep\u0161\u00edch z oboru? Nav\u0161tivte n\u00e1s v Electrolux Professional Center of Excelence v Praze 4 &#8211; Mod\u0159anech. Pod veden\u00edm \u0161pi\u010dkov\u00fdch lektor\u016f z nejlep\u0161\u00edch \u010desk\u00fdch\u00a0restaurac\u00ed a ve spolupr\u00e1ci s t\u00fdmem CzechChefs\u00a0 a [&hellip;]\" \/>\n<meta property=\"og:url\" content=\"https:\/\/www.electroluxprofessional.com\/cz\/pro-kuchare\/seminare_electrolux_czechchefs_cz\/\" \/>\n<meta property=\"og:site_name\" content=\"Electrolux Professional \u010cesk\u00e1 republika\" \/>\n<meta property=\"article:publisher\" content=\"https:\/\/www.facebook.com\/electroluxprofessional\" \/>\n<meta property=\"article:modified_time\" content=\"2024-07-01T13:01:31+00:00\" \/>\n<meta name=\"twitter:card\" content=\"summary_large_image\" \/>\n<meta name=\"twitter:site\" content=\"@ElectroluxPro\" \/>\n<meta name=\"twitter:label1\" content=\"Odhadovan\u00e1 doba \u010dten\u00ed\" \/>\n\t<meta name=\"twitter:data1\" content=\"5 minut\" \/>\n<script type=\"application\/ld+json\" class=\"yoast-schema-graph\">{\"@context\":\"https:\/\/schema.org\",\"@graph\":[{\"@type\":\"WebPage\",\"@id\":\"https:\/\/www.electroluxprofessional.com\/cz\/pro-kuchare\/seminare_electrolux_czechchefs_cz\/\",\"url\":\"https:\/\/www.electroluxprofessional.com\/cz\/pro-kuchare\/seminare_electrolux_czechchefs_cz\/\",\"name\":\"Semin\u00e1\u0159e Electrolux Professional & CzechChefs - Electrolux Professional \u010cesk\u00e1 republika\",\"isPartOf\":{\"@id\":\"https:\/\/www.electroluxprofessional.com\/cz\/#website\"},\"datePublished\":\"2017-07-25T14:06:22+00:00\",\"dateModified\":\"2024-07-01T13:01:31+00:00\",\"breadcrumb\":{\"@id\":\"https:\/\/www.electroluxprofessional.com\/cz\/pro-kuchare\/seminare_electrolux_czechchefs_cz\/#breadcrumb\"},\"inLanguage\":\"cs\",\"potentialAction\":[{\"@type\":\"ReadAction\",\"target\":[\"https:\/\/www.electroluxprofessional.com\/cz\/pro-kuchare\/seminare_electrolux_czechchefs_cz\/\"]}]},{\"@type\":\"BreadcrumbList\",\"@id\":\"https:\/\/www.electroluxprofessional.com\/cz\/pro-kuchare\/seminare_electrolux_czechchefs_cz\/#breadcrumb\",\"itemListElement\":[{\"@type\":\"ListItem\",\"position\":1,\"name\":\"Home\",\"item\":\"https:\/\/www.electroluxprofessional.com\/cz\/\"},{\"@type\":\"ListItem\",\"position\":2,\"name\":\"Pro kucha\u0159e\",\"item\":\"https:\/\/www.electroluxprofessional.com\/cz\/pro-kuchare\/\"},{\"@type\":\"ListItem\",\"position\":3,\"name\":\"Semin\u00e1\u0159e Electrolux Professional &#038; CzechChefs\"}]},{\"@type\":\"WebSite\",\"@id\":\"https:\/\/www.electroluxprofessional.com\/cz\/#website\",\"url\":\"https:\/\/www.electroluxprofessional.com\/cz\/\",\"name\":\"Electrolux Professional \u010cesk\u00e1 republika\",\"description\":\"\",\"potentialAction\":[{\"@type\":\"SearchAction\",\"target\":{\"@type\":\"EntryPoint\",\"urlTemplate\":\"https:\/\/www.electroluxprofessional.com\/cz\/?src={search_term_string}\"},\"query-input\":\"required name=search_term_string\"}],\"inLanguage\":\"cs\"}]}<\/script>\n<!-- \/ Yoast SEO plugin. -->","yoast_head_json":{"title":"Semin\u00e1\u0159e Electrolux Professional & CzechChefs - Electrolux Professional \u010cesk\u00e1 republika","robots":{"index":"index","follow":"follow","max-snippet":"max-snippet:-1","max-image-preview":"max-image-preview:large","max-video-preview":"max-video-preview:-1"},"canonical":"https:\/\/www.electroluxprofessional.com\/cz\/pro-kuchare\/seminare_electrolux_czechchefs_cz\/","og_locale":"cs_CZ","og_type":"article","og_title":"Semin\u00e1\u0159e Electrolux Professional & CzechChefs - Electrolux Professional \u010cesk\u00e1 republika","og_description":"[vc_row full_width=&#8221;electroluxpro-full-width&#8221;][vc_column][elx_hero_slider label_text_color=&#8221;inherit&#8221; images=&#8221;2281&#8243;][elx_heading font_container=&#8221;h1&#8243; font_size=&#8221;h2&#8243; text_color=&#8221;inherit&#8221;]Odborn\u00e9 praktick\u00e9 semin\u00e1\u0159e[\/elx_heading][\/elx_hero_slider][vc_empty_space][\/vc_column][\/vc_row][vc_row][vc_column][elx_heading text_color=&#8221;inherit&#8221;]Novinky, inspirace, modern\u00ed technologie a postupy[\/elx_heading][vc_empty_space height=&#8221;50&#8243;][\/vc_column][\/vc_row][vc_row][vc_column width=&#8221;2\/3&#8243;][vc_empty_space][vc_column_text]Hled\u00e1te inspiraci, \u010di zp\u016fsob, jak se p\u0159iu\u010dit od t\u011bch nejlep\u0161\u00edch z oboru? Nav\u0161tivte n\u00e1s v Electrolux Professional Center of Excelence v Praze 4 &#8211; Mod\u0159anech. Pod veden\u00edm \u0161pi\u010dkov\u00fdch lektor\u016f z nejlep\u0161\u00edch \u010desk\u00fdch\u00a0restaurac\u00ed a ve spolupr\u00e1ci s t\u00fdmem CzechChefs\u00a0 a [&hellip;]","og_url":"https:\/\/www.electroluxprofessional.com\/cz\/pro-kuchare\/seminare_electrolux_czechchefs_cz\/","og_site_name":"Electrolux Professional \u010cesk\u00e1 republika","article_publisher":"https:\/\/www.facebook.com\/electroluxprofessional","article_modified_time":"2024-07-01T13:01:31+00:00","twitter_card":"summary_large_image","twitter_site":"@ElectroluxPro","twitter_misc":{"Odhadovan\u00e1 doba \u010dten\u00ed":"5 minut"},"schema":{"@context":"https:\/\/schema.org","@graph":[{"@type":"WebPage","@id":"https:\/\/www.electroluxprofessional.com\/cz\/pro-kuchare\/seminare_electrolux_czechchefs_cz\/","url":"https:\/\/www.electroluxprofessional.com\/cz\/pro-kuchare\/seminare_electrolux_czechchefs_cz\/","name":"Semin\u00e1\u0159e Electrolux Professional & CzechChefs - Electrolux Professional \u010cesk\u00e1 republika","isPartOf":{"@id":"https:\/\/www.electroluxprofessional.com\/cz\/#website"},"datePublished":"2017-07-25T14:06:22+00:00","dateModified":"2024-07-01T13:01:31+00:00","breadcrumb":{"@id":"https:\/\/www.electroluxprofessional.com\/cz\/pro-kuchare\/seminare_electrolux_czechchefs_cz\/#breadcrumb"},"inLanguage":"cs","potentialAction":[{"@type":"ReadAction","target":["https:\/\/www.electroluxprofessional.com\/cz\/pro-kuchare\/seminare_electrolux_czechchefs_cz\/"]}]},{"@type":"BreadcrumbList","@id":"https:\/\/www.electroluxprofessional.com\/cz\/pro-kuchare\/seminare_electrolux_czechchefs_cz\/#breadcrumb","itemListElement":[{"@type":"ListItem","position":1,"name":"Home","item":"https:\/\/www.electroluxprofessional.com\/cz\/"},{"@type":"ListItem","position":2,"name":"Pro kucha\u0159e","item":"https:\/\/www.electroluxprofessional.com\/cz\/pro-kuchare\/"},{"@type":"ListItem","position":3,"name":"Semin\u00e1\u0159e Electrolux Professional &#038; CzechChefs"}]},{"@type":"WebSite","@id":"https:\/\/www.electroluxprofessional.com\/cz\/#website","url":"https:\/\/www.electroluxprofessional.com\/cz\/","name":"Electrolux Professional \u010cesk\u00e1 republika","description":"","potentialAction":[{"@type":"SearchAction","target":{"@type":"EntryPoint","urlTemplate":"https:\/\/www.electroluxprofessional.com\/cz\/?src={search_term_string}"},"query-input":"required name=search_term_string"}],"inLanguage":"cs"}]}},"_links":{"self":[{"href":"https:\/\/www.electroluxprofessional.com\/cz\/wp-json\/wp\/v2\/pages\/3163"}],"collection":[{"href":"https:\/\/www.electroluxprofessional.com\/cz\/wp-json\/wp\/v2\/pages"}],"about":[{"href":"https:\/\/www.electroluxprofessional.com\/cz\/wp-json\/wp\/v2\/types\/page"}],"author":[{"embeddable":true,"href":"https:\/\/www.electroluxprofessional.com\/cz\/wp-json\/wp\/v2\/users\/3"}],"replies":[{"embeddable":true,"href":"https:\/\/www.electroluxprofessional.com\/cz\/wp-json\/wp\/v2\/comments?post=3163"}],"version-history":[{"count":12,"href":"https:\/\/www.electroluxprofessional.com\/cz\/wp-json\/wp\/v2\/pages\/3163\/revisions"}],"predecessor-version":[{"id":12335,"href":"https:\/\/www.electroluxprofessional.com\/cz\/wp-json\/wp\/v2\/pages\/3163\/revisions\/12335"}],"up":[{"embeddable":true,"href":"https:\/\/www.electroluxprofessional.com\/cz\/wp-json\/wp\/v2\/pages\/3217"}],"wp:attachment":[{"href":"https:\/\/www.electroluxprofessional.com\/cz\/wp-json\/wp\/v2\/media?parent=3163"}],"curies":[{"name":"wp","href":"https:\/\/api.w.org\/{rel}","templated":true}]}}