{"id":3087,"date":"2017-02-22T11:35:43","date_gmt":"2017-02-22T10:35:43","guid":{"rendered":"https:\/\/www.electroluxprofessional.com\/?page_id=9797"},"modified":"2025-04-16T13:37:42","modified_gmt":"2025-04-16T13:37:42","slug":"partners-area","status":"publish","type":"page","link":"https:\/\/www.electroluxprofessional.com\/cz\/my-professional\/partners-area\/","title":{"rendered":"Vyhrazen\u00fd p\u0159\u00edstup"},"content":{"rendered":"<div class=\"members-access-error\">\n<p style=\"text-align: center;margin-top: 100px;margin-bottom: 100px\"><a href=\"https:\/\/www.electroluxprofessional.com\/cz\/login\/?redirect_to=https%3A%2F%2Fwww.electroluxprofessional.com%3A443%2Fcz%2Fwp-json%2Fwp%2Fv2%2Fpages%2F3087\"><br \/>\n<img src=\"https:\/\/www.electroluxprofessional.com\/cz\/wp-content\/uploads\/2018\/01\/image001.jpg\" \/><br \/>\nHey! Your are just 1 step away from your content!<br \/>\nLogin to MyProfessional space.<br \/>\n<\/a><\/p>\n<\/div>\n","protected":false},"excerpt":{"rendered":"<div class=\"members-access-error\">\n<p style=\"text-align: center;margin-top: 100px;margin-bottom: 100px\"><a href=\"https:\/\/www.electroluxprofessional.com\/cz\/login\/?redirect_to=https%3A%2F%2Fwww.electroluxprofessional.com%3A443%2Fcz%2Fwp-json%2Fwp%2Fv2%2Fpages%2F3087\"><br \/>\n<img src=\"https:\/\/www.electroluxprofessional.com\/cz\/wp-content\/uploads\/2018\/01\/image001.jpg\" \/><br \/>\nHey! Your are just 1 step away from your content!<br \/>\nLogin to MyProfessional space.<br \/>\n<\/a><\/p>\n<\/div>\n","protected":false},"author":1,"featured_media":0,"parent":3078,"menu_order":0,"comment_status":"closed","ping_status":"closed","template":"","meta":{"footnotes":""},"class_list":["post-3087","page","type-page","status-publish","hentry"],"acf":[],"yoast_head":"<!-- This site is optimized with the Yoast SEO plugin v23.3 - https:\/\/yoast.com\/wordpress\/plugins\/seo\/ -->\n<title>Vyhrazen\u00fd p\u0159\u00edstup - Electrolux Professional \u010cesk\u00e1 republika<\/title>\n<meta name=\"description\" content=\"Reserved area for our Partners. ToolBox is the private area where our Partners can find the tools for pre-sale, sales and after-sales business activities.\" \/>\n<meta name=\"robots\" content=\"index, follow, max-snippet:-1, max-image-preview:large, max-video-preview:-1\" \/>\n<link rel=\"canonical\" href=\"https:\/\/www.electroluxprofessional.com\/cz\/my-professional\/partners-area\/\" \/>\n<meta property=\"og:locale\" content=\"cs_CZ\" \/>\n<meta property=\"og:type\" content=\"article\" \/>\n<meta property=\"og:title\" content=\"Vyhrazen\u00fd p\u0159\u00edstup - Electrolux Professional \u010cesk\u00e1 republika\" \/>\n<meta property=\"og:description\" content=\"Reserved area for our Partners. ToolBox is the private area where our Partners can find the tools for pre-sale, sales and after-sales business activities.\" \/>\n<meta property=\"og:url\" content=\"https:\/\/www.electroluxprofessional.com\/cz\/my-professional\/partners-area\/\" \/>\n<meta property=\"og:site_name\" content=\"Electrolux Professional \u010cesk\u00e1 republika\" \/>\n<meta property=\"article:publisher\" content=\"https:\/\/www.facebook.com\/electroluxprofessional\" \/>\n<meta property=\"article:modified_time\" content=\"2025-04-16T13:37:42+00:00\" \/>\n<meta name=\"twitter:card\" content=\"summary_large_image\" \/>\n<meta name=\"twitter:site\" content=\"@ElectroluxPro\" \/>\n<meta name=\"twitter:label1\" content=\"Odhadovan\u00e1 doba \u010dten\u00ed\" \/>\n\t<meta name=\"twitter:data1\" content=\"1 minuta\" \/>\n<script type=\"application\/ld+json\" class=\"yoast-schema-graph\">{\"@context\":\"https:\/\/schema.org\",\"@graph\":[{\"@type\":\"WebPage\",\"@id\":\"https:\/\/www.electroluxprofessional.com\/cz\/my-professional\/partners-area\/\",\"url\":\"https:\/\/www.electroluxprofessional.com\/cz\/my-professional\/partners-area\/\",\"name\":\"Vyhrazen\u00fd p\u0159\u00edstup - Electrolux Professional \u010cesk\u00e1 republika\",\"isPartOf\":{\"@id\":\"https:\/\/www.electroluxprofessional.com\/cz\/#website\"},\"datePublished\":\"2017-02-22T10:35:43+00:00\",\"dateModified\":\"2025-04-16T13:37:42+00:00\",\"description\":\"Reserved area for our Partners. ToolBox is the private area where our Partners can find the tools for pre-sale, sales and after-sales business activities.\",\"breadcrumb\":{\"@id\":\"https:\/\/www.electroluxprofessional.com\/cz\/my-professional\/partners-area\/#breadcrumb\"},\"inLanguage\":\"cs\",\"potentialAction\":[{\"@type\":\"ReadAction\",\"target\":[\"https:\/\/www.electroluxprofessional.com\/cz\/my-professional\/partners-area\/\"]}]},{\"@type\":\"BreadcrumbList\",\"@id\":\"https:\/\/www.electroluxprofessional.com\/cz\/my-professional\/partners-area\/#breadcrumb\",\"itemListElement\":[{\"@type\":\"ListItem\",\"position\":1,\"name\":\"Home\",\"item\":\"https:\/\/www.electroluxprofessional.com\/cz\/\"},{\"@type\":\"ListItem\",\"position\":2,\"name\":\"MyProfessional\",\"item\":\"https:\/\/www.electroluxprofessional.com\/cz\/my-professional\/\"},{\"@type\":\"ListItem\",\"position\":3,\"name\":\"Vyhrazen\u00fd p\u0159\u00edstup\"}]},{\"@type\":\"WebSite\",\"@id\":\"https:\/\/www.electroluxprofessional.com\/cz\/#website\",\"url\":\"https:\/\/www.electroluxprofessional.com\/cz\/\",\"name\":\"Electrolux Professional \u010cesk\u00e1 republika\",\"description\":\"\",\"potentialAction\":[{\"@type\":\"SearchAction\",\"target\":{\"@type\":\"EntryPoint\",\"urlTemplate\":\"https:\/\/www.electroluxprofessional.com\/cz\/?src={search_term_string}\"},\"query-input\":\"required name=search_term_string\"}],\"inLanguage\":\"cs\"}]}<\/script>\n<!-- \/ Yoast SEO plugin. -->","yoast_head_json":{"title":"Vyhrazen\u00fd p\u0159\u00edstup - Electrolux Professional \u010cesk\u00e1 republika","description":"Reserved area for our Partners. ToolBox is the private area where our Partners can find the tools for pre-sale, sales and after-sales business activities.","robots":{"index":"index","follow":"follow","max-snippet":"max-snippet:-1","max-image-preview":"max-image-preview:large","max-video-preview":"max-video-preview:-1"},"canonical":"https:\/\/www.electroluxprofessional.com\/cz\/my-professional\/partners-area\/","og_locale":"cs_CZ","og_type":"article","og_title":"Vyhrazen\u00fd p\u0159\u00edstup - Electrolux Professional \u010cesk\u00e1 republika","og_description":"Reserved area for our Partners. ToolBox is the private area where our Partners can find the tools for pre-sale, sales and after-sales business activities.","og_url":"https:\/\/www.electroluxprofessional.com\/cz\/my-professional\/partners-area\/","og_site_name":"Electrolux Professional \u010cesk\u00e1 republika","article_publisher":"https:\/\/www.facebook.com\/electroluxprofessional","article_modified_time":"2025-04-16T13:37:42+00:00","twitter_card":"summary_large_image","twitter_site":"@ElectroluxPro","twitter_misc":{"Odhadovan\u00e1 doba \u010dten\u00ed":"1 minuta"},"schema":{"@context":"https:\/\/schema.org","@graph":[{"@type":"WebPage","@id":"https:\/\/www.electroluxprofessional.com\/cz\/my-professional\/partners-area\/","url":"https:\/\/www.electroluxprofessional.com\/cz\/my-professional\/partners-area\/","name":"Vyhrazen\u00fd p\u0159\u00edstup - Electrolux Professional \u010cesk\u00e1 republika","isPartOf":{"@id":"https:\/\/www.electroluxprofessional.com\/cz\/#website"},"datePublished":"2017-02-22T10:35:43+00:00","dateModified":"2025-04-16T13:37:42+00:00","description":"Reserved area for our Partners. ToolBox is the private area where our Partners can find the tools for pre-sale, sales and after-sales business activities.","breadcrumb":{"@id":"https:\/\/www.electroluxprofessional.com\/cz\/my-professional\/partners-area\/#breadcrumb"},"inLanguage":"cs","potentialAction":[{"@type":"ReadAction","target":["https:\/\/www.electroluxprofessional.com\/cz\/my-professional\/partners-area\/"]}]},{"@type":"BreadcrumbList","@id":"https:\/\/www.electroluxprofessional.com\/cz\/my-professional\/partners-area\/#breadcrumb","itemListElement":[{"@type":"ListItem","position":1,"name":"Home","item":"https:\/\/www.electroluxprofessional.com\/cz\/"},{"@type":"ListItem","position":2,"name":"MyProfessional","item":"https:\/\/www.electroluxprofessional.com\/cz\/my-professional\/"},{"@type":"ListItem","position":3,"name":"Vyhrazen\u00fd p\u0159\u00edstup"}]},{"@type":"WebSite","@id":"https:\/\/www.electroluxprofessional.com\/cz\/#website","url":"https:\/\/www.electroluxprofessional.com\/cz\/","name":"Electrolux Professional \u010cesk\u00e1 republika","description":"","potentialAction":[{"@type":"SearchAction","target":{"@type":"EntryPoint","urlTemplate":"https:\/\/www.electroluxprofessional.com\/cz\/?src={search_term_string}"},"query-input":"required name=search_term_string"}],"inLanguage":"cs"}]}},"_links":{"self":[{"href":"https:\/\/www.electroluxprofessional.com\/cz\/wp-json\/wp\/v2\/pages\/3087"}],"collection":[{"href":"https:\/\/www.electroluxprofessional.com\/cz\/wp-json\/wp\/v2\/pages"}],"about":[{"href":"https:\/\/www.electroluxprofessional.com\/cz\/wp-json\/wp\/v2\/types\/page"}],"author":[{"embeddable":true,"href":"https:\/\/www.electroluxprofessional.com\/cz\/wp-json\/wp\/v2\/users\/1"}],"replies":[{"embeddable":true,"href":"https:\/\/www.electroluxprofessional.com\/cz\/wp-json\/wp\/v2\/comments?post=3087"}],"version-history":[{"count":13,"href":"https:\/\/www.electroluxprofessional.com\/cz\/wp-json\/wp\/v2\/pages\/3087\/revisions"}],"predecessor-version":[{"id":13489,"href":"https:\/\/www.electroluxprofessional.com\/cz\/wp-json\/wp\/v2\/pages\/3087\/revisions\/13489"}],"up":[{"embeddable":true,"href":"https:\/\/www.electroluxprofessional.com\/cz\/wp-json\/wp\/v2\/pages\/3078"}],"wp:attachment":[{"href":"https:\/\/www.electroluxprofessional.com\/cz\/wp-json\/wp\/v2\/media?parent=3087"}],"curies":[{"name":"wp","href":"https:\/\/api.w.org\/{rel}","templated":true}]}}