{"id":2946,"date":"2017-06-20T18:06:59","date_gmt":"2017-06-20T17:06:59","guid":{"rendered":"https:\/\/www.electroluxprofessional.com\/cz\/?page_id=2946"},"modified":"2020-05-19T17:22:09","modified_gmt":"2020-05-19T17:22:09","slug":"energy-labeling","status":"publish","type":"page","link":"https:\/\/www.electroluxprofessional.com\/cz\/commercial-kitchen-equipment\/energy-labeling\/","title":{"rendered":"Energetick\u00e9 \u0161t\u00edtky"},"content":{"rendered":"<p>[vc_row full_width=&#8221;electroluxpro-full-width-no-padding&#8221;][vc_column][elx_image_block background_image=&#8221;1927&#8243; minimum_height=&#8221;400px&#8221;][vc_empty_space][\/vc_column][\/vc_row][vc_row][vc_column][elx_heading font_container=&#8221;h1&#8243; font_size=&#8221;h2&#8243; text_color=&#8221;inherit&#8221; text_align=&#8221;text-center&#8221;]Electrolux Professional aplikuje<br \/>\nnov\u00e9 evropsk\u00e9 energetick\u00e9 \u0161t\u00edtky<br \/>\nu profesion\u00e1ln\u00edho chlazen\u00ed[\/elx_heading][vc_empty_space][\/vc_column][\/vc_row][vc_row][vc_column][vc_empty_space][vc_column_text]<\/p>\n<h3 style=\"text-align: center;\"><strong>Povinn\u00e9 ozna\u010dov\u00e1n\u00ed profesion\u00e1ln\u00edch chladic\u00edch sk\u0159\u00edn\u00ed a stol\u016f\u00a0energetick\u00fdmi \u0161t\u00edtky, prod\u00e1van\u00fdch v Evrop\u011b,<br \/>\n<\/strong><strong> je \u00fa\u010dinn\u00e9 ji\u017e od \u010dervence 2016.<\/strong><\/h3>\n<p>[\/vc_column_text][vc_empty_space][\/vc_column][\/vc_row][vc_row][vc_column width=&#8221;1\/4&#8243;][vc_single_image image=&#8221;5547&#8243; img_size=&#8221;full&#8221;][\/vc_column][vc_column width=&#8221;3\/4&#8243;][vc_column_text]<\/p>\n<p class=\"bm4 tm4 rm40\">\u0160t\u00edtky maj\u00ed slou\u017eit k jednoduch\u00e9, ale exaktn\u00ed orientaci v \u00a0energetick\u00e9 \u00fa\u010dinnosti profesion\u00e1ln\u00edch chlad\u00edc\u00edch za\u0159\u00edzen\u00ed a krom\u011b ekonomiky provozu budou tak\u00e9 p\u0159isp\u00edvat k ochran\u011b \u017eivotn\u00edho prost\u0159ed\u00ed.<\/p>\n<p class=\"bm4 tm4 rm40\"><strong>Kategorizace m\u00e1 za c\u00edl poskytnout p\u0159esnou a srovnatelnou klasifikaci zalo\u017eenou na spot\u0159eb\u00e1ch energie a schopnosti za\u0159\u00edzen\u00ed \u00fa\u010dinn\u011b fungovat za r\u016fzn\u00fdch podm\u00ednek okoln\u00edho prost\u0159ed\u00ed.<\/strong><\/p>\n<p class=\"bm4 tm4 rm40\">Bezersporu je jedn\u00e1 o miln\u00edk v profesion\u00e1ln\u00edch v\u00fdrobc\u00edch. Energetick\u00fd \u0161t\u00edtek EU opravdu pom\u016f\u017ee z\u00e1kazn\u00edk\u016fm rozpoznat rozd\u00edly, pokud si cht\u011bj\u00ed vybrat lednici \u010di mraz\u00e1k podle objektivn\u00edch informac\u00ed (spot\u0159eba energie, skute\u010dn\u011b vyu\u017eiteln\u00fd \u010dist\u00fd objem, provozn\u00ed podm\u00ednky).<\/p>\n<p class=\"bm4 tm4 rm40\">Electrolux chlazen\u00ed bylo v\u017edy v \u010dele obdobn\u00fdch za\u0159\u00edzen\u00ed, pokud jde o spolehliv\u00e9 a n\u00e1kladov\u011b efektivn\u00ed chlazen\u00ed, a proto Electrolux v\u00edt\u00e1 nov\u00fd syst\u00e9m ozna\u010dov\u00e1n\u00ed, jeho\u017e c\u00edlem je zajistit v\u011bt\u0161\u00ed \u00fa\u010dinnost a v\u00fdkon pro sv\u00e9 z\u00e1kazn\u00edky.<\/p>\n<p>[\/vc_column_text][\/vc_column][\/vc_row][vc_row][vc_column][vc_empty_space][elx_heading font_container=&#8221;h3&#8243; font_size=&#8221;h3&#8243; text_color=&#8221;inherit&#8221;]Electrolux p\u0159in\u00e1\u0161\u00ed nekompromisn\u00ed, hol\u00e1 fakta o energetick\u00fdch \u0161t\u00edtc\u00edch pro profesion\u00e1ln\u00ed chlazen\u00ed![\/elx_heading][vc_empty_space height=&#8221;50&#8243;][\/vc_column][\/vc_row][vc_row][vc_column width=&#8221;1\/2&#8243;][elx_icons icon_electroluxpro=&#8221;elx-icon icon-circle-questionmark-cta&#8221;][elx_heading font_size=&#8221;h4&#8243; text_color=&#8221;inherit&#8221; text_align=&#8221;text-left&#8221;]Ot\u00e1zka: Co to jsou Evropsk\u00e9 energetick\u00e9 \u0161t\u00edtky?[\/elx_heading][vc_column_text]<\/p>\n<p class=\"bm4 tm4 rm40\"><strong>Odpov\u011b\u010f:<\/strong> Jedn\u00e1 se o n\u00e1stroj vyvinut\u00fd pro poskytov\u00e1n\u00ed jasn\u00fdch a objektivn\u00edch informac\u00ed koncov\u00fdm z\u00e1kazn\u00edk\u016f o<\/p>\n<ul>\n<li>spot\u0159eb\u011b energie<\/li>\n<li>netto vyu\u017eiteln\u00e9m objemu<\/li>\n<li>v\u00fdkonu p\u0159i r\u016fzn\u00e9 teplot\u011b okoln\u00edho prost\u0159ed\u00ed<\/li>\n<\/ul>\n<p>[\/vc_column_text][\/vc_column][vc_column width=&#8221;1\/2&#8243;][elx_icons icon_electroluxpro=&#8221;elx-icon icon-circle-questionmark-cta&#8221;][elx_heading font_size=&#8221;h4&#8243; text_color=&#8221;inherit&#8221; text_align=&#8221;text-left&#8221;]Ot\u00e1zka: Jak to bude fungovat?[\/elx_heading][vc_column_text]<\/p>\n<p class=\"bm4 tm4 rm40\"><strong>Odpov\u011b\u010f: <\/strong>Energetick\u00e9 \u0161t\u00edtkov\u00e1n\u00ed skladovac\u00edch chladic\u00edch sk\u0159\u00edn\u00ed <strong>vstoupilo v platnost dne 1. \u010dervence 2016 a je povinn\u00e9 v cel\u00e9 EU a tud\u00ed\u017e i v \u010cesk\u00e9 republice.<\/strong><\/p>\n<p class=\"bm4 tm4 rm40\">Od t\u00e9 doby v\u0161echny profesion\u00e1ln\u00ed chlad\u00edc\u00ed sk\u0159\u00edn\u011b mus\u00ed b\u00fdt dod\u00e1v\u00e1ny s energetick\u00fdm \u0161t\u00edtkem, kter\u00fd ukazuje, jak efektivn\u00ed je p\u0159\u00edslu\u0161n\u00fd model. Jak\u00e1koliv za\u0159\u00edzen\u00ed prod\u00e1van\u00e1 po tomto datu mus\u00ed m\u00edt ozna\u010den\u00ed energetick\u00e9 t\u0159\u00eddy G nebo vy\u0161\u0161\u00ed<\/p>\n<p>[\/vc_column_text][\/vc_column][\/vc_row][vc_row][vc_column width=&#8221;1\/2&#8243;][elx_icons icon_electroluxpro=&#8221;elx-icon icon-circle-questionmark-cta&#8221;][elx_heading font_size=&#8221;h4&#8243; text_color=&#8221;inherit&#8221; text_align=&#8221;text-left&#8221;]Ot\u00e1zka: Jak\u00e9 v\u00fdhody p\u0159in\u00e1\u0161\u00ed energetick\u00e9 \u0161t\u00edtky pro profesion\u00e1ln\u00ed u\u017eivatele t\u011bchto za\u0159\u00edzen\u00ed?[\/elx_heading][vc_column_text]<\/p>\n<p class=\"bm4 tm4 rm40\"><strong>Odpov\u011b\u010f:<\/strong> N\u00e1roky kladen\u00e9 na profesion\u00e1ln\u00ed chladic\u00ed sk\u0159\u00edn\u011b jsou mnohem vy\u0161\u0161\u00ed ne\u017e na\u00a0 chladni\u010dky pro dom\u00e1c\u00ed vyu\u017eit\u00ed. T\u00edm, \u017ee jim pom\u016f\u017ee jasn\u011b porovn\u00e1vat sk\u0159\u00edn\u011b p\u0159ed rozhodnut\u00edm o n\u00e1kupu, budou energetick\u00e9 \u0161t\u00edtky umo\u017e\u0148ovat z\u00e1kazn\u00edk\u016fm zvolit ta za\u0159\u00edzen\u00ed, kter\u00e1 budou nejen \u0161etrn\u011bj\u0161\u00ed k \u017eivotn\u00edmu prost\u0159ed\u00ed, ale i ekonomicky v\u00fdhodn\u011bj\u0161\u00ed pro jejich podnik\u00e1n\u00ed.<\/p>\n<p>[\/vc_column_text][\/vc_column][vc_column width=&#8221;1\/2&#8243;][elx_icons icon_electroluxpro=&#8221;elx-icon icon-circle-questionmark-cta&#8221;][elx_heading font_size=&#8221;h4&#8243; text_color=&#8221;inherit&#8221; text_align=&#8221;text-left&#8221;]Ot\u00e1zka: Jak\u00e9 informace lze ze \u0161t\u00edtk\u016f vy\u010d\u00edst?[\/elx_heading][vc_column_text]<\/p>\n<p class=\"bm4 tm4 rm40\"><strong>Odpov\u011b\u010f:\u00a0<\/strong>\u00a0\u0160t\u00edtek poskytne objektivn\u00ed informace o:<\/p>\n<ul>\n<li>ro\u010dn\u00ed spot\u0159eb\u011b energie, umo\u017e\u0148uj\u00edc\u00ed z\u00e1kazn\u00edk\u016fm l\u00e9pe rozhodovat a pl\u00e1novat sv\u00e9 n\u00e1klady na energie<\/li>\n<li>netto objemu (netto vyu\u017eiteln\u00fd objem pro skladov\u00e1n\u00ed) sk\u0159\u00edn\u011b a t\u00edm i pl\u00e1nov\u00e1n\u00ed ide\u00e1ln\u00edm po\u010dtu a typu za\u0159\u00edzen\u00ed pro pot\u0159eby jejich provozu<\/li>\n<li>podm\u00ednk\u00e1ch, p\u0159i kter\u00fdch chladic\u00ed \u010di mrazic\u00ed sk\u0159\u00ed\u0148 garantuje spr\u00e1vn\u00e9 skladov\u00e1n\u00ed (\u00farove\u0148 3, 4 nebo 5 \u2013 kde 5\u00a0 p\u0159edstavuje podm\u00ednky panuj\u00edc\u00ed ve skute\u010dn\u00e9 profesion\u00e1ln\u00ed kuchyni, tj. 40\u00b0C teplota okol\u00ed a 40% vlhkost)<\/li>\n<\/ul>\n<p>[\/vc_column_text][\/vc_column][\/vc_row][vc_row][vc_column width=&#8221;1\/2&#8243;][elx_icons icon_electroluxpro=&#8221;elx-icon icon-circle-questionmark-cta&#8221;][elx_heading font_size=&#8221;h4&#8243; text_color=&#8221;inherit&#8221; text_align=&#8221;text-left&#8221;]Ot\u00e1zka: Jak se li\u0161\u00ed energetick\u00fd \u0161t\u00edtek profesion\u00e1ln\u00edch sk\u0159\u00edn\u00ed od energetick\u00e9ho \u0161t\u00edtku dom\u00e1c\u00edch spot\u0159ebi\u010d\u016f?[\/elx_heading][vc_column_text]<\/p>\n<p class=\"bm4 tm4 rm40\"><strong>Odpov\u011b\u010f:<\/strong> Profesion\u00e1ln\u00ed a dom\u00e1c\u00ed chladic\u00ed za\u0159\u00edzen\u00ed jsou testov\u00e1na \u00a0za zcela odli\u0161n\u00fdch podm\u00ednek: u profesion\u00e1ln\u00edch se testuje jako p\u0159i re\u00e1ln\u00e9m pou\u017eit\u00ed v\u00a0profesion\u00e1ln\u00ed kuchyni s\u00a0\u010dast\u00fdm otev\u00edr\u00e1n\u00edm dve\u0159\u00ed a okoln\u00ed teplotou a\u017e 40\u00b0C; naproti tomu u dom\u00e1c\u00edch spot\u0159ebi\u010d\u016f se testuje jako p\u0159i pou\u017eit\u00ed v\u00a0dom\u00e1cnostech s okoln\u00ed teplotou pouh\u00fdch 25\u00b0C a p\u0159i zav\u0159en\u00fdch dve\u0159\u00edch.<\/p>\n<p>[\/vc_column_text][\/vc_column][vc_column width=&#8221;1\/2&#8243;][elx_icons icon_electroluxpro=&#8221;elx-icon icon-circle-questionmark-cta&#8221;][elx_heading font_size=&#8221;h4&#8243; text_color=&#8221;inherit&#8221; text_align=&#8221;text-left&#8221;]Ot\u00e1zka: Jak se Electrolux Professional p\u0159ipravoval na tuto novou legislativu?[\/elx_heading][vc_column_text]<\/p>\n<p class=\"bm4 tm4 rm40\"><strong>Odpov\u011b\u010f: <\/strong>Uv\u00edtali jsme Na\u0159\u00edzen\u00ed Komise o Energetick\u00fdch \u0161t\u00edtc\u00edch optimalizac\u00ed na\u0161ich v\u00fdrobk\u016f, a to jak z\u00a0hlediska energetick\u00e9 \u00fa\u010dinnosti, tak i celkov\u00e9 v\u00fdkonnosti za\u0159\u00edzen\u00ed. <strong>Nejnov\u011bj\u0161\u00ed generace ecostore sk\u0159\u00edn\u00ed pln\u011b odpov\u00edd\u00e1 po\u017eadavk\u016fm<\/strong> stanoven\u00fdm <strong>pro nejvy\u0161\u0161\u00ed t\u0159\u00eddu \u00fa\u010dinnosti<\/strong> a je sou\u010d\u00e1st\u00ed nov\u00e9 \u0159ady chladic\u00edch za\u0159\u00edzen\u00ed, kter\u00e1 pou\u017e\u00edvaj\u00ed m\u00e9n\u011b energie a poskytuj\u00ed v\u011bt\u0161\u00ed kapacitu \u2013 nab\u00edz\u00ed firm\u00e1m maxim\u00e1ln\u00ed n\u00e1vratnost jejich investic.<\/p>\n<p>[\/vc_column_text][\/vc_column][\/vc_row][vc_row][vc_column width=&#8221;1\/2&#8243;][elx_video_block background_image=&#8221;1054&#8243; video_link=&#8221;https:\/\/www.youtube.com\/watch?v=_0KtaFIQdMI&#8221; minimum_height=&#8221;260px&#8221;][vc_column_text]Ecostore<sup>HP<\/sup> &#8211; top class refrigeration[\/vc_column_text][\/vc_column][vc_column width=&#8221;1\/2&#8243;][elx_video_block background_image=&#8221;1928&#8243; video_link=&#8221;https:\/\/www.youtube.com\/watch?v=ZkV1MCl8dgg&#8221; minimum_height=&#8221;260px&#8221;][vc_column_text]ecostore chlad\u00edc\u00ed a mraz\u00edc\u00ed sk\u0159\u00edn\u011b (CZ)[\/vc_column_text][\/vc_column][\/vc_row][vc_row][vc_column width=&#8221;1\/4&#8243;][elx_download_block text=&#8221;Bro\u017eura<br \/>\necostore (CZ)&#8221; link=&#8221;files.professional.electrolux.com\/docs\/?n=BR-9JEFI&amp;b=5&amp;l=21&#8243; background_color=&#8221;restaurant&#8221; reveal_effect=&#8221;&#8221; reveal_duration=&#8221;&#8221; reveal_delay=&#8221;&#8221;][\/vc_column][vc_column width=&#8221;1\/4&#8243;][elx_download_block text=&#8221;ecostore<br \/>\necoguide (CZ)&#8221; link=&#8221;files.professional.electrolux.com\/docs\/?n=ECO-9JEFT&amp;b=5&amp;l=21&#8243; background_color=&#8221;restaurant&#8221; reveal_effect=&#8221;&#8221; reveal_duration=&#8221;&#8221; reveal_delay=&#8221;&#8221;][\/vc_column][vc_column width=&#8221;1\/4&#8243;][elx_download_block text=&#8221;Chlazen\u00e9 stoly<br \/>\necostore&#8221; link_target=&#8221;self&#8221; link=&#8221;https:\/\/www.electroluxprofessional.com\/cz\/commercial-kitchen-equipment\/refrigerated-counters\/&#8221; background_color=&#8221;electrolux-blue&#8221; reveal_effect=&#8221;&#8221; reveal_duration=&#8221;&#8221; reveal_delay=&#8221;&#8221; background_image=&#8221;2576&#8243;][\/vc_column][vc_column width=&#8221;1\/4&#8243;][elx_download_block text=&#8221;Chlad\u00edc\u00ed sk\u0159\u00edn\u011b<br \/>\necostore&#8221; link_target=&#8221;self&#8221; link=&#8221;https:\/\/www.electroluxprofessional.com\/cz\/commercial-kitchen-equipment\/refrigerated-cabinets\/&#8221; background_color=&#8221;electrolux-blue&#8221; background_hover_color=&#8221;lighter-hover&#8221; reveal_effect=&#8221;&#8221; reveal_duration=&#8221;&#8221; reveal_delay=&#8221;&#8221; background_image=&#8221;1053&#8243;][\/vc_column][\/vc_row][vc_row][vc_column][vc_empty_space height=&#8221;50px&#8221;][elx_heading font_size=&#8221;h3&#8243; text_color=&#8221;inherit&#8221; text_align=&#8221;text-center&#8221;]Mohlo by V\u00e1s tak\u00e9 zaj\u00edmat&#8230;[\/elx_heading][\/vc_column][\/vc_row][vc_row][vc_column width=&#8221;1\/3&#8243;][elx_maylike_box id_box=&#8221;1591&#8243;][\/vc_column][vc_column width=&#8221;1\/3&#8243;][elx_maylike_box id_box=&#8221;1225&#8243;][\/vc_column][vc_column width=&#8221;1\/3&#8243;][elx_maylike_box id_box=&#8221;1380&#8243;][\/vc_column][\/vc_row][vc_row][vc_column][vc_empty_space height=&#8221;50px&#8221;][elx_heading text_color=&#8221;inherit&#8221;]Nena\u0161li jste to, co jste hledali? Napi\u0161te n\u00e1m.[\/elx_heading][elx_o2000_contact_us r=&#8221;M\u00edsto pro va\u0161i zpr\u00e1vu&#8230;&#8221; s=&#8221;Po\u017eadavek z webov\u00fdch str\u00e1nek: chlazen\u00ed&#8221; country=&#8221;Czech Republic&#8221; l=&#8221;cz&#8221; container=&#8221;elxcontactus1497376426&#8243;][vc_empty_space height=&#8221;50px&#8221;][\/vc_column][\/vc_row][vc_row][vc_column][vc_column_text]<\/p>\n<p>[\/vc_column_text][\/vc_column][\/vc_row]<\/p>\n","protected":false},"excerpt":{"rendered":"<p>[vc_row full_width=&#8221;electroluxpro-full-width-no-padding&#8221;][vc_column][elx_image_block background_image=&#8221;1927&#8243; minimum_height=&#8221;400px&#8221;][vc_empty_space][\/vc_column][\/vc_row][vc_row][vc_column][elx_heading font_container=&#8221;h1&#8243; font_size=&#8221;h2&#8243; text_color=&#8221;inherit&#8221; text_align=&#8221;text-center&#8221;]Electrolux Professional aplikuje nov\u00e9 evropsk\u00e9 energetick\u00e9 \u0161t\u00edtky u profesion\u00e1ln\u00edho chlazen\u00ed[\/elx_heading][vc_empty_space][\/vc_column][\/vc_row][vc_row][vc_column][vc_empty_space][vc_column_text] Povinn\u00e9 ozna\u010dov\u00e1n\u00ed profesion\u00e1ln\u00edch chladic\u00edch sk\u0159\u00edn\u00ed a stol\u016f\u00a0energetick\u00fdmi \u0161t\u00edtky, prod\u00e1van\u00fdch v Evrop\u011b, je \u00fa\u010dinn\u00e9 ji\u017e od \u010dervence 2016. [\/vc_column_text][vc_empty_space][\/vc_column][\/vc_row][vc_row][vc_column width=&#8221;1\/4&#8243;][vc_single_image image=&#8221;5547&#8243; img_size=&#8221;full&#8221;][\/vc_column][vc_column width=&#8221;3\/4&#8243;][vc_column_text] \u0160t\u00edtky maj\u00ed slou\u017eit k jednoduch\u00e9, ale exaktn\u00ed orientaci v \u00a0energetick\u00e9 \u00fa\u010dinnosti profesion\u00e1ln\u00edch chlad\u00edc\u00edch za\u0159\u00edzen\u00ed a krom\u011b [&hellip;]<\/p>\n","protected":false},"author":3,"featured_media":1654,"parent":1155,"menu_order":0,"comment_status":"closed","ping_status":"closed","template":"","meta":{"footnotes":""},"class_list":["post-2946","page","type-page","status-publish","has-post-thumbnail","hentry"],"acf":[],"yoast_head":"<!-- This site is optimized with the Yoast SEO plugin v23.3 - https:\/\/yoast.com\/wordpress\/plugins\/seo\/ -->\n<title>Energetick\u00e9 \u0161t\u00edtky - Electrolux Professional \u010cesk\u00e1 republika<\/title>\n<meta name=\"description\" content=\"ecostore refrigerated cabinets: a true masterpiece of preservation in class A 5. More capacity and best in class in energy efficiency.\" \/>\n<meta name=\"robots\" content=\"index, follow, max-snippet:-1, max-image-preview:large, max-video-preview:-1\" \/>\n<link rel=\"canonical\" href=\"https:\/\/www.electroluxprofessional.com\/cz\/commercial-kitchen-equipment\/energy-labeling\/\" \/>\n<meta property=\"og:locale\" content=\"cs_CZ\" \/>\n<meta property=\"og:type\" content=\"article\" \/>\n<meta property=\"og:title\" content=\"Energetick\u00e9 \u0161t\u00edtky - Electrolux Professional \u010cesk\u00e1 republika\" \/>\n<meta property=\"og:description\" content=\"ecostore refrigerated cabinets: a true masterpiece of preservation in class A 5. More capacity and best in class in energy efficiency.\" \/>\n<meta property=\"og:url\" content=\"https:\/\/www.electroluxprofessional.com\/cz\/commercial-kitchen-equipment\/energy-labeling\/\" \/>\n<meta property=\"og:site_name\" content=\"Electrolux Professional \u010cesk\u00e1 republika\" \/>\n<meta property=\"article:publisher\" content=\"https:\/\/www.facebook.com\/electroluxprofessional\" \/>\n<meta property=\"article:modified_time\" content=\"2020-05-19T17:22:09+00:00\" \/>\n<meta property=\"og:image\" content=\"https:\/\/www.electroluxprofessional.com\/cz\/wp-content\/uploads\/2016\/05\/refrigeration-kitchen-preparation.jpg\" \/>\n\t<meta property=\"og:image:width\" content=\"995\" \/>\n\t<meta property=\"og:image:height\" content=\"666\" \/>\n\t<meta property=\"og:image:type\" content=\"image\/jpeg\" \/>\n<meta name=\"twitter:card\" content=\"summary_large_image\" \/>\n<meta name=\"twitter:site\" content=\"@ElectroluxPro\" \/>\n<meta name=\"twitter:label1\" content=\"Odhadovan\u00e1 doba \u010dten\u00ed\" \/>\n\t<meta name=\"twitter:data1\" content=\"7 minut\" \/>\n<script type=\"application\/ld+json\" class=\"yoast-schema-graph\">{\"@context\":\"https:\/\/schema.org\",\"@graph\":[{\"@type\":\"WebPage\",\"@id\":\"https:\/\/www.electroluxprofessional.com\/cz\/commercial-kitchen-equipment\/energy-labeling\/\",\"url\":\"https:\/\/www.electroluxprofessional.com\/cz\/commercial-kitchen-equipment\/energy-labeling\/\",\"name\":\"Energetick\u00e9 \u0161t\u00edtky - Electrolux Professional \u010cesk\u00e1 republika\",\"isPartOf\":{\"@id\":\"https:\/\/www.electroluxprofessional.com\/cz\/#website\"},\"primaryImageOfPage\":{\"@id\":\"https:\/\/www.electroluxprofessional.com\/cz\/commercial-kitchen-equipment\/energy-labeling\/#primaryimage\"},\"image\":{\"@id\":\"https:\/\/www.electroluxprofessional.com\/cz\/commercial-kitchen-equipment\/energy-labeling\/#primaryimage\"},\"thumbnailUrl\":\"https:\/\/www.electroluxprofessional.com\/cz\/wp-content\/uploads\/2016\/05\/refrigeration-kitchen-preparation.jpg\",\"datePublished\":\"2017-06-20T17:06:59+00:00\",\"dateModified\":\"2020-05-19T17:22:09+00:00\",\"description\":\"ecostore refrigerated cabinets: a true masterpiece of preservation in class A 5. More capacity and best in class in energy efficiency.\",\"breadcrumb\":{\"@id\":\"https:\/\/www.electroluxprofessional.com\/cz\/commercial-kitchen-equipment\/energy-labeling\/#breadcrumb\"},\"inLanguage\":\"cs\",\"potentialAction\":[{\"@type\":\"ReadAction\",\"target\":[\"https:\/\/www.electroluxprofessional.com\/cz\/commercial-kitchen-equipment\/energy-labeling\/\"]}]},{\"@type\":\"ImageObject\",\"inLanguage\":\"cs\",\"@id\":\"https:\/\/www.electroluxprofessional.com\/cz\/commercial-kitchen-equipment\/energy-labeling\/#primaryimage\",\"url\":\"https:\/\/www.electroluxprofessional.com\/cz\/wp-content\/uploads\/2016\/05\/refrigeration-kitchen-preparation.jpg\",\"contentUrl\":\"https:\/\/www.electroluxprofessional.com\/cz\/wp-content\/uploads\/2016\/05\/refrigeration-kitchen-preparation.jpg\",\"width\":995,\"height\":666,\"caption\":\"refrigeration equipment in the kitchen\"},{\"@type\":\"BreadcrumbList\",\"@id\":\"https:\/\/www.electroluxprofessional.com\/cz\/commercial-kitchen-equipment\/energy-labeling\/#breadcrumb\",\"itemListElement\":[{\"@type\":\"ListItem\",\"position\":1,\"name\":\"Home\",\"item\":\"https:\/\/www.electroluxprofessional.com\/cz\/\"},{\"@type\":\"ListItem\",\"position\":2,\"name\":\"FoodService &#8211; Gastro\",\"item\":\"https:\/\/www.electroluxprofessional.com\/cz\/commercial-kitchen-equipment\/\"},{\"@type\":\"ListItem\",\"position\":3,\"name\":\"Energetick\u00e9 \u0161t\u00edtky\"}]},{\"@type\":\"WebSite\",\"@id\":\"https:\/\/www.electroluxprofessional.com\/cz\/#website\",\"url\":\"https:\/\/www.electroluxprofessional.com\/cz\/\",\"name\":\"Electrolux Professional \u010cesk\u00e1 republika\",\"description\":\"\",\"potentialAction\":[{\"@type\":\"SearchAction\",\"target\":{\"@type\":\"EntryPoint\",\"urlTemplate\":\"https:\/\/www.electroluxprofessional.com\/cz\/?src={search_term_string}\"},\"query-input\":\"required name=search_term_string\"}],\"inLanguage\":\"cs\"}]}<\/script>\n<!-- \/ Yoast SEO plugin. -->","yoast_head_json":{"title":"Energetick\u00e9 \u0161t\u00edtky - Electrolux Professional \u010cesk\u00e1 republika","description":"ecostore refrigerated cabinets: a true masterpiece of preservation in class A 5. More capacity and best in class in energy efficiency.","robots":{"index":"index","follow":"follow","max-snippet":"max-snippet:-1","max-image-preview":"max-image-preview:large","max-video-preview":"max-video-preview:-1"},"canonical":"https:\/\/www.electroluxprofessional.com\/cz\/commercial-kitchen-equipment\/energy-labeling\/","og_locale":"cs_CZ","og_type":"article","og_title":"Energetick\u00e9 \u0161t\u00edtky - Electrolux Professional \u010cesk\u00e1 republika","og_description":"ecostore refrigerated cabinets: a true masterpiece of preservation in class A 5. More capacity and best in class in energy efficiency.","og_url":"https:\/\/www.electroluxprofessional.com\/cz\/commercial-kitchen-equipment\/energy-labeling\/","og_site_name":"Electrolux Professional \u010cesk\u00e1 republika","article_publisher":"https:\/\/www.facebook.com\/electroluxprofessional","article_modified_time":"2020-05-19T17:22:09+00:00","og_image":[{"width":995,"height":666,"url":"https:\/\/www.electroluxprofessional.com\/cz\/wp-content\/uploads\/2016\/05\/refrigeration-kitchen-preparation.jpg","type":"image\/jpeg"}],"twitter_card":"summary_large_image","twitter_site":"@ElectroluxPro","twitter_misc":{"Odhadovan\u00e1 doba \u010dten\u00ed":"7 minut"},"schema":{"@context":"https:\/\/schema.org","@graph":[{"@type":"WebPage","@id":"https:\/\/www.electroluxprofessional.com\/cz\/commercial-kitchen-equipment\/energy-labeling\/","url":"https:\/\/www.electroluxprofessional.com\/cz\/commercial-kitchen-equipment\/energy-labeling\/","name":"Energetick\u00e9 \u0161t\u00edtky - Electrolux Professional \u010cesk\u00e1 republika","isPartOf":{"@id":"https:\/\/www.electroluxprofessional.com\/cz\/#website"},"primaryImageOfPage":{"@id":"https:\/\/www.electroluxprofessional.com\/cz\/commercial-kitchen-equipment\/energy-labeling\/#primaryimage"},"image":{"@id":"https:\/\/www.electroluxprofessional.com\/cz\/commercial-kitchen-equipment\/energy-labeling\/#primaryimage"},"thumbnailUrl":"https:\/\/www.electroluxprofessional.com\/cz\/wp-content\/uploads\/2016\/05\/refrigeration-kitchen-preparation.jpg","datePublished":"2017-06-20T17:06:59+00:00","dateModified":"2020-05-19T17:22:09+00:00","description":"ecostore refrigerated cabinets: a true masterpiece of preservation in class A 5. More capacity and best in class in energy efficiency.","breadcrumb":{"@id":"https:\/\/www.electroluxprofessional.com\/cz\/commercial-kitchen-equipment\/energy-labeling\/#breadcrumb"},"inLanguage":"cs","potentialAction":[{"@type":"ReadAction","target":["https:\/\/www.electroluxprofessional.com\/cz\/commercial-kitchen-equipment\/energy-labeling\/"]}]},{"@type":"ImageObject","inLanguage":"cs","@id":"https:\/\/www.electroluxprofessional.com\/cz\/commercial-kitchen-equipment\/energy-labeling\/#primaryimage","url":"https:\/\/www.electroluxprofessional.com\/cz\/wp-content\/uploads\/2016\/05\/refrigeration-kitchen-preparation.jpg","contentUrl":"https:\/\/www.electroluxprofessional.com\/cz\/wp-content\/uploads\/2016\/05\/refrigeration-kitchen-preparation.jpg","width":995,"height":666,"caption":"refrigeration equipment in the kitchen"},{"@type":"BreadcrumbList","@id":"https:\/\/www.electroluxprofessional.com\/cz\/commercial-kitchen-equipment\/energy-labeling\/#breadcrumb","itemListElement":[{"@type":"ListItem","position":1,"name":"Home","item":"https:\/\/www.electroluxprofessional.com\/cz\/"},{"@type":"ListItem","position":2,"name":"FoodService &#8211; Gastro","item":"https:\/\/www.electroluxprofessional.com\/cz\/commercial-kitchen-equipment\/"},{"@type":"ListItem","position":3,"name":"Energetick\u00e9 \u0161t\u00edtky"}]},{"@type":"WebSite","@id":"https:\/\/www.electroluxprofessional.com\/cz\/#website","url":"https:\/\/www.electroluxprofessional.com\/cz\/","name":"Electrolux Professional \u010cesk\u00e1 republika","description":"","potentialAction":[{"@type":"SearchAction","target":{"@type":"EntryPoint","urlTemplate":"https:\/\/www.electroluxprofessional.com\/cz\/?src={search_term_string}"},"query-input":"required name=search_term_string"}],"inLanguage":"cs"}]}},"_links":{"self":[{"href":"https:\/\/www.electroluxprofessional.com\/cz\/wp-json\/wp\/v2\/pages\/2946"}],"collection":[{"href":"https:\/\/www.electroluxprofessional.com\/cz\/wp-json\/wp\/v2\/pages"}],"about":[{"href":"https:\/\/www.electroluxprofessional.com\/cz\/wp-json\/wp\/v2\/types\/page"}],"author":[{"embeddable":true,"href":"https:\/\/www.electroluxprofessional.com\/cz\/wp-json\/wp\/v2\/users\/3"}],"replies":[{"embeddable":true,"href":"https:\/\/www.electroluxprofessional.com\/cz\/wp-json\/wp\/v2\/comments?post=2946"}],"version-history":[{"count":22,"href":"https:\/\/www.electroluxprofessional.com\/cz\/wp-json\/wp\/v2\/pages\/2946\/revisions"}],"predecessor-version":[{"id":5548,"href":"https:\/\/www.electroluxprofessional.com\/cz\/wp-json\/wp\/v2\/pages\/2946\/revisions\/5548"}],"up":[{"embeddable":true,"href":"https:\/\/www.electroluxprofessional.com\/cz\/wp-json\/wp\/v2\/pages\/1155"}],"wp:featuredmedia":[{"embeddable":true,"href":"https:\/\/www.electroluxprofessional.com\/cz\/wp-json\/wp\/v2\/media\/1654"}],"wp:attachment":[{"href":"https:\/\/www.electroluxprofessional.com\/cz\/wp-json\/wp\/v2\/media?parent=2946"}],"curies":[{"name":"wp","href":"https:\/\/api.w.org\/{rel}","templated":true}]}}