{"id":2731,"date":"2017-06-16T09:32:46","date_gmt":"2017-06-16T08:32:46","guid":{"rendered":"https:\/\/www.electroluxprofessional.com\/cz\/?page_id=2731"},"modified":"2020-04-23T20:51:10","modified_gmt":"2020-04-23T20:51:10","slug":"glasswashers-undercounters","status":"publish","type":"page","link":"https:\/\/www.electroluxprofessional.com\/cz\/dishwashing-equipment-2\/glasswashers-undercounters\/","title":{"rendered":"My\u010dky skla a podpultov\u00e9 my\u010dky"},"content":{"rendered":"<p>[vc_row full_width=&#8221;electroluxpro-full-width-no-padding&#8221;][vc_column][elx_hero_slider label_text_color=&#8221;inherit&#8221; images=&#8221;1870&#8243;][elx_heading font_container=&#8221;h1&#8243; font_size=&#8221;h2&#8243; text_color=&#8221;inherit&#8221;]My\u010dky skla<br \/>\na podpultov\u00e9 my\u010dky[\/elx_heading][\/elx_hero_slider][\/vc_column][\/vc_row][vc_row][vc_column][vc_empty_space height=&#8221;50px&#8221;][elx_heading font_size=&#8221;h2&#8243; text_color=&#8221;inherit&#8221; text_align=&#8221;text-center&#8221;]Snadn\u011bji, Bezpe\u010dn\u011bji, Z\u00e1kazn\u00edk v\u017edy na prvn\u00edm m\u00edst\u011b[\/elx_heading][vc_empty_space height=&#8221;50px&#8221;][\/vc_column][\/vc_row][vc_row][vc_column width=&#8221;1\/2&#8243;][elx_image_block background_image=&#8221;1855&#8243; minimum_height=&#8221;500px&#8221;][\/vc_column][vc_column width=&#8221;1\/2&#8243;][elx_heading text_color=&#8221;inherit&#8221;]E-flex &#8211; v\u00fdkonn\u00e9 my\u010dky skla[\/elx_heading][vc_empty_space height=&#8221;15px&#8221;][vc_column_text]Electrolux my\u010dky skla <strong>E-Flex<\/strong> jsou <strong>ide\u00e1ln\u00ed volbou pro pivnice a bary<\/strong> s omezen\u00fdm prostorem ale vysokou obr\u00e1tkou. Ji\u017e nemus\u00edte \u010dekat za <strong>zchladnut\u00ed sklenic<\/strong>.<\/p>\n<p>Ve skute\u010dnosti funkce studen\u00e9ho oplachu zaru\u010duje <strong>studen\u00e9 a hygienicky \u010dist\u00e9 sklo<\/strong> okam\u017eit\u011b po ukon\u010den\u00ed myc\u00edho programu.<\/p>\n<p>Dv\u011b z\u00e1suvn\u00e9 v\u00fd\u0161ky komory pro v\u0161echny druhy skla (210 mm a 290 mm).<\/p>\n<p>Riziko n\u00e1hodn\u00e9 po\u0161kozen\u00ed skla a n\u00e1dob\u00ed je sn\u00ed\u017eeno d\u00edky myc\u00edmu \u010derpadlu se \u201cSoft Start\u201d funkc\u00ed, kter\u00e1 redukuje v\u00fdkon \u010derpadla p\u0159i spu\u0161t\u011bn\u00ed programu a a\u017e n\u00e1sledn\u011b postupn\u011b zvy\u0161uje jeho v\u00fdkon.[\/vc_column_text][\/vc_column][\/vc_row][vc_row][vc_column][vc_empty_space height=&#8221;50px&#8221;][\/vc_column][\/vc_row][vc_row][vc_column width=&#8221;1\/4&#8243;][elx_image_block background_image=&#8221;1856&#8243; minimum_height=&#8221;300px&#8221;][elx_heading font_size=&#8221;h4&#8243; text_color=&#8221;inherit&#8221;]\u0160et\u0159\u00ed<br \/>\n\u010das[\/elx_heading][vc_column_text]<\/p>\n<p style=\"background: white;\"><span lang=\"EN-US\">Elektronick\u00fd ovl\u00e1dac\u00ed panel s ukazatelem teploty pro snadn\u00e9 sledov\u00e1n\u00ed stroje.<\/span><\/p>\n<p>[\/vc_column_text][\/vc_column][vc_column width=&#8221;1\/4&#8243;][elx_image_block background_image=&#8221;1857&#8243; minimum_height=&#8221;300px&#8221;][elx_heading font_size=&#8221;h4&#8243; text_color=&#8221;inherit&#8221;]Bezpe\u010dn\u00e9<br \/>\na ergonomick\u00e9[\/elx_heading][vc_column_text]Vyv\u00e1\u017een\u00e9 dve\u0159e pro hladk\u00e9 otev\u00edr\u00e1n\u00ed a zav\u00edr\u00e1n\u00ed.[\/vc_column_text][\/vc_column][vc_column width=&#8221;1\/4&#8243;][elx_image_block background_image=&#8221;1858&#8243; minimum_height=&#8221;300px&#8221;][elx_heading font_size=&#8221;h4&#8243; text_color=&#8221;inherit&#8221;]\u0160pi\u010dkov\u00fd<br \/>\nv\u00fdkon[\/elx_heading][vc_column_text]Dokonal\u00e9 v\u00fdsledky myt\u00ed d\u00edky dvojit\u00fdm horn\u00edm a spodn\u00edm oplachov\u00fdm ramen\u016fm.[\/vc_column_text][\/vc_column][vc_column width=&#8221;1\/4&#8243;][elx_image_block background_image=&#8221;1859&#8243; minimum_height=&#8221;300px&#8221;][elx_heading font_size=&#8221;h4&#8243; text_color=&#8221;inherit&#8221;]Excelentn\u00ed<br \/>\nhygiena[\/elx_heading][vc_column_text]Nerezov\u00e1 konstrukce pro snadn\u00e9 \u010di\u0161t\u011bn\u00ed a dokonalou hygienu.[\/vc_column_text][\/vc_column][\/vc_row][vc_row disable_element=&#8221;yes&#8221;][vc_column width=&#8221;1\/4&#8243;][vc_empty_space][\/vc_column][vc_column width=&#8221;1\/4&#8243;][elx_image_block background_image=&#8221;1860&#8243; minimum_height=&#8221;300px&#8221;][elx_heading font_size=&#8221;h4&#8243; text_color=&#8221;inherit&#8221;]Long<br \/>\nlifetime[\/elx_heading][vc_column_text]Robust construction with heavy-duty stainless steel components.[\/vc_column_text][\/vc_column][vc_column width=&#8221;1\/4&#8243;][elx_image_block background_image=&#8221;1861&#8243; minimum_height=&#8221;300px&#8221;][elx_heading font_size=&#8221;h4&#8243; text_color=&#8221;inherit&#8221;]Best<br \/>\nwork-ergonomy[\/elx_heading][vc_column_text]Double skin insulated door and cabinet ensure a more silent operation and less heat dispersion.[\/vc_column_text][\/vc_column][vc_column width=&#8221;1\/4&#8243;][\/vc_column][\/vc_row][vc_row disable_element=&#8221;yes&#8221;][vc_column][vc_empty_space height=&#8221;50px&#8221;][\/vc_column][\/vc_row][vc_row disable_element=&#8221;yes&#8221;][vc_column width=&#8221;1\/4&#8243;][elx_video_block background_image=&#8221;1862&#8243; video_link=&#8221;https:\/\/www.youtube.com\/watch?v=qeVfwgTkxyY&#8221; minimum_height=&#8221;260px&#8221;][\/vc_column][vc_column width=&#8221;1\/4&#8243;][elx_download_block text=&#8221; E-flex electronic glasswashers&#8221; link=&#8221;files.professional.electrolux.com\/docs\/?n=CLF-9JE00063&amp;b=5&amp;l=1&#8243; reveal_effect=&#8221;&#8221; reveal_duration=&#8221;&#8221; reveal_delay=&#8221;&#8221;][\/vc_column][vc_column width=&#8221;1\/4&#8243;][elx_download_block text=&#8221;E-flex glasswashers&#8221; link=&#8221;files.professional.electrolux.com\/docs\/?n=CLF-9JE00004&amp;b=5&amp;l=1&#8243; reveal_effect=&#8221;&#8221; reveal_duration=&#8221;&#8221; reveal_delay=&#8221;&#8221;][\/vc_column][vc_column width=&#8221;1\/4&#8243;][elx_download_block text=&#8221;Water Treatment Solution&#8221; link=&#8221;files.professional.electrolux.com\/docs\/?n=CLF-9JER12&amp;b=5&amp;l=1&#8243; reveal_effect=&#8221;&#8221; reveal_duration=&#8221;&#8221; reveal_delay=&#8221;&#8221;][\/vc_column][\/vc_row][vc_row][vc_column][vc_empty_space height=&#8221;60px&#8221;][\/vc_column][\/vc_row][vc_row][vc_column width=&#8221;1\/2&#8243;][vc_empty_space][elx_heading text_color=&#8221;inherit&#8221;]Podpultov\u00e9 my\u010dky n\u00e1dob\u00ed[\/elx_heading][vc_empty_space height=&#8221;15px&#8221;][elx_heading font_size=&#8221;h3&#8243; text_color=&#8221;inherit&#8221;]Ide\u00e1ln\u00ed \u0159e\u0161en\u00ed pro n\u00e1ro\u010dn\u00e9 z\u00e1kazn\u00edky vy\u017eaduj\u00edc\u00ed vysok\u00fd v\u00fdkon s n\u00edzk\u00fdmi provozn\u00edmi n\u00e1klady.[\/elx_heading][\/vc_column][vc_column width=&#8221;1\/2&#8243;][elx_image_block background_image=&#8221;1863&#8243; minimum_height=&#8221;450px&#8221;][\/vc_column][\/vc_row][vc_row][vc_column][vc_empty_space height=&#8221;50px&#8221;][\/vc_column][\/vc_row][vc_row][vc_column width=&#8221;1\/4&#8243;][elx_image_block background_image=&#8221;1864&#8243; minimum_height=&#8221;300px&#8221;][vc_column_text]<\/p>\n<h4>Sn\u00ed\u017e\u00ed provozn\u00ed n\u00e1klady o 20%<\/h4>\n<p>Sn\u00ed\u017e\u00ed provozn\u00ed n\u00e1klady o 20%Ni\u017e\u0161\u00ed spot\u0159eba vody, energie, myc\u00edho a oplachov\u00e9ho prost\u0159edku pro ni\u017e\u0161\u00ed provozn\u00ed n\u00e1klady a men\u0161\u00ed vliv na \u017eivotn\u00ed prost\u0159ed\u00ed.<\/p>\n<p>[\/vc_column_text][\/vc_column][vc_column width=&#8221;1\/4&#8243;][elx_image_block background_image=&#8221;1865&#8243; minimum_height=&#8221;300px&#8221;][vc_column_text]<\/p>\n<h4>Vynikaj\u00edc\u00ed myc\u00ed a oplachov\u00fd v\u00fdkon<\/h4>\n<p>\u0160pi\u010dkov\u00fd myc\u00ed a oplachov\u00fd v\u00fdkon s dokonal\u00fdm odstran\u011bn\u00edm myc\u00edho prost\u0159edku.[\/vc_column_text][\/vc_column][vc_column width=&#8221;1\/4&#8243;][elx_image_block background_image=&#8221;1866&#8243; minimum_height=&#8221;300px&#8221;][vc_column_text]<\/p>\n<h4>N\u00edzk\u00e1 hlu\u010dnost<\/h4>\n<p>Tich\u00fd provoz a minim\u00e1ln\u00ed tepeln\u00e9 ztr\u00e1ty d\u00edky dvoupl\u00e1\u0161\u0165ov\u00e9 izolovan\u00e9 konstrukci.[\/vc_column_text][\/vc_column][vc_column width=&#8221;1\/4&#8243;][elx_image_block background_image=&#8221;1867&#8243; minimum_height=&#8221;300px&#8221;][vc_column_text]<\/p>\n<h4>Konstantn\u00ed oplachov\u00e1 teplota<\/h4>\n<p>Kvalita oplachu je garantov\u00e1na d\u00edky konstantn\u00ed oplachov\u00e9 teplot\u011b 84\u00b0C a konstantn\u00edmu tlaku vody.[\/vc_column_text][\/vc_column][\/vc_row][vc_row][vc_column][vc_empty_space][\/vc_column][\/vc_row][vc_row disable_element=&#8221;yes&#8221;][vc_column][elx_heading font_size=&#8221;h3&#8243; text_color=&#8221;inherit&#8221; text_align=&#8221;text-center&#8221;]Find the ideal package for your business[\/elx_heading][\/vc_column][\/vc_row][vc_row disable_element=&#8221;yes&#8221;][vc_column width=&#8221;1\/3&#8243;][elx_maylike_box id_box=&#8221;1623&#8243;][\/vc_column][vc_column width=&#8221;1\/3&#8243;][elx_maylike_box id_box=&#8221;337&#8243;][\/vc_column][vc_column width=&#8221;1\/3&#8243;][elx_maylike_box id_box=&#8221;1869&#8243;][\/vc_column][\/vc_row][vc_row][vc_column][vc_empty_space height=&#8221;50px&#8221;][elx_heading text_color=&#8221;inherit&#8221; text_align=&#8221;text-center&#8221;]Nena\u0161li jste to, co jste hledali? Napi\u0161te n\u00e1m.[\/elx_heading][elx_o2000_contact_us r=&#8221;M\u00edsto pro va\u0161i zpr\u00e1vu&#8230;&#8221; s=&#8221;Po\u017eadavek z webov\u00fdch str\u00e1nek&#8221; country=&#8221;Czech Republic&#8221; l=&#8221;cz&#8221; container=&#8221;elxcontactus1479715079&#8243;][vc_empty_space height=&#8221;50px&#8221;][\/vc_column][\/vc_row][vc_row][vc_column][vc_empty_space height=&#8221;50px&#8221;][\/vc_column][\/vc_row]<\/p>\n","protected":false},"excerpt":{"rendered":"<p>[vc_row full_width=&#8221;electroluxpro-full-width-no-padding&#8221;][vc_column][elx_hero_slider label_text_color=&#8221;inherit&#8221; images=&#8221;1870&#8243;][elx_heading font_container=&#8221;h1&#8243; font_size=&#8221;h2&#8243; text_color=&#8221;inherit&#8221;]My\u010dky skla a podpultov\u00e9 my\u010dky[\/elx_heading][\/elx_hero_slider][\/vc_column][\/vc_row][vc_row][vc_column][vc_empty_space height=&#8221;50px&#8221;][elx_heading font_size=&#8221;h2&#8243; text_color=&#8221;inherit&#8221; text_align=&#8221;text-center&#8221;]Snadn\u011bji, Bezpe\u010dn\u011bji, Z\u00e1kazn\u00edk v\u017edy na prvn\u00edm m\u00edst\u011b[\/elx_heading][vc_empty_space height=&#8221;50px&#8221;][\/vc_column][\/vc_row][vc_row][vc_column width=&#8221;1\/2&#8243;][elx_image_block background_image=&#8221;1855&#8243; minimum_height=&#8221;500px&#8221;][\/vc_column][vc_column width=&#8221;1\/2&#8243;][elx_heading text_color=&#8221;inherit&#8221;]E-flex &#8211; v\u00fdkonn\u00e9 my\u010dky skla[\/elx_heading][vc_empty_space height=&#8221;15px&#8221;][vc_column_text]Electrolux my\u010dky skla E-Flex jsou ide\u00e1ln\u00ed volbou pro pivnice a bary s omezen\u00fdm prostorem ale vysokou obr\u00e1tkou. Ji\u017e nemus\u00edte \u010dekat za zchladnut\u00ed sklenic. Ve [&hellip;]<\/p>\n","protected":false},"author":3,"featured_media":1870,"parent":2377,"menu_order":0,"comment_status":"closed","ping_status":"closed","template":"","meta":{"footnotes":""},"class_list":["post-2731","page","type-page","status-publish","has-post-thumbnail","hentry"],"acf":[],"yoast_head":"<!-- This site is optimized with the Yoast SEO plugin v23.3 - https:\/\/yoast.com\/wordpress\/plugins\/seo\/ -->\n<title>My\u010dky skla a podpultov\u00e9 my\u010dky - Electrolux Professional \u010cesk\u00e1 republika<\/title>\n<meta name=\"description\" content=\"The ideal solution for demanding customers requiring high performance with low running costs. Discover Glasswashers and Undercounters dishwashers.\" \/>\n<meta name=\"robots\" content=\"index, follow, max-snippet:-1, max-image-preview:large, max-video-preview:-1\" \/>\n<link rel=\"canonical\" href=\"https:\/\/www.electroluxprofessional.com\/cz\/dishwashing-equipment-2\/glasswashers-undercounters\/\" \/>\n<meta property=\"og:locale\" content=\"cs_CZ\" \/>\n<meta property=\"og:type\" content=\"article\" \/>\n<meta property=\"og:title\" content=\"My\u010dky skla a podpultov\u00e9 my\u010dky - Electrolux Professional \u010cesk\u00e1 republika\" \/>\n<meta property=\"og:description\" content=\"The ideal solution for demanding customers requiring high performance with low running costs. Discover Glasswashers and Undercounters dishwashers.\" \/>\n<meta property=\"og:url\" content=\"https:\/\/www.electroluxprofessional.com\/cz\/dishwashing-equipment-2\/glasswashers-undercounters\/\" \/>\n<meta property=\"og:site_name\" content=\"Electrolux Professional \u010cesk\u00e1 republika\" \/>\n<meta property=\"article:publisher\" content=\"https:\/\/www.facebook.com\/electroluxprofessional\" \/>\n<meta property=\"article:modified_time\" content=\"2020-04-23T20:51:10+00:00\" \/>\n<meta property=\"og:image\" content=\"https:\/\/www.electroluxprofessional.com\/cz\/wp-content\/uploads\/2016\/11\/glasswashers.jpg\" \/>\n\t<meta property=\"og:image:width\" content=\"2000\" \/>\n\t<meta property=\"og:image:height\" content=\"1333\" \/>\n\t<meta property=\"og:image:type\" content=\"image\/jpeg\" \/>\n<meta name=\"twitter:card\" content=\"summary_large_image\" \/>\n<meta name=\"twitter:site\" content=\"@ElectroluxPro\" \/>\n<meta name=\"twitter:label1\" content=\"Odhadovan\u00e1 doba \u010dten\u00ed\" \/>\n\t<meta name=\"twitter:data1\" content=\"6 minut\" \/>\n<script type=\"application\/ld+json\" class=\"yoast-schema-graph\">{\"@context\":\"https:\/\/schema.org\",\"@graph\":[{\"@type\":\"WebPage\",\"@id\":\"https:\/\/www.electroluxprofessional.com\/cz\/dishwashing-equipment-2\/glasswashers-undercounters\/\",\"url\":\"https:\/\/www.electroluxprofessional.com\/cz\/dishwashing-equipment-2\/glasswashers-undercounters\/\",\"name\":\"My\u010dky skla a podpultov\u00e9 my\u010dky - Electrolux Professional \u010cesk\u00e1 republika\",\"isPartOf\":{\"@id\":\"https:\/\/www.electroluxprofessional.com\/cz\/#website\"},\"primaryImageOfPage\":{\"@id\":\"https:\/\/www.electroluxprofessional.com\/cz\/dishwashing-equipment-2\/glasswashers-undercounters\/#primaryimage\"},\"image\":{\"@id\":\"https:\/\/www.electroluxprofessional.com\/cz\/dishwashing-equipment-2\/glasswashers-undercounters\/#primaryimage\"},\"thumbnailUrl\":\"https:\/\/www.electroluxprofessional.com\/cz\/wp-content\/uploads\/2016\/11\/glasswashers.jpg\",\"datePublished\":\"2017-06-16T08:32:46+00:00\",\"dateModified\":\"2020-04-23T20:51:10+00:00\",\"description\":\"The ideal solution for demanding customers requiring high performance with low running costs. Discover Glasswashers and Undercounters dishwashers.\",\"breadcrumb\":{\"@id\":\"https:\/\/www.electroluxprofessional.com\/cz\/dishwashing-equipment-2\/glasswashers-undercounters\/#breadcrumb\"},\"inLanguage\":\"cs\",\"potentialAction\":[{\"@type\":\"ReadAction\",\"target\":[\"https:\/\/www.electroluxprofessional.com\/cz\/dishwashing-equipment-2\/glasswashers-undercounters\/\"]}]},{\"@type\":\"ImageObject\",\"inLanguage\":\"cs\",\"@id\":\"https:\/\/www.electroluxprofessional.com\/cz\/dishwashing-equipment-2\/glasswashers-undercounters\/#primaryimage\",\"url\":\"https:\/\/www.electroluxprofessional.com\/cz\/wp-content\/uploads\/2016\/11\/glasswashers.jpg\",\"contentUrl\":\"https:\/\/www.electroluxprofessional.com\/cz\/wp-content\/uploads\/2016\/11\/glasswashers.jpg\",\"width\":2000,\"height\":1333,\"caption\":\"Glasswashers\"},{\"@type\":\"BreadcrumbList\",\"@id\":\"https:\/\/www.electroluxprofessional.com\/cz\/dishwashing-equipment-2\/glasswashers-undercounters\/#breadcrumb\",\"itemListElement\":[{\"@type\":\"ListItem\",\"position\":1,\"name\":\"Home\",\"item\":\"https:\/\/www.electroluxprofessional.com\/cz\/\"},{\"@type\":\"ListItem\",\"position\":2,\"name\":\"My\u010dky n\u00e1dob\u00ed\",\"item\":\"https:\/\/www.electroluxprofessional.com\/cz\/dishwashing-equipment-2\/\"},{\"@type\":\"ListItem\",\"position\":3,\"name\":\"My\u010dky skla a podpultov\u00e9 my\u010dky\"}]},{\"@type\":\"WebSite\",\"@id\":\"https:\/\/www.electroluxprofessional.com\/cz\/#website\",\"url\":\"https:\/\/www.electroluxprofessional.com\/cz\/\",\"name\":\"Electrolux Professional \u010cesk\u00e1 republika\",\"description\":\"\",\"potentialAction\":[{\"@type\":\"SearchAction\",\"target\":{\"@type\":\"EntryPoint\",\"urlTemplate\":\"https:\/\/www.electroluxprofessional.com\/cz\/?src={search_term_string}\"},\"query-input\":\"required name=search_term_string\"}],\"inLanguage\":\"cs\"}]}<\/script>\n<!-- \/ Yoast SEO plugin. -->","yoast_head_json":{"title":"My\u010dky skla a podpultov\u00e9 my\u010dky - Electrolux Professional \u010cesk\u00e1 republika","description":"The ideal solution for demanding customers requiring high performance with low running costs. Discover Glasswashers and Undercounters dishwashers.","robots":{"index":"index","follow":"follow","max-snippet":"max-snippet:-1","max-image-preview":"max-image-preview:large","max-video-preview":"max-video-preview:-1"},"canonical":"https:\/\/www.electroluxprofessional.com\/cz\/dishwashing-equipment-2\/glasswashers-undercounters\/","og_locale":"cs_CZ","og_type":"article","og_title":"My\u010dky skla a podpultov\u00e9 my\u010dky - Electrolux Professional \u010cesk\u00e1 republika","og_description":"The ideal solution for demanding customers requiring high performance with low running costs. Discover Glasswashers and Undercounters dishwashers.","og_url":"https:\/\/www.electroluxprofessional.com\/cz\/dishwashing-equipment-2\/glasswashers-undercounters\/","og_site_name":"Electrolux Professional \u010cesk\u00e1 republika","article_publisher":"https:\/\/www.facebook.com\/electroluxprofessional","article_modified_time":"2020-04-23T20:51:10+00:00","og_image":[{"width":2000,"height":1333,"url":"https:\/\/www.electroluxprofessional.com\/cz\/wp-content\/uploads\/2016\/11\/glasswashers.jpg","type":"image\/jpeg"}],"twitter_card":"summary_large_image","twitter_site":"@ElectroluxPro","twitter_misc":{"Odhadovan\u00e1 doba \u010dten\u00ed":"6 minut"},"schema":{"@context":"https:\/\/schema.org","@graph":[{"@type":"WebPage","@id":"https:\/\/www.electroluxprofessional.com\/cz\/dishwashing-equipment-2\/glasswashers-undercounters\/","url":"https:\/\/www.electroluxprofessional.com\/cz\/dishwashing-equipment-2\/glasswashers-undercounters\/","name":"My\u010dky skla a podpultov\u00e9 my\u010dky - Electrolux Professional \u010cesk\u00e1 republika","isPartOf":{"@id":"https:\/\/www.electroluxprofessional.com\/cz\/#website"},"primaryImageOfPage":{"@id":"https:\/\/www.electroluxprofessional.com\/cz\/dishwashing-equipment-2\/glasswashers-undercounters\/#primaryimage"},"image":{"@id":"https:\/\/www.electroluxprofessional.com\/cz\/dishwashing-equipment-2\/glasswashers-undercounters\/#primaryimage"},"thumbnailUrl":"https:\/\/www.electroluxprofessional.com\/cz\/wp-content\/uploads\/2016\/11\/glasswashers.jpg","datePublished":"2017-06-16T08:32:46+00:00","dateModified":"2020-04-23T20:51:10+00:00","description":"The ideal solution for demanding customers requiring high performance with low running costs. Discover Glasswashers and Undercounters dishwashers.","breadcrumb":{"@id":"https:\/\/www.electroluxprofessional.com\/cz\/dishwashing-equipment-2\/glasswashers-undercounters\/#breadcrumb"},"inLanguage":"cs","potentialAction":[{"@type":"ReadAction","target":["https:\/\/www.electroluxprofessional.com\/cz\/dishwashing-equipment-2\/glasswashers-undercounters\/"]}]},{"@type":"ImageObject","inLanguage":"cs","@id":"https:\/\/www.electroluxprofessional.com\/cz\/dishwashing-equipment-2\/glasswashers-undercounters\/#primaryimage","url":"https:\/\/www.electroluxprofessional.com\/cz\/wp-content\/uploads\/2016\/11\/glasswashers.jpg","contentUrl":"https:\/\/www.electroluxprofessional.com\/cz\/wp-content\/uploads\/2016\/11\/glasswashers.jpg","width":2000,"height":1333,"caption":"Glasswashers"},{"@type":"BreadcrumbList","@id":"https:\/\/www.electroluxprofessional.com\/cz\/dishwashing-equipment-2\/glasswashers-undercounters\/#breadcrumb","itemListElement":[{"@type":"ListItem","position":1,"name":"Home","item":"https:\/\/www.electroluxprofessional.com\/cz\/"},{"@type":"ListItem","position":2,"name":"My\u010dky n\u00e1dob\u00ed","item":"https:\/\/www.electroluxprofessional.com\/cz\/dishwashing-equipment-2\/"},{"@type":"ListItem","position":3,"name":"My\u010dky skla a podpultov\u00e9 my\u010dky"}]},{"@type":"WebSite","@id":"https:\/\/www.electroluxprofessional.com\/cz\/#website","url":"https:\/\/www.electroluxprofessional.com\/cz\/","name":"Electrolux Professional \u010cesk\u00e1 republika","description":"","potentialAction":[{"@type":"SearchAction","target":{"@type":"EntryPoint","urlTemplate":"https:\/\/www.electroluxprofessional.com\/cz\/?src={search_term_string}"},"query-input":"required name=search_term_string"}],"inLanguage":"cs"}]}},"_links":{"self":[{"href":"https:\/\/www.electroluxprofessional.com\/cz\/wp-json\/wp\/v2\/pages\/2731"}],"collection":[{"href":"https:\/\/www.electroluxprofessional.com\/cz\/wp-json\/wp\/v2\/pages"}],"about":[{"href":"https:\/\/www.electroluxprofessional.com\/cz\/wp-json\/wp\/v2\/types\/page"}],"author":[{"embeddable":true,"href":"https:\/\/www.electroluxprofessional.com\/cz\/wp-json\/wp\/v2\/users\/3"}],"replies":[{"embeddable":true,"href":"https:\/\/www.electroluxprofessional.com\/cz\/wp-json\/wp\/v2\/comments?post=2731"}],"version-history":[{"count":8,"href":"https:\/\/www.electroluxprofessional.com\/cz\/wp-json\/wp\/v2\/pages\/2731\/revisions"}],"predecessor-version":[{"id":5061,"href":"https:\/\/www.electroluxprofessional.com\/cz\/wp-json\/wp\/v2\/pages\/2731\/revisions\/5061"}],"up":[{"embeddable":true,"href":"https:\/\/www.electroluxprofessional.com\/cz\/wp-json\/wp\/v2\/pages\/2377"}],"wp:featuredmedia":[{"embeddable":true,"href":"https:\/\/www.electroluxprofessional.com\/cz\/wp-json\/wp\/v2\/media\/1870"}],"wp:attachment":[{"href":"https:\/\/www.electroluxprofessional.com\/cz\/wp-json\/wp\/v2\/media?parent=2731"}],"curies":[{"name":"wp","href":"https:\/\/api.w.org\/{rel}","templated":true}]}}