{"id":2721,"date":"2016-05-24T14:09:27","date_gmt":"2016-05-24T13:09:27","guid":{"rendered":"https:\/\/www.electroluxprofessional.com\/?page_id=1476"},"modified":"2025-11-06T09:58:15","modified_gmt":"2025-11-06T09:58:15","slug":"pruchozi-mycky-nadobi","status":"publish","type":"page","link":"https:\/\/www.electroluxprofessional.com\/cz\/dishwashing-equipment-2\/pruchozi-mycky-nadobi\/","title":{"rendered":"Pr\u016fchoz\u00ed my\u010dky n\u00e1dob\u00ed Green&#038;Clean"},"content":{"rendered":"<p>[vc_row full_width=&#8221;electroluxpro-full-width-no-padding&#8221;][vc_column][elx_hero_slider label_text_color=&#8221;inherit&#8221; images=&#8221;677&#8243;][elx_heading font_container=&#8221;h1&#8243; font_size=&#8221;h2&#8243; text_color=&#8221;inherit&#8221;]<\/p>\n<h2>Green&amp;clean pr\u016fchoz\u00ed my\u010dky<\/h2>\n<h2><\/h2>\n<p>[\/elx_heading][vc_column_text]<\/p>\n<h3>ro\u010dn\u00ed \u00faspory<br \/>\na\u017e 1.040\u20ac za rok*<\/h3>\n<p>[\/vc_column_text][\/elx_hero_slider][\/vc_column][\/vc_row][vc_row][vc_column][vc_empty_space][elx_heading text_color=&#8221;inherit&#8221; text_align=&#8221;text-center&#8221;]Green&amp;Clean v\u017edy s n\u011b\u010d\u00edm nav\u00edc.[\/elx_heading][vc_empty_space height=&#8221;50px&#8221;][\/vc_column][\/vc_row][vc_row][vc_column width=&#8221;1\/2&#8243;][elx_heading font_container=&#8221;h1&#8243; font_size=&#8221;h2&#8243; text_color=&#8221;inherit&#8221;]Pr\u016fchoz\u00ed my\u010dky n\u00e1dob\u00ed Green&amp;Clean[\/elx_heading][vc_column_text]\u00da\u010dinnost, jednoduch\u00e1 obsluha, v\u00fdkon<\/p>\n<p>Pr\u016fchoz\u00ed my\u010dky n\u00e1dob\u00ed od Electrolux Professional p\u0159ich\u00e1zej\u00ed v\u017edy s n\u011b\u010d\u00edm nav\u00edc: \u00fa\u010dinnost s maxim\u00e1ln\u00ed spolehlivost\u00ed; snadn\u00e9 pou\u017eit\u00ed spolu s inovativn\u00ed technologi\u00ed; vynikaj\u00edc\u00ed v\u00fdkon v kombinaci s \u00fasporami vody, energie a myc\u00edch detergent\u016f.<\/p>\n<p>Na\u0161e specializace v\u00a0myt\u00ed n\u00e1dob\u00ed sah\u00e1 daleko, a v\u00a0t\u011bchto p\u0159\u00edpadech, zku\u0161enost je kl\u00ed\u010dem k\u00a0dosa\u017een\u00ed vynikaj\u00edc\u00edch v\u00fdsledk\u016f. V\u00a0naslouch\u00e1n\u00ed je na\u0161e s\u00edla: v\u00a0Electroluxu jsme zvykl\u00ed naslouchat na\u0161im z\u00e1kazn\u00edk\u016fm, p\u0159edv\u00eddat jejich pot\u0159eby s\u00a0c\u00edlem uspokojit bez v\u00e1h\u00e1n\u00ed jejich po\u017eadavky.[\/vc_column_text][\/vc_column][vc_column width=&#8221;1\/2&#8243;][vc_single_image image=&#8221;675&#8243; img_size=&#8221;full&#8221; alignment=&#8221;center&#8221;][\/vc_column][\/vc_row][vc_row][vc_column][vc_empty_space][elx_download_block text=&#8221;St\u00e1hn\u011bte si katalog&#8221; document_type=&#8221;brochures&#8221; background_color=&#8221;electrolux-blue&#8221; br_document_number=&#8221;BR-9JE00159&#8243;][vc_empty_space height=&#8221;50px&#8221;][\/vc_column][\/vc_row][vc_row][vc_column width=&#8221;1\/4&#8243;][vc_single_image image=&#8221;683&#8243; img_size=&#8221;full&#8221; alignment=&#8221;center&#8221;][elx_heading font_size=&#8221;h4&#8243; text_color=&#8221;inherit&#8221; text_align=&#8221;text-center&#8221;]Green[\/elx_heading][vc_column_text]M\u00e9n\u011b vody, energie, ni\u017e\u0161\u00ed spot\u0159eba myc\u00edho a oplachov\u00e9ho prost\u0159edku pro ni\u017e\u0161\u00ed provozn\u00ed n\u00e1klady a men\u0161\u00ed dopad na \u017eivotn\u00ed prost\u0159ed\u00ed.[\/vc_column_text][\/vc_column][vc_column width=&#8221;1\/4&#8243;][vc_single_image image=&#8221;1976&#8243; img_size=&#8221;full&#8221; alignment=&#8221;center&#8221;][elx_heading font_size=&#8221;h4&#8243; text_color=&#8221;inherit&#8221; text_align=&#8221;text-center&#8221;]Clean[\/elx_heading][vc_column_text]Nejlep\u0161\u00ed myc\u00ed a oplachov\u00fd v\u00fdkon ve sv\u00e9 t\u0159\u00edd\u011b s\u00a0\u00fapln\u00fdm odstran\u011bn\u00edm detergent\u016f.[\/vc_column_text][\/vc_column][vc_column width=&#8221;1\/4&#8243;][vc_single_image image=&#8221;2145&#8243; img_size=&#8221;full&#8221; alignment=&#8221;center&#8221;][elx_heading font_size=&#8221;h4&#8243; text_color=&#8221;inherit&#8221; text_align=&#8221;text-center&#8221;]Bezpe\u010dnost[\/elx_heading][vc_column_text]Unik\u00e1tn\u00ed WASH\u00b7SAFE CONTROL pro konstantn\u00ed oplachovou teplotu 84\u00b0C.[\/vc_column_text][\/vc_column][vc_column width=&#8221;1\/4&#8243;][vc_single_image image=&#8221;976&#8243; alignment=&#8221;center&#8221;][elx_heading font_size=&#8221;h4&#8243; text_color=&#8221;inherit&#8221; text_align=&#8221;text-center&#8221;]Snadn\u011b[\/elx_heading][vc_column_text]Bezstarostn\u00fd provoz a \u00fadr\u017eba.[\/vc_column_text][\/vc_column][\/vc_row][vc_row][vc_column][vc_empty_space height=&#8221;25px&#8221;][vc_single_image image=&#8221;2146&#8243; img_size=&#8221;full&#8221;][vc_empty_space height=&#8221;18px&#8221;][vc_column_text]<em>*\u00a0<\/em>\u00daspory n\u00e1klad\u016f jsou v\u00fdsledkem v\u00fdpo\u010dt\u016f proveden\u00fdch Electrolux Professional LAB, kter\u00e1 je certifikov\u00e1na IMQ a INTERTEK. Srovn\u00e1n\u00ed mezi green&amp;clean pr\u016fchoz\u00ed my\u010dkou a obdobnou b\u011b\u017enou my\u010dkou pou\u017e\u00edvaj\u00edc\u00ed 3 litry vody na oplachov\u00fd cyklus, 100 cykl\u016f\/den, 300 pracovn\u00edch dn\u00ed\/rok a teplotu vstupn\u00ed vody 10\u00b0C[\/vc_column_text][vc_empty_space][\/vc_column][\/vc_row][vc_row][vc_column width=&#8221;1\/4&#8243;][elx_video_block background_image=&#8221;482&#8243; video_link=&#8221;https:\/\/www.youtube.com\/watch?v=32sTPdKIWvU&amp;index=4&amp;list=PLPgDP-OAdnh9JB3q0xheHCL3SIW_lshBC&amp;t=0s&#8221; minimum_height=&#8221;200px&#8221;][vc_column_text]Video &#8211; celkov\u00fd p\u0159ehled[\/vc_column_text][\/vc_column][vc_column width=&#8221;1\/4&#8243;][elx_video_block background_image=&#8221;3866&#8243; video_link=&#8221;https:\/\/www.youtube.com\/watch?v=jIqNYMvhZvQ&amp;index=1&amp;list=PLPgDP-OAdnh9JB3q0xheHCL3SIW_lshBC&#8221; minimum_height=&#8221;200px&#8221;][vc_column_text]Video &#8211; Zero Lime[\/vc_column_text][\/vc_column][vc_column width=&#8221;1\/4&#8243;][elx_video_block background_image=&#8221;1673&#8243; video_link=&#8221;https:\/\/www.youtube.com\/watch?v=AKlX-2Fvaxo&amp;list=PLPgDP-OAdnh9JB3q0xheHCL3SIW_lshBC&amp;index=2&#8243; minimum_height=&#8221;200px&#8221;][vc_column_text]Video &#8211; ESD[\/vc_column_text][\/vc_column][vc_column width=&#8221;1\/4&#8243;][elx_video_block background_image=&#8221;676&#8243; video_link=&#8221;https:\/\/www.youtube.com\/watch?v=IOHZc3ppR64&amp;list=PLPgDP-OAdnh9JB3q0xheHCL3SIW_lshBC&amp;index=0&#8243; minimum_height=&#8221;200px&#8221;][vc_column_text]Video &#8211; Clear Blue[\/vc_column_text][\/vc_column][\/vc_row][vc_row][vc_column][vc_empty_space height=&#8221;50px&#8221;][\/vc_column][\/vc_row][vc_row][vc_column width=&#8221;1\/2&#8243;][elx_download_block text=&#8221;Green&amp;Clean pr\u016fchoz\u00ed my\u010dky &#8211; prospekt&#8221; link=&#8221;files.professional.electrolux.com\/docs\/?n=BR-9JEHC&amp;t=BR&amp;l=21&#8243; background_color=&#8221;orange&#8221; reveal_effect=&#8221;fadeIn&#8221; reveal_duration=&#8221;&#8221; reveal_delay=&#8221;&#8221;][\/vc_column][vc_column width=&#8221;1\/2&#8243;][elx_download_block text=&#8221;Green&amp;Clean pr\u016fchoz\u00ed my\u010dky &#8211; zkr\u00e1cen\u00fd prospekt<br \/>\n(ENG)&#8221; link=&#8221;files.professional.electrolux.com\/docs\/?n=CLF-9JEHM&amp;t=CLF&amp;l=1&#8243; background_color=&#8221;orange&#8221; reveal_effect=&#8221;fadeIn&#8221; reveal_duration=&#8221;&#8221; reveal_delay=&#8221;&#8221;][\/vc_column][\/vc_row][vc_row][vc_column][vc_empty_space][elx_heading font_container=&#8221;h3&#8243; text_color=&#8221;inherit&#8221; text_align=&#8221;text-center&#8221;]Brilantn\u00ed v\u00fdsledky a nejlep\u0161\u00ed v\u00fdkon[\/elx_heading][vc_empty_space][\/vc_column][\/vc_row][vc_row][vc_column width=&#8221;1\/2&#8243;][elx_image_block background_image=&#8221;1672&#8243; minimum_height=&#8221;500px&#8221;][\/vc_column][vc_column width=&#8221;1\/2&#8243;][vc_empty_space][vc_single_image image=&#8221;808&#8243; img_size=&#8221;full&#8221;][vc_column_text]<\/p>\n<div class=\"wpb_text_column wpb_content_element \">\n<div class=\"\">\n<h4>Tekut\u00e9 myc\u00ed, oplachov\u00e9 a odv\u00e1p\u0148ovac\u00ed prost\u0159edky<\/h4>\n<p>Tyto prost\u0159edky eliminuj\u00ed kapky a skvrny, tak\u017ee v\u0161e je dokonale such\u00e9 a \u010dist\u00e9 a sklo je kr\u00e1sn\u011b leskl\u00e9. Odv\u00e1p\u0148ovac\u00ed prost\u0159edky dokonale odstran\u00ed v\u00e1penat\u00e9 usazeniny nejen v hydraulick\u00e9m okruhu, ale i v myc\u00ed komo\u0159e.<\/p>\n<\/div>\n<\/div>\n<p>[\/vc_column_text][elx_button button_text=&#8221;P\u0159\u00edslu\u0161enstv\u00ed a dopl\u0148ky&#8221; button_style=&#8221;icon&#8221; button_link=&#8221;url:https%3A%2F%2Fprofessional.electrolux.cz%2Faccessories-consumables%2F|title:P%C5%99%C3%ADslu%C5%A1enstv%C3%AD%20a%20dopl%C5%88ky||&#8221;][\/vc_column][\/vc_row][vc_row disable_element=&#8221;yes&#8221;][vc_column][vc_empty_space height=&#8221;50px&#8221;][elx_heading font_size=&#8221;h3&#8243; text_color=&#8221;inherit&#8221; text_align=&#8221;text-center&#8221;]Find the ideal package for your business[\/elx_heading][\/vc_column][\/vc_row][vc_row disable_element=&#8221;yes&#8221;][vc_column width=&#8221;1\/3&#8243;][elx_maylike_box id_box=&#8221;2464&#8243;][\/vc_column][vc_column width=&#8221;1\/3&#8243;][elx_maylike_box id_box=&#8221;2533&#8243;][\/vc_column][vc_column width=&#8221;1\/3&#8243;][elx_maylike_box id_box=&#8221;2720&#8243;][\/vc_column][\/vc_row][vc_row][vc_column][vc_empty_space height=&#8221;50px&#8221;][elx_heading text_color=&#8221;inherit&#8221; text_align=&#8221;text-center&#8221;]Nena\u0161li jste to, co jste hledali? Napi\u0161te n\u00e1m.[\/elx_heading][elx_o2000_contact_us s=&#8221;Po\u017eadavek z webov\u00fdch str\u00e1nek&#8221; country=&#8221;Czech Republic&#8221; container=&#8221;elxcontactus1466429748&#8243; r=&#8221;M\u00edsto pro va\u0161i zpr\u00e1vu&#8230;&#8221; l=&#8221;cz&#8221;][vc_empty_space height=&#8221;50px&#8221;][\/vc_column][\/vc_row]<\/p>\n","protected":false},"excerpt":{"rendered":"<p>[vc_row full_width=&#8221;electroluxpro-full-width-no-padding&#8221;][vc_column][elx_hero_slider label_text_color=&#8221;inherit&#8221; images=&#8221;677&#8243;][elx_heading font_container=&#8221;h1&#8243; font_size=&#8221;h2&#8243; text_color=&#8221;inherit&#8221;] Green&amp;clean pr\u016fchoz\u00ed my\u010dky [\/elx_heading][vc_column_text] ro\u010dn\u00ed \u00faspory a\u017e 1.040\u20ac za rok* [\/vc_column_text][\/elx_hero_slider][\/vc_column][\/vc_row][vc_row][vc_column][vc_empty_space][elx_heading text_color=&#8221;inherit&#8221; text_align=&#8221;text-center&#8221;]Green&amp;Clean v\u017edy s n\u011b\u010d\u00edm nav\u00edc.[\/elx_heading][vc_empty_space height=&#8221;50px&#8221;][\/vc_column][\/vc_row][vc_row][vc_column width=&#8221;1\/2&#8243;][elx_heading font_container=&#8221;h1&#8243; font_size=&#8221;h2&#8243; text_color=&#8221;inherit&#8221;]Pr\u016fchoz\u00ed my\u010dky n\u00e1dob\u00ed Green&amp;Clean[\/elx_heading][vc_column_text]\u00da\u010dinnost, jednoduch\u00e1 obsluha, v\u00fdkon Pr\u016fchoz\u00ed my\u010dky n\u00e1dob\u00ed od Electrolux Professional p\u0159ich\u00e1zej\u00ed v\u017edy s n\u011b\u010d\u00edm nav\u00edc: \u00fa\u010dinnost s maxim\u00e1ln\u00ed spolehlivost\u00ed; snadn\u00e9 pou\u017eit\u00ed spolu s inovativn\u00ed [&hellip;]<\/p>\n","protected":false},"author":3,"featured_media":482,"parent":2377,"menu_order":0,"comment_status":"closed","ping_status":"closed","template":"","meta":{"footnotes":""},"class_list":["post-2721","page","type-page","status-publish","has-post-thumbnail","hentry"],"acf":[],"yoast_head":"<!-- This site is optimized with the Yoast SEO plugin v23.3 - https:\/\/yoast.com\/wordpress\/plugins\/seo\/ -->\n<title>Pr\u016fchoz\u00ed my\u010dky n\u00e1dob\u00ed Green&amp;Clean - Electrolux Professional \u010cesk\u00e1 republika<\/title>\n<meta name=\"description\" content=\"Pr\u016fchoz\u00ed my\u010dky n\u00e1dob\u00ed Electrolux Professional s n\u00edzkou spot\u0159ebou vody, \u00fasporou energie a myc\u00edho prost\u0159edku, snadn\u00e9 pou\u017eit\u00ed.\" \/>\n<meta name=\"robots\" content=\"index, follow, max-snippet:-1, max-image-preview:large, max-video-preview:-1\" \/>\n<link rel=\"canonical\" href=\"https:\/\/www.electroluxprofessional.com\/cz\/dishwashing-equipment-2\/pruchozi-mycky-nadobi\/\" \/>\n<meta property=\"og:locale\" content=\"cs_CZ\" \/>\n<meta property=\"og:type\" content=\"article\" \/>\n<meta property=\"og:title\" content=\"Pr\u016fchoz\u00ed my\u010dky n\u00e1dob\u00ed Green&amp;Clean - Electrolux Professional \u010cesk\u00e1 republika\" \/>\n<meta property=\"og:description\" content=\"Pr\u016fchoz\u00ed my\u010dky n\u00e1dob\u00ed Electrolux Professional s n\u00edzkou spot\u0159ebou vody, \u00fasporou energie a myc\u00edho prost\u0159edku, snadn\u00e9 pou\u017eit\u00ed.\" \/>\n<meta property=\"og:url\" content=\"https:\/\/www.electroluxprofessional.com\/cz\/dishwashing-equipment-2\/pruchozi-mycky-nadobi\/\" \/>\n<meta property=\"og:site_name\" content=\"Electrolux Professional \u010cesk\u00e1 republika\" \/>\n<meta property=\"article:publisher\" content=\"https:\/\/www.facebook.com\/electroluxprofessional\" \/>\n<meta property=\"article:modified_time\" content=\"2025-11-06T09:58:15+00:00\" \/>\n<meta property=\"og:image\" content=\"https:\/\/www.electroluxprofessional.com\/cz\/wp-content\/uploads\/2016\/11\/dishwashing-quadro-1.jpg\" \/>\n\t<meta property=\"og:image:width\" content=\"799\" \/>\n\t<meta property=\"og:image:height\" content=\"799\" \/>\n\t<meta property=\"og:image:type\" content=\"image\/jpeg\" \/>\n<meta name=\"twitter:card\" content=\"summary_large_image\" \/>\n<meta name=\"twitter:site\" content=\"@ElectroluxPro\" \/>\n<meta name=\"twitter:label1\" content=\"Odhadovan\u00e1 doba \u010dten\u00ed\" \/>\n\t<meta name=\"twitter:data1\" content=\"3 minuty\" \/>\n<script type=\"application\/ld+json\" class=\"yoast-schema-graph\">{\"@context\":\"https:\/\/schema.org\",\"@graph\":[{\"@type\":\"WebPage\",\"@id\":\"https:\/\/www.electroluxprofessional.com\/cz\/dishwashing-equipment-2\/pruchozi-mycky-nadobi\/\",\"url\":\"https:\/\/www.electroluxprofessional.com\/cz\/dishwashing-equipment-2\/pruchozi-mycky-nadobi\/\",\"name\":\"Pr\u016fchoz\u00ed my\u010dky n\u00e1dob\u00ed Green&Clean - Electrolux Professional \u010cesk\u00e1 republika\",\"isPartOf\":{\"@id\":\"https:\/\/www.electroluxprofessional.com\/cz\/#website\"},\"primaryImageOfPage\":{\"@id\":\"https:\/\/www.electroluxprofessional.com\/cz\/dishwashing-equipment-2\/pruchozi-mycky-nadobi\/#primaryimage\"},\"image\":{\"@id\":\"https:\/\/www.electroluxprofessional.com\/cz\/dishwashing-equipment-2\/pruchozi-mycky-nadobi\/#primaryimage\"},\"thumbnailUrl\":\"https:\/\/www.electroluxprofessional.com\/cz\/wp-content\/uploads\/2016\/11\/dishwashing-quadro-1.jpg\",\"datePublished\":\"2016-05-24T13:09:27+00:00\",\"dateModified\":\"2025-11-06T09:58:15+00:00\",\"description\":\"Pr\u016fchoz\u00ed my\u010dky n\u00e1dob\u00ed Electrolux Professional s n\u00edzkou spot\u0159ebou vody, \u00fasporou energie a myc\u00edho prost\u0159edku, snadn\u00e9 pou\u017eit\u00ed.\",\"breadcrumb\":{\"@id\":\"https:\/\/www.electroluxprofessional.com\/cz\/dishwashing-equipment-2\/pruchozi-mycky-nadobi\/#breadcrumb\"},\"inLanguage\":\"cs\",\"potentialAction\":[{\"@type\":\"ReadAction\",\"target\":[\"https:\/\/www.electroluxprofessional.com\/cz\/dishwashing-equipment-2\/pruchozi-mycky-nadobi\/\"]}]},{\"@type\":\"ImageObject\",\"inLanguage\":\"cs\",\"@id\":\"https:\/\/www.electroluxprofessional.com\/cz\/dishwashing-equipment-2\/pruchozi-mycky-nadobi\/#primaryimage\",\"url\":\"https:\/\/www.electroluxprofessional.com\/cz\/wp-content\/uploads\/2016\/11\/dishwashing-quadro-1.jpg\",\"contentUrl\":\"https:\/\/www.electroluxprofessional.com\/cz\/wp-content\/uploads\/2016\/11\/dishwashing-quadro-1.jpg\",\"width\":799,\"height\":799,\"caption\":\"commercial dishwashing\"},{\"@type\":\"BreadcrumbList\",\"@id\":\"https:\/\/www.electroluxprofessional.com\/cz\/dishwashing-equipment-2\/pruchozi-mycky-nadobi\/#breadcrumb\",\"itemListElement\":[{\"@type\":\"ListItem\",\"position\":1,\"name\":\"Home\",\"item\":\"https:\/\/www.electroluxprofessional.com\/cz\/\"},{\"@type\":\"ListItem\",\"position\":2,\"name\":\"My\u010dky n\u00e1dob\u00ed\",\"item\":\"https:\/\/www.electroluxprofessional.com\/cz\/dishwashing-equipment-2\/\"},{\"@type\":\"ListItem\",\"position\":3,\"name\":\"Pr\u016fchoz\u00ed my\u010dky n\u00e1dob\u00ed Green&#038;Clean\"}]},{\"@type\":\"WebSite\",\"@id\":\"https:\/\/www.electroluxprofessional.com\/cz\/#website\",\"url\":\"https:\/\/www.electroluxprofessional.com\/cz\/\",\"name\":\"Electrolux Professional \u010cesk\u00e1 republika\",\"description\":\"\",\"potentialAction\":[{\"@type\":\"SearchAction\",\"target\":{\"@type\":\"EntryPoint\",\"urlTemplate\":\"https:\/\/www.electroluxprofessional.com\/cz\/?src={search_term_string}\"},\"query-input\":\"required name=search_term_string\"}],\"inLanguage\":\"cs\"}]}<\/script>\n<!-- \/ Yoast SEO plugin. -->","yoast_head_json":{"title":"Pr\u016fchoz\u00ed my\u010dky n\u00e1dob\u00ed Green&Clean - Electrolux Professional \u010cesk\u00e1 republika","description":"Pr\u016fchoz\u00ed my\u010dky n\u00e1dob\u00ed Electrolux Professional s n\u00edzkou spot\u0159ebou vody, \u00fasporou energie a myc\u00edho prost\u0159edku, snadn\u00e9 pou\u017eit\u00ed.","robots":{"index":"index","follow":"follow","max-snippet":"max-snippet:-1","max-image-preview":"max-image-preview:large","max-video-preview":"max-video-preview:-1"},"canonical":"https:\/\/www.electroluxprofessional.com\/cz\/dishwashing-equipment-2\/pruchozi-mycky-nadobi\/","og_locale":"cs_CZ","og_type":"article","og_title":"Pr\u016fchoz\u00ed my\u010dky n\u00e1dob\u00ed Green&Clean - Electrolux Professional \u010cesk\u00e1 republika","og_description":"Pr\u016fchoz\u00ed my\u010dky n\u00e1dob\u00ed Electrolux Professional s n\u00edzkou spot\u0159ebou vody, \u00fasporou energie a myc\u00edho prost\u0159edku, snadn\u00e9 pou\u017eit\u00ed.","og_url":"https:\/\/www.electroluxprofessional.com\/cz\/dishwashing-equipment-2\/pruchozi-mycky-nadobi\/","og_site_name":"Electrolux Professional \u010cesk\u00e1 republika","article_publisher":"https:\/\/www.facebook.com\/electroluxprofessional","article_modified_time":"2025-11-06T09:58:15+00:00","og_image":[{"width":799,"height":799,"url":"https:\/\/www.electroluxprofessional.com\/cz\/wp-content\/uploads\/2016\/11\/dishwashing-quadro-1.jpg","type":"image\/jpeg"}],"twitter_card":"summary_large_image","twitter_site":"@ElectroluxPro","twitter_misc":{"Odhadovan\u00e1 doba \u010dten\u00ed":"3 minuty"},"schema":{"@context":"https:\/\/schema.org","@graph":[{"@type":"WebPage","@id":"https:\/\/www.electroluxprofessional.com\/cz\/dishwashing-equipment-2\/pruchozi-mycky-nadobi\/","url":"https:\/\/www.electroluxprofessional.com\/cz\/dishwashing-equipment-2\/pruchozi-mycky-nadobi\/","name":"Pr\u016fchoz\u00ed my\u010dky n\u00e1dob\u00ed Green&Clean - Electrolux Professional \u010cesk\u00e1 republika","isPartOf":{"@id":"https:\/\/www.electroluxprofessional.com\/cz\/#website"},"primaryImageOfPage":{"@id":"https:\/\/www.electroluxprofessional.com\/cz\/dishwashing-equipment-2\/pruchozi-mycky-nadobi\/#primaryimage"},"image":{"@id":"https:\/\/www.electroluxprofessional.com\/cz\/dishwashing-equipment-2\/pruchozi-mycky-nadobi\/#primaryimage"},"thumbnailUrl":"https:\/\/www.electroluxprofessional.com\/cz\/wp-content\/uploads\/2016\/11\/dishwashing-quadro-1.jpg","datePublished":"2016-05-24T13:09:27+00:00","dateModified":"2025-11-06T09:58:15+00:00","description":"Pr\u016fchoz\u00ed my\u010dky n\u00e1dob\u00ed Electrolux Professional s n\u00edzkou spot\u0159ebou vody, \u00fasporou energie a myc\u00edho prost\u0159edku, snadn\u00e9 pou\u017eit\u00ed.","breadcrumb":{"@id":"https:\/\/www.electroluxprofessional.com\/cz\/dishwashing-equipment-2\/pruchozi-mycky-nadobi\/#breadcrumb"},"inLanguage":"cs","potentialAction":[{"@type":"ReadAction","target":["https:\/\/www.electroluxprofessional.com\/cz\/dishwashing-equipment-2\/pruchozi-mycky-nadobi\/"]}]},{"@type":"ImageObject","inLanguage":"cs","@id":"https:\/\/www.electroluxprofessional.com\/cz\/dishwashing-equipment-2\/pruchozi-mycky-nadobi\/#primaryimage","url":"https:\/\/www.electroluxprofessional.com\/cz\/wp-content\/uploads\/2016\/11\/dishwashing-quadro-1.jpg","contentUrl":"https:\/\/www.electroluxprofessional.com\/cz\/wp-content\/uploads\/2016\/11\/dishwashing-quadro-1.jpg","width":799,"height":799,"caption":"commercial dishwashing"},{"@type":"BreadcrumbList","@id":"https:\/\/www.electroluxprofessional.com\/cz\/dishwashing-equipment-2\/pruchozi-mycky-nadobi\/#breadcrumb","itemListElement":[{"@type":"ListItem","position":1,"name":"Home","item":"https:\/\/www.electroluxprofessional.com\/cz\/"},{"@type":"ListItem","position":2,"name":"My\u010dky n\u00e1dob\u00ed","item":"https:\/\/www.electroluxprofessional.com\/cz\/dishwashing-equipment-2\/"},{"@type":"ListItem","position":3,"name":"Pr\u016fchoz\u00ed my\u010dky n\u00e1dob\u00ed Green&#038;Clean"}]},{"@type":"WebSite","@id":"https:\/\/www.electroluxprofessional.com\/cz\/#website","url":"https:\/\/www.electroluxprofessional.com\/cz\/","name":"Electrolux Professional \u010cesk\u00e1 republika","description":"","potentialAction":[{"@type":"SearchAction","target":{"@type":"EntryPoint","urlTemplate":"https:\/\/www.electroluxprofessional.com\/cz\/?src={search_term_string}"},"query-input":"required name=search_term_string"}],"inLanguage":"cs"}]}},"_links":{"self":[{"href":"https:\/\/www.electroluxprofessional.com\/cz\/wp-json\/wp\/v2\/pages\/2721"}],"collection":[{"href":"https:\/\/www.electroluxprofessional.com\/cz\/wp-json\/wp\/v2\/pages"}],"about":[{"href":"https:\/\/www.electroluxprofessional.com\/cz\/wp-json\/wp\/v2\/types\/page"}],"author":[{"embeddable":true,"href":"https:\/\/www.electroluxprofessional.com\/cz\/wp-json\/wp\/v2\/users\/3"}],"replies":[{"embeddable":true,"href":"https:\/\/www.electroluxprofessional.com\/cz\/wp-json\/wp\/v2\/comments?post=2721"}],"version-history":[{"count":21,"href":"https:\/\/www.electroluxprofessional.com\/cz\/wp-json\/wp\/v2\/pages\/2721\/revisions"}],"predecessor-version":[{"id":13966,"href":"https:\/\/www.electroluxprofessional.com\/cz\/wp-json\/wp\/v2\/pages\/2721\/revisions\/13966"}],"up":[{"embeddable":true,"href":"https:\/\/www.electroluxprofessional.com\/cz\/wp-json\/wp\/v2\/pages\/2377"}],"wp:featuredmedia":[{"embeddable":true,"href":"https:\/\/www.electroluxprofessional.com\/cz\/wp-json\/wp\/v2\/media\/482"}],"wp:attachment":[{"href":"https:\/\/www.electroluxprofessional.com\/cz\/wp-json\/wp\/v2\/media?parent=2721"}],"curies":[{"name":"wp","href":"https:\/\/api.w.org\/{rel}","templated":true}]}}