{"id":2534,"date":"2016-11-16T08:26:26","date_gmt":"2016-11-16T07:26:26","guid":{"rendered":"https:\/\/www.electroluxprofessional.com\/?page_id=5328"},"modified":"2020-10-01T21:31:55","modified_gmt":"2020-10-01T21:31:55","slug":"servery-equipment","status":"publish","type":"page","link":"https:\/\/www.electroluxprofessional.com\/cz\/servery-equipment\/","title":{"rendered":"V\u00fddejn\u00ed linky"},"content":{"rendered":"<p>[vc_row full_width=&#8221;electroluxpro-full-width-no-padding&#8221;][vc_column][elx_hero_slider text_position=&#8221;hero_slider_text_align_right&#8221; label_text_color=&#8221;inherit&#8221; images=&#8221;1851&#8243;][elx_heading text_color=&#8221;cat-servery&#8221;]V\u00fddejn\u00ed linky[\/elx_heading][elx_heading font_size=&#8221;h3&#8243; text_color=&#8221;inherit&#8221;]Serv\u00edrujte sv\u00e9 pokrmy profesion\u00e1ln\u011b[\/elx_heading][\/elx_hero_slider][\/vc_column][\/vc_row][vc_row][vc_column][vc_empty_space][elx_heading font_container=&#8221;h3&#8243; text_color=&#8221;inherit&#8221; text_align=&#8221;text-center&#8221;]Na\u0161e <strong>v\u00fddejn\u00ed linky<\/strong> v sob\u011b integruj\u00ed v\u0161echny pot\u0159ebn\u00e9 funkce, kter\u00e9 uspokoj\u00ed i ty <strong>nejn\u00e1ro\u010dn\u011bj\u0161\u00ed z\u00e1kazn\u00edky<\/strong>.[\/elx_heading][\/vc_column][\/vc_row][vc_row][vc_column][elx_image_block background_image=&#8221;1641&#8243; minimum_height=&#8221;500px&#8221;][vc_empty_space][elx_heading font_container=&#8221;h3&#8243; text_color=&#8221;inherit&#8221;]Pod\u00edvejte se, co V\u00e1m Electrolux nab\u00edz\u00ed:[\/elx_heading][vc_empty_space][\/vc_column][\/vc_row][vc_row][vc_column width=&#8221;1\/2&#8243;][vc_empty_space height=&#8221;20px&#8221;][vc_column_text]<\/p>\n<h4><strong>HD v\u00fddejn\u00ed linky<\/strong><\/h4>\n<p>Je osobit\u00fdm \u0159e\u0161en\u00edm, kter\u00e9 V\u00e1m poskytne jistotu, \u017ee se z\u00e1kazn\u00edci budou stravovat v p\u0159\u00edjemn\u00e9m prost\u0159ed\u00ed, s vysokou kvalitou, nad\u010dasov\u00fdm designem a maxim\u00e1ln\u00ed funk\u010dnost\u00ed. Vestav\u011bn\u00e9 funkce HACCP, v\u017edy zajist\u00ed kontrolu nad bezpe\u010dnost\u00ed potravin. Dokonal\u00e1 viditelnost potravin a snadn\u00fd p\u0159\u00edstup k nim je samoz\u0159ejmost\u00ed.<\/p>\n<p>[\/vc_column_text][\/vc_column][vc_column width=&#8221;1\/2&#8243;][elx_image_block background_image=&#8221;1848&#8243; vert_back_position=&#8221;bottom&#8221; minimum_height=&#8221;300px&#8221;][\/vc_column][\/vc_row][vc_row][vc_column][vc_empty_space][\/vc_column][\/vc_row][vc_row][vc_column width=&#8221;1\/2&#8243;][elx_image_block background_image=&#8221;1849&#8243; minimum_height=&#8221;300px&#8221;][\/vc_column][vc_column width=&#8221;1\/2&#8243;][vc_empty_space][vc_column_text]<\/p>\n<h4><strong>Fit-System<\/strong><\/h4>\n<p>Spr\u00e1vn\u00e1 volba pro <strong>v\u00fddej<\/strong> r\u016fzn\u00fdch druh\u016f j\u00eddel <strong>ve velk\u00e9mu po\u010dtu<\/strong>, ale <strong>za kr\u00e1tkou dobu<\/strong>. V\u00fddejn\u00ed linky \u0159ady\u00a0Fit-System dokonale vyhovuje v\u0161em samoobslu\u017en\u00fdm j\u00eddeln\u00e1m, obchodn\u00edm centr\u016fm, rekrea\u010dn\u00edm st\u0159edisk\u016fm a hotel\u016fm, kav\u00e1rn\u00e1m i restaurac\u00edm.<\/p>\n<h4><\/h4>\n<p>[\/vc_column_text][\/vc_column][\/vc_row][vc_row][vc_column][vc_empty_space][\/vc_column][\/vc_row][vc_row][vc_column width=&#8221;1\/2&#8243;][vc_empty_space][vc_column_text]<\/p>\n<h4><strong>Moduly Drop-In<\/strong><\/h4>\n<p>Jsou optim\u00e1ln\u00ed odpov\u011bd\u00ed na modern\u00ed p\u0159\u00edstup k prezentaci pokrm\u016f. \u00dapln\u00e1 integrace v\u00fddejn\u00edch modul\u016f do interi\u00e9rov\u00fdch prvk\u016f \u010din\u00ed tuto \u0159adu extr\u00e9mn\u011b univerz\u00e1ln\u00ed. V\u0161echny jednotky jsou snadno \u010distiteln\u00e9, maj\u00ed vysok\u00e9 hygienick\u00e9 standardy a jsou ekologicky \u0161etrn\u00e9.<\/p>\n<h4><\/h4>\n<p>[\/vc_column_text][\/vc_column][vc_column width=&#8221;1\/2&#8243;][elx_image_block background_image=&#8221;1850&#8243; minimum_height=&#8221;300px&#8221;][\/vc_column][\/vc_row][vc_row][vc_column][vc_empty_space height=&#8221;50px&#8221;][\/vc_column][\/vc_row][vc_row disable_element=&#8221;yes&#8221; matched_labels=&#8221;&#8221;][vc_column width=&#8221;1\/3&#8243;][elx_download_block text=&#8221;HD v\u00fddejn\u00ed linky<br \/>\n(prospekt v ENG)&#8221; link=&#8221;files.professional.electrolux.com\/docs\/?n=BR-9JETN&amp;b=5&amp;l=1&#8243; background_color=&#8221;cat-servery&#8221; reveal_effect=&#8221;&#8221; reveal_duration=&#8221;&#8221; reveal_delay=&#8221;&#8221;][\/vc_column][vc_column width=&#8221;1\/3&#8243;][elx_download_block text=&#8221;Fit system<br \/>\n(prospekt v ENG)&#8221; link=&#8221;files.professional.electrolux.com\/docs\/?n=BR-9JEDI&amp;b=5&amp;l=1&#8243; background_color=&#8221;cat-servery&#8221; reveal_effect=&#8221;&#8221; reveal_duration=&#8221;&#8221; reveal_delay=&#8221;&#8221;][\/vc_column][vc_column width=&#8221;1\/3&#8243;][elx_download_block text=&#8221;Drop-in<br \/>\n(prospekt v ENG)&#8221; link=&#8221;files.professional.electrolux.com\/docs\/?n=BR-9JE00030&amp;b=5&amp;l=1&#8243; background_color=&#8221;cat-servery&#8221; reveal_effect=&#8221;&#8221; reveal_duration=&#8221;&#8221; reveal_delay=&#8221;&#8221;][\/vc_column][\/vc_row][vc_row disable_element=&#8221;yes&#8221; matched_labels=&#8221;&#8221;][vc_column][vc_empty_space height=&#8221;50px&#8221;][elx_heading text_color=&#8221;inherit&#8221; text_align=&#8221;text-center&#8221;]Pot\u0159ebujete v\u00edce detailn\u011bj\u0161\u00edch informac\u00ed? Napi\u0161te n\u00e1m![\/elx_heading][elx_o2000_contact_us r=&#8221;M\u00edsto pro va\u0161i zpr\u00e1vu&#8230;&#8221; s=&#8221;Po\u017eadavek z webov\u00fdch str\u00e1nek &#8211; v\u00fddejn\u00ed linky&#8221; country=&#8221;Czech Republic&#8221; l=&#8221;cz&#8221; container=&#8221;elxcontactus1497376426&#8243;][vc_empty_space height=&#8221;50px&#8221;][\/vc_column][\/vc_row][vc_row disable_element=&#8221;yes&#8221; matched_labels=&#8221;&#8221;][vc_column][elx_heading font_size=&#8221;h3&#8243; text_color=&#8221;inherit&#8221; text_align=&#8221;text-center&#8221;]Mohlo by V\u00e1s tak\u00e9 zaj\u00edmat&#8230;[\/elx_heading][\/vc_column][\/vc_row][vc_row disable_element=&#8221;yes&#8221; matched_labels=&#8221;&#8221;][vc_column width=&#8221;1\/3&#8243;][elx_maylike_box id_box=&#8221;1394&#8243;][\/vc_column][vc_column width=&#8221;1\/3&#8243;][elx_maylike_box id_box=&#8221;1690&#8243;][\/vc_column][vc_column width=&#8221;1\/3&#8243;][elx_maylike_box id_box=&#8221;1591&#8243;][\/vc_column][\/vc_row]<\/p>\n","protected":false},"excerpt":{"rendered":"<p>[vc_row full_width=&#8221;electroluxpro-full-width-no-padding&#8221;][vc_column][elx_hero_slider text_position=&#8221;hero_slider_text_align_right&#8221; label_text_color=&#8221;inherit&#8221; images=&#8221;1851&#8243;][elx_heading text_color=&#8221;cat-servery&#8221;]V\u00fddejn\u00ed linky[\/elx_heading][elx_heading font_size=&#8221;h3&#8243; text_color=&#8221;inherit&#8221;]Serv\u00edrujte sv\u00e9 pokrmy profesion\u00e1ln\u011b[\/elx_heading][\/elx_hero_slider][\/vc_column][\/vc_row][vc_row][vc_column][vc_empty_space][elx_heading font_container=&#8221;h3&#8243; text_color=&#8221;inherit&#8221; text_align=&#8221;text-center&#8221;]Na\u0161e v\u00fddejn\u00ed linky v sob\u011b integruj\u00ed v\u0161echny pot\u0159ebn\u00e9 funkce, kter\u00e9 uspokoj\u00ed i ty nejn\u00e1ro\u010dn\u011bj\u0161\u00ed z\u00e1kazn\u00edky.[\/elx_heading][\/vc_column][\/vc_row][vc_row][vc_column][elx_image_block background_image=&#8221;1641&#8243; minimum_height=&#8221;500px&#8221;][vc_empty_space][elx_heading font_container=&#8221;h3&#8243; text_color=&#8221;inherit&#8221;]Pod\u00edvejte se, co V\u00e1m Electrolux nab\u00edz\u00ed:[\/elx_heading][vc_empty_space][\/vc_column][\/vc_row][vc_row][vc_column width=&#8221;1\/2&#8243;][vc_empty_space height=&#8221;20px&#8221;][vc_column_text] HD v\u00fddejn\u00ed linky Je osobit\u00fdm \u0159e\u0161en\u00edm, kter\u00e9 V\u00e1m poskytne jistotu, \u017ee se z\u00e1kazn\u00edci budou stravovat [&hellip;]<\/p>\n","protected":false},"author":3,"featured_media":1851,"parent":0,"menu_order":0,"comment_status":"closed","ping_status":"closed","template":"","meta":{"footnotes":""},"class_list":["post-2534","page","type-page","status-publish","has-post-thumbnail","hentry"],"acf":[],"yoast_head":"<!-- This site is optimized with the Yoast SEO plugin v23.3 - https:\/\/yoast.com\/wordpress\/plugins\/seo\/ -->\n<title>V\u00fddejn\u00ed linky - Electrolux Professional \u010cesk\u00e1 republika<\/title>\n<meta name=\"description\" content=\"Our servery equipment perfectly integrates all necessary restaurant functions to satisfy the most demanding customers.\" \/>\n<meta name=\"robots\" content=\"index, follow, max-snippet:-1, max-image-preview:large, max-video-preview:-1\" \/>\n<link rel=\"canonical\" href=\"https:\/\/www.electroluxprofessional.com\/cz\/servery-equipment\/\" \/>\n<meta property=\"og:locale\" content=\"cs_CZ\" \/>\n<meta property=\"og:type\" content=\"article\" \/>\n<meta property=\"og:title\" content=\"V\u00fddejn\u00ed linky - Electrolux Professional \u010cesk\u00e1 republika\" \/>\n<meta property=\"og:description\" content=\"Our servery equipment perfectly integrates all necessary restaurant functions to satisfy the most demanding customers.\" \/>\n<meta property=\"og:url\" content=\"https:\/\/www.electroluxprofessional.com\/cz\/servery-equipment\/\" \/>\n<meta property=\"og:site_name\" content=\"Electrolux Professional \u010cesk\u00e1 republika\" \/>\n<meta property=\"article:publisher\" content=\"https:\/\/www.facebook.com\/electroluxprofessional\" \/>\n<meta property=\"article:modified_time\" content=\"2020-10-01T21:31:55+00:00\" \/>\n<meta property=\"og:image\" content=\"https:\/\/www.electroluxprofessional.com\/cz\/wp-content\/uploads\/2017\/02\/banner-servery.jpg\" \/>\n\t<meta property=\"og:image:width\" content=\"2000\" \/>\n\t<meta property=\"og:image:height\" content=\"1333\" \/>\n\t<meta property=\"og:image:type\" content=\"image\/jpeg\" \/>\n<meta name=\"twitter:card\" content=\"summary_large_image\" \/>\n<meta name=\"twitter:site\" content=\"@ElectroluxPro\" \/>\n<meta name=\"twitter:label1\" content=\"Odhadovan\u00e1 doba \u010dten\u00ed\" \/>\n\t<meta name=\"twitter:data1\" content=\"4 minuty\" \/>\n<script type=\"application\/ld+json\" class=\"yoast-schema-graph\">{\"@context\":\"https:\/\/schema.org\",\"@graph\":[{\"@type\":\"WebPage\",\"@id\":\"https:\/\/www.electroluxprofessional.com\/cz\/servery-equipment\/\",\"url\":\"https:\/\/www.electroluxprofessional.com\/cz\/servery-equipment\/\",\"name\":\"V\u00fddejn\u00ed linky - Electrolux Professional \u010cesk\u00e1 republika\",\"isPartOf\":{\"@id\":\"https:\/\/www.electroluxprofessional.com\/cz\/#website\"},\"primaryImageOfPage\":{\"@id\":\"https:\/\/www.electroluxprofessional.com\/cz\/servery-equipment\/#primaryimage\"},\"image\":{\"@id\":\"https:\/\/www.electroluxprofessional.com\/cz\/servery-equipment\/#primaryimage\"},\"thumbnailUrl\":\"https:\/\/www.electroluxprofessional.com\/cz\/wp-content\/uploads\/2017\/02\/banner-servery.jpg\",\"datePublished\":\"2016-11-16T07:26:26+00:00\",\"dateModified\":\"2020-10-01T21:31:55+00:00\",\"description\":\"Our servery equipment perfectly integrates all necessary restaurant functions to satisfy the most demanding customers.\",\"breadcrumb\":{\"@id\":\"https:\/\/www.electroluxprofessional.com\/cz\/servery-equipment\/#breadcrumb\"},\"inLanguage\":\"cs\",\"potentialAction\":[{\"@type\":\"ReadAction\",\"target\":[\"https:\/\/www.electroluxprofessional.com\/cz\/servery-equipment\/\"]}]},{\"@type\":\"ImageObject\",\"inLanguage\":\"cs\",\"@id\":\"https:\/\/www.electroluxprofessional.com\/cz\/servery-equipment\/#primaryimage\",\"url\":\"https:\/\/www.electroluxprofessional.com\/cz\/wp-content\/uploads\/2017\/02\/banner-servery.jpg\",\"contentUrl\":\"https:\/\/www.electroluxprofessional.com\/cz\/wp-content\/uploads\/2017\/02\/banner-servery.jpg\",\"width\":2000,\"height\":1333,\"caption\":\"servery equipment\"},{\"@type\":\"BreadcrumbList\",\"@id\":\"https:\/\/www.electroluxprofessional.com\/cz\/servery-equipment\/#breadcrumb\",\"itemListElement\":[{\"@type\":\"ListItem\",\"position\":1,\"name\":\"Home\",\"item\":\"https:\/\/www.electroluxprofessional.com\/cz\/\"},{\"@type\":\"ListItem\",\"position\":2,\"name\":\"V\u00fddejn\u00ed linky\"}]},{\"@type\":\"WebSite\",\"@id\":\"https:\/\/www.electroluxprofessional.com\/cz\/#website\",\"url\":\"https:\/\/www.electroluxprofessional.com\/cz\/\",\"name\":\"Electrolux Professional \u010cesk\u00e1 republika\",\"description\":\"\",\"potentialAction\":[{\"@type\":\"SearchAction\",\"target\":{\"@type\":\"EntryPoint\",\"urlTemplate\":\"https:\/\/www.electroluxprofessional.com\/cz\/?src={search_term_string}\"},\"query-input\":\"required name=search_term_string\"}],\"inLanguage\":\"cs\"}]}<\/script>\n<!-- \/ Yoast SEO plugin. -->","yoast_head_json":{"title":"V\u00fddejn\u00ed linky - Electrolux Professional \u010cesk\u00e1 republika","description":"Our servery equipment perfectly integrates all necessary restaurant functions to satisfy the most demanding customers.","robots":{"index":"index","follow":"follow","max-snippet":"max-snippet:-1","max-image-preview":"max-image-preview:large","max-video-preview":"max-video-preview:-1"},"canonical":"https:\/\/www.electroluxprofessional.com\/cz\/servery-equipment\/","og_locale":"cs_CZ","og_type":"article","og_title":"V\u00fddejn\u00ed linky - Electrolux Professional \u010cesk\u00e1 republika","og_description":"Our servery equipment perfectly integrates all necessary restaurant functions to satisfy the most demanding customers.","og_url":"https:\/\/www.electroluxprofessional.com\/cz\/servery-equipment\/","og_site_name":"Electrolux Professional \u010cesk\u00e1 republika","article_publisher":"https:\/\/www.facebook.com\/electroluxprofessional","article_modified_time":"2020-10-01T21:31:55+00:00","og_image":[{"width":2000,"height":1333,"url":"https:\/\/www.electroluxprofessional.com\/cz\/wp-content\/uploads\/2017\/02\/banner-servery.jpg","type":"image\/jpeg"}],"twitter_card":"summary_large_image","twitter_site":"@ElectroluxPro","twitter_misc":{"Odhadovan\u00e1 doba \u010dten\u00ed":"4 minuty"},"schema":{"@context":"https:\/\/schema.org","@graph":[{"@type":"WebPage","@id":"https:\/\/www.electroluxprofessional.com\/cz\/servery-equipment\/","url":"https:\/\/www.electroluxprofessional.com\/cz\/servery-equipment\/","name":"V\u00fddejn\u00ed linky - Electrolux Professional \u010cesk\u00e1 republika","isPartOf":{"@id":"https:\/\/www.electroluxprofessional.com\/cz\/#website"},"primaryImageOfPage":{"@id":"https:\/\/www.electroluxprofessional.com\/cz\/servery-equipment\/#primaryimage"},"image":{"@id":"https:\/\/www.electroluxprofessional.com\/cz\/servery-equipment\/#primaryimage"},"thumbnailUrl":"https:\/\/www.electroluxprofessional.com\/cz\/wp-content\/uploads\/2017\/02\/banner-servery.jpg","datePublished":"2016-11-16T07:26:26+00:00","dateModified":"2020-10-01T21:31:55+00:00","description":"Our servery equipment perfectly integrates all necessary restaurant functions to satisfy the most demanding customers.","breadcrumb":{"@id":"https:\/\/www.electroluxprofessional.com\/cz\/servery-equipment\/#breadcrumb"},"inLanguage":"cs","potentialAction":[{"@type":"ReadAction","target":["https:\/\/www.electroluxprofessional.com\/cz\/servery-equipment\/"]}]},{"@type":"ImageObject","inLanguage":"cs","@id":"https:\/\/www.electroluxprofessional.com\/cz\/servery-equipment\/#primaryimage","url":"https:\/\/www.electroluxprofessional.com\/cz\/wp-content\/uploads\/2017\/02\/banner-servery.jpg","contentUrl":"https:\/\/www.electroluxprofessional.com\/cz\/wp-content\/uploads\/2017\/02\/banner-servery.jpg","width":2000,"height":1333,"caption":"servery equipment"},{"@type":"BreadcrumbList","@id":"https:\/\/www.electroluxprofessional.com\/cz\/servery-equipment\/#breadcrumb","itemListElement":[{"@type":"ListItem","position":1,"name":"Home","item":"https:\/\/www.electroluxprofessional.com\/cz\/"},{"@type":"ListItem","position":2,"name":"V\u00fddejn\u00ed linky"}]},{"@type":"WebSite","@id":"https:\/\/www.electroluxprofessional.com\/cz\/#website","url":"https:\/\/www.electroluxprofessional.com\/cz\/","name":"Electrolux Professional \u010cesk\u00e1 republika","description":"","potentialAction":[{"@type":"SearchAction","target":{"@type":"EntryPoint","urlTemplate":"https:\/\/www.electroluxprofessional.com\/cz\/?src={search_term_string}"},"query-input":"required name=search_term_string"}],"inLanguage":"cs"}]}},"_links":{"self":[{"href":"https:\/\/www.electroluxprofessional.com\/cz\/wp-json\/wp\/v2\/pages\/2534"}],"collection":[{"href":"https:\/\/www.electroluxprofessional.com\/cz\/wp-json\/wp\/v2\/pages"}],"about":[{"href":"https:\/\/www.electroluxprofessional.com\/cz\/wp-json\/wp\/v2\/types\/page"}],"author":[{"embeddable":true,"href":"https:\/\/www.electroluxprofessional.com\/cz\/wp-json\/wp\/v2\/users\/3"}],"replies":[{"embeddable":true,"href":"https:\/\/www.electroluxprofessional.com\/cz\/wp-json\/wp\/v2\/comments?post=2534"}],"version-history":[{"count":14,"href":"https:\/\/www.electroluxprofessional.com\/cz\/wp-json\/wp\/v2\/pages\/2534\/revisions"}],"predecessor-version":[{"id":6317,"href":"https:\/\/www.electroluxprofessional.com\/cz\/wp-json\/wp\/v2\/pages\/2534\/revisions\/6317"}],"wp:featuredmedia":[{"embeddable":true,"href":"https:\/\/www.electroluxprofessional.com\/cz\/wp-json\/wp\/v2\/media\/1851"}],"wp:attachment":[{"href":"https:\/\/www.electroluxprofessional.com\/cz\/wp-json\/wp\/v2\/media?parent=2534"}],"curies":[{"name":"wp","href":"https:\/\/api.w.org\/{rel}","templated":true}]}}