{"id":2467,"date":"2016-06-09T10:12:23","date_gmt":"2016-06-09T10:12:23","guid":{"rendered":"https:\/\/www.electroluxprofessional.com\/?page_id=2101"},"modified":"2025-03-05T15:01:35","modified_gmt":"2025-03-05T15:01:35","slug":"commercial-laundry-equipment","status":"publish","type":"page","link":"https:\/\/www.electroluxprofessional.com\/cz\/commercial-laundry-equipment\/","title":{"rendered":"Profesion\u00e1ln\u00ed pr\u00e1delny"},"content":{"rendered":"<p>[vc_row full_width=&#8221;electroluxpro-full-width-no-padding&#8221;][vc_column][elx_hero_slider label_text_color=&#8221;inherit&#8221; images=&#8221;2221&#8243;][elx_heading font_container=&#8221;h1&#8243; font_size=&#8221;h4&#8243; text_color=&#8221;inherit&#8221; text_align=&#8221;text-left&#8221;]Electrolux Professional &#8211; \u0159e\u0161en\u00ed pro ka\u017edou pr\u00e1delnu, kdekoliv na sv\u011bt\u011b.[\/elx_heading][\/elx_hero_slider][\/vc_column][\/vc_row][vc_row full_width=&#8221;electroluxpro-full-width-no-padding&#8221;][vc_column][vc_empty_space][\/vc_column][\/vc_row][vc_row][vc_column][vc_column_text]<\/p>\n<h5>Spole\u010dnost Electrolux Professional vyv\u00edj\u00ed nejpokrokov\u011bj\u0161\u00ed a nejflexibiln\u011bj\u0161\u00ed \u0159e\u0161en\u00ed pro pr\u00e1delny na cel\u00e9m sv\u011bt\u011b. V\u017edy se sna\u017e\u00edme vyu\u017e\u00edvat zku\u0161enost\u00ed na\u0161ich z\u00e1kazn\u00edk\u016f, kte\u0159\u00ed n\u00e1m pom\u00e1haj\u00ed zlep\u0161ovat funk\u010dnost, produktivitu a ergonomii.<\/h5>\n<p>[\/vc_column_text][vc_empty_space height=&#8221;50px&#8221;][\/vc_column][\/vc_row][vc_row][vc_column width=&#8221;1\/4&#8243;][elx_navigation_branch title_link=&#8221;title-linkable&#8221; image=&#8221;13376&#8243; menu_list=&#8221;13364&#8243;][\/vc_column][vc_column width=&#8221;1\/4&#8243;][elx_navigation_branch image=&#8221;13371&#8243; menu_list=&#8221;11489&#8243;][\/vc_column][vc_column width=&#8221;1\/4&#8243;][elx_navigation_branch image=&#8221;13377&#8243; menu_list=&#8221;11493&#8243;][\/vc_column][vc_column width=&#8221;1\/4&#8243;][elx_navigation_branch image=&#8221;13375&#8243; menu_list=&#8221;11498&#8243;][\/vc_column][\/vc_row][vc_row][vc_column][vc_empty_space height=&#8221;80px&#8221;][\/vc_column][\/vc_row][vc_row][vc_column width=&#8221;1\/4&#8243;][elx_navigation_branch title_link=&#8221;title-linkable&#8221; image=&#8221;13374&#8243; menu_list=&#8221;11500&#8243;][\/vc_column][vc_column width=&#8221;1\/4&#8243;][elx_navigation_branch image=&#8221;13370&#8243; menu_list=&#8221;11501&#8243;][\/vc_column][vc_column width=&#8221;1\/4&#8243;][elx_navigation_branch image=&#8221;10818&#8243; menu_list=&#8221;11504&#8243;][\/vc_column][vc_column width=&#8221;1\/4&#8243;][elx_navigation_branch image=&#8221;13378&#8243; menu_list=&#8221;11508&#8243;][\/vc_column][\/vc_row][vc_row][vc_column][vc_empty_space height=&#8221;80px&#8221;][\/vc_column][\/vc_row][vc_row][vc_column width=&#8221;1\/4&#8243;][elx_navigation_branch title_link=&#8221;title-linkable&#8221; image=&#8221;13379&#8243; menu_list=&#8221;11513&#8243;][\/vc_column][vc_column width=&#8221;1\/4&#8243;][elx_navigation_branch image=&#8221;13372&#8243; menu_list=&#8221;11512&#8243;][\/vc_column][vc_column width=&#8221;1\/4&#8243;][\/vc_column][vc_column width=&#8221;1\/4&#8243;][\/vc_column][\/vc_row][vc_row][vc_column][vc_empty_space height=&#8221;70px&#8221;][\/vc_column][\/vc_row][vc_row][vc_column][elx_heading font_size=&#8221;h2&#8243; text_color=&#8221;inherit&#8221;]Nena\u0161li jste to, co jste hledali?[\/elx_heading][vc_column_text]<\/p>\n<h6>Pro podrobn\u011bj\u0161\u00ed informace o \u0159e\u0161en\u00ed pro profesion\u00e1ln\u00ed pr\u00e1delny vyu\u017eijte n\u00ed\u017ee p\u0159ipojen\u00fd kontaktn\u00ed formul\u00e1\u0159 nebo nav\u0161tivte mezin\u00e1rodn\u00ed str\u00e1nky <a href=\"https:\/\/www.electroluxprofessional.com\/commercial-laundry-equipment\/\" target=\"_blank\" rel=\"noopener\">Electrolux Professional Laundry Solution<\/a>.<\/h6>\n<p>[\/vc_column_text][elx_o2000_contact_us s=&#8221;\u017d\u00e1dost o informace o komer\u010dn\u00edch pr\u00e1deln\u00e1ch&#8221; country=&#8221;Czech Republic&#8221; b=&#8221;laundry&#8221; container=&#8221;elxcontactus1497376426&#8243; r=&#8221;Cht\u011bl bych se dozv\u011bd\u011bt v\u00edce o va\u0161ich komer\u010dn\u00edch pr\u00e1deln\u00e1ch. Pros\u00edm, kontaktujte m\u011b. D\u00edk.&#8221; l=&#8221;cz&#8221;][vc_empty_space height=&#8221;50px&#8221;][\/vc_column][\/vc_row]<\/p>\n","protected":false},"excerpt":{"rendered":"<p>[vc_row full_width=&#8221;electroluxpro-full-width-no-padding&#8221;][vc_column][elx_hero_slider label_text_color=&#8221;inherit&#8221; images=&#8221;2221&#8243;][elx_heading font_container=&#8221;h1&#8243; font_size=&#8221;h4&#8243; text_color=&#8221;inherit&#8221; text_align=&#8221;text-left&#8221;]Electrolux Professional &#8211; \u0159e\u0161en\u00ed pro ka\u017edou pr\u00e1delnu, kdekoliv na sv\u011bt\u011b.[\/elx_heading][\/elx_hero_slider][\/vc_column][\/vc_row][vc_row full_width=&#8221;electroluxpro-full-width-no-padding&#8221;][vc_column][vc_empty_space][\/vc_column][\/vc_row][vc_row][vc_column][vc_column_text] Spole\u010dnost Electrolux Professional vyv\u00edj\u00ed nejpokrokov\u011bj\u0161\u00ed a nejflexibiln\u011bj\u0161\u00ed \u0159e\u0161en\u00ed pro pr\u00e1delny na cel\u00e9m sv\u011bt\u011b. V\u017edy se sna\u017e\u00edme vyu\u017e\u00edvat zku\u0161enost\u00ed na\u0161ich z\u00e1kazn\u00edk\u016f, kte\u0159\u00ed n\u00e1m pom\u00e1haj\u00ed zlep\u0161ovat funk\u010dnost, produktivitu a ergonomii. [\/vc_column_text][vc_empty_space height=&#8221;50px&#8221;][\/vc_column][\/vc_row][vc_row][vc_column width=&#8221;1\/4&#8243;][elx_navigation_branch title_link=&#8221;title-linkable&#8221; image=&#8221;13376&#8243; menu_list=&#8221;13364&#8243;][\/vc_column][vc_column width=&#8221;1\/4&#8243;][elx_navigation_branch image=&#8221;13371&#8243; menu_list=&#8221;11489&#8243;][\/vc_column][vc_column [&hellip;]<\/p>\n","protected":false},"author":3,"featured_media":2221,"parent":0,"menu_order":0,"comment_status":"closed","ping_status":"closed","template":"","meta":{"footnotes":""},"class_list":["post-2467","page","type-page","status-publish","has-post-thumbnail","hentry"],"acf":[],"yoast_head":"<!-- This site is optimized with the Yoast SEO plugin v23.3 - https:\/\/yoast.com\/wordpress\/plugins\/seo\/ -->\n<title>Commercial laundry equipment - Electrolux Professional<\/title>\n<meta name=\"description\" content=\"Commercial Laundry solutions that use less water, energy and detergent in order to make wash and dry cycles more efficient.\" \/>\n<meta name=\"robots\" content=\"index, follow, max-snippet:-1, max-image-preview:large, max-video-preview:-1\" \/>\n<link rel=\"canonical\" href=\"https:\/\/www.electroluxprofessional.com\/cz\/commercial-laundry-equipment\/\" \/>\n<meta property=\"og:locale\" content=\"cs_CZ\" \/>\n<meta property=\"og:type\" content=\"article\" \/>\n<meta property=\"og:title\" content=\"Commercial laundry equipment - Electrolux Professional\" \/>\n<meta property=\"og:description\" content=\"Commercial Laundry solutions that use less water, energy and detergent in order to make wash and dry cycles more efficient.\" \/>\n<meta property=\"og:url\" content=\"https:\/\/www.electroluxprofessional.com\/cz\/commercial-laundry-equipment\/\" \/>\n<meta property=\"og:site_name\" content=\"Electrolux Professional \u010cesk\u00e1 republika\" \/>\n<meta property=\"article:publisher\" content=\"https:\/\/www.facebook.com\/electroluxprofessional\" \/>\n<meta property=\"article:modified_time\" content=\"2025-03-05T15:01:35+00:00\" \/>\n<meta property=\"og:image\" content=\"https:\/\/www.electroluxprofessional.com\/cz\/wp-content\/uploads\/2017\/02\/laundry.jpg\" \/>\n\t<meta property=\"og:image:width\" content=\"2000\" \/>\n\t<meta property=\"og:image:height\" content=\"1142\" \/>\n\t<meta property=\"og:image:type\" content=\"image\/jpeg\" \/>\n<meta name=\"twitter:card\" content=\"summary_large_image\" \/>\n<meta name=\"twitter:site\" content=\"@ElectroluxPro\" \/>\n<meta name=\"twitter:label1\" content=\"Odhadovan\u00e1 doba \u010dten\u00ed\" \/>\n\t<meta name=\"twitter:data1\" content=\"1 minuta\" \/>\n<script type=\"application\/ld+json\" class=\"yoast-schema-graph\">{\"@context\":\"https:\/\/schema.org\",\"@graph\":[{\"@type\":\"WebPage\",\"@id\":\"https:\/\/www.electroluxprofessional.com\/cz\/commercial-laundry-equipment\/\",\"url\":\"https:\/\/www.electroluxprofessional.com\/cz\/commercial-laundry-equipment\/\",\"name\":\"Commercial laundry equipment - Electrolux Professional\",\"isPartOf\":{\"@id\":\"https:\/\/www.electroluxprofessional.com\/cz\/#website\"},\"primaryImageOfPage\":{\"@id\":\"https:\/\/www.electroluxprofessional.com\/cz\/commercial-laundry-equipment\/#primaryimage\"},\"image\":{\"@id\":\"https:\/\/www.electroluxprofessional.com\/cz\/commercial-laundry-equipment\/#primaryimage\"},\"thumbnailUrl\":\"https:\/\/www.electroluxprofessional.com\/cz\/wp-content\/uploads\/2017\/02\/laundry.jpg\",\"datePublished\":\"2016-06-09T10:12:23+00:00\",\"dateModified\":\"2025-03-05T15:01:35+00:00\",\"description\":\"Commercial Laundry solutions that use less water, energy and detergent in order to make wash and dry cycles more efficient.\",\"breadcrumb\":{\"@id\":\"https:\/\/www.electroluxprofessional.com\/cz\/commercial-laundry-equipment\/#breadcrumb\"},\"inLanguage\":\"cs\",\"potentialAction\":[{\"@type\":\"ReadAction\",\"target\":[\"https:\/\/www.electroluxprofessional.com\/cz\/commercial-laundry-equipment\/\"]}]},{\"@type\":\"ImageObject\",\"inLanguage\":\"cs\",\"@id\":\"https:\/\/www.electroluxprofessional.com\/cz\/commercial-laundry-equipment\/#primaryimage\",\"url\":\"https:\/\/www.electroluxprofessional.com\/cz\/wp-content\/uploads\/2017\/02\/laundry.jpg\",\"contentUrl\":\"https:\/\/www.electroluxprofessional.com\/cz\/wp-content\/uploads\/2017\/02\/laundry.jpg\",\"width\":2000,\"height\":1142,\"caption\":\"laundry\"},{\"@type\":\"BreadcrumbList\",\"@id\":\"https:\/\/www.electroluxprofessional.com\/cz\/commercial-laundry-equipment\/#breadcrumb\",\"itemListElement\":[{\"@type\":\"ListItem\",\"position\":1,\"name\":\"Home\",\"item\":\"https:\/\/www.electroluxprofessional.com\/cz\/\"},{\"@type\":\"ListItem\",\"position\":2,\"name\":\"Profesion\u00e1ln\u00ed pr\u00e1delny\"}]},{\"@type\":\"WebSite\",\"@id\":\"https:\/\/www.electroluxprofessional.com\/cz\/#website\",\"url\":\"https:\/\/www.electroluxprofessional.com\/cz\/\",\"name\":\"Electrolux Professional \u010cesk\u00e1 republika\",\"description\":\"\",\"potentialAction\":[{\"@type\":\"SearchAction\",\"target\":{\"@type\":\"EntryPoint\",\"urlTemplate\":\"https:\/\/www.electroluxprofessional.com\/cz\/?src={search_term_string}\"},\"query-input\":\"required name=search_term_string\"}],\"inLanguage\":\"cs\"}]}<\/script>\n<!-- \/ Yoast SEO plugin. -->","yoast_head_json":{"title":"Commercial laundry equipment - Electrolux Professional","description":"Commercial Laundry solutions that use less water, energy and detergent in order to make wash and dry cycles more efficient.","robots":{"index":"index","follow":"follow","max-snippet":"max-snippet:-1","max-image-preview":"max-image-preview:large","max-video-preview":"max-video-preview:-1"},"canonical":"https:\/\/www.electroluxprofessional.com\/cz\/commercial-laundry-equipment\/","og_locale":"cs_CZ","og_type":"article","og_title":"Commercial laundry equipment - Electrolux Professional","og_description":"Commercial Laundry solutions that use less water, energy and detergent in order to make wash and dry cycles more efficient.","og_url":"https:\/\/www.electroluxprofessional.com\/cz\/commercial-laundry-equipment\/","og_site_name":"Electrolux Professional \u010cesk\u00e1 republika","article_publisher":"https:\/\/www.facebook.com\/electroluxprofessional","article_modified_time":"2025-03-05T15:01:35+00:00","og_image":[{"width":2000,"height":1142,"url":"https:\/\/www.electroluxprofessional.com\/cz\/wp-content\/uploads\/2017\/02\/laundry.jpg","type":"image\/jpeg"}],"twitter_card":"summary_large_image","twitter_site":"@ElectroluxPro","twitter_misc":{"Odhadovan\u00e1 doba \u010dten\u00ed":"1 minuta"},"schema":{"@context":"https:\/\/schema.org","@graph":[{"@type":"WebPage","@id":"https:\/\/www.electroluxprofessional.com\/cz\/commercial-laundry-equipment\/","url":"https:\/\/www.electroluxprofessional.com\/cz\/commercial-laundry-equipment\/","name":"Commercial laundry equipment - Electrolux Professional","isPartOf":{"@id":"https:\/\/www.electroluxprofessional.com\/cz\/#website"},"primaryImageOfPage":{"@id":"https:\/\/www.electroluxprofessional.com\/cz\/commercial-laundry-equipment\/#primaryimage"},"image":{"@id":"https:\/\/www.electroluxprofessional.com\/cz\/commercial-laundry-equipment\/#primaryimage"},"thumbnailUrl":"https:\/\/www.electroluxprofessional.com\/cz\/wp-content\/uploads\/2017\/02\/laundry.jpg","datePublished":"2016-06-09T10:12:23+00:00","dateModified":"2025-03-05T15:01:35+00:00","description":"Commercial Laundry solutions that use less water, energy and detergent in order to make wash and dry cycles more efficient.","breadcrumb":{"@id":"https:\/\/www.electroluxprofessional.com\/cz\/commercial-laundry-equipment\/#breadcrumb"},"inLanguage":"cs","potentialAction":[{"@type":"ReadAction","target":["https:\/\/www.electroluxprofessional.com\/cz\/commercial-laundry-equipment\/"]}]},{"@type":"ImageObject","inLanguage":"cs","@id":"https:\/\/www.electroluxprofessional.com\/cz\/commercial-laundry-equipment\/#primaryimage","url":"https:\/\/www.electroluxprofessional.com\/cz\/wp-content\/uploads\/2017\/02\/laundry.jpg","contentUrl":"https:\/\/www.electroluxprofessional.com\/cz\/wp-content\/uploads\/2017\/02\/laundry.jpg","width":2000,"height":1142,"caption":"laundry"},{"@type":"BreadcrumbList","@id":"https:\/\/www.electroluxprofessional.com\/cz\/commercial-laundry-equipment\/#breadcrumb","itemListElement":[{"@type":"ListItem","position":1,"name":"Home","item":"https:\/\/www.electroluxprofessional.com\/cz\/"},{"@type":"ListItem","position":2,"name":"Profesion\u00e1ln\u00ed pr\u00e1delny"}]},{"@type":"WebSite","@id":"https:\/\/www.electroluxprofessional.com\/cz\/#website","url":"https:\/\/www.electroluxprofessional.com\/cz\/","name":"Electrolux Professional \u010cesk\u00e1 republika","description":"","potentialAction":[{"@type":"SearchAction","target":{"@type":"EntryPoint","urlTemplate":"https:\/\/www.electroluxprofessional.com\/cz\/?src={search_term_string}"},"query-input":"required name=search_term_string"}],"inLanguage":"cs"}]}},"_links":{"self":[{"href":"https:\/\/www.electroluxprofessional.com\/cz\/wp-json\/wp\/v2\/pages\/2467"}],"collection":[{"href":"https:\/\/www.electroluxprofessional.com\/cz\/wp-json\/wp\/v2\/pages"}],"about":[{"href":"https:\/\/www.electroluxprofessional.com\/cz\/wp-json\/wp\/v2\/types\/page"}],"author":[{"embeddable":true,"href":"https:\/\/www.electroluxprofessional.com\/cz\/wp-json\/wp\/v2\/users\/3"}],"replies":[{"embeddable":true,"href":"https:\/\/www.electroluxprofessional.com\/cz\/wp-json\/wp\/v2\/comments?post=2467"}],"version-history":[{"count":47,"href":"https:\/\/www.electroluxprofessional.com\/cz\/wp-json\/wp\/v2\/pages\/2467\/revisions"}],"predecessor-version":[{"id":10816,"href":"https:\/\/www.electroluxprofessional.com\/cz\/wp-json\/wp\/v2\/pages\/2467\/revisions\/10816"}],"wp:featuredmedia":[{"embeddable":true,"href":"https:\/\/www.electroluxprofessional.com\/cz\/wp-json\/wp\/v2\/media\/2221"}],"wp:attachment":[{"href":"https:\/\/www.electroluxprofessional.com\/cz\/wp-json\/wp\/v2\/media?parent=2467"}],"curies":[{"name":"wp","href":"https:\/\/api.w.org\/{rel}","templated":true}]}}