{"id":2377,"date":"2017-04-04T13:36:39","date_gmt":"2017-04-04T12:36:39","guid":{"rendered":"https:\/\/www.electroluxprofessional.com\/cz\/?page_id=2377"},"modified":"2024-07-01T12:53:56","modified_gmt":"2024-07-01T12:53:56","slug":"dishwashing-equipment-2","status":"publish","type":"page","link":"https:\/\/www.electroluxprofessional.com\/cz\/dishwashing-equipment-2\/","title":{"rendered":"My\u010dky n\u00e1dob\u00ed"},"content":{"rendered":"<p>[vc_row full_width=&#8221;electroluxpro-full-width-no-padding&#8221;][vc_column][elx_hero_slider label_text_color=&#8221;inherit&#8221; images=&#8221;1673&#8243;][elx_heading font_container=&#8221;h1&#8243; font_size=&#8221;h2&#8243; text_color=&#8221;inherit&#8221;]My\u010dky n\u00e1dob\u00ed[\/elx_heading][elx_heading font_size=&#8221;h3&#8243; text_color=&#8221;inherit&#8221;]\u010distota nade v\u0161e[\/elx_heading][\/elx_hero_slider][\/vc_column][\/vc_row][vc_row][vc_column][vc_empty_space][\/vc_column][\/vc_row][vc_row][vc_column width=&#8221;2\/3&#8243;][elx_heading font_size=&#8221;h4&#8243; text_color=&#8221;inherit&#8221;]Electrolux my\u010dky n\u00e1dob\u00ed poskytuj\u00ed nep\u0159ekonateln\u00e9 mo\u017enosti v oblasti myt\u00ed n\u00e1dob\u00ed.[\/elx_heading][vc_empty_space height=&#8221;20px&#8221;][vc_column_text]Rozmanit\u00fd <strong>sortiment my\u010dek skla<\/strong>, <strong>podpultov\u00fdch<\/strong> a <strong>pr\u016fchoz\u00edch<\/strong> model\u016f \u010di <strong>tunelov\u00fdch<\/strong> a <strong>p\u00e1sov\u00fdch<\/strong> my\u010dek vyhov\u00ed v\u0161em nejr\u016fzn\u011bj\u0161\u00edm specifick\u00fdm po\u017eadavk\u016fm z\u00e1kazn\u00edk\u016f.<\/p>\n<p>Nav\u00edc Electrolux nab\u00edz\u00ed ucelen\u00fd sortiment <strong>p\u0159\u00edslu\u0161enstv\u00ed<\/strong>, obslu\u017en\u00fdch stol\u016f, syst\u00e9mu <strong>likvidace<\/strong> <strong>odpadu<\/strong> a mnoh\u00e9 dal\u0161\u00ed, aby bylo mo\u017en\u00e9 z\u00e1kazn\u00edk\u016fm p\u0159ipravit \u0159e\u0161en\u00ed, kter\u00e9 bude nejen pln\u011b v\u00fdkonn\u00e9, ale bude tak\u00e9 ergonomick\u00e9 a p\u0159\u00edv\u011btiv\u00e9 v\u016f\u010di obsluze v t\u00e9to nam\u00e1hav\u00e9 oblasti \u010dinnosti.<\/p>\n<p>V\u011bt\u0161ina t\u011bchto za\u0159\u00edzen\u00ed <strong>je a\u017e z 98% sv\u00e9 v\u00e1hy recyklovateln\u00e1<\/strong>.<\/p>\n<p>[\/vc_column_text][\/vc_column][vc_column width=&#8221;1\/3&#8243;][elx_image_block background_image=&#8221;1872&#8243; minimum_height=&#8221;500px&#8221;][\/vc_column][\/vc_row][vc_row disable_element=&#8221;yes&#8221;][vc_column][vc_empty_space height=&#8221;50&#8243;][vc_raw_js]JTNDbGluayUyMHJlbCUzRCUyMnN0eWxlc2hlZXQlMjIlMjBocmVmJTNEJTIyaHR0cHMlM0ElMkYlMkZ3d3cuZXByLWFwcHMuY29tJTJGY2FsY3VsYXRvcnMlMkZ3YXJld2FzaGluZyUyRndlYiUyRnJlc291cmNlcyUyRmNzcyUyRm1haW4ubWluLmNzcyUyMiUyMCUyRiUzRSUwQSUzQ2xpbmslMjBocmVmJTNEJTIyaHR0cHMlM0ElMkYlMkZ3d3cuZXByLWFwcHMuY29tJTJGY2FsY3VsYXRvcnMlMkZ3YXJld2FzaGluZyUyRnJlc291cmNlcyUyRmJvd2VyX2NvbXBvbmVudHMlMkZmb250LWF3ZXNvbWUlMkZjc3MlMkZmb250LWF3ZXNvbWUubWluLmNzcyUyMiUyMHJlbCUzRCUyMnN0eWxlc2hlZXQlMjIlMjB0eXBlJTNEJTIydGV4dCUyRmNzcyUyMiUzRSUwQSUwQSUwQSUzQyUyMS0tJTIwTUFJTiUyMC0tJTNFJTBBJTBBJTNDc2NyaXB0JTIwc3JjJTNEJTIyaHR0cHMlM0ElMkYlMkZ3d3cuZXByLWFwcHMuY29tJTJGY2FsY3VsYXRvcnMlMkZ3YXJld2FzaGluZyUyRnJlc291cmNlcyUyRmpzJTJGYW5ndWxhci5taW4uanMlMjIlM0UlM0MlMkZzY3JpcHQlM0UlMEElM0NzY3JpcHQlMjBzcmMlM0QlMjJodHRwcyUzQSUyRiUyRnd3dy5lcHItYXBwcy5jb20lMkZjYWxjdWxhdG9ycyUyRndhcmV3YXNoaW5nJTJGcmVzb3VyY2VzJTJGanMlMkZhbmd1bGFyLXNhbml0aXplLmpzJTIyJTNFJTNDJTJGc2NyaXB0JTNFJTBBJTNDJTIxLS0lMjBqUXVlcnklMjBVSSUyMC0tJTNFJTBBJTIwJTNDc2NyaXB0JTIwc3JjJTNEJTIyaHR0cHMlM0ElMkYlMkZ3d3cuZXByLWFwcHMuY29tJTJGY2FsY3VsYXRvcnMlMkZ3YXJld2FzaGluZyUyRnJlc291cmNlcyUyRmpzJTJGanF1ZXJ5LXVpLmpzJTIyJTNFJTNDJTJGc2NyaXB0JTNFJTBBJTIwJTNDc2NyaXB0JTIwc3JjJTNEJTIyaHR0cHMlM0ElMkYlMkZ3d3cuZXByLWFwcHMuY29tJTJGY2FsY3VsYXRvcnMlMkZ3YXJld2FzaGluZyUyRndlYiUyRnJlc291cmNlcyUyRmpzJTJGbWFpbi5taW4uanMlMjIlM0UlM0MlMkZzY3JpcHQlM0UlMEElM0NzY3JpcHQlMjB0eXBlJTNEJTIydGV4dCUyRmphdmFzY3JpcHQlMjIlM0UlMEF2YXIlMjBzZXR0aW5ncyUyMCUzRCUyMCU3QiUwQWxhbmd1YWdlJTNBJTIwJTI3ZW4lMjclMkMlMEFjb3VudHJ5JTNBJTIwJTI3JTI3JTJDJTBBJTdEJTBBd2luZG93Lm9ubG9hZCUyMCUzRCUyMG9uTG9hZGJvb3RzdHJhcFdhcmVXYXNoaW5nJTI4c2V0dGluZ3MlMjklM0IlMEElM0MlMkZzY3JpcHQlM0UlMEElM0NkaXYlMjBpZCUzRCUyMndhcmV3YXNoaW5nX2pzb25fd3JhcHBlciUyMiUzRU5haHIlQzMlQTF2JUMzJUExbSUyMGtvbmZpZ3VyJUMzJUExdG9yLi4uJTNDJTJGZGl2JTNFJTIw[\/vc_raw_js][\/vc_column][\/vc_row][vc_row][vc_column width=&#8221;1\/3&#8243;][vc_empty_space][elx_maylike_box id_box=&#8221;2747&#8243;][\/vc_column][vc_column width=&#8221;1\/3&#8243;][vc_empty_space][elx_maylike_box id_box=&#8221;2751&#8243;][\/vc_column][vc_column width=&#8221;1\/3&#8243;][vc_empty_space][elx_maylike_box id_box=&#8221;2627&#8243;][\/vc_column][\/vc_row][vc_row][vc_column][vc_empty_space height=&#8221;50px&#8221;][elx_heading font_size=&#8221;h3&#8243; text_color=&#8221;inherit&#8221; text_align=&#8221;text-center&#8221;]Mohlo by V\u00e1s tak\u00e9 zaj\u00edmat &#8230;[\/elx_heading][\/vc_column][\/vc_row][vc_row][vc_column width=&#8221;1\/3&#8243;][elx_maylike_box id_box=&#8221;1503&#8243;][\/vc_column][vc_column width=&#8221;1\/3&#8243;][elx_maylike_box id_box=&#8221;1599&#8243;][\/vc_column][vc_column width=&#8221;1\/3&#8243;][elx_maylike_box id_box=&#8221;1225&#8243;][\/vc_column][\/vc_row][vc_row][vc_column][elx_heading text_color=&#8221;inherit&#8221;]Nena\u0161li jste to, co hled\u00e1te? Napi\u0161te n\u00e1m.[\/elx_heading][vc_empty_space][elx_o2000_contact_us s=&#8221;Po\u017eadavek z webov\u00fdch str\u00e1nek&#8221; country=&#8221;Czech Republic&#8221; r=&#8221;M\u00edsto pro va\u0161i zpr\u00e1vu&#8230;&#8221; l=&#8221;cz&#8221;][vc_empty_space][\/vc_column][\/vc_row]<\/p>\n","protected":false},"excerpt":{"rendered":"<p>[vc_row full_width=&#8221;electroluxpro-full-width-no-padding&#8221;][vc_column][elx_hero_slider label_text_color=&#8221;inherit&#8221; images=&#8221;1673&#8243;][elx_heading font_container=&#8221;h1&#8243; font_size=&#8221;h2&#8243; text_color=&#8221;inherit&#8221;]My\u010dky n\u00e1dob\u00ed[\/elx_heading][elx_heading font_size=&#8221;h3&#8243; text_color=&#8221;inherit&#8221;]\u010distota nade v\u0161e[\/elx_heading][\/elx_hero_slider][\/vc_column][\/vc_row][vc_row][vc_column][vc_empty_space][\/vc_column][\/vc_row][vc_row][vc_column width=&#8221;2\/3&#8243;][elx_heading font_size=&#8221;h4&#8243; text_color=&#8221;inherit&#8221;]Electrolux my\u010dky n\u00e1dob\u00ed poskytuj\u00ed nep\u0159ekonateln\u00e9 mo\u017enosti v oblasti myt\u00ed n\u00e1dob\u00ed.[\/elx_heading][vc_empty_space height=&#8221;20px&#8221;][vc_column_text]Rozmanit\u00fd sortiment my\u010dek skla, podpultov\u00fdch a pr\u016fchoz\u00edch model\u016f \u010di tunelov\u00fdch a p\u00e1sov\u00fdch my\u010dek vyhov\u00ed v\u0161em nejr\u016fzn\u011bj\u0161\u00edm specifick\u00fdm po\u017eadavk\u016fm z\u00e1kazn\u00edk\u016f. Nav\u00edc Electrolux nab\u00edz\u00ed ucelen\u00fd sortiment p\u0159\u00edslu\u0161enstv\u00ed, obslu\u017en\u00fdch stol\u016f, syst\u00e9mu likvidace odpadu a [&hellip;]<\/p>\n","protected":false},"author":3,"featured_media":666,"parent":0,"menu_order":0,"comment_status":"closed","ping_status":"closed","template":"","meta":{"footnotes":""},"class_list":["post-2377","page","type-page","status-publish","has-post-thumbnail","hentry"],"acf":[],"yoast_head":"<!-- This site is optimized with the Yoast SEO plugin v23.3 - https:\/\/yoast.com\/wordpress\/plugins\/seo\/ -->\n<title>My\u010dky n\u00e1dob\u00ed - Electrolux Professional \u010cesk\u00e1 republika<\/title>\n<meta name=\"robots\" content=\"index, follow, max-snippet:-1, max-image-preview:large, max-video-preview:-1\" \/>\n<link rel=\"canonical\" href=\"https:\/\/www.electroluxprofessional.com\/cz\/dishwashing-equipment-2\/\" \/>\n<meta property=\"og:locale\" content=\"cs_CZ\" \/>\n<meta property=\"og:type\" content=\"article\" \/>\n<meta property=\"og:title\" content=\"My\u010dky n\u00e1dob\u00ed - Electrolux Professional \u010cesk\u00e1 republika\" \/>\n<meta property=\"og:description\" content=\"[vc_row full_width=&#8221;electroluxpro-full-width-no-padding&#8221;][vc_column][elx_hero_slider label_text_color=&#8221;inherit&#8221; images=&#8221;1673&#8243;][elx_heading font_container=&#8221;h1&#8243; font_size=&#8221;h2&#8243; text_color=&#8221;inherit&#8221;]My\u010dky n\u00e1dob\u00ed[\/elx_heading][elx_heading font_size=&#8221;h3&#8243; text_color=&#8221;inherit&#8221;]\u010distota nade v\u0161e[\/elx_heading][\/elx_hero_slider][\/vc_column][\/vc_row][vc_row][vc_column][vc_empty_space][\/vc_column][\/vc_row][vc_row][vc_column width=&#8221;2\/3&#8243;][elx_heading font_size=&#8221;h4&#8243; text_color=&#8221;inherit&#8221;]Electrolux my\u010dky n\u00e1dob\u00ed poskytuj\u00ed nep\u0159ekonateln\u00e9 mo\u017enosti v oblasti myt\u00ed n\u00e1dob\u00ed.[\/elx_heading][vc_empty_space height=&#8221;20px&#8221;][vc_column_text]Rozmanit\u00fd sortiment my\u010dek skla, podpultov\u00fdch a pr\u016fchoz\u00edch model\u016f \u010di tunelov\u00fdch a p\u00e1sov\u00fdch my\u010dek vyhov\u00ed v\u0161em nejr\u016fzn\u011bj\u0161\u00edm specifick\u00fdm po\u017eadavk\u016fm z\u00e1kazn\u00edk\u016f. Nav\u00edc Electrolux nab\u00edz\u00ed ucelen\u00fd sortiment p\u0159\u00edslu\u0161enstv\u00ed, obslu\u017en\u00fdch stol\u016f, syst\u00e9mu likvidace odpadu a [&hellip;]\" \/>\n<meta property=\"og:url\" content=\"https:\/\/www.electroluxprofessional.com\/cz\/dishwashing-equipment-2\/\" \/>\n<meta property=\"og:site_name\" content=\"Electrolux Professional \u010cesk\u00e1 republika\" \/>\n<meta property=\"article:publisher\" content=\"https:\/\/www.facebook.com\/electroluxprofessional\" \/>\n<meta property=\"article:modified_time\" content=\"2024-07-01T12:53:56+00:00\" \/>\n<meta property=\"og:image\" content=\"https:\/\/www.electroluxprofessional.com\/cz\/wp-content\/uploads\/2016\/05\/hoodtype-dishwasher.jpg\" \/>\n\t<meta property=\"og:image:width\" content=\"900\" \/>\n\t<meta property=\"og:image:height\" content=\"405\" \/>\n\t<meta property=\"og:image:type\" content=\"image\/jpeg\" \/>\n<meta name=\"twitter:card\" content=\"summary_large_image\" \/>\n<meta name=\"twitter:site\" content=\"@ElectroluxPro\" \/>\n<meta name=\"twitter:label1\" content=\"Odhadovan\u00e1 doba \u010dten\u00ed\" \/>\n\t<meta name=\"twitter:data1\" content=\"1 minuta\" \/>\n<script type=\"application\/ld+json\" class=\"yoast-schema-graph\">{\"@context\":\"https:\/\/schema.org\",\"@graph\":[{\"@type\":\"WebPage\",\"@id\":\"https:\/\/www.electroluxprofessional.com\/cz\/dishwashing-equipment-2\/\",\"url\":\"https:\/\/www.electroluxprofessional.com\/cz\/dishwashing-equipment-2\/\",\"name\":\"My\u010dky n\u00e1dob\u00ed - Electrolux Professional \u010cesk\u00e1 republika\",\"isPartOf\":{\"@id\":\"https:\/\/www.electroluxprofessional.com\/cz\/#website\"},\"primaryImageOfPage\":{\"@id\":\"https:\/\/www.electroluxprofessional.com\/cz\/dishwashing-equipment-2\/#primaryimage\"},\"image\":{\"@id\":\"https:\/\/www.electroluxprofessional.com\/cz\/dishwashing-equipment-2\/#primaryimage\"},\"thumbnailUrl\":\"https:\/\/www.electroluxprofessional.com\/cz\/wp-content\/uploads\/2016\/05\/hoodtype-dishwasher.jpg\",\"datePublished\":\"2017-04-04T12:36:39+00:00\",\"dateModified\":\"2024-07-01T12:53:56+00:00\",\"breadcrumb\":{\"@id\":\"https:\/\/www.electroluxprofessional.com\/cz\/dishwashing-equipment-2\/#breadcrumb\"},\"inLanguage\":\"cs\",\"potentialAction\":[{\"@type\":\"ReadAction\",\"target\":[\"https:\/\/www.electroluxprofessional.com\/cz\/dishwashing-equipment-2\/\"]}]},{\"@type\":\"ImageObject\",\"inLanguage\":\"cs\",\"@id\":\"https:\/\/www.electroluxprofessional.com\/cz\/dishwashing-equipment-2\/#primaryimage\",\"url\":\"https:\/\/www.electroluxprofessional.com\/cz\/wp-content\/uploads\/2016\/05\/hoodtype-dishwasher.jpg\",\"contentUrl\":\"https:\/\/www.electroluxprofessional.com\/cz\/wp-content\/uploads\/2016\/05\/hoodtype-dishwasher.jpg\",\"width\":900,\"height\":405,\"caption\":\"hoodtype dishwasher inside\"},{\"@type\":\"BreadcrumbList\",\"@id\":\"https:\/\/www.electroluxprofessional.com\/cz\/dishwashing-equipment-2\/#breadcrumb\",\"itemListElement\":[{\"@type\":\"ListItem\",\"position\":1,\"name\":\"Home\",\"item\":\"https:\/\/www.electroluxprofessional.com\/cz\/\"},{\"@type\":\"ListItem\",\"position\":2,\"name\":\"My\u010dky n\u00e1dob\u00ed\"}]},{\"@type\":\"WebSite\",\"@id\":\"https:\/\/www.electroluxprofessional.com\/cz\/#website\",\"url\":\"https:\/\/www.electroluxprofessional.com\/cz\/\",\"name\":\"Electrolux Professional \u010cesk\u00e1 republika\",\"description\":\"\",\"potentialAction\":[{\"@type\":\"SearchAction\",\"target\":{\"@type\":\"EntryPoint\",\"urlTemplate\":\"https:\/\/www.electroluxprofessional.com\/cz\/?src={search_term_string}\"},\"query-input\":\"required name=search_term_string\"}],\"inLanguage\":\"cs\"}]}<\/script>\n<!-- \/ Yoast SEO plugin. -->","yoast_head_json":{"title":"My\u010dky n\u00e1dob\u00ed - Electrolux Professional \u010cesk\u00e1 republika","robots":{"index":"index","follow":"follow","max-snippet":"max-snippet:-1","max-image-preview":"max-image-preview:large","max-video-preview":"max-video-preview:-1"},"canonical":"https:\/\/www.electroluxprofessional.com\/cz\/dishwashing-equipment-2\/","og_locale":"cs_CZ","og_type":"article","og_title":"My\u010dky n\u00e1dob\u00ed - Electrolux Professional \u010cesk\u00e1 republika","og_description":"[vc_row full_width=&#8221;electroluxpro-full-width-no-padding&#8221;][vc_column][elx_hero_slider label_text_color=&#8221;inherit&#8221; images=&#8221;1673&#8243;][elx_heading font_container=&#8221;h1&#8243; font_size=&#8221;h2&#8243; text_color=&#8221;inherit&#8221;]My\u010dky n\u00e1dob\u00ed[\/elx_heading][elx_heading font_size=&#8221;h3&#8243; text_color=&#8221;inherit&#8221;]\u010distota nade v\u0161e[\/elx_heading][\/elx_hero_slider][\/vc_column][\/vc_row][vc_row][vc_column][vc_empty_space][\/vc_column][\/vc_row][vc_row][vc_column width=&#8221;2\/3&#8243;][elx_heading font_size=&#8221;h4&#8243; text_color=&#8221;inherit&#8221;]Electrolux my\u010dky n\u00e1dob\u00ed poskytuj\u00ed nep\u0159ekonateln\u00e9 mo\u017enosti v oblasti myt\u00ed n\u00e1dob\u00ed.[\/elx_heading][vc_empty_space height=&#8221;20px&#8221;][vc_column_text]Rozmanit\u00fd sortiment my\u010dek skla, podpultov\u00fdch a pr\u016fchoz\u00edch model\u016f \u010di tunelov\u00fdch a p\u00e1sov\u00fdch my\u010dek vyhov\u00ed v\u0161em nejr\u016fzn\u011bj\u0161\u00edm specifick\u00fdm po\u017eadavk\u016fm z\u00e1kazn\u00edk\u016f. Nav\u00edc Electrolux nab\u00edz\u00ed ucelen\u00fd sortiment p\u0159\u00edslu\u0161enstv\u00ed, obslu\u017en\u00fdch stol\u016f, syst\u00e9mu likvidace odpadu a [&hellip;]","og_url":"https:\/\/www.electroluxprofessional.com\/cz\/dishwashing-equipment-2\/","og_site_name":"Electrolux Professional \u010cesk\u00e1 republika","article_publisher":"https:\/\/www.facebook.com\/electroluxprofessional","article_modified_time":"2024-07-01T12:53:56+00:00","og_image":[{"width":900,"height":405,"url":"https:\/\/www.electroluxprofessional.com\/cz\/wp-content\/uploads\/2016\/05\/hoodtype-dishwasher.jpg","type":"image\/jpeg"}],"twitter_card":"summary_large_image","twitter_site":"@ElectroluxPro","twitter_misc":{"Odhadovan\u00e1 doba \u010dten\u00ed":"1 minuta"},"schema":{"@context":"https:\/\/schema.org","@graph":[{"@type":"WebPage","@id":"https:\/\/www.electroluxprofessional.com\/cz\/dishwashing-equipment-2\/","url":"https:\/\/www.electroluxprofessional.com\/cz\/dishwashing-equipment-2\/","name":"My\u010dky n\u00e1dob\u00ed - Electrolux Professional \u010cesk\u00e1 republika","isPartOf":{"@id":"https:\/\/www.electroluxprofessional.com\/cz\/#website"},"primaryImageOfPage":{"@id":"https:\/\/www.electroluxprofessional.com\/cz\/dishwashing-equipment-2\/#primaryimage"},"image":{"@id":"https:\/\/www.electroluxprofessional.com\/cz\/dishwashing-equipment-2\/#primaryimage"},"thumbnailUrl":"https:\/\/www.electroluxprofessional.com\/cz\/wp-content\/uploads\/2016\/05\/hoodtype-dishwasher.jpg","datePublished":"2017-04-04T12:36:39+00:00","dateModified":"2024-07-01T12:53:56+00:00","breadcrumb":{"@id":"https:\/\/www.electroluxprofessional.com\/cz\/dishwashing-equipment-2\/#breadcrumb"},"inLanguage":"cs","potentialAction":[{"@type":"ReadAction","target":["https:\/\/www.electroluxprofessional.com\/cz\/dishwashing-equipment-2\/"]}]},{"@type":"ImageObject","inLanguage":"cs","@id":"https:\/\/www.electroluxprofessional.com\/cz\/dishwashing-equipment-2\/#primaryimage","url":"https:\/\/www.electroluxprofessional.com\/cz\/wp-content\/uploads\/2016\/05\/hoodtype-dishwasher.jpg","contentUrl":"https:\/\/www.electroluxprofessional.com\/cz\/wp-content\/uploads\/2016\/05\/hoodtype-dishwasher.jpg","width":900,"height":405,"caption":"hoodtype dishwasher inside"},{"@type":"BreadcrumbList","@id":"https:\/\/www.electroluxprofessional.com\/cz\/dishwashing-equipment-2\/#breadcrumb","itemListElement":[{"@type":"ListItem","position":1,"name":"Home","item":"https:\/\/www.electroluxprofessional.com\/cz\/"},{"@type":"ListItem","position":2,"name":"My\u010dky n\u00e1dob\u00ed"}]},{"@type":"WebSite","@id":"https:\/\/www.electroluxprofessional.com\/cz\/#website","url":"https:\/\/www.electroluxprofessional.com\/cz\/","name":"Electrolux Professional \u010cesk\u00e1 republika","description":"","potentialAction":[{"@type":"SearchAction","target":{"@type":"EntryPoint","urlTemplate":"https:\/\/www.electroluxprofessional.com\/cz\/?src={search_term_string}"},"query-input":"required name=search_term_string"}],"inLanguage":"cs"}]}},"_links":{"self":[{"href":"https:\/\/www.electroluxprofessional.com\/cz\/wp-json\/wp\/v2\/pages\/2377"}],"collection":[{"href":"https:\/\/www.electroluxprofessional.com\/cz\/wp-json\/wp\/v2\/pages"}],"about":[{"href":"https:\/\/www.electroluxprofessional.com\/cz\/wp-json\/wp\/v2\/types\/page"}],"author":[{"embeddable":true,"href":"https:\/\/www.electroluxprofessional.com\/cz\/wp-json\/wp\/v2\/users\/3"}],"replies":[{"embeddable":true,"href":"https:\/\/www.electroluxprofessional.com\/cz\/wp-json\/wp\/v2\/comments?post=2377"}],"version-history":[{"count":19,"href":"https:\/\/www.electroluxprofessional.com\/cz\/wp-json\/wp\/v2\/pages\/2377\/revisions"}],"predecessor-version":[{"id":12321,"href":"https:\/\/www.electroluxprofessional.com\/cz\/wp-json\/wp\/v2\/pages\/2377\/revisions\/12321"}],"wp:featuredmedia":[{"embeddable":true,"href":"https:\/\/www.electroluxprofessional.com\/cz\/wp-json\/wp\/v2\/media\/666"}],"wp:attachment":[{"href":"https:\/\/www.electroluxprofessional.com\/cz\/wp-json\/wp\/v2\/media?parent=2377"}],"curies":[{"name":"wp","href":"https:\/\/api.w.org\/{rel}","templated":true}]}}