{"id":2084,"date":"2017-02-28T13:54:44","date_gmt":"2017-02-28T12:54:44","guid":{"rendered":"https:\/\/www.electroluxprofessional.com\/cz\/?page_id=2084"},"modified":"2020-05-19T17:07:33","modified_gmt":"2020-05-19T17:07:33","slug":"electrolux-electric-powergrill-hp","status":"publish","type":"page","link":"https:\/\/www.electroluxprofessional.com\/cz\/electrolux-electric-powergrill-hp\/","title":{"rendered":"Electrolux Professional elektrick\u00e9 HP PowerGrilly"},"content":{"rendered":"<p>[vc_row full_width=&#8221;electroluxpro-full-width-no-padding&#8221;][vc_column][elx_hero_slider label_text_color=&#8221;inherit&#8221; images=&#8221;1979&#8243;][elx_heading font_container=&#8221;h1&#8243; text_color=&#8221;cat-cook&#8221;]<strong>Elektrick\u00fd PowerGrill<sup>HP<\/sup><\/strong>[\/elx_heading][elx_heading font_size=&#8221;h4&#8243; text_color=&#8221;inherit&#8221;]Pro perfektn\u00ed grilov\u00e1n\u00ed[\/elx_heading][\/elx_hero_slider][\/vc_column][\/vc_row][vc_row][vc_column][vc_empty_space][elx_heading font_size=&#8221;h3&#8243; text_color=&#8221;inherit&#8221; text_align=&#8221;text-center&#8221;]Hled\u00e1te gril, kter\u00fd V\u00e1m umo\u017en\u00ed extr\u00e9mn\u011b rychl\u00e9<br \/>\na rovnom\u011brn\u00e9 grilov\u00e1n\u00ed<br \/>\n<strong>bez zbyte\u010dn\u00e9ho kou\u0159e, s p\u011bkn\u00fdm m\u0159\u00ed\u017ekov\u00e1n\u00edm<\/strong><br \/>\na kter\u00fd je p\u0159ipraven na ka\u017edodenn\u00ed vysokou z\u00e1t\u011b\u017e?[\/elx_heading][vc_empty_space][elx_heading font_container=&#8221;h3&#8243; font_size=&#8221;h5&#8243; text_color=&#8221;inherit&#8221; text_align=&#8221;text-center&#8221;]<strong>P\u0159edstavujeme nov\u00fd Electrolux Professional elektrick\u00fd PowerGrill<sup>HP<\/sup>.<br \/>\nHP je synonymum pro vysok\u00fd v\u00fdkon a vysokou produktivitu.<\/strong>[\/elx_heading][vc_single_image image=&#8221;5525&#8243; img_size=&#8221;full&#8221; alignment=&#8221;center&#8221;][vc_empty_space][\/vc_column][\/vc_row][vc_row][vc_column width=&#8221;1\/4&#8243;][vc_single_image image=&#8221;1974&#8243; img_size=&#8221;full&#8221;][elx_heading font_size=&#8221;h4&#8243; text_color=&#8221;cat-cook&#8221;]Vysok\u00e1 produktivita[\/elx_heading][vc_column_text]<strong>Elektrick\u00fd\u00a0PowerGrill<sup>HP<\/sup><\/strong>\u00a0<strong>s\u00a0technologi\u00ed pro rychl\u00e9 nah\u0159\u00e1t\u00ed<\/strong>\u00a0nejen na\u017ehav\u00ed grilovac\u00ed ro\u0161t na spravnou teplotu v rekordn\u00edm \u010dase, ale tak\u00e9 zkr\u00e1t\u00ed dobu pe\u010den\u00ed. To v\u0161e d\u00edky speci\u00e1ln\u00ed konstrukci t\u011bles, kter\u00e1 jsou zapu\u0161t\u011bna do \u00a0kter\u00e1 se stali &#8220;sou\u010d\u00e1st\u00ed&#8221; grilovac\u00edho ro\u0161tu, a rozptylova\u010d\u016fm tepla \u00a0Heat Boost deflectors.[\/vc_column_text][\/vc_column][vc_column width=&#8221;1\/4&#8243;][vc_single_image image=&#8221;1975&#8243; img_size=&#8221;full&#8221;][elx_heading font_size=&#8221;h4&#8243; text_color=&#8221;cat-cook&#8221;]Perfektn\u00ed v\u00fdsledky[\/elx_heading][vc_column_text]<strong>Rovnom\u011brn\u00e9 a<\/strong>\u00a0<strong>bezchybn\u00e9 grilov\u00e1n\u00ed<\/strong>, jedna v\u00e1rka stejn\u00e1 jako druh\u00e1 a to v\u0161e za extr\u00e9mn\u011b kr\u00e1tkou dobu. <strong>Elektrick\u00fd PowerGrill<sup>HP<\/sup><\/strong>\u00a0s unik\u00e1tn\u00edm designem zmen\u0161il vzd\u00e1lenost topnic od ro\u0161tu a t\u00edm i od pokrmu na absolutn\u00ed minimum.[\/vc_column_text][\/vc_column][vc_column width=&#8221;1\/4&#8243;][vc_single_image image=&#8221;1976&#8243; img_size=&#8221;full&#8221;][elx_heading font_size=&#8221;h4&#8243; text_color=&#8221;cat-cook&#8221;]Snadn\u00e9 \u010di\u0161t\u011bn\u00ed[\/elx_heading][vc_column_text]<strong>\u010ci\u0161t\u011bn\u00ed a ka\u017edodenn\u00ed \u00fadr\u017eba<\/strong>\u00a0elektrick\u00e9ho\u00a0<strong>PowerGrill<sup>HP<\/sup><\/strong>\u00a0nem\u016f\u017ee u\u017e b\u00fdt jednodu\u0161\u0161\u00ed. Sta\u010d\u00ed jen vyjmout grilovac\u00ed ro\u0161t a nechat jej um\u00fdt v my\u010dk\u00e1ch n\u00e1dob\u00ed. Gril je vybaven integrovan\u00fdm napou\u0161t\u011bn\u00edm vody do z\u00e1chytn\u00e9 vany pod grilovac\u00edm ro\u0161tem a je napojen na odpad p\u0159es p\u0159epadovou trubku.[\/vc_column_text][\/vc_column][vc_column width=&#8221;1\/4&#8243;][vc_single_image image=&#8221;1977&#8243; img_size=&#8221;full&#8221;][elx_heading font_size=&#8221;h4&#8243; text_color=&#8221;cat-cook&#8221;]Vysok\u00fd v\u00fdkon[\/elx_heading][vc_column_text]<strong>Zkr\u00e1cen\u00ed doby grilov\u00e1n\u00ed<\/strong>, <strong>\u00faspora energie<\/strong>\u00a0d\u00edky p\u0159esn\u00e9mu \u0159\u00edzen\u00ed v\u00fdkonu Energy Control <b>u nov\u00fdch elektrick\u00fdch<\/b>\u00a0PowerGrill<sup>HP<\/sup>. B\u011bhem doby, kdy gril nen\u00ed aktu\u00e1ln\u011b vyu\u017e\u00edv\u00e1n m\u016f\u017eete nastavit minim\u00e1ln\u00ed odb\u011br proudu. V p\u0159\u00edpad\u011b pot\u0159eby &#8220;nastartov\u00e1n\u00ed&#8221; sta\u010d\u00ed p\u0159epnout polohu p\u0159ep\u00edna\u010de a v rekordn\u011b kr\u00e1tk\u00e9m \u010dase je grilovac\u00ed ro\u0161t p\u0159ipraven na provozn\u00ed teplotu.[\/vc_column_text][\/vc_column][\/vc_row][vc_row][vc_column][vc_empty_space][\/vc_column][\/vc_row][vc_row][vc_column width=&#8221;1\/2&#8243;][elx_heading font_size=&#8221;h3&#8243; text_color=&#8221;inherit&#8221;]Grilujte kdekoliv[\/elx_heading][vc_empty_space][elx_heading font_size=&#8221;h5&#8243; text_color=&#8221;cat-cook&#8221;]Elektrick\u00fd PowerGrill<sup>HP<\/sup> V\u00e1m kone\u010dn\u011b umo\u017en\u00ed p\u0159en\u00e9st <strong>vysok\u00fd v\u00fdkon a produktivitu grilov\u00e1n\u00ed kamkoliv pot\u0159ebujete<\/strong>, tj. i na m\u00edsta, kde nen\u00ed mo\u017en\u00e9 pou\u017e\u00edt klasick\u00e9 plynov\u00e9 grily.[\/elx_heading][\/vc_column][vc_column width=&#8221;1\/2&#8243;][vc_single_image image=&#8221;1772&#8243; img_size=&#8221;320&#215;320&#8243; alignment=&#8221;center&#8221;][\/vc_column][\/vc_row][vc_row][vc_column][vc_empty_space][\/vc_column][\/vc_row][vc_row][vc_column width=&#8221;1\/2&#8243;][elx_video_block background_image=&#8221;1973&#8243; video_link=&#8221;https:\/\/www.youtube.com\/watch?v=V2p676XTGEk&#8221; minimum_height=&#8221;260px&#8221;][\/vc_column][vc_column width=&#8221;1\/2&#8243;][elx_download_block text=&#8221;Electric PowerGrill bro\u017eura (ENG)&#8221; link=&#8221;files.professional.electrolux.com\/docs\/?n=BR-9JE00053&amp;b=5&amp;l=1&#8243; background_color=&#8221;cat-cook&#8221; reveal_effect=&#8221;&#8221; reveal_duration=&#8221;&#8221; reveal_delay=&#8221;&#8221;][\/vc_column][\/vc_row][vc_row][vc_column][vc_empty_space][elx_heading text_color=&#8221;inherit&#8221;]Zjist\u011bte, co m\u016f\u017ee Electric PowerGrill<br \/>\nud\u011blat pro V\u00e1s.[\/elx_heading][elx_o2000_contact_us r=&#8221;Pros\u00edm kontaktujte mne pro v\u00edce informac\u00ed o Electric PowerGrill.&#8221; s=&#8221;Po\u017eadavek z webov\u00fdch str\u00e1nek &#8211; elektrick\u00e9 HP PowerGrilly&#8221; country=&#8221;Czech Republic&#8221; l=&#8221;cz&#8221; container=&#8221;elxcontactus1486978248&#8243;][\/vc_column][\/vc_row][vc_row][vc_column][vc_empty_space][elx_heading font_size=&#8221;h3&#8243; text_color=&#8221;inherit&#8221;]Mohlo by se V\u00e1m tak\u00e9 l\u00edbit&#8230;[\/elx_heading][vc_row_inner][vc_column_inner width=&#8221;1\/3&#8243;][elx_maylike_box id_box=&#8221;1294&#8243;][\/vc_column_inner][vc_column_inner width=&#8221;1\/3&#8243;][elx_maylike_box id_box=&#8221;1394&#8243;][\/vc_column_inner][vc_column_inner width=&#8221;1\/3&#8243;][elx_maylike_box id_box=&#8221;1690&#8243;][\/vc_column_inner][\/vc_row_inner][\/vc_column][\/vc_row]<\/p>\n","protected":false},"excerpt":{"rendered":"<p>[vc_row full_width=&#8221;electroluxpro-full-width-no-padding&#8221;][vc_column][elx_hero_slider label_text_color=&#8221;inherit&#8221; images=&#8221;1979&#8243;][elx_heading font_container=&#8221;h1&#8243; text_color=&#8221;cat-cook&#8221;]Elektrick\u00fd PowerGrillHP[\/elx_heading][elx_heading font_size=&#8221;h4&#8243; text_color=&#8221;inherit&#8221;]Pro perfektn\u00ed grilov\u00e1n\u00ed[\/elx_heading][\/elx_hero_slider][\/vc_column][\/vc_row][vc_row][vc_column][vc_empty_space][elx_heading font_size=&#8221;h3&#8243; text_color=&#8221;inherit&#8221; text_align=&#8221;text-center&#8221;]Hled\u00e1te gril, kter\u00fd V\u00e1m umo\u017en\u00ed extr\u00e9mn\u011b rychl\u00e9 a rovnom\u011brn\u00e9 grilov\u00e1n\u00ed bez zbyte\u010dn\u00e9ho kou\u0159e, s p\u011bkn\u00fdm m\u0159\u00ed\u017ekov\u00e1n\u00edm a kter\u00fd je p\u0159ipraven na ka\u017edodenn\u00ed vysokou z\u00e1t\u011b\u017e?[\/elx_heading][vc_empty_space][elx_heading font_container=&#8221;h3&#8243; font_size=&#8221;h5&#8243; text_color=&#8221;inherit&#8221; text_align=&#8221;text-center&#8221;]P\u0159edstavujeme nov\u00fd Electrolux Professional elektrick\u00fd PowerGrillHP. HP je synonymum pro vysok\u00fd v\u00fdkon a vysokou produktivitu.[\/elx_heading][vc_single_image [&hellip;]<\/p>\n","protected":false},"author":3,"featured_media":0,"parent":0,"menu_order":0,"comment_status":"closed","ping_status":"closed","template":"","meta":{"footnotes":""},"class_list":["post-2084","page","type-page","status-publish","hentry"],"acf":[],"yoast_head":"<!-- This site is optimized with the Yoast SEO plugin v23.3 - https:\/\/yoast.com\/wordpress\/plugins\/seo\/ -->\n<title>Electrolux Professional elektrick\u00e9 HP PowerGrilly - Electrolux Professional \u010cesk\u00e1 republika<\/title>\n<meta name=\"robots\" content=\"index, follow, max-snippet:-1, max-image-preview:large, max-video-preview:-1\" \/>\n<link rel=\"canonical\" href=\"https:\/\/www.electroluxprofessional.com\/cz\/electrolux-electric-powergrill-hp\/\" \/>\n<meta property=\"og:locale\" content=\"cs_CZ\" \/>\n<meta property=\"og:type\" content=\"article\" \/>\n<meta property=\"og:title\" content=\"Electrolux Professional elektrick\u00e9 HP PowerGrilly - Electrolux Professional \u010cesk\u00e1 republika\" \/>\n<meta property=\"og:description\" content=\"[vc_row full_width=&#8221;electroluxpro-full-width-no-padding&#8221;][vc_column][elx_hero_slider label_text_color=&#8221;inherit&#8221; images=&#8221;1979&#8243;][elx_heading font_container=&#8221;h1&#8243; text_color=&#8221;cat-cook&#8221;]Elektrick\u00fd PowerGrillHP[\/elx_heading][elx_heading font_size=&#8221;h4&#8243; text_color=&#8221;inherit&#8221;]Pro perfektn\u00ed grilov\u00e1n\u00ed[\/elx_heading][\/elx_hero_slider][\/vc_column][\/vc_row][vc_row][vc_column][vc_empty_space][elx_heading font_size=&#8221;h3&#8243; text_color=&#8221;inherit&#8221; text_align=&#8221;text-center&#8221;]Hled\u00e1te gril, kter\u00fd V\u00e1m umo\u017en\u00ed extr\u00e9mn\u011b rychl\u00e9 a rovnom\u011brn\u00e9 grilov\u00e1n\u00ed bez zbyte\u010dn\u00e9ho kou\u0159e, s p\u011bkn\u00fdm m\u0159\u00ed\u017ekov\u00e1n\u00edm a kter\u00fd je p\u0159ipraven na ka\u017edodenn\u00ed vysokou z\u00e1t\u011b\u017e?[\/elx_heading][vc_empty_space][elx_heading font_container=&#8221;h3&#8243; font_size=&#8221;h5&#8243; text_color=&#8221;inherit&#8221; text_align=&#8221;text-center&#8221;]P\u0159edstavujeme nov\u00fd Electrolux Professional elektrick\u00fd PowerGrillHP. HP je synonymum pro vysok\u00fd v\u00fdkon a vysokou produktivitu.[\/elx_heading][vc_single_image [&hellip;]\" \/>\n<meta property=\"og:url\" content=\"https:\/\/www.electroluxprofessional.com\/cz\/electrolux-electric-powergrill-hp\/\" \/>\n<meta property=\"og:site_name\" content=\"Electrolux Professional \u010cesk\u00e1 republika\" \/>\n<meta property=\"article:publisher\" content=\"https:\/\/www.facebook.com\/electroluxprofessional\" \/>\n<meta property=\"article:modified_time\" content=\"2020-05-19T17:07:33+00:00\" \/>\n<meta name=\"twitter:card\" content=\"summary_large_image\" \/>\n<meta name=\"twitter:site\" content=\"@ElectroluxPro\" \/>\n<meta name=\"twitter:label1\" content=\"Odhadovan\u00e1 doba \u010dten\u00ed\" \/>\n\t<meta name=\"twitter:data1\" content=\"4 minuty\" \/>\n<script type=\"application\/ld+json\" class=\"yoast-schema-graph\">{\"@context\":\"https:\/\/schema.org\",\"@graph\":[{\"@type\":\"WebPage\",\"@id\":\"https:\/\/www.electroluxprofessional.com\/cz\/electrolux-electric-powergrill-hp\/\",\"url\":\"https:\/\/www.electroluxprofessional.com\/cz\/electrolux-electric-powergrill-hp\/\",\"name\":\"Electrolux Professional elektrick\u00e9 HP PowerGrilly - Electrolux Professional \u010cesk\u00e1 republika\",\"isPartOf\":{\"@id\":\"https:\/\/www.electroluxprofessional.com\/cz\/#website\"},\"datePublished\":\"2017-02-28T12:54:44+00:00\",\"dateModified\":\"2020-05-19T17:07:33+00:00\",\"breadcrumb\":{\"@id\":\"https:\/\/www.electroluxprofessional.com\/cz\/electrolux-electric-powergrill-hp\/#breadcrumb\"},\"inLanguage\":\"cs\",\"potentialAction\":[{\"@type\":\"ReadAction\",\"target\":[\"https:\/\/www.electroluxprofessional.com\/cz\/electrolux-electric-powergrill-hp\/\"]}]},{\"@type\":\"BreadcrumbList\",\"@id\":\"https:\/\/www.electroluxprofessional.com\/cz\/electrolux-electric-powergrill-hp\/#breadcrumb\",\"itemListElement\":[{\"@type\":\"ListItem\",\"position\":1,\"name\":\"Home\",\"item\":\"https:\/\/www.electroluxprofessional.com\/cz\/\"},{\"@type\":\"ListItem\",\"position\":2,\"name\":\"Electrolux Professional elektrick\u00e9 HP PowerGrilly\"}]},{\"@type\":\"WebSite\",\"@id\":\"https:\/\/www.electroluxprofessional.com\/cz\/#website\",\"url\":\"https:\/\/www.electroluxprofessional.com\/cz\/\",\"name\":\"Electrolux Professional \u010cesk\u00e1 republika\",\"description\":\"\",\"potentialAction\":[{\"@type\":\"SearchAction\",\"target\":{\"@type\":\"EntryPoint\",\"urlTemplate\":\"https:\/\/www.electroluxprofessional.com\/cz\/?src={search_term_string}\"},\"query-input\":\"required name=search_term_string\"}],\"inLanguage\":\"cs\"}]}<\/script>\n<!-- \/ Yoast SEO plugin. -->","yoast_head_json":{"title":"Electrolux Professional elektrick\u00e9 HP PowerGrilly - Electrolux Professional \u010cesk\u00e1 republika","robots":{"index":"index","follow":"follow","max-snippet":"max-snippet:-1","max-image-preview":"max-image-preview:large","max-video-preview":"max-video-preview:-1"},"canonical":"https:\/\/www.electroluxprofessional.com\/cz\/electrolux-electric-powergrill-hp\/","og_locale":"cs_CZ","og_type":"article","og_title":"Electrolux Professional elektrick\u00e9 HP PowerGrilly - Electrolux Professional \u010cesk\u00e1 republika","og_description":"[vc_row full_width=&#8221;electroluxpro-full-width-no-padding&#8221;][vc_column][elx_hero_slider label_text_color=&#8221;inherit&#8221; images=&#8221;1979&#8243;][elx_heading font_container=&#8221;h1&#8243; text_color=&#8221;cat-cook&#8221;]Elektrick\u00fd PowerGrillHP[\/elx_heading][elx_heading font_size=&#8221;h4&#8243; text_color=&#8221;inherit&#8221;]Pro perfektn\u00ed grilov\u00e1n\u00ed[\/elx_heading][\/elx_hero_slider][\/vc_column][\/vc_row][vc_row][vc_column][vc_empty_space][elx_heading font_size=&#8221;h3&#8243; text_color=&#8221;inherit&#8221; text_align=&#8221;text-center&#8221;]Hled\u00e1te gril, kter\u00fd V\u00e1m umo\u017en\u00ed extr\u00e9mn\u011b rychl\u00e9 a rovnom\u011brn\u00e9 grilov\u00e1n\u00ed bez zbyte\u010dn\u00e9ho kou\u0159e, s p\u011bkn\u00fdm m\u0159\u00ed\u017ekov\u00e1n\u00edm a kter\u00fd je p\u0159ipraven na ka\u017edodenn\u00ed vysokou z\u00e1t\u011b\u017e?[\/elx_heading][vc_empty_space][elx_heading font_container=&#8221;h3&#8243; font_size=&#8221;h5&#8243; text_color=&#8221;inherit&#8221; text_align=&#8221;text-center&#8221;]P\u0159edstavujeme nov\u00fd Electrolux Professional elektrick\u00fd PowerGrillHP. HP je synonymum pro vysok\u00fd v\u00fdkon a vysokou produktivitu.[\/elx_heading][vc_single_image [&hellip;]","og_url":"https:\/\/www.electroluxprofessional.com\/cz\/electrolux-electric-powergrill-hp\/","og_site_name":"Electrolux Professional \u010cesk\u00e1 republika","article_publisher":"https:\/\/www.facebook.com\/electroluxprofessional","article_modified_time":"2020-05-19T17:07:33+00:00","twitter_card":"summary_large_image","twitter_site":"@ElectroluxPro","twitter_misc":{"Odhadovan\u00e1 doba \u010dten\u00ed":"4 minuty"},"schema":{"@context":"https:\/\/schema.org","@graph":[{"@type":"WebPage","@id":"https:\/\/www.electroluxprofessional.com\/cz\/electrolux-electric-powergrill-hp\/","url":"https:\/\/www.electroluxprofessional.com\/cz\/electrolux-electric-powergrill-hp\/","name":"Electrolux Professional elektrick\u00e9 HP PowerGrilly - Electrolux Professional \u010cesk\u00e1 republika","isPartOf":{"@id":"https:\/\/www.electroluxprofessional.com\/cz\/#website"},"datePublished":"2017-02-28T12:54:44+00:00","dateModified":"2020-05-19T17:07:33+00:00","breadcrumb":{"@id":"https:\/\/www.electroluxprofessional.com\/cz\/electrolux-electric-powergrill-hp\/#breadcrumb"},"inLanguage":"cs","potentialAction":[{"@type":"ReadAction","target":["https:\/\/www.electroluxprofessional.com\/cz\/electrolux-electric-powergrill-hp\/"]}]},{"@type":"BreadcrumbList","@id":"https:\/\/www.electroluxprofessional.com\/cz\/electrolux-electric-powergrill-hp\/#breadcrumb","itemListElement":[{"@type":"ListItem","position":1,"name":"Home","item":"https:\/\/www.electroluxprofessional.com\/cz\/"},{"@type":"ListItem","position":2,"name":"Electrolux Professional elektrick\u00e9 HP PowerGrilly"}]},{"@type":"WebSite","@id":"https:\/\/www.electroluxprofessional.com\/cz\/#website","url":"https:\/\/www.electroluxprofessional.com\/cz\/","name":"Electrolux Professional \u010cesk\u00e1 republika","description":"","potentialAction":[{"@type":"SearchAction","target":{"@type":"EntryPoint","urlTemplate":"https:\/\/www.electroluxprofessional.com\/cz\/?src={search_term_string}"},"query-input":"required name=search_term_string"}],"inLanguage":"cs"}]}},"_links":{"self":[{"href":"https:\/\/www.electroluxprofessional.com\/cz\/wp-json\/wp\/v2\/pages\/2084"}],"collection":[{"href":"https:\/\/www.electroluxprofessional.com\/cz\/wp-json\/wp\/v2\/pages"}],"about":[{"href":"https:\/\/www.electroluxprofessional.com\/cz\/wp-json\/wp\/v2\/types\/page"}],"author":[{"embeddable":true,"href":"https:\/\/www.electroluxprofessional.com\/cz\/wp-json\/wp\/v2\/users\/3"}],"replies":[{"embeddable":true,"href":"https:\/\/www.electroluxprofessional.com\/cz\/wp-json\/wp\/v2\/comments?post=2084"}],"version-history":[{"count":22,"href":"https:\/\/www.electroluxprofessional.com\/cz\/wp-json\/wp\/v2\/pages\/2084\/revisions"}],"predecessor-version":[{"id":5541,"href":"https:\/\/www.electroluxprofessional.com\/cz\/wp-json\/wp\/v2\/pages\/2084\/revisions\/5541"}],"wp:attachment":[{"href":"https:\/\/www.electroluxprofessional.com\/cz\/wp-json\/wp\/v2\/media?parent=2084"}],"curies":[{"name":"wp","href":"https:\/\/api.w.org\/{rel}","templated":true}]}}