{"id":2065,"date":"2017-02-22T11:45:40","date_gmt":"2017-02-22T10:45:40","guid":{"rendered":"https:\/\/www.electroluxprofessional.com\/cz\/?page_id=2065"},"modified":"2017-11-10T12:19:47","modified_gmt":"2017-11-10T11:19:47","slug":"country-and-language","status":"publish","type":"page","link":"https:\/\/www.electroluxprofessional.com\/cz\/country-and-language\/","title":{"rendered":"Country and Language"},"content":{"rendered":"<p>[vc_row full_width=&#8221;electroluxpro-full-width-no-padding&#8221;][vc_column][elx_hero_title label=&#8221;&#8221; background_image=&#8221;637&#8243;][elx_heading font_container=&#8221;h1&#8243; font_size=&#8221;h3&#8243; text_color=&#8221;white&#8221;]Change Country and Language[\/elx_heading][\/elx_hero_title][\/vc_column][\/vc_row][vc_row][vc_column][vc_empty_space][\/vc_column][\/vc_row][vc_row][vc_column width=&#8221;2\/3&#8243;][elx_heading text_color=&#8221;inherit&#8221;]International[\/elx_heading][vc_column_text]<\/p>\n<ul>\n<li><a href=\"https:\/\/www.electroluxprofessional.com\/cz\/\" target=\"_blank\" rel=\"noopener\">International<\/a><\/li>\n<\/ul>\n<p>[\/vc_column_text][elx_heading text_color=&#8221;inherit&#8221;]Americas[\/elx_heading][vc_column_text]<\/p>\n<ul>\n<li><a href=\"http:\/\/professional.electroluxusa.com\/\" target=\"_blank\" rel=\"noopener\">North America<\/a><\/li>\n<li><a href=\"http:\/\/professional.electrolux.la\/\" target=\"_blank\" rel=\"noopener\">Am\u00e9rica Latina (Espa\u00f1ol)<\/a><\/li>\n<li><a href=\"https:\/\/www.electroluxprofessional.com\/cz\/\" target=\"_blank\" rel=\"noopener\">Brasil<\/a><\/li>\n<\/ul>\n<p>[\/vc_column_text][elx_heading text_color=&#8221;inherit&#8221;]Middle East[\/elx_heading][vc_column_text]<\/p>\n<ul>\n<li><a href=\"http:\/\/professional.electrolux.me\/\" target=\"_blank\" rel=\"noopener\">Middle East (English)<\/a><\/li>\n<\/ul>\n<p>[\/vc_column_text][elx_heading text_color=&#8221;inherit&#8221;]South-East Asia and Oceania[\/elx_heading][vc_column_text]<\/p>\n<ul>\n<li><a href=\"https:\/\/www.electroluxprofessional.com\/cz\/\" target=\"_blank\" rel=\"noopener\">South East Asia and India (English)<\/a><\/li>\n<li><a href=\"https:\/\/www.electroluxprofessional.com\/cz\/\" target=\"_blank\" rel=\"noopener\">Malaysia (English)<\/a><\/li>\n<li><a href=\"https:\/\/www.electroluxprofessional.com\/cz\/country-and-language\/\" target=\"_blank\" rel=\"noopener\">Australia and New Zealand<\/a><\/li>\n<li><a href=\"https:\/\/www.electroluxprofessional.com\/cz\/country-and-language\/\" target=\"_blank\" rel=\"noopener\">\u4e2d\u56fd<\/a><\/li>\n<li><a href=\"http:\/\/professional.electrolux.co.jp\" target=\"_blank\" rel=\"noopener\">\u65e5\u672c<\/a><\/li>\n<\/ul>\n<p>[\/vc_column_text][\/vc_column][vc_column width=&#8221;1\/3&#8243;][elx_heading text_color=&#8221;inherit&#8221;]Europe[\/elx_heading][vc_column_text]<\/p>\n<ul>\n<li><a href=\"http:\/\/professional.electrolux.be\/nl-be\/?redirect=true\" target=\"_blank\" rel=\"noopener\">Belgi\u00eb<\/a><\/li>\n<li><a href=\"http:\/\/professional.electrolux.be\/fr-BE\/\" target=\"_blank\" rel=\"noopener\">Belgique<\/a><\/li>\n<li><a href=\"https:\/\/www.electroluxprofessional.com\/cz\/country-and-language\/\" target=\"_blank\" rel=\"noopener\">\u0411\u044a\u043b\u0433\u0430\u0440\u0438\u044f<\/a><\/li>\n<li><a href=\"https:\/\/www.electroluxprofessional.com\/cz\/\" target=\"_blank\" rel=\"noopener\">\u010cesk\u00e1 republika<\/a><\/li>\n<li><a href=\"http:\/\/professional.electrolux.dk\/\" target=\"_blank\" rel=\"noopener\">Danmark<\/a><\/li>\n<li><a href=\"http:\/\/professional.electrolux.de\/\" target=\"_blank\" rel=\"noopener\">Deutschland<\/a><\/li>\n<li><a href=\"http:\/\/professional.electrolux.ee\/\" target=\"_blank\" rel=\"noopener\">Eesti<\/a><\/li>\n<li><a href=\"http:\/\/professional.electrolux.es\/\" target=\"_blank\" rel=\"noopener\">Espa\u00f1a<\/a><\/li>\n<li><a href=\"http:\/\/professional.electrolux.fr\/\" target=\"_blank\" rel=\"noopener\">France<\/a><\/li>\n<li><a href=\"http:\/\/professional.electrolux.gr\/\" target=\"_blank\" rel=\"noopener\">\u0395\u03bb\u03bb\u03b7\u03bd\u03b9\u03ba\u03ac<\/a><\/li>\n<li><a href=\"http:\/\/professional.electrolux.hr\/\" target=\"_blank\" rel=\"noopener\">Hrvatska<\/a><\/li>\n<li><a href=\"http:\/\/professional.electrolux.it\/\" target=\"_blank\" rel=\"noopener\">Italia<\/a><\/li>\n<li><a href=\"http:\/\/professional.electrolux.hu\/\" target=\"_blank\" rel=\"noopener\">Magyarorsz\u00e1g<\/a><\/li>\n<li><a href=\"http:\/\/professional.electrolux.nl\/\" target=\"_blank\" rel=\"noopener\">Nederland<\/a><\/li>\n<li><a href=\"http:\/\/professional.electrolux.no\/\" target=\"_blank\" rel=\"noopener\">Norge<\/a><\/li>\n<li><a href=\"http:\/\/professional.electrolux.pl\/\" target=\"_blank\" rel=\"noopener\">Polska<\/a><\/li>\n<li><a href=\"http:\/\/professional.electrolux.pt\/\" target=\"_blank\" rel=\"noopener\">Portugal<\/a><\/li>\n<li><a href=\"https:\/\/www.electroluxprofessional.com\/cz\/country-and-language\/\" target=\"_blank\" rel=\"noopener\">Rom\u00e2nia<\/a><\/li>\n<li><a href=\"http:\/\/professional.electrolux.ru\/\" target=\"_blank\" rel=\"noopener\">\u0420\u043e\u0441\u0441\u0438\u044f<\/a><\/li>\n<li><a href=\"https:\/\/www.electroluxprofessional.com\/cz\/country-and-language\/\" target=\"_blank\" rel=\"noopener\">Slovenia<\/a><\/li>\n<li><a href=\"http:\/\/professional.electrolux.ch\/\" target=\"_blank\" rel=\"noopener\">Schweiz<\/a><\/li>\n<li><a href=\"https:\/\/www.electroluxprofessional.com\/cz\/country-and-language\/\" target=\"_blank\" rel=\"noopener\">Srbija<\/a><\/li>\n<li><a href=\"http:\/\/professional.electrolux.fi\/\" target=\"_blank\" rel=\"noopener\">Suomi<\/a><\/li>\n<li><a href=\"http:\/\/professional.electrolux.se\/\" target=\"_blank\" rel=\"noopener\">Sverige<\/a><\/li>\n<li><a href=\"https:\/\/www.electroluxprofessional.com\/cz\/country-and-language\/\" target=\"_blank\" rel=\"noopener\">T\u00fcrkiye<\/a><\/li>\n<li><a href=\"http:\/\/professional.electrolux.co.uk\/\" target=\"_blank\" rel=\"noopener\">UK<\/a><\/li>\n<\/ul>\n<p>[\/vc_column_text][\/vc_column][\/vc_row]<\/p>\n","protected":false},"excerpt":{"rendered":"<p>[vc_row full_width=&#8221;electroluxpro-full-width-no-padding&#8221;][vc_column][elx_hero_title label=&#8221;&#8221; background_image=&#8221;637&#8243;][elx_heading font_container=&#8221;h1&#8243; font_size=&#8221;h3&#8243; text_color=&#8221;white&#8221;]Change Country and Language[\/elx_heading][\/elx_hero_title][\/vc_column][\/vc_row][vc_row][vc_column][vc_empty_space][\/vc_column][\/vc_row][vc_row][vc_column width=&#8221;2\/3&#8243;][elx_heading text_color=&#8221;inherit&#8221;]International[\/elx_heading][vc_column_text] International [\/vc_column_text][elx_heading text_color=&#8221;inherit&#8221;]Americas[\/elx_heading][vc_column_text] North America Am\u00e9rica Latina (Espa\u00f1ol) Brasil [\/vc_column_text][elx_heading text_color=&#8221;inherit&#8221;]Middle East[\/elx_heading][vc_column_text] Middle East (English) [\/vc_column_text][elx_heading text_color=&#8221;inherit&#8221;]South-East Asia and Oceania[\/elx_heading][vc_column_text] South East Asia and India (English) Malaysia (English) Australia and New Zealand \u4e2d\u56fd \u65e5\u672c [\/vc_column_text][\/vc_column][vc_column width=&#8221;1\/3&#8243;][elx_heading text_color=&#8221;inherit&#8221;]Europe[\/elx_heading][vc_column_text] Belgi\u00eb Belgique \u0411\u044a\u043b\u0433\u0430\u0440\u0438\u044f \u010cesk\u00e1 republika Danmark [&hellip;]<\/p>\n","protected":false},"author":3,"featured_media":0,"parent":0,"menu_order":0,"comment_status":"closed","ping_status":"closed","template":"","meta":{"footnotes":""},"class_list":["post-2065","page","type-page","status-publish","hentry"],"acf":[],"yoast_head":"<!-- This site is optimized with the Yoast SEO plugin v23.3 - https:\/\/yoast.com\/wordpress\/plugins\/seo\/ -->\n<title>Country and Language - Electrolux Professional \u010cesk\u00e1 republika<\/title>\n<meta name=\"robots\" content=\"index, follow, max-snippet:-1, max-image-preview:large, max-video-preview:-1\" \/>\n<link rel=\"canonical\" href=\"https:\/\/www.electroluxprofessional.com\/cz\/country-and-language\/\" \/>\n<meta property=\"og:locale\" content=\"cs_CZ\" \/>\n<meta property=\"og:type\" content=\"article\" \/>\n<meta property=\"og:title\" content=\"Country and Language - Electrolux Professional \u010cesk\u00e1 republika\" \/>\n<meta property=\"og:description\" content=\"[vc_row full_width=&#8221;electroluxpro-full-width-no-padding&#8221;][vc_column][elx_hero_title label=&#8221;&#8221; background_image=&#8221;637&#8243;][elx_heading font_container=&#8221;h1&#8243; font_size=&#8221;h3&#8243; text_color=&#8221;white&#8221;]Change Country and Language[\/elx_heading][\/elx_hero_title][\/vc_column][\/vc_row][vc_row][vc_column][vc_empty_space][\/vc_column][\/vc_row][vc_row][vc_column width=&#8221;2\/3&#8243;][elx_heading text_color=&#8221;inherit&#8221;]International[\/elx_heading][vc_column_text] International [\/vc_column_text][elx_heading text_color=&#8221;inherit&#8221;]Americas[\/elx_heading][vc_column_text] North America Am\u00e9rica Latina (Espa\u00f1ol) Brasil [\/vc_column_text][elx_heading text_color=&#8221;inherit&#8221;]Middle East[\/elx_heading][vc_column_text] Middle East (English) [\/vc_column_text][elx_heading text_color=&#8221;inherit&#8221;]South-East Asia and Oceania[\/elx_heading][vc_column_text] South East Asia and India (English) Malaysia (English) Australia and New Zealand \u4e2d\u56fd \u65e5\u672c [\/vc_column_text][\/vc_column][vc_column width=&#8221;1\/3&#8243;][elx_heading text_color=&#8221;inherit&#8221;]Europe[\/elx_heading][vc_column_text] Belgi\u00eb Belgique \u0411\u044a\u043b\u0433\u0430\u0440\u0438\u044f \u010cesk\u00e1 republika Danmark [&hellip;]\" \/>\n<meta property=\"og:url\" content=\"https:\/\/www.electroluxprofessional.com\/cz\/country-and-language\/\" \/>\n<meta property=\"og:site_name\" content=\"Electrolux Professional \u010cesk\u00e1 republika\" \/>\n<meta property=\"article:publisher\" content=\"https:\/\/www.facebook.com\/electroluxprofessional\" \/>\n<meta property=\"article:modified_time\" content=\"2017-11-10T11:19:47+00:00\" \/>\n<meta name=\"twitter:card\" content=\"summary_large_image\" \/>\n<meta name=\"twitter:site\" content=\"@ElectroluxPro\" \/>\n<meta name=\"twitter:label1\" content=\"Odhadovan\u00e1 doba \u010dten\u00ed\" \/>\n\t<meta name=\"twitter:data1\" content=\"1 minuta\" \/>\n<script type=\"application\/ld+json\" class=\"yoast-schema-graph\">{\"@context\":\"https:\/\/schema.org\",\"@graph\":[{\"@type\":\"WebPage\",\"@id\":\"https:\/\/www.electroluxprofessional.com\/cz\/country-and-language\/\",\"url\":\"https:\/\/www.electroluxprofessional.com\/cz\/country-and-language\/\",\"name\":\"Country and Language - Electrolux Professional \u010cesk\u00e1 republika\",\"isPartOf\":{\"@id\":\"https:\/\/www.electroluxprofessional.com\/cz\/#website\"},\"datePublished\":\"2017-02-22T10:45:40+00:00\",\"dateModified\":\"2017-11-10T11:19:47+00:00\",\"breadcrumb\":{\"@id\":\"https:\/\/www.electroluxprofessional.com\/cz\/country-and-language\/#breadcrumb\"},\"inLanguage\":\"cs\",\"potentialAction\":[{\"@type\":\"ReadAction\",\"target\":[\"https:\/\/www.electroluxprofessional.com\/cz\/country-and-language\/\"]}]},{\"@type\":\"BreadcrumbList\",\"@id\":\"https:\/\/www.electroluxprofessional.com\/cz\/country-and-language\/#breadcrumb\",\"itemListElement\":[{\"@type\":\"ListItem\",\"position\":1,\"name\":\"Home\",\"item\":\"https:\/\/www.electroluxprofessional.com\/cz\/\"},{\"@type\":\"ListItem\",\"position\":2,\"name\":\"Country and Language\"}]},{\"@type\":\"WebSite\",\"@id\":\"https:\/\/www.electroluxprofessional.com\/cz\/#website\",\"url\":\"https:\/\/www.electroluxprofessional.com\/cz\/\",\"name\":\"Electrolux Professional \u010cesk\u00e1 republika\",\"description\":\"\",\"potentialAction\":[{\"@type\":\"SearchAction\",\"target\":{\"@type\":\"EntryPoint\",\"urlTemplate\":\"https:\/\/www.electroluxprofessional.com\/cz\/?src={search_term_string}\"},\"query-input\":\"required name=search_term_string\"}],\"inLanguage\":\"cs\"}]}<\/script>\n<!-- \/ Yoast SEO plugin. -->","yoast_head_json":{"title":"Country and Language - Electrolux Professional \u010cesk\u00e1 republika","robots":{"index":"index","follow":"follow","max-snippet":"max-snippet:-1","max-image-preview":"max-image-preview:large","max-video-preview":"max-video-preview:-1"},"canonical":"https:\/\/www.electroluxprofessional.com\/cz\/country-and-language\/","og_locale":"cs_CZ","og_type":"article","og_title":"Country and Language - Electrolux Professional \u010cesk\u00e1 republika","og_description":"[vc_row full_width=&#8221;electroluxpro-full-width-no-padding&#8221;][vc_column][elx_hero_title label=&#8221;&#8221; background_image=&#8221;637&#8243;][elx_heading font_container=&#8221;h1&#8243; font_size=&#8221;h3&#8243; text_color=&#8221;white&#8221;]Change Country and Language[\/elx_heading][\/elx_hero_title][\/vc_column][\/vc_row][vc_row][vc_column][vc_empty_space][\/vc_column][\/vc_row][vc_row][vc_column width=&#8221;2\/3&#8243;][elx_heading text_color=&#8221;inherit&#8221;]International[\/elx_heading][vc_column_text] International [\/vc_column_text][elx_heading text_color=&#8221;inherit&#8221;]Americas[\/elx_heading][vc_column_text] North America Am\u00e9rica Latina (Espa\u00f1ol) Brasil [\/vc_column_text][elx_heading text_color=&#8221;inherit&#8221;]Middle East[\/elx_heading][vc_column_text] Middle East (English) [\/vc_column_text][elx_heading text_color=&#8221;inherit&#8221;]South-East Asia and Oceania[\/elx_heading][vc_column_text] South East Asia and India (English) Malaysia (English) Australia and New Zealand \u4e2d\u56fd \u65e5\u672c [\/vc_column_text][\/vc_column][vc_column width=&#8221;1\/3&#8243;][elx_heading text_color=&#8221;inherit&#8221;]Europe[\/elx_heading][vc_column_text] Belgi\u00eb Belgique \u0411\u044a\u043b\u0433\u0430\u0440\u0438\u044f \u010cesk\u00e1 republika Danmark [&hellip;]","og_url":"https:\/\/www.electroluxprofessional.com\/cz\/country-and-language\/","og_site_name":"Electrolux Professional \u010cesk\u00e1 republika","article_publisher":"https:\/\/www.facebook.com\/electroluxprofessional","article_modified_time":"2017-11-10T11:19:47+00:00","twitter_card":"summary_large_image","twitter_site":"@ElectroluxPro","twitter_misc":{"Odhadovan\u00e1 doba \u010dten\u00ed":"1 minuta"},"schema":{"@context":"https:\/\/schema.org","@graph":[{"@type":"WebPage","@id":"https:\/\/www.electroluxprofessional.com\/cz\/country-and-language\/","url":"https:\/\/www.electroluxprofessional.com\/cz\/country-and-language\/","name":"Country and Language - Electrolux Professional \u010cesk\u00e1 republika","isPartOf":{"@id":"https:\/\/www.electroluxprofessional.com\/cz\/#website"},"datePublished":"2017-02-22T10:45:40+00:00","dateModified":"2017-11-10T11:19:47+00:00","breadcrumb":{"@id":"https:\/\/www.electroluxprofessional.com\/cz\/country-and-language\/#breadcrumb"},"inLanguage":"cs","potentialAction":[{"@type":"ReadAction","target":["https:\/\/www.electroluxprofessional.com\/cz\/country-and-language\/"]}]},{"@type":"BreadcrumbList","@id":"https:\/\/www.electroluxprofessional.com\/cz\/country-and-language\/#breadcrumb","itemListElement":[{"@type":"ListItem","position":1,"name":"Home","item":"https:\/\/www.electroluxprofessional.com\/cz\/"},{"@type":"ListItem","position":2,"name":"Country and Language"}]},{"@type":"WebSite","@id":"https:\/\/www.electroluxprofessional.com\/cz\/#website","url":"https:\/\/www.electroluxprofessional.com\/cz\/","name":"Electrolux Professional \u010cesk\u00e1 republika","description":"","potentialAction":[{"@type":"SearchAction","target":{"@type":"EntryPoint","urlTemplate":"https:\/\/www.electroluxprofessional.com\/cz\/?src={search_term_string}"},"query-input":"required name=search_term_string"}],"inLanguage":"cs"}]}},"_links":{"self":[{"href":"https:\/\/www.electroluxprofessional.com\/cz\/wp-json\/wp\/v2\/pages\/2065"}],"collection":[{"href":"https:\/\/www.electroluxprofessional.com\/cz\/wp-json\/wp\/v2\/pages"}],"about":[{"href":"https:\/\/www.electroluxprofessional.com\/cz\/wp-json\/wp\/v2\/types\/page"}],"author":[{"embeddable":true,"href":"https:\/\/www.electroluxprofessional.com\/cz\/wp-json\/wp\/v2\/users\/3"}],"replies":[{"embeddable":true,"href":"https:\/\/www.electroluxprofessional.com\/cz\/wp-json\/wp\/v2\/comments?post=2065"}],"version-history":[{"count":16,"href":"https:\/\/www.electroluxprofessional.com\/cz\/wp-json\/wp\/v2\/pages\/2065\/revisions"}],"predecessor-version":[{"id":3530,"href":"https:\/\/www.electroluxprofessional.com\/cz\/wp-json\/wp\/v2\/pages\/2065\/revisions\/3530"}],"wp:attachment":[{"href":"https:\/\/www.electroluxprofessional.com\/cz\/wp-json\/wp\/v2\/media?parent=2065"}],"curies":[{"name":"wp","href":"https:\/\/api.w.org\/{rel}","templated":true}]}}