{"id":1572,"date":"2016-08-25T08:47:14","date_gmt":"2016-08-25T08:47:14","guid":{"rendered":"https:\/\/www.electroluxprofessional.com\/cz\/?page_id=1572"},"modified":"2024-07-01T12:36:56","modified_gmt":"2024-07-01T12:36:56","slug":"accessories-consumables","status":"publish","type":"page","link":"https:\/\/www.electroluxprofessional.com\/cz\/accessories-consumables\/","title":{"rendered":"P\u0159\u00edslu\u0161enstv\u00ed a spot\u0159ebn\u00ed materi\u00e1l"},"content":{"rendered":"<p>[vc_row full_width=&#8221;electroluxpro-full-width-no-padding&#8221; css=&#8221;.vc_custom_1618363637527{margin-top: -40px !important;border-top-width: -40px !important;padding-top: -40px !important;}&#8221;][vc_column][elx_full_banner title=&#8221;P\u0159\u00edslu\u0161enstv\u00ed a spot\u0159ebn\u00ed materi\u00e1l&#8221; set_as_h1=&#8221;true&#8221; background_image_media_library=&#8221;9076&#8243; background_image_media_library_mobile=&#8221;35044&#8243; link=&#8221;url:%23contact|title:Zjist%C4%9Bte%20v%C3%ADce||&#8221;][vc_row_inner full_width=&#8221;electroluxpro-full-width&#8221; gap=&#8221;15&#8243;][vc_column_inner width=&#8221;1\/5&#8243;][elx_download_block text=&#8221;Katalog p\u0159\u00edslu\u0161enstv\u00ed pro ochranu, dezinfekci a \u010di\u0161t\u011bn\u00ed&#8221; document_type=&#8221;cat&#8221; file_picker=&#8221;24892&#8243; background_color=&#8221;electrolux-blue&#8221; background_hover_color=&#8221;lighter-hover&#8221; ca_document_number=&#8221;CAT10&#8243;][\/vc_column_inner][vc_column_inner width=&#8221;1\/5&#8243;][elx_download_block text=&#8221;Katalog n\u00e1hradn\u00edch d\u00edl\u016f&#8221; document_type=&#8221;cat&#8221; file_picker=&#8221;24892&#8243; background_color=&#8221;electrolux-blue&#8221; background_hover_color=&#8221;lighter-hover&#8221; ca_document_number=&#8221;CAT7&#8243;][\/vc_column_inner][vc_column_inner width=&#8221;1\/5&#8243;][elx_download_block text=&#8221;Katalog p\u0159\u00edslu\u0161enstv\u00ed a spot\u0159ebn\u00edho materi\u00e1lu&#8221; document_type=&#8221;cat&#8221; file_picker=&#8221;24892&#8243; background_color=&#8221;electrolux-blue&#8221; background_hover_color=&#8221;lighter-hover&#8221; ca_document_number=&#8221;CAT8&#8243;][\/vc_column_inner][vc_column_inner width=&#8221;1\/5&#8243;][elx_download_block text=&#8221;Katalog sad n\u00e1hradn\u00edch d\u00edl\u016f&#8221; document_type=&#8221;cat&#8221; file_picker=&#8221;24892&#8243; background_color=&#8221;electrolux-blue&#8221; background_hover_color=&#8221;lighter-hover&#8221; ca_document_number=&#8221;CAT9&#8243;][\/vc_column_inner][vc_column_inner width=&#8221;1\/5&#8243;][elx_download_block text=&#8221;Pr\u016fvodce profesion\u00e1ln\u00edmi \u010distic\u00edmi prost\u0159edky&#8221; file_picker=&#8221;35121&#8243; background_color=&#8221;electrolux-blue&#8221; background_hover_color=&#8221;lighter-hover&#8221;][\/vc_column_inner][\/vc_row_inner][\/vc_column][\/vc_row][vc_row][vc_column][elx_menu menu_name=&#8221;PAGE &#8211; Acessories menu&#8221;][\/vc_column][\/vc_row][vc_row][vc_column][elx_heading text_color=&#8221;electrolux-blue&#8221; text_align=&#8221;text-center&#8221;]Chytr\u00e1 \u0159e\u0161en\u00ed pro obchodn\u00ed pot\u0159eby z\u00e1kazn\u00edk\u016f[\/elx_heading][vc_column_text]<\/p>\n<p style=\"text-align: center;\">Na\u0161e origin\u00e1ln\u00ed p\u0159\u00edslu\u0161enstv\u00ed a spot\u0159ebn\u00ed materi\u00e1l, v\u0161e pe\u010dliv\u011b testov\u00e1no odborn\u00edky Electrolux, zaru\u010duje nejlep\u0161\u00ed v\u00fdkon va\u0161ich spot\u0159ebi\u010d\u016f. P\u0159idan\u00e1 hodnota pro va\u0161e podnik\u00e1n\u00ed, proto\u017ee je zaji\u0161t\u011bna odolnost a \u00fa\u010dinnost va\u0161ich stroj\u016f. Pou\u017e\u00edv\u00e1n\u00edm origin\u00e1ln\u00edho p\u0159\u00edslu\u0161enstv\u00ed a spot\u0159ebn\u00edho materi\u00e1lu z\u016fst\u00e1v\u00e1 v\u00fdkon va\u0161eho za\u0159\u00edzen\u00ed na nejvy\u0161\u0161\u00ed kvalit\u011b, co\u017e zvy\u0161uje efektivitu a ziskovost.<\/p>\n<p>[\/vc_column_text][vc_empty_space][\/vc_column][\/vc_row][vc_row css=&#8221;.vc_custom_1523535531732{background-color: #f4f4f4 !important;}&#8221;][vc_column width=&#8221;1\/3&#8243;][vc_empty_space][elx_simple_link_block link=&#8221;url:https%3A%2F%2Fwww.electroluxprofessional.com%2Fcz%2Faccessories-consumables%2Fmodular-cooking%2F|title:Modular%20cooking||&#8221; text_align=&#8221;text-left&#8221; text_color=&#8221;inherit&#8221; background_color=&#8221;inherit&#8221; background_hover_color=&#8221;darker-hover&#8221; extra_class=&#8221;&#8221; reveal_effect=&#8221;&#8221; reveal_duration=&#8221;&#8221; reveal_delay=&#8221;&#8221;][vc_single_image image=&#8221;789&#8243; img_size=&#8221;360*120&#8243;][elx_heading font_size=&#8221;h5&#8243; text_color=&#8221;inherit&#8221;]Modul\u00e1rn\u00ed va\u0159en\u00ed[\/elx_heading][vc_column_text]Va\u0159i\u010de t\u011bstovin, profesion\u00e1ln\u00ed odma\u0161\u0165ova\u010d na hork\u00e9 povrchy, grily, frit\u00e9zy.[\/vc_column_text][\/elx_simple_link_block][\/vc_column][vc_column width=&#8221;1\/3&#8243;][vc_empty_space][elx_simple_link_block link=&#8221;url:https%3A%2F%2Fwww.electroluxprofessional.com%2Fcz%2Faccessories-consumables%2Fspeedelight%2F|title:SpeeDelight||&#8221; text_align=&#8221;text-left&#8221; text_color=&#8221;inherit&#8221; background_color=&#8221;inherit&#8221; background_hover_color=&#8221;darker-hover&#8221; extra_class=&#8221;&#8221; reveal_effect=&#8221;&#8221; reveal_duration=&#8221;&#8221; reveal_delay=&#8221;&#8221;][vc_single_image image=&#8221;9070&#8243; img_size=&#8221;360*120&#8243;][elx_heading font_size=&#8221;h5&#8243; text_color=&#8221;inherit&#8221;]SpeeDelight[\/elx_heading][vc_column_text]Udr\u017eujte sv\u016fj SpeeDelight ve \u0161pi\u010dkov\u00e9 form\u011b, aby mohl d\u011blat to, co um\u00ed nejl\u00e9pe.[\/vc_column_text][\/elx_simple_link_block][\/vc_column][vc_column width=&#8221;1\/3&#8243;][vc_empty_space][elx_simple_link_block link=&#8221;url:https%3A%2F%2Fwww.electroluxprofessional.com%2Fcz%2Faccessories-consumables%2Faccessories-consumables-cook-and-chill%2F|title:Cook%20%26%20Chill||&#8221; text_align=&#8221;text-left&#8221; text_color=&#8221;inherit&#8221; background_color=&#8221;inherit&#8221; background_hover_color=&#8221;darker-hover&#8221; extra_class=&#8221;&#8221; reveal_effect=&#8221;&#8221; reveal_duration=&#8221;&#8221; reveal_delay=&#8221;&#8221;][vc_single_image image=&#8221;9071&#8243; img_size=&#8221;360*120&#8243;][elx_heading font_size=&#8221;h5&#8243; text_color=&#8221;inherit&#8221;]Cook and Chill[\/elx_heading][vc_column_text]M\u0159\u00ed\u017eky, filtry, sous-vide, ud\u00edrny a dal\u0161\u00ed.[\/vc_column_text][\/elx_simple_link_block][\/vc_column][\/vc_row][vc_row css=&#8221;.vc_custom_1523535559178{background-color: #f4f4f4 !important;}&#8221;][vc_column width=&#8221;1\/3&#8243;][elx_simple_link_block link=&#8221;url:https%3A%2F%2Fwww.electroluxprofessional.com%2Fcz%2Faccessories-consumables%2Frefrigeration%2F|title:Refrigeration||&#8221; text_align=&#8221;text-left&#8221; text_color=&#8221;inherit&#8221; background_color=&#8221;inherit&#8221; background_hover_color=&#8221;darker-hover&#8221; extra_class=&#8221;&#8221; reveal_effect=&#8221;&#8221; reveal_duration=&#8221;&#8221; reveal_delay=&#8221;&#8221;][vc_single_image image=&#8221;353&#8243; img_size=&#8221;360*120&#8243;][elx_heading font_size=&#8221;h5&#8243; text_color=&#8221;inherit&#8221;]Chlazen\u00ed[\/elx_heading][vc_column_text]Pro uchov\u00e1n\u00ed potravin je p\u0159\u00edslu\u0161enstv\u00ed pro chlazen\u00ed nejcenn\u011bj\u0161\u00edm aktivem va\u0161\u00ed kuchyn\u011b.[\/vc_column_text][\/elx_simple_link_block][\/vc_column][vc_column width=&#8221;1\/3&#8243;][elx_simple_link_block link=&#8221;url:https%3A%2F%2Fwww.electroluxprofessional.com%2Fcz%2Faccessories-consumables%2Faccessories-consumables-dishwashing-equipment%2F|title:Dishwashing%20equipment||&#8221; text_align=&#8221;text-left&#8221; text_color=&#8221;inherit&#8221; background_color=&#8221;inherit&#8221; background_hover_color=&#8221;darker-hover&#8221; extra_class=&#8221;&#8221; reveal_effect=&#8221;&#8221; reveal_duration=&#8221;&#8221; reveal_delay=&#8221;&#8221;][vc_single_image image=&#8221;9072&#8243; img_size=&#8221;360*120&#8243;][elx_heading font_size=&#8221;h5&#8243; text_color=&#8221;inherit&#8221;]Myt\u00ed n\u00e1dob\u00ed[\/elx_heading][vc_column_text]Vyberte si ze \u0161irok\u00e9 \u0161k\u00e1ly p\u0159\u00edslu\u0161enstv\u00ed, kter\u00e9 dopln\u00ed v\u00e1\u0161 prostor pro myt\u00ed n\u00e1dob\u00ed.[\/vc_column_text][\/elx_simple_link_block][\/vc_column][vc_column width=&#8221;1\/3&#8243;][elx_simple_link_block link=&#8221;url:https%3A%2F%2Fwww.electroluxprofessional.com%2Fcz%2Faccessories-consumables%2Flaundry%2F|title:Laundry||&#8221; text_align=&#8221;text-left&#8221; text_color=&#8221;inherit&#8221; background_color=&#8221;inherit&#8221; background_hover_color=&#8221;darker-hover&#8221; extra_class=&#8221;&#8221; reveal_effect=&#8221;&#8221; reveal_duration=&#8221;&#8221; reveal_delay=&#8221;&#8221;][vc_single_image image=&#8221;9073&#8243; img_size=&#8221;360*120&#8243;][elx_heading font_size=&#8221;h5&#8243; text_color=&#8221;inherit&#8221;]Pran\u00ed[\/elx_heading][vc_column_text]Pro \u00fasp\u011b\u0161n\u00e9 pran\u00ed je d\u016fle\u017eit\u00e9, aby i mal\u00e9 v\u011bci dopadly podle pl\u00e1nu.[\/vc_column_text][\/elx_simple_link_block][\/vc_column][\/vc_row][vc_row full_width=&#8221;electroluxpro-full-width&#8221;][vc_column][elx_hero_slider label_text_color=&#8221;inherit&#8221; images=&#8221;9075&#8243;][elx_heading text_color=&#8221;inherit&#8221;]Koronaviry: V\u011bdeck\u00e9 studie o inaktivaci[\/elx_heading][\/elx_hero_slider][vc_row_inner][vc_column_inner][vc_empty_space][vc_column_text]Infek\u010dnost koronaviru je citliv\u00e1(1), (2) na:<br \/>\n\u25ba Chemik\u00e1lie s extr\u00e9mn\u00edmi hodnotami pH (vysoce kysel\u00e9 nebo vysoce alkalick\u00e9)<br \/>\n\u25ba Vystaven\u00ed vysok\u00e9 teplot\u011b po ur\u010ditou dobu[\/vc_column_text][vc_empty_space][\/vc_column_inner][\/vc_row_inner][vc_row_inner][vc_column_inner width=&#8221;1\/2&#8243;][vc_single_image image=&#8221;9074&#8243; img_size=&#8221;full&#8221;][\/vc_column_inner][vc_column_inner width=&#8221;1\/2&#8243;][vc_column_text]<\/p>\n<h3>Kombinace na\u0161ich spot\u0159ebi\u010d\u016f s na\u0161imi vybran\u00fdmi chemik\u00e1liemi m\u016f\u017ee poskytnout ov\u011b\u0159en\u00e9<br \/>\na efektivn\u00ed \u0159e\u0161en\u00ed, kter\u00e9 poskytne v\u00e1m, va\u0161im z\u00e1kazn\u00edk\u016fm a va\u0161im zam\u011bstnanc\u016fm<br \/>\nd\u016fv\u011bru, \u017ee jejich blaho je v\u017edy zaji\u0161t\u011bno.<\/h3>\n<p style=\"font-size: 10px;\">* Logaritmic scale of coronavirus concentration after chemical substance and temperature exposure. Please note that safety is below the<br \/>\nconcentration line of log10(1) which corresponds to zero units.<br \/>\n(1) M. E. R. Darnell et al., Inactivation of the coronavirus that induces severe acute respiratory syndrome, SARS-CoV, Journal of Virological Methods 121<br \/>\n(2004) 85-91<br \/>\n(2) Bio Basic Europe, Bibliographic verification aimed to assess the virucidal efficacy of processes and products used during washing and rinsing cycles<br \/>\nwith Electrolux Professional dishwasher, 17th July 2020<\/p>\n<p>[\/vc_column_text][\/vc_column_inner][\/vc_row_inner][\/vc_column][\/vc_row][vc_row][vc_column][vc_empty_space][elx_heading text_color=&#8221;inherit&#8221;]Nem\u016f\u017eete naj\u00edt, co pot\u0159ebujete? Kontaktujte na\u0161e partnery ve va\u0161\u00ed oblasti[\/elx_heading][elx_o2000_locator l=&#8221;en&#8221; request=&#8221;Hi, I am interested in original accessories and consumables. Please contact me within `{`&#8230;`}` via mobile \/ whatsapp \/ email. Thanks in advance.&#8221;][\/vc_column][\/vc_row][vc_row][vc_column width=&#8221;1\/3&#8243;][elx_heading text_color=&#8221;inherit&#8221;]Origin\u00e1ln\u00ed p\u0159\u00edslu\u0161enstv\u00ed a spot\u0159ebn\u00ed materi\u00e1l[\/elx_heading][vc_column_text]Na \u0161pici v kvalit\u011b v\u00e1m poskytujeme origin\u00e1ln\u00ed p\u0159\u00edslu\u0161enstv\u00ed a spot\u0159ebn\u00ed materi\u00e1l, abychom zajistili hygienick\u00fd v\u00fdkon a v\u00fdsledky.[\/vc_column_text][\/vc_column][vc_column width=&#8221;1\/3&#8243;][elx_heading text_color=&#8221;inherit&#8221;]Dlouh\u00e1<br \/>\n\u017eivotnost<br \/>\na v\u00fdkon[\/elx_heading][vc_column_text]Klademe d\u016fraz na \u017eivotn\u00ed cyklus v\u00fdkonu produktu. Na\u0161e p\u0159\u00edslu\u0161enstv\u00ed a spot\u0159ebn\u00ed materi\u00e1l zaji\u0161\u0165uje kvalitu a konzistentnost v\u00fdkonu.[\/vc_column_text][\/vc_column][vc_column width=&#8221;1\/3&#8243;][elx_heading text_color=&#8221;inherit&#8221;]Celosv\u011btov\u011b<br \/>\nrychl\u00e9<br \/>\ndoru\u010den\u00ed[\/elx_heading][vc_column_text]Na\u0161e rozs\u00e1hl\u00e1 glob\u00e1ln\u00ed skladov\u00e1 a distribu\u010dn\u00ed s\u00ed\u0165 zaji\u0161\u0165uje, \u017ee se k v\u00e1m va\u0161e origin\u00e1ln\u00ed p\u0159\u00edslu\u0161enstv\u00ed dostane v\u010das.[\/vc_column_text][\/vc_column][\/vc_row][vc_row el_id=&#8221;contact&#8221;][vc_column][vc_empty_space][elx_heading text_color=&#8221;inherit&#8221;]Kontaktujte n\u00e1s pro v\u00edce informac\u00ed o na\u0161em p\u0159\u00edslu\u0161enstv\u00ed[\/elx_heading][elx_o2000_contact_us][\/vc_column][\/vc_row]<\/p>\n","protected":false},"excerpt":{"rendered":"<p>[vc_row full_width=&#8221;electroluxpro-full-width-no-padding&#8221; css=&#8221;.vc_custom_1618363637527{margin-top: -40px !important;border-top-width: -40px !important;padding-top: -40px !important;}&#8221;][vc_column][elx_full_banner title=&#8221;P\u0159\u00edslu\u0161enstv\u00ed a spot\u0159ebn\u00ed materi\u00e1l&#8221; set_as_h1=&#8221;true&#8221; background_image_media_library=&#8221;9076&#8243; background_image_media_library_mobile=&#8221;35044&#8243; link=&#8221;url:%23contact|title:Zjist%C4%9Bte%20v%C3%ADce||&#8221;][vc_row_inner full_width=&#8221;electroluxpro-full-width&#8221; gap=&#8221;15&#8243;][vc_column_inner width=&#8221;1\/5&#8243;][elx_download_block text=&#8221;Katalog p\u0159\u00edslu\u0161enstv\u00ed pro ochranu, dezinfekci a \u010di\u0161t\u011bn\u00ed&#8221; document_type=&#8221;cat&#8221; file_picker=&#8221;24892&#8243; background_color=&#8221;electrolux-blue&#8221; background_hover_color=&#8221;lighter-hover&#8221; ca_document_number=&#8221;CAT10&#8243;][\/vc_column_inner][vc_column_inner width=&#8221;1\/5&#8243;][elx_download_block text=&#8221;Katalog n\u00e1hradn\u00edch d\u00edl\u016f&#8221; document_type=&#8221;cat&#8221; file_picker=&#8221;24892&#8243; background_color=&#8221;electrolux-blue&#8221; background_hover_color=&#8221;lighter-hover&#8221; ca_document_number=&#8221;CAT7&#8243;][\/vc_column_inner][vc_column_inner width=&#8221;1\/5&#8243;][elx_download_block text=&#8221;Katalog p\u0159\u00edslu\u0161enstv\u00ed a spot\u0159ebn\u00edho materi\u00e1lu&#8221; document_type=&#8221;cat&#8221; file_picker=&#8221;24892&#8243; background_color=&#8221;electrolux-blue&#8221; background_hover_color=&#8221;lighter-hover&#8221; ca_document_number=&#8221;CAT8&#8243;][\/vc_column_inner][vc_column_inner width=&#8221;1\/5&#8243;][elx_download_block text=&#8221;Katalog sad [&hellip;]<\/p>\n","protected":false},"author":3,"featured_media":335,"parent":0,"menu_order":0,"comment_status":"closed","ping_status":"closed","template":"","meta":{"footnotes":""},"class_list":["post-1572","page","type-page","status-publish","has-post-thumbnail","hentry"],"acf":[],"yoast_head":"<!-- This site is optimized with the Yoast SEO plugin v23.3 - https:\/\/yoast.com\/wordpress\/plugins\/seo\/ -->\n<title>P\u0159\u00edslu\u0161enstv\u00ed a spot\u0159ebn\u00ed materi\u00e1l - Electrolux Professional \u010cesk\u00e1 republika<\/title>\n<meta name=\"description\" content=\"Original Accessories and Consumables guarantee the best performance minimizing machine downtime and boosting the highest profitability. DOWNLOAD the official catalogue.\" \/>\n<meta name=\"robots\" content=\"index, follow, max-snippet:-1, max-image-preview:large, max-video-preview:-1\" \/>\n<link rel=\"canonical\" href=\"https:\/\/www.electroluxprofessional.com\/cz\/accessories-consumables\/\" \/>\n<meta property=\"og:locale\" content=\"cs_CZ\" \/>\n<meta property=\"og:type\" content=\"article\" \/>\n<meta property=\"og:title\" content=\"P\u0159\u00edslu\u0161enstv\u00ed a spot\u0159ebn\u00ed materi\u00e1l - Electrolux Professional \u010cesk\u00e1 republika\" \/>\n<meta property=\"og:description\" content=\"Original Accessories and Consumables guarantee the best performance minimizing machine downtime and boosting the highest profitability. DOWNLOAD the official catalogue.\" \/>\n<meta property=\"og:url\" content=\"https:\/\/www.electroluxprofessional.com\/cz\/accessories-consumables\/\" \/>\n<meta property=\"og:site_name\" content=\"Electrolux Professional \u010cesk\u00e1 republika\" \/>\n<meta property=\"article:publisher\" content=\"https:\/\/www.facebook.com\/electroluxprofessional\" \/>\n<meta property=\"article:modified_time\" content=\"2024-07-01T12:36:56+00:00\" \/>\n<meta property=\"og:image\" content=\"https:\/\/www.electroluxprofessional.com\/cz\/wp-content\/uploads\/2016\/11\/IMG_9959-as-Smart-Object-1.jpg\" \/>\n\t<meta property=\"og:image:width\" content=\"3244\" \/>\n\t<meta property=\"og:image:height\" content=\"4325\" \/>\n\t<meta property=\"og:image:type\" content=\"image\/jpeg\" \/>\n<meta name=\"twitter:card\" content=\"summary_large_image\" \/>\n<meta name=\"twitter:site\" content=\"@ElectroluxPro\" \/>\n<meta name=\"twitter:label1\" content=\"Odhadovan\u00e1 doba \u010dten\u00ed\" \/>\n\t<meta name=\"twitter:data1\" content=\"7 minut\" \/>\n<script type=\"application\/ld+json\" class=\"yoast-schema-graph\">{\"@context\":\"https:\/\/schema.org\",\"@graph\":[{\"@type\":\"WebPage\",\"@id\":\"https:\/\/www.electroluxprofessional.com\/cz\/accessories-consumables\/\",\"url\":\"https:\/\/www.electroluxprofessional.com\/cz\/accessories-consumables\/\",\"name\":\"P\u0159\u00edslu\u0161enstv\u00ed a spot\u0159ebn\u00ed materi\u00e1l - Electrolux Professional \u010cesk\u00e1 republika\",\"isPartOf\":{\"@id\":\"https:\/\/www.electroluxprofessional.com\/cz\/#website\"},\"primaryImageOfPage\":{\"@id\":\"https:\/\/www.electroluxprofessional.com\/cz\/accessories-consumables\/#primaryimage\"},\"image\":{\"@id\":\"https:\/\/www.electroluxprofessional.com\/cz\/accessories-consumables\/#primaryimage\"},\"thumbnailUrl\":\"https:\/\/www.electroluxprofessional.com\/cz\/wp-content\/uploads\/2016\/11\/IMG_9959-as-Smart-Object-1.jpg\",\"datePublished\":\"2016-08-25T08:47:14+00:00\",\"dateModified\":\"2024-07-01T12:36:56+00:00\",\"description\":\"Original Accessories and Consumables guarantee the best performance minimizing machine downtime and boosting the highest profitability. DOWNLOAD the official catalogue.\",\"breadcrumb\":{\"@id\":\"https:\/\/www.electroluxprofessional.com\/cz\/accessories-consumables\/#breadcrumb\"},\"inLanguage\":\"cs\",\"potentialAction\":[{\"@type\":\"ReadAction\",\"target\":[\"https:\/\/www.electroluxprofessional.com\/cz\/accessories-consumables\/\"]}]},{\"@type\":\"ImageObject\",\"inLanguage\":\"cs\",\"@id\":\"https:\/\/www.electroluxprofessional.com\/cz\/accessories-consumables\/#primaryimage\",\"url\":\"https:\/\/www.electroluxprofessional.com\/cz\/wp-content\/uploads\/2016\/11\/IMG_9959-as-Smart-Object-1.jpg\",\"contentUrl\":\"https:\/\/www.electroluxprofessional.com\/cz\/wp-content\/uploads\/2016\/11\/IMG_9959-as-Smart-Object-1.jpg\",\"width\":3244,\"height\":4325,\"caption\":\"Eataly - Expo 2015\"},{\"@type\":\"BreadcrumbList\",\"@id\":\"https:\/\/www.electroluxprofessional.com\/cz\/accessories-consumables\/#breadcrumb\",\"itemListElement\":[{\"@type\":\"ListItem\",\"position\":1,\"name\":\"Home\",\"item\":\"https:\/\/www.electroluxprofessional.com\/cz\/\"},{\"@type\":\"ListItem\",\"position\":2,\"name\":\"P\u0159\u00edslu\u0161enstv\u00ed a spot\u0159ebn\u00ed materi\u00e1l\"}]},{\"@type\":\"WebSite\",\"@id\":\"https:\/\/www.electroluxprofessional.com\/cz\/#website\",\"url\":\"https:\/\/www.electroluxprofessional.com\/cz\/\",\"name\":\"Electrolux Professional \u010cesk\u00e1 republika\",\"description\":\"\",\"potentialAction\":[{\"@type\":\"SearchAction\",\"target\":{\"@type\":\"EntryPoint\",\"urlTemplate\":\"https:\/\/www.electroluxprofessional.com\/cz\/?src={search_term_string}\"},\"query-input\":\"required name=search_term_string\"}],\"inLanguage\":\"cs\"}]}<\/script>\n<!-- \/ Yoast SEO plugin. -->","yoast_head_json":{"title":"P\u0159\u00edslu\u0161enstv\u00ed a spot\u0159ebn\u00ed materi\u00e1l - Electrolux Professional \u010cesk\u00e1 republika","description":"Original Accessories and Consumables guarantee the best performance minimizing machine downtime and boosting the highest profitability. DOWNLOAD the official catalogue.","robots":{"index":"index","follow":"follow","max-snippet":"max-snippet:-1","max-image-preview":"max-image-preview:large","max-video-preview":"max-video-preview:-1"},"canonical":"https:\/\/www.electroluxprofessional.com\/cz\/accessories-consumables\/","og_locale":"cs_CZ","og_type":"article","og_title":"P\u0159\u00edslu\u0161enstv\u00ed a spot\u0159ebn\u00ed materi\u00e1l - Electrolux Professional \u010cesk\u00e1 republika","og_description":"Original Accessories and Consumables guarantee the best performance minimizing machine downtime and boosting the highest profitability. DOWNLOAD the official catalogue.","og_url":"https:\/\/www.electroluxprofessional.com\/cz\/accessories-consumables\/","og_site_name":"Electrolux Professional \u010cesk\u00e1 republika","article_publisher":"https:\/\/www.facebook.com\/electroluxprofessional","article_modified_time":"2024-07-01T12:36:56+00:00","og_image":[{"width":3244,"height":4325,"url":"https:\/\/www.electroluxprofessional.com\/cz\/wp-content\/uploads\/2016\/11\/IMG_9959-as-Smart-Object-1.jpg","type":"image\/jpeg"}],"twitter_card":"summary_large_image","twitter_site":"@ElectroluxPro","twitter_misc":{"Odhadovan\u00e1 doba \u010dten\u00ed":"7 minut"},"schema":{"@context":"https:\/\/schema.org","@graph":[{"@type":"WebPage","@id":"https:\/\/www.electroluxprofessional.com\/cz\/accessories-consumables\/","url":"https:\/\/www.electroluxprofessional.com\/cz\/accessories-consumables\/","name":"P\u0159\u00edslu\u0161enstv\u00ed a spot\u0159ebn\u00ed materi\u00e1l - Electrolux Professional \u010cesk\u00e1 republika","isPartOf":{"@id":"https:\/\/www.electroluxprofessional.com\/cz\/#website"},"primaryImageOfPage":{"@id":"https:\/\/www.electroluxprofessional.com\/cz\/accessories-consumables\/#primaryimage"},"image":{"@id":"https:\/\/www.electroluxprofessional.com\/cz\/accessories-consumables\/#primaryimage"},"thumbnailUrl":"https:\/\/www.electroluxprofessional.com\/cz\/wp-content\/uploads\/2016\/11\/IMG_9959-as-Smart-Object-1.jpg","datePublished":"2016-08-25T08:47:14+00:00","dateModified":"2024-07-01T12:36:56+00:00","description":"Original Accessories and Consumables guarantee the best performance minimizing machine downtime and boosting the highest profitability. DOWNLOAD the official catalogue.","breadcrumb":{"@id":"https:\/\/www.electroluxprofessional.com\/cz\/accessories-consumables\/#breadcrumb"},"inLanguage":"cs","potentialAction":[{"@type":"ReadAction","target":["https:\/\/www.electroluxprofessional.com\/cz\/accessories-consumables\/"]}]},{"@type":"ImageObject","inLanguage":"cs","@id":"https:\/\/www.electroluxprofessional.com\/cz\/accessories-consumables\/#primaryimage","url":"https:\/\/www.electroluxprofessional.com\/cz\/wp-content\/uploads\/2016\/11\/IMG_9959-as-Smart-Object-1.jpg","contentUrl":"https:\/\/www.electroluxprofessional.com\/cz\/wp-content\/uploads\/2016\/11\/IMG_9959-as-Smart-Object-1.jpg","width":3244,"height":4325,"caption":"Eataly - Expo 2015"},{"@type":"BreadcrumbList","@id":"https:\/\/www.electroluxprofessional.com\/cz\/accessories-consumables\/#breadcrumb","itemListElement":[{"@type":"ListItem","position":1,"name":"Home","item":"https:\/\/www.electroluxprofessional.com\/cz\/"},{"@type":"ListItem","position":2,"name":"P\u0159\u00edslu\u0161enstv\u00ed a spot\u0159ebn\u00ed materi\u00e1l"}]},{"@type":"WebSite","@id":"https:\/\/www.electroluxprofessional.com\/cz\/#website","url":"https:\/\/www.electroluxprofessional.com\/cz\/","name":"Electrolux Professional \u010cesk\u00e1 republika","description":"","potentialAction":[{"@type":"SearchAction","target":{"@type":"EntryPoint","urlTemplate":"https:\/\/www.electroluxprofessional.com\/cz\/?src={search_term_string}"},"query-input":"required name=search_term_string"}],"inLanguage":"cs"}]}},"_links":{"self":[{"href":"https:\/\/www.electroluxprofessional.com\/cz\/wp-json\/wp\/v2\/pages\/1572"}],"collection":[{"href":"https:\/\/www.electroluxprofessional.com\/cz\/wp-json\/wp\/v2\/pages"}],"about":[{"href":"https:\/\/www.electroluxprofessional.com\/cz\/wp-json\/wp\/v2\/types\/page"}],"author":[{"embeddable":true,"href":"https:\/\/www.electroluxprofessional.com\/cz\/wp-json\/wp\/v2\/users\/3"}],"replies":[{"embeddable":true,"href":"https:\/\/www.electroluxprofessional.com\/cz\/wp-json\/wp\/v2\/comments?post=1572"}],"version-history":[{"count":30,"href":"https:\/\/www.electroluxprofessional.com\/cz\/wp-json\/wp\/v2\/pages\/1572\/revisions"}],"predecessor-version":[{"id":12308,"href":"https:\/\/www.electroluxprofessional.com\/cz\/wp-json\/wp\/v2\/pages\/1572\/revisions\/12308"}],"wp:featuredmedia":[{"embeddable":true,"href":"https:\/\/www.electroluxprofessional.com\/cz\/wp-json\/wp\/v2\/media\/335"}],"wp:attachment":[{"href":"https:\/\/www.electroluxprofessional.com\/cz\/wp-json\/wp\/v2\/media?parent=1572"}],"curies":[{"name":"wp","href":"https:\/\/api.w.org\/{rel}","templated":true}]}}