{"id":14659,"date":"2026-04-02T09:41:28","date_gmt":"2026-04-02T09:41:28","guid":{"rendered":"https:\/\/www.electroluxprofessional.com\/cz\/?page_id=14659"},"modified":"2026-04-09T08:39:22","modified_gmt":"2026-04-09T08:39:22","slug":"promoakce-chlazeni-2026-akcni-ceny-sleva","status":"publish","type":"page","link":"https:\/\/www.electroluxprofessional.com\/cz\/promoakce-chlazeni-2026-akcni-ceny-sleva\/","title":{"rendered":"Promoakce chlazen\u00ed 2026 &#8211; ak\u010dn\u00ed ceny"},"content":{"rendered":"<p>[vc_row full_width=&#8221;electroluxpro-full-width-no-padding&#8221;][vc_column][elx_promo_top_banner title=&#8221;Efektivita, v\u00fdkon a \u00faspory s ecostore R290&#8243; carousel=&#8221;%5B%7B%22title_carousel%22%3A%22Chladic%C3%AD%20a%20mrazic%C3%AD%20sk%C5%99%C3%ADn%C4%9B%20ecostore%20R290%22%2C%22text_carousel%22%3A%22Vyberte%20si%20z%20nab%C3%ADdky%20Electrolux%20Professional%20za%20speci%C3%A1ln%C3%AD%20ceny.%5Cn%3Cbr%3E%3Cb%3EAk%C4%8Dn%C3%AD%20nab%C3%ADdka%20je%20platn%C3%A1%20do%2030.%20%C4%8Dervna%202026%5Cn%3Cbr%3E%3Cb%3Epro%20dod%C3%A1vky%20max.%20do%2031.%20srpna%202026%5Cn%3Cbr%3E%5Cn%3Cbr%3E*prohl%C3%A9dnout%20%3Ca%20href%3D%5C%22https%3A%2F%2Fwww.electroluxprofessional.com%2Fcz%2Fwp-content%2Fuploads%2F2026%2F02%2FElectrolux-Professional-Terms-and-conditions_CZ_2026.pdf%5C%22%3E%3Cb%3EV%C5%A0EOBECN%C3%89%20OBCHODN%C3%8D%20PODM%C3%8DNKY%3C%2Fb%3E%3C%2Fa%3E%22%2C%22image_carousel%22%3A%2211726%22%2C%22link_carousel%22%3A%22url%3A%2523promo-contactus%7Ctitle%3AKONTAKTUJTE%2520N%25C3%2581S%2520PRO%2520OBJEDN%25C3%2581VKU%22%2C%22select_type%22%3A%22link%22%7D%2C%7B%22title_carousel%22%3A%22Chladic%C3%AD%20a%20mrazic%C3%AD%20sk%C5%99%C3%ADn%C4%9B%20ecostore%20R290%22%2C%22text_carousel%22%3A%22Vyberte%20si%20z%20nab%C3%ADdky%20Electrolux%20Professional%20za%20speci%C3%A1ln%C3%AD%20ceny.%5Cn%3Cbr%3E%3Cb%3EAk%C4%8Dn%C3%AD%20nab%C3%ADdka%20je%20platn%C3%A1%20do%2030.%20%C4%8Dervna%202026%5Cn%3Cbr%3E%3Cb%3Epro%20dod%C3%A1vky%20max.%20do%2031.%20srpna%202026%5Cn%3Cbr%3E%5Cn%3Cbr%3E*prohl%C3%A9dnout%20%3Ca%20href%3D%5C%22https%3A%2F%2Fwww.electroluxprofessional.com%2Fcz%2Fwp-content%2Fuploads%2F2026%2F02%2FElectrolux-Professional-Terms-and-conditions_CZ_2026.pdf%5C%22%3E%3Cb%3EV%C5%A0EOBECN%C3%89%20OBCHODN%C3%8D%20PODM%C3%8DNKY%3C%2Fb%3E%3C%2Fa%3E%22%2C%22image_carousel%22%3A%2211835%22%2C%22link_carousel%22%3A%22url%3A%2523promo-contactus%7Ctitle%3AKONTAKTUJTE%2520N%25C3%2581S%2520PRO%2520OBJEDN%25C3%2581VKU%22%2C%22select_type%22%3A%22link%22%2C%22link_download%22%3A%22url%3A%2523promo-contactus%22%7D%5D&#8221;][vc_empty_space][\/vc_column][\/vc_row][vc_row full_width=&#8221;electroluxpro-full-width-no-padding&#8221;][vc_column][elx_promo_2_3_columns_and_icons bgcolor=&#8221;bg-row-light-blue&#8221; colnumber=&#8221;3&#8243; title=&#8221;ecostore, spr\u00e1vn\u00e1 volba&#8221; col1_icon=&#8221;elx-icon icon-circle-capacity-blue&#8221; col1_title=&#8221;Zv\u00fd\u0161en\u00e1 kapacita&#8221; col1_text=&#8221;Chladic\u00ed sk\u0159\u00edn\u011b ecostore nab\u00edzej\u00ed v pr\u016fm\u011bru o 50 litr\u016f v\u00edce prostoru ne\u017e srovnateln\u00e9 modely na trhu&#8221; col2_icon=&#8221;elx-icon icon-circle-easy-blue&#8221; col2_title=&#8221;Jednoduch\u00e9 \u010di\u0161t\u011bn\u00ed&#8221; col2_text=&#8221;Vnit\u0159n\u00ed komora m\u00e1 zaoblen\u00e9 hrany a snadno vyj\u00edmateln\u00e9 police a vod\u00edc\u00ed li\u0161ty.&#8221; col3_icon=&#8221;elx-icon icon-savings-energy&#8221; col3_title=&#8221;Optim\u00e1ln\u00ed v\u00fdkon&#8221; col3_text=&#8221;Maxim\u00e1ln\u00ed sn\u00ed\u017een\u00ed spot\u0159eby energie d\u00edky odpa\u0159ov\u00e1n\u00ed kondenz\u00e1tu hork\u00fdm plynem a 3komorov\u00e9mu t\u011bsn\u011bn\u00ed dve\u0159\u00ed.&#8221;][\/vc_column][\/vc_row][vc_row full_width=&#8221;electroluxpro-full-width-no-padding&#8221;][vc_column][elx_promo_2_3_columns_and_icons bgcolor=&#8221;bg-row-sustainability-green&#8221; title=&#8221;Rychlej\u0161\u00ed n\u00e1vratnost investic s Green Spirit&#8221; col1_icon=&#8221;elx-icon icon-circle-savings-green-blue&#8221; col1_title=&#8221;V\u011bt\u0161\u00ed \u00faspora energie&#8221; col1_text=&#8221;Spot\u0159ebujte m\u00e9n\u011b energie d\u00edky chladivu R290 a izolaci o tlou\u0161\u0165ce 75 mm.&#8221; col2_icon=&#8221;elx-icon icon-circle-star-perfomance-blue&#8221; col2_title=&#8221;Maxim\u00e1ln\u00ed \u00fa\u010dinnost&#8221; col2_text=&#8221;Kondenz\u00e1tor s dr\u00e1t\u011bn\u00fdm r\u00e1mem \u201eClean Free\u201c a vysoce v\u00fdkonn\u00e9 komponenty zaru\u010duj\u00ed \u0161pi\u010dkovou \u00fa\u010dinnost.&#8221;][\/vc_column][\/vc_row][vc_row full_width=&#8221;electroluxpro-full-width-no-padding&#8221;][vc_column][elx_promo_download_leaflet bg_row=&#8221;bg-light-grey&#8221; style_image=&#8221;image_square&#8221; title=&#8221;St\u00e1hn\u011bte si propaga\u010dn\u00ed let\u00e1k pro v\u00edce informac\u00ed&#8221; single_image=&#8221;14868&#8243; link_download=&#8221;url:https%3A%2F%2Fwww.electroluxprofessional.com%2Fcz%2Fwp-content%2Fuploads%2F2026%2F03%2FRefrigeration-promotion-leaflet-2026-CZ.pdf|title:ST%C3%81HNOUT%20PDF|target:_blank&#8221;]<span style=\"color: #808080;\">Let\u00e1k poskytuje komplexn\u00ed podrobnosti a pohledy na propagaci, co\u017e v\u00e1m pom\u016f\u017ee l\u00e9pe porozum\u011bt nab\u00eddce a jej\u00edm v\u00fdhod\u00e1m.<\/span>[\/elx_promo_download_leaflet][vc_empty_space][\/vc_column][\/vc_row][vc_row full_width=&#8221;electroluxpro-full-width-no-padding&#8221; el_id=&#8221;product&#8221;][vc_column][elx_promo_products_showcase order_col1=&#8221;1&#8243; image_col1=&#8221;11723&#8243; order_col2=&#8221;2&#8243; image_col2=&#8221;11725&#8243; order_col3=&#8221;3&#8243; bg_color=&#8221;bg-light-grey&#8221; title=&#8221;Speci\u00e1ln\u00ed cena a rychl\u00e9 dod\u00e1n\u00ed jen pro v\u00e1s&#8221; title_col1=&#8221;Digit\u00e1ln\u00ed chladic\u00ed<br \/>\nsk\u0159\u00ed\u0148 670 l,<br \/>\n1 pln\u00e9 dve\u0159e&#8221; prodcode_col1=&#8221;725377&#8243; price_col1=&#8221;K\u010d 40.600,-&#8221; link_col1=&#8221;url:https%3A%2F%2Ftools.electroluxprofessional.com%2FMirror%2FDoc%2FMAD2%2FElectrolux%2520Professional%2FCzech%2FCZ_725377_Promo%2520Ecostore%2520670_R290.pdf%3Fversion%3D1712914336|title:Technick%C3%BD%20list|target:_blank&#8221; title_col2=&#8221;Digit\u00e1ln\u00ed mrazic\u00ed<br \/>\nsk\u0159\u00ed\u0148 670 l,<br \/>\n1 pln\u00e9 dve\u0159e&#8221; prodcode_col2=&#8221;725378&#8243; price_col2=&#8221;K\u010d 48.800,-&#8221; link_col2=&#8221;url:https%3A%2F%2Ftools.electroluxprofessional.com%2FMirror%2FDoc%2FMAD2%2FElectrolux%2520Professional%2FCzech%2FCZ_725378_Promo%2520Ecostore%2520670l%2520R290.pdf%3Fversion%3D1712914379|title:Technick%C3%BD%20list|target:_blank&#8221; link_col3=&#8221;url:https%3A%2F%2Ftools.electroluxprofessional.com%2FMirror%2FDoc%2FMAD2%2FElectrolux%2520Professional%2FEnglish%2F725367_1%2520Door%2520Digital%2520Refrigerator%2C%2520670lt%2520(-2_%2B10)%2520R290%2520EE%2520ONLY.pdf%3Fversion%3D1709737377|title:View%20Product%20Data%20Sheet|target:_blank&#8221;][elx_promo_products_showcase order_col1=&#8221;2&#8243; image_col1=&#8221;11724&#8243; order_col2=&#8221;1&#8243; image_col2=&#8221;11726&#8243; order_col3=&#8221;3&#8243; bg_color=&#8221;bg-light-grey&#8221; title_col1=&#8221;Digit\u00e1ln\u00ed mrazic\u00ed<br \/>\nsk\u0159\u00ed\u0148 670 l,<br \/>\n1 pln\u00e9 dve\u0159e&#8221; prodcode_col1=&#8221;725376&#8243; price_col1=&#8221;K\u010d 54.500,-&#8221; link_col1=&#8221;url:https%3A%2F%2Ftools.electroluxprofessional.com%2FMirror%2FDoc%2FMAD2%2FElectrolux%2520Professional%2FCzech%2FCZ_725376_Promo%2520Ecostore%2520670%2520R290.pdf%3Fversion%3D1712914420|title:Technick%C3%BD%20list|target:_blank&#8221; title_col2=&#8221;Digit\u00e1ln\u00ed chladic\u00ed<br \/>\nsk\u0159\u00ed\u0148 670 l,<br \/>\n1 pln\u00e9 dve\u0159e&#8221; prodcode_col2=&#8221;725367&#8243; price_col2=&#8221;K\u010d 45.800,-&#8221; link_col2=&#8221;url:https%3A%2F%2Ftools.electroluxprofessional.com%2FMirror%2FDoc%2FMAD2%2FElectrolux%2520Professional%2FCzech%2FCZ_725367_PROMO%2520Ecostore%2520670_R290.pdf%3Fversion%3D1712914449|title:Technick%C3%BD%20list|target:_blank&#8221;][\/vc_column][\/vc_row][vc_row full_width=&#8221;electroluxpro-full-width-no-padding&#8221;][vc_column][vc_empty_space][elx_promo_why_2_3_columns_texts_icons bgcolor=&#8221;bg-row-light-blue&#8221; colnumber=&#8221;3&#8243; title=&#8221;Pro\u010d si pro sv\u00e9 podnik\u00e1n\u00ed vybrat Electrolux Professional&#8221; col1_icon=&#8221;elx-icon icon-circle-checkmark-blue&#8221; col1_title=&#8221;P\u00e9\u010de o z\u00e1kazn\u00edky Essentia&#8221; col1_text=&#8221;Specializovan\u00e1 slu\u017eba, kter\u00e1 se stane prvo\u0159adou pro va\u0161i konkuren\u010dn\u00ed v\u00fdhodu.&#8221; col2_icon=&#8221;elx-icon icon-circle-checkmark-blue&#8221; col2_title=&#8221;P\u0159\u00edslu\u0161enstv\u00ed a spot\u0159ebn\u00ed materi\u00e1l&#8221; col2_text=&#8221;Spolehn\u011bte se na rychl\u00e9 dod\u00e1n\u00ed autentick\u00e9ho p\u0159\u00edslu\u0161enstv\u00ed a spot\u0159ebn\u00edho materi\u00e1lu pro odolnost, v\u00fdkon a bezpe\u010dnost u\u017eivatele.&#8221; col3_icon=&#8221;elx-icon icon-circle-checkmark-blue&#8221; col3_title=&#8221;N\u00e1hradn\u00ed d\u00edly&#8221; col3_text=&#8221;55 000 dostupn\u00fdch n\u00e1hradn\u00edch d\u00edl\u016f skladem, k dispozici minim\u00e1ln\u011b 10 let od ukon\u010den\u00ed v\u00fdroby. Celosv\u011btov\u00e1 expedice n\u00e1hradn\u00edch d\u00edl\u016f 24 \u2013 48 hodin.&#8221;][\/vc_column][\/vc_row][vc_row el_id=&#8221;promo-contactus&#8221;][vc_column][vc_empty_space][elx_o2000_contact_us s=&#8221;\u017d\u00e1dost o kontakt z webu&#8221; request_type=&#8221;&#8221; country=&#8221;Czech Republic&#8221; b=&#8221;food&#8221; promo_mode=&#8221;true&#8221; bgcolorcontact=&#8221;bg-light-grey&#8221; r=&#8221;R\u00e1d bych se dozv\u011bd\u011bl v\u00edce o promoakci na chlazen\u00ed. Pros\u00edm, kontaktujte mne.&#8221; title_promo=&#8221;Kontaktujte n\u00e1s a vyu\u017eijte tuto speci\u00e1ln\u00ed nab\u00eddku na maximum&#8221;][\/vc_column][\/vc_row][vc_row full_width=&#8221;electroluxpro-full-width-no-padding&#8221;][vc_column][vc_empty_space height=&#8221;40px&#8221;][elx_promo_other_promotions order_col1=&#8221;1&#8243; image_col1=&#8221;11668&#8243; order_col2=&#8221;2&#8243; image_col2=&#8221;11651&#8243; order_col3=&#8221;4&#8243; order_col4=&#8221;3&#8243; image_col4=&#8221;11648&#8243; bg_row=&#8221;bg-row-light-blue&#8221; title=&#8221;Dal\u0161\u00ed ak\u010dn\u00ed nab\u00eddky&#8221; title_col1=&#8221;Myt\u00ed n\u00e1dob\u00ed&#8221; link_col1=&#8221;url:https%3A%2F%2Fwww.electroluxprofessional.com%2Fcz%2Fpromoakce-mycky-2025-akcni-ceny-sleva%2F|title:Objevte%20v%C3%ADce|target:_blank&#8221; title_col2=&#8221;Cook&amp;Chill&#8221; link_col2=&#8221;url:https%3A%2F%2Fwww.electroluxprofessional.com%2Fcz%2Fpromoakce-cook-chill-2026-akcni-ceny-sleva|title:Objevte%20v%C3%ADce|target:_blank&#8221; link_col3=&#8221;title:Objevte%20v%C3%ADce|target:_blank&#8221; link_col4=&#8221;url:https%3A%2F%2Fwww.electroluxprofessional.com%2Fcz%2Fpromoakce-profesionalni-varna-zarizeni-2026-akcni-ceny-sleva|title:Objevte%20v%C3%ADce|target:_blank&#8221; title_col4=&#8221;Profesion\u00e1ln\u00ed varn\u00e1 za\u0159\u00edzen\u00ed&#8221;][vc_empty_space height=&#8221;40px&#8221;][\/vc_column][\/vc_row]<\/p>\n","protected":false},"excerpt":{"rendered":"<p>[vc_row full_width=&#8221;electroluxpro-full-width-no-padding&#8221;][vc_column][elx_promo_top_banner title=&#8221;Efektivita, v\u00fdkon a \u00faspory s ecostore R290&#8243; carousel=&#8221;%5B%7B%22title_carousel%22%3A%22Chladic%C3%AD%20a%20mrazic%C3%AD%20sk%C5%99%C3%ADn%C4%9B%20ecostore%20R290%22%2C%22text_carousel%22%3A%22Vyberte%20si%20z%20nab%C3%ADdky%20Electrolux%20Professional%20za%20speci%C3%A1ln%C3%AD%20ceny.%5Cn%3Cbr%3E%3Cb%3EAk%C4%8Dn%C3%AD%20nab%C3%ADdka%20je%20platn%C3%A1%20do%2030.%20%C4%8Dervna%202026%5Cn%3Cbr%3E%3Cb%3Epro%20dod%C3%A1vky%20max.%20do%2031.%20srpna%202026%5Cn%3Cbr%3E%5Cn%3Cbr%3E*prohl%C3%A9dnout%20%3Ca%20href%3D%5C%22https%3A%2F%2Fwww.electroluxprofessional.com%2Fcz%2Fwp-content%2Fuploads%2F2026%2F02%2FElectrolux-Professional-Terms-and-conditions_CZ_2026.pdf%5C%22%3E%3Cb%3EV%C5%A0EOBECN%C3%89%20OBCHODN%C3%8D%20PODM%C3%8DNKY%3C%2Fb%3E%3C%2Fa%3E%22%2C%22image_carousel%22%3A%2211726%22%2C%22link_carousel%22%3A%22url%3A%2523promo-contactus%7Ctitle%3AKONTAKTUJTE%2520N%25C3%2581S%2520PRO%2520OBJEDN%25C3%2581VKU%22%2C%22select_type%22%3A%22link%22%7D%2C%7B%22title_carousel%22%3A%22Chladic%C3%AD%20a%20mrazic%C3%AD%20sk%C5%99%C3%ADn%C4%9B%20ecostore%20R290%22%2C%22text_carousel%22%3A%22Vyberte%20si%20z%20nab%C3%ADdky%20Electrolux%20Professional%20za%20speci%C3%A1ln%C3%AD%20ceny.%5Cn%3Cbr%3E%3Cb%3EAk%C4%8Dn%C3%AD%20nab%C3%ADdka%20je%20platn%C3%A1%20do%2030.%20%C4%8Dervna%202026%5Cn%3Cbr%3E%3Cb%3Epro%20dod%C3%A1vky%20max.%20do%2031.%20srpna%202026%5Cn%3Cbr%3E%5Cn%3Cbr%3E*prohl%C3%A9dnout%20%3Ca%20href%3D%5C%22https%3A%2F%2Fwww.electroluxprofessional.com%2Fcz%2Fwp-content%2Fuploads%2F2026%2F02%2FElectrolux-Professional-Terms-and-conditions_CZ_2026.pdf%5C%22%3E%3Cb%3EV%C5%A0EOBECN%C3%89%20OBCHODN%C3%8D%20PODM%C3%8DNKY%3C%2Fb%3E%3C%2Fa%3E%22%2C%22image_carousel%22%3A%2211835%22%2C%22link_carousel%22%3A%22url%3A%2523promo-contactus%7Ctitle%3AKONTAKTUJTE%2520N%25C3%2581S%2520PRO%2520OBJEDN%25C3%2581VKU%22%2C%22select_type%22%3A%22link%22%2C%22link_download%22%3A%22url%3A%2523promo-contactus%22%7D%5D&#8221;][vc_empty_space][\/vc_column][\/vc_row][vc_row full_width=&#8221;electroluxpro-full-width-no-padding&#8221;][vc_column][elx_promo_2_3_columns_and_icons bgcolor=&#8221;bg-row-light-blue&#8221; colnumber=&#8221;3&#8243; title=&#8221;ecostore, spr\u00e1vn\u00e1 volba&#8221; col1_icon=&#8221;elx-icon icon-circle-capacity-blue&#8221; col1_title=&#8221;Zv\u00fd\u0161en\u00e1 kapacita&#8221; col1_text=&#8221;Chladic\u00ed sk\u0159\u00edn\u011b ecostore nab\u00edzej\u00ed v pr\u016fm\u011bru o 50 litr\u016f v\u00edce prostoru ne\u017e srovnateln\u00e9 modely na trhu&#8221; col2_icon=&#8221;elx-icon icon-circle-easy-blue&#8221; col2_title=&#8221;Jednoduch\u00e9 \u010di\u0161t\u011bn\u00ed&#8221; col2_text=&#8221;Vnit\u0159n\u00ed komora m\u00e1 zaoblen\u00e9 hrany a snadno vyj\u00edmateln\u00e9 police a vod\u00edc\u00ed li\u0161ty.&#8221; col3_icon=&#8221;elx-icon icon-savings-energy&#8221; col3_title=&#8221;Optim\u00e1ln\u00ed [&hellip;]<\/p>\n","protected":false},"author":197,"featured_media":0,"parent":0,"menu_order":0,"comment_status":"closed","ping_status":"closed","template":"template-promo.php","meta":{"footnotes":""},"class_list":["post-14659","page","type-page","status-publish","hentry"],"acf":[],"yoast_head":"<!-- This site is optimized with the Yoast SEO plugin v23.3 - https:\/\/yoast.com\/wordpress\/plugins\/seo\/ -->\n<title>Promoakce chlazen\u00ed 2026 - ak\u010dn\u00ed ceny - Electrolux Professional \u010cesk\u00e1 republika<\/title>\n<meta name=\"description\" content=\"Ak\u010dn\u00ed ceny chlazen\u00ed. Vyberte si z nab\u00eddky Electrolux Professional za speci\u00e1ln\u00ed ceny.\" \/>\n<meta name=\"robots\" content=\"noindex, nofollow\" \/>\n<meta property=\"og:locale\" content=\"cs_CZ\" \/>\n<meta property=\"og:type\" content=\"article\" \/>\n<meta property=\"og:title\" content=\"Promoakce chlazen\u00ed 2026 - ak\u010dn\u00ed ceny - Electrolux Professional \u010cesk\u00e1 republika\" \/>\n<meta property=\"og:description\" content=\"Ak\u010dn\u00ed ceny chlazen\u00ed. Vyberte si z nab\u00eddky Electrolux Professional za speci\u00e1ln\u00ed ceny.\" \/>\n<meta property=\"og:url\" content=\"https:\/\/www.electroluxprofessional.com\/cz\/promoakce-chlazeni-2026-akcni-ceny-sleva\/\" \/>\n<meta property=\"og:site_name\" content=\"Electrolux Professional \u010cesk\u00e1 republika\" \/>\n<meta property=\"article:publisher\" content=\"https:\/\/www.facebook.com\/electroluxprofessional\" \/>\n<meta property=\"article:modified_time\" content=\"2026-04-09T08:39:22+00:00\" \/>\n<meta name=\"twitter:card\" content=\"summary_large_image\" \/>\n<meta name=\"twitter:site\" content=\"@ElectroluxPro\" \/>\n<meta name=\"twitter:label1\" content=\"Odhadovan\u00e1 doba \u010dten\u00ed\" \/>\n\t<meta name=\"twitter:data1\" content=\"4 minuty\" \/>\n<script type=\"application\/ld+json\" class=\"yoast-schema-graph\">{\"@context\":\"https:\/\/schema.org\",\"@graph\":[{\"@type\":\"WebPage\",\"@id\":\"https:\/\/www.electroluxprofessional.com\/cz\/promoakce-chlazeni-2026-akcni-ceny-sleva\/\",\"url\":\"https:\/\/www.electroluxprofessional.com\/cz\/promoakce-chlazeni-2026-akcni-ceny-sleva\/\",\"name\":\"Promoakce chlazen\u00ed 2026 - ak\u010dn\u00ed ceny - Electrolux Professional \u010cesk\u00e1 republika\",\"isPartOf\":{\"@id\":\"https:\/\/www.electroluxprofessional.com\/cz\/#website\"},\"datePublished\":\"2026-04-02T09:41:28+00:00\",\"dateModified\":\"2026-04-09T08:39:22+00:00\",\"description\":\"Ak\u010dn\u00ed ceny chlazen\u00ed. Vyberte si z nab\u00eddky Electrolux Professional za speci\u00e1ln\u00ed ceny.\",\"breadcrumb\":{\"@id\":\"https:\/\/www.electroluxprofessional.com\/cz\/promoakce-chlazeni-2026-akcni-ceny-sleva\/#breadcrumb\"},\"inLanguage\":\"cs\",\"potentialAction\":[{\"@type\":\"ReadAction\",\"target\":[\"https:\/\/www.electroluxprofessional.com\/cz\/promoakce-chlazeni-2026-akcni-ceny-sleva\/\"]}]},{\"@type\":\"BreadcrumbList\",\"@id\":\"https:\/\/www.electroluxprofessional.com\/cz\/promoakce-chlazeni-2026-akcni-ceny-sleva\/#breadcrumb\",\"itemListElement\":[{\"@type\":\"ListItem\",\"position\":1,\"name\":\"Home\",\"item\":\"https:\/\/www.electroluxprofessional.com\/cz\/\"},{\"@type\":\"ListItem\",\"position\":2,\"name\":\"Promoakce chlazen\u00ed 2026 &#8211; ak\u010dn\u00ed ceny\"}]},{\"@type\":\"WebSite\",\"@id\":\"https:\/\/www.electroluxprofessional.com\/cz\/#website\",\"url\":\"https:\/\/www.electroluxprofessional.com\/cz\/\",\"name\":\"Electrolux Professional \u010cesk\u00e1 republika\",\"description\":\"\",\"potentialAction\":[{\"@type\":\"SearchAction\",\"target\":{\"@type\":\"EntryPoint\",\"urlTemplate\":\"https:\/\/www.electroluxprofessional.com\/cz\/?src={search_term_string}\"},\"query-input\":\"required name=search_term_string\"}],\"inLanguage\":\"cs\"}]}<\/script>\n<!-- \/ Yoast SEO plugin. -->","yoast_head_json":{"title":"Promoakce chlazen\u00ed 2026 - ak\u010dn\u00ed ceny - Electrolux Professional \u010cesk\u00e1 republika","description":"Ak\u010dn\u00ed ceny chlazen\u00ed. Vyberte si z nab\u00eddky Electrolux Professional za speci\u00e1ln\u00ed ceny.","robots":{"index":"noindex","follow":"nofollow"},"og_locale":"cs_CZ","og_type":"article","og_title":"Promoakce chlazen\u00ed 2026 - ak\u010dn\u00ed ceny - Electrolux Professional \u010cesk\u00e1 republika","og_description":"Ak\u010dn\u00ed ceny chlazen\u00ed. Vyberte si z nab\u00eddky Electrolux Professional za speci\u00e1ln\u00ed ceny.","og_url":"https:\/\/www.electroluxprofessional.com\/cz\/promoakce-chlazeni-2026-akcni-ceny-sleva\/","og_site_name":"Electrolux Professional \u010cesk\u00e1 republika","article_publisher":"https:\/\/www.facebook.com\/electroluxprofessional","article_modified_time":"2026-04-09T08:39:22+00:00","twitter_card":"summary_large_image","twitter_site":"@ElectroluxPro","twitter_misc":{"Odhadovan\u00e1 doba \u010dten\u00ed":"4 minuty"},"schema":{"@context":"https:\/\/schema.org","@graph":[{"@type":"WebPage","@id":"https:\/\/www.electroluxprofessional.com\/cz\/promoakce-chlazeni-2026-akcni-ceny-sleva\/","url":"https:\/\/www.electroluxprofessional.com\/cz\/promoakce-chlazeni-2026-akcni-ceny-sleva\/","name":"Promoakce chlazen\u00ed 2026 - ak\u010dn\u00ed ceny - Electrolux Professional \u010cesk\u00e1 republika","isPartOf":{"@id":"https:\/\/www.electroluxprofessional.com\/cz\/#website"},"datePublished":"2026-04-02T09:41:28+00:00","dateModified":"2026-04-09T08:39:22+00:00","description":"Ak\u010dn\u00ed ceny chlazen\u00ed. Vyberte si z nab\u00eddky Electrolux Professional za speci\u00e1ln\u00ed ceny.","breadcrumb":{"@id":"https:\/\/www.electroluxprofessional.com\/cz\/promoakce-chlazeni-2026-akcni-ceny-sleva\/#breadcrumb"},"inLanguage":"cs","potentialAction":[{"@type":"ReadAction","target":["https:\/\/www.electroluxprofessional.com\/cz\/promoakce-chlazeni-2026-akcni-ceny-sleva\/"]}]},{"@type":"BreadcrumbList","@id":"https:\/\/www.electroluxprofessional.com\/cz\/promoakce-chlazeni-2026-akcni-ceny-sleva\/#breadcrumb","itemListElement":[{"@type":"ListItem","position":1,"name":"Home","item":"https:\/\/www.electroluxprofessional.com\/cz\/"},{"@type":"ListItem","position":2,"name":"Promoakce chlazen\u00ed 2026 &#8211; ak\u010dn\u00ed ceny"}]},{"@type":"WebSite","@id":"https:\/\/www.electroluxprofessional.com\/cz\/#website","url":"https:\/\/www.electroluxprofessional.com\/cz\/","name":"Electrolux Professional \u010cesk\u00e1 republika","description":"","potentialAction":[{"@type":"SearchAction","target":{"@type":"EntryPoint","urlTemplate":"https:\/\/www.electroluxprofessional.com\/cz\/?src={search_term_string}"},"query-input":"required name=search_term_string"}],"inLanguage":"cs"}]}},"_links":{"self":[{"href":"https:\/\/www.electroluxprofessional.com\/cz\/wp-json\/wp\/v2\/pages\/14659"}],"collection":[{"href":"https:\/\/www.electroluxprofessional.com\/cz\/wp-json\/wp\/v2\/pages"}],"about":[{"href":"https:\/\/www.electroluxprofessional.com\/cz\/wp-json\/wp\/v2\/types\/page"}],"author":[{"embeddable":true,"href":"https:\/\/www.electroluxprofessional.com\/cz\/wp-json\/wp\/v2\/users\/197"}],"replies":[{"embeddable":true,"href":"https:\/\/www.electroluxprofessional.com\/cz\/wp-json\/wp\/v2\/comments?post=14659"}],"version-history":[{"count":7,"href":"https:\/\/www.electroluxprofessional.com\/cz\/wp-json\/wp\/v2\/pages\/14659\/revisions"}],"predecessor-version":[{"id":15240,"href":"https:\/\/www.electroluxprofessional.com\/cz\/wp-json\/wp\/v2\/pages\/14659\/revisions\/15240"}],"wp:attachment":[{"href":"https:\/\/www.electroluxprofessional.com\/cz\/wp-json\/wp\/v2\/media?parent=14659"}],"curies":[{"name":"wp","href":"https:\/\/api.w.org\/{rel}","templated":true}]}}