{"id":1402,"date":"2017-02-06T20:27:55","date_gmt":"2017-02-06T19:27:55","guid":{"rendered":"https:\/\/www.electroluxprofessional.com\/cz\/?page_id=1402"},"modified":"2024-07-01T12:57:40","modified_gmt":"2024-07-01T12:57:40","slug":"libero-line","status":"publish","type":"page","link":"https:\/\/www.electroluxprofessional.com\/cz\/libero-line\/","title":{"rendered":"Libero line"},"content":{"rendered":"<p>[vc_row full_width=&#8221;electroluxpro-full-width-no-padding&#8221; equal_height=&#8221;yes&#8221;][vc_column width=&#8221;2\/3&#8243;][elx_image_block background_image=&#8221;606&#8243; minimum_height=&#8221;500px&#8221;][\/vc_column][vc_column width=&#8221;1\/3&#8243;][elx_image_block background_image=&#8221;607&#8243; minimum_height=&#8221;500px&#8221;][\/vc_column][\/vc_row][vc_row][vc_column][vc_empty_space][\/vc_column][\/vc_row][vc_row full_width=&#8221;electroluxpro-full-width-no-padding&#8221;][vc_column width=&#8221;1\/2&#8243;][elx_simple_block background_color=&#8221;inherit&#8221;][elx_heading font_container=&#8221;h1&#8243; font_size=&#8221;h3&#8243; text_color=&#8221;inherit&#8221;]Libero Line[\/elx_heading][elx_heading font_container=&#8221;h3&#8243; text_color=&#8221;inherit&#8221;]Front cooking pro ka\u017ed\u00fd prostor a pro n\u00e1ro\u010dn\u00e9 hosty[\/elx_heading][vc_column_text]P\u0159ipravte Va\u0161e pokrmy p\u0159\u00edmo p\u0159ed zraky z\u00e1kazn\u00edk\u016f. Od jednoduch\u00fdch j\u00eddel &#8220;do ruky&#8221; a\u017e po ty nejvybran\u011bj\u0161\u00ed pokrmy.[\/vc_column_text][vc_column_text]<strong>Vestav\u011bn\u00fd ods\u00e1vac\u00ed syst\u00e9m Anti-Odour System<\/strong> udr\u017e\u00ed b\u011bhem va\u0159en\u00ed p\u00e1ry \u00a0v omezen\u00e9m prostoru a nenech\u00e1 nedobrovoln\u011b obt\u011b\u017eovat Va\u0161e hosty necht\u011bn\u00fdmi v\u016fn\u011bmi z rozp\u00e1len\u00fdch p\u00e1nv\u00ed[\/vc_column_text][vc_single_image image=&#8221;616&#8243; img_size=&#8221;full&#8221;][elx_heading font_container=&#8221;h3&#8243; text_color=&#8221;inherit&#8221;]Libero Point<br \/>\ns chlazen\u00fdmi z\u00e1suvkami[\/elx_heading][vc_column_text]<\/p>\n<ul>\n<li><del><\/del>Pouze jeden centr\u00e1ln\u00ed p\u0159\u00edvod\u00a0380V\/3N\/50Hz<\/li>\n<li>\u017e\u00e1dn\u00e9 napojen\u00ed na odpad<\/li>\n<li>Objem: 30 litr\u016f ka\u017ed\u00e1 z\u00e1suvka<\/li>\n<li>Neutr\u00e1ln\u00ed z\u00e1suvky jako extra p\u0159\u00edslu\u0161enstv\u00ed<\/li>\n<\/ul>\n<p>[\/vc_column_text][\/elx_simple_block][\/vc_column][vc_column width=&#8221;1\/2&#8243;][vc_single_image image=&#8221;617&#8243; img_size=&#8221;573&#215;730&#8243; css=&#8221;.vc_custom_1469448908398{padding-top: 60px !important;}&#8221;][\/vc_column][\/vc_row][vc_row][vc_column width=&#8221;1\/3&#8243;][elx_heading font_container=&#8221;h3&#8243; text_color=&#8221;inherit&#8221;]<strong>Op\u00e9kac\u00ed desky<\/strong>[\/elx_heading][vc_column_text]<\/p>\n<ul>\n<li>P\u0159ipravte grilovan\u00e9 pokrmy b\u011bhem okam\u017eiku. Rychl\u00fd n\u00e1b\u011bh z 20\u00b0C na 265\u00b0C za m\u00e9n\u011b ne\u017e 15 minut<\/li>\n<li>Maxim\u00e1ln\u00ed rovnom\u011brnost rozlo\u017een\u00ed teploty a p\u0159esn\u00e1 regulace nastaven\u00ed<\/li>\n<li>\u010ci\u0161t\u011bn\u00ed pomoc\u00ed speci\u00e1ln\u00ed \u0161krabky na chromovan\u00e9 povrchy<\/li>\n<\/ul>\n<p>[\/vc_column_text][\/vc_column][vc_column width=&#8221;1\/3&#8243;][elx_heading font_container=&#8221;h3&#8243; text_color=&#8221;inherit&#8221;]<strong>Induk\u010dn\u00ed WOK<\/strong>[\/elx_heading][vc_column_text]<\/p>\n<ul>\n<li>Maxim\u00e1ln\u00ed energetick\u00e1 \u00fa\u010dinnost, automatick\u00e1 detekce um\u00edst\u011bn\u00ed p\u00e1nve do WOKu a okam\u017eit\u00fd p\u0159enos energie do dna p\u00e1nve\/n\u00e1doby.<\/li>\n<li>P\u0159enos energie skrze magnetick\u00e9\/induk\u010dn\u00ed pole, \u017e\u00e1dn\u00e9 vyza\u0159ovan\u00e9 teplo<\/li>\n<\/ul>\n<p>[\/vc_column_text][\/vc_column][vc_column width=&#8221;1\/3&#8243;][elx_heading font_container=&#8221;h3&#8243; text_color=&#8221;inherit&#8221;]<strong>Induk\u010dn\u00ed deska<\/strong>[\/elx_heading][vc_column_text]<\/p>\n<ul>\n<li>Vy\u0161\u0161\u00ed \u00fa\u010dinnost a ni\u017e\u0161\u00ed provozn\u00ed n\u00e1klady (a\u017e o 60%) ve srovn\u00e1n\u00ed s klasickou sklokeramickou varnou deskou<\/li>\n<li>Odoln\u00e1 varn\u00e1 deska vsazen\u00e1 a ut\u011bsn\u011bn\u00e1 do nerezov\u00e9ho t\u011bla (AISI 304)<\/li>\n<li>Ovl\u00e1d\u00e1n\u00ed ka\u017ed\u00e9 z\u00f3ny p\u0159es dotykovou tastaturu &#8211; digit\u00e1ln\u00ed displej zobrazuj\u00edc\u00ed v\u00fdkonov\u00fd stupe\u0148<\/li>\n<\/ul>\n<p>[\/vc_column_text][\/vc_column][\/vc_row][vc_row][vc_column][elx_heading text_color=&#8221;inherit&#8221;]Chcete se dozv\u011bd\u011bt v\u00edce? Nev\u00e1hejte n\u00e1s kontaktovat.[\/elx_heading][elx_o2000_contact_us s=&#8221;Po\u017eadavek z webov\u00fdch str\u00e1nek&#8221; country=&#8221;Czech Republic&#8221; container=&#8221;elxcontactus1497376426&#8243; r=&#8221;M\u00edsto pro va\u0161i zpr\u00e1vu&#8230;&#8221; l=&#8221;cz&#8221;][\/vc_column][\/vc_row]<\/p>\n","protected":false},"excerpt":{"rendered":"<p>[vc_row full_width=&#8221;electroluxpro-full-width-no-padding&#8221; equal_height=&#8221;yes&#8221;][vc_column width=&#8221;2\/3&#8243;][elx_image_block background_image=&#8221;606&#8243; minimum_height=&#8221;500px&#8221;][\/vc_column][vc_column width=&#8221;1\/3&#8243;][elx_image_block background_image=&#8221;607&#8243; minimum_height=&#8221;500px&#8221;][\/vc_column][\/vc_row][vc_row][vc_column][vc_empty_space][\/vc_column][\/vc_row][vc_row full_width=&#8221;electroluxpro-full-width-no-padding&#8221;][vc_column width=&#8221;1\/2&#8243;][elx_simple_block background_color=&#8221;inherit&#8221;][elx_heading font_container=&#8221;h1&#8243; font_size=&#8221;h3&#8243; text_color=&#8221;inherit&#8221;]Libero Line[\/elx_heading][elx_heading font_container=&#8221;h3&#8243; text_color=&#8221;inherit&#8221;]Front cooking pro ka\u017ed\u00fd prostor a pro n\u00e1ro\u010dn\u00e9 hosty[\/elx_heading][vc_column_text]P\u0159ipravte Va\u0161e pokrmy p\u0159\u00edmo p\u0159ed zraky z\u00e1kazn\u00edk\u016f. Od jednoduch\u00fdch j\u00eddel &#8220;do ruky&#8221; a\u017e po ty nejvybran\u011bj\u0161\u00ed pokrmy.[\/vc_column_text][vc_column_text]Vestav\u011bn\u00fd ods\u00e1vac\u00ed syst\u00e9m Anti-Odour System udr\u017e\u00ed b\u011bhem va\u0159en\u00ed p\u00e1ry \u00a0v omezen\u00e9m prostoru a nenech\u00e1 [&hellip;]<\/p>\n","protected":false},"author":3,"featured_media":0,"parent":0,"menu_order":0,"comment_status":"closed","ping_status":"closed","template":"","meta":{"footnotes":""},"class_list":["post-1402","page","type-page","status-publish","hentry"],"acf":[],"yoast_head":"<!-- This site is optimized with the Yoast SEO plugin v23.3 - https:\/\/yoast.com\/wordpress\/plugins\/seo\/ -->\n<title>Libero line - Electrolux Professional \u010cesk\u00e1 republika<\/title>\n<meta name=\"robots\" content=\"index, follow, max-snippet:-1, max-image-preview:large, max-video-preview:-1\" \/>\n<link rel=\"canonical\" href=\"https:\/\/www.electroluxprofessional.com\/cz\/libero-line\/\" \/>\n<meta property=\"og:locale\" content=\"cs_CZ\" \/>\n<meta property=\"og:type\" content=\"article\" \/>\n<meta property=\"og:title\" content=\"Libero line - Electrolux Professional \u010cesk\u00e1 republika\" \/>\n<meta property=\"og:description\" content=\"[vc_row full_width=&#8221;electroluxpro-full-width-no-padding&#8221; equal_height=&#8221;yes&#8221;][vc_column width=&#8221;2\/3&#8243;][elx_image_block background_image=&#8221;606&#8243; minimum_height=&#8221;500px&#8221;][\/vc_column][vc_column width=&#8221;1\/3&#8243;][elx_image_block background_image=&#8221;607&#8243; minimum_height=&#8221;500px&#8221;][\/vc_column][\/vc_row][vc_row][vc_column][vc_empty_space][\/vc_column][\/vc_row][vc_row full_width=&#8221;electroluxpro-full-width-no-padding&#8221;][vc_column width=&#8221;1\/2&#8243;][elx_simple_block background_color=&#8221;inherit&#8221;][elx_heading font_container=&#8221;h1&#8243; font_size=&#8221;h3&#8243; text_color=&#8221;inherit&#8221;]Libero Line[\/elx_heading][elx_heading font_container=&#8221;h3&#8243; text_color=&#8221;inherit&#8221;]Front cooking pro ka\u017ed\u00fd prostor a pro n\u00e1ro\u010dn\u00e9 hosty[\/elx_heading][vc_column_text]P\u0159ipravte Va\u0161e pokrmy p\u0159\u00edmo p\u0159ed zraky z\u00e1kazn\u00edk\u016f. Od jednoduch\u00fdch j\u00eddel &#8220;do ruky&#8221; a\u017e po ty nejvybran\u011bj\u0161\u00ed pokrmy.[\/vc_column_text][vc_column_text]Vestav\u011bn\u00fd ods\u00e1vac\u00ed syst\u00e9m Anti-Odour System udr\u017e\u00ed b\u011bhem va\u0159en\u00ed p\u00e1ry \u00a0v omezen\u00e9m prostoru a nenech\u00e1 [&hellip;]\" \/>\n<meta property=\"og:url\" content=\"https:\/\/www.electroluxprofessional.com\/cz\/libero-line\/\" \/>\n<meta property=\"og:site_name\" content=\"Electrolux Professional \u010cesk\u00e1 republika\" \/>\n<meta property=\"article:publisher\" content=\"https:\/\/www.facebook.com\/electroluxprofessional\" \/>\n<meta property=\"article:modified_time\" content=\"2024-07-01T12:57:40+00:00\" \/>\n<meta name=\"twitter:card\" content=\"summary_large_image\" \/>\n<meta name=\"twitter:site\" content=\"@ElectroluxPro\" \/>\n<meta name=\"twitter:label1\" content=\"Odhadovan\u00e1 doba \u010dten\u00ed\" \/>\n\t<meta name=\"twitter:data1\" content=\"3 minuty\" \/>\n<script type=\"application\/ld+json\" class=\"yoast-schema-graph\">{\"@context\":\"https:\/\/schema.org\",\"@graph\":[{\"@type\":\"WebPage\",\"@id\":\"https:\/\/www.electroluxprofessional.com\/cz\/libero-line\/\",\"url\":\"https:\/\/www.electroluxprofessional.com\/cz\/libero-line\/\",\"name\":\"Libero line - Electrolux Professional \u010cesk\u00e1 republika\",\"isPartOf\":{\"@id\":\"https:\/\/www.electroluxprofessional.com\/cz\/#website\"},\"datePublished\":\"2017-02-06T19:27:55+00:00\",\"dateModified\":\"2024-07-01T12:57:40+00:00\",\"breadcrumb\":{\"@id\":\"https:\/\/www.electroluxprofessional.com\/cz\/libero-line\/#breadcrumb\"},\"inLanguage\":\"cs\",\"potentialAction\":[{\"@type\":\"ReadAction\",\"target\":[\"https:\/\/www.electroluxprofessional.com\/cz\/libero-line\/\"]}]},{\"@type\":\"BreadcrumbList\",\"@id\":\"https:\/\/www.electroluxprofessional.com\/cz\/libero-line\/#breadcrumb\",\"itemListElement\":[{\"@type\":\"ListItem\",\"position\":1,\"name\":\"Home\",\"item\":\"https:\/\/www.electroluxprofessional.com\/cz\/\"},{\"@type\":\"ListItem\",\"position\":2,\"name\":\"Libero line\"}]},{\"@type\":\"WebSite\",\"@id\":\"https:\/\/www.electroluxprofessional.com\/cz\/#website\",\"url\":\"https:\/\/www.electroluxprofessional.com\/cz\/\",\"name\":\"Electrolux Professional \u010cesk\u00e1 republika\",\"description\":\"\",\"potentialAction\":[{\"@type\":\"SearchAction\",\"target\":{\"@type\":\"EntryPoint\",\"urlTemplate\":\"https:\/\/www.electroluxprofessional.com\/cz\/?src={search_term_string}\"},\"query-input\":\"required name=search_term_string\"}],\"inLanguage\":\"cs\"}]}<\/script>\n<!-- \/ Yoast SEO plugin. -->","yoast_head_json":{"title":"Libero line - Electrolux Professional \u010cesk\u00e1 republika","robots":{"index":"index","follow":"follow","max-snippet":"max-snippet:-1","max-image-preview":"max-image-preview:large","max-video-preview":"max-video-preview:-1"},"canonical":"https:\/\/www.electroluxprofessional.com\/cz\/libero-line\/","og_locale":"cs_CZ","og_type":"article","og_title":"Libero line - Electrolux Professional \u010cesk\u00e1 republika","og_description":"[vc_row full_width=&#8221;electroluxpro-full-width-no-padding&#8221; equal_height=&#8221;yes&#8221;][vc_column width=&#8221;2\/3&#8243;][elx_image_block background_image=&#8221;606&#8243; minimum_height=&#8221;500px&#8221;][\/vc_column][vc_column width=&#8221;1\/3&#8243;][elx_image_block background_image=&#8221;607&#8243; minimum_height=&#8221;500px&#8221;][\/vc_column][\/vc_row][vc_row][vc_column][vc_empty_space][\/vc_column][\/vc_row][vc_row full_width=&#8221;electroluxpro-full-width-no-padding&#8221;][vc_column width=&#8221;1\/2&#8243;][elx_simple_block background_color=&#8221;inherit&#8221;][elx_heading font_container=&#8221;h1&#8243; font_size=&#8221;h3&#8243; text_color=&#8221;inherit&#8221;]Libero Line[\/elx_heading][elx_heading font_container=&#8221;h3&#8243; text_color=&#8221;inherit&#8221;]Front cooking pro ka\u017ed\u00fd prostor a pro n\u00e1ro\u010dn\u00e9 hosty[\/elx_heading][vc_column_text]P\u0159ipravte Va\u0161e pokrmy p\u0159\u00edmo p\u0159ed zraky z\u00e1kazn\u00edk\u016f. Od jednoduch\u00fdch j\u00eddel &#8220;do ruky&#8221; a\u017e po ty nejvybran\u011bj\u0161\u00ed pokrmy.[\/vc_column_text][vc_column_text]Vestav\u011bn\u00fd ods\u00e1vac\u00ed syst\u00e9m Anti-Odour System udr\u017e\u00ed b\u011bhem va\u0159en\u00ed p\u00e1ry \u00a0v omezen\u00e9m prostoru a nenech\u00e1 [&hellip;]","og_url":"https:\/\/www.electroluxprofessional.com\/cz\/libero-line\/","og_site_name":"Electrolux Professional \u010cesk\u00e1 republika","article_publisher":"https:\/\/www.facebook.com\/electroluxprofessional","article_modified_time":"2024-07-01T12:57:40+00:00","twitter_card":"summary_large_image","twitter_site":"@ElectroluxPro","twitter_misc":{"Odhadovan\u00e1 doba \u010dten\u00ed":"3 minuty"},"schema":{"@context":"https:\/\/schema.org","@graph":[{"@type":"WebPage","@id":"https:\/\/www.electroluxprofessional.com\/cz\/libero-line\/","url":"https:\/\/www.electroluxprofessional.com\/cz\/libero-line\/","name":"Libero line - Electrolux Professional \u010cesk\u00e1 republika","isPartOf":{"@id":"https:\/\/www.electroluxprofessional.com\/cz\/#website"},"datePublished":"2017-02-06T19:27:55+00:00","dateModified":"2024-07-01T12:57:40+00:00","breadcrumb":{"@id":"https:\/\/www.electroluxprofessional.com\/cz\/libero-line\/#breadcrumb"},"inLanguage":"cs","potentialAction":[{"@type":"ReadAction","target":["https:\/\/www.electroluxprofessional.com\/cz\/libero-line\/"]}]},{"@type":"BreadcrumbList","@id":"https:\/\/www.electroluxprofessional.com\/cz\/libero-line\/#breadcrumb","itemListElement":[{"@type":"ListItem","position":1,"name":"Home","item":"https:\/\/www.electroluxprofessional.com\/cz\/"},{"@type":"ListItem","position":2,"name":"Libero line"}]},{"@type":"WebSite","@id":"https:\/\/www.electroluxprofessional.com\/cz\/#website","url":"https:\/\/www.electroluxprofessional.com\/cz\/","name":"Electrolux Professional \u010cesk\u00e1 republika","description":"","potentialAction":[{"@type":"SearchAction","target":{"@type":"EntryPoint","urlTemplate":"https:\/\/www.electroluxprofessional.com\/cz\/?src={search_term_string}"},"query-input":"required name=search_term_string"}],"inLanguage":"cs"}]}},"_links":{"self":[{"href":"https:\/\/www.electroluxprofessional.com\/cz\/wp-json\/wp\/v2\/pages\/1402"}],"collection":[{"href":"https:\/\/www.electroluxprofessional.com\/cz\/wp-json\/wp\/v2\/pages"}],"about":[{"href":"https:\/\/www.electroluxprofessional.com\/cz\/wp-json\/wp\/v2\/types\/page"}],"author":[{"embeddable":true,"href":"https:\/\/www.electroluxprofessional.com\/cz\/wp-json\/wp\/v2\/users\/3"}],"replies":[{"embeddable":true,"href":"https:\/\/www.electroluxprofessional.com\/cz\/wp-json\/wp\/v2\/comments?post=1402"}],"version-history":[{"count":13,"href":"https:\/\/www.electroluxprofessional.com\/cz\/wp-json\/wp\/v2\/pages\/1402\/revisions"}],"predecessor-version":[{"id":12328,"href":"https:\/\/www.electroluxprofessional.com\/cz\/wp-json\/wp\/v2\/pages\/1402\/revisions\/12328"}],"wp:attachment":[{"href":"https:\/\/www.electroluxprofessional.com\/cz\/wp-json\/wp\/v2\/media?parent=1402"}],"curies":[{"name":"wp","href":"https:\/\/api.w.org\/{rel}","templated":true}]}}