{"id":1320,"date":"2016-05-30T07:36:48","date_gmt":"2016-05-30T06:36:48","guid":{"rendered":"https:\/\/www.electroluxprofessional.com\/cz\/?page_id=1320"},"modified":"2020-10-01T20:16:30","modified_gmt":"2020-10-01T20:16:30","slug":"cook-and-chill","status":"publish","type":"page","link":"https:\/\/www.electroluxprofessional.com\/cz\/commercial-kitchen-equipment\/cook-and-chill\/","title":{"rendered":"Konvektomaty a zchlazova\u010de"},"content":{"rendered":"<p>[vc_row][vc_column][elx_hero_slider label_text_color=&#8221;inherit&#8221; images=&#8221;698&#8243;][elx_heading font_container=&#8221;h1&#8243; font_size=&#8221;h2&#8243; text_color=&#8221;inherit&#8221;]Konvektomaty a zchlazova\u010de<br \/>\n[\/elx_heading][vc_column_text]<\/p>\n<h4>nejsou to jen tak oby\u010dejn\u00e1 za\u0159\u00edzen\u00ed.<\/h4>\n<p>[\/vc_column_text][\/elx_hero_slider][\/vc_column][\/vc_row][vc_row][vc_column css=&#8221;.vc_custom_1474293813756{padding-top: 50px !important;padding-bottom: 50px !important;}&#8221;][elx_simple_block background_color=&#8221;inherit&#8221;][elx_heading font_size=&#8221;h4&#8243; text_color=&#8221;inherit&#8221; text_align=&#8221;text-center&#8221;]Pou\u017eit\u00ed konvektomat\u016f a zchlazova\u010d\u016f, neboli syst\u00e9m Cook&amp;Chill, zcela z\u00e1sadn\u011b zlep\u0161\u00ed V\u00e1\u0161 ka\u017edodenn\u00ed \u017eivot v kuchyni o pozvedne v\u00fdsledky Va\u0161\u00ed pr\u00e1ce o \u00farove\u0148 v\u00fd\u0161e.[\/elx_heading][\/elx_simple_block][\/vc_column][\/vc_row][vc_row full_width=&#8221;electroluxpro-full-width-no-padding&#8221;][vc_column width=&#8221;1\/2&#8243;][elx_image_block background_image=&#8221;691&#8243; minimum_height=&#8221;600px&#8221;][\/vc_column][vc_column width=&#8221;1\/2&#8243;][elx_simple_block background_color=&#8221;inherit&#8221;][elx_heading font_container=&#8221;h3&#8243; text_color=&#8221;inherit&#8221;]pro Restaurace[\/elx_heading][vc_column_text]Konvektomaty a Zchlazova\u010de\/Zmrazova\u010de od Electrolux Professional V\u00e1m pomohou v boji s ka\u017edodenn\u00edm stresem v kuchyni. Pomohou V\u00e1m stanovit rovnov\u00e1hu mezi snahou o dokonalost\u00a0skv\u011bl\u00fdch pokrm\u016f a vypjat\u00fdmi situacemi, je\u017e pramen\u00ed z maxim\u00e1ln\u00edho nasazen\u00ed, kter\u00e9 vkl\u00e1d\u00e1te do Va\u0161\u00ed pr\u00e1ce.<\/p>\n<ul>\n<li>zajist\u00ed konzistentn\u00ed kvalitu pokrmu<\/li>\n<li>zaru\u010d\u00ed spr\u00e1vn\u00e9 na\u010dasov\u00e1n\u00ed v\u00fddeje stravy<\/li>\n<li>pomohou V\u00e1m b\u00fdt v\u00edce kreativn\u00ed p\u0159i tvorb\u011b va\u0161eho menu<\/li>\n<\/ul>\n<p>[\/vc_column_text][\/elx_simple_block][\/vc_column][\/vc_row][vc_row full_width=&#8221;electroluxpro-full-width-no-padding&#8221;][vc_column width=&#8221;1\/2&#8243;][elx_simple_block background_color=&#8221;inherit&#8221;][elx_heading font_container=&#8221;h3&#8243; text_color=&#8221;inherit&#8221;]pro Hotel[\/elx_heading][vc_column_text]Dne\u0161n\u00ed hotelov\u00ed host\u00e9 maj\u00ed v\u011bt\u0161\u00ed o\u010dek\u00e1v\u00e1n\u00ed, ne\u017e kdykoliv p\u0159edt\u00edm. Cht\u011bj\u00ed, aby jim hotel nab\u00eddl rychlou pokojovou slu\u017ebu, ale z vysoce kvalitn\u00edch potravin, a nav\u00edc aby takov\u00e9 pokrmy respektovali r\u016fznorod\u00e9 specifick\u00e9 po\u017eadavky nap\u0159\u00edklad na diety \u010di r\u016fzn\u00e1 jin\u00e1 omezen\u00ed.<\/p>\n<ul>\n<li>pru\u017en\u011bj\u0161\u00ed menu<\/li>\n<li>krat\u0161\u00ed a modern\u011bj\u0161\u00ed pracovn\u00ed postupy<\/li>\n<li>m\u00e9n\u011b odpadu, krat\u0161\u00ed doby, \u00faspory energie a provozn\u00edch n\u00e1klad\u016f<\/li>\n<\/ul>\n<p>[\/vc_column_text][\/elx_simple_block][\/vc_column][vc_column width=&#8221;1\/2&#8243;][elx_image_block background_image=&#8221;692&#8243; minimum_height=&#8221;600px&#8221;][\/vc_column][\/vc_row][vc_row full_height=&#8221;yes&#8221;][vc_column width=&#8221;1\/2&#8243;][vc_single_image image=&#8221;695&#8243; img_size=&#8221;full&#8221;][\/vc_column][vc_column width=&#8221;1\/2&#8243;][vc_single_image image=&#8221;694&#8243; img_size=&#8221;large&#8221;][\/vc_column][\/vc_row][vc_row][vc_column width=&#8221;1\/2&#8243;][elx_simple_link_block link=&#8221;url:https%3A%2F%2Fprofessional.electrolux.cz%2Fcook-and-chill%2F|title:Combi%20Oven||&#8221; text_align=&#8221;text-left&#8221; text_color=&#8221;inherit&#8221; background_color=&#8221;inherit&#8221; background_hover_color=&#8221;darker-hover&#8221; extra_class=&#8221;&#8221; reveal_effect=&#8221;&#8221; reveal_duration=&#8221;&#8221; reveal_delay=&#8221;&#8221;][elx_heading font_container=&#8221;h3&#8243; text_color=&#8221;inherit&#8221;]air-o-steam TouchLine<br \/>\nkonvektomaty[\/elx_heading][vc_column_text]<strong>Konvektomaty air-o-steam Touchline<\/strong> konvektomaty reflektuj\u00ed posledn\u00ed trendy v t\u00e9to oblasti. P\u0159edstavuj\u00ed <strong>syst\u00e9m jednoduch\u00e9ho ovl\u00e1d\u00e1n\u00ed a intuitivn\u00edho va\u0159en\u00ed<\/strong> a\u0165 u\u017e se jedn\u00e1 o \u0161pi\u010dkov\u00e9 a-la-carte restaruace nebo velkokapacitn\u00ed provozy.[\/vc_column_text][\/elx_simple_link_block][elx_button button_text=&#8221;&#8230;v\u00edce o konvektomatech&#8221; button_style=&#8221;default&#8221; button_link=&#8221;url:https%3A%2F%2Fprofessional.electrolux.cz%2Fcook-and-chill%2Fcook-and-chill-combi-oven%2F|||&#8221;][\/vc_column][vc_column width=&#8221;1\/2&#8243;][elx_simple_link_block link=&#8221;Enter the link of the block&#8221; text_align=&#8221;text-left&#8221; text_color=&#8221;inherit&#8221; background_color=&#8221;inherit&#8221; background_hover_color=&#8221;darker-hover&#8221; extra_class=&#8221;&#8221; reveal_effect=&#8221;&#8221; reveal_duration=&#8221;&#8221; reveal_delay=&#8221;&#8221;][elx_heading font_container=&#8221;h3&#8243; text_color=&#8221;inherit&#8221;]air-o-chill<br \/>\nZchlazova\u010de &amp; Zmrazova\u010de<br \/>\n[\/elx_heading][vc_column_text]Zefektivn\u011bn\u00ed a optimalizace ka\u017edodenn\u00ed pr\u00e1ce ve va\u0161\u00ed kuchyni dost\u00e1v\u00e1 p\u0159i vyu\u017eit\u00ed potenci\u00e1lu syst\u00e9mu <strong>Cook&amp;Chill<\/strong> dal\u0161\u00ed rozm\u011br. Okam\u017eit\u011b zjist\u00edte, \u017ee zv\u00fd\u0161en\u00ed trvanlivosti Va\u0161ich pokrm\u016f \u010di naopak sn\u00ed\u017een\u00ed mno\u017estv\u00ed odpad\u016f a zbytk\u016f se stane tak snadnou z\u00e1le\u017eitost\u00ed jako nikdy p\u0159ed t\u00edm.[\/vc_column_text][\/elx_simple_link_block][\/vc_column][\/vc_row][vc_row][vc_column css=&#8221;.vc_custom_1474298853042{padding-top: 50px !important;padding-bottom: 50px !important;}&#8221;][elx_simple_block background_color=&#8221;inherit&#8221;][elx_heading font_container=&#8221;h3&#8243; text_color=&#8221;inherit&#8221; text_align=&#8221;text-center&#8221;]<strong>P\u0159\u00edslu\u0161enstv\u00ed pro Cook&amp;Chill<\/strong>[\/elx_heading][\/elx_simple_block][\/vc_column][\/vc_row][vc_row][vc_column width=&#8221;1\/2&#8243;][vc_single_image image=&#8221;696&#8243; img_size=&#8221;large&#8221; alignment=&#8221;center&#8221;][\/vc_column][vc_column width=&#8221;1\/2&#8243;][elx_simple_block background_color=&#8221;inherit&#8221;][vc_column_text]<\/p>\n<h3>Volcano smoker<\/h3>\n<p>Jednoduch\u00e9 \u0159e\u0161en\u00ed pro uzen\u00ed ryb, vep\u0159ov\u00e9ho, dr\u016fbe\u017ee, hov\u011bz\u00edho, s\u00fdr\u016f, zeleniny a pro n\u00edzkoteplotn\u00ed pe\u010den\u00ed s n\u00e1dechem uzen\u00e9ho.<\/p>\n<h3><\/h3>\n<p>[\/vc_column_text][\/elx_simple_block][\/vc_column][\/vc_row][vc_row][vc_column width=&#8221;1\/2&#8243;][elx_simple_block background_color=&#8221;inherit&#8221;][vc_column_text]<\/p>\n<h3><\/h3>\n<h3>Sous-Vide sonda<\/h3>\n<p>Sous-Vide sonda zaru\u010d\u00ed, \u017ee V\u00e1\u0161 pokrm, p\u0159ipravovan\u00fd ve vakuov\u00fdch s\u00e1\u010dc\u00edch, bude v\u017edy dokonale kvalitn\u00ed, prost\u011b p\u0159esn\u011b podle Va\u0161ich p\u0159edstav a o\u010dek\u00e1v\u00e1n\u00edch. Konstrukce sondy zajist\u00ed, \u017ee vakuum ze s\u00e1\u010dku nezmiz\u00ed po celou dobu p\u0159\u00edpravy v konvektomatu.[\/vc_column_text][\/elx_simple_block][\/vc_column][vc_column width=&#8221;1\/2&#8243;][vc_single_image image=&#8221;697&#8243; img_size=&#8221;large&#8221; alignment=&#8221;center&#8221;][\/vc_column][\/vc_row][vc_row][vc_column][elx_simple_block background_color=&#8221;inherit&#8221;][elx_heading font_container=&#8221;h3&#8243; text_color=&#8221;inherit&#8221; text_align=&#8221;text-center&#8221;]Prozkoumejte dal\u0161\u00ed p\u0159\u00edslu\u0161enstv\u00ed[\/elx_heading][\/elx_simple_block][elx_video_block background_image=&#8221;693&#8243; video_link=&#8221;https:\/\/www.youtube.com\/watch?v=u_2r9PxDHzI&#8221; minimum_height=&#8221;641px&#8221;][\/vc_column][\/vc_row][vc_row][vc_column][vc_empty_space height=&#8221;50px&#8221;][\/vc_column][\/vc_row][vc_row disable_element=&#8221;yes&#8221; matched_labels=&#8221;&#8221;][vc_column][elx_heading font_container=&#8221;h4&#8243; text_color=&#8221;inherit&#8221;]Zjist\u011bte, co m\u016f\u017ee Electrolux ud\u011blat pr\u00e1v\u011b pro V\u00e1s.[\/elx_heading][elx_o2000_contact_us r=&#8221;M\u00edsto pro va\u0161i zpr\u00e1vu&#8230;&#8221; s=&#8221;Po\u017eadavek z webov\u00fdch str\u00e1nek&#8221; country=&#8221;Czech Republic&#8221; l=&#8221;cz&#8221; container=&#8221;elxcontactus1497376426&#8243;][\/vc_column][\/vc_row][vc_row][vc_column][vc_empty_space height=&#8221;50px&#8221;][\/vc_column][\/vc_row]<\/p>\n","protected":false},"excerpt":{"rendered":"<p>[vc_row][vc_column][elx_hero_slider label_text_color=&#8221;inherit&#8221; images=&#8221;698&#8243;][elx_heading font_container=&#8221;h1&#8243; font_size=&#8221;h2&#8243; text_color=&#8221;inherit&#8221;]Konvektomaty a zchlazova\u010de [\/elx_heading][vc_column_text] nejsou to jen tak oby\u010dejn\u00e1 za\u0159\u00edzen\u00ed. [\/vc_column_text][\/elx_hero_slider][\/vc_column][\/vc_row][vc_row][vc_column css=&#8221;.vc_custom_1474293813756{padding-top: 50px !important;padding-bottom: 50px !important;}&#8221;][elx_simple_block background_color=&#8221;inherit&#8221;][elx_heading font_size=&#8221;h4&#8243; text_color=&#8221;inherit&#8221; text_align=&#8221;text-center&#8221;]Pou\u017eit\u00ed konvektomat\u016f a zchlazova\u010d\u016f, neboli syst\u00e9m Cook&amp;Chill, zcela z\u00e1sadn\u011b zlep\u0161\u00ed V\u00e1\u0161 ka\u017edodenn\u00ed \u017eivot v kuchyni o pozvedne v\u00fdsledky Va\u0161\u00ed pr\u00e1ce o \u00farove\u0148 v\u00fd\u0161e.[\/elx_heading][\/elx_simple_block][\/vc_column][\/vc_row][vc_row full_width=&#8221;electroluxpro-full-width-no-padding&#8221;][vc_column width=&#8221;1\/2&#8243;][elx_image_block background_image=&#8221;691&#8243; minimum_height=&#8221;600px&#8221;][\/vc_column][vc_column width=&#8221;1\/2&#8243;][elx_simple_block background_color=&#8221;inherit&#8221;][elx_heading font_container=&#8221;h3&#8243; text_color=&#8221;inherit&#8221;]pro [&hellip;]<\/p>\n","protected":false},"author":3,"featured_media":698,"parent":1155,"menu_order":0,"comment_status":"closed","ping_status":"closed","template":"","meta":{"footnotes":""},"class_list":["post-1320","page","type-page","status-publish","has-post-thumbnail","hentry"],"acf":[],"yoast_head":"<!-- This site is optimized with the Yoast SEO plugin v23.3 - https:\/\/yoast.com\/wordpress\/plugins\/seo\/ -->\n<title>Konvektomaty a zchlazova\u010de - Electrolux Professional \u010cesk\u00e1 republika<\/title>\n<meta name=\"description\" content=\"Cook and Chill oven&amp;blast chiller: a way of working that can improve life in commercial kitchens. Work leaner, healthier, more sustainable and profitable.\" \/>\n<meta name=\"robots\" content=\"index, follow, max-snippet:-1, max-image-preview:large, max-video-preview:-1\" \/>\n<link rel=\"canonical\" href=\"https:\/\/www.electroluxprofessional.com\/cz\/commercial-kitchen-equipment\/cook-and-chill\/\" \/>\n<meta property=\"og:locale\" content=\"cs_CZ\" \/>\n<meta property=\"og:type\" content=\"article\" \/>\n<meta property=\"og:title\" content=\"Konvektomaty a zchlazova\u010de - Electrolux Professional \u010cesk\u00e1 republika\" \/>\n<meta property=\"og:description\" content=\"Cook and Chill oven&amp;blast chiller: a way of working that can improve life in commercial kitchens. Work leaner, healthier, more sustainable and profitable.\" \/>\n<meta property=\"og:url\" content=\"https:\/\/www.electroluxprofessional.com\/cz\/commercial-kitchen-equipment\/cook-and-chill\/\" \/>\n<meta property=\"og:site_name\" content=\"Electrolux Professional \u010cesk\u00e1 republika\" \/>\n<meta property=\"article:publisher\" content=\"https:\/\/www.facebook.com\/electroluxprofessional\" \/>\n<meta property=\"article:modified_time\" content=\"2020-10-01T20:16:30+00:00\" \/>\n<meta property=\"og:image\" content=\"https:\/\/www.electroluxprofessional.com\/cz\/wp-content\/uploads\/2016\/05\/cook-and-chill-food-.jpg\" \/>\n\t<meta property=\"og:image:width\" content=\"1306\" \/>\n\t<meta property=\"og:image:height\" content=\"866\" \/>\n\t<meta property=\"og:image:type\" content=\"image\/jpeg\" \/>\n<meta name=\"twitter:card\" content=\"summary_large_image\" \/>\n<meta name=\"twitter:site\" content=\"@ElectroluxPro\" \/>\n<meta name=\"twitter:label1\" content=\"Odhadovan\u00e1 doba \u010dten\u00ed\" \/>\n\t<meta name=\"twitter:data1\" content=\"5 minut\" \/>\n<script type=\"application\/ld+json\" class=\"yoast-schema-graph\">{\"@context\":\"https:\/\/schema.org\",\"@graph\":[{\"@type\":\"WebPage\",\"@id\":\"https:\/\/www.electroluxprofessional.com\/cz\/commercial-kitchen-equipment\/cook-and-chill\/\",\"url\":\"https:\/\/www.electroluxprofessional.com\/cz\/commercial-kitchen-equipment\/cook-and-chill\/\",\"name\":\"Konvektomaty a zchlazova\u010de - Electrolux Professional \u010cesk\u00e1 republika\",\"isPartOf\":{\"@id\":\"https:\/\/www.electroluxprofessional.com\/cz\/#website\"},\"primaryImageOfPage\":{\"@id\":\"https:\/\/www.electroluxprofessional.com\/cz\/commercial-kitchen-equipment\/cook-and-chill\/#primaryimage\"},\"image\":{\"@id\":\"https:\/\/www.electroluxprofessional.com\/cz\/commercial-kitchen-equipment\/cook-and-chill\/#primaryimage\"},\"thumbnailUrl\":\"https:\/\/www.electroluxprofessional.com\/cz\/wp-content\/uploads\/2016\/05\/cook-and-chill-food-.jpg\",\"datePublished\":\"2016-05-30T06:36:48+00:00\",\"dateModified\":\"2020-10-01T20:16:30+00:00\",\"description\":\"Cook and Chill oven&blast chiller: a way of working that can improve life in commercial kitchens. Work leaner, healthier, more sustainable and profitable.\",\"breadcrumb\":{\"@id\":\"https:\/\/www.electroluxprofessional.com\/cz\/commercial-kitchen-equipment\/cook-and-chill\/#breadcrumb\"},\"inLanguage\":\"cs\",\"potentialAction\":[{\"@type\":\"ReadAction\",\"target\":[\"https:\/\/www.electroluxprofessional.com\/cz\/commercial-kitchen-equipment\/cook-and-chill\/\"]}]},{\"@type\":\"ImageObject\",\"inLanguage\":\"cs\",\"@id\":\"https:\/\/www.electroluxprofessional.com\/cz\/commercial-kitchen-equipment\/cook-and-chill\/#primaryimage\",\"url\":\"https:\/\/www.electroluxprofessional.com\/cz\/wp-content\/uploads\/2016\/05\/cook-and-chill-food-.jpg\",\"contentUrl\":\"https:\/\/www.electroluxprofessional.com\/cz\/wp-content\/uploads\/2016\/05\/cook-and-chill-food-.jpg\",\"width\":1306,\"height\":866,\"caption\":\"cook &amp; chill food\"},{\"@type\":\"BreadcrumbList\",\"@id\":\"https:\/\/www.electroluxprofessional.com\/cz\/commercial-kitchen-equipment\/cook-and-chill\/#breadcrumb\",\"itemListElement\":[{\"@type\":\"ListItem\",\"position\":1,\"name\":\"Home\",\"item\":\"https:\/\/www.electroluxprofessional.com\/cz\/\"},{\"@type\":\"ListItem\",\"position\":2,\"name\":\"FoodService &#8211; Gastro\",\"item\":\"https:\/\/www.electroluxprofessional.com\/cz\/commercial-kitchen-equipment\/\"},{\"@type\":\"ListItem\",\"position\":3,\"name\":\"Konvektomaty a zchlazova\u010de\"}]},{\"@type\":\"WebSite\",\"@id\":\"https:\/\/www.electroluxprofessional.com\/cz\/#website\",\"url\":\"https:\/\/www.electroluxprofessional.com\/cz\/\",\"name\":\"Electrolux Professional \u010cesk\u00e1 republika\",\"description\":\"\",\"potentialAction\":[{\"@type\":\"SearchAction\",\"target\":{\"@type\":\"EntryPoint\",\"urlTemplate\":\"https:\/\/www.electroluxprofessional.com\/cz\/?src={search_term_string}\"},\"query-input\":\"required name=search_term_string\"}],\"inLanguage\":\"cs\"}]}<\/script>\n<!-- \/ Yoast SEO plugin. -->","yoast_head_json":{"title":"Konvektomaty a zchlazova\u010de - Electrolux Professional \u010cesk\u00e1 republika","description":"Cook and Chill oven&blast chiller: a way of working that can improve life in commercial kitchens. Work leaner, healthier, more sustainable and profitable.","robots":{"index":"index","follow":"follow","max-snippet":"max-snippet:-1","max-image-preview":"max-image-preview:large","max-video-preview":"max-video-preview:-1"},"canonical":"https:\/\/www.electroluxprofessional.com\/cz\/commercial-kitchen-equipment\/cook-and-chill\/","og_locale":"cs_CZ","og_type":"article","og_title":"Konvektomaty a zchlazova\u010de - Electrolux Professional \u010cesk\u00e1 republika","og_description":"Cook and Chill oven&blast chiller: a way of working that can improve life in commercial kitchens. Work leaner, healthier, more sustainable and profitable.","og_url":"https:\/\/www.electroluxprofessional.com\/cz\/commercial-kitchen-equipment\/cook-and-chill\/","og_site_name":"Electrolux Professional \u010cesk\u00e1 republika","article_publisher":"https:\/\/www.facebook.com\/electroluxprofessional","article_modified_time":"2020-10-01T20:16:30+00:00","og_image":[{"width":1306,"height":866,"url":"https:\/\/www.electroluxprofessional.com\/cz\/wp-content\/uploads\/2016\/05\/cook-and-chill-food-.jpg","type":"image\/jpeg"}],"twitter_card":"summary_large_image","twitter_site":"@ElectroluxPro","twitter_misc":{"Odhadovan\u00e1 doba \u010dten\u00ed":"5 minut"},"schema":{"@context":"https:\/\/schema.org","@graph":[{"@type":"WebPage","@id":"https:\/\/www.electroluxprofessional.com\/cz\/commercial-kitchen-equipment\/cook-and-chill\/","url":"https:\/\/www.electroluxprofessional.com\/cz\/commercial-kitchen-equipment\/cook-and-chill\/","name":"Konvektomaty a zchlazova\u010de - Electrolux Professional \u010cesk\u00e1 republika","isPartOf":{"@id":"https:\/\/www.electroluxprofessional.com\/cz\/#website"},"primaryImageOfPage":{"@id":"https:\/\/www.electroluxprofessional.com\/cz\/commercial-kitchen-equipment\/cook-and-chill\/#primaryimage"},"image":{"@id":"https:\/\/www.electroluxprofessional.com\/cz\/commercial-kitchen-equipment\/cook-and-chill\/#primaryimage"},"thumbnailUrl":"https:\/\/www.electroluxprofessional.com\/cz\/wp-content\/uploads\/2016\/05\/cook-and-chill-food-.jpg","datePublished":"2016-05-30T06:36:48+00:00","dateModified":"2020-10-01T20:16:30+00:00","description":"Cook and Chill oven&blast chiller: a way of working that can improve life in commercial kitchens. Work leaner, healthier, more sustainable and profitable.","breadcrumb":{"@id":"https:\/\/www.electroluxprofessional.com\/cz\/commercial-kitchen-equipment\/cook-and-chill\/#breadcrumb"},"inLanguage":"cs","potentialAction":[{"@type":"ReadAction","target":["https:\/\/www.electroluxprofessional.com\/cz\/commercial-kitchen-equipment\/cook-and-chill\/"]}]},{"@type":"ImageObject","inLanguage":"cs","@id":"https:\/\/www.electroluxprofessional.com\/cz\/commercial-kitchen-equipment\/cook-and-chill\/#primaryimage","url":"https:\/\/www.electroluxprofessional.com\/cz\/wp-content\/uploads\/2016\/05\/cook-and-chill-food-.jpg","contentUrl":"https:\/\/www.electroluxprofessional.com\/cz\/wp-content\/uploads\/2016\/05\/cook-and-chill-food-.jpg","width":1306,"height":866,"caption":"cook &amp; chill food"},{"@type":"BreadcrumbList","@id":"https:\/\/www.electroluxprofessional.com\/cz\/commercial-kitchen-equipment\/cook-and-chill\/#breadcrumb","itemListElement":[{"@type":"ListItem","position":1,"name":"Home","item":"https:\/\/www.electroluxprofessional.com\/cz\/"},{"@type":"ListItem","position":2,"name":"FoodService &#8211; Gastro","item":"https:\/\/www.electroluxprofessional.com\/cz\/commercial-kitchen-equipment\/"},{"@type":"ListItem","position":3,"name":"Konvektomaty a zchlazova\u010de"}]},{"@type":"WebSite","@id":"https:\/\/www.electroluxprofessional.com\/cz\/#website","url":"https:\/\/www.electroluxprofessional.com\/cz\/","name":"Electrolux Professional \u010cesk\u00e1 republika","description":"","potentialAction":[{"@type":"SearchAction","target":{"@type":"EntryPoint","urlTemplate":"https:\/\/www.electroluxprofessional.com\/cz\/?src={search_term_string}"},"query-input":"required name=search_term_string"}],"inLanguage":"cs"}]}},"_links":{"self":[{"href":"https:\/\/www.electroluxprofessional.com\/cz\/wp-json\/wp\/v2\/pages\/1320"}],"collection":[{"href":"https:\/\/www.electroluxprofessional.com\/cz\/wp-json\/wp\/v2\/pages"}],"about":[{"href":"https:\/\/www.electroluxprofessional.com\/cz\/wp-json\/wp\/v2\/types\/page"}],"author":[{"embeddable":true,"href":"https:\/\/www.electroluxprofessional.com\/cz\/wp-json\/wp\/v2\/users\/3"}],"replies":[{"embeddable":true,"href":"https:\/\/www.electroluxprofessional.com\/cz\/wp-json\/wp\/v2\/comments?post=1320"}],"version-history":[{"count":31,"href":"https:\/\/www.electroluxprofessional.com\/cz\/wp-json\/wp\/v2\/pages\/1320\/revisions"}],"predecessor-version":[{"id":6307,"href":"https:\/\/www.electroluxprofessional.com\/cz\/wp-json\/wp\/v2\/pages\/1320\/revisions\/6307"}],"up":[{"embeddable":true,"href":"https:\/\/www.electroluxprofessional.com\/cz\/wp-json\/wp\/v2\/pages\/1155"}],"wp:featuredmedia":[{"embeddable":true,"href":"https:\/\/www.electroluxprofessional.com\/cz\/wp-json\/wp\/v2\/media\/698"}],"wp:attachment":[{"href":"https:\/\/www.electroluxprofessional.com\/cz\/wp-json\/wp\/v2\/media?parent=1320"}],"curies":[{"name":"wp","href":"https:\/\/api.w.org\/{rel}","templated":true}]}}